{"id":9732,"date":"2025-10-22T17:00:33","date_gmt":"2025-10-22T15:00:33","guid":{"rendered":"https:\/\/nanoclean24.com\/?post_type=product&#038;p=9732"},"modified":"2026-01-07T09:42:59","modified_gmt":"2026-01-07T08:42:59","slug":"nanoclean-air-concentrate-ac79x-20l-pour-le-nettoyage-le-rafraichissement-la-desenfumage-et-la-desinfection","status":"publish","type":"product","link":"https:\/\/nanoclean24.com\/fr\/produit\/nanoclean-air-concentrate-ac79x-20l-pour-le-nettoyage-le-rafraichissement-la-desenfumage-et-la-desinfection\/","title":{"rendered":"NANOCLEAN AIR Concentrate AC79X 20L, pour le nettoyage, le rafra\u00eechissement, la d\u00e9senfumage et la d\u00e9sinfection."},"content":{"rendered":"\n<h3 class=\"wp-block-heading\"><strong>NETTOYAGE, RAFRA\u00ceCHISSEMENT DE LA CLIMATISATION<\/strong><\/h3>\n\n<ul class=\"wp-block-list\">\n<li>\u00c9limine efficacement toutes les impuret\u00e9s qui peuvent affecter la qualit\u00e9 de l&rsquo;air.<\/li>\n\n\n\n<li>\u00c9limine durablement les odeurs d\u00e9sagr\u00e9ables de moisissure et l&rsquo;odeur d\u00e9sagr\u00e9able d&rsquo;humidit\u00e9.<\/li>\n\n\n\n<li>Compatible avec les mat\u00e9riaux &#8211; la solution pr\u00e9par\u00e9e \u00e0 partir du concentr\u00e9 \u00e0 une concentration de travail de 5% (1:19) avec de l&rsquo;eau est compatible<br\/>avec la plupart des m\u00e9taux, des surfaces peintes, des caoutchoucs, des plastiques, des tissus.<\/li>\n\n\n\n<li>Apr\u00e8s \u00e9vaporation, laisse une surface s\u00e8che et propre, r\u00e9sistante \u00e0 l&rsquo;attraction de la poussi\u00e8re.<\/li>\n<\/ul>\n\n<h3 class=\"wp-block-heading\"><strong>D\u00e9sinfection et \u00e9limination des moisissures dans la climatisation<\/strong><\/h3>\n\n<ul class=\"wp-block-list\">\n<li>Le seul produit avec un <strong>SPECTRE BIOCIDE COMPLET<\/strong> (Virus, Bact\u00e9ries, Champignons, Mycobact\u00e9ries, Spores jusqu&rsquo;\u00e0 15 minutes).<\/li>\n\n\n\n<li>\u00c9limine <em>Legionella pneumophila<\/em> en 1 minute.<\/li>\n\n\n\n<li>Efficacit\u00e9 test\u00e9e selon les normes europ\u00e9ennes :<br\/>EN1040, EN13727, EN1276, EN13697, EN13623, EN1275, EN1650, EN14476, EN13704, EN14348.<\/li>\n\n\n\n<li>Autorisation de mise sur le march\u00e9 du produit biocide n\u00b0 7420\/18.<\/li>\n\n\n\n<li>Certificat PZH n\u00b0 B.BK.60112.0333.2023.<\/li>\n\n\n\n<li>C&rsquo;est une nouvelle norme de s\u00e9curit\u00e9 contre les infections et les contaminations transmises par l&rsquo;air.<\/li>\n<\/ul>\n\n<h3 class=\"wp-block-heading\"><strong>\u00c9conomie<\/strong><\/h3>\n\n<ul class=\"wp-block-list\">\n<li>La d\u00e9sinfection la plus \u00e9conomique. Concentr\u00e9 appliqu\u00e9 avec de l&rsquo;eau \u00e0 une concentration de 5% (1:19).<br\/>1L de concentr\u00e9 correspond \u00e0 20L de solution pr\u00eate \u00e0 l&#8217;emploi.<\/li>\n<\/ul>\n\n<h3 class=\"wp-block-heading\"><strong>Satisfaction du client<\/strong><\/h3>\n\n<ul class=\"wp-block-list\">\n<li>Odeur agr\u00e9able et rafra\u00eechissante.<\/li>\n\n\n\n<li>Stockage et utilisation sans risque d&rsquo;incendie &#8211; produit ininflammable \u00e0 base d&rsquo;eau.<\/li>\n\n\n\n<li>Ne contient pas d&rsquo;acides, de ph\u00e9nols (dangereux pour les femmes enceintes, les animaux) ni de solvants organiques.<\/li>\n\n\n\n<li>Satisfaction totale du client &#8211; pas de r\u00e9clamations.<\/li>\n<\/ul>\n\n<p>Les produits biocides doivent \u00eatre utilis\u00e9s avec pr\u00e9caution. Lisez l&rsquo;\u00e9tiquette et les informations sur le produit avant chaque utilisation. <\/p>\n","protected":false},"excerpt":{"rendered":"<h3>Avantages<\/h3>\n<p><b><strong>\u2705 <\/strong>Fra\u00eecheur :<\/b> \u00e9limine les odeurs d\u00e9sagr\u00e9ables, laissant un parfum agr\u00e9able plus longtemps. <strong>\u2705 Fiabilit\u00e9, spectre biocide complet :<\/strong> virus, champignons, bact\u00e9ries, spores, mycobact\u00e9ries. <em>Legionella pneumophila<\/em> en 1 minute. <b><strong>\u2705 <\/strong>Efficacit\u00e9 :<\/b> confirm\u00e9e par des tests selon les normes europ\u00e9ennes : EN1040, EN13727, EN1276, EN13697, EN13623, EN1275, EN1650, EN14476, EN13704, EN14348 <b><strong>\u2705 <\/strong>Efficacit\u00e9 de nettoyage :<\/b> Gr\u00e2ce \u00e0 la base active multi-composants. <b><strong>\u2705 <\/strong>Des clients<strong>satisfaits <\/strong>:<\/b> gr\u00e2ce \u00e0 l&rsquo;efficacit\u00e9 du nettoyage et de la d\u00e9sinfection.<\/p>\n","protected":false},"featured_media":14523,"template":"","meta":{"_kad_blocks_custom_css":"","_kad_blocks_head_custom_js":"","_kad_blocks_body_custom_js":"","_kad_blocks_footer_custom_js":"","_kad_post_transparent":"","_kad_post_title":"","_kad_post_layout":"","_kad_post_sidebar_id":"","_kad_post_content_style":"","_kad_post_vertical_padding":"","_kad_post_feature":"","_kad_post_feature_position":"","_kad_post_header":false,"_kad_post_footer":false,"_kad_post_classname":""},"product_brand":[],"product_cat":[123],"product_tag":[],"class_list":{"0":"post-9732","1":"product","2":"type-product","3":"status-publish","4":"has-post-thumbnail","6":"product_cat-hvac-fr","8":"first","9":"instock","10":"taxable","11":"shipping-taxable","12":"purchasable","13":"product-type-simple","14":"entry","15":"content-bg","16":"loop-entry"},"yoast_head":"<!-- This site is optimized with the Yoast SEO plugin v27.4 - https:\/\/yoast.com\/product\/yoast-seo-wordpress\/ -->\n<title>NANOCLEAN AIR Concentrate AC79X 20L, pour le nettoyage, le rafra\u00eechissement, la d\u00e9senfumage et la d\u00e9sinfection. - NANOCLEAN<\/title>\n<meta name=\"robots\" content=\"index, follow, max-snippet:-1, max-image-preview:large, max-video-preview:-1\" \/>\n<link rel=\"canonical\" href=\"https:\/\/nanoclean24.com\/fr\/produit\/nanoclean-air-concentrate-ac79x-20l-pour-le-nettoyage-le-rafraichissement-la-desenfumage-et-la-desinfection\/\" \/>\n<meta property=\"og:locale\" content=\"fr_FR\" \/>\n<meta property=\"og:type\" content=\"article\" \/>\n<meta property=\"og:title\" content=\"NANOCLEAN AIR Concentrate AC79X 20L, pour le nettoyage, le rafra\u00eechissement, la d\u00e9senfumage et la d\u00e9sinfection. - NANOCLEAN\" \/>\n<meta property=\"og:description\" content=\"Avantages \u2705 Fra\u00eecheur : \u00e9limine les odeurs d\u00e9sagr\u00e9ables, laissant un parfum agr\u00e9able plus longtemps. \u2705 Fiabilit\u00e9, spectre biocide complet : virus, champignons, bact\u00e9ries, spores, mycobact\u00e9ries. Legionella pneumophila en 1 minute. \u2705 Efficacit\u00e9 : confirm\u00e9e par des tests selon les normes europ\u00e9ennes : EN1040, EN13727, EN1276, EN13697, EN13623, EN1275, EN1650, EN14476, EN13704, EN14348 \u2705 Efficacit\u00e9 de nettoyage : Gr\u00e2ce \u00e0 la base active multi-composants. \u2705 Des clientssatisfaits : gr\u00e2ce \u00e0 l&#039;efficacit\u00e9 du nettoyage et de la d\u00e9sinfection.\" \/>\n<meta property=\"og:url\" content=\"https:\/\/nanoclean24.com\/fr\/produit\/nanoclean-air-concentrate-ac79x-20l-pour-le-nettoyage-le-rafraichissement-la-desenfumage-et-la-desinfection\/\" \/>\n<meta property=\"og:site_name\" content=\"NANOCLEAN\" \/>\n<meta property=\"article:modified_time\" content=\"2026-01-07T08:42:59+00:00\" \/>\n<meta name=\"twitter:card\" content=\"summary_large_image\" \/>\n<meta name=\"twitter:label1\" content=\"Dur\u00e9e de lecture estim\u00e9e\" \/>\n\t<meta name=\"twitter:data1\" content=\"1 minute\" \/>\n<script type=\"application\/ld+json\" class=\"yoast-schema-graph\">{\"@context\":\"https:\\\/\\\/schema.org\",\"@graph\":[{\"@type\":\"WebPage\",\"@id\":\"https:\\\/\\\/nanoclean24.com\\\/fr\\\/produit\\\/nanoclean-air-concentrate-ac79x-20l-pour-le-nettoyage-le-rafraichissement-la-desenfumage-et-la-desinfection\\\/\",\"url\":\"https:\\\/\\\/nanoclean24.com\\\/fr\\\/produit\\\/nanoclean-air-concentrate-ac79x-20l-pour-le-nettoyage-le-rafraichissement-la-desenfumage-et-la-desinfection\\\/\",\"name\":\"NANOCLEAN AIR Concentrate AC79X 20L, pour le nettoyage, le rafra\u00eechissement, la d\u00e9senfumage et la d\u00e9sinfection. - NANOCLEAN\",\"isPartOf\":{\"@id\":\"https:\\\/\\\/nanoclean24.com\\\/fr\\\/#website\"},\"primaryImageOfPage\":{\"@id\":\"https:\\\/\\\/nanoclean24.com\\\/fr\\\/produit\\\/nanoclean-air-concentrate-ac79x-20l-pour-le-nettoyage-le-rafraichissement-la-desenfumage-et-la-desinfection\\\/#primaryimage\"},\"image\":{\"@id\":\"https:\\\/\\\/nanoclean24.com\\\/fr\\\/produit\\\/nanoclean-air-concentrate-ac79x-20l-pour-le-nettoyage-le-rafraichissement-la-desenfumage-et-la-desinfection\\\/#primaryimage\"},\"thumbnailUrl\":\"https:\\\/\\\/nanoclean24.com\\\/wp-content\\\/uploads\\\/2025\\\/10\\\/20l-granatowe1-5.png\",\"datePublished\":\"2025-10-22T15:00:33+00:00\",\"dateModified\":\"2026-01-07T08:42:59+00:00\",\"breadcrumb\":{\"@id\":\"https:\\\/\\\/nanoclean24.com\\\/fr\\\/produit\\\/nanoclean-air-concentrate-ac79x-20l-pour-le-nettoyage-le-rafraichissement-la-desenfumage-et-la-desinfection\\\/#breadcrumb\"},\"inLanguage\":\"fr-FR\",\"potentialAction\":[{\"@type\":\"ReadAction\",\"target\":[\"https:\\\/\\\/nanoclean24.com\\\/fr\\\/produit\\\/nanoclean-air-concentrate-ac79x-20l-pour-le-nettoyage-le-rafraichissement-la-desenfumage-et-la-desinfection\\\/\"]}]},{\"@type\":\"ImageObject\",\"inLanguage\":\"fr-FR\",\"@id\":\"https:\\\/\\\/nanoclean24.com\\\/fr\\\/produit\\\/nanoclean-air-concentrate-ac79x-20l-pour-le-nettoyage-le-rafraichissement-la-desenfumage-et-la-desinfection\\\/#primaryimage\",\"url\":\"https:\\\/\\\/nanoclean24.com\\\/wp-content\\\/uploads\\\/2025\\\/10\\\/20l-granatowe1-5.png\",\"contentUrl\":\"https:\\\/\\\/nanoclean24.com\\\/wp-content\\\/uploads\\\/2025\\\/10\\\/20l-granatowe1-5.png\",\"width\":1536,\"height\":1536},{\"@type\":\"BreadcrumbList\",\"@id\":\"https:\\\/\\\/nanoclean24.com\\\/fr\\\/produit\\\/nanoclean-air-concentrate-ac79x-20l-pour-le-nettoyage-le-rafraichissement-la-desenfumage-et-la-desinfection\\\/#breadcrumb\",\"itemListElement\":[{\"@type\":\"ListItem\",\"position\":1,\"name\":\"Strona g\u0142\u00f3wna\",\"item\":\"https:\\\/\\\/nanoclean24.com\\\/fr\\\/\"},{\"@type\":\"ListItem\",\"position\":2,\"name\":\"Boutique\",\"item\":\"https:\\\/\\\/nanoclean24.com\\\/shop\\\/\"},{\"@type\":\"ListItem\",\"position\":3,\"name\":\"NANOCLEAN AIR Concentrate AC79X 20L, pour le nettoyage, le rafra\u00eechissement, la d\u00e9senfumage et la d\u00e9sinfection.\"}]},{\"@type\":\"WebSite\",\"@id\":\"https:\\\/\\\/nanoclean24.com\\\/fr\\\/#website\",\"url\":\"https:\\\/\\\/nanoclean24.com\\\/fr\\\/\",\"name\":\"NanoClean\",\"description\":\"\",\"publisher\":{\"@id\":\"https:\\\/\\\/nanoclean24.com\\\/fr\\\/#organization\"},\"potentialAction\":[{\"@type\":\"SearchAction\",\"target\":{\"@type\":\"EntryPoint\",\"urlTemplate\":\"https:\\\/\\\/nanoclean24.com\\\/fr\\\/?s={search_term_string}\"},\"query-input\":{\"@type\":\"PropertyValueSpecification\",\"valueRequired\":true,\"valueName\":\"search_term_string\"}}],\"inLanguage\":\"fr-FR\"},{\"@type\":\"Organization\",\"@id\":\"https:\\\/\\\/nanoclean24.com\\\/fr\\\/#organization\",\"name\":\"NanoClean\",\"url\":\"https:\\\/\\\/nanoclean24.com\\\/fr\\\/\",\"logo\":{\"@type\":\"ImageObject\",\"inLanguage\":\"fr-FR\",\"@id\":\"https:\\\/\\\/nanoclean24.com\\\/fr\\\/#\\\/schema\\\/logo\\\/image\\\/\",\"url\":\"https:\\\/\\\/nanoclean24.com\\\/wp-content\\\/uploads\\\/2025\\\/07\\\/logo-2.jpg\",\"contentUrl\":\"https:\\\/\\\/nanoclean24.com\\\/wp-content\\\/uploads\\\/2025\\\/07\\\/logo-2.jpg\",\"width\":1068,\"height\":224,\"caption\":\"NanoClean\"},\"image\":{\"@id\":\"https:\\\/\\\/nanoclean24.com\\\/fr\\\/#\\\/schema\\\/logo\\\/image\\\/\"}}]}<\/script>\n<!-- \/ Yoast SEO plugin. -->","yoast_head_json":{"title":"NANOCLEAN AIR Concentrate AC79X 20L, pour le nettoyage, le rafra\u00eechissement, la d\u00e9senfumage et la d\u00e9sinfection. - NANOCLEAN","robots":{"index":"index","follow":"follow","max-snippet":"max-snippet:-1","max-image-preview":"max-image-preview:large","max-video-preview":"max-video-preview:-1"},"canonical":"https:\/\/nanoclean24.com\/fr\/produit\/nanoclean-air-concentrate-ac79x-20l-pour-le-nettoyage-le-rafraichissement-la-desenfumage-et-la-desinfection\/","og_locale":"fr_FR","og_type":"article","og_title":"NANOCLEAN AIR Concentrate AC79X 20L, pour le nettoyage, le rafra\u00eechissement, la d\u00e9senfumage et la d\u00e9sinfection. - NANOCLEAN","og_description":"Avantages \u2705 Fra\u00eecheur : \u00e9limine les odeurs d\u00e9sagr\u00e9ables, laissant un parfum agr\u00e9able plus longtemps. \u2705 Fiabilit\u00e9, spectre biocide complet : virus, champignons, bact\u00e9ries, spores, mycobact\u00e9ries. Legionella pneumophila en 1 minute. \u2705 Efficacit\u00e9 : confirm\u00e9e par des tests selon les normes europ\u00e9ennes : EN1040, EN13727, EN1276, EN13697, EN13623, EN1275, EN1650, EN14476, EN13704, EN14348 \u2705 Efficacit\u00e9 de nettoyage : Gr\u00e2ce \u00e0 la base active multi-composants. \u2705 Des clientssatisfaits : gr\u00e2ce \u00e0 l'efficacit\u00e9 du nettoyage et de la d\u00e9sinfection.","og_url":"https:\/\/nanoclean24.com\/fr\/produit\/nanoclean-air-concentrate-ac79x-20l-pour-le-nettoyage-le-rafraichissement-la-desenfumage-et-la-desinfection\/","og_site_name":"NANOCLEAN","article_modified_time":"2026-01-07T08:42:59+00:00","twitter_card":"summary_large_image","twitter_misc":{"Dur\u00e9e de lecture estim\u00e9e":"1 minute"},"schema":{"@context":"https:\/\/schema.org","@graph":[{"@type":"WebPage","@id":"https:\/\/nanoclean24.com\/fr\/produit\/nanoclean-air-concentrate-ac79x-20l-pour-le-nettoyage-le-rafraichissement-la-desenfumage-et-la-desinfection\/","url":"https:\/\/nanoclean24.com\/fr\/produit\/nanoclean-air-concentrate-ac79x-20l-pour-le-nettoyage-le-rafraichissement-la-desenfumage-et-la-desinfection\/","name":"NANOCLEAN AIR Concentrate AC79X 20L, pour le nettoyage, le rafra\u00eechissement, la d\u00e9senfumage et la d\u00e9sinfection. - NANOCLEAN","isPartOf":{"@id":"https:\/\/nanoclean24.com\/fr\/#website"},"primaryImageOfPage":{"@id":"https:\/\/nanoclean24.com\/fr\/produit\/nanoclean-air-concentrate-ac79x-20l-pour-le-nettoyage-le-rafraichissement-la-desenfumage-et-la-desinfection\/#primaryimage"},"image":{"@id":"https:\/\/nanoclean24.com\/fr\/produit\/nanoclean-air-concentrate-ac79x-20l-pour-le-nettoyage-le-rafraichissement-la-desenfumage-et-la-desinfection\/#primaryimage"},"thumbnailUrl":"https:\/\/nanoclean24.com\/wp-content\/uploads\/2025\/10\/20l-granatowe1-5.png","datePublished":"2025-10-22T15:00:33+00:00","dateModified":"2026-01-07T08:42:59+00:00","breadcrumb":{"@id":"https:\/\/nanoclean24.com\/fr\/produit\/nanoclean-air-concentrate-ac79x-20l-pour-le-nettoyage-le-rafraichissement-la-desenfumage-et-la-desinfection\/#breadcrumb"},"inLanguage":"fr-FR","potentialAction":[{"@type":"ReadAction","target":["https:\/\/nanoclean24.com\/fr\/produit\/nanoclean-air-concentrate-ac79x-20l-pour-le-nettoyage-le-rafraichissement-la-desenfumage-et-la-desinfection\/"]}]},{"@type":"ImageObject","inLanguage":"fr-FR","@id":"https:\/\/nanoclean24.com\/fr\/produit\/nanoclean-air-concentrate-ac79x-20l-pour-le-nettoyage-le-rafraichissement-la-desenfumage-et-la-desinfection\/#primaryimage","url":"https:\/\/nanoclean24.com\/wp-content\/uploads\/2025\/10\/20l-granatowe1-5.png","contentUrl":"https:\/\/nanoclean24.com\/wp-content\/uploads\/2025\/10\/20l-granatowe1-5.png","width":1536,"height":1536},{"@type":"BreadcrumbList","@id":"https:\/\/nanoclean24.com\/fr\/produit\/nanoclean-air-concentrate-ac79x-20l-pour-le-nettoyage-le-rafraichissement-la-desenfumage-et-la-desinfection\/#breadcrumb","itemListElement":[{"@type":"ListItem","position":1,"name":"Strona g\u0142\u00f3wna","item":"https:\/\/nanoclean24.com\/fr\/"},{"@type":"ListItem","position":2,"name":"Boutique","item":"https:\/\/nanoclean24.com\/shop\/"},{"@type":"ListItem","position":3,"name":"NANOCLEAN AIR Concentrate AC79X 20L, pour le nettoyage, le rafra\u00eechissement, la d\u00e9senfumage et la d\u00e9sinfection."}]},{"@type":"WebSite","@id":"https:\/\/nanoclean24.com\/fr\/#website","url":"https:\/\/nanoclean24.com\/fr\/","name":"NanoClean","description":"","publisher":{"@id":"https:\/\/nanoclean24.com\/fr\/#organization"},"potentialAction":[{"@type":"SearchAction","target":{"@type":"EntryPoint","urlTemplate":"https:\/\/nanoclean24.com\/fr\/?s={search_term_string}"},"query-input":{"@type":"PropertyValueSpecification","valueRequired":true,"valueName":"search_term_string"}}],"inLanguage":"fr-FR"},{"@type":"Organization","@id":"https:\/\/nanoclean24.com\/fr\/#organization","name":"NanoClean","url":"https:\/\/nanoclean24.com\/fr\/","logo":{"@type":"ImageObject","inLanguage":"fr-FR","@id":"https:\/\/nanoclean24.com\/fr\/#\/schema\/logo\/image\/","url":"https:\/\/nanoclean24.com\/wp-content\/uploads\/2025\/07\/logo-2.jpg","contentUrl":"https:\/\/nanoclean24.com\/wp-content\/uploads\/2025\/07\/logo-2.jpg","width":1068,"height":224,"caption":"NanoClean"},"image":{"@id":"https:\/\/nanoclean24.com\/fr\/#\/schema\/logo\/image\/"}}]}},"taxonomy_info":{"product_cat":[{"value":123,"label":"HVAC PRO"}]},"featured_image_src_large":["https:\/\/nanoclean24.com\/wp-content\/uploads\/2025\/10\/20l-granatowe1-5-1024x1024.png",1024,1024,true],"author_info":[],"comment_info":"","_links":{"self":[{"href":"https:\/\/nanoclean24.com\/fr\/wp-json\/wp\/v2\/product\/9732","targetHints":{"allow":["GET"]}}],"collection":[{"href":"https:\/\/nanoclean24.com\/fr\/wp-json\/wp\/v2\/product"}],"about":[{"href":"https:\/\/nanoclean24.com\/fr\/wp-json\/wp\/v2\/types\/product"}],"wp:featuredmedia":[{"embeddable":true,"href":"https:\/\/nanoclean24.com\/fr\/wp-json\/wp\/v2\/media\/14523"}],"wp:attachment":[{"href":"https:\/\/nanoclean24.com\/fr\/wp-json\/wp\/v2\/media?parent=9732"}],"wp:term":[{"taxonomy":"product_brand","embeddable":true,"href":"https:\/\/nanoclean24.com\/fr\/wp-json\/wp\/v2\/product_brand?post=9732"},{"taxonomy":"product_cat","embeddable":true,"href":"https:\/\/nanoclean24.com\/fr\/wp-json\/wp\/v2\/product_cat?post=9732"},{"taxonomy":"product_tag","embeddable":true,"href":"https:\/\/nanoclean24.com\/fr\/wp-json\/wp\/v2\/product_tag?post=9732"}],"curies":[{"name":"wp","href":"https:\/\/api.w.org\/{rel}","templated":true}]}}