{"id":9715,"date":"2025-10-22T16:39:15","date_gmt":"2025-10-22T14:39:15","guid":{"rendered":"https:\/\/nanoclean24.com\/?post_type=product&#038;p=9715"},"modified":"2026-02-27T13:17:36","modified_gmt":"2026-02-27T12:17:36","slug":"u807x-ac-wash-concentrate-5kg","status":"publish","type":"product","link":"https:\/\/nanoclean24.com\/fr\/produit\/u807x-ac-wash-concentrate-5kg\/","title":{"rendered":"U807X AC WASH CONCENTRATE 5KG"},"content":{"rendered":"\n<p>Concentr\u00e9 de nettoyage haute performance \u00e0 base d&rsquo;agrumes pour le nettoyage des unit\u00e9s de conditionnement d&rsquo;air int\u00e9rieures et ext\u00e9rieures sans utilisation d&rsquo;eau. Id\u00e9al pour une utilisation quotidienne dans le cadre du service HVAC et de l&rsquo;entretien des syst\u00e8mes de climatisation dans les installations industrielles. En fonction de l&rsquo;encrassement, diluer le produit avec de l&rsquo;eau. Appliquer \u00e0 l&rsquo;aide d&rsquo;un pulv\u00e9risateur ou d&rsquo;un canon \u00e0 mousse.   <\/p>\n","protected":false},"excerpt":{"rendered":"<h3 class=\"text-xl font-bold text-text-100 mt-1 -mb-0.5\">Avantages<\/h3>\n<p class=\"whitespace-normal break-words\"><strong>FORMULE SUPER CONCENTR\u00c9E<\/strong> &#8211; Une solution \u00e9conomique pour des performances \u00e9lev\u00e9es avec une consommation minimale de produit.<\/p>\n<p class=\"whitespace-normal break-words\">\u2705 <strong>NETTOYAGE<\/strong> EXTERNE <strong>ET INTERNE<\/strong> VERSATILE &#8211; Id\u00e9al pour une vari\u00e9t\u00e9 d&rsquo;applications, fournissant un nettoyage efficace.<\/p>\n<p class=\"whitespace-normal break-words\"><strong>\u2705 EFFICACE SUR LES SYST\u00c8MES DE VENTILATION<\/strong> ET DE CLIMATISATION &#8211; Sp\u00e9cialement con\u00e7u pour nettoyer les syst\u00e8mes de ventilation et de climatisation.<\/p>\n<p class=\"whitespace-normal break-words\">\u2705 <strong>PAS DE D\u00c9CHETS NI DE R\u00c9SIDUS<\/strong> &#8211; Garantit des surfaces propres sans r\u00e9sidus ind\u00e9sirables.<\/p>\n<p class=\"whitespace-normal break-words\">\u2705 <strong>CONFORTABLE AVEC LES<\/strong> SURFACES <strong>MULTIPLES<\/strong> &#8211; S\u00fbr pour une utilisation sur une vari\u00e9t\u00e9 de mat\u00e9riaux sans risque d&rsquo;endommagement.<\/p>\n<p class=\"whitespace-normal break-words\">\u2705 <strong>CONTIENT DES INHIBITEURS DE CORROSION<\/strong> &#8211; Prot\u00e8ge les surfaces m\u00e9talliques de la rouille et de la corrosion pendant le nettoyage.<\/p>\n<p class=\"whitespace-normal break-words\"><strong>M\u00e9langer avec de l&rsquo;eau \u00e0 une concentration de 1-25%<\/strong> &#8211; Dosage flexible adapt\u00e9 au degr\u00e9 de salissure.<\/p>\n<p class=\"whitespace-normal break-words\">RIN\u00c7AGE A <strong>L<\/strong> &lsquo;EAU &#8211; Rincer abondamment \u00e0 l&rsquo;eau claire apr\u00e8s l&rsquo;application pour obtenir des r\u00e9sultats optimaux.<\/p>\n","protected":false},"featured_media":9391,"template":"","meta":{"_kad_blocks_custom_css":"","_kad_blocks_head_custom_js":"","_kad_blocks_body_custom_js":"","_kad_blocks_footer_custom_js":"","_kad_post_transparent":"","_kad_post_title":"","_kad_post_layout":"","_kad_post_sidebar_id":"","_kad_post_content_style":"","_kad_post_vertical_padding":"","_kad_post_feature":"","_kad_post_feature_position":"","_kad_post_header":false,"_kad_post_footer":false,"_kad_post_classname":""},"product_brand":[],"product_cat":[123],"product_tag":[],"class_list":{"0":"post-9715","1":"product","2":"type-product","3":"status-publish","4":"has-post-thumbnail","6":"product_cat-hvac-fr","8":"first","9":"instock","10":"taxable","11":"shipping-taxable","12":"product-type-simple","13":"entry","14":"content-bg","15":"loop-entry"},"yoast_head":"<!-- This site is optimized with the Yoast SEO plugin v27.4 - https:\/\/yoast.com\/product\/yoast-seo-wordpress\/ -->\n<title>U807X AC WASH CONCENTRATE 5KG - NANOCLEAN<\/title>\n<meta name=\"robots\" content=\"index, follow, max-snippet:-1, max-image-preview:large, max-video-preview:-1\" \/>\n<link rel=\"canonical\" href=\"https:\/\/nanoclean24.com\/fr\/produit\/u807x-ac-wash-concentrate-5kg\/\" \/>\n<meta property=\"og:locale\" content=\"fr_FR\" \/>\n<meta property=\"og:type\" content=\"article\" \/>\n<meta property=\"og:title\" content=\"U807X AC WASH CONCENTRATE 5KG - NANOCLEAN\" \/>\n<meta property=\"og:description\" content=\"Avantages FORMULE SUPER CONCENTR\u00c9E - Une solution \u00e9conomique pour des performances \u00e9lev\u00e9es avec une consommation minimale de produit. \u2705 NETTOYAGE EXTERNE ET INTERNE VERSATILE - Id\u00e9al pour une vari\u00e9t\u00e9 d&#039;applications, fournissant un nettoyage efficace. \u2705 EFFICACE SUR LES SYST\u00c8MES DE VENTILATION ET DE CLIMATISATION - Sp\u00e9cialement con\u00e7u pour nettoyer les syst\u00e8mes de ventilation et de climatisation. \u2705 PAS DE D\u00c9CHETS NI DE R\u00c9SIDUS - Garantit des surfaces propres sans r\u00e9sidus ind\u00e9sirables. \u2705 CONFORTABLE AVEC LES SURFACES MULTIPLES - S\u00fbr pour une utilisation sur une vari\u00e9t\u00e9 de mat\u00e9riaux sans risque d&#039;endommagement. \u2705 CONTIENT DES INHIBITEURS DE CORROSION - Prot\u00e8ge les surfaces m\u00e9talliques de la rouille et de la corrosion pendant le nettoyage. M\u00e9langer avec de l&#039;eau \u00e0 une concentration de 1-25% - Dosage flexible adapt\u00e9 au degr\u00e9 de salissure. RIN\u00c7AGE A L &#039;EAU - Rincer abondamment \u00e0 l&#039;eau claire apr\u00e8s l&#039;application pour obtenir des r\u00e9sultats optimaux.\" \/>\n<meta property=\"og:url\" content=\"https:\/\/nanoclean24.com\/fr\/produit\/u807x-ac-wash-concentrate-5kg\/\" \/>\n<meta property=\"og:site_name\" content=\"NANOCLEAN\" \/>\n<meta property=\"article:modified_time\" content=\"2026-02-27T12:17:36+00:00\" \/>\n<meta property=\"og:image\" content=\"https:\/\/nanoclean24.com\/wp-content\/uploads\/2025\/10\/u807x-1.png\" \/>\n\t<meta property=\"og:image:width\" content=\"1010\" \/>\n\t<meta property=\"og:image:height\" content=\"1010\" \/>\n\t<meta property=\"og:image:type\" content=\"image\/png\" \/>\n<meta name=\"twitter:card\" content=\"summary_large_image\" \/>\n<script type=\"application\/ld+json\" class=\"yoast-schema-graph\">{\"@context\":\"https:\\\/\\\/schema.org\",\"@graph\":[{\"@type\":\"WebPage\",\"@id\":\"https:\\\/\\\/nanoclean24.com\\\/fr\\\/produit\\\/u807x-ac-wash-concentrate-5kg\\\/\",\"url\":\"https:\\\/\\\/nanoclean24.com\\\/fr\\\/produit\\\/u807x-ac-wash-concentrate-5kg\\\/\",\"name\":\"U807X AC WASH CONCENTRATE 5KG - NANOCLEAN\",\"isPartOf\":{\"@id\":\"https:\\\/\\\/nanoclean24.com\\\/fr\\\/#website\"},\"primaryImageOfPage\":{\"@id\":\"https:\\\/\\\/nanoclean24.com\\\/fr\\\/produit\\\/u807x-ac-wash-concentrate-5kg\\\/#primaryimage\"},\"image\":{\"@id\":\"https:\\\/\\\/nanoclean24.com\\\/fr\\\/produit\\\/u807x-ac-wash-concentrate-5kg\\\/#primaryimage\"},\"thumbnailUrl\":\"https:\\\/\\\/nanoclean24.com\\\/wp-content\\\/uploads\\\/2025\\\/10\\\/u807x-1.png\",\"datePublished\":\"2025-10-22T14:39:15+00:00\",\"dateModified\":\"2026-02-27T12:17:36+00:00\",\"breadcrumb\":{\"@id\":\"https:\\\/\\\/nanoclean24.com\\\/fr\\\/produit\\\/u807x-ac-wash-concentrate-5kg\\\/#breadcrumb\"},\"inLanguage\":\"fr-FR\",\"potentialAction\":[{\"@type\":\"ReadAction\",\"target\":[\"https:\\\/\\\/nanoclean24.com\\\/fr\\\/produit\\\/u807x-ac-wash-concentrate-5kg\\\/\"]}]},{\"@type\":\"ImageObject\",\"inLanguage\":\"fr-FR\",\"@id\":\"https:\\\/\\\/nanoclean24.com\\\/fr\\\/produit\\\/u807x-ac-wash-concentrate-5kg\\\/#primaryimage\",\"url\":\"https:\\\/\\\/nanoclean24.com\\\/wp-content\\\/uploads\\\/2025\\\/10\\\/u807x-1.png\",\"contentUrl\":\"https:\\\/\\\/nanoclean24.com\\\/wp-content\\\/uploads\\\/2025\\\/10\\\/u807x-1.png\",\"width\":1010,\"height\":1010},{\"@type\":\"BreadcrumbList\",\"@id\":\"https:\\\/\\\/nanoclean24.com\\\/fr\\\/produit\\\/u807x-ac-wash-concentrate-5kg\\\/#breadcrumb\",\"itemListElement\":[{\"@type\":\"ListItem\",\"position\":1,\"name\":\"Strona g\u0142\u00f3wna\",\"item\":\"https:\\\/\\\/nanoclean24.com\\\/fr\\\/\"},{\"@type\":\"ListItem\",\"position\":2,\"name\":\"Boutique\",\"item\":\"https:\\\/\\\/nanoclean24.com\\\/shop\\\/\"},{\"@type\":\"ListItem\",\"position\":3,\"name\":\"U807X AC WASH CONCENTRATE 5KG\"}]},{\"@type\":\"WebSite\",\"@id\":\"https:\\\/\\\/nanoclean24.com\\\/fr\\\/#website\",\"url\":\"https:\\\/\\\/nanoclean24.com\\\/fr\\\/\",\"name\":\"NanoClean\",\"description\":\"\",\"publisher\":{\"@id\":\"https:\\\/\\\/nanoclean24.com\\\/fr\\\/#organization\"},\"potentialAction\":[{\"@type\":\"SearchAction\",\"target\":{\"@type\":\"EntryPoint\",\"urlTemplate\":\"https:\\\/\\\/nanoclean24.com\\\/fr\\\/?s={search_term_string}\"},\"query-input\":{\"@type\":\"PropertyValueSpecification\",\"valueRequired\":true,\"valueName\":\"search_term_string\"}}],\"inLanguage\":\"fr-FR\"},{\"@type\":\"Organization\",\"@id\":\"https:\\\/\\\/nanoclean24.com\\\/fr\\\/#organization\",\"name\":\"NanoClean\",\"url\":\"https:\\\/\\\/nanoclean24.com\\\/fr\\\/\",\"logo\":{\"@type\":\"ImageObject\",\"inLanguage\":\"fr-FR\",\"@id\":\"https:\\\/\\\/nanoclean24.com\\\/fr\\\/#\\\/schema\\\/logo\\\/image\\\/\",\"url\":\"https:\\\/\\\/nanoclean24.com\\\/wp-content\\\/uploads\\\/2025\\\/07\\\/logo-2.jpg\",\"contentUrl\":\"https:\\\/\\\/nanoclean24.com\\\/wp-content\\\/uploads\\\/2025\\\/07\\\/logo-2.jpg\",\"width\":1068,\"height\":224,\"caption\":\"NanoClean\"},\"image\":{\"@id\":\"https:\\\/\\\/nanoclean24.com\\\/fr\\\/#\\\/schema\\\/logo\\\/image\\\/\"}}]}<\/script>\n<!-- \/ Yoast SEO plugin. -->","yoast_head_json":{"title":"U807X AC WASH CONCENTRATE 5KG - NANOCLEAN","robots":{"index":"index","follow":"follow","max-snippet":"max-snippet:-1","max-image-preview":"max-image-preview:large","max-video-preview":"max-video-preview:-1"},"canonical":"https:\/\/nanoclean24.com\/fr\/produit\/u807x-ac-wash-concentrate-5kg\/","og_locale":"fr_FR","og_type":"article","og_title":"U807X AC WASH CONCENTRATE 5KG - NANOCLEAN","og_description":"Avantages FORMULE SUPER CONCENTR\u00c9E - Une solution \u00e9conomique pour des performances \u00e9lev\u00e9es avec une consommation minimale de produit. \u2705 NETTOYAGE EXTERNE ET INTERNE VERSATILE - Id\u00e9al pour une vari\u00e9t\u00e9 d'applications, fournissant un nettoyage efficace. \u2705 EFFICACE SUR LES SYST\u00c8MES DE VENTILATION ET DE CLIMATISATION - Sp\u00e9cialement con\u00e7u pour nettoyer les syst\u00e8mes de ventilation et de climatisation. \u2705 PAS DE D\u00c9CHETS NI DE R\u00c9SIDUS - Garantit des surfaces propres sans r\u00e9sidus ind\u00e9sirables. \u2705 CONFORTABLE AVEC LES SURFACES MULTIPLES - S\u00fbr pour une utilisation sur une vari\u00e9t\u00e9 de mat\u00e9riaux sans risque d'endommagement. \u2705 CONTIENT DES INHIBITEURS DE CORROSION - Prot\u00e8ge les surfaces m\u00e9talliques de la rouille et de la corrosion pendant le nettoyage. M\u00e9langer avec de l'eau \u00e0 une concentration de 1-25% - Dosage flexible adapt\u00e9 au degr\u00e9 de salissure. RIN\u00c7AGE A L 'EAU - Rincer abondamment \u00e0 l'eau claire apr\u00e8s l'application pour obtenir des r\u00e9sultats optimaux.","og_url":"https:\/\/nanoclean24.com\/fr\/produit\/u807x-ac-wash-concentrate-5kg\/","og_site_name":"NANOCLEAN","article_modified_time":"2026-02-27T12:17:36+00:00","og_image":[{"width":1010,"height":1010,"url":"https:\/\/nanoclean24.com\/wp-content\/uploads\/2025\/10\/u807x-1.png","type":"image\/png"}],"twitter_card":"summary_large_image","schema":{"@context":"https:\/\/schema.org","@graph":[{"@type":"WebPage","@id":"https:\/\/nanoclean24.com\/fr\/produit\/u807x-ac-wash-concentrate-5kg\/","url":"https:\/\/nanoclean24.com\/fr\/produit\/u807x-ac-wash-concentrate-5kg\/","name":"U807X AC WASH CONCENTRATE 5KG - NANOCLEAN","isPartOf":{"@id":"https:\/\/nanoclean24.com\/fr\/#website"},"primaryImageOfPage":{"@id":"https:\/\/nanoclean24.com\/fr\/produit\/u807x-ac-wash-concentrate-5kg\/#primaryimage"},"image":{"@id":"https:\/\/nanoclean24.com\/fr\/produit\/u807x-ac-wash-concentrate-5kg\/#primaryimage"},"thumbnailUrl":"https:\/\/nanoclean24.com\/wp-content\/uploads\/2025\/10\/u807x-1.png","datePublished":"2025-10-22T14:39:15+00:00","dateModified":"2026-02-27T12:17:36+00:00","breadcrumb":{"@id":"https:\/\/nanoclean24.com\/fr\/produit\/u807x-ac-wash-concentrate-5kg\/#breadcrumb"},"inLanguage":"fr-FR","potentialAction":[{"@type":"ReadAction","target":["https:\/\/nanoclean24.com\/fr\/produit\/u807x-ac-wash-concentrate-5kg\/"]}]},{"@type":"ImageObject","inLanguage":"fr-FR","@id":"https:\/\/nanoclean24.com\/fr\/produit\/u807x-ac-wash-concentrate-5kg\/#primaryimage","url":"https:\/\/nanoclean24.com\/wp-content\/uploads\/2025\/10\/u807x-1.png","contentUrl":"https:\/\/nanoclean24.com\/wp-content\/uploads\/2025\/10\/u807x-1.png","width":1010,"height":1010},{"@type":"BreadcrumbList","@id":"https:\/\/nanoclean24.com\/fr\/produit\/u807x-ac-wash-concentrate-5kg\/#breadcrumb","itemListElement":[{"@type":"ListItem","position":1,"name":"Strona g\u0142\u00f3wna","item":"https:\/\/nanoclean24.com\/fr\/"},{"@type":"ListItem","position":2,"name":"Boutique","item":"https:\/\/nanoclean24.com\/shop\/"},{"@type":"ListItem","position":3,"name":"U807X AC WASH CONCENTRATE 5KG"}]},{"@type":"WebSite","@id":"https:\/\/nanoclean24.com\/fr\/#website","url":"https:\/\/nanoclean24.com\/fr\/","name":"NanoClean","description":"","publisher":{"@id":"https:\/\/nanoclean24.com\/fr\/#organization"},"potentialAction":[{"@type":"SearchAction","target":{"@type":"EntryPoint","urlTemplate":"https:\/\/nanoclean24.com\/fr\/?s={search_term_string}"},"query-input":{"@type":"PropertyValueSpecification","valueRequired":true,"valueName":"search_term_string"}}],"inLanguage":"fr-FR"},{"@type":"Organization","@id":"https:\/\/nanoclean24.com\/fr\/#organization","name":"NanoClean","url":"https:\/\/nanoclean24.com\/fr\/","logo":{"@type":"ImageObject","inLanguage":"fr-FR","@id":"https:\/\/nanoclean24.com\/fr\/#\/schema\/logo\/image\/","url":"https:\/\/nanoclean24.com\/wp-content\/uploads\/2025\/07\/logo-2.jpg","contentUrl":"https:\/\/nanoclean24.com\/wp-content\/uploads\/2025\/07\/logo-2.jpg","width":1068,"height":224,"caption":"NanoClean"},"image":{"@id":"https:\/\/nanoclean24.com\/fr\/#\/schema\/logo\/image\/"}}]}},"taxonomy_info":{"product_cat":[{"value":123,"label":"HVAC PRO"}]},"featured_image_src_large":["https:\/\/nanoclean24.com\/wp-content\/uploads\/2025\/10\/u807x-1.png",1010,1010,false],"author_info":[],"comment_info":"","_links":{"self":[{"href":"https:\/\/nanoclean24.com\/fr\/wp-json\/wp\/v2\/product\/9715","targetHints":{"allow":["GET"]}}],"collection":[{"href":"https:\/\/nanoclean24.com\/fr\/wp-json\/wp\/v2\/product"}],"about":[{"href":"https:\/\/nanoclean24.com\/fr\/wp-json\/wp\/v2\/types\/product"}],"wp:featuredmedia":[{"embeddable":true,"href":"https:\/\/nanoclean24.com\/fr\/wp-json\/wp\/v2\/media\/9391"}],"wp:attachment":[{"href":"https:\/\/nanoclean24.com\/fr\/wp-json\/wp\/v2\/media?parent=9715"}],"wp:term":[{"taxonomy":"product_brand","embeddable":true,"href":"https:\/\/nanoclean24.com\/fr\/wp-json\/wp\/v2\/product_brand?post=9715"},{"taxonomy":"product_cat","embeddable":true,"href":"https:\/\/nanoclean24.com\/fr\/wp-json\/wp\/v2\/product_cat?post=9715"},{"taxonomy":"product_tag","embeddable":true,"href":"https:\/\/nanoclean24.com\/fr\/wp-json\/wp\/v2\/product_tag?post=9715"}],"curies":[{"name":"wp","href":"https:\/\/api.w.org\/{rel}","templated":true}]}}