{"id":9713,"date":"2025-10-22T16:23:07","date_gmt":"2025-10-22T14:23:07","guid":{"rendered":"https:\/\/nanoclean24.com\/?post_type=product&#038;p=9713"},"modified":"2026-01-05T15:24:20","modified_gmt":"2026-01-05T14:24:20","slug":"u810x-ac-descaler-eco-concentre-20kg","status":"publish","type":"product","link":"https:\/\/nanoclean24.com\/fr\/produit\/u810x-ac-descaler-eco-concentre-20kg\/","title":{"rendered":"U810x AC DESCALER ECO CONCENTRE 20KG"},"content":{"rendered":"\n<p>D\u00e9tartrant acide efficace et \u00e9conomique pour les \u00e9quipements de refroidissement et de chauffage. Elimine les d\u00e9p\u00f4ts de calcaire dans les syst\u00e8mes de climatisation, de r\u00e9frig\u00e9ration et de chauffage. Fait briller, par exemple, les ailettes des radiateurs.  <\/p>\n","protected":false},"excerpt":{"rendered":"<div class=\"grid-cols-1 grid gap-2.5 [&amp;_&gt;_*]:min-w-0\">\n<h3 class=\"text-xl font-bold text-text-100 mt-1 -mb-0.5\">Avantages<\/h3>\n<p class=\"whitespace-normal break-words\">\u2705 <strong>ECONOMIQUE<\/strong> &#8211; Une solution \u00e9conomique pour des performances \u00e9lev\u00e9es avec une consommation minimale de produits.<\/p>\n<p class=\"whitespace-normal break-words\">\u2705 <strong>ECOLOGIQUE<\/strong> &#8211; Respectueux de l&rsquo;environnement et sans danger pour la sant\u00e9.<\/p>\n<p class=\"whitespace-normal break-words\"><strong>Facile \u00e0<\/strong> utiliser &#8211; Facile \u00e0 appliquer, aucun \u00e9quipement sp\u00e9cialis\u00e9 n&rsquo;est n\u00e9cessaire.<\/p>\n<p class=\"whitespace-normal break-words\">\u2705 <strong>CONTIENT DES INHIBITEURS DE CORROSION<\/strong> &#8211; Prot\u00e8ge les surfaces m\u00e9talliques de la rouille et de la corrosion pendant le nettoyage.<\/p>\n<p class=\"whitespace-normal break-words\"><strong>M\u00e9langer avec de l&rsquo;eau \u00e0 des concentrations de 5 \u00e0 50 %<\/strong> &#8211; Dosage flexible adapt\u00e9 au degr\u00e9 de salissure.<\/p>\n<p class=\"whitespace-normal break-words\">RIN\u00c7AGE A <strong>L<\/strong> &lsquo;EAU &#8211; Rincer abondamment \u00e0 l&rsquo;eau claire apr\u00e8s l&rsquo;application pour obtenir des r\u00e9sultats optimaux.<\/p>\n<\/div>\n","protected":false},"featured_media":14565,"template":"","meta":{"_kad_blocks_custom_css":"","_kad_blocks_head_custom_js":"","_kad_blocks_body_custom_js":"","_kad_blocks_footer_custom_js":"","_kad_post_transparent":"","_kad_post_title":"","_kad_post_layout":"","_kad_post_sidebar_id":"","_kad_post_content_style":"","_kad_post_vertical_padding":"","_kad_post_feature":"","_kad_post_feature_position":"","_kad_post_header":false,"_kad_post_footer":false,"_kad_post_classname":""},"product_brand":[],"product_cat":[123],"product_tag":[],"class_list":{"0":"post-9713","1":"product","2":"type-product","3":"status-publish","4":"has-post-thumbnail","6":"product_cat-hvac-fr","8":"first","9":"instock","10":"taxable","11":"shipping-taxable","12":"purchasable","13":"product-type-simple","14":"entry","15":"content-bg","16":"loop-entry"},"yoast_head":"<!-- This site is optimized with the Yoast SEO plugin v27.2 - https:\/\/yoast.com\/product\/yoast-seo-wordpress\/ -->\n<title>U810x AC DESCALER ECO CONCENTRE 20KG - NANOCLEAN<\/title>\n<meta name=\"robots\" content=\"index, follow, max-snippet:-1, max-image-preview:large, max-video-preview:-1\" \/>\n<link rel=\"canonical\" href=\"https:\/\/nanoclean24.com\/fr\/produit\/u810x-ac-descaler-eco-concentre-20kg\/\" \/>\n<meta property=\"og:locale\" content=\"fr_FR\" \/>\n<meta property=\"og:type\" content=\"article\" \/>\n<meta property=\"og:title\" content=\"U810x AC DESCALER ECO CONCENTRE 20KG - NANOCLEAN\" \/>\n<meta property=\"og:description\" content=\"Avantages \u2705 ECONOMIQUE - Une solution \u00e9conomique pour des performances \u00e9lev\u00e9es avec une consommation minimale de produits. \u2705 ECOLOGIQUE - Respectueux de l&#039;environnement et sans danger pour la sant\u00e9. Facile \u00e0 utiliser - Facile \u00e0 appliquer, aucun \u00e9quipement sp\u00e9cialis\u00e9 n&#039;est n\u00e9cessaire. \u2705 CONTIENT DES INHIBITEURS DE CORROSION - Prot\u00e8ge les surfaces m\u00e9talliques de la rouille et de la corrosion pendant le nettoyage. M\u00e9langer avec de l&#039;eau \u00e0 des concentrations de 5 \u00e0 50 % - Dosage flexible adapt\u00e9 au degr\u00e9 de salissure. RIN\u00c7AGE A L &#039;EAU - Rincer abondamment \u00e0 l&#039;eau claire apr\u00e8s l&#039;application pour obtenir des r\u00e9sultats optimaux.\" \/>\n<meta property=\"og:url\" content=\"https:\/\/nanoclean24.com\/fr\/produit\/u810x-ac-descaler-eco-concentre-20kg\/\" \/>\n<meta property=\"og:site_name\" content=\"NANOCLEAN\" \/>\n<meta property=\"article:modified_time\" content=\"2026-01-05T14:24:20+00:00\" \/>\n<meta property=\"og:image\" content=\"https:\/\/nanoclean24.com\/wp-content\/uploads\/2025\/10\/810X-5L.png\" \/>\n\t<meta property=\"og:image:width\" content=\"1200\" \/>\n\t<meta property=\"og:image:height\" content=\"1200\" \/>\n\t<meta property=\"og:image:type\" content=\"image\/png\" \/>\n<meta name=\"twitter:card\" content=\"summary_large_image\" \/>\n<script type=\"application\/ld+json\" class=\"yoast-schema-graph\">{\"@context\":\"https:\/\/schema.org\",\"@graph\":[{\"@type\":\"WebPage\",\"@id\":\"https:\/\/nanoclean24.com\/fr\/produit\/u810x-ac-descaler-eco-concentre-20kg\/\",\"url\":\"https:\/\/nanoclean24.com\/fr\/produit\/u810x-ac-descaler-eco-concentre-20kg\/\",\"name\":\"U810x AC DESCALER ECO CONCENTRE 20KG - NANOCLEAN\",\"isPartOf\":{\"@id\":\"https:\/\/nanoclean24.com\/fr\/#website\"},\"primaryImageOfPage\":{\"@id\":\"https:\/\/nanoclean24.com\/fr\/produit\/u810x-ac-descaler-eco-concentre-20kg\/#primaryimage\"},\"image\":{\"@id\":\"https:\/\/nanoclean24.com\/fr\/produit\/u810x-ac-descaler-eco-concentre-20kg\/#primaryimage\"},\"thumbnailUrl\":\"https:\/\/nanoclean24.com\/wp-content\/uploads\/2025\/10\/810X-5L-1.png\",\"datePublished\":\"2025-10-22T14:23:07+00:00\",\"dateModified\":\"2026-01-05T14:24:20+00:00\",\"breadcrumb\":{\"@id\":\"https:\/\/nanoclean24.com\/fr\/produit\/u810x-ac-descaler-eco-concentre-20kg\/#breadcrumb\"},\"inLanguage\":\"fr-FR\",\"potentialAction\":[{\"@type\":\"ReadAction\",\"target\":[\"https:\/\/nanoclean24.com\/fr\/produit\/u810x-ac-descaler-eco-concentre-20kg\/\"]}]},{\"@type\":\"ImageObject\",\"inLanguage\":\"fr-FR\",\"@id\":\"https:\/\/nanoclean24.com\/fr\/produit\/u810x-ac-descaler-eco-concentre-20kg\/#primaryimage\",\"url\":\"https:\/\/nanoclean24.com\/wp-content\/uploads\/2025\/10\/810X-5L-1.png\",\"contentUrl\":\"https:\/\/nanoclean24.com\/wp-content\/uploads\/2025\/10\/810X-5L-1.png\",\"width\":1200,\"height\":1200},{\"@type\":\"BreadcrumbList\",\"@id\":\"https:\/\/nanoclean24.com\/fr\/produit\/u810x-ac-descaler-eco-concentre-20kg\/#breadcrumb\",\"itemListElement\":[{\"@type\":\"ListItem\",\"position\":1,\"name\":\"Strona g\u0142\u00f3wna\",\"item\":\"https:\/\/nanoclean24.com\/fr\/\"},{\"@type\":\"ListItem\",\"position\":2,\"name\":\"Boutique\",\"item\":\"https:\/\/nanoclean24.com\/shop\/\"},{\"@type\":\"ListItem\",\"position\":3,\"name\":\"U810x AC DESCALER ECO CONCENTRE 20KG\"}]},{\"@type\":\"WebSite\",\"@id\":\"https:\/\/nanoclean24.com\/fr\/#website\",\"url\":\"https:\/\/nanoclean24.com\/fr\/\",\"name\":\"NanoClean\",\"description\":\"\",\"publisher\":{\"@id\":\"https:\/\/nanoclean24.com\/fr\/#organization\"},\"potentialAction\":[{\"@type\":\"SearchAction\",\"target\":{\"@type\":\"EntryPoint\",\"urlTemplate\":\"https:\/\/nanoclean24.com\/fr\/?s={search_term_string}\"},\"query-input\":{\"@type\":\"PropertyValueSpecification\",\"valueRequired\":true,\"valueName\":\"search_term_string\"}}],\"inLanguage\":\"fr-FR\"},{\"@type\":\"Organization\",\"@id\":\"https:\/\/nanoclean24.com\/fr\/#organization\",\"name\":\"NanoClean\",\"url\":\"https:\/\/nanoclean24.com\/fr\/\",\"logo\":{\"@type\":\"ImageObject\",\"inLanguage\":\"fr-FR\",\"@id\":\"https:\/\/nanoclean24.com\/fr\/#\/schema\/logo\/image\/\",\"url\":\"https:\/\/nanoclean24.com\/wp-content\/uploads\/2025\/07\/logo-2.jpg\",\"contentUrl\":\"https:\/\/nanoclean24.com\/wp-content\/uploads\/2025\/07\/logo-2.jpg\",\"width\":1068,\"height\":224,\"caption\":\"NanoClean\"},\"image\":{\"@id\":\"https:\/\/nanoclean24.com\/fr\/#\/schema\/logo\/image\/\"}}]}<\/script>\n<!-- \/ Yoast SEO plugin. -->","yoast_head_json":{"title":"U810x AC DESCALER ECO CONCENTRE 20KG - NANOCLEAN","robots":{"index":"index","follow":"follow","max-snippet":"max-snippet:-1","max-image-preview":"max-image-preview:large","max-video-preview":"max-video-preview:-1"},"canonical":"https:\/\/nanoclean24.com\/fr\/produit\/u810x-ac-descaler-eco-concentre-20kg\/","og_locale":"fr_FR","og_type":"article","og_title":"U810x AC DESCALER ECO CONCENTRE 20KG - NANOCLEAN","og_description":"Avantages \u2705 ECONOMIQUE - Une solution \u00e9conomique pour des performances \u00e9lev\u00e9es avec une consommation minimale de produits. \u2705 ECOLOGIQUE - Respectueux de l'environnement et sans danger pour la sant\u00e9. Facile \u00e0 utiliser - Facile \u00e0 appliquer, aucun \u00e9quipement sp\u00e9cialis\u00e9 n'est n\u00e9cessaire. \u2705 CONTIENT DES INHIBITEURS DE CORROSION - Prot\u00e8ge les surfaces m\u00e9talliques de la rouille et de la corrosion pendant le nettoyage. M\u00e9langer avec de l'eau \u00e0 des concentrations de 5 \u00e0 50 % - Dosage flexible adapt\u00e9 au degr\u00e9 de salissure. RIN\u00c7AGE A L 'EAU - Rincer abondamment \u00e0 l'eau claire apr\u00e8s l'application pour obtenir des r\u00e9sultats optimaux.","og_url":"https:\/\/nanoclean24.com\/fr\/produit\/u810x-ac-descaler-eco-concentre-20kg\/","og_site_name":"NANOCLEAN","article_modified_time":"2026-01-05T14:24:20+00:00","og_image":[{"width":1200,"height":1200,"url":"https:\/\/nanoclean24.com\/wp-content\/uploads\/2025\/10\/810X-5L.png","type":"image\/png"}],"twitter_card":"summary_large_image","schema":{"@context":"https:\/\/schema.org","@graph":[{"@type":"WebPage","@id":"https:\/\/nanoclean24.com\/fr\/produit\/u810x-ac-descaler-eco-concentre-20kg\/","url":"https:\/\/nanoclean24.com\/fr\/produit\/u810x-ac-descaler-eco-concentre-20kg\/","name":"U810x AC DESCALER ECO CONCENTRE 20KG - NANOCLEAN","isPartOf":{"@id":"https:\/\/nanoclean24.com\/fr\/#website"},"primaryImageOfPage":{"@id":"https:\/\/nanoclean24.com\/fr\/produit\/u810x-ac-descaler-eco-concentre-20kg\/#primaryimage"},"image":{"@id":"https:\/\/nanoclean24.com\/fr\/produit\/u810x-ac-descaler-eco-concentre-20kg\/#primaryimage"},"thumbnailUrl":"https:\/\/nanoclean24.com\/wp-content\/uploads\/2025\/10\/810X-5L-1.png","datePublished":"2025-10-22T14:23:07+00:00","dateModified":"2026-01-05T14:24:20+00:00","breadcrumb":{"@id":"https:\/\/nanoclean24.com\/fr\/produit\/u810x-ac-descaler-eco-concentre-20kg\/#breadcrumb"},"inLanguage":"fr-FR","potentialAction":[{"@type":"ReadAction","target":["https:\/\/nanoclean24.com\/fr\/produit\/u810x-ac-descaler-eco-concentre-20kg\/"]}]},{"@type":"ImageObject","inLanguage":"fr-FR","@id":"https:\/\/nanoclean24.com\/fr\/produit\/u810x-ac-descaler-eco-concentre-20kg\/#primaryimage","url":"https:\/\/nanoclean24.com\/wp-content\/uploads\/2025\/10\/810X-5L-1.png","contentUrl":"https:\/\/nanoclean24.com\/wp-content\/uploads\/2025\/10\/810X-5L-1.png","width":1200,"height":1200},{"@type":"BreadcrumbList","@id":"https:\/\/nanoclean24.com\/fr\/produit\/u810x-ac-descaler-eco-concentre-20kg\/#breadcrumb","itemListElement":[{"@type":"ListItem","position":1,"name":"Strona g\u0142\u00f3wna","item":"https:\/\/nanoclean24.com\/fr\/"},{"@type":"ListItem","position":2,"name":"Boutique","item":"https:\/\/nanoclean24.com\/shop\/"},{"@type":"ListItem","position":3,"name":"U810x AC DESCALER ECO CONCENTRE 20KG"}]},{"@type":"WebSite","@id":"https:\/\/nanoclean24.com\/fr\/#website","url":"https:\/\/nanoclean24.com\/fr\/","name":"NanoClean","description":"","publisher":{"@id":"https:\/\/nanoclean24.com\/fr\/#organization"},"potentialAction":[{"@type":"SearchAction","target":{"@type":"EntryPoint","urlTemplate":"https:\/\/nanoclean24.com\/fr\/?s={search_term_string}"},"query-input":{"@type":"PropertyValueSpecification","valueRequired":true,"valueName":"search_term_string"}}],"inLanguage":"fr-FR"},{"@type":"Organization","@id":"https:\/\/nanoclean24.com\/fr\/#organization","name":"NanoClean","url":"https:\/\/nanoclean24.com\/fr\/","logo":{"@type":"ImageObject","inLanguage":"fr-FR","@id":"https:\/\/nanoclean24.com\/fr\/#\/schema\/logo\/image\/","url":"https:\/\/nanoclean24.com\/wp-content\/uploads\/2025\/07\/logo-2.jpg","contentUrl":"https:\/\/nanoclean24.com\/wp-content\/uploads\/2025\/07\/logo-2.jpg","width":1068,"height":224,"caption":"NanoClean"},"image":{"@id":"https:\/\/nanoclean24.com\/fr\/#\/schema\/logo\/image\/"}}]}},"taxonomy_info":{"product_cat":[{"value":123,"label":"HVAC PRO"}]},"featured_image_src_large":["https:\/\/nanoclean24.com\/wp-content\/uploads\/2025\/10\/810X-5L-1-1024x1024.png",1024,1024,true],"author_info":[],"comment_info":"","_links":{"self":[{"href":"https:\/\/nanoclean24.com\/fr\/wp-json\/wp\/v2\/product\/9713","targetHints":{"allow":["GET"]}}],"collection":[{"href":"https:\/\/nanoclean24.com\/fr\/wp-json\/wp\/v2\/product"}],"about":[{"href":"https:\/\/nanoclean24.com\/fr\/wp-json\/wp\/v2\/types\/product"}],"wp:featuredmedia":[{"embeddable":true,"href":"https:\/\/nanoclean24.com\/fr\/wp-json\/wp\/v2\/media\/14565"}],"wp:attachment":[{"href":"https:\/\/nanoclean24.com\/fr\/wp-json\/wp\/v2\/media?parent=9713"}],"wp:term":[{"taxonomy":"product_brand","embeddable":true,"href":"https:\/\/nanoclean24.com\/fr\/wp-json\/wp\/v2\/product_brand?post=9713"},{"taxonomy":"product_cat","embeddable":true,"href":"https:\/\/nanoclean24.com\/fr\/wp-json\/wp\/v2\/product_cat?post=9713"},{"taxonomy":"product_tag","embeddable":true,"href":"https:\/\/nanoclean24.com\/fr\/wp-json\/wp\/v2\/product_tag?post=9713"}],"curies":[{"name":"wp","href":"https:\/\/api.w.org\/{rel}","templated":true}]}}