{"id":9707,"date":"2025-10-22T16:14:23","date_gmt":"2025-10-22T14:14:23","guid":{"rendered":"https:\/\/nanoclean24.com\/produkt\/u812-ac-rust-remover-spray-bottle-500ml\/"},"modified":"2025-11-02T16:35:37","modified_gmt":"2025-11-02T15:35:37","slug":"u812-ac-rust-remover-spray-bottle-500ml","status":"publish","type":"product","link":"https:\/\/nanoclean24.com\/fr\/produit\/u812-ac-rust-remover-spray-bottle-500ml\/","title":{"rendered":"U812 AC RUST REMOVER SPRAY BOTTLE 500ML"},"content":{"rendered":"\n<p>Formule avanc\u00e9e, pr\u00eate \u00e0 l&#8217;emploi, con\u00e7ue pour \u00e9liminer la rouille, la corrosion, les d\u00e9p\u00f4ts de calcaire et le tartre des climatiseurs ext\u00e9rieurs et des pompes \u00e0 chaleur. Sa formule unique \u00e0 base d&rsquo;acide restaure efficacement les performances et l&rsquo;esth\u00e9tique des unit\u00e9s, en \u00e9liminant les contaminants difficiles \u00e0 \u00e9liminer. <\/p>\n","protected":false},"excerpt":{"rendered":"<h3 class=\"text-xl font-bold text-text-100 mt-1 -mb-0.5\">Avantages<\/h3>\n<p class=\"whitespace-normal break-words\"><strong>ACTIVIT\u00c9 ACIDE PUISSANTE<\/strong> &#8211; \u00c9limine efficacement la salet\u00e9 tenace et les d\u00e9p\u00f4ts de calcaire.<\/p>\n<p class=\"whitespace-normal break-words\"><strong>Application<\/strong> facile &#8211; Simple \u00e0 utiliser, aucune proc\u00e9dure compliqu\u00e9e n&rsquo;est n\u00e9cessaire.<\/p>\n<p class=\"whitespace-normal break-words\">\u2705 <strong>PR\u00caT \u00c0 L&rsquo;EMPLOI<\/strong> &#8211; Aucune dilution n&rsquo;est n\u00e9cessaire, le produit peut \u00eatre appliqu\u00e9 directement.<\/p>\n<p class=\"whitespace-normal break-words\">\u2705 <strong>FORMULE \u00c9COLOGIQUE<\/strong> &#8211; Respectueuse de l&rsquo;environnement et s\u00fbre \u00e0 utiliser.<\/p>\n<p class=\"whitespace-normal break-words\">\u2705 <strong>APPLICATION<\/strong> CONFORTABLE &#8211; Offre un confort pendant le nettoyage et permet de gagner du temps.<\/p>\n<p class=\"whitespace-normal break-words\">RIN\u00c7AGE A <strong>L<\/strong> &lsquo;EAU &#8211; Rincer abondamment \u00e0 l&rsquo;eau claire apr\u00e8s l&rsquo;application pour obtenir des r\u00e9sultats optimaux.<\/p>\n","protected":false},"featured_media":14571,"template":"","meta":{"_kad_blocks_custom_css":"","_kad_blocks_head_custom_js":"","_kad_blocks_body_custom_js":"","_kad_blocks_footer_custom_js":"","_kad_post_transparent":"","_kad_post_title":"","_kad_post_layout":"","_kad_post_sidebar_id":"","_kad_post_content_style":"","_kad_post_vertical_padding":"","_kad_post_feature":"","_kad_post_feature_position":"","_kad_post_header":false,"_kad_post_footer":false,"_kad_post_classname":""},"product_brand":[],"product_cat":[123],"product_tag":[],"class_list":{"0":"post-9707","1":"product","2":"type-product","3":"status-publish","4":"has-post-thumbnail","6":"product_cat-hvac-fr","8":"first","9":"outofstock","10":"taxable","11":"shipping-taxable","12":"purchasable","13":"product-type-simple","14":"entry","15":"content-bg","16":"loop-entry"},"yoast_head":"<!-- This site is optimized with the Yoast SEO plugin v27.4 - https:\/\/yoast.com\/product\/yoast-seo-wordpress\/ -->\n<title>U812 AC RUST REMOVER SPRAY BOTTLE 500ML - NANOCLEAN<\/title>\n<meta name=\"robots\" content=\"index, follow, max-snippet:-1, max-image-preview:large, max-video-preview:-1\" \/>\n<link rel=\"canonical\" href=\"https:\/\/nanoclean24.com\/fr\/produit\/u812-ac-rust-remover-spray-bottle-500ml\/\" \/>\n<meta property=\"og:locale\" content=\"fr_FR\" \/>\n<meta property=\"og:type\" content=\"article\" \/>\n<meta property=\"og:title\" content=\"U812 AC RUST REMOVER SPRAY BOTTLE 500ML - NANOCLEAN\" \/>\n<meta property=\"og:description\" content=\"Avantages ACTIVIT\u00c9 ACIDE PUISSANTE - \u00c9limine efficacement la salet\u00e9 tenace et les d\u00e9p\u00f4ts de calcaire. Application facile - Simple \u00e0 utiliser, aucune proc\u00e9dure compliqu\u00e9e n&#039;est n\u00e9cessaire. \u2705 PR\u00caT \u00c0 L&#039;EMPLOI - Aucune dilution n&#039;est n\u00e9cessaire, le produit peut \u00eatre appliqu\u00e9 directement. \u2705 FORMULE \u00c9COLOGIQUE - Respectueuse de l&#039;environnement et s\u00fbre \u00e0 utiliser. \u2705 APPLICATION CONFORTABLE - Offre un confort pendant le nettoyage et permet de gagner du temps. RIN\u00c7AGE A L &#039;EAU - Rincer abondamment \u00e0 l&#039;eau claire apr\u00e8s l&#039;application pour obtenir des r\u00e9sultats optimaux.\" \/>\n<meta property=\"og:url\" content=\"https:\/\/nanoclean24.com\/fr\/produit\/u812-ac-rust-remover-spray-bottle-500ml\/\" \/>\n<meta property=\"og:site_name\" content=\"NANOCLEAN\" \/>\n<meta property=\"article:modified_time\" content=\"2025-11-02T15:35:37+00:00\" \/>\n<meta property=\"og:image\" content=\"https:\/\/nanoclean24.com\/wp-content\/uploads\/2025\/10\/U812-4.png\" \/>\n\t<meta property=\"og:image:width\" content=\"1200\" \/>\n\t<meta property=\"og:image:height\" content=\"1200\" \/>\n\t<meta property=\"og:image:type\" content=\"image\/png\" \/>\n<meta name=\"twitter:card\" content=\"summary_large_image\" \/>\n<script type=\"application\/ld+json\" class=\"yoast-schema-graph\">{\"@context\":\"https:\\\/\\\/schema.org\",\"@graph\":[{\"@type\":\"WebPage\",\"@id\":\"https:\\\/\\\/nanoclean24.com\\\/fr\\\/produit\\\/u812-ac-rust-remover-spray-bottle-500ml\\\/\",\"url\":\"https:\\\/\\\/nanoclean24.com\\\/fr\\\/produit\\\/u812-ac-rust-remover-spray-bottle-500ml\\\/\",\"name\":\"U812 AC RUST REMOVER SPRAY BOTTLE 500ML - NANOCLEAN\",\"isPartOf\":{\"@id\":\"https:\\\/\\\/nanoclean24.com\\\/fr\\\/#website\"},\"primaryImageOfPage\":{\"@id\":\"https:\\\/\\\/nanoclean24.com\\\/fr\\\/produit\\\/u812-ac-rust-remover-spray-bottle-500ml\\\/#primaryimage\"},\"image\":{\"@id\":\"https:\\\/\\\/nanoclean24.com\\\/fr\\\/produit\\\/u812-ac-rust-remover-spray-bottle-500ml\\\/#primaryimage\"},\"thumbnailUrl\":\"https:\\\/\\\/nanoclean24.com\\\/wp-content\\\/uploads\\\/2025\\\/10\\\/U812-4.png\",\"datePublished\":\"2025-10-22T14:14:23+00:00\",\"dateModified\":\"2025-11-02T15:35:37+00:00\",\"breadcrumb\":{\"@id\":\"https:\\\/\\\/nanoclean24.com\\\/fr\\\/produit\\\/u812-ac-rust-remover-spray-bottle-500ml\\\/#breadcrumb\"},\"inLanguage\":\"fr-FR\",\"potentialAction\":[{\"@type\":\"ReadAction\",\"target\":[\"https:\\\/\\\/nanoclean24.com\\\/fr\\\/produit\\\/u812-ac-rust-remover-spray-bottle-500ml\\\/\"]}]},{\"@type\":\"ImageObject\",\"inLanguage\":\"fr-FR\",\"@id\":\"https:\\\/\\\/nanoclean24.com\\\/fr\\\/produit\\\/u812-ac-rust-remover-spray-bottle-500ml\\\/#primaryimage\",\"url\":\"https:\\\/\\\/nanoclean24.com\\\/wp-content\\\/uploads\\\/2025\\\/10\\\/U812-4.png\",\"contentUrl\":\"https:\\\/\\\/nanoclean24.com\\\/wp-content\\\/uploads\\\/2025\\\/10\\\/U812-4.png\",\"width\":1200,\"height\":1200},{\"@type\":\"BreadcrumbList\",\"@id\":\"https:\\\/\\\/nanoclean24.com\\\/fr\\\/produit\\\/u812-ac-rust-remover-spray-bottle-500ml\\\/#breadcrumb\",\"itemListElement\":[{\"@type\":\"ListItem\",\"position\":1,\"name\":\"Strona g\u0142\u00f3wna\",\"item\":\"https:\\\/\\\/nanoclean24.com\\\/fr\\\/\"},{\"@type\":\"ListItem\",\"position\":2,\"name\":\"Boutique\",\"item\":\"https:\\\/\\\/nanoclean24.com\\\/shop\\\/\"},{\"@type\":\"ListItem\",\"position\":3,\"name\":\"U812 AC RUST REMOVER SPRAY BOTTLE 500ML\"}]},{\"@type\":\"WebSite\",\"@id\":\"https:\\\/\\\/nanoclean24.com\\\/fr\\\/#website\",\"url\":\"https:\\\/\\\/nanoclean24.com\\\/fr\\\/\",\"name\":\"NanoClean\",\"description\":\"\",\"publisher\":{\"@id\":\"https:\\\/\\\/nanoclean24.com\\\/fr\\\/#organization\"},\"potentialAction\":[{\"@type\":\"SearchAction\",\"target\":{\"@type\":\"EntryPoint\",\"urlTemplate\":\"https:\\\/\\\/nanoclean24.com\\\/fr\\\/?s={search_term_string}\"},\"query-input\":{\"@type\":\"PropertyValueSpecification\",\"valueRequired\":true,\"valueName\":\"search_term_string\"}}],\"inLanguage\":\"fr-FR\"},{\"@type\":\"Organization\",\"@id\":\"https:\\\/\\\/nanoclean24.com\\\/fr\\\/#organization\",\"name\":\"NanoClean\",\"url\":\"https:\\\/\\\/nanoclean24.com\\\/fr\\\/\",\"logo\":{\"@type\":\"ImageObject\",\"inLanguage\":\"fr-FR\",\"@id\":\"https:\\\/\\\/nanoclean24.com\\\/fr\\\/#\\\/schema\\\/logo\\\/image\\\/\",\"url\":\"https:\\\/\\\/nanoclean24.com\\\/wp-content\\\/uploads\\\/2025\\\/07\\\/logo-2.jpg\",\"contentUrl\":\"https:\\\/\\\/nanoclean24.com\\\/wp-content\\\/uploads\\\/2025\\\/07\\\/logo-2.jpg\",\"width\":1068,\"height\":224,\"caption\":\"NanoClean\"},\"image\":{\"@id\":\"https:\\\/\\\/nanoclean24.com\\\/fr\\\/#\\\/schema\\\/logo\\\/image\\\/\"}}]}<\/script>\n<!-- \/ Yoast SEO plugin. -->","yoast_head_json":{"title":"U812 AC RUST REMOVER SPRAY BOTTLE 500ML - NANOCLEAN","robots":{"index":"index","follow":"follow","max-snippet":"max-snippet:-1","max-image-preview":"max-image-preview:large","max-video-preview":"max-video-preview:-1"},"canonical":"https:\/\/nanoclean24.com\/fr\/produit\/u812-ac-rust-remover-spray-bottle-500ml\/","og_locale":"fr_FR","og_type":"article","og_title":"U812 AC RUST REMOVER SPRAY BOTTLE 500ML - NANOCLEAN","og_description":"Avantages ACTIVIT\u00c9 ACIDE PUISSANTE - \u00c9limine efficacement la salet\u00e9 tenace et les d\u00e9p\u00f4ts de calcaire. Application facile - Simple \u00e0 utiliser, aucune proc\u00e9dure compliqu\u00e9e n'est n\u00e9cessaire. \u2705 PR\u00caT \u00c0 L'EMPLOI - Aucune dilution n'est n\u00e9cessaire, le produit peut \u00eatre appliqu\u00e9 directement. \u2705 FORMULE \u00c9COLOGIQUE - Respectueuse de l'environnement et s\u00fbre \u00e0 utiliser. \u2705 APPLICATION CONFORTABLE - Offre un confort pendant le nettoyage et permet de gagner du temps. RIN\u00c7AGE A L 'EAU - Rincer abondamment \u00e0 l'eau claire apr\u00e8s l'application pour obtenir des r\u00e9sultats optimaux.","og_url":"https:\/\/nanoclean24.com\/fr\/produit\/u812-ac-rust-remover-spray-bottle-500ml\/","og_site_name":"NANOCLEAN","article_modified_time":"2025-11-02T15:35:37+00:00","og_image":[{"width":1200,"height":1200,"url":"https:\/\/nanoclean24.com\/wp-content\/uploads\/2025\/10\/U812-4.png","type":"image\/png"}],"twitter_card":"summary_large_image","schema":{"@context":"https:\/\/schema.org","@graph":[{"@type":"WebPage","@id":"https:\/\/nanoclean24.com\/fr\/produit\/u812-ac-rust-remover-spray-bottle-500ml\/","url":"https:\/\/nanoclean24.com\/fr\/produit\/u812-ac-rust-remover-spray-bottle-500ml\/","name":"U812 AC RUST REMOVER SPRAY BOTTLE 500ML - NANOCLEAN","isPartOf":{"@id":"https:\/\/nanoclean24.com\/fr\/#website"},"primaryImageOfPage":{"@id":"https:\/\/nanoclean24.com\/fr\/produit\/u812-ac-rust-remover-spray-bottle-500ml\/#primaryimage"},"image":{"@id":"https:\/\/nanoclean24.com\/fr\/produit\/u812-ac-rust-remover-spray-bottle-500ml\/#primaryimage"},"thumbnailUrl":"https:\/\/nanoclean24.com\/wp-content\/uploads\/2025\/10\/U812-4.png","datePublished":"2025-10-22T14:14:23+00:00","dateModified":"2025-11-02T15:35:37+00:00","breadcrumb":{"@id":"https:\/\/nanoclean24.com\/fr\/produit\/u812-ac-rust-remover-spray-bottle-500ml\/#breadcrumb"},"inLanguage":"fr-FR","potentialAction":[{"@type":"ReadAction","target":["https:\/\/nanoclean24.com\/fr\/produit\/u812-ac-rust-remover-spray-bottle-500ml\/"]}]},{"@type":"ImageObject","inLanguage":"fr-FR","@id":"https:\/\/nanoclean24.com\/fr\/produit\/u812-ac-rust-remover-spray-bottle-500ml\/#primaryimage","url":"https:\/\/nanoclean24.com\/wp-content\/uploads\/2025\/10\/U812-4.png","contentUrl":"https:\/\/nanoclean24.com\/wp-content\/uploads\/2025\/10\/U812-4.png","width":1200,"height":1200},{"@type":"BreadcrumbList","@id":"https:\/\/nanoclean24.com\/fr\/produit\/u812-ac-rust-remover-spray-bottle-500ml\/#breadcrumb","itemListElement":[{"@type":"ListItem","position":1,"name":"Strona g\u0142\u00f3wna","item":"https:\/\/nanoclean24.com\/fr\/"},{"@type":"ListItem","position":2,"name":"Boutique","item":"https:\/\/nanoclean24.com\/shop\/"},{"@type":"ListItem","position":3,"name":"U812 AC RUST REMOVER SPRAY BOTTLE 500ML"}]},{"@type":"WebSite","@id":"https:\/\/nanoclean24.com\/fr\/#website","url":"https:\/\/nanoclean24.com\/fr\/","name":"NanoClean","description":"","publisher":{"@id":"https:\/\/nanoclean24.com\/fr\/#organization"},"potentialAction":[{"@type":"SearchAction","target":{"@type":"EntryPoint","urlTemplate":"https:\/\/nanoclean24.com\/fr\/?s={search_term_string}"},"query-input":{"@type":"PropertyValueSpecification","valueRequired":true,"valueName":"search_term_string"}}],"inLanguage":"fr-FR"},{"@type":"Organization","@id":"https:\/\/nanoclean24.com\/fr\/#organization","name":"NanoClean","url":"https:\/\/nanoclean24.com\/fr\/","logo":{"@type":"ImageObject","inLanguage":"fr-FR","@id":"https:\/\/nanoclean24.com\/fr\/#\/schema\/logo\/image\/","url":"https:\/\/nanoclean24.com\/wp-content\/uploads\/2025\/07\/logo-2.jpg","contentUrl":"https:\/\/nanoclean24.com\/wp-content\/uploads\/2025\/07\/logo-2.jpg","width":1068,"height":224,"caption":"NanoClean"},"image":{"@id":"https:\/\/nanoclean24.com\/fr\/#\/schema\/logo\/image\/"}}]}},"taxonomy_info":{"product_cat":[{"value":123,"label":"HVAC PRO"}]},"featured_image_src_large":["https:\/\/nanoclean24.com\/wp-content\/uploads\/2025\/10\/U812-4-1024x1024.png",1024,1024,true],"author_info":[],"comment_info":"","_links":{"self":[{"href":"https:\/\/nanoclean24.com\/fr\/wp-json\/wp\/v2\/product\/9707","targetHints":{"allow":["GET"]}}],"collection":[{"href":"https:\/\/nanoclean24.com\/fr\/wp-json\/wp\/v2\/product"}],"about":[{"href":"https:\/\/nanoclean24.com\/fr\/wp-json\/wp\/v2\/types\/product"}],"wp:featuredmedia":[{"embeddable":true,"href":"https:\/\/nanoclean24.com\/fr\/wp-json\/wp\/v2\/media\/14571"}],"wp:attachment":[{"href":"https:\/\/nanoclean24.com\/fr\/wp-json\/wp\/v2\/media?parent=9707"}],"wp:term":[{"taxonomy":"product_brand","embeddable":true,"href":"https:\/\/nanoclean24.com\/fr\/wp-json\/wp\/v2\/product_brand?post=9707"},{"taxonomy":"product_cat","embeddable":true,"href":"https:\/\/nanoclean24.com\/fr\/wp-json\/wp\/v2\/product_cat?post=9707"},{"taxonomy":"product_tag","embeddable":true,"href":"https:\/\/nanoclean24.com\/fr\/wp-json\/wp\/v2\/product_tag?post=9707"}],"curies":[{"name":"wp","href":"https:\/\/api.w.org\/{rel}","templated":true}]}}