{"id":9171,"date":"2025-10-17T21:07:25","date_gmt":"2025-10-17T19:07:25","guid":{"rendered":"https:\/\/nanoclean24.com\/produkt\/nanoclean-home-h09-cat-fresh\/"},"modified":"2025-11-02T14:41:05","modified_gmt":"2025-11-02T13:41:05","slug":"nanoclean-home-h09-cat-fresh","status":"publish","type":"product","link":"https:\/\/nanoclean24.com\/fr\/produit\/nanoclean-home-h09-cat-fresh\/","title":{"rendered":"NANOCLEAN HOME H09 CAT FRESH"},"content":{"rendered":"\n<p>NANOCLEAN AIR CAT FRESH est un spray hygi\u00e9nique sp\u00e9cialis\u00e9 con\u00e7u pour les maisons, les bacs \u00e0 liti\u00e8re, les meubles pour animaux de compagnie et toute surface expos\u00e9e aux contaminants associ\u00e9s \u00e0 l&rsquo;urine et aux excr\u00e9ments des chats. Il \u00e9limine efficacement les taches tenaces, neutralise les fortes odeurs d&rsquo;ammoniac et d\u00e9sinfecte les contaminants li\u00e9s aux chats. Formule sans chlore, sans alcool et sans ald\u00e9hyde &#8211; douce et sans danger pour les chats et les surfaces.  <\/p>\n","protected":false},"excerpt":{"rendered":"<h3 class=\"whitespace-normal break-words\">Avantages<\/h3>\n<p class=\"whitespace-normal break-words\">\u2705 <strong>Action de nettoyage en trois phases<\/strong> &#8211; Nettoie, d\u00e9sinfecte et \u00e9limine simultan\u00e9ment les taches de mati\u00e8res f\u00e9cales et d&rsquo;urine les plus tenaces sans laisser de r\u00e9sidu.<\/p>\n<p class=\"whitespace-normal break-words\">\u2705 <strong>D\u00e9truit les odeurs d&rsquo;ammoniac<\/strong> &#8211; Neutralise les odeurs intenses d&rsquo;ammoniac directement \u00e0 la source, au lieu de simplement les masquer pour une v\u00e9ritable fra\u00eecheur.<\/p>\n<p class=\"whitespace-normal break-words\">\u2705 <strong>Polyvalent dans toute la maison<\/strong> &#8211; Efficace sur les bacs \u00e0 liti\u00e8re, les carrelages, les sols, les tapis, les lits et les caisses de transport, partout o\u00f9 vivent les chats.<\/p>\n<p class=\"whitespace-normal break-words\">\u2705 <strong>Prot\u00e8ge contre les micro-organismes<\/strong> &#8211; R\u00e9duit activement les bact\u00e9ries, les allerg\u00e8nes et les d\u00e9p\u00f4ts organiques, cr\u00e9ant ainsi un environnement plus s\u00fbr pour les chats et les personnes qui s&rsquo;en occupent.<\/p>\n<p class=\"whitespace-normal break-words\"><strong>\u2705 De la maison aux soins professionnels<\/strong> &#8211; Id\u00e9al pour une utilisation quotidienne dans les maisons, les refuges pour animaux et les cliniques v\u00e9t\u00e9rinaires, r\u00e9pondant aux normes d&rsquo;hygi\u00e8ne.<\/p>\n","protected":false},"featured_media":10166,"template":"","meta":{"_kad_blocks_custom_css":"","_kad_blocks_head_custom_js":"","_kad_blocks_body_custom_js":"","_kad_blocks_footer_custom_js":"","_kad_post_transparent":"","_kad_post_title":"","_kad_post_layout":"","_kad_post_sidebar_id":"","_kad_post_content_style":"","_kad_post_vertical_padding":"","_kad_post_feature":"","_kad_post_feature_position":"","_kad_post_header":false,"_kad_post_footer":false,"_kad_post_classname":""},"product_brand":[],"product_cat":[171],"product_tag":[],"class_list":{"0":"post-9171","1":"product","2":"type-product","3":"status-publish","4":"has-post-thumbnail","6":"product_cat-home-fr-2","8":"first","9":"outofstock","10":"taxable","11":"shipping-taxable","12":"product-type-simple","13":"entry","14":"content-bg","15":"loop-entry"},"yoast_head":"<!-- This site is optimized with the Yoast SEO plugin v27.2 - https:\/\/yoast.com\/product\/yoast-seo-wordpress\/ -->\n<title>NANOCLEAN HOME H09 CAT FRESH - NANOCLEAN<\/title>\n<meta name=\"robots\" content=\"index, follow, max-snippet:-1, max-image-preview:large, max-video-preview:-1\" \/>\n<link rel=\"canonical\" href=\"https:\/\/nanoclean24.com\/fr\/produit\/nanoclean-home-h09-cat-fresh\/\" \/>\n<meta property=\"og:locale\" content=\"fr_FR\" \/>\n<meta property=\"og:type\" content=\"article\" \/>\n<meta property=\"og:title\" content=\"NANOCLEAN HOME H09 CAT FRESH - NANOCLEAN\" \/>\n<meta property=\"og:description\" content=\"Avantages \u2705 Action de nettoyage en trois phases - Nettoie, d\u00e9sinfecte et \u00e9limine simultan\u00e9ment les taches de mati\u00e8res f\u00e9cales et d&#039;urine les plus tenaces sans laisser de r\u00e9sidu. \u2705 D\u00e9truit les odeurs d&#039;ammoniac - Neutralise les odeurs intenses d&#039;ammoniac directement \u00e0 la source, au lieu de simplement les masquer pour une v\u00e9ritable fra\u00eecheur. \u2705 Polyvalent dans toute la maison - Efficace sur les bacs \u00e0 liti\u00e8re, les carrelages, les sols, les tapis, les lits et les caisses de transport, partout o\u00f9 vivent les chats. \u2705 Prot\u00e8ge contre les micro-organismes - R\u00e9duit activement les bact\u00e9ries, les allerg\u00e8nes et les d\u00e9p\u00f4ts organiques, cr\u00e9ant ainsi un environnement plus s\u00fbr pour les chats et les personnes qui s&#039;en occupent. \u2705 De la maison aux soins professionnels - Id\u00e9al pour une utilisation quotidienne dans les maisons, les refuges pour animaux et les cliniques v\u00e9t\u00e9rinaires, r\u00e9pondant aux normes d&#039;hygi\u00e8ne.\" \/>\n<meta property=\"og:url\" content=\"https:\/\/nanoclean24.com\/fr\/produit\/nanoclean-home-h09-cat-fresh\/\" \/>\n<meta property=\"og:site_name\" content=\"NANOCLEAN\" \/>\n<meta property=\"article:modified_time\" content=\"2025-11-02T13:41:05+00:00\" \/>\n<meta property=\"og:image\" content=\"https:\/\/nanoclean24.com\/wp-content\/uploads\/2025\/10\/h09-1.png\" \/>\n\t<meta property=\"og:image:width\" content=\"1010\" \/>\n\t<meta property=\"og:image:height\" content=\"1010\" \/>\n\t<meta property=\"og:image:type\" content=\"image\/png\" \/>\n<meta name=\"twitter:card\" content=\"summary_large_image\" \/>\n<script type=\"application\/ld+json\" class=\"yoast-schema-graph\">{\"@context\":\"https:\/\/schema.org\",\"@graph\":[{\"@type\":\"WebPage\",\"@id\":\"https:\/\/nanoclean24.com\/fr\/produit\/nanoclean-home-h09-cat-fresh\/\",\"url\":\"https:\/\/nanoclean24.com\/fr\/produit\/nanoclean-home-h09-cat-fresh\/\",\"name\":\"NANOCLEAN HOME H09 CAT FRESH - NANOCLEAN\",\"isPartOf\":{\"@id\":\"https:\/\/nanoclean24.com\/fr\/#website\"},\"primaryImageOfPage\":{\"@id\":\"https:\/\/nanoclean24.com\/fr\/produit\/nanoclean-home-h09-cat-fresh\/#primaryimage\"},\"image\":{\"@id\":\"https:\/\/nanoclean24.com\/fr\/produit\/nanoclean-home-h09-cat-fresh\/#primaryimage\"},\"thumbnailUrl\":\"https:\/\/nanoclean24.com\/wp-content\/uploads\/2025\/10\/h09-1.png\",\"datePublished\":\"2025-10-17T19:07:25+00:00\",\"dateModified\":\"2025-11-02T13:41:05+00:00\",\"breadcrumb\":{\"@id\":\"https:\/\/nanoclean24.com\/fr\/produit\/nanoclean-home-h09-cat-fresh\/#breadcrumb\"},\"inLanguage\":\"fr-FR\",\"potentialAction\":[{\"@type\":\"ReadAction\",\"target\":[\"https:\/\/nanoclean24.com\/fr\/produit\/nanoclean-home-h09-cat-fresh\/\"]}]},{\"@type\":\"ImageObject\",\"inLanguage\":\"fr-FR\",\"@id\":\"https:\/\/nanoclean24.com\/fr\/produit\/nanoclean-home-h09-cat-fresh\/#primaryimage\",\"url\":\"https:\/\/nanoclean24.com\/wp-content\/uploads\/2025\/10\/h09-1.png\",\"contentUrl\":\"https:\/\/nanoclean24.com\/wp-content\/uploads\/2025\/10\/h09-1.png\",\"width\":1010,\"height\":1010},{\"@type\":\"BreadcrumbList\",\"@id\":\"https:\/\/nanoclean24.com\/fr\/produit\/nanoclean-home-h09-cat-fresh\/#breadcrumb\",\"itemListElement\":[{\"@type\":\"ListItem\",\"position\":1,\"name\":\"Strona g\u0142\u00f3wna\",\"item\":\"https:\/\/nanoclean24.com\/fr\/\"},{\"@type\":\"ListItem\",\"position\":2,\"name\":\"Boutique\",\"item\":\"https:\/\/nanoclean24.com\/shop\/\"},{\"@type\":\"ListItem\",\"position\":3,\"name\":\"NANOCLEAN HOME H09 CAT FRESH\"}]},{\"@type\":\"WebSite\",\"@id\":\"https:\/\/nanoclean24.com\/fr\/#website\",\"url\":\"https:\/\/nanoclean24.com\/fr\/\",\"name\":\"NanoClean\",\"description\":\"\",\"publisher\":{\"@id\":\"https:\/\/nanoclean24.com\/fr\/#organization\"},\"potentialAction\":[{\"@type\":\"SearchAction\",\"target\":{\"@type\":\"EntryPoint\",\"urlTemplate\":\"https:\/\/nanoclean24.com\/fr\/?s={search_term_string}\"},\"query-input\":{\"@type\":\"PropertyValueSpecification\",\"valueRequired\":true,\"valueName\":\"search_term_string\"}}],\"inLanguage\":\"fr-FR\"},{\"@type\":\"Organization\",\"@id\":\"https:\/\/nanoclean24.com\/fr\/#organization\",\"name\":\"NanoClean\",\"url\":\"https:\/\/nanoclean24.com\/fr\/\",\"logo\":{\"@type\":\"ImageObject\",\"inLanguage\":\"fr-FR\",\"@id\":\"https:\/\/nanoclean24.com\/fr\/#\/schema\/logo\/image\/\",\"url\":\"https:\/\/nanoclean24.com\/wp-content\/uploads\/2025\/07\/logo-2.jpg\",\"contentUrl\":\"https:\/\/nanoclean24.com\/wp-content\/uploads\/2025\/07\/logo-2.jpg\",\"width\":1068,\"height\":224,\"caption\":\"NanoClean\"},\"image\":{\"@id\":\"https:\/\/nanoclean24.com\/fr\/#\/schema\/logo\/image\/\"}}]}<\/script>\n<!-- \/ Yoast SEO plugin. -->","yoast_head_json":{"title":"NANOCLEAN HOME H09 CAT FRESH - NANOCLEAN","robots":{"index":"index","follow":"follow","max-snippet":"max-snippet:-1","max-image-preview":"max-image-preview:large","max-video-preview":"max-video-preview:-1"},"canonical":"https:\/\/nanoclean24.com\/fr\/produit\/nanoclean-home-h09-cat-fresh\/","og_locale":"fr_FR","og_type":"article","og_title":"NANOCLEAN HOME H09 CAT FRESH - NANOCLEAN","og_description":"Avantages \u2705 Action de nettoyage en trois phases - Nettoie, d\u00e9sinfecte et \u00e9limine simultan\u00e9ment les taches de mati\u00e8res f\u00e9cales et d'urine les plus tenaces sans laisser de r\u00e9sidu. \u2705 D\u00e9truit les odeurs d'ammoniac - Neutralise les odeurs intenses d'ammoniac directement \u00e0 la source, au lieu de simplement les masquer pour une v\u00e9ritable fra\u00eecheur. \u2705 Polyvalent dans toute la maison - Efficace sur les bacs \u00e0 liti\u00e8re, les carrelages, les sols, les tapis, les lits et les caisses de transport, partout o\u00f9 vivent les chats. \u2705 Prot\u00e8ge contre les micro-organismes - R\u00e9duit activement les bact\u00e9ries, les allerg\u00e8nes et les d\u00e9p\u00f4ts organiques, cr\u00e9ant ainsi un environnement plus s\u00fbr pour les chats et les personnes qui s'en occupent. \u2705 De la maison aux soins professionnels - Id\u00e9al pour une utilisation quotidienne dans les maisons, les refuges pour animaux et les cliniques v\u00e9t\u00e9rinaires, r\u00e9pondant aux normes d'hygi\u00e8ne.","og_url":"https:\/\/nanoclean24.com\/fr\/produit\/nanoclean-home-h09-cat-fresh\/","og_site_name":"NANOCLEAN","article_modified_time":"2025-11-02T13:41:05+00:00","og_image":[{"width":1010,"height":1010,"url":"https:\/\/nanoclean24.com\/wp-content\/uploads\/2025\/10\/h09-1.png","type":"image\/png"}],"twitter_card":"summary_large_image","schema":{"@context":"https:\/\/schema.org","@graph":[{"@type":"WebPage","@id":"https:\/\/nanoclean24.com\/fr\/produit\/nanoclean-home-h09-cat-fresh\/","url":"https:\/\/nanoclean24.com\/fr\/produit\/nanoclean-home-h09-cat-fresh\/","name":"NANOCLEAN HOME H09 CAT FRESH - NANOCLEAN","isPartOf":{"@id":"https:\/\/nanoclean24.com\/fr\/#website"},"primaryImageOfPage":{"@id":"https:\/\/nanoclean24.com\/fr\/produit\/nanoclean-home-h09-cat-fresh\/#primaryimage"},"image":{"@id":"https:\/\/nanoclean24.com\/fr\/produit\/nanoclean-home-h09-cat-fresh\/#primaryimage"},"thumbnailUrl":"https:\/\/nanoclean24.com\/wp-content\/uploads\/2025\/10\/h09-1.png","datePublished":"2025-10-17T19:07:25+00:00","dateModified":"2025-11-02T13:41:05+00:00","breadcrumb":{"@id":"https:\/\/nanoclean24.com\/fr\/produit\/nanoclean-home-h09-cat-fresh\/#breadcrumb"},"inLanguage":"fr-FR","potentialAction":[{"@type":"ReadAction","target":["https:\/\/nanoclean24.com\/fr\/produit\/nanoclean-home-h09-cat-fresh\/"]}]},{"@type":"ImageObject","inLanguage":"fr-FR","@id":"https:\/\/nanoclean24.com\/fr\/produit\/nanoclean-home-h09-cat-fresh\/#primaryimage","url":"https:\/\/nanoclean24.com\/wp-content\/uploads\/2025\/10\/h09-1.png","contentUrl":"https:\/\/nanoclean24.com\/wp-content\/uploads\/2025\/10\/h09-1.png","width":1010,"height":1010},{"@type":"BreadcrumbList","@id":"https:\/\/nanoclean24.com\/fr\/produit\/nanoclean-home-h09-cat-fresh\/#breadcrumb","itemListElement":[{"@type":"ListItem","position":1,"name":"Strona g\u0142\u00f3wna","item":"https:\/\/nanoclean24.com\/fr\/"},{"@type":"ListItem","position":2,"name":"Boutique","item":"https:\/\/nanoclean24.com\/shop\/"},{"@type":"ListItem","position":3,"name":"NANOCLEAN HOME H09 CAT FRESH"}]},{"@type":"WebSite","@id":"https:\/\/nanoclean24.com\/fr\/#website","url":"https:\/\/nanoclean24.com\/fr\/","name":"NanoClean","description":"","publisher":{"@id":"https:\/\/nanoclean24.com\/fr\/#organization"},"potentialAction":[{"@type":"SearchAction","target":{"@type":"EntryPoint","urlTemplate":"https:\/\/nanoclean24.com\/fr\/?s={search_term_string}"},"query-input":{"@type":"PropertyValueSpecification","valueRequired":true,"valueName":"search_term_string"}}],"inLanguage":"fr-FR"},{"@type":"Organization","@id":"https:\/\/nanoclean24.com\/fr\/#organization","name":"NanoClean","url":"https:\/\/nanoclean24.com\/fr\/","logo":{"@type":"ImageObject","inLanguage":"fr-FR","@id":"https:\/\/nanoclean24.com\/fr\/#\/schema\/logo\/image\/","url":"https:\/\/nanoclean24.com\/wp-content\/uploads\/2025\/07\/logo-2.jpg","contentUrl":"https:\/\/nanoclean24.com\/wp-content\/uploads\/2025\/07\/logo-2.jpg","width":1068,"height":224,"caption":"NanoClean"},"image":{"@id":"https:\/\/nanoclean24.com\/fr\/#\/schema\/logo\/image\/"}}]}},"taxonomy_info":{"product_cat":[{"value":171,"label":"HOME"}]},"featured_image_src_large":["https:\/\/nanoclean24.com\/wp-content\/uploads\/2025\/10\/h09-1.png",1010,1010,false],"author_info":[],"comment_info":"","_links":{"self":[{"href":"https:\/\/nanoclean24.com\/fr\/wp-json\/wp\/v2\/product\/9171","targetHints":{"allow":["GET"]}}],"collection":[{"href":"https:\/\/nanoclean24.com\/fr\/wp-json\/wp\/v2\/product"}],"about":[{"href":"https:\/\/nanoclean24.com\/fr\/wp-json\/wp\/v2\/types\/product"}],"wp:featuredmedia":[{"embeddable":true,"href":"https:\/\/nanoclean24.com\/fr\/wp-json\/wp\/v2\/media\/10166"}],"wp:attachment":[{"href":"https:\/\/nanoclean24.com\/fr\/wp-json\/wp\/v2\/media?parent=9171"}],"wp:term":[{"taxonomy":"product_brand","embeddable":true,"href":"https:\/\/nanoclean24.com\/fr\/wp-json\/wp\/v2\/product_brand?post=9171"},{"taxonomy":"product_cat","embeddable":true,"href":"https:\/\/nanoclean24.com\/fr\/wp-json\/wp\/v2\/product_cat?post=9171"},{"taxonomy":"product_tag","embeddable":true,"href":"https:\/\/nanoclean24.com\/fr\/wp-json\/wp\/v2\/product_tag?post=9171"}],"curies":[{"name":"wp","href":"https:\/\/api.w.org\/{rel}","templated":true}]}}