{"id":9165,"date":"2025-10-17T20:57:18","date_gmt":"2025-10-17T18:57:18","guid":{"rendered":"https:\/\/nanoclean24.com\/produkt\/nanoclean-home-h05-laundry-fresh\/"},"modified":"2025-10-21T12:47:29","modified_gmt":"2025-10-21T10:47:29","slug":"nanoclean-home-h05-laundry-fresh","status":"publish","type":"product","link":"https:\/\/nanoclean24.com\/fr\/produit\/nanoclean-home-h05-laundry-fresh\/","title":{"rendered":"NANOCLEAN HOME H05 LAUNDRY FRESH"},"content":{"rendered":"\n<p>NANOCLEAN AIR LAUNDRY FRESH est un produit d&rsquo;hygi\u00e8ne polyvalent con\u00e7u pour le lave-linge, le s\u00e8che-linge, les paniers \u00e0 linge et le linge sale. Il supprime les mauvaises odeurs, \u00e9limine les bact\u00e9ries et rafra\u00eechit les tissus et les appareils m\u00e9nagers sans produits chimiques agressifs. Formule douce &#8211; sans chlore, sans alcool et sans ald\u00e9hydes.  <\/p>\n","protected":false},"excerpt":{"rendered":"<h3>Avantages<\/h3>\n<p class=\"whitespace-normal break-words\">\u2705 <strong>Neutralise les odeurs tenaces<\/strong> &#8211; \u00c9limine efficacement les odeurs d\u00e9sagr\u00e9ables caus\u00e9es par l&rsquo;humidit\u00e9, la salet\u00e9 et les bact\u00e9ries, et r\u00e9tablit la fra\u00eecheur.<\/p>\n<p class=\"whitespace-normal break-words\">\u2705 <strong>D\u00e9sinfection compl\u00e8te<\/strong> &#8211; D\u00e9sinfecte en profondeur les surfaces et les \u00e9quipements du linge, en \u00e9liminant les bact\u00e9ries et les champignons \u00e0 la source.<\/p>\n<p class=\"whitespace-normal break-words\">\u2705 <strong>Utilisation polyvalente en blanchisserie<\/strong> &#8211; Id\u00e9al pour le nettoyage des tambours de machines \u00e0 laver, des joints, des s\u00e9choirs et des paniers \u00e0 linge, garantissant l&rsquo;hygi\u00e8ne de l&rsquo;ensemble de la zone de blanchisserie.<\/p>\n<p class=\"whitespace-normal break-words\">\u2705 <strong>S\u00fbr pour une vari\u00e9t\u00e9 de tissus<\/strong> &#8211; Peut \u00eatre utilis\u00e9 en toute s\u00e9curit\u00e9 sur les v\u00eatements de tous les jours, les v\u00eatements de sport, les uniformes d&rsquo;affaires et les tissus pour animaux sans risque d&rsquo;endommagement.<\/p>\n","protected":false},"featured_media":8781,"template":"","meta":{"_kad_blocks_custom_css":"","_kad_blocks_head_custom_js":"","_kad_blocks_body_custom_js":"","_kad_blocks_footer_custom_js":"","_kad_post_transparent":"","_kad_post_title":"","_kad_post_layout":"","_kad_post_sidebar_id":"","_kad_post_content_style":"","_kad_post_vertical_padding":"","_kad_post_feature":"","_kad_post_feature_position":"","_kad_post_header":false,"_kad_post_footer":false,"_kad_post_classname":""},"product_brand":[],"product_cat":[171],"product_tag":[],"class_list":{"0":"post-9165","1":"product","2":"type-product","3":"status-publish","4":"has-post-thumbnail","6":"product_cat-home-fr-2","8":"first","9":"outofstock","10":"taxable","11":"shipping-taxable","12":"product-type-simple","13":"entry","14":"content-bg","15":"loop-entry"},"yoast_head":"<!-- This site is optimized with the Yoast SEO plugin v27.2 - https:\/\/yoast.com\/product\/yoast-seo-wordpress\/ -->\n<title>NANOCLEAN HOME H05 LAUNDRY FRESH - NANOCLEAN<\/title>\n<meta name=\"robots\" content=\"index, follow, max-snippet:-1, max-image-preview:large, max-video-preview:-1\" \/>\n<link rel=\"canonical\" href=\"https:\/\/nanoclean24.com\/fr\/produit\/nanoclean-home-h05-laundry-fresh\/\" \/>\n<meta property=\"og:locale\" content=\"fr_FR\" \/>\n<meta property=\"og:type\" content=\"article\" \/>\n<meta property=\"og:title\" content=\"NANOCLEAN HOME H05 LAUNDRY FRESH - NANOCLEAN\" \/>\n<meta property=\"og:description\" content=\"Avantages \u2705 Neutralise les odeurs tenaces - \u00c9limine efficacement les odeurs d\u00e9sagr\u00e9ables caus\u00e9es par l&#039;humidit\u00e9, la salet\u00e9 et les bact\u00e9ries, et r\u00e9tablit la fra\u00eecheur. \u2705 D\u00e9sinfection compl\u00e8te - D\u00e9sinfecte en profondeur les surfaces et les \u00e9quipements du linge, en \u00e9liminant les bact\u00e9ries et les champignons \u00e0 la source. \u2705 Utilisation polyvalente en blanchisserie - Id\u00e9al pour le nettoyage des tambours de machines \u00e0 laver, des joints, des s\u00e9choirs et des paniers \u00e0 linge, garantissant l&#039;hygi\u00e8ne de l&#039;ensemble de la zone de blanchisserie. \u2705 S\u00fbr pour une vari\u00e9t\u00e9 de tissus - Peut \u00eatre utilis\u00e9 en toute s\u00e9curit\u00e9 sur les v\u00eatements de tous les jours, les v\u00eatements de sport, les uniformes d&#039;affaires et les tissus pour animaux sans risque d&#039;endommagement.\" \/>\n<meta property=\"og:url\" content=\"https:\/\/nanoclean24.com\/fr\/produit\/nanoclean-home-h05-laundry-fresh\/\" \/>\n<meta property=\"og:site_name\" content=\"NANOCLEAN\" \/>\n<meta property=\"article:modified_time\" content=\"2025-10-21T10:47:29+00:00\" \/>\n<meta property=\"og:image\" content=\"https:\/\/nanoclean24.com\/wp-content\/uploads\/2025\/10\/h05.png\" \/>\n\t<meta property=\"og:image:width\" content=\"1010\" \/>\n\t<meta property=\"og:image:height\" content=\"1010\" \/>\n\t<meta property=\"og:image:type\" content=\"image\/png\" \/>\n<meta name=\"twitter:card\" content=\"summary_large_image\" \/>\n<script type=\"application\/ld+json\" class=\"yoast-schema-graph\">{\"@context\":\"https:\/\/schema.org\",\"@graph\":[{\"@type\":\"WebPage\",\"@id\":\"https:\/\/nanoclean24.com\/fr\/produit\/nanoclean-home-h05-laundry-fresh\/\",\"url\":\"https:\/\/nanoclean24.com\/fr\/produit\/nanoclean-home-h05-laundry-fresh\/\",\"name\":\"NANOCLEAN HOME H05 LAUNDRY FRESH - NANOCLEAN\",\"isPartOf\":{\"@id\":\"https:\/\/nanoclean24.com\/fr\/#website\"},\"primaryImageOfPage\":{\"@id\":\"https:\/\/nanoclean24.com\/fr\/produit\/nanoclean-home-h05-laundry-fresh\/#primaryimage\"},\"image\":{\"@id\":\"https:\/\/nanoclean24.com\/fr\/produit\/nanoclean-home-h05-laundry-fresh\/#primaryimage\"},\"thumbnailUrl\":\"https:\/\/nanoclean24.com\/wp-content\/uploads\/2025\/10\/h05.png\",\"datePublished\":\"2025-10-17T18:57:18+00:00\",\"dateModified\":\"2025-10-21T10:47:29+00:00\",\"breadcrumb\":{\"@id\":\"https:\/\/nanoclean24.com\/fr\/produit\/nanoclean-home-h05-laundry-fresh\/#breadcrumb\"},\"inLanguage\":\"fr-FR\",\"potentialAction\":[{\"@type\":\"ReadAction\",\"target\":[\"https:\/\/nanoclean24.com\/fr\/produit\/nanoclean-home-h05-laundry-fresh\/\"]}]},{\"@type\":\"ImageObject\",\"inLanguage\":\"fr-FR\",\"@id\":\"https:\/\/nanoclean24.com\/fr\/produit\/nanoclean-home-h05-laundry-fresh\/#primaryimage\",\"url\":\"https:\/\/nanoclean24.com\/wp-content\/uploads\/2025\/10\/h05.png\",\"contentUrl\":\"https:\/\/nanoclean24.com\/wp-content\/uploads\/2025\/10\/h05.png\",\"width\":1010,\"height\":1010},{\"@type\":\"BreadcrumbList\",\"@id\":\"https:\/\/nanoclean24.com\/fr\/produit\/nanoclean-home-h05-laundry-fresh\/#breadcrumb\",\"itemListElement\":[{\"@type\":\"ListItem\",\"position\":1,\"name\":\"Strona g\u0142\u00f3wna\",\"item\":\"https:\/\/nanoclean24.com\/fr\/\"},{\"@type\":\"ListItem\",\"position\":2,\"name\":\"Boutique\",\"item\":\"https:\/\/nanoclean24.com\/shop\/\"},{\"@type\":\"ListItem\",\"position\":3,\"name\":\"NANOCLEAN HOME H05 LAUNDRY FRESH\"}]},{\"@type\":\"WebSite\",\"@id\":\"https:\/\/nanoclean24.com\/fr\/#website\",\"url\":\"https:\/\/nanoclean24.com\/fr\/\",\"name\":\"NanoClean\",\"description\":\"\",\"publisher\":{\"@id\":\"https:\/\/nanoclean24.com\/fr\/#organization\"},\"potentialAction\":[{\"@type\":\"SearchAction\",\"target\":{\"@type\":\"EntryPoint\",\"urlTemplate\":\"https:\/\/nanoclean24.com\/fr\/?s={search_term_string}\"},\"query-input\":{\"@type\":\"PropertyValueSpecification\",\"valueRequired\":true,\"valueName\":\"search_term_string\"}}],\"inLanguage\":\"fr-FR\"},{\"@type\":\"Organization\",\"@id\":\"https:\/\/nanoclean24.com\/fr\/#organization\",\"name\":\"NanoClean\",\"url\":\"https:\/\/nanoclean24.com\/fr\/\",\"logo\":{\"@type\":\"ImageObject\",\"inLanguage\":\"fr-FR\",\"@id\":\"https:\/\/nanoclean24.com\/fr\/#\/schema\/logo\/image\/\",\"url\":\"https:\/\/nanoclean24.com\/wp-content\/uploads\/2025\/07\/logo-2.jpg\",\"contentUrl\":\"https:\/\/nanoclean24.com\/wp-content\/uploads\/2025\/07\/logo-2.jpg\",\"width\":1068,\"height\":224,\"caption\":\"NanoClean\"},\"image\":{\"@id\":\"https:\/\/nanoclean24.com\/fr\/#\/schema\/logo\/image\/\"}}]}<\/script>\n<!-- \/ Yoast SEO plugin. -->","yoast_head_json":{"title":"NANOCLEAN HOME H05 LAUNDRY FRESH - NANOCLEAN","robots":{"index":"index","follow":"follow","max-snippet":"max-snippet:-1","max-image-preview":"max-image-preview:large","max-video-preview":"max-video-preview:-1"},"canonical":"https:\/\/nanoclean24.com\/fr\/produit\/nanoclean-home-h05-laundry-fresh\/","og_locale":"fr_FR","og_type":"article","og_title":"NANOCLEAN HOME H05 LAUNDRY FRESH - NANOCLEAN","og_description":"Avantages \u2705 Neutralise les odeurs tenaces - \u00c9limine efficacement les odeurs d\u00e9sagr\u00e9ables caus\u00e9es par l'humidit\u00e9, la salet\u00e9 et les bact\u00e9ries, et r\u00e9tablit la fra\u00eecheur. \u2705 D\u00e9sinfection compl\u00e8te - D\u00e9sinfecte en profondeur les surfaces et les \u00e9quipements du linge, en \u00e9liminant les bact\u00e9ries et les champignons \u00e0 la source. \u2705 Utilisation polyvalente en blanchisserie - Id\u00e9al pour le nettoyage des tambours de machines \u00e0 laver, des joints, des s\u00e9choirs et des paniers \u00e0 linge, garantissant l'hygi\u00e8ne de l'ensemble de la zone de blanchisserie. \u2705 S\u00fbr pour une vari\u00e9t\u00e9 de tissus - Peut \u00eatre utilis\u00e9 en toute s\u00e9curit\u00e9 sur les v\u00eatements de tous les jours, les v\u00eatements de sport, les uniformes d'affaires et les tissus pour animaux sans risque d'endommagement.","og_url":"https:\/\/nanoclean24.com\/fr\/produit\/nanoclean-home-h05-laundry-fresh\/","og_site_name":"NANOCLEAN","article_modified_time":"2025-10-21T10:47:29+00:00","og_image":[{"width":1010,"height":1010,"url":"https:\/\/nanoclean24.com\/wp-content\/uploads\/2025\/10\/h05.png","type":"image\/png"}],"twitter_card":"summary_large_image","schema":{"@context":"https:\/\/schema.org","@graph":[{"@type":"WebPage","@id":"https:\/\/nanoclean24.com\/fr\/produit\/nanoclean-home-h05-laundry-fresh\/","url":"https:\/\/nanoclean24.com\/fr\/produit\/nanoclean-home-h05-laundry-fresh\/","name":"NANOCLEAN HOME H05 LAUNDRY FRESH - NANOCLEAN","isPartOf":{"@id":"https:\/\/nanoclean24.com\/fr\/#website"},"primaryImageOfPage":{"@id":"https:\/\/nanoclean24.com\/fr\/produit\/nanoclean-home-h05-laundry-fresh\/#primaryimage"},"image":{"@id":"https:\/\/nanoclean24.com\/fr\/produit\/nanoclean-home-h05-laundry-fresh\/#primaryimage"},"thumbnailUrl":"https:\/\/nanoclean24.com\/wp-content\/uploads\/2025\/10\/h05.png","datePublished":"2025-10-17T18:57:18+00:00","dateModified":"2025-10-21T10:47:29+00:00","breadcrumb":{"@id":"https:\/\/nanoclean24.com\/fr\/produit\/nanoclean-home-h05-laundry-fresh\/#breadcrumb"},"inLanguage":"fr-FR","potentialAction":[{"@type":"ReadAction","target":["https:\/\/nanoclean24.com\/fr\/produit\/nanoclean-home-h05-laundry-fresh\/"]}]},{"@type":"ImageObject","inLanguage":"fr-FR","@id":"https:\/\/nanoclean24.com\/fr\/produit\/nanoclean-home-h05-laundry-fresh\/#primaryimage","url":"https:\/\/nanoclean24.com\/wp-content\/uploads\/2025\/10\/h05.png","contentUrl":"https:\/\/nanoclean24.com\/wp-content\/uploads\/2025\/10\/h05.png","width":1010,"height":1010},{"@type":"BreadcrumbList","@id":"https:\/\/nanoclean24.com\/fr\/produit\/nanoclean-home-h05-laundry-fresh\/#breadcrumb","itemListElement":[{"@type":"ListItem","position":1,"name":"Strona g\u0142\u00f3wna","item":"https:\/\/nanoclean24.com\/fr\/"},{"@type":"ListItem","position":2,"name":"Boutique","item":"https:\/\/nanoclean24.com\/shop\/"},{"@type":"ListItem","position":3,"name":"NANOCLEAN HOME H05 LAUNDRY FRESH"}]},{"@type":"WebSite","@id":"https:\/\/nanoclean24.com\/fr\/#website","url":"https:\/\/nanoclean24.com\/fr\/","name":"NanoClean","description":"","publisher":{"@id":"https:\/\/nanoclean24.com\/fr\/#organization"},"potentialAction":[{"@type":"SearchAction","target":{"@type":"EntryPoint","urlTemplate":"https:\/\/nanoclean24.com\/fr\/?s={search_term_string}"},"query-input":{"@type":"PropertyValueSpecification","valueRequired":true,"valueName":"search_term_string"}}],"inLanguage":"fr-FR"},{"@type":"Organization","@id":"https:\/\/nanoclean24.com\/fr\/#organization","name":"NanoClean","url":"https:\/\/nanoclean24.com\/fr\/","logo":{"@type":"ImageObject","inLanguage":"fr-FR","@id":"https:\/\/nanoclean24.com\/fr\/#\/schema\/logo\/image\/","url":"https:\/\/nanoclean24.com\/wp-content\/uploads\/2025\/07\/logo-2.jpg","contentUrl":"https:\/\/nanoclean24.com\/wp-content\/uploads\/2025\/07\/logo-2.jpg","width":1068,"height":224,"caption":"NanoClean"},"image":{"@id":"https:\/\/nanoclean24.com\/fr\/#\/schema\/logo\/image\/"}}]}},"taxonomy_info":{"product_cat":[{"value":171,"label":"HOME"}]},"featured_image_src_large":["https:\/\/nanoclean24.com\/wp-content\/uploads\/2025\/10\/h05.png",1010,1010,false],"author_info":[],"comment_info":"","_links":{"self":[{"href":"https:\/\/nanoclean24.com\/fr\/wp-json\/wp\/v2\/product\/9165","targetHints":{"allow":["GET"]}}],"collection":[{"href":"https:\/\/nanoclean24.com\/fr\/wp-json\/wp\/v2\/product"}],"about":[{"href":"https:\/\/nanoclean24.com\/fr\/wp-json\/wp\/v2\/types\/product"}],"wp:featuredmedia":[{"embeddable":true,"href":"https:\/\/nanoclean24.com\/fr\/wp-json\/wp\/v2\/media\/8781"}],"wp:attachment":[{"href":"https:\/\/nanoclean24.com\/fr\/wp-json\/wp\/v2\/media?parent=9165"}],"wp:term":[{"taxonomy":"product_brand","embeddable":true,"href":"https:\/\/nanoclean24.com\/fr\/wp-json\/wp\/v2\/product_brand?post=9165"},{"taxonomy":"product_cat","embeddable":true,"href":"https:\/\/nanoclean24.com\/fr\/wp-json\/wp\/v2\/product_cat?post=9165"},{"taxonomy":"product_tag","embeddable":true,"href":"https:\/\/nanoclean24.com\/fr\/wp-json\/wp\/v2\/product_tag?post=9165"}],"curies":[{"name":"wp","href":"https:\/\/api.w.org\/{rel}","templated":true}]}}