{"id":9149,"date":"2025-10-17T20:05:39","date_gmt":"2025-10-17T18:05:39","guid":{"rendered":"https:\/\/nanoclean24.com\/produkt\/nanoclean-home-h22-inox-steelshine\/"},"modified":"2025-11-02T15:02:12","modified_gmt":"2025-11-02T14:02:12","slug":"nanoclean-home-h22-inox-steelshine","status":"publish","type":"product","link":"https:\/\/nanoclean24.com\/fr\/produit\/nanoclean-home-h22-inox-steelshine\/","title":{"rendered":"NANOCLEAN HOME H22 INOX STEELSHINE"},"content":{"rendered":"\n<p>NANOCLEAN H22 est un produit de nettoyage et de polissage professionnel pour les appareils de cuisine et les surfaces en acier inoxydable. Il \u00e9limine les traces de doigts, la graisse et les taches et r\u00e9tablit la brillance naturelle. Laisse un film protecteur et antistatique.  <\/p>\n","protected":false},"excerpt":{"rendered":"<h3>Avantages<\/h3>\n<p class=\"whitespace-normal break-words\">\u2705 <strong>Brillance parfaite <\/strong>&#8211; Nettoie et polit efficacement l&rsquo;acier inoxydable, lui redonnant sa finition miroir et son aspect \u00e9l\u00e9gant.<\/p>\n<p class=\"whitespace-normal break-words\">\u2705 <strong>Sans trace ni r\u00e9sidu<\/strong> &#8211; Ne laisse ni trace ni r\u00e9sidu disgracieux, garantissant une surface impeccable.<\/p>\n<p class=\"whitespace-normal break-words\"><strong>\u2705 Protection contre la salet\u00e9 <\/strong>&#8211; Cr\u00e9e une couche protectrice invisible qui emp\u00eache les taches et les empreintes digitales.<\/p>\n<p class=\"whitespace-normal break-words\">\u2705 <strong>Polyvalent<\/strong> &#8211; Id\u00e9al pour nettoyer les r\u00e9frig\u00e9rateurs, les fours, les hottes et toutes les surfaces en acier inoxydable de votre cuisine.<\/p>\n","protected":false},"featured_media":10190,"template":"","meta":{"_kad_blocks_custom_css":"","_kad_blocks_head_custom_js":"","_kad_blocks_body_custom_js":"","_kad_blocks_footer_custom_js":"","_kad_post_transparent":"","_kad_post_title":"","_kad_post_layout":"","_kad_post_sidebar_id":"","_kad_post_content_style":"","_kad_post_vertical_padding":"","_kad_post_feature":"","_kad_post_feature_position":"","_kad_post_header":false,"_kad_post_footer":false,"_kad_post_classname":""},"product_brand":[],"product_cat":[171],"product_tag":[],"class_list":{"0":"post-9149","1":"product","2":"type-product","3":"status-publish","4":"has-post-thumbnail","6":"product_cat-home-fr-2","8":"first","9":"outofstock","10":"taxable","11":"shipping-taxable","12":"product-type-simple","13":"entry","14":"content-bg","15":"loop-entry"},"yoast_head":"<!-- This site is optimized with the Yoast SEO plugin v27.2 - https:\/\/yoast.com\/product\/yoast-seo-wordpress\/ -->\n<title>NANOCLEAN HOME H22 INOX STEELSHINE - NANOCLEAN<\/title>\n<meta name=\"robots\" content=\"index, follow, max-snippet:-1, max-image-preview:large, max-video-preview:-1\" \/>\n<link rel=\"canonical\" href=\"https:\/\/nanoclean24.com\/fr\/produit\/nanoclean-home-h22-inox-steelshine\/\" \/>\n<meta property=\"og:locale\" content=\"fr_FR\" \/>\n<meta property=\"og:type\" content=\"article\" \/>\n<meta property=\"og:title\" content=\"NANOCLEAN HOME H22 INOX STEELSHINE - NANOCLEAN\" \/>\n<meta property=\"og:description\" content=\"Avantages \u2705 Brillance parfaite - Nettoie et polit efficacement l&#039;acier inoxydable, lui redonnant sa finition miroir et son aspect \u00e9l\u00e9gant. \u2705 Sans trace ni r\u00e9sidu - Ne laisse ni trace ni r\u00e9sidu disgracieux, garantissant une surface impeccable. \u2705 Protection contre la salet\u00e9 - Cr\u00e9e une couche protectrice invisible qui emp\u00eache les taches et les empreintes digitales. \u2705 Polyvalent - Id\u00e9al pour nettoyer les r\u00e9frig\u00e9rateurs, les fours, les hottes et toutes les surfaces en acier inoxydable de votre cuisine.\" \/>\n<meta property=\"og:url\" content=\"https:\/\/nanoclean24.com\/fr\/produit\/nanoclean-home-h22-inox-steelshine\/\" \/>\n<meta property=\"og:site_name\" content=\"NANOCLEAN\" \/>\n<meta property=\"article:modified_time\" content=\"2025-11-02T14:02:12+00:00\" \/>\n<meta property=\"og:image\" content=\"https:\/\/nanoclean24.com\/wp-content\/uploads\/2025\/10\/h22-1.png\" \/>\n\t<meta property=\"og:image:width\" content=\"1010\" \/>\n\t<meta property=\"og:image:height\" content=\"1010\" \/>\n\t<meta property=\"og:image:type\" content=\"image\/png\" \/>\n<meta name=\"twitter:card\" content=\"summary_large_image\" \/>\n<script type=\"application\/ld+json\" class=\"yoast-schema-graph\">{\"@context\":\"https:\/\/schema.org\",\"@graph\":[{\"@type\":\"WebPage\",\"@id\":\"https:\/\/nanoclean24.com\/fr\/produit\/nanoclean-home-h22-inox-steelshine\/\",\"url\":\"https:\/\/nanoclean24.com\/fr\/produit\/nanoclean-home-h22-inox-steelshine\/\",\"name\":\"NANOCLEAN HOME H22 INOX STEELSHINE - NANOCLEAN\",\"isPartOf\":{\"@id\":\"https:\/\/nanoclean24.com\/fr\/#website\"},\"primaryImageOfPage\":{\"@id\":\"https:\/\/nanoclean24.com\/fr\/produit\/nanoclean-home-h22-inox-steelshine\/#primaryimage\"},\"image\":{\"@id\":\"https:\/\/nanoclean24.com\/fr\/produit\/nanoclean-home-h22-inox-steelshine\/#primaryimage\"},\"thumbnailUrl\":\"https:\/\/nanoclean24.com\/wp-content\/uploads\/2025\/10\/h22-1.png\",\"datePublished\":\"2025-10-17T18:05:39+00:00\",\"dateModified\":\"2025-11-02T14:02:12+00:00\",\"breadcrumb\":{\"@id\":\"https:\/\/nanoclean24.com\/fr\/produit\/nanoclean-home-h22-inox-steelshine\/#breadcrumb\"},\"inLanguage\":\"fr-FR\",\"potentialAction\":[{\"@type\":\"ReadAction\",\"target\":[\"https:\/\/nanoclean24.com\/fr\/produit\/nanoclean-home-h22-inox-steelshine\/\"]}]},{\"@type\":\"ImageObject\",\"inLanguage\":\"fr-FR\",\"@id\":\"https:\/\/nanoclean24.com\/fr\/produit\/nanoclean-home-h22-inox-steelshine\/#primaryimage\",\"url\":\"https:\/\/nanoclean24.com\/wp-content\/uploads\/2025\/10\/h22-1.png\",\"contentUrl\":\"https:\/\/nanoclean24.com\/wp-content\/uploads\/2025\/10\/h22-1.png\",\"width\":1010,\"height\":1010},{\"@type\":\"BreadcrumbList\",\"@id\":\"https:\/\/nanoclean24.com\/fr\/produit\/nanoclean-home-h22-inox-steelshine\/#breadcrumb\",\"itemListElement\":[{\"@type\":\"ListItem\",\"position\":1,\"name\":\"Strona g\u0142\u00f3wna\",\"item\":\"https:\/\/nanoclean24.com\/fr\/\"},{\"@type\":\"ListItem\",\"position\":2,\"name\":\"Boutique\",\"item\":\"https:\/\/nanoclean24.com\/shop\/\"},{\"@type\":\"ListItem\",\"position\":3,\"name\":\"NANOCLEAN HOME H22 INOX STEELSHINE\"}]},{\"@type\":\"WebSite\",\"@id\":\"https:\/\/nanoclean24.com\/fr\/#website\",\"url\":\"https:\/\/nanoclean24.com\/fr\/\",\"name\":\"NanoClean\",\"description\":\"\",\"publisher\":{\"@id\":\"https:\/\/nanoclean24.com\/fr\/#organization\"},\"potentialAction\":[{\"@type\":\"SearchAction\",\"target\":{\"@type\":\"EntryPoint\",\"urlTemplate\":\"https:\/\/nanoclean24.com\/fr\/?s={search_term_string}\"},\"query-input\":{\"@type\":\"PropertyValueSpecification\",\"valueRequired\":true,\"valueName\":\"search_term_string\"}}],\"inLanguage\":\"fr-FR\"},{\"@type\":\"Organization\",\"@id\":\"https:\/\/nanoclean24.com\/fr\/#organization\",\"name\":\"NanoClean\",\"url\":\"https:\/\/nanoclean24.com\/fr\/\",\"logo\":{\"@type\":\"ImageObject\",\"inLanguage\":\"fr-FR\",\"@id\":\"https:\/\/nanoclean24.com\/fr\/#\/schema\/logo\/image\/\",\"url\":\"https:\/\/nanoclean24.com\/wp-content\/uploads\/2025\/07\/logo-2.jpg\",\"contentUrl\":\"https:\/\/nanoclean24.com\/wp-content\/uploads\/2025\/07\/logo-2.jpg\",\"width\":1068,\"height\":224,\"caption\":\"NanoClean\"},\"image\":{\"@id\":\"https:\/\/nanoclean24.com\/fr\/#\/schema\/logo\/image\/\"}}]}<\/script>\n<!-- \/ Yoast SEO plugin. -->","yoast_head_json":{"title":"NANOCLEAN HOME H22 INOX STEELSHINE - NANOCLEAN","robots":{"index":"index","follow":"follow","max-snippet":"max-snippet:-1","max-image-preview":"max-image-preview:large","max-video-preview":"max-video-preview:-1"},"canonical":"https:\/\/nanoclean24.com\/fr\/produit\/nanoclean-home-h22-inox-steelshine\/","og_locale":"fr_FR","og_type":"article","og_title":"NANOCLEAN HOME H22 INOX STEELSHINE - NANOCLEAN","og_description":"Avantages \u2705 Brillance parfaite - Nettoie et polit efficacement l'acier inoxydable, lui redonnant sa finition miroir et son aspect \u00e9l\u00e9gant. \u2705 Sans trace ni r\u00e9sidu - Ne laisse ni trace ni r\u00e9sidu disgracieux, garantissant une surface impeccable. \u2705 Protection contre la salet\u00e9 - Cr\u00e9e une couche protectrice invisible qui emp\u00eache les taches et les empreintes digitales. \u2705 Polyvalent - Id\u00e9al pour nettoyer les r\u00e9frig\u00e9rateurs, les fours, les hottes et toutes les surfaces en acier inoxydable de votre cuisine.","og_url":"https:\/\/nanoclean24.com\/fr\/produit\/nanoclean-home-h22-inox-steelshine\/","og_site_name":"NANOCLEAN","article_modified_time":"2025-11-02T14:02:12+00:00","og_image":[{"width":1010,"height":1010,"url":"https:\/\/nanoclean24.com\/wp-content\/uploads\/2025\/10\/h22-1.png","type":"image\/png"}],"twitter_card":"summary_large_image","schema":{"@context":"https:\/\/schema.org","@graph":[{"@type":"WebPage","@id":"https:\/\/nanoclean24.com\/fr\/produit\/nanoclean-home-h22-inox-steelshine\/","url":"https:\/\/nanoclean24.com\/fr\/produit\/nanoclean-home-h22-inox-steelshine\/","name":"NANOCLEAN HOME H22 INOX STEELSHINE - NANOCLEAN","isPartOf":{"@id":"https:\/\/nanoclean24.com\/fr\/#website"},"primaryImageOfPage":{"@id":"https:\/\/nanoclean24.com\/fr\/produit\/nanoclean-home-h22-inox-steelshine\/#primaryimage"},"image":{"@id":"https:\/\/nanoclean24.com\/fr\/produit\/nanoclean-home-h22-inox-steelshine\/#primaryimage"},"thumbnailUrl":"https:\/\/nanoclean24.com\/wp-content\/uploads\/2025\/10\/h22-1.png","datePublished":"2025-10-17T18:05:39+00:00","dateModified":"2025-11-02T14:02:12+00:00","breadcrumb":{"@id":"https:\/\/nanoclean24.com\/fr\/produit\/nanoclean-home-h22-inox-steelshine\/#breadcrumb"},"inLanguage":"fr-FR","potentialAction":[{"@type":"ReadAction","target":["https:\/\/nanoclean24.com\/fr\/produit\/nanoclean-home-h22-inox-steelshine\/"]}]},{"@type":"ImageObject","inLanguage":"fr-FR","@id":"https:\/\/nanoclean24.com\/fr\/produit\/nanoclean-home-h22-inox-steelshine\/#primaryimage","url":"https:\/\/nanoclean24.com\/wp-content\/uploads\/2025\/10\/h22-1.png","contentUrl":"https:\/\/nanoclean24.com\/wp-content\/uploads\/2025\/10\/h22-1.png","width":1010,"height":1010},{"@type":"BreadcrumbList","@id":"https:\/\/nanoclean24.com\/fr\/produit\/nanoclean-home-h22-inox-steelshine\/#breadcrumb","itemListElement":[{"@type":"ListItem","position":1,"name":"Strona g\u0142\u00f3wna","item":"https:\/\/nanoclean24.com\/fr\/"},{"@type":"ListItem","position":2,"name":"Boutique","item":"https:\/\/nanoclean24.com\/shop\/"},{"@type":"ListItem","position":3,"name":"NANOCLEAN HOME H22 INOX STEELSHINE"}]},{"@type":"WebSite","@id":"https:\/\/nanoclean24.com\/fr\/#website","url":"https:\/\/nanoclean24.com\/fr\/","name":"NanoClean","description":"","publisher":{"@id":"https:\/\/nanoclean24.com\/fr\/#organization"},"potentialAction":[{"@type":"SearchAction","target":{"@type":"EntryPoint","urlTemplate":"https:\/\/nanoclean24.com\/fr\/?s={search_term_string}"},"query-input":{"@type":"PropertyValueSpecification","valueRequired":true,"valueName":"search_term_string"}}],"inLanguage":"fr-FR"},{"@type":"Organization","@id":"https:\/\/nanoclean24.com\/fr\/#organization","name":"NanoClean","url":"https:\/\/nanoclean24.com\/fr\/","logo":{"@type":"ImageObject","inLanguage":"fr-FR","@id":"https:\/\/nanoclean24.com\/fr\/#\/schema\/logo\/image\/","url":"https:\/\/nanoclean24.com\/wp-content\/uploads\/2025\/07\/logo-2.jpg","contentUrl":"https:\/\/nanoclean24.com\/wp-content\/uploads\/2025\/07\/logo-2.jpg","width":1068,"height":224,"caption":"NanoClean"},"image":{"@id":"https:\/\/nanoclean24.com\/fr\/#\/schema\/logo\/image\/"}}]}},"taxonomy_info":{"product_cat":[{"value":171,"label":"HOME"}]},"featured_image_src_large":["https:\/\/nanoclean24.com\/wp-content\/uploads\/2025\/10\/h22-1.png",1010,1010,false],"author_info":[],"comment_info":"","_links":{"self":[{"href":"https:\/\/nanoclean24.com\/fr\/wp-json\/wp\/v2\/product\/9149","targetHints":{"allow":["GET"]}}],"collection":[{"href":"https:\/\/nanoclean24.com\/fr\/wp-json\/wp\/v2\/product"}],"about":[{"href":"https:\/\/nanoclean24.com\/fr\/wp-json\/wp\/v2\/types\/product"}],"wp:featuredmedia":[{"embeddable":true,"href":"https:\/\/nanoclean24.com\/fr\/wp-json\/wp\/v2\/media\/10190"}],"wp:attachment":[{"href":"https:\/\/nanoclean24.com\/fr\/wp-json\/wp\/v2\/media?parent=9149"}],"wp:term":[{"taxonomy":"product_brand","embeddable":true,"href":"https:\/\/nanoclean24.com\/fr\/wp-json\/wp\/v2\/product_brand?post=9149"},{"taxonomy":"product_cat","embeddable":true,"href":"https:\/\/nanoclean24.com\/fr\/wp-json\/wp\/v2\/product_cat?post=9149"},{"taxonomy":"product_tag","embeddable":true,"href":"https:\/\/nanoclean24.com\/fr\/wp-json\/wp\/v2\/product_tag?post=9149"}],"curies":[{"name":"wp","href":"https:\/\/api.w.org\/{rel}","templated":true}]}}