{"id":9131,"date":"2025-10-17T21:01:08","date_gmt":"2025-10-17T19:01:08","guid":{"rendered":"https:\/\/nanoclean24.com\/produkt\/nanoclean-home-h06-carpet-fresh\/"},"modified":"2025-11-02T14:30:18","modified_gmt":"2025-11-02T13:30:18","slug":"nanoclean-home-h06-carpet-fresh","status":"publish","type":"product","link":"https:\/\/nanoclean24.com\/fr\/produit\/nanoclean-home-h06-carpet-fresh\/","title":{"rendered":"NANOCLEAN HOME H06 CARPET FRESH"},"content":{"rendered":"\n<p>NANOCLEAN HOME CARPET FRESH est un spray polyvalent con\u00e7u pour nettoyer, d\u00e9sinfecter et \u00e9liminer les odeurs des tapis, des moquettes, des surfaces en tissu et des int\u00e9rieurs d&rsquo;aspirateur. Il p\u00e9n\u00e8tre en profondeur dans les fibres pour \u00e9liminer les taches et neutraliser les odeurs \u00e0 la source &#8211; id\u00e9al pour la maison, le bureau, la voiture et les zones r\u00e9serv\u00e9es aux animaux domestiques. Exempt de chlore, d&rsquo;alcool et d&rsquo;ald\u00e9hydes &#8211; sans danger pour les personnes, les animaux et les tissus.  <\/p>\n","protected":false},"excerpt":{"rendered":"<h3>Avantages<\/h3>\n<p class=\"whitespace-normal break-words\">\u2705 <strong>Neutralisation multifonctionnelle des<\/strong> odeurs &#8211; \u00c9limine efficacement les odeurs de salet\u00e9, de crasse, d&rsquo;urine, d&rsquo;animaux et d&rsquo;humidit\u00e9 \u00e0 la source m\u00eame.<\/p>\n<p class=\"whitespace-normal break-words\">\u2705 <strong>D\u00e9sinfection en profondeur des tissus<\/strong> &#8211; D\u00e9sinfecte les tapis, les surfaces en tissu et les parties internes des aspirateurs pour une hygi\u00e8ne compl\u00e8te.<\/p>\n<p class=\"whitespace-normal break-words\">\u2705 <strong>Lutte contre les allerg\u00e8nes<\/strong> &#8211; Aide \u00e0 r\u00e9duire les allerg\u00e8nes et les d\u00e9p\u00f4ts organiques, cr\u00e9ant ainsi un environnement plus sain pour votre famille et vos animaux de compagnie.<\/p>\n<p class=\"whitespace-normal break-words\">\u2705 <strong>Une fra\u00eecheur durable apr\u00e8s chaque utilisation<\/strong> &#8211; Non seulement il neutralise les odeurs, mais il rafra\u00eechit aussi l&rsquo;espace durablement \u00e0 chaque application.<\/p>\n<p class=\"whitespace-normal break-words\">\u2705 <strong>Polyvalent et s\u00fbr<\/strong> &#8211; Convient \u00e0 un usage quotidien sur la plupart des surfaces textiles sans risque d&rsquo;endommager le mat\u00e9riau.<\/p>\n","protected":false},"featured_media":10154,"template":"","meta":{"_kad_blocks_custom_css":"","_kad_blocks_head_custom_js":"","_kad_blocks_body_custom_js":"","_kad_blocks_footer_custom_js":"","_kad_post_transparent":"","_kad_post_title":"","_kad_post_layout":"","_kad_post_sidebar_id":"","_kad_post_content_style":"","_kad_post_vertical_padding":"","_kad_post_feature":"","_kad_post_feature_position":"","_kad_post_header":false,"_kad_post_footer":false,"_kad_post_classname":""},"product_brand":[],"product_cat":[171],"product_tag":[],"class_list":{"0":"post-9131","1":"product","2":"type-product","3":"status-publish","4":"has-post-thumbnail","6":"product_cat-home-fr-2","8":"first","9":"outofstock","10":"taxable","11":"shipping-taxable","12":"product-type-simple","13":"entry","14":"content-bg","15":"loop-entry"},"yoast_head":"<!-- This site is optimized with the Yoast SEO plugin v27.4 - https:\/\/yoast.com\/product\/yoast-seo-wordpress\/ -->\n<title>NANOCLEAN HOME H06 CARPET FRESH - NANOCLEAN<\/title>\n<meta name=\"robots\" content=\"index, follow, max-snippet:-1, max-image-preview:large, max-video-preview:-1\" \/>\n<link rel=\"canonical\" href=\"https:\/\/nanoclean24.com\/fr\/produit\/nanoclean-home-h06-carpet-fresh\/\" \/>\n<meta property=\"og:locale\" content=\"fr_FR\" \/>\n<meta property=\"og:type\" content=\"article\" \/>\n<meta property=\"og:title\" content=\"NANOCLEAN HOME H06 CARPET FRESH - NANOCLEAN\" \/>\n<meta property=\"og:description\" content=\"Avantages \u2705 Neutralisation multifonctionnelle des odeurs - \u00c9limine efficacement les odeurs de salet\u00e9, de crasse, d&#039;urine, d&#039;animaux et d&#039;humidit\u00e9 \u00e0 la source m\u00eame. \u2705 D\u00e9sinfection en profondeur des tissus - D\u00e9sinfecte les tapis, les surfaces en tissu et les parties internes des aspirateurs pour une hygi\u00e8ne compl\u00e8te. \u2705 Lutte contre les allerg\u00e8nes - Aide \u00e0 r\u00e9duire les allerg\u00e8nes et les d\u00e9p\u00f4ts organiques, cr\u00e9ant ainsi un environnement plus sain pour votre famille et vos animaux de compagnie. \u2705 Une fra\u00eecheur durable apr\u00e8s chaque utilisation - Non seulement il neutralise les odeurs, mais il rafra\u00eechit aussi l&#039;espace durablement \u00e0 chaque application. \u2705 Polyvalent et s\u00fbr - Convient \u00e0 un usage quotidien sur la plupart des surfaces textiles sans risque d&#039;endommager le mat\u00e9riau.\" \/>\n<meta property=\"og:url\" content=\"https:\/\/nanoclean24.com\/fr\/produit\/nanoclean-home-h06-carpet-fresh\/\" \/>\n<meta property=\"og:site_name\" content=\"NANOCLEAN\" \/>\n<meta property=\"article:modified_time\" content=\"2025-11-02T13:30:18+00:00\" \/>\n<meta property=\"og:image\" content=\"https:\/\/nanoclean24.com\/wp-content\/uploads\/2025\/10\/h06-1.png\" \/>\n\t<meta property=\"og:image:width\" content=\"1010\" \/>\n\t<meta property=\"og:image:height\" content=\"1010\" \/>\n\t<meta property=\"og:image:type\" content=\"image\/png\" \/>\n<meta name=\"twitter:card\" content=\"summary_large_image\" \/>\n<script type=\"application\/ld+json\" class=\"yoast-schema-graph\">{\"@context\":\"https:\\\/\\\/schema.org\",\"@graph\":[{\"@type\":\"WebPage\",\"@id\":\"https:\\\/\\\/nanoclean24.com\\\/fr\\\/produit\\\/nanoclean-home-h06-carpet-fresh\\\/\",\"url\":\"https:\\\/\\\/nanoclean24.com\\\/fr\\\/produit\\\/nanoclean-home-h06-carpet-fresh\\\/\",\"name\":\"NANOCLEAN HOME H06 CARPET FRESH - NANOCLEAN\",\"isPartOf\":{\"@id\":\"https:\\\/\\\/nanoclean24.com\\\/fr\\\/#website\"},\"primaryImageOfPage\":{\"@id\":\"https:\\\/\\\/nanoclean24.com\\\/fr\\\/produit\\\/nanoclean-home-h06-carpet-fresh\\\/#primaryimage\"},\"image\":{\"@id\":\"https:\\\/\\\/nanoclean24.com\\\/fr\\\/produit\\\/nanoclean-home-h06-carpet-fresh\\\/#primaryimage\"},\"thumbnailUrl\":\"https:\\\/\\\/nanoclean24.com\\\/wp-content\\\/uploads\\\/2025\\\/10\\\/h06-1.png\",\"datePublished\":\"2025-10-17T19:01:08+00:00\",\"dateModified\":\"2025-11-02T13:30:18+00:00\",\"breadcrumb\":{\"@id\":\"https:\\\/\\\/nanoclean24.com\\\/fr\\\/produit\\\/nanoclean-home-h06-carpet-fresh\\\/#breadcrumb\"},\"inLanguage\":\"fr-FR\",\"potentialAction\":[{\"@type\":\"ReadAction\",\"target\":[\"https:\\\/\\\/nanoclean24.com\\\/fr\\\/produit\\\/nanoclean-home-h06-carpet-fresh\\\/\"]}]},{\"@type\":\"ImageObject\",\"inLanguage\":\"fr-FR\",\"@id\":\"https:\\\/\\\/nanoclean24.com\\\/fr\\\/produit\\\/nanoclean-home-h06-carpet-fresh\\\/#primaryimage\",\"url\":\"https:\\\/\\\/nanoclean24.com\\\/wp-content\\\/uploads\\\/2025\\\/10\\\/h06-1.png\",\"contentUrl\":\"https:\\\/\\\/nanoclean24.com\\\/wp-content\\\/uploads\\\/2025\\\/10\\\/h06-1.png\",\"width\":1010,\"height\":1010},{\"@type\":\"BreadcrumbList\",\"@id\":\"https:\\\/\\\/nanoclean24.com\\\/fr\\\/produit\\\/nanoclean-home-h06-carpet-fresh\\\/#breadcrumb\",\"itemListElement\":[{\"@type\":\"ListItem\",\"position\":1,\"name\":\"Strona g\u0142\u00f3wna\",\"item\":\"https:\\\/\\\/nanoclean24.com\\\/fr\\\/\"},{\"@type\":\"ListItem\",\"position\":2,\"name\":\"Boutique\",\"item\":\"https:\\\/\\\/nanoclean24.com\\\/shop\\\/\"},{\"@type\":\"ListItem\",\"position\":3,\"name\":\"NANOCLEAN HOME H06 CARPET FRESH\"}]},{\"@type\":\"WebSite\",\"@id\":\"https:\\\/\\\/nanoclean24.com\\\/fr\\\/#website\",\"url\":\"https:\\\/\\\/nanoclean24.com\\\/fr\\\/\",\"name\":\"NanoClean\",\"description\":\"\",\"publisher\":{\"@id\":\"https:\\\/\\\/nanoclean24.com\\\/fr\\\/#organization\"},\"potentialAction\":[{\"@type\":\"SearchAction\",\"target\":{\"@type\":\"EntryPoint\",\"urlTemplate\":\"https:\\\/\\\/nanoclean24.com\\\/fr\\\/?s={search_term_string}\"},\"query-input\":{\"@type\":\"PropertyValueSpecification\",\"valueRequired\":true,\"valueName\":\"search_term_string\"}}],\"inLanguage\":\"fr-FR\"},{\"@type\":\"Organization\",\"@id\":\"https:\\\/\\\/nanoclean24.com\\\/fr\\\/#organization\",\"name\":\"NanoClean\",\"url\":\"https:\\\/\\\/nanoclean24.com\\\/fr\\\/\",\"logo\":{\"@type\":\"ImageObject\",\"inLanguage\":\"fr-FR\",\"@id\":\"https:\\\/\\\/nanoclean24.com\\\/fr\\\/#\\\/schema\\\/logo\\\/image\\\/\",\"url\":\"https:\\\/\\\/nanoclean24.com\\\/wp-content\\\/uploads\\\/2025\\\/07\\\/logo-2.jpg\",\"contentUrl\":\"https:\\\/\\\/nanoclean24.com\\\/wp-content\\\/uploads\\\/2025\\\/07\\\/logo-2.jpg\",\"width\":1068,\"height\":224,\"caption\":\"NanoClean\"},\"image\":{\"@id\":\"https:\\\/\\\/nanoclean24.com\\\/fr\\\/#\\\/schema\\\/logo\\\/image\\\/\"}}]}<\/script>\n<!-- \/ Yoast SEO plugin. -->","yoast_head_json":{"title":"NANOCLEAN HOME H06 CARPET FRESH - NANOCLEAN","robots":{"index":"index","follow":"follow","max-snippet":"max-snippet:-1","max-image-preview":"max-image-preview:large","max-video-preview":"max-video-preview:-1"},"canonical":"https:\/\/nanoclean24.com\/fr\/produit\/nanoclean-home-h06-carpet-fresh\/","og_locale":"fr_FR","og_type":"article","og_title":"NANOCLEAN HOME H06 CARPET FRESH - NANOCLEAN","og_description":"Avantages \u2705 Neutralisation multifonctionnelle des odeurs - \u00c9limine efficacement les odeurs de salet\u00e9, de crasse, d'urine, d'animaux et d'humidit\u00e9 \u00e0 la source m\u00eame. \u2705 D\u00e9sinfection en profondeur des tissus - D\u00e9sinfecte les tapis, les surfaces en tissu et les parties internes des aspirateurs pour une hygi\u00e8ne compl\u00e8te. \u2705 Lutte contre les allerg\u00e8nes - Aide \u00e0 r\u00e9duire les allerg\u00e8nes et les d\u00e9p\u00f4ts organiques, cr\u00e9ant ainsi un environnement plus sain pour votre famille et vos animaux de compagnie. \u2705 Une fra\u00eecheur durable apr\u00e8s chaque utilisation - Non seulement il neutralise les odeurs, mais il rafra\u00eechit aussi l'espace durablement \u00e0 chaque application. \u2705 Polyvalent et s\u00fbr - Convient \u00e0 un usage quotidien sur la plupart des surfaces textiles sans risque d'endommager le mat\u00e9riau.","og_url":"https:\/\/nanoclean24.com\/fr\/produit\/nanoclean-home-h06-carpet-fresh\/","og_site_name":"NANOCLEAN","article_modified_time":"2025-11-02T13:30:18+00:00","og_image":[{"width":1010,"height":1010,"url":"https:\/\/nanoclean24.com\/wp-content\/uploads\/2025\/10\/h06-1.png","type":"image\/png"}],"twitter_card":"summary_large_image","schema":{"@context":"https:\/\/schema.org","@graph":[{"@type":"WebPage","@id":"https:\/\/nanoclean24.com\/fr\/produit\/nanoclean-home-h06-carpet-fresh\/","url":"https:\/\/nanoclean24.com\/fr\/produit\/nanoclean-home-h06-carpet-fresh\/","name":"NANOCLEAN HOME H06 CARPET FRESH - NANOCLEAN","isPartOf":{"@id":"https:\/\/nanoclean24.com\/fr\/#website"},"primaryImageOfPage":{"@id":"https:\/\/nanoclean24.com\/fr\/produit\/nanoclean-home-h06-carpet-fresh\/#primaryimage"},"image":{"@id":"https:\/\/nanoclean24.com\/fr\/produit\/nanoclean-home-h06-carpet-fresh\/#primaryimage"},"thumbnailUrl":"https:\/\/nanoclean24.com\/wp-content\/uploads\/2025\/10\/h06-1.png","datePublished":"2025-10-17T19:01:08+00:00","dateModified":"2025-11-02T13:30:18+00:00","breadcrumb":{"@id":"https:\/\/nanoclean24.com\/fr\/produit\/nanoclean-home-h06-carpet-fresh\/#breadcrumb"},"inLanguage":"fr-FR","potentialAction":[{"@type":"ReadAction","target":["https:\/\/nanoclean24.com\/fr\/produit\/nanoclean-home-h06-carpet-fresh\/"]}]},{"@type":"ImageObject","inLanguage":"fr-FR","@id":"https:\/\/nanoclean24.com\/fr\/produit\/nanoclean-home-h06-carpet-fresh\/#primaryimage","url":"https:\/\/nanoclean24.com\/wp-content\/uploads\/2025\/10\/h06-1.png","contentUrl":"https:\/\/nanoclean24.com\/wp-content\/uploads\/2025\/10\/h06-1.png","width":1010,"height":1010},{"@type":"BreadcrumbList","@id":"https:\/\/nanoclean24.com\/fr\/produit\/nanoclean-home-h06-carpet-fresh\/#breadcrumb","itemListElement":[{"@type":"ListItem","position":1,"name":"Strona g\u0142\u00f3wna","item":"https:\/\/nanoclean24.com\/fr\/"},{"@type":"ListItem","position":2,"name":"Boutique","item":"https:\/\/nanoclean24.com\/shop\/"},{"@type":"ListItem","position":3,"name":"NANOCLEAN HOME H06 CARPET FRESH"}]},{"@type":"WebSite","@id":"https:\/\/nanoclean24.com\/fr\/#website","url":"https:\/\/nanoclean24.com\/fr\/","name":"NanoClean","description":"","publisher":{"@id":"https:\/\/nanoclean24.com\/fr\/#organization"},"potentialAction":[{"@type":"SearchAction","target":{"@type":"EntryPoint","urlTemplate":"https:\/\/nanoclean24.com\/fr\/?s={search_term_string}"},"query-input":{"@type":"PropertyValueSpecification","valueRequired":true,"valueName":"search_term_string"}}],"inLanguage":"fr-FR"},{"@type":"Organization","@id":"https:\/\/nanoclean24.com\/fr\/#organization","name":"NanoClean","url":"https:\/\/nanoclean24.com\/fr\/","logo":{"@type":"ImageObject","inLanguage":"fr-FR","@id":"https:\/\/nanoclean24.com\/fr\/#\/schema\/logo\/image\/","url":"https:\/\/nanoclean24.com\/wp-content\/uploads\/2025\/07\/logo-2.jpg","contentUrl":"https:\/\/nanoclean24.com\/wp-content\/uploads\/2025\/07\/logo-2.jpg","width":1068,"height":224,"caption":"NanoClean"},"image":{"@id":"https:\/\/nanoclean24.com\/fr\/#\/schema\/logo\/image\/"}}]}},"taxonomy_info":{"product_cat":[{"value":171,"label":"HOME"}]},"featured_image_src_large":["https:\/\/nanoclean24.com\/wp-content\/uploads\/2025\/10\/h06-1.png",1010,1010,false],"author_info":[],"comment_info":"","_links":{"self":[{"href":"https:\/\/nanoclean24.com\/fr\/wp-json\/wp\/v2\/product\/9131","targetHints":{"allow":["GET"]}}],"collection":[{"href":"https:\/\/nanoclean24.com\/fr\/wp-json\/wp\/v2\/product"}],"about":[{"href":"https:\/\/nanoclean24.com\/fr\/wp-json\/wp\/v2\/types\/product"}],"wp:featuredmedia":[{"embeddable":true,"href":"https:\/\/nanoclean24.com\/fr\/wp-json\/wp\/v2\/media\/10154"}],"wp:attachment":[{"href":"https:\/\/nanoclean24.com\/fr\/wp-json\/wp\/v2\/media?parent=9131"}],"wp:term":[{"taxonomy":"product_brand","embeddable":true,"href":"https:\/\/nanoclean24.com\/fr\/wp-json\/wp\/v2\/product_brand?post=9131"},{"taxonomy":"product_cat","embeddable":true,"href":"https:\/\/nanoclean24.com\/fr\/wp-json\/wp\/v2\/product_cat?post=9131"},{"taxonomy":"product_tag","embeddable":true,"href":"https:\/\/nanoclean24.com\/fr\/wp-json\/wp\/v2\/product_tag?post=9131"}],"curies":[{"name":"wp","href":"https:\/\/api.w.org\/{rel}","templated":true}]}}