{"id":9123,"date":"2025-10-17T21:43:46","date_gmt":"2025-10-17T19:43:46","guid":{"rendered":"https:\/\/nanoclean24.com\/produkt\/nanoclean-home-h53-fabric-bleachpower\/"},"modified":"2025-11-02T15:55:45","modified_gmt":"2025-11-02T14:55:45","slug":"nanoclean-home-h53-fabric-bleachpower","status":"publish","type":"product","link":"https:\/\/nanoclean24.com\/fr\/produit\/nanoclean-home-h53-fabric-bleachpower\/","title":{"rendered":"NANOCLEAN HOME H53 FABRIC BLEACHPOWER"},"content":{"rendered":"\n<p>NANOCLEAN HOME H53 FABRIC BLEACH POWER est un spray \u00e9claircissant pr\u00eat \u00e0 l&#8217;emploi pour tissus clairs et tissus d&rsquo;ameublement. \u00c9limine en toute s\u00e9curit\u00e9 le jaunissement, le grisaillement, les taches organiques et les signes de ternissement caus\u00e9s par la sueur, la nourriture, les moisissures ou le vieillissement. La formule avanc\u00e9e restaure la couleur naturelle des canap\u00e9s, coussins, si\u00e8ges de voiture, rideaux et autres surfaces textiles \u2013 sans endommager les fibres et sans laisser de r\u00e9sidus. S\u00fbr pour le coton, le polyester et les tissus m\u00e9lang\u00e9s.   <\/p>\n","protected":false},"excerpt":{"rendered":"<h3>Avantages<\/h3>\n<p class=\"whitespace-normal break-words\"><strong>\u2705 Restaure la blancheur et \u00e9limine la d\u00e9coloration jaune<\/strong> &#8211; Restaure efficacement l&rsquo;\u00e9clat d&rsquo;origine des tissus et \u00e9limine le jaunissement inesth\u00e9tique caus\u00e9 par le temps.<\/p>\n<p class=\"whitespace-normal break-words\">\u2705 <strong>Pratique \u00e0 appliquer<\/strong> &#8211; Pr\u00eat pour une utilisation imm\u00e9diate sans avoir besoin de diluer ou de pr\u00e9parer le m\u00e9lange.<\/p>\n<p class=\"whitespace-normal break-words\">\u2705 <strong>Doux pour les<\/strong> tissus de couleur claire &#8211; Sans danger pour la plupart des tissus de couleur claire, les tissus d&rsquo;ameublement et les fibres d\u00e9licates sans les endommager.<\/p>\n<p class=\"whitespace-normal break-words\">\u2705 <strong>Combat une grande vari\u00e9t\u00e9 de taches<\/strong> &#8211; \u00c9limine efficacement les taches de nourriture, de moisissure, de sueur et les d\u00e9colorations r\u00e9sultant du vieillissement des mat\u00e9riaux naturels.<\/p>\n<p class=\"whitespace-normal break-words\">\u2705 <strong>Finition propre sans r\u00e9sidu<\/strong> &#8211; Ne laisse aucun r\u00e9sidu ou film collant, offrant une finition fra\u00eeche et hygi\u00e9nique aux tissus.<\/p>\n","protected":false},"featured_media":10253,"template":"","meta":{"_kad_blocks_custom_css":"","_kad_blocks_head_custom_js":"","_kad_blocks_body_custom_js":"","_kad_blocks_footer_custom_js":"","_kad_post_transparent":"","_kad_post_title":"","_kad_post_layout":"","_kad_post_sidebar_id":"","_kad_post_content_style":"","_kad_post_vertical_padding":"","_kad_post_feature":"","_kad_post_feature_position":"","_kad_post_header":false,"_kad_post_footer":false,"_kad_post_classname":""},"product_brand":[],"product_cat":[171],"product_tag":[],"class_list":{"0":"post-9123","1":"product","2":"type-product","3":"status-publish","4":"has-post-thumbnail","6":"product_cat-home-fr-2","8":"first","9":"outofstock","10":"taxable","11":"shipping-taxable","12":"product-type-simple","13":"entry","14":"content-bg","15":"loop-entry"},"yoast_head":"<!-- This site is optimized with the Yoast SEO plugin v27.4 - https:\/\/yoast.com\/product\/yoast-seo-wordpress\/ -->\n<title>NANOCLEAN HOME H53 FABRIC BLEACHPOWER - NANOCLEAN<\/title>\n<meta name=\"robots\" content=\"index, follow, max-snippet:-1, max-image-preview:large, max-video-preview:-1\" \/>\n<link rel=\"canonical\" href=\"https:\/\/nanoclean24.com\/fr\/produit\/nanoclean-home-h53-fabric-bleachpower\/\" \/>\n<meta property=\"og:locale\" content=\"fr_FR\" \/>\n<meta property=\"og:type\" content=\"article\" \/>\n<meta property=\"og:title\" content=\"NANOCLEAN HOME H53 FABRIC BLEACHPOWER - NANOCLEAN\" \/>\n<meta property=\"og:description\" content=\"Avantages \u2705 Restaure la blancheur et \u00e9limine la d\u00e9coloration jaune - Restaure efficacement l&#039;\u00e9clat d&#039;origine des tissus et \u00e9limine le jaunissement inesth\u00e9tique caus\u00e9 par le temps. \u2705 Pratique \u00e0 appliquer - Pr\u00eat pour une utilisation imm\u00e9diate sans avoir besoin de diluer ou de pr\u00e9parer le m\u00e9lange. \u2705 Doux pour les tissus de couleur claire - Sans danger pour la plupart des tissus de couleur claire, les tissus d&#039;ameublement et les fibres d\u00e9licates sans les endommager. \u2705 Combat une grande vari\u00e9t\u00e9 de taches - \u00c9limine efficacement les taches de nourriture, de moisissure, de sueur et les d\u00e9colorations r\u00e9sultant du vieillissement des mat\u00e9riaux naturels. \u2705 Finition propre sans r\u00e9sidu - Ne laisse aucun r\u00e9sidu ou film collant, offrant une finition fra\u00eeche et hygi\u00e9nique aux tissus.\" \/>\n<meta property=\"og:url\" content=\"https:\/\/nanoclean24.com\/fr\/produit\/nanoclean-home-h53-fabric-bleachpower\/\" \/>\n<meta property=\"og:site_name\" content=\"NANOCLEAN\" \/>\n<meta property=\"article:modified_time\" content=\"2025-11-02T14:55:45+00:00\" \/>\n<meta property=\"og:image\" content=\"https:\/\/nanoclean24.com\/wp-content\/uploads\/2025\/10\/h53-1.png\" \/>\n\t<meta property=\"og:image:width\" content=\"1010\" \/>\n\t<meta property=\"og:image:height\" content=\"1010\" \/>\n\t<meta property=\"og:image:type\" content=\"image\/png\" \/>\n<meta name=\"twitter:card\" content=\"summary_large_image\" \/>\n<script type=\"application\/ld+json\" class=\"yoast-schema-graph\">{\"@context\":\"https:\\\/\\\/schema.org\",\"@graph\":[{\"@type\":\"WebPage\",\"@id\":\"https:\\\/\\\/nanoclean24.com\\\/fr\\\/produit\\\/nanoclean-home-h53-fabric-bleachpower\\\/\",\"url\":\"https:\\\/\\\/nanoclean24.com\\\/fr\\\/produit\\\/nanoclean-home-h53-fabric-bleachpower\\\/\",\"name\":\"NANOCLEAN HOME H53 FABRIC BLEACHPOWER - NANOCLEAN\",\"isPartOf\":{\"@id\":\"https:\\\/\\\/nanoclean24.com\\\/fr\\\/#website\"},\"primaryImageOfPage\":{\"@id\":\"https:\\\/\\\/nanoclean24.com\\\/fr\\\/produit\\\/nanoclean-home-h53-fabric-bleachpower\\\/#primaryimage\"},\"image\":{\"@id\":\"https:\\\/\\\/nanoclean24.com\\\/fr\\\/produit\\\/nanoclean-home-h53-fabric-bleachpower\\\/#primaryimage\"},\"thumbnailUrl\":\"https:\\\/\\\/nanoclean24.com\\\/wp-content\\\/uploads\\\/2025\\\/10\\\/h53-1.png\",\"datePublished\":\"2025-10-17T19:43:46+00:00\",\"dateModified\":\"2025-11-02T14:55:45+00:00\",\"breadcrumb\":{\"@id\":\"https:\\\/\\\/nanoclean24.com\\\/fr\\\/produit\\\/nanoclean-home-h53-fabric-bleachpower\\\/#breadcrumb\"},\"inLanguage\":\"fr-FR\",\"potentialAction\":[{\"@type\":\"ReadAction\",\"target\":[\"https:\\\/\\\/nanoclean24.com\\\/fr\\\/produit\\\/nanoclean-home-h53-fabric-bleachpower\\\/\"]}]},{\"@type\":\"ImageObject\",\"inLanguage\":\"fr-FR\",\"@id\":\"https:\\\/\\\/nanoclean24.com\\\/fr\\\/produit\\\/nanoclean-home-h53-fabric-bleachpower\\\/#primaryimage\",\"url\":\"https:\\\/\\\/nanoclean24.com\\\/wp-content\\\/uploads\\\/2025\\\/10\\\/h53-1.png\",\"contentUrl\":\"https:\\\/\\\/nanoclean24.com\\\/wp-content\\\/uploads\\\/2025\\\/10\\\/h53-1.png\",\"width\":1010,\"height\":1010},{\"@type\":\"BreadcrumbList\",\"@id\":\"https:\\\/\\\/nanoclean24.com\\\/fr\\\/produit\\\/nanoclean-home-h53-fabric-bleachpower\\\/#breadcrumb\",\"itemListElement\":[{\"@type\":\"ListItem\",\"position\":1,\"name\":\"Strona g\u0142\u00f3wna\",\"item\":\"https:\\\/\\\/nanoclean24.com\\\/fr\\\/\"},{\"@type\":\"ListItem\",\"position\":2,\"name\":\"Boutique\",\"item\":\"https:\\\/\\\/nanoclean24.com\\\/shop\\\/\"},{\"@type\":\"ListItem\",\"position\":3,\"name\":\"NANOCLEAN HOME H53 FABRIC BLEACHPOWER\"}]},{\"@type\":\"WebSite\",\"@id\":\"https:\\\/\\\/nanoclean24.com\\\/fr\\\/#website\",\"url\":\"https:\\\/\\\/nanoclean24.com\\\/fr\\\/\",\"name\":\"NanoClean\",\"description\":\"\",\"publisher\":{\"@id\":\"https:\\\/\\\/nanoclean24.com\\\/fr\\\/#organization\"},\"potentialAction\":[{\"@type\":\"SearchAction\",\"target\":{\"@type\":\"EntryPoint\",\"urlTemplate\":\"https:\\\/\\\/nanoclean24.com\\\/fr\\\/?s={search_term_string}\"},\"query-input\":{\"@type\":\"PropertyValueSpecification\",\"valueRequired\":true,\"valueName\":\"search_term_string\"}}],\"inLanguage\":\"fr-FR\"},{\"@type\":\"Organization\",\"@id\":\"https:\\\/\\\/nanoclean24.com\\\/fr\\\/#organization\",\"name\":\"NanoClean\",\"url\":\"https:\\\/\\\/nanoclean24.com\\\/fr\\\/\",\"logo\":{\"@type\":\"ImageObject\",\"inLanguage\":\"fr-FR\",\"@id\":\"https:\\\/\\\/nanoclean24.com\\\/fr\\\/#\\\/schema\\\/logo\\\/image\\\/\",\"url\":\"https:\\\/\\\/nanoclean24.com\\\/wp-content\\\/uploads\\\/2025\\\/07\\\/logo-2.jpg\",\"contentUrl\":\"https:\\\/\\\/nanoclean24.com\\\/wp-content\\\/uploads\\\/2025\\\/07\\\/logo-2.jpg\",\"width\":1068,\"height\":224,\"caption\":\"NanoClean\"},\"image\":{\"@id\":\"https:\\\/\\\/nanoclean24.com\\\/fr\\\/#\\\/schema\\\/logo\\\/image\\\/\"}}]}<\/script>\n<!-- \/ Yoast SEO plugin. -->","yoast_head_json":{"title":"NANOCLEAN HOME H53 FABRIC BLEACHPOWER - NANOCLEAN","robots":{"index":"index","follow":"follow","max-snippet":"max-snippet:-1","max-image-preview":"max-image-preview:large","max-video-preview":"max-video-preview:-1"},"canonical":"https:\/\/nanoclean24.com\/fr\/produit\/nanoclean-home-h53-fabric-bleachpower\/","og_locale":"fr_FR","og_type":"article","og_title":"NANOCLEAN HOME H53 FABRIC BLEACHPOWER - NANOCLEAN","og_description":"Avantages \u2705 Restaure la blancheur et \u00e9limine la d\u00e9coloration jaune - Restaure efficacement l'\u00e9clat d'origine des tissus et \u00e9limine le jaunissement inesth\u00e9tique caus\u00e9 par le temps. \u2705 Pratique \u00e0 appliquer - Pr\u00eat pour une utilisation imm\u00e9diate sans avoir besoin de diluer ou de pr\u00e9parer le m\u00e9lange. \u2705 Doux pour les tissus de couleur claire - Sans danger pour la plupart des tissus de couleur claire, les tissus d'ameublement et les fibres d\u00e9licates sans les endommager. \u2705 Combat une grande vari\u00e9t\u00e9 de taches - \u00c9limine efficacement les taches de nourriture, de moisissure, de sueur et les d\u00e9colorations r\u00e9sultant du vieillissement des mat\u00e9riaux naturels. \u2705 Finition propre sans r\u00e9sidu - Ne laisse aucun r\u00e9sidu ou film collant, offrant une finition fra\u00eeche et hygi\u00e9nique aux tissus.","og_url":"https:\/\/nanoclean24.com\/fr\/produit\/nanoclean-home-h53-fabric-bleachpower\/","og_site_name":"NANOCLEAN","article_modified_time":"2025-11-02T14:55:45+00:00","og_image":[{"width":1010,"height":1010,"url":"https:\/\/nanoclean24.com\/wp-content\/uploads\/2025\/10\/h53-1.png","type":"image\/png"}],"twitter_card":"summary_large_image","schema":{"@context":"https:\/\/schema.org","@graph":[{"@type":"WebPage","@id":"https:\/\/nanoclean24.com\/fr\/produit\/nanoclean-home-h53-fabric-bleachpower\/","url":"https:\/\/nanoclean24.com\/fr\/produit\/nanoclean-home-h53-fabric-bleachpower\/","name":"NANOCLEAN HOME H53 FABRIC BLEACHPOWER - NANOCLEAN","isPartOf":{"@id":"https:\/\/nanoclean24.com\/fr\/#website"},"primaryImageOfPage":{"@id":"https:\/\/nanoclean24.com\/fr\/produit\/nanoclean-home-h53-fabric-bleachpower\/#primaryimage"},"image":{"@id":"https:\/\/nanoclean24.com\/fr\/produit\/nanoclean-home-h53-fabric-bleachpower\/#primaryimage"},"thumbnailUrl":"https:\/\/nanoclean24.com\/wp-content\/uploads\/2025\/10\/h53-1.png","datePublished":"2025-10-17T19:43:46+00:00","dateModified":"2025-11-02T14:55:45+00:00","breadcrumb":{"@id":"https:\/\/nanoclean24.com\/fr\/produit\/nanoclean-home-h53-fabric-bleachpower\/#breadcrumb"},"inLanguage":"fr-FR","potentialAction":[{"@type":"ReadAction","target":["https:\/\/nanoclean24.com\/fr\/produit\/nanoclean-home-h53-fabric-bleachpower\/"]}]},{"@type":"ImageObject","inLanguage":"fr-FR","@id":"https:\/\/nanoclean24.com\/fr\/produit\/nanoclean-home-h53-fabric-bleachpower\/#primaryimage","url":"https:\/\/nanoclean24.com\/wp-content\/uploads\/2025\/10\/h53-1.png","contentUrl":"https:\/\/nanoclean24.com\/wp-content\/uploads\/2025\/10\/h53-1.png","width":1010,"height":1010},{"@type":"BreadcrumbList","@id":"https:\/\/nanoclean24.com\/fr\/produit\/nanoclean-home-h53-fabric-bleachpower\/#breadcrumb","itemListElement":[{"@type":"ListItem","position":1,"name":"Strona g\u0142\u00f3wna","item":"https:\/\/nanoclean24.com\/fr\/"},{"@type":"ListItem","position":2,"name":"Boutique","item":"https:\/\/nanoclean24.com\/shop\/"},{"@type":"ListItem","position":3,"name":"NANOCLEAN HOME H53 FABRIC BLEACHPOWER"}]},{"@type":"WebSite","@id":"https:\/\/nanoclean24.com\/fr\/#website","url":"https:\/\/nanoclean24.com\/fr\/","name":"NanoClean","description":"","publisher":{"@id":"https:\/\/nanoclean24.com\/fr\/#organization"},"potentialAction":[{"@type":"SearchAction","target":{"@type":"EntryPoint","urlTemplate":"https:\/\/nanoclean24.com\/fr\/?s={search_term_string}"},"query-input":{"@type":"PropertyValueSpecification","valueRequired":true,"valueName":"search_term_string"}}],"inLanguage":"fr-FR"},{"@type":"Organization","@id":"https:\/\/nanoclean24.com\/fr\/#organization","name":"NanoClean","url":"https:\/\/nanoclean24.com\/fr\/","logo":{"@type":"ImageObject","inLanguage":"fr-FR","@id":"https:\/\/nanoclean24.com\/fr\/#\/schema\/logo\/image\/","url":"https:\/\/nanoclean24.com\/wp-content\/uploads\/2025\/07\/logo-2.jpg","contentUrl":"https:\/\/nanoclean24.com\/wp-content\/uploads\/2025\/07\/logo-2.jpg","width":1068,"height":224,"caption":"NanoClean"},"image":{"@id":"https:\/\/nanoclean24.com\/fr\/#\/schema\/logo\/image\/"}}]}},"taxonomy_info":{"product_cat":[{"value":171,"label":"HOME"}]},"featured_image_src_large":["https:\/\/nanoclean24.com\/wp-content\/uploads\/2025\/10\/h53-1.png",1010,1010,false],"author_info":[],"comment_info":"","_links":{"self":[{"href":"https:\/\/nanoclean24.com\/fr\/wp-json\/wp\/v2\/product\/9123","targetHints":{"allow":["GET"]}}],"collection":[{"href":"https:\/\/nanoclean24.com\/fr\/wp-json\/wp\/v2\/product"}],"about":[{"href":"https:\/\/nanoclean24.com\/fr\/wp-json\/wp\/v2\/types\/product"}],"wp:featuredmedia":[{"embeddable":true,"href":"https:\/\/nanoclean24.com\/fr\/wp-json\/wp\/v2\/media\/10253"}],"wp:attachment":[{"href":"https:\/\/nanoclean24.com\/fr\/wp-json\/wp\/v2\/media?parent=9123"}],"wp:term":[{"taxonomy":"product_brand","embeddable":true,"href":"https:\/\/nanoclean24.com\/fr\/wp-json\/wp\/v2\/product_brand?post=9123"},{"taxonomy":"product_cat","embeddable":true,"href":"https:\/\/nanoclean24.com\/fr\/wp-json\/wp\/v2\/product_cat?post=9123"},{"taxonomy":"product_tag","embeddable":true,"href":"https:\/\/nanoclean24.com\/fr\/wp-json\/wp\/v2\/product_tag?post=9123"}],"curies":[{"name":"wp","href":"https:\/\/api.w.org\/{rel}","templated":true}]}}