{"id":9116,"date":"2025-10-17T21:40:57","date_gmt":"2025-10-17T19:40:57","guid":{"rendered":"https:\/\/nanoclean24.com\/produkt\/nanoclean-home-h52-detachant-de-tissu\/"},"modified":"2025-11-02T15:52:21","modified_gmt":"2025-11-02T14:52:21","slug":"nanoclean-home-h52-detachant-de-tissu","status":"publish","type":"product","link":"https:\/\/nanoclean24.com\/fr\/produit\/nanoclean-home-h52-detachant-de-tissu\/","title":{"rendered":"NANOCLEAN HOME H52 FABRIC STAINREMOVER"},"content":{"rendered":"\n<p>NANOCLEAN HOME H52 FABRIC STAIN REMOVER est un puissant d\u00e9tachant \u00e0 base de solvant sp\u00e9cialement formul\u00e9 pour \u00e9liminer les taches d&rsquo;encre, de goudron, de colle, d&rsquo;huile et de marqueurs permanents sur les tissus et les tissus d&rsquo;ameublement. Sa formule avanc\u00e9e dissout rapidement les taches tenaces tout en restant sans danger pour la plupart des textiles, y compris les mati\u00e8res d\u00e9licates telles que le coton, les m\u00e9langes de polyester et la laine. Id\u00e9al pour les applications de bureau, d&rsquo;automobile et de v\u00eatements o\u00f9 la pr\u00e9cision et l&rsquo;efficacit\u00e9 sont importantes.  <\/p>\n","protected":false},"excerpt":{"rendered":"<h3>Avantages<\/h3>\n<p class=\"whitespace-normal break-words\">\u2705 Traite <strong>les taches extr\u00eamement tenaces<\/strong> &#8211; Enl\u00e8ve efficacement les taches les plus tenaces d&rsquo;encre, de goudron, de colle, d&rsquo;huile et de marqueurs permanents.<\/p>\n<p class=\"whitespace-normal break-words\">\u2705 <strong>Formule solvant express<\/strong> &#8211; Formule professionnelle \u00e0 base de solvant \u00e0 action rapide qui p\u00e9n\u00e8tre en profondeur dans la structure de la tache.<\/p>\n<p class=\"whitespace-normal break-words\">\u2705 <strong>Doux pour les<\/strong> tissus &#8211; Sans danger pour la plupart des types de tissus et d&rsquo;ameublement, sans endommager ou affaiblir les fibres.<\/p>\n<p class=\"whitespace-normal break-words\">\u2705 <strong>Ne laisse aucun r\u00e9sidu<\/strong> &#8211; \u00c9limine compl\u00e8tement la salet\u00e9 sans laisser de r\u00e9sidu, de d\u00e9coloration ou d&rsquo;aur\u00e9ole sur le tissu.<\/p>\n<p class=\"whitespace-normal break-words\"><strong>\u2705 \u00c9limination simple des r\u00e9sidus<\/strong> &#8211; Facile \u00e0 rincer \u00e0 l&rsquo;eau ou \u00e0 \u00e9liminer, aucune proc\u00e9dure de nettoyage compliqu\u00e9e n&rsquo;est n\u00e9cessaire apr\u00e8s l&rsquo;application.<\/p>\n","protected":false},"featured_media":10249,"template":"","meta":{"_kad_blocks_custom_css":"","_kad_blocks_head_custom_js":"","_kad_blocks_body_custom_js":"","_kad_blocks_footer_custom_js":"","_kad_post_transparent":"","_kad_post_title":"","_kad_post_layout":"","_kad_post_sidebar_id":"","_kad_post_content_style":"","_kad_post_vertical_padding":"","_kad_post_feature":"","_kad_post_feature_position":"","_kad_post_header":false,"_kad_post_footer":false,"_kad_post_classname":""},"product_brand":[],"product_cat":[171],"product_tag":[],"class_list":{"0":"post-9116","1":"product","2":"type-product","3":"status-publish","4":"has-post-thumbnail","6":"product_cat-home-fr-2","8":"first","9":"outofstock","10":"taxable","11":"shipping-taxable","12":"product-type-simple","13":"entry","14":"content-bg","15":"loop-entry"},"yoast_head":"<!-- This site is optimized with the Yoast SEO plugin v27.4 - https:\/\/yoast.com\/product\/yoast-seo-wordpress\/ -->\n<title>NANOCLEAN HOME H52 FABRIC STAINREMOVER - NANOCLEAN<\/title>\n<meta name=\"robots\" content=\"index, follow, max-snippet:-1, max-image-preview:large, max-video-preview:-1\" \/>\n<link rel=\"canonical\" href=\"https:\/\/nanoclean24.com\/fr\/produit\/nanoclean-home-h52-detachant-de-tissu\/\" \/>\n<meta property=\"og:locale\" content=\"fr_FR\" \/>\n<meta property=\"og:type\" content=\"article\" \/>\n<meta property=\"og:title\" content=\"NANOCLEAN HOME H52 FABRIC STAINREMOVER - NANOCLEAN\" \/>\n<meta property=\"og:description\" content=\"Avantages \u2705 Traite les taches extr\u00eamement tenaces - Enl\u00e8ve efficacement les taches les plus tenaces d&#039;encre, de goudron, de colle, d&#039;huile et de marqueurs permanents. \u2705 Formule solvant express - Formule professionnelle \u00e0 base de solvant \u00e0 action rapide qui p\u00e9n\u00e8tre en profondeur dans la structure de la tache. \u2705 Doux pour les tissus - Sans danger pour la plupart des types de tissus et d&#039;ameublement, sans endommager ou affaiblir les fibres. \u2705 Ne laisse aucun r\u00e9sidu - \u00c9limine compl\u00e8tement la salet\u00e9 sans laisser de r\u00e9sidu, de d\u00e9coloration ou d&#039;aur\u00e9ole sur le tissu. \u2705 \u00c9limination simple des r\u00e9sidus - Facile \u00e0 rincer \u00e0 l&#039;eau ou \u00e0 \u00e9liminer, aucune proc\u00e9dure de nettoyage compliqu\u00e9e n&#039;est n\u00e9cessaire apr\u00e8s l&#039;application.\" \/>\n<meta property=\"og:url\" content=\"https:\/\/nanoclean24.com\/fr\/produit\/nanoclean-home-h52-detachant-de-tissu\/\" \/>\n<meta property=\"og:site_name\" content=\"NANOCLEAN\" \/>\n<meta property=\"article:modified_time\" content=\"2025-11-02T14:52:21+00:00\" \/>\n<meta property=\"og:image\" content=\"https:\/\/nanoclean24.com\/wp-content\/uploads\/2025\/10\/h52-1.png\" \/>\n\t<meta property=\"og:image:width\" content=\"1010\" \/>\n\t<meta property=\"og:image:height\" content=\"1010\" \/>\n\t<meta property=\"og:image:type\" content=\"image\/png\" \/>\n<meta name=\"twitter:card\" content=\"summary_large_image\" \/>\n<script type=\"application\/ld+json\" class=\"yoast-schema-graph\">{\"@context\":\"https:\\\/\\\/schema.org\",\"@graph\":[{\"@type\":\"WebPage\",\"@id\":\"https:\\\/\\\/nanoclean24.com\\\/fr\\\/produit\\\/nanoclean-home-h52-detachant-de-tissu\\\/\",\"url\":\"https:\\\/\\\/nanoclean24.com\\\/fr\\\/produit\\\/nanoclean-home-h52-detachant-de-tissu\\\/\",\"name\":\"NANOCLEAN HOME H52 FABRIC STAINREMOVER - NANOCLEAN\",\"isPartOf\":{\"@id\":\"https:\\\/\\\/nanoclean24.com\\\/fr\\\/#website\"},\"primaryImageOfPage\":{\"@id\":\"https:\\\/\\\/nanoclean24.com\\\/fr\\\/produit\\\/nanoclean-home-h52-detachant-de-tissu\\\/#primaryimage\"},\"image\":{\"@id\":\"https:\\\/\\\/nanoclean24.com\\\/fr\\\/produit\\\/nanoclean-home-h52-detachant-de-tissu\\\/#primaryimage\"},\"thumbnailUrl\":\"https:\\\/\\\/nanoclean24.com\\\/wp-content\\\/uploads\\\/2025\\\/10\\\/h52-1.png\",\"datePublished\":\"2025-10-17T19:40:57+00:00\",\"dateModified\":\"2025-11-02T14:52:21+00:00\",\"breadcrumb\":{\"@id\":\"https:\\\/\\\/nanoclean24.com\\\/fr\\\/produit\\\/nanoclean-home-h52-detachant-de-tissu\\\/#breadcrumb\"},\"inLanguage\":\"fr-FR\",\"potentialAction\":[{\"@type\":\"ReadAction\",\"target\":[\"https:\\\/\\\/nanoclean24.com\\\/fr\\\/produit\\\/nanoclean-home-h52-detachant-de-tissu\\\/\"]}]},{\"@type\":\"ImageObject\",\"inLanguage\":\"fr-FR\",\"@id\":\"https:\\\/\\\/nanoclean24.com\\\/fr\\\/produit\\\/nanoclean-home-h52-detachant-de-tissu\\\/#primaryimage\",\"url\":\"https:\\\/\\\/nanoclean24.com\\\/wp-content\\\/uploads\\\/2025\\\/10\\\/h52-1.png\",\"contentUrl\":\"https:\\\/\\\/nanoclean24.com\\\/wp-content\\\/uploads\\\/2025\\\/10\\\/h52-1.png\",\"width\":1010,\"height\":1010},{\"@type\":\"BreadcrumbList\",\"@id\":\"https:\\\/\\\/nanoclean24.com\\\/fr\\\/produit\\\/nanoclean-home-h52-detachant-de-tissu\\\/#breadcrumb\",\"itemListElement\":[{\"@type\":\"ListItem\",\"position\":1,\"name\":\"Strona g\u0142\u00f3wna\",\"item\":\"https:\\\/\\\/nanoclean24.com\\\/fr\\\/\"},{\"@type\":\"ListItem\",\"position\":2,\"name\":\"Boutique\",\"item\":\"https:\\\/\\\/nanoclean24.com\\\/shop\\\/\"},{\"@type\":\"ListItem\",\"position\":3,\"name\":\"NANOCLEAN HOME H52 FABRIC STAINREMOVER\"}]},{\"@type\":\"WebSite\",\"@id\":\"https:\\\/\\\/nanoclean24.com\\\/fr\\\/#website\",\"url\":\"https:\\\/\\\/nanoclean24.com\\\/fr\\\/\",\"name\":\"NanoClean\",\"description\":\"\",\"publisher\":{\"@id\":\"https:\\\/\\\/nanoclean24.com\\\/fr\\\/#organization\"},\"potentialAction\":[{\"@type\":\"SearchAction\",\"target\":{\"@type\":\"EntryPoint\",\"urlTemplate\":\"https:\\\/\\\/nanoclean24.com\\\/fr\\\/?s={search_term_string}\"},\"query-input\":{\"@type\":\"PropertyValueSpecification\",\"valueRequired\":true,\"valueName\":\"search_term_string\"}}],\"inLanguage\":\"fr-FR\"},{\"@type\":\"Organization\",\"@id\":\"https:\\\/\\\/nanoclean24.com\\\/fr\\\/#organization\",\"name\":\"NanoClean\",\"url\":\"https:\\\/\\\/nanoclean24.com\\\/fr\\\/\",\"logo\":{\"@type\":\"ImageObject\",\"inLanguage\":\"fr-FR\",\"@id\":\"https:\\\/\\\/nanoclean24.com\\\/fr\\\/#\\\/schema\\\/logo\\\/image\\\/\",\"url\":\"https:\\\/\\\/nanoclean24.com\\\/wp-content\\\/uploads\\\/2025\\\/07\\\/logo-2.jpg\",\"contentUrl\":\"https:\\\/\\\/nanoclean24.com\\\/wp-content\\\/uploads\\\/2025\\\/07\\\/logo-2.jpg\",\"width\":1068,\"height\":224,\"caption\":\"NanoClean\"},\"image\":{\"@id\":\"https:\\\/\\\/nanoclean24.com\\\/fr\\\/#\\\/schema\\\/logo\\\/image\\\/\"}}]}<\/script>\n<!-- \/ Yoast SEO plugin. -->","yoast_head_json":{"title":"NANOCLEAN HOME H52 FABRIC STAINREMOVER - NANOCLEAN","robots":{"index":"index","follow":"follow","max-snippet":"max-snippet:-1","max-image-preview":"max-image-preview:large","max-video-preview":"max-video-preview:-1"},"canonical":"https:\/\/nanoclean24.com\/fr\/produit\/nanoclean-home-h52-detachant-de-tissu\/","og_locale":"fr_FR","og_type":"article","og_title":"NANOCLEAN HOME H52 FABRIC STAINREMOVER - NANOCLEAN","og_description":"Avantages \u2705 Traite les taches extr\u00eamement tenaces - Enl\u00e8ve efficacement les taches les plus tenaces d'encre, de goudron, de colle, d'huile et de marqueurs permanents. \u2705 Formule solvant express - Formule professionnelle \u00e0 base de solvant \u00e0 action rapide qui p\u00e9n\u00e8tre en profondeur dans la structure de la tache. \u2705 Doux pour les tissus - Sans danger pour la plupart des types de tissus et d'ameublement, sans endommager ou affaiblir les fibres. \u2705 Ne laisse aucun r\u00e9sidu - \u00c9limine compl\u00e8tement la salet\u00e9 sans laisser de r\u00e9sidu, de d\u00e9coloration ou d'aur\u00e9ole sur le tissu. \u2705 \u00c9limination simple des r\u00e9sidus - Facile \u00e0 rincer \u00e0 l'eau ou \u00e0 \u00e9liminer, aucune proc\u00e9dure de nettoyage compliqu\u00e9e n'est n\u00e9cessaire apr\u00e8s l'application.","og_url":"https:\/\/nanoclean24.com\/fr\/produit\/nanoclean-home-h52-detachant-de-tissu\/","og_site_name":"NANOCLEAN","article_modified_time":"2025-11-02T14:52:21+00:00","og_image":[{"width":1010,"height":1010,"url":"https:\/\/nanoclean24.com\/wp-content\/uploads\/2025\/10\/h52-1.png","type":"image\/png"}],"twitter_card":"summary_large_image","schema":{"@context":"https:\/\/schema.org","@graph":[{"@type":"WebPage","@id":"https:\/\/nanoclean24.com\/fr\/produit\/nanoclean-home-h52-detachant-de-tissu\/","url":"https:\/\/nanoclean24.com\/fr\/produit\/nanoclean-home-h52-detachant-de-tissu\/","name":"NANOCLEAN HOME H52 FABRIC STAINREMOVER - NANOCLEAN","isPartOf":{"@id":"https:\/\/nanoclean24.com\/fr\/#website"},"primaryImageOfPage":{"@id":"https:\/\/nanoclean24.com\/fr\/produit\/nanoclean-home-h52-detachant-de-tissu\/#primaryimage"},"image":{"@id":"https:\/\/nanoclean24.com\/fr\/produit\/nanoclean-home-h52-detachant-de-tissu\/#primaryimage"},"thumbnailUrl":"https:\/\/nanoclean24.com\/wp-content\/uploads\/2025\/10\/h52-1.png","datePublished":"2025-10-17T19:40:57+00:00","dateModified":"2025-11-02T14:52:21+00:00","breadcrumb":{"@id":"https:\/\/nanoclean24.com\/fr\/produit\/nanoclean-home-h52-detachant-de-tissu\/#breadcrumb"},"inLanguage":"fr-FR","potentialAction":[{"@type":"ReadAction","target":["https:\/\/nanoclean24.com\/fr\/produit\/nanoclean-home-h52-detachant-de-tissu\/"]}]},{"@type":"ImageObject","inLanguage":"fr-FR","@id":"https:\/\/nanoclean24.com\/fr\/produit\/nanoclean-home-h52-detachant-de-tissu\/#primaryimage","url":"https:\/\/nanoclean24.com\/wp-content\/uploads\/2025\/10\/h52-1.png","contentUrl":"https:\/\/nanoclean24.com\/wp-content\/uploads\/2025\/10\/h52-1.png","width":1010,"height":1010},{"@type":"BreadcrumbList","@id":"https:\/\/nanoclean24.com\/fr\/produit\/nanoclean-home-h52-detachant-de-tissu\/#breadcrumb","itemListElement":[{"@type":"ListItem","position":1,"name":"Strona g\u0142\u00f3wna","item":"https:\/\/nanoclean24.com\/fr\/"},{"@type":"ListItem","position":2,"name":"Boutique","item":"https:\/\/nanoclean24.com\/shop\/"},{"@type":"ListItem","position":3,"name":"NANOCLEAN HOME H52 FABRIC STAINREMOVER"}]},{"@type":"WebSite","@id":"https:\/\/nanoclean24.com\/fr\/#website","url":"https:\/\/nanoclean24.com\/fr\/","name":"NanoClean","description":"","publisher":{"@id":"https:\/\/nanoclean24.com\/fr\/#organization"},"potentialAction":[{"@type":"SearchAction","target":{"@type":"EntryPoint","urlTemplate":"https:\/\/nanoclean24.com\/fr\/?s={search_term_string}"},"query-input":{"@type":"PropertyValueSpecification","valueRequired":true,"valueName":"search_term_string"}}],"inLanguage":"fr-FR"},{"@type":"Organization","@id":"https:\/\/nanoclean24.com\/fr\/#organization","name":"NanoClean","url":"https:\/\/nanoclean24.com\/fr\/","logo":{"@type":"ImageObject","inLanguage":"fr-FR","@id":"https:\/\/nanoclean24.com\/fr\/#\/schema\/logo\/image\/","url":"https:\/\/nanoclean24.com\/wp-content\/uploads\/2025\/07\/logo-2.jpg","contentUrl":"https:\/\/nanoclean24.com\/wp-content\/uploads\/2025\/07\/logo-2.jpg","width":1068,"height":224,"caption":"NanoClean"},"image":{"@id":"https:\/\/nanoclean24.com\/fr\/#\/schema\/logo\/image\/"}}]}},"taxonomy_info":{"product_cat":[{"value":171,"label":"HOME"}]},"featured_image_src_large":["https:\/\/nanoclean24.com\/wp-content\/uploads\/2025\/10\/h52-1.png",1010,1010,false],"author_info":[],"comment_info":"","_links":{"self":[{"href":"https:\/\/nanoclean24.com\/fr\/wp-json\/wp\/v2\/product\/9116","targetHints":{"allow":["GET"]}}],"collection":[{"href":"https:\/\/nanoclean24.com\/fr\/wp-json\/wp\/v2\/product"}],"about":[{"href":"https:\/\/nanoclean24.com\/fr\/wp-json\/wp\/v2\/types\/product"}],"wp:featuredmedia":[{"embeddable":true,"href":"https:\/\/nanoclean24.com\/fr\/wp-json\/wp\/v2\/media\/10249"}],"wp:attachment":[{"href":"https:\/\/nanoclean24.com\/fr\/wp-json\/wp\/v2\/media?parent=9116"}],"wp:term":[{"taxonomy":"product_brand","embeddable":true,"href":"https:\/\/nanoclean24.com\/fr\/wp-json\/wp\/v2\/product_brand?post=9116"},{"taxonomy":"product_cat","embeddable":true,"href":"https:\/\/nanoclean24.com\/fr\/wp-json\/wp\/v2\/product_cat?post=9116"},{"taxonomy":"product_tag","embeddable":true,"href":"https:\/\/nanoclean24.com\/fr\/wp-json\/wp\/v2\/product_tag?post=9116"}],"curies":[{"name":"wp","href":"https:\/\/api.w.org\/{rel}","templated":true}]}}