{"id":9112,"date":"2025-10-17T21:18:10","date_gmt":"2025-10-17T19:18:10","guid":{"rendered":"https:\/\/nanoclean24.com\/produkt\/nanoclean-home-h12-ac-power-clean\/"},"modified":"2025-11-02T14:47:42","modified_gmt":"2025-11-02T13:47:42","slug":"nanoclean-home-h12-ac-power-clean","status":"publish","type":"product","link":"https:\/\/nanoclean24.com\/fr\/produit\/nanoclean-home-h12-ac-power-clean\/","title":{"rendered":"NANOCLEAN HOME H12 AC POWER CLEAN"},"content":{"rendered":"\n<p>NANOCLEAN AC POWER CLEAN est un nettoyant professionnel, sp\u00e9cialement formul\u00e9 pour le nettoyage des unit\u00e9s ext\u00e9rieures de climatisation et des condenseurs de pompes \u00e0 chaleur. Cette formule tr\u00e8s p\u00e9n\u00e9trante \u00e9limine rapidement la salet\u00e9, la graisse, les d\u00e9bris, le pollen, les insectes et les r\u00e9sidus environnementaux qui r\u00e9duisent les performances de refroidissement. Elle r\u00e9tablit un flux d&rsquo;air optimal, pr\u00e9vient la surchauffe et prolonge la dur\u00e9e de vie de l&rsquo;unit\u00e9. Sans danger pour les ailettes en aluminium, les car\u00e9nages de ventilateurs et les bo\u00eetiers externes. Une utilisation r\u00e9guli\u00e8re garantit des performances optimales \u00e0 haute temp\u00e9rature. Produit sans acide, sans alcool et sans chlore &#8211; sans danger pour les surfaces m\u00e9talliques et l&rsquo;environnement.     <\/p>\n","protected":false},"excerpt":{"rendered":"<h3>Avantages<\/h3>\n<p class=\"whitespace-normal break-words\">\u2705 <strong>Nettoyage de pr\u00e9cision des composants<\/strong> &#8211; Nettoie en profondeur les ailettes des condensateurs, les bobines et les bo\u00eetiers des ventilateurs, en \u00e9liminant m\u00eame les salet\u00e9s les plus tenaces.<\/p>\n<p class=\"whitespace-normal break-words\">\u2705 <strong>Maximise l&rsquo;<\/strong> efficacit\u00e9 du <strong>syst\u00e8me<\/strong> &#8211; Am\u00e9liore l&rsquo;efficacit\u00e9 du transfert de chaleur et \u00e9vite les pertes d&rsquo;\u00e9nergie, r\u00e9duisant ainsi les co\u00fbts d&rsquo;exploitation.<\/p>\n<p class=\"whitespace-normal break-words\">\u2705 <strong>Prot\u00e8ge contre les d\u00e9faillances<\/strong> &#8211; Pr\u00e9vient efficacement la surchauffe et les d\u00e9faillances pr\u00e9matur\u00e9es du syst\u00e8me, prolongeant ainsi la dur\u00e9e de vie de l&rsquo;appareil.<\/p>\n<p class=\"whitespace-normal break-words\"><strong>\u2705 Rin\u00e7age rapide et s\u00fbr<\/strong> &#8211; La formule facile \u00e0 rincer ne laisse aucun r\u00e9sidu et n&rsquo;endommage pas les surfaces d\u00e9licates.<\/p>\n<p class=\"whitespace-normal break-words\"><strong>De la maison \u00e0 l&rsquo;industrie<\/strong> &#8211; Id\u00e9al pour les climatiseurs ext\u00e9rieurs \u00e0 usage priv\u00e9 et commercial, r\u00e9pondant aux normes professionnelles.<\/p>\n<p class=\"whitespace-normal break-words\">\u2705 <strong>Optimise le flux d&rsquo;air<\/strong> &#8211; R\u00e9tablit le flux d&rsquo;air libre et r\u00e9duit la charge sur le compresseur pour un fonctionnement plus silencieux et plus efficace.<\/p>\n","protected":false},"featured_media":10174,"template":"","meta":{"_kad_blocks_custom_css":"","_kad_blocks_head_custom_js":"","_kad_blocks_body_custom_js":"","_kad_blocks_footer_custom_js":"","_kad_post_transparent":"","_kad_post_title":"","_kad_post_layout":"","_kad_post_sidebar_id":"","_kad_post_content_style":"","_kad_post_vertical_padding":"","_kad_post_feature":"","_kad_post_feature_position":"","_kad_post_header":false,"_kad_post_footer":false,"_kad_post_classname":""},"product_brand":[],"product_cat":[171],"product_tag":[],"class_list":{"0":"post-9112","1":"product","2":"type-product","3":"status-publish","4":"has-post-thumbnail","6":"product_cat-home-fr-2","8":"first","9":"outofstock","10":"taxable","11":"shipping-taxable","12":"product-type-simple","13":"entry","14":"content-bg","15":"loop-entry"},"yoast_head":"<!-- This site is optimized with the Yoast SEO plugin v27.4 - https:\/\/yoast.com\/product\/yoast-seo-wordpress\/ -->\n<title>NANOCLEAN HOME H12 AC POWER CLEAN - NANOCLEAN<\/title>\n<meta name=\"robots\" content=\"index, follow, max-snippet:-1, max-image-preview:large, max-video-preview:-1\" \/>\n<link rel=\"canonical\" href=\"https:\/\/nanoclean24.com\/fr\/produit\/nanoclean-home-h12-ac-power-clean\/\" \/>\n<meta property=\"og:locale\" content=\"fr_FR\" \/>\n<meta property=\"og:type\" content=\"article\" \/>\n<meta property=\"og:title\" content=\"NANOCLEAN HOME H12 AC POWER CLEAN - NANOCLEAN\" \/>\n<meta property=\"og:description\" content=\"Avantages \u2705 Nettoyage de pr\u00e9cision des composants - Nettoie en profondeur les ailettes des condensateurs, les bobines et les bo\u00eetiers des ventilateurs, en \u00e9liminant m\u00eame les salet\u00e9s les plus tenaces. \u2705 Maximise l&#039; efficacit\u00e9 du syst\u00e8me - Am\u00e9liore l&#039;efficacit\u00e9 du transfert de chaleur et \u00e9vite les pertes d&#039;\u00e9nergie, r\u00e9duisant ainsi les co\u00fbts d&#039;exploitation. \u2705 Prot\u00e8ge contre les d\u00e9faillances - Pr\u00e9vient efficacement la surchauffe et les d\u00e9faillances pr\u00e9matur\u00e9es du syst\u00e8me, prolongeant ainsi la dur\u00e9e de vie de l&#039;appareil. \u2705 Rin\u00e7age rapide et s\u00fbr - La formule facile \u00e0 rincer ne laisse aucun r\u00e9sidu et n&#039;endommage pas les surfaces d\u00e9licates. De la maison \u00e0 l&#039;industrie - Id\u00e9al pour les climatiseurs ext\u00e9rieurs \u00e0 usage priv\u00e9 et commercial, r\u00e9pondant aux normes professionnelles. \u2705 Optimise le flux d&#039;air - R\u00e9tablit le flux d&#039;air libre et r\u00e9duit la charge sur le compresseur pour un fonctionnement plus silencieux et plus efficace.\" \/>\n<meta property=\"og:url\" content=\"https:\/\/nanoclean24.com\/fr\/produit\/nanoclean-home-h12-ac-power-clean\/\" \/>\n<meta property=\"og:site_name\" content=\"NANOCLEAN\" \/>\n<meta property=\"article:modified_time\" content=\"2025-11-02T13:47:42+00:00\" \/>\n<meta property=\"og:image\" content=\"https:\/\/nanoclean24.com\/wp-content\/uploads\/2025\/10\/h12-1.png\" \/>\n\t<meta property=\"og:image:width\" content=\"1010\" \/>\n\t<meta property=\"og:image:height\" content=\"1010\" \/>\n\t<meta property=\"og:image:type\" content=\"image\/png\" \/>\n<meta name=\"twitter:card\" content=\"summary_large_image\" \/>\n<meta name=\"twitter:label1\" content=\"Dur\u00e9e de lecture estim\u00e9e\" \/>\n\t<meta name=\"twitter:data1\" content=\"1 minute\" \/>\n<script type=\"application\/ld+json\" class=\"yoast-schema-graph\">{\"@context\":\"https:\\\/\\\/schema.org\",\"@graph\":[{\"@type\":\"WebPage\",\"@id\":\"https:\\\/\\\/nanoclean24.com\\\/fr\\\/produit\\\/nanoclean-home-h12-ac-power-clean\\\/\",\"url\":\"https:\\\/\\\/nanoclean24.com\\\/fr\\\/produit\\\/nanoclean-home-h12-ac-power-clean\\\/\",\"name\":\"NANOCLEAN HOME H12 AC POWER CLEAN - NANOCLEAN\",\"isPartOf\":{\"@id\":\"https:\\\/\\\/nanoclean24.com\\\/fr\\\/#website\"},\"primaryImageOfPage\":{\"@id\":\"https:\\\/\\\/nanoclean24.com\\\/fr\\\/produit\\\/nanoclean-home-h12-ac-power-clean\\\/#primaryimage\"},\"image\":{\"@id\":\"https:\\\/\\\/nanoclean24.com\\\/fr\\\/produit\\\/nanoclean-home-h12-ac-power-clean\\\/#primaryimage\"},\"thumbnailUrl\":\"https:\\\/\\\/nanoclean24.com\\\/wp-content\\\/uploads\\\/2025\\\/10\\\/h12-1.png\",\"datePublished\":\"2025-10-17T19:18:10+00:00\",\"dateModified\":\"2025-11-02T13:47:42+00:00\",\"breadcrumb\":{\"@id\":\"https:\\\/\\\/nanoclean24.com\\\/fr\\\/produit\\\/nanoclean-home-h12-ac-power-clean\\\/#breadcrumb\"},\"inLanguage\":\"fr-FR\",\"potentialAction\":[{\"@type\":\"ReadAction\",\"target\":[\"https:\\\/\\\/nanoclean24.com\\\/fr\\\/produit\\\/nanoclean-home-h12-ac-power-clean\\\/\"]}]},{\"@type\":\"ImageObject\",\"inLanguage\":\"fr-FR\",\"@id\":\"https:\\\/\\\/nanoclean24.com\\\/fr\\\/produit\\\/nanoclean-home-h12-ac-power-clean\\\/#primaryimage\",\"url\":\"https:\\\/\\\/nanoclean24.com\\\/wp-content\\\/uploads\\\/2025\\\/10\\\/h12-1.png\",\"contentUrl\":\"https:\\\/\\\/nanoclean24.com\\\/wp-content\\\/uploads\\\/2025\\\/10\\\/h12-1.png\",\"width\":1010,\"height\":1010},{\"@type\":\"BreadcrumbList\",\"@id\":\"https:\\\/\\\/nanoclean24.com\\\/fr\\\/produit\\\/nanoclean-home-h12-ac-power-clean\\\/#breadcrumb\",\"itemListElement\":[{\"@type\":\"ListItem\",\"position\":1,\"name\":\"Strona g\u0142\u00f3wna\",\"item\":\"https:\\\/\\\/nanoclean24.com\\\/fr\\\/\"},{\"@type\":\"ListItem\",\"position\":2,\"name\":\"Boutique\",\"item\":\"https:\\\/\\\/nanoclean24.com\\\/shop\\\/\"},{\"@type\":\"ListItem\",\"position\":3,\"name\":\"NANOCLEAN HOME H12 AC POWER CLEAN\"}]},{\"@type\":\"WebSite\",\"@id\":\"https:\\\/\\\/nanoclean24.com\\\/fr\\\/#website\",\"url\":\"https:\\\/\\\/nanoclean24.com\\\/fr\\\/\",\"name\":\"NanoClean\",\"description\":\"\",\"publisher\":{\"@id\":\"https:\\\/\\\/nanoclean24.com\\\/fr\\\/#organization\"},\"potentialAction\":[{\"@type\":\"SearchAction\",\"target\":{\"@type\":\"EntryPoint\",\"urlTemplate\":\"https:\\\/\\\/nanoclean24.com\\\/fr\\\/?s={search_term_string}\"},\"query-input\":{\"@type\":\"PropertyValueSpecification\",\"valueRequired\":true,\"valueName\":\"search_term_string\"}}],\"inLanguage\":\"fr-FR\"},{\"@type\":\"Organization\",\"@id\":\"https:\\\/\\\/nanoclean24.com\\\/fr\\\/#organization\",\"name\":\"NanoClean\",\"url\":\"https:\\\/\\\/nanoclean24.com\\\/fr\\\/\",\"logo\":{\"@type\":\"ImageObject\",\"inLanguage\":\"fr-FR\",\"@id\":\"https:\\\/\\\/nanoclean24.com\\\/fr\\\/#\\\/schema\\\/logo\\\/image\\\/\",\"url\":\"https:\\\/\\\/nanoclean24.com\\\/wp-content\\\/uploads\\\/2025\\\/07\\\/logo-2.jpg\",\"contentUrl\":\"https:\\\/\\\/nanoclean24.com\\\/wp-content\\\/uploads\\\/2025\\\/07\\\/logo-2.jpg\",\"width\":1068,\"height\":224,\"caption\":\"NanoClean\"},\"image\":{\"@id\":\"https:\\\/\\\/nanoclean24.com\\\/fr\\\/#\\\/schema\\\/logo\\\/image\\\/\"}}]}<\/script>\n<!-- \/ Yoast SEO plugin. -->","yoast_head_json":{"title":"NANOCLEAN HOME H12 AC POWER CLEAN - NANOCLEAN","robots":{"index":"index","follow":"follow","max-snippet":"max-snippet:-1","max-image-preview":"max-image-preview:large","max-video-preview":"max-video-preview:-1"},"canonical":"https:\/\/nanoclean24.com\/fr\/produit\/nanoclean-home-h12-ac-power-clean\/","og_locale":"fr_FR","og_type":"article","og_title":"NANOCLEAN HOME H12 AC POWER CLEAN - NANOCLEAN","og_description":"Avantages \u2705 Nettoyage de pr\u00e9cision des composants - Nettoie en profondeur les ailettes des condensateurs, les bobines et les bo\u00eetiers des ventilateurs, en \u00e9liminant m\u00eame les salet\u00e9s les plus tenaces. \u2705 Maximise l' efficacit\u00e9 du syst\u00e8me - Am\u00e9liore l'efficacit\u00e9 du transfert de chaleur et \u00e9vite les pertes d'\u00e9nergie, r\u00e9duisant ainsi les co\u00fbts d'exploitation. \u2705 Prot\u00e8ge contre les d\u00e9faillances - Pr\u00e9vient efficacement la surchauffe et les d\u00e9faillances pr\u00e9matur\u00e9es du syst\u00e8me, prolongeant ainsi la dur\u00e9e de vie de l'appareil. \u2705 Rin\u00e7age rapide et s\u00fbr - La formule facile \u00e0 rincer ne laisse aucun r\u00e9sidu et n'endommage pas les surfaces d\u00e9licates. De la maison \u00e0 l'industrie - Id\u00e9al pour les climatiseurs ext\u00e9rieurs \u00e0 usage priv\u00e9 et commercial, r\u00e9pondant aux normes professionnelles. \u2705 Optimise le flux d'air - R\u00e9tablit le flux d'air libre et r\u00e9duit la charge sur le compresseur pour un fonctionnement plus silencieux et plus efficace.","og_url":"https:\/\/nanoclean24.com\/fr\/produit\/nanoclean-home-h12-ac-power-clean\/","og_site_name":"NANOCLEAN","article_modified_time":"2025-11-02T13:47:42+00:00","og_image":[{"width":1010,"height":1010,"url":"https:\/\/nanoclean24.com\/wp-content\/uploads\/2025\/10\/h12-1.png","type":"image\/png"}],"twitter_card":"summary_large_image","twitter_misc":{"Dur\u00e9e de lecture estim\u00e9e":"1 minute"},"schema":{"@context":"https:\/\/schema.org","@graph":[{"@type":"WebPage","@id":"https:\/\/nanoclean24.com\/fr\/produit\/nanoclean-home-h12-ac-power-clean\/","url":"https:\/\/nanoclean24.com\/fr\/produit\/nanoclean-home-h12-ac-power-clean\/","name":"NANOCLEAN HOME H12 AC POWER CLEAN - NANOCLEAN","isPartOf":{"@id":"https:\/\/nanoclean24.com\/fr\/#website"},"primaryImageOfPage":{"@id":"https:\/\/nanoclean24.com\/fr\/produit\/nanoclean-home-h12-ac-power-clean\/#primaryimage"},"image":{"@id":"https:\/\/nanoclean24.com\/fr\/produit\/nanoclean-home-h12-ac-power-clean\/#primaryimage"},"thumbnailUrl":"https:\/\/nanoclean24.com\/wp-content\/uploads\/2025\/10\/h12-1.png","datePublished":"2025-10-17T19:18:10+00:00","dateModified":"2025-11-02T13:47:42+00:00","breadcrumb":{"@id":"https:\/\/nanoclean24.com\/fr\/produit\/nanoclean-home-h12-ac-power-clean\/#breadcrumb"},"inLanguage":"fr-FR","potentialAction":[{"@type":"ReadAction","target":["https:\/\/nanoclean24.com\/fr\/produit\/nanoclean-home-h12-ac-power-clean\/"]}]},{"@type":"ImageObject","inLanguage":"fr-FR","@id":"https:\/\/nanoclean24.com\/fr\/produit\/nanoclean-home-h12-ac-power-clean\/#primaryimage","url":"https:\/\/nanoclean24.com\/wp-content\/uploads\/2025\/10\/h12-1.png","contentUrl":"https:\/\/nanoclean24.com\/wp-content\/uploads\/2025\/10\/h12-1.png","width":1010,"height":1010},{"@type":"BreadcrumbList","@id":"https:\/\/nanoclean24.com\/fr\/produit\/nanoclean-home-h12-ac-power-clean\/#breadcrumb","itemListElement":[{"@type":"ListItem","position":1,"name":"Strona g\u0142\u00f3wna","item":"https:\/\/nanoclean24.com\/fr\/"},{"@type":"ListItem","position":2,"name":"Boutique","item":"https:\/\/nanoclean24.com\/shop\/"},{"@type":"ListItem","position":3,"name":"NANOCLEAN HOME H12 AC POWER CLEAN"}]},{"@type":"WebSite","@id":"https:\/\/nanoclean24.com\/fr\/#website","url":"https:\/\/nanoclean24.com\/fr\/","name":"NanoClean","description":"","publisher":{"@id":"https:\/\/nanoclean24.com\/fr\/#organization"},"potentialAction":[{"@type":"SearchAction","target":{"@type":"EntryPoint","urlTemplate":"https:\/\/nanoclean24.com\/fr\/?s={search_term_string}"},"query-input":{"@type":"PropertyValueSpecification","valueRequired":true,"valueName":"search_term_string"}}],"inLanguage":"fr-FR"},{"@type":"Organization","@id":"https:\/\/nanoclean24.com\/fr\/#organization","name":"NanoClean","url":"https:\/\/nanoclean24.com\/fr\/","logo":{"@type":"ImageObject","inLanguage":"fr-FR","@id":"https:\/\/nanoclean24.com\/fr\/#\/schema\/logo\/image\/","url":"https:\/\/nanoclean24.com\/wp-content\/uploads\/2025\/07\/logo-2.jpg","contentUrl":"https:\/\/nanoclean24.com\/wp-content\/uploads\/2025\/07\/logo-2.jpg","width":1068,"height":224,"caption":"NanoClean"},"image":{"@id":"https:\/\/nanoclean24.com\/fr\/#\/schema\/logo\/image\/"}}]}},"taxonomy_info":{"product_cat":[{"value":171,"label":"HOME"}]},"featured_image_src_large":["https:\/\/nanoclean24.com\/wp-content\/uploads\/2025\/10\/h12-1.png",1010,1010,false],"author_info":[],"comment_info":"","_links":{"self":[{"href":"https:\/\/nanoclean24.com\/fr\/wp-json\/wp\/v2\/product\/9112","targetHints":{"allow":["GET"]}}],"collection":[{"href":"https:\/\/nanoclean24.com\/fr\/wp-json\/wp\/v2\/product"}],"about":[{"href":"https:\/\/nanoclean24.com\/fr\/wp-json\/wp\/v2\/types\/product"}],"wp:featuredmedia":[{"embeddable":true,"href":"https:\/\/nanoclean24.com\/fr\/wp-json\/wp\/v2\/media\/10174"}],"wp:attachment":[{"href":"https:\/\/nanoclean24.com\/fr\/wp-json\/wp\/v2\/media?parent=9112"}],"wp:term":[{"taxonomy":"product_brand","embeddable":true,"href":"https:\/\/nanoclean24.com\/fr\/wp-json\/wp\/v2\/product_brand?post=9112"},{"taxonomy":"product_cat","embeddable":true,"href":"https:\/\/nanoclean24.com\/fr\/wp-json\/wp\/v2\/product_cat?post=9112"},{"taxonomy":"product_tag","embeddable":true,"href":"https:\/\/nanoclean24.com\/fr\/wp-json\/wp\/v2\/product_tag?post=9112"}],"curies":[{"name":"wp","href":"https:\/\/api.w.org\/{rel}","templated":true}]}}