{"id":9108,"date":"2025-10-17T21:21:05","date_gmt":"2025-10-17T19:21:05","guid":{"rendered":"https:\/\/nanoclean24.com\/produkt\/nanoclean-home-h13-ac-rust-scaleremover\/"},"modified":"2025-11-02T14:51:08","modified_gmt":"2025-11-02T13:51:08","slug":"nanoclean-home-h13-ac-rust-scaleremover","status":"publish","type":"product","link":"https:\/\/nanoclean24.com\/fr\/produit\/nanoclean-home-h13-ac-rust-scaleremover\/","title":{"rendered":"NANOCLEAN HOME H13 AC RUST &amp; SCALEREMOVER"},"content":{"rendered":"\n<p>NANOCLEAN AC RUST &amp; SCALE REMOVER est une formule acide puissante con\u00e7ue pour \u00e9liminer les taches de rouille, les d\u00e9p\u00f4ts de calcaire et les salissures environnementales sur les climatiseurs ext\u00e9rieurs, les structures m\u00e9talliques, les sols vitrifi\u00e9s et les terrasses. Id\u00e9al pour restaurer la propret\u00e9 des bo\u00eetiers de climatiseurs et de leurs composants n\u00e9glig\u00e9s ou tach\u00e9s. N&rsquo;utiliser que sur des surfaces r\u00e9sistantes aux acides. Toujours rincer abondamment \u00e0 l&rsquo;eau claire apr\u00e8s utilisation.   <\/p>\n","protected":false},"excerpt":{"rendered":"<h3>Avantages<\/h3>\n<p class=\"whitespace-normal break-words\"><strong>\u2705 \u00c9limine efficacement les d\u00e9p\u00f4ts tenaces<\/strong> &#8211; Dissout efficacement les taches de rouille tenaces et les d\u00e9p\u00f4ts de tartre min\u00e9ral, redonnant aux surfaces leur aspect d&rsquo;origine.<\/p>\n<p class=\"whitespace-normal break-words\"><strong>\u2705 R\u00e9novation des ext\u00e9rieurs des climatiseurs<\/strong> &#8211; R\u00e9tablit la propret\u00e9 et l&rsquo;aspect esth\u00e9tique des bo\u00eetiers et des bases des climatiseurs ext\u00e9rieurs.<\/p>\n<p class=\"whitespace-normal break-words\">\u2705 <strong>Utilisation polyvalente en ext\u00e9rieur<\/strong> &#8211; Id\u00e9al pour les bo\u00eetiers de climatiseurs, les supports m\u00e9talliques, les sols en b\u00e9ton, les carrelages et les terrasses.<\/p>\n<p class=\"whitespace-normal break-words\">\u2705 <strong>Pouvoir nettoyant professionnel<\/strong> &#8211; Formule acide \u00e0 action rapide et \u00e0 puissance professionnelle, con\u00e7ue pour les applications techniques exigeantes.<\/p>\n","protected":false},"featured_media":10178,"template":"","meta":{"_kad_blocks_custom_css":"","_kad_blocks_head_custom_js":"","_kad_blocks_body_custom_js":"","_kad_blocks_footer_custom_js":"","_kad_post_transparent":"","_kad_post_title":"","_kad_post_layout":"","_kad_post_sidebar_id":"","_kad_post_content_style":"","_kad_post_vertical_padding":"","_kad_post_feature":"","_kad_post_feature_position":"","_kad_post_header":false,"_kad_post_footer":false,"_kad_post_classname":""},"product_brand":[],"product_cat":[171],"product_tag":[],"class_list":{"0":"post-9108","1":"product","2":"type-product","3":"status-publish","4":"has-post-thumbnail","6":"product_cat-home-fr-2","8":"first","9":"outofstock","10":"taxable","11":"shipping-taxable","12":"product-type-simple","13":"entry","14":"content-bg","15":"loop-entry"},"yoast_head":"<!-- This site is optimized with the Yoast SEO plugin v27.4 - https:\/\/yoast.com\/product\/yoast-seo-wordpress\/ -->\n<title>NANOCLEAN HOME H13 AC RUST &amp; SCALEREMOVER - NANOCLEAN<\/title>\n<meta name=\"robots\" content=\"index, follow, max-snippet:-1, max-image-preview:large, max-video-preview:-1\" \/>\n<link rel=\"canonical\" href=\"https:\/\/nanoclean24.com\/fr\/produit\/nanoclean-home-h13-ac-rust-scaleremover\/\" \/>\n<meta property=\"og:locale\" content=\"fr_FR\" \/>\n<meta property=\"og:type\" content=\"article\" \/>\n<meta property=\"og:title\" content=\"NANOCLEAN HOME H13 AC RUST &amp; SCALEREMOVER - NANOCLEAN\" \/>\n<meta property=\"og:description\" content=\"Avantages \u2705 \u00c9limine efficacement les d\u00e9p\u00f4ts tenaces - Dissout efficacement les taches de rouille tenaces et les d\u00e9p\u00f4ts de tartre min\u00e9ral, redonnant aux surfaces leur aspect d&#039;origine. \u2705 R\u00e9novation des ext\u00e9rieurs des climatiseurs - R\u00e9tablit la propret\u00e9 et l&#039;aspect esth\u00e9tique des bo\u00eetiers et des bases des climatiseurs ext\u00e9rieurs. \u2705 Utilisation polyvalente en ext\u00e9rieur - Id\u00e9al pour les bo\u00eetiers de climatiseurs, les supports m\u00e9talliques, les sols en b\u00e9ton, les carrelages et les terrasses. \u2705 Pouvoir nettoyant professionnel - Formule acide \u00e0 action rapide et \u00e0 puissance professionnelle, con\u00e7ue pour les applications techniques exigeantes.\" \/>\n<meta property=\"og:url\" content=\"https:\/\/nanoclean24.com\/fr\/produit\/nanoclean-home-h13-ac-rust-scaleremover\/\" \/>\n<meta property=\"og:site_name\" content=\"NANOCLEAN\" \/>\n<meta property=\"article:modified_time\" content=\"2025-11-02T13:51:08+00:00\" \/>\n<meta property=\"og:image\" content=\"https:\/\/nanoclean24.com\/wp-content\/uploads\/2025\/10\/h13-1.png\" \/>\n\t<meta property=\"og:image:width\" content=\"1010\" \/>\n\t<meta property=\"og:image:height\" content=\"1010\" \/>\n\t<meta property=\"og:image:type\" content=\"image\/png\" \/>\n<meta name=\"twitter:card\" content=\"summary_large_image\" \/>\n<script type=\"application\/ld+json\" class=\"yoast-schema-graph\">{\"@context\":\"https:\\\/\\\/schema.org\",\"@graph\":[{\"@type\":\"WebPage\",\"@id\":\"https:\\\/\\\/nanoclean24.com\\\/fr\\\/produit\\\/nanoclean-home-h13-ac-rust-scaleremover\\\/\",\"url\":\"https:\\\/\\\/nanoclean24.com\\\/fr\\\/produit\\\/nanoclean-home-h13-ac-rust-scaleremover\\\/\",\"name\":\"NANOCLEAN HOME H13 AC RUST &amp; SCALEREMOVER - NANOCLEAN\",\"isPartOf\":{\"@id\":\"https:\\\/\\\/nanoclean24.com\\\/fr\\\/#website\"},\"primaryImageOfPage\":{\"@id\":\"https:\\\/\\\/nanoclean24.com\\\/fr\\\/produit\\\/nanoclean-home-h13-ac-rust-scaleremover\\\/#primaryimage\"},\"image\":{\"@id\":\"https:\\\/\\\/nanoclean24.com\\\/fr\\\/produit\\\/nanoclean-home-h13-ac-rust-scaleremover\\\/#primaryimage\"},\"thumbnailUrl\":\"https:\\\/\\\/nanoclean24.com\\\/wp-content\\\/uploads\\\/2025\\\/10\\\/h13-1.png\",\"datePublished\":\"2025-10-17T19:21:05+00:00\",\"dateModified\":\"2025-11-02T13:51:08+00:00\",\"breadcrumb\":{\"@id\":\"https:\\\/\\\/nanoclean24.com\\\/fr\\\/produit\\\/nanoclean-home-h13-ac-rust-scaleremover\\\/#breadcrumb\"},\"inLanguage\":\"fr-FR\",\"potentialAction\":[{\"@type\":\"ReadAction\",\"target\":[\"https:\\\/\\\/nanoclean24.com\\\/fr\\\/produit\\\/nanoclean-home-h13-ac-rust-scaleremover\\\/\"]}]},{\"@type\":\"ImageObject\",\"inLanguage\":\"fr-FR\",\"@id\":\"https:\\\/\\\/nanoclean24.com\\\/fr\\\/produit\\\/nanoclean-home-h13-ac-rust-scaleremover\\\/#primaryimage\",\"url\":\"https:\\\/\\\/nanoclean24.com\\\/wp-content\\\/uploads\\\/2025\\\/10\\\/h13-1.png\",\"contentUrl\":\"https:\\\/\\\/nanoclean24.com\\\/wp-content\\\/uploads\\\/2025\\\/10\\\/h13-1.png\",\"width\":1010,\"height\":1010},{\"@type\":\"BreadcrumbList\",\"@id\":\"https:\\\/\\\/nanoclean24.com\\\/fr\\\/produit\\\/nanoclean-home-h13-ac-rust-scaleremover\\\/#breadcrumb\",\"itemListElement\":[{\"@type\":\"ListItem\",\"position\":1,\"name\":\"Strona g\u0142\u00f3wna\",\"item\":\"https:\\\/\\\/nanoclean24.com\\\/fr\\\/\"},{\"@type\":\"ListItem\",\"position\":2,\"name\":\"Boutique\",\"item\":\"https:\\\/\\\/nanoclean24.com\\\/shop\\\/\"},{\"@type\":\"ListItem\",\"position\":3,\"name\":\"NANOCLEAN HOME H13 AC RUST &amp; SCALEREMOVER\"}]},{\"@type\":\"WebSite\",\"@id\":\"https:\\\/\\\/nanoclean24.com\\\/fr\\\/#website\",\"url\":\"https:\\\/\\\/nanoclean24.com\\\/fr\\\/\",\"name\":\"NanoClean\",\"description\":\"\",\"publisher\":{\"@id\":\"https:\\\/\\\/nanoclean24.com\\\/fr\\\/#organization\"},\"potentialAction\":[{\"@type\":\"SearchAction\",\"target\":{\"@type\":\"EntryPoint\",\"urlTemplate\":\"https:\\\/\\\/nanoclean24.com\\\/fr\\\/?s={search_term_string}\"},\"query-input\":{\"@type\":\"PropertyValueSpecification\",\"valueRequired\":true,\"valueName\":\"search_term_string\"}}],\"inLanguage\":\"fr-FR\"},{\"@type\":\"Organization\",\"@id\":\"https:\\\/\\\/nanoclean24.com\\\/fr\\\/#organization\",\"name\":\"NanoClean\",\"url\":\"https:\\\/\\\/nanoclean24.com\\\/fr\\\/\",\"logo\":{\"@type\":\"ImageObject\",\"inLanguage\":\"fr-FR\",\"@id\":\"https:\\\/\\\/nanoclean24.com\\\/fr\\\/#\\\/schema\\\/logo\\\/image\\\/\",\"url\":\"https:\\\/\\\/nanoclean24.com\\\/wp-content\\\/uploads\\\/2025\\\/07\\\/logo-2.jpg\",\"contentUrl\":\"https:\\\/\\\/nanoclean24.com\\\/wp-content\\\/uploads\\\/2025\\\/07\\\/logo-2.jpg\",\"width\":1068,\"height\":224,\"caption\":\"NanoClean\"},\"image\":{\"@id\":\"https:\\\/\\\/nanoclean24.com\\\/fr\\\/#\\\/schema\\\/logo\\\/image\\\/\"}}]}<\/script>\n<!-- \/ Yoast SEO plugin. -->","yoast_head_json":{"title":"NANOCLEAN HOME H13 AC RUST &amp; SCALEREMOVER - NANOCLEAN","robots":{"index":"index","follow":"follow","max-snippet":"max-snippet:-1","max-image-preview":"max-image-preview:large","max-video-preview":"max-video-preview:-1"},"canonical":"https:\/\/nanoclean24.com\/fr\/produit\/nanoclean-home-h13-ac-rust-scaleremover\/","og_locale":"fr_FR","og_type":"article","og_title":"NANOCLEAN HOME H13 AC RUST &amp; SCALEREMOVER - NANOCLEAN","og_description":"Avantages \u2705 \u00c9limine efficacement les d\u00e9p\u00f4ts tenaces - Dissout efficacement les taches de rouille tenaces et les d\u00e9p\u00f4ts de tartre min\u00e9ral, redonnant aux surfaces leur aspect d'origine. \u2705 R\u00e9novation des ext\u00e9rieurs des climatiseurs - R\u00e9tablit la propret\u00e9 et l'aspect esth\u00e9tique des bo\u00eetiers et des bases des climatiseurs ext\u00e9rieurs. \u2705 Utilisation polyvalente en ext\u00e9rieur - Id\u00e9al pour les bo\u00eetiers de climatiseurs, les supports m\u00e9talliques, les sols en b\u00e9ton, les carrelages et les terrasses. \u2705 Pouvoir nettoyant professionnel - Formule acide \u00e0 action rapide et \u00e0 puissance professionnelle, con\u00e7ue pour les applications techniques exigeantes.","og_url":"https:\/\/nanoclean24.com\/fr\/produit\/nanoclean-home-h13-ac-rust-scaleremover\/","og_site_name":"NANOCLEAN","article_modified_time":"2025-11-02T13:51:08+00:00","og_image":[{"width":1010,"height":1010,"url":"https:\/\/nanoclean24.com\/wp-content\/uploads\/2025\/10\/h13-1.png","type":"image\/png"}],"twitter_card":"summary_large_image","schema":{"@context":"https:\/\/schema.org","@graph":[{"@type":"WebPage","@id":"https:\/\/nanoclean24.com\/fr\/produit\/nanoclean-home-h13-ac-rust-scaleremover\/","url":"https:\/\/nanoclean24.com\/fr\/produit\/nanoclean-home-h13-ac-rust-scaleremover\/","name":"NANOCLEAN HOME H13 AC RUST &amp; SCALEREMOVER - NANOCLEAN","isPartOf":{"@id":"https:\/\/nanoclean24.com\/fr\/#website"},"primaryImageOfPage":{"@id":"https:\/\/nanoclean24.com\/fr\/produit\/nanoclean-home-h13-ac-rust-scaleremover\/#primaryimage"},"image":{"@id":"https:\/\/nanoclean24.com\/fr\/produit\/nanoclean-home-h13-ac-rust-scaleremover\/#primaryimage"},"thumbnailUrl":"https:\/\/nanoclean24.com\/wp-content\/uploads\/2025\/10\/h13-1.png","datePublished":"2025-10-17T19:21:05+00:00","dateModified":"2025-11-02T13:51:08+00:00","breadcrumb":{"@id":"https:\/\/nanoclean24.com\/fr\/produit\/nanoclean-home-h13-ac-rust-scaleremover\/#breadcrumb"},"inLanguage":"fr-FR","potentialAction":[{"@type":"ReadAction","target":["https:\/\/nanoclean24.com\/fr\/produit\/nanoclean-home-h13-ac-rust-scaleremover\/"]}]},{"@type":"ImageObject","inLanguage":"fr-FR","@id":"https:\/\/nanoclean24.com\/fr\/produit\/nanoclean-home-h13-ac-rust-scaleremover\/#primaryimage","url":"https:\/\/nanoclean24.com\/wp-content\/uploads\/2025\/10\/h13-1.png","contentUrl":"https:\/\/nanoclean24.com\/wp-content\/uploads\/2025\/10\/h13-1.png","width":1010,"height":1010},{"@type":"BreadcrumbList","@id":"https:\/\/nanoclean24.com\/fr\/produit\/nanoclean-home-h13-ac-rust-scaleremover\/#breadcrumb","itemListElement":[{"@type":"ListItem","position":1,"name":"Strona g\u0142\u00f3wna","item":"https:\/\/nanoclean24.com\/fr\/"},{"@type":"ListItem","position":2,"name":"Boutique","item":"https:\/\/nanoclean24.com\/shop\/"},{"@type":"ListItem","position":3,"name":"NANOCLEAN HOME H13 AC RUST &amp; SCALEREMOVER"}]},{"@type":"WebSite","@id":"https:\/\/nanoclean24.com\/fr\/#website","url":"https:\/\/nanoclean24.com\/fr\/","name":"NanoClean","description":"","publisher":{"@id":"https:\/\/nanoclean24.com\/fr\/#organization"},"potentialAction":[{"@type":"SearchAction","target":{"@type":"EntryPoint","urlTemplate":"https:\/\/nanoclean24.com\/fr\/?s={search_term_string}"},"query-input":{"@type":"PropertyValueSpecification","valueRequired":true,"valueName":"search_term_string"}}],"inLanguage":"fr-FR"},{"@type":"Organization","@id":"https:\/\/nanoclean24.com\/fr\/#organization","name":"NanoClean","url":"https:\/\/nanoclean24.com\/fr\/","logo":{"@type":"ImageObject","inLanguage":"fr-FR","@id":"https:\/\/nanoclean24.com\/fr\/#\/schema\/logo\/image\/","url":"https:\/\/nanoclean24.com\/wp-content\/uploads\/2025\/07\/logo-2.jpg","contentUrl":"https:\/\/nanoclean24.com\/wp-content\/uploads\/2025\/07\/logo-2.jpg","width":1068,"height":224,"caption":"NanoClean"},"image":{"@id":"https:\/\/nanoclean24.com\/fr\/#\/schema\/logo\/image\/"}}]}},"taxonomy_info":{"product_cat":[{"value":171,"label":"HOME"}]},"featured_image_src_large":["https:\/\/nanoclean24.com\/wp-content\/uploads\/2025\/10\/h13-1.png",1010,1010,false],"author_info":[],"comment_info":"","_links":{"self":[{"href":"https:\/\/nanoclean24.com\/fr\/wp-json\/wp\/v2\/product\/9108","targetHints":{"allow":["GET"]}}],"collection":[{"href":"https:\/\/nanoclean24.com\/fr\/wp-json\/wp\/v2\/product"}],"about":[{"href":"https:\/\/nanoclean24.com\/fr\/wp-json\/wp\/v2\/types\/product"}],"wp:featuredmedia":[{"embeddable":true,"href":"https:\/\/nanoclean24.com\/fr\/wp-json\/wp\/v2\/media\/10178"}],"wp:attachment":[{"href":"https:\/\/nanoclean24.com\/fr\/wp-json\/wp\/v2\/media?parent=9108"}],"wp:term":[{"taxonomy":"product_brand","embeddable":true,"href":"https:\/\/nanoclean24.com\/fr\/wp-json\/wp\/v2\/product_brand?post=9108"},{"taxonomy":"product_cat","embeddable":true,"href":"https:\/\/nanoclean24.com\/fr\/wp-json\/wp\/v2\/product_cat?post=9108"},{"taxonomy":"product_tag","embeddable":true,"href":"https:\/\/nanoclean24.com\/fr\/wp-json\/wp\/v2\/product_tag?post=9108"}],"curies":[{"name":"wp","href":"https:\/\/api.w.org\/{rel}","templated":true}]}}