{"id":9098,"date":"2025-10-17T21:10:19","date_gmt":"2025-10-17T19:10:19","guid":{"rendered":"https:\/\/nanoclean24.com\/produkt\/nanoclean-home-h10-pet-fresh\/"},"modified":"2025-11-02T14:44:26","modified_gmt":"2025-11-02T13:44:26","slug":"nanoclean-home-h10-pet-fresh","status":"publish","type":"product","link":"https:\/\/nanoclean24.com\/fr\/produit\/nanoclean-home-h10-pet-fresh\/","title":{"rendered":"NANOCLEAN HOME H10 PET FRESH"},"content":{"rendered":"\n<p>NANOCLEAN HOME PET FRESH est un puissant spray d&rsquo;hygi\u00e8ne con\u00e7u pour nettoyer les cages, les enclos, les baignoires et les accessoires des petits animaux et des oiseaux. Il \u00e9limine efficacement les taches dues aux f\u00e8ces, \u00e0 l&rsquo;urine et aux d\u00e9chets organiques et neutralise les odeurs d\u00e9sagr\u00e9ables, offrant ainsi un environnement propre et s\u00fbr. La formule est douce, sans chlore, sans alcool et sans ald\u00e9hydes, ce qui permet une utilisation quotidienne en toute s\u00e9curit\u00e9.  <\/p>\n","protected":false},"excerpt":{"rendered":"<h3>Avantages<\/h3>\n<p class=\"whitespace-normal break-words\">\u2705 <strong>Nettoyage complet des accessoires pour oiseaux<\/strong> &#8211; Nettoie et d\u00e9sinfecte efficacement les cages, les baignoires, les si\u00e8ges, les bacs \u00e0 liti\u00e8re et tous les accessoires pour oiseaux.<\/p>\n<p class=\"whitespace-normal break-words\">\u2705 <strong>\u00c9limine la salet\u00e9 organique<\/strong> &#8211; \u00c9limine efficacement les r\u00e9sidus f\u00e9caux, l&rsquo;urine et les autres salet\u00e9s organiques, r\u00e9tablissant ainsi une propret\u00e9 hygi\u00e9nique.<\/p>\n<p class=\"whitespace-normal break-words\">\u2705 <strong>V\u00e9ritable neutralisation des<\/strong> odeurs &#8211; Neutralise les odeurs d\u00e9sagr\u00e9ables \u00e0 la source, ne se contentant pas de les masquer, mais les \u00e9liminant compl\u00e8tement.<\/p>\n<p class=\"whitespace-normal break-words\"><strong>\u2705 De la maison aux installations professionnelles<\/strong> &#8211; Peut \u00eatre utilis\u00e9 \u00e0 la maison, dans les voli\u00e8res, les refuges pour animaux et les animaleries, offrant ainsi une grande polyvalence.<\/p>\n<p class=\"whitespace-normal break-words\">\u2705 <strong>\u00c9limine les risques sanitaires<\/strong> &#8211; \u00c9limine les bact\u00e9ries, les allerg\u00e8nes et l&rsquo;odeur intense d&rsquo;ammoniac, prot\u00e9geant ainsi la sant\u00e9 des oiseaux et de ceux qui s&rsquo;en occupent.<\/p>\n","protected":false},"featured_media":10170,"template":"","meta":{"_kad_blocks_custom_css":"","_kad_blocks_head_custom_js":"","_kad_blocks_body_custom_js":"","_kad_blocks_footer_custom_js":"","_kad_post_transparent":"","_kad_post_title":"","_kad_post_layout":"","_kad_post_sidebar_id":"","_kad_post_content_style":"","_kad_post_vertical_padding":"","_kad_post_feature":"","_kad_post_feature_position":"","_kad_post_header":false,"_kad_post_footer":false,"_kad_post_classname":""},"product_brand":[],"product_cat":[171],"product_tag":[],"class_list":{"0":"post-9098","1":"product","2":"type-product","3":"status-publish","4":"has-post-thumbnail","6":"product_cat-home-fr-2","8":"first","9":"outofstock","10":"taxable","11":"shipping-taxable","12":"product-type-simple","13":"entry","14":"content-bg","15":"loop-entry"},"yoast_head":"<!-- This site is optimized with the Yoast SEO plugin v27.4 - https:\/\/yoast.com\/product\/yoast-seo-wordpress\/ -->\n<title>NANOCLEAN HOME H10 PET FRESH - NANOCLEAN<\/title>\n<meta name=\"robots\" content=\"index, follow, max-snippet:-1, max-image-preview:large, max-video-preview:-1\" \/>\n<link rel=\"canonical\" href=\"https:\/\/nanoclean24.com\/fr\/produit\/nanoclean-home-h10-pet-fresh\/\" \/>\n<meta property=\"og:locale\" content=\"fr_FR\" \/>\n<meta property=\"og:type\" content=\"article\" \/>\n<meta property=\"og:title\" content=\"NANOCLEAN HOME H10 PET FRESH - NANOCLEAN\" \/>\n<meta property=\"og:description\" content=\"Avantages \u2705 Nettoyage complet des accessoires pour oiseaux - Nettoie et d\u00e9sinfecte efficacement les cages, les baignoires, les si\u00e8ges, les bacs \u00e0 liti\u00e8re et tous les accessoires pour oiseaux. \u2705 \u00c9limine la salet\u00e9 organique - \u00c9limine efficacement les r\u00e9sidus f\u00e9caux, l&#039;urine et les autres salet\u00e9s organiques, r\u00e9tablissant ainsi une propret\u00e9 hygi\u00e9nique. \u2705 V\u00e9ritable neutralisation des odeurs - Neutralise les odeurs d\u00e9sagr\u00e9ables \u00e0 la source, ne se contentant pas de les masquer, mais les \u00e9liminant compl\u00e8tement. \u2705 De la maison aux installations professionnelles - Peut \u00eatre utilis\u00e9 \u00e0 la maison, dans les voli\u00e8res, les refuges pour animaux et les animaleries, offrant ainsi une grande polyvalence. \u2705 \u00c9limine les risques sanitaires - \u00c9limine les bact\u00e9ries, les allerg\u00e8nes et l&#039;odeur intense d&#039;ammoniac, prot\u00e9geant ainsi la sant\u00e9 des oiseaux et de ceux qui s&#039;en occupent.\" \/>\n<meta property=\"og:url\" content=\"https:\/\/nanoclean24.com\/fr\/produit\/nanoclean-home-h10-pet-fresh\/\" \/>\n<meta property=\"og:site_name\" content=\"NANOCLEAN\" \/>\n<meta property=\"article:modified_time\" content=\"2025-11-02T13:44:26+00:00\" \/>\n<meta property=\"og:image\" content=\"https:\/\/nanoclean24.com\/wp-content\/uploads\/2025\/10\/h10-1.png\" \/>\n\t<meta property=\"og:image:width\" content=\"1010\" \/>\n\t<meta property=\"og:image:height\" content=\"1010\" \/>\n\t<meta property=\"og:image:type\" content=\"image\/png\" \/>\n<meta name=\"twitter:card\" content=\"summary_large_image\" \/>\n<script type=\"application\/ld+json\" class=\"yoast-schema-graph\">{\"@context\":\"https:\\\/\\\/schema.org\",\"@graph\":[{\"@type\":\"WebPage\",\"@id\":\"https:\\\/\\\/nanoclean24.com\\\/fr\\\/produit\\\/nanoclean-home-h10-pet-fresh\\\/\",\"url\":\"https:\\\/\\\/nanoclean24.com\\\/fr\\\/produit\\\/nanoclean-home-h10-pet-fresh\\\/\",\"name\":\"NANOCLEAN HOME H10 PET FRESH - NANOCLEAN\",\"isPartOf\":{\"@id\":\"https:\\\/\\\/nanoclean24.com\\\/fr\\\/#website\"},\"primaryImageOfPage\":{\"@id\":\"https:\\\/\\\/nanoclean24.com\\\/fr\\\/produit\\\/nanoclean-home-h10-pet-fresh\\\/#primaryimage\"},\"image\":{\"@id\":\"https:\\\/\\\/nanoclean24.com\\\/fr\\\/produit\\\/nanoclean-home-h10-pet-fresh\\\/#primaryimage\"},\"thumbnailUrl\":\"https:\\\/\\\/nanoclean24.com\\\/wp-content\\\/uploads\\\/2025\\\/10\\\/h10-1.png\",\"datePublished\":\"2025-10-17T19:10:19+00:00\",\"dateModified\":\"2025-11-02T13:44:26+00:00\",\"breadcrumb\":{\"@id\":\"https:\\\/\\\/nanoclean24.com\\\/fr\\\/produit\\\/nanoclean-home-h10-pet-fresh\\\/#breadcrumb\"},\"inLanguage\":\"fr-FR\",\"potentialAction\":[{\"@type\":\"ReadAction\",\"target\":[\"https:\\\/\\\/nanoclean24.com\\\/fr\\\/produit\\\/nanoclean-home-h10-pet-fresh\\\/\"]}]},{\"@type\":\"ImageObject\",\"inLanguage\":\"fr-FR\",\"@id\":\"https:\\\/\\\/nanoclean24.com\\\/fr\\\/produit\\\/nanoclean-home-h10-pet-fresh\\\/#primaryimage\",\"url\":\"https:\\\/\\\/nanoclean24.com\\\/wp-content\\\/uploads\\\/2025\\\/10\\\/h10-1.png\",\"contentUrl\":\"https:\\\/\\\/nanoclean24.com\\\/wp-content\\\/uploads\\\/2025\\\/10\\\/h10-1.png\",\"width\":1010,\"height\":1010},{\"@type\":\"BreadcrumbList\",\"@id\":\"https:\\\/\\\/nanoclean24.com\\\/fr\\\/produit\\\/nanoclean-home-h10-pet-fresh\\\/#breadcrumb\",\"itemListElement\":[{\"@type\":\"ListItem\",\"position\":1,\"name\":\"Strona g\u0142\u00f3wna\",\"item\":\"https:\\\/\\\/nanoclean24.com\\\/fr\\\/\"},{\"@type\":\"ListItem\",\"position\":2,\"name\":\"Boutique\",\"item\":\"https:\\\/\\\/nanoclean24.com\\\/shop\\\/\"},{\"@type\":\"ListItem\",\"position\":3,\"name\":\"NANOCLEAN HOME H10 PET FRESH\"}]},{\"@type\":\"WebSite\",\"@id\":\"https:\\\/\\\/nanoclean24.com\\\/fr\\\/#website\",\"url\":\"https:\\\/\\\/nanoclean24.com\\\/fr\\\/\",\"name\":\"NanoClean\",\"description\":\"\",\"publisher\":{\"@id\":\"https:\\\/\\\/nanoclean24.com\\\/fr\\\/#organization\"},\"potentialAction\":[{\"@type\":\"SearchAction\",\"target\":{\"@type\":\"EntryPoint\",\"urlTemplate\":\"https:\\\/\\\/nanoclean24.com\\\/fr\\\/?s={search_term_string}\"},\"query-input\":{\"@type\":\"PropertyValueSpecification\",\"valueRequired\":true,\"valueName\":\"search_term_string\"}}],\"inLanguage\":\"fr-FR\"},{\"@type\":\"Organization\",\"@id\":\"https:\\\/\\\/nanoclean24.com\\\/fr\\\/#organization\",\"name\":\"NanoClean\",\"url\":\"https:\\\/\\\/nanoclean24.com\\\/fr\\\/\",\"logo\":{\"@type\":\"ImageObject\",\"inLanguage\":\"fr-FR\",\"@id\":\"https:\\\/\\\/nanoclean24.com\\\/fr\\\/#\\\/schema\\\/logo\\\/image\\\/\",\"url\":\"https:\\\/\\\/nanoclean24.com\\\/wp-content\\\/uploads\\\/2025\\\/07\\\/logo-2.jpg\",\"contentUrl\":\"https:\\\/\\\/nanoclean24.com\\\/wp-content\\\/uploads\\\/2025\\\/07\\\/logo-2.jpg\",\"width\":1068,\"height\":224,\"caption\":\"NanoClean\"},\"image\":{\"@id\":\"https:\\\/\\\/nanoclean24.com\\\/fr\\\/#\\\/schema\\\/logo\\\/image\\\/\"}}]}<\/script>\n<!-- \/ Yoast SEO plugin. -->","yoast_head_json":{"title":"NANOCLEAN HOME H10 PET FRESH - NANOCLEAN","robots":{"index":"index","follow":"follow","max-snippet":"max-snippet:-1","max-image-preview":"max-image-preview:large","max-video-preview":"max-video-preview:-1"},"canonical":"https:\/\/nanoclean24.com\/fr\/produit\/nanoclean-home-h10-pet-fresh\/","og_locale":"fr_FR","og_type":"article","og_title":"NANOCLEAN HOME H10 PET FRESH - NANOCLEAN","og_description":"Avantages \u2705 Nettoyage complet des accessoires pour oiseaux - Nettoie et d\u00e9sinfecte efficacement les cages, les baignoires, les si\u00e8ges, les bacs \u00e0 liti\u00e8re et tous les accessoires pour oiseaux. \u2705 \u00c9limine la salet\u00e9 organique - \u00c9limine efficacement les r\u00e9sidus f\u00e9caux, l'urine et les autres salet\u00e9s organiques, r\u00e9tablissant ainsi une propret\u00e9 hygi\u00e9nique. \u2705 V\u00e9ritable neutralisation des odeurs - Neutralise les odeurs d\u00e9sagr\u00e9ables \u00e0 la source, ne se contentant pas de les masquer, mais les \u00e9liminant compl\u00e8tement. \u2705 De la maison aux installations professionnelles - Peut \u00eatre utilis\u00e9 \u00e0 la maison, dans les voli\u00e8res, les refuges pour animaux et les animaleries, offrant ainsi une grande polyvalence. \u2705 \u00c9limine les risques sanitaires - \u00c9limine les bact\u00e9ries, les allerg\u00e8nes et l'odeur intense d'ammoniac, prot\u00e9geant ainsi la sant\u00e9 des oiseaux et de ceux qui s'en occupent.","og_url":"https:\/\/nanoclean24.com\/fr\/produit\/nanoclean-home-h10-pet-fresh\/","og_site_name":"NANOCLEAN","article_modified_time":"2025-11-02T13:44:26+00:00","og_image":[{"width":1010,"height":1010,"url":"https:\/\/nanoclean24.com\/wp-content\/uploads\/2025\/10\/h10-1.png","type":"image\/png"}],"twitter_card":"summary_large_image","schema":{"@context":"https:\/\/schema.org","@graph":[{"@type":"WebPage","@id":"https:\/\/nanoclean24.com\/fr\/produit\/nanoclean-home-h10-pet-fresh\/","url":"https:\/\/nanoclean24.com\/fr\/produit\/nanoclean-home-h10-pet-fresh\/","name":"NANOCLEAN HOME H10 PET FRESH - NANOCLEAN","isPartOf":{"@id":"https:\/\/nanoclean24.com\/fr\/#website"},"primaryImageOfPage":{"@id":"https:\/\/nanoclean24.com\/fr\/produit\/nanoclean-home-h10-pet-fresh\/#primaryimage"},"image":{"@id":"https:\/\/nanoclean24.com\/fr\/produit\/nanoclean-home-h10-pet-fresh\/#primaryimage"},"thumbnailUrl":"https:\/\/nanoclean24.com\/wp-content\/uploads\/2025\/10\/h10-1.png","datePublished":"2025-10-17T19:10:19+00:00","dateModified":"2025-11-02T13:44:26+00:00","breadcrumb":{"@id":"https:\/\/nanoclean24.com\/fr\/produit\/nanoclean-home-h10-pet-fresh\/#breadcrumb"},"inLanguage":"fr-FR","potentialAction":[{"@type":"ReadAction","target":["https:\/\/nanoclean24.com\/fr\/produit\/nanoclean-home-h10-pet-fresh\/"]}]},{"@type":"ImageObject","inLanguage":"fr-FR","@id":"https:\/\/nanoclean24.com\/fr\/produit\/nanoclean-home-h10-pet-fresh\/#primaryimage","url":"https:\/\/nanoclean24.com\/wp-content\/uploads\/2025\/10\/h10-1.png","contentUrl":"https:\/\/nanoclean24.com\/wp-content\/uploads\/2025\/10\/h10-1.png","width":1010,"height":1010},{"@type":"BreadcrumbList","@id":"https:\/\/nanoclean24.com\/fr\/produit\/nanoclean-home-h10-pet-fresh\/#breadcrumb","itemListElement":[{"@type":"ListItem","position":1,"name":"Strona g\u0142\u00f3wna","item":"https:\/\/nanoclean24.com\/fr\/"},{"@type":"ListItem","position":2,"name":"Boutique","item":"https:\/\/nanoclean24.com\/shop\/"},{"@type":"ListItem","position":3,"name":"NANOCLEAN HOME H10 PET FRESH"}]},{"@type":"WebSite","@id":"https:\/\/nanoclean24.com\/fr\/#website","url":"https:\/\/nanoclean24.com\/fr\/","name":"NanoClean","description":"","publisher":{"@id":"https:\/\/nanoclean24.com\/fr\/#organization"},"potentialAction":[{"@type":"SearchAction","target":{"@type":"EntryPoint","urlTemplate":"https:\/\/nanoclean24.com\/fr\/?s={search_term_string}"},"query-input":{"@type":"PropertyValueSpecification","valueRequired":true,"valueName":"search_term_string"}}],"inLanguage":"fr-FR"},{"@type":"Organization","@id":"https:\/\/nanoclean24.com\/fr\/#organization","name":"NanoClean","url":"https:\/\/nanoclean24.com\/fr\/","logo":{"@type":"ImageObject","inLanguage":"fr-FR","@id":"https:\/\/nanoclean24.com\/fr\/#\/schema\/logo\/image\/","url":"https:\/\/nanoclean24.com\/wp-content\/uploads\/2025\/07\/logo-2.jpg","contentUrl":"https:\/\/nanoclean24.com\/wp-content\/uploads\/2025\/07\/logo-2.jpg","width":1068,"height":224,"caption":"NanoClean"},"image":{"@id":"https:\/\/nanoclean24.com\/fr\/#\/schema\/logo\/image\/"}}]}},"taxonomy_info":{"product_cat":[{"value":171,"label":"HOME"}]},"featured_image_src_large":["https:\/\/nanoclean24.com\/wp-content\/uploads\/2025\/10\/h10-1.png",1010,1010,false],"author_info":[],"comment_info":"","_links":{"self":[{"href":"https:\/\/nanoclean24.com\/fr\/wp-json\/wp\/v2\/product\/9098","targetHints":{"allow":["GET"]}}],"collection":[{"href":"https:\/\/nanoclean24.com\/fr\/wp-json\/wp\/v2\/product"}],"about":[{"href":"https:\/\/nanoclean24.com\/fr\/wp-json\/wp\/v2\/types\/product"}],"wp:featuredmedia":[{"embeddable":true,"href":"https:\/\/nanoclean24.com\/fr\/wp-json\/wp\/v2\/media\/10170"}],"wp:attachment":[{"href":"https:\/\/nanoclean24.com\/fr\/wp-json\/wp\/v2\/media?parent=9098"}],"wp:term":[{"taxonomy":"product_brand","embeddable":true,"href":"https:\/\/nanoclean24.com\/fr\/wp-json\/wp\/v2\/product_brand?post=9098"},{"taxonomy":"product_cat","embeddable":true,"href":"https:\/\/nanoclean24.com\/fr\/wp-json\/wp\/v2\/product_cat?post=9098"},{"taxonomy":"product_tag","embeddable":true,"href":"https:\/\/nanoclean24.com\/fr\/wp-json\/wp\/v2\/product_tag?post=9098"}],"curies":[{"name":"wp","href":"https:\/\/api.w.org\/{rel}","templated":true}]}}