{"id":9092,"date":"2025-10-17T20:00:42","date_gmt":"2025-10-17T18:00:42","guid":{"rendered":"https:\/\/nanoclean24.com\/produkt\/nanoclean-home-h21-detartreur-pour-machine-a-cafe-et-bouilloire\/"},"modified":"2025-11-02T14:58:50","modified_gmt":"2025-11-02T13:58:50","slug":"nanoclean-home-h21-detartreur-pour-machine-a-cafe-et-bouilloire","status":"publish","type":"product","link":"https:\/\/nanoclean24.com\/fr\/produit\/nanoclean-home-h21-detartreur-pour-machine-a-cafe-et-bouilloire\/","title":{"rendered":"NANOCLEAN HOME H21 COFFEE MACHINE&amp; KETTLE DESCALER"},"content":{"rendered":"\n<p>NANOCLEAN H21 est un concentr\u00e9 professionnel pour \u00e9liminer le calcaire des bouilloires \u00e9lectriques, des machines \u00e0 caf\u00e9 et des machines \u00e0 expresso. Il \u00e9limine rapidement et en toute s\u00e9curit\u00e9 les d\u00e9p\u00f4ts de calcaire et les min\u00e9raux tenaces. Id\u00e9al pour un usage domestique ou commercial.  <\/p>\n","protected":false},"excerpt":{"rendered":"<h3 class=\"whitespace-normal break-words\">Application<\/h3>\n<p class=\"whitespace-normal break-words\">\u2705 <strong>Restaure l&rsquo;efficacit\u00e9 <\/strong>&#8211; \u00c9limine efficacement le calcaire qui r\u00e9duit l&rsquo;efficacit\u00e9 des appareils, en r\u00e9tablissant leur puissance de chauffe d&rsquo;origine.<\/p>\n<p class=\"whitespace-normal break-words\">\u2705 <strong>Utilisation universelle <\/strong>&#8211; Convient \u00e0 tous les types de bouilloires \u00e9lectriques, machines \u00e0 caf\u00e9 et autres appareils avec d\u00e9p\u00f4ts.<\/p>\n<p class=\"whitespace-normal break-words\">\u2705 <strong>Prolonge la dur\u00e9e de vie<\/strong> &#8211; Am\u00e9liore l&rsquo;efficacit\u00e9 op\u00e9rationnelle et prolonge consid\u00e9rablement la dur\u00e9e de vie de votre \u00e9quipement, en le prot\u00e9geant contre les dommages.<\/p>\n<p class=\"whitespace-normal break-words\">\u2705 <strong>S\u00fbr et pratique<\/strong> &#8211; Facile \u00e0 rincer, sans danger pour le contact alimentaire apr\u00e8s le nettoyage, ne laisse pas de r\u00e9sidus nocifs.<\/p>\n","protected":false},"featured_media":10186,"template":"","meta":{"_kad_blocks_custom_css":"","_kad_blocks_head_custom_js":"","_kad_blocks_body_custom_js":"","_kad_blocks_footer_custom_js":"","_kad_post_transparent":"","_kad_post_title":"","_kad_post_layout":"","_kad_post_sidebar_id":"","_kad_post_content_style":"","_kad_post_vertical_padding":"","_kad_post_feature":"","_kad_post_feature_position":"","_kad_post_header":false,"_kad_post_footer":false,"_kad_post_classname":""},"product_brand":[],"product_cat":[171],"product_tag":[],"class_list":{"0":"post-9092","1":"product","2":"type-product","3":"status-publish","4":"has-post-thumbnail","6":"product_cat-home-fr-2","8":"first","9":"outofstock","10":"taxable","11":"shipping-taxable","12":"product-type-simple","13":"entry","14":"content-bg","15":"loop-entry"},"yoast_head":"<!-- This site is optimized with the Yoast SEO plugin v27.2 - https:\/\/yoast.com\/product\/yoast-seo-wordpress\/ -->\n<title>NANOCLEAN HOME H21 COFFEE MACHINE&amp; KETTLE DESCALER - NANOCLEAN<\/title>\n<meta name=\"robots\" content=\"index, follow, max-snippet:-1, max-image-preview:large, max-video-preview:-1\" \/>\n<link rel=\"canonical\" href=\"https:\/\/nanoclean24.com\/fr\/produit\/nanoclean-home-h21-detartreur-pour-machine-a-cafe-et-bouilloire\/\" \/>\n<meta property=\"og:locale\" content=\"fr_FR\" \/>\n<meta property=\"og:type\" content=\"article\" \/>\n<meta property=\"og:title\" content=\"NANOCLEAN HOME H21 COFFEE MACHINE&amp; KETTLE DESCALER - NANOCLEAN\" \/>\n<meta property=\"og:description\" content=\"Application \u2705 Restaure l&#039;efficacit\u00e9 - \u00c9limine efficacement le calcaire qui r\u00e9duit l&#039;efficacit\u00e9 des appareils, en r\u00e9tablissant leur puissance de chauffe d&#039;origine. \u2705 Utilisation universelle - Convient \u00e0 tous les types de bouilloires \u00e9lectriques, machines \u00e0 caf\u00e9 et autres appareils avec d\u00e9p\u00f4ts. \u2705 Prolonge la dur\u00e9e de vie - Am\u00e9liore l&#039;efficacit\u00e9 op\u00e9rationnelle et prolonge consid\u00e9rablement la dur\u00e9e de vie de votre \u00e9quipement, en le prot\u00e9geant contre les dommages. \u2705 S\u00fbr et pratique - Facile \u00e0 rincer, sans danger pour le contact alimentaire apr\u00e8s le nettoyage, ne laisse pas de r\u00e9sidus nocifs.\" \/>\n<meta property=\"og:url\" content=\"https:\/\/nanoclean24.com\/fr\/produit\/nanoclean-home-h21-detartreur-pour-machine-a-cafe-et-bouilloire\/\" \/>\n<meta property=\"og:site_name\" content=\"NANOCLEAN\" \/>\n<meta property=\"article:modified_time\" content=\"2025-11-02T13:58:50+00:00\" \/>\n<meta property=\"og:image\" content=\"https:\/\/nanoclean24.com\/wp-content\/uploads\/2025\/10\/h21-1.png\" \/>\n\t<meta property=\"og:image:width\" content=\"1010\" \/>\n\t<meta property=\"og:image:height\" content=\"1010\" \/>\n\t<meta property=\"og:image:type\" content=\"image\/png\" \/>\n<meta name=\"twitter:card\" content=\"summary_large_image\" \/>\n<script type=\"application\/ld+json\" class=\"yoast-schema-graph\">{\"@context\":\"https:\/\/schema.org\",\"@graph\":[{\"@type\":\"WebPage\",\"@id\":\"https:\/\/nanoclean24.com\/fr\/produit\/nanoclean-home-h21-detartreur-pour-machine-a-cafe-et-bouilloire\/\",\"url\":\"https:\/\/nanoclean24.com\/fr\/produit\/nanoclean-home-h21-detartreur-pour-machine-a-cafe-et-bouilloire\/\",\"name\":\"NANOCLEAN HOME H21 COFFEE MACHINE&amp; KETTLE DESCALER - NANOCLEAN\",\"isPartOf\":{\"@id\":\"https:\/\/nanoclean24.com\/fr\/#website\"},\"primaryImageOfPage\":{\"@id\":\"https:\/\/nanoclean24.com\/fr\/produit\/nanoclean-home-h21-detartreur-pour-machine-a-cafe-et-bouilloire\/#primaryimage\"},\"image\":{\"@id\":\"https:\/\/nanoclean24.com\/fr\/produit\/nanoclean-home-h21-detartreur-pour-machine-a-cafe-et-bouilloire\/#primaryimage\"},\"thumbnailUrl\":\"https:\/\/nanoclean24.com\/wp-content\/uploads\/2025\/10\/h21-1.png\",\"datePublished\":\"2025-10-17T18:00:42+00:00\",\"dateModified\":\"2025-11-02T13:58:50+00:00\",\"breadcrumb\":{\"@id\":\"https:\/\/nanoclean24.com\/fr\/produit\/nanoclean-home-h21-detartreur-pour-machine-a-cafe-et-bouilloire\/#breadcrumb\"},\"inLanguage\":\"fr-FR\",\"potentialAction\":[{\"@type\":\"ReadAction\",\"target\":[\"https:\/\/nanoclean24.com\/fr\/produit\/nanoclean-home-h21-detartreur-pour-machine-a-cafe-et-bouilloire\/\"]}]},{\"@type\":\"ImageObject\",\"inLanguage\":\"fr-FR\",\"@id\":\"https:\/\/nanoclean24.com\/fr\/produit\/nanoclean-home-h21-detartreur-pour-machine-a-cafe-et-bouilloire\/#primaryimage\",\"url\":\"https:\/\/nanoclean24.com\/wp-content\/uploads\/2025\/10\/h21-1.png\",\"contentUrl\":\"https:\/\/nanoclean24.com\/wp-content\/uploads\/2025\/10\/h21-1.png\",\"width\":1010,\"height\":1010},{\"@type\":\"BreadcrumbList\",\"@id\":\"https:\/\/nanoclean24.com\/fr\/produit\/nanoclean-home-h21-detartreur-pour-machine-a-cafe-et-bouilloire\/#breadcrumb\",\"itemListElement\":[{\"@type\":\"ListItem\",\"position\":1,\"name\":\"Strona g\u0142\u00f3wna\",\"item\":\"https:\/\/nanoclean24.com\/fr\/\"},{\"@type\":\"ListItem\",\"position\":2,\"name\":\"Boutique\",\"item\":\"https:\/\/nanoclean24.com\/shop\/\"},{\"@type\":\"ListItem\",\"position\":3,\"name\":\"NANOCLEAN HOME H21 COFFEE MACHINE&amp; KETTLE DESCALER\"}]},{\"@type\":\"WebSite\",\"@id\":\"https:\/\/nanoclean24.com\/fr\/#website\",\"url\":\"https:\/\/nanoclean24.com\/fr\/\",\"name\":\"NanoClean\",\"description\":\"\",\"publisher\":{\"@id\":\"https:\/\/nanoclean24.com\/fr\/#organization\"},\"potentialAction\":[{\"@type\":\"SearchAction\",\"target\":{\"@type\":\"EntryPoint\",\"urlTemplate\":\"https:\/\/nanoclean24.com\/fr\/?s={search_term_string}\"},\"query-input\":{\"@type\":\"PropertyValueSpecification\",\"valueRequired\":true,\"valueName\":\"search_term_string\"}}],\"inLanguage\":\"fr-FR\"},{\"@type\":\"Organization\",\"@id\":\"https:\/\/nanoclean24.com\/fr\/#organization\",\"name\":\"NanoClean\",\"url\":\"https:\/\/nanoclean24.com\/fr\/\",\"logo\":{\"@type\":\"ImageObject\",\"inLanguage\":\"fr-FR\",\"@id\":\"https:\/\/nanoclean24.com\/fr\/#\/schema\/logo\/image\/\",\"url\":\"https:\/\/nanoclean24.com\/wp-content\/uploads\/2025\/07\/logo-2.jpg\",\"contentUrl\":\"https:\/\/nanoclean24.com\/wp-content\/uploads\/2025\/07\/logo-2.jpg\",\"width\":1068,\"height\":224,\"caption\":\"NanoClean\"},\"image\":{\"@id\":\"https:\/\/nanoclean24.com\/fr\/#\/schema\/logo\/image\/\"}}]}<\/script>\n<!-- \/ Yoast SEO plugin. -->","yoast_head_json":{"title":"NANOCLEAN HOME H21 COFFEE MACHINE&amp; KETTLE DESCALER - NANOCLEAN","robots":{"index":"index","follow":"follow","max-snippet":"max-snippet:-1","max-image-preview":"max-image-preview:large","max-video-preview":"max-video-preview:-1"},"canonical":"https:\/\/nanoclean24.com\/fr\/produit\/nanoclean-home-h21-detartreur-pour-machine-a-cafe-et-bouilloire\/","og_locale":"fr_FR","og_type":"article","og_title":"NANOCLEAN HOME H21 COFFEE MACHINE&amp; KETTLE DESCALER - NANOCLEAN","og_description":"Application \u2705 Restaure l'efficacit\u00e9 - \u00c9limine efficacement le calcaire qui r\u00e9duit l'efficacit\u00e9 des appareils, en r\u00e9tablissant leur puissance de chauffe d'origine. \u2705 Utilisation universelle - Convient \u00e0 tous les types de bouilloires \u00e9lectriques, machines \u00e0 caf\u00e9 et autres appareils avec d\u00e9p\u00f4ts. \u2705 Prolonge la dur\u00e9e de vie - Am\u00e9liore l'efficacit\u00e9 op\u00e9rationnelle et prolonge consid\u00e9rablement la dur\u00e9e de vie de votre \u00e9quipement, en le prot\u00e9geant contre les dommages. \u2705 S\u00fbr et pratique - Facile \u00e0 rincer, sans danger pour le contact alimentaire apr\u00e8s le nettoyage, ne laisse pas de r\u00e9sidus nocifs.","og_url":"https:\/\/nanoclean24.com\/fr\/produit\/nanoclean-home-h21-detartreur-pour-machine-a-cafe-et-bouilloire\/","og_site_name":"NANOCLEAN","article_modified_time":"2025-11-02T13:58:50+00:00","og_image":[{"width":1010,"height":1010,"url":"https:\/\/nanoclean24.com\/wp-content\/uploads\/2025\/10\/h21-1.png","type":"image\/png"}],"twitter_card":"summary_large_image","schema":{"@context":"https:\/\/schema.org","@graph":[{"@type":"WebPage","@id":"https:\/\/nanoclean24.com\/fr\/produit\/nanoclean-home-h21-detartreur-pour-machine-a-cafe-et-bouilloire\/","url":"https:\/\/nanoclean24.com\/fr\/produit\/nanoclean-home-h21-detartreur-pour-machine-a-cafe-et-bouilloire\/","name":"NANOCLEAN HOME H21 COFFEE MACHINE&amp; KETTLE DESCALER - NANOCLEAN","isPartOf":{"@id":"https:\/\/nanoclean24.com\/fr\/#website"},"primaryImageOfPage":{"@id":"https:\/\/nanoclean24.com\/fr\/produit\/nanoclean-home-h21-detartreur-pour-machine-a-cafe-et-bouilloire\/#primaryimage"},"image":{"@id":"https:\/\/nanoclean24.com\/fr\/produit\/nanoclean-home-h21-detartreur-pour-machine-a-cafe-et-bouilloire\/#primaryimage"},"thumbnailUrl":"https:\/\/nanoclean24.com\/wp-content\/uploads\/2025\/10\/h21-1.png","datePublished":"2025-10-17T18:00:42+00:00","dateModified":"2025-11-02T13:58:50+00:00","breadcrumb":{"@id":"https:\/\/nanoclean24.com\/fr\/produit\/nanoclean-home-h21-detartreur-pour-machine-a-cafe-et-bouilloire\/#breadcrumb"},"inLanguage":"fr-FR","potentialAction":[{"@type":"ReadAction","target":["https:\/\/nanoclean24.com\/fr\/produit\/nanoclean-home-h21-detartreur-pour-machine-a-cafe-et-bouilloire\/"]}]},{"@type":"ImageObject","inLanguage":"fr-FR","@id":"https:\/\/nanoclean24.com\/fr\/produit\/nanoclean-home-h21-detartreur-pour-machine-a-cafe-et-bouilloire\/#primaryimage","url":"https:\/\/nanoclean24.com\/wp-content\/uploads\/2025\/10\/h21-1.png","contentUrl":"https:\/\/nanoclean24.com\/wp-content\/uploads\/2025\/10\/h21-1.png","width":1010,"height":1010},{"@type":"BreadcrumbList","@id":"https:\/\/nanoclean24.com\/fr\/produit\/nanoclean-home-h21-detartreur-pour-machine-a-cafe-et-bouilloire\/#breadcrumb","itemListElement":[{"@type":"ListItem","position":1,"name":"Strona g\u0142\u00f3wna","item":"https:\/\/nanoclean24.com\/fr\/"},{"@type":"ListItem","position":2,"name":"Boutique","item":"https:\/\/nanoclean24.com\/shop\/"},{"@type":"ListItem","position":3,"name":"NANOCLEAN HOME H21 COFFEE MACHINE&amp; KETTLE DESCALER"}]},{"@type":"WebSite","@id":"https:\/\/nanoclean24.com\/fr\/#website","url":"https:\/\/nanoclean24.com\/fr\/","name":"NanoClean","description":"","publisher":{"@id":"https:\/\/nanoclean24.com\/fr\/#organization"},"potentialAction":[{"@type":"SearchAction","target":{"@type":"EntryPoint","urlTemplate":"https:\/\/nanoclean24.com\/fr\/?s={search_term_string}"},"query-input":{"@type":"PropertyValueSpecification","valueRequired":true,"valueName":"search_term_string"}}],"inLanguage":"fr-FR"},{"@type":"Organization","@id":"https:\/\/nanoclean24.com\/fr\/#organization","name":"NanoClean","url":"https:\/\/nanoclean24.com\/fr\/","logo":{"@type":"ImageObject","inLanguage":"fr-FR","@id":"https:\/\/nanoclean24.com\/fr\/#\/schema\/logo\/image\/","url":"https:\/\/nanoclean24.com\/wp-content\/uploads\/2025\/07\/logo-2.jpg","contentUrl":"https:\/\/nanoclean24.com\/wp-content\/uploads\/2025\/07\/logo-2.jpg","width":1068,"height":224,"caption":"NanoClean"},"image":{"@id":"https:\/\/nanoclean24.com\/fr\/#\/schema\/logo\/image\/"}}]}},"taxonomy_info":{"product_cat":[{"value":171,"label":"HOME"}]},"featured_image_src_large":["https:\/\/nanoclean24.com\/wp-content\/uploads\/2025\/10\/h21-1.png",1010,1010,false],"author_info":[],"comment_info":"","_links":{"self":[{"href":"https:\/\/nanoclean24.com\/fr\/wp-json\/wp\/v2\/product\/9092","targetHints":{"allow":["GET"]}}],"collection":[{"href":"https:\/\/nanoclean24.com\/fr\/wp-json\/wp\/v2\/product"}],"about":[{"href":"https:\/\/nanoclean24.com\/fr\/wp-json\/wp\/v2\/types\/product"}],"wp:featuredmedia":[{"embeddable":true,"href":"https:\/\/nanoclean24.com\/fr\/wp-json\/wp\/v2\/media\/10186"}],"wp:attachment":[{"href":"https:\/\/nanoclean24.com\/fr\/wp-json\/wp\/v2\/media?parent=9092"}],"wp:term":[{"taxonomy":"product_brand","embeddable":true,"href":"https:\/\/nanoclean24.com\/fr\/wp-json\/wp\/v2\/product_brand?post=9092"},{"taxonomy":"product_cat","embeddable":true,"href":"https:\/\/nanoclean24.com\/fr\/wp-json\/wp\/v2\/product_cat?post=9092"},{"taxonomy":"product_tag","embeddable":true,"href":"https:\/\/nanoclean24.com\/fr\/wp-json\/wp\/v2\/product_tag?post=9092"}],"curies":[{"name":"wp","href":"https:\/\/api.w.org\/{rel}","templated":true}]}}