{"id":8358,"date":"2025-07-19T22:38:01","date_gmt":"2025-07-19T20:38:01","guid":{"rendered":"https:\/\/nanoclean24.com\/produkt\/b40-bio-multilube\/"},"modified":"2025-10-23T12:38:47","modified_gmt":"2025-10-23T10:38:47","slug":"b40-bio-multilube","status":"publish","type":"product","link":"https:\/\/nanoclean24.com\/fr\/produit\/b40-bio-multilube\/","title":{"rendered":"B40 MULTILUBE BIO 50ML"},"content":{"rendered":"<p>B40 BIO MULTILUBE est un lubrifiant pour v\u00e9lo avanc\u00e9 et \u00e9cologique qui allie innovation, fiabilit\u00e9 et respect de l&rsquo;environnement. Cr\u00e9\u00e9 sur une base v\u00e9g\u00e9tale, ce lubrifiant au molybd\u00e8ne organique OMX8 est une solution qui offre \u00e0 votre v\u00e9lo des performances exceptionnelles et une protection durable, m\u00eame dans les conditions les plus exigeantes. <\/p>\n<h3><strong>\ud83d\udccb Comment utiliser B40 BIO MULTILUBE ?<\/strong><\/h3>\n<ol>\n<li>Agiter le flacon pendant 5 secondes avant utilisation.<\/li>\n<li>Appliquer le produit sur les parties \u00e0 lubrifier (c\u00e2bles, poign\u00e9es, curseurs).<\/li>\n<li>Apr\u00e8s 3 minutes, essuyer l&rsquo;exc\u00e8s d&rsquo;huile avec un chiffon propre.<\/li>\n<\/ol>\n<p>B40 BIO MULTILUBE est le choix des cyclistes qui attendent d&rsquo;excellentes performances et le respect de l&rsquo;environnement. Faites confiance \u00e0 la technologie moderne et offrez \u00e0 votre v\u00e9lo une protection et des performances optimales sur n&rsquo;importe quel parcours. <\/p>\n","protected":false},"excerpt":{"rendered":"<h3>Lubrifiant pour v\u00e9lo de premi\u00e8re qualit\u00e9 : Protection et performance fiables<\/h3>\n<p>\u2705 <strong>P\u00e9n\u00e9tration \u00e9lev\u00e9e et action rapide<\/strong> &#8211; B40 BIO MULTILUBE p\u00e9n\u00e8tre instantan\u00e9ment dans les m\u00e9canismes, am\u00e9liorant les performances et augmentant la durabilit\u00e9. Id\u00e9al pour lubrifier les c\u00e2bles, les poign\u00e9es, les curseurs et les petits m\u00e9canismes de pr\u00e9cision. <\/p>\n<p>\u2705 <strong>Nettoyage, lubrification et entretien en un<\/strong> &#8211; Le produit nettoie, lubrifie et entretient parfaitement, m\u00eame en pr\u00e9sence de sable ou d&rsquo;autres salet\u00e9s, sans qu&rsquo;il soit n\u00e9cessaire de nettoyer la surface au pr\u00e9alable.<\/p>\n<p>\u2705 <strong>Protection contre l&rsquo;eau et la corrosion<\/strong> &#8211; B40 BIO MULTILUBE d\u00e9place efficacement l&rsquo;eau et l&rsquo;humidit\u00e9, offrant une excellente protection contre le gel et la corrosion. M\u00eame dans des conditions m\u00e9t\u00e9orologiques difficiles, votre v\u00e9lo sera enti\u00e8rement prot\u00e9g\u00e9. <\/p>\n<p>\u2705 <strong>Minimisation de l&rsquo;attraction de la poussi\u00e8re et du bruit<\/strong> &#8211; La formule lubrifiante assure un excellent glissement, r\u00e9duisant l&rsquo;attraction de la poussi\u00e8re et de la salet\u00e9, tout en att\u00e9nuant les grincements et les bruits pour une conduite plus confortable.<\/p>\n<p><strong>Utilisation propre et ingr\u00e9dients \u00e9cologiques<\/strong> &#8211; B40 BIO MULTILUBE ne tache pas, n&rsquo;\u00e9clabousse pas et ne coule pas.<\/p>\n<p>\u2705 <strong>Le produit est sans danger pour l&rsquo;environnement<\/strong> &#8211; il ne contient ni PTFE ni PFAS, ce qui en fait une alternative \u00e9cologique aux lubrifiants traditionnels.<\/p>\n<p>\u2705 <strong>Application universelle<\/strong> &#8211; Un produit, de nombreuses possibilit\u00e9s. B40 BIO MULTILUBE fonctionne non seulement pour les c\u00e2bles et les poign\u00e9es, mais aussi pour les curseurs et les petits m\u00e9canismes de pr\u00e9cision de votre v\u00e9lo. <\/p>\n","protected":false},"featured_media":3170,"template":"","meta":{"_kad_blocks_custom_css":"","_kad_blocks_head_custom_js":"","_kad_blocks_body_custom_js":"","_kad_blocks_footer_custom_js":"","_kad_post_transparent":"","_kad_post_title":"","_kad_post_layout":"","_kad_post_sidebar_id":"","_kad_post_content_style":"","_kad_post_vertical_padding":"","_kad_post_feature":"","_kad_post_feature_position":"","_kad_post_header":false,"_kad_post_footer":false,"_kad_post_classname":""},"product_brand":[],"product_cat":[113],"product_tag":[],"class_list":{"0":"post-8358","1":"product","2":"type-product","3":"status-publish","4":"has-post-thumbnail","6":"product_cat-bike-fr","8":"first","9":"instock","10":"featured","11":"taxable","12":"shipping-taxable","13":"purchasable","14":"product-type-simple","15":"entry","16":"content-bg","17":"loop-entry"},"yoast_head":"<!-- This site is optimized with the Yoast SEO plugin v27.4 - https:\/\/yoast.com\/product\/yoast-seo-wordpress\/ -->\n<title>B40 MULTILUBE BIO 50ML - NANOCLEAN<\/title>\n<meta name=\"robots\" content=\"index, follow, max-snippet:-1, max-image-preview:large, max-video-preview:-1\" \/>\n<link rel=\"canonical\" href=\"https:\/\/nanoclean24.com\/fr\/produit\/b40-bio-multilube\/\" \/>\n<meta property=\"og:locale\" content=\"fr_FR\" \/>\n<meta property=\"og:type\" content=\"article\" \/>\n<meta property=\"og:title\" content=\"B40 MULTILUBE BIO 50ML - NANOCLEAN\" \/>\n<meta property=\"og:description\" content=\"Lubrifiant pour v\u00e9lo de premi\u00e8re qualit\u00e9 : Protection et performance fiables \u2705 P\u00e9n\u00e9tration \u00e9lev\u00e9e et action rapide - B40 BIO MULTILUBE p\u00e9n\u00e8tre instantan\u00e9ment dans les m\u00e9canismes, am\u00e9liorant les performances et augmentant la durabilit\u00e9. Id\u00e9al pour lubrifier les c\u00e2bles, les poign\u00e9es, les curseurs et les petits m\u00e9canismes de pr\u00e9cision.  \u2705 Nettoyage, lubrification et entretien en un - Le produit nettoie, lubrifie et entretient parfaitement, m\u00eame en pr\u00e9sence de sable ou d&#039;autres salet\u00e9s, sans qu&#039;il soit n\u00e9cessaire de nettoyer la surface au pr\u00e9alable. \u2705 Protection contre l&#039;eau et la corrosion - B40 BIO MULTILUBE d\u00e9place efficacement l&#039;eau et l&#039;humidit\u00e9, offrant une excellente protection contre le gel et la corrosion. M\u00eame dans des conditions m\u00e9t\u00e9orologiques difficiles, votre v\u00e9lo sera enti\u00e8rement prot\u00e9g\u00e9.  \u2705 Minimisation de l&#039;attraction de la poussi\u00e8re et du bruit - La formule lubrifiante assure un excellent glissement, r\u00e9duisant l&#039;attraction de la poussi\u00e8re et de la salet\u00e9, tout en att\u00e9nuant les grincements et les bruits pour une conduite plus confortable. Utilisation propre et ingr\u00e9dients \u00e9cologiques - B40 BIO MULTILUBE ne tache pas, n&#039;\u00e9clabousse pas et ne coule pas. \u2705 Le produit est sans danger pour l&#039;environnement - il ne contient ni PTFE ni PFAS, ce qui en fait une alternative \u00e9cologique aux lubrifiants traditionnels. \u2705 Application universelle - Un produit, de nombreuses possibilit\u00e9s. B40 BIO MULTILUBE fonctionne non seulement pour les c\u00e2bles et les poign\u00e9es, mais aussi pour les curseurs et les petits m\u00e9canismes de pr\u00e9cision de votre v\u00e9lo.\" \/>\n<meta property=\"og:url\" content=\"https:\/\/nanoclean24.com\/fr\/produit\/b40-bio-multilube\/\" \/>\n<meta property=\"og:site_name\" content=\"NANOCLEAN\" \/>\n<meta property=\"article:modified_time\" content=\"2025-10-23T10:38:47+00:00\" \/>\n<meta property=\"og:image\" content=\"https:\/\/nanoclean24.com\/wp-content\/uploads\/2025\/07\/b40.jpg\" \/>\n\t<meta property=\"og:image:width\" content=\"1200\" \/>\n\t<meta property=\"og:image:height\" content=\"1200\" \/>\n\t<meta property=\"og:image:type\" content=\"image\/jpeg\" \/>\n<meta name=\"twitter:card\" content=\"summary_large_image\" \/>\n<meta name=\"twitter:label1\" content=\"Dur\u00e9e de lecture estim\u00e9e\" \/>\n\t<meta name=\"twitter:data1\" content=\"1 minute\" \/>\n<script type=\"application\/ld+json\" class=\"yoast-schema-graph\">{\"@context\":\"https:\\\/\\\/schema.org\",\"@graph\":[{\"@type\":\"WebPage\",\"@id\":\"https:\\\/\\\/nanoclean24.com\\\/fr\\\/produit\\\/b40-bio-multilube\\\/\",\"url\":\"https:\\\/\\\/nanoclean24.com\\\/fr\\\/produit\\\/b40-bio-multilube\\\/\",\"name\":\"B40 MULTILUBE BIO 50ML - NANOCLEAN\",\"isPartOf\":{\"@id\":\"https:\\\/\\\/nanoclean24.com\\\/fr\\\/#website\"},\"primaryImageOfPage\":{\"@id\":\"https:\\\/\\\/nanoclean24.com\\\/fr\\\/produit\\\/b40-bio-multilube\\\/#primaryimage\"},\"image\":{\"@id\":\"https:\\\/\\\/nanoclean24.com\\\/fr\\\/produit\\\/b40-bio-multilube\\\/#primaryimage\"},\"thumbnailUrl\":\"https:\\\/\\\/nanoclean24.com\\\/wp-content\\\/uploads\\\/2025\\\/07\\\/b40.jpg\",\"datePublished\":\"2025-07-19T20:38:01+00:00\",\"dateModified\":\"2025-10-23T10:38:47+00:00\",\"breadcrumb\":{\"@id\":\"https:\\\/\\\/nanoclean24.com\\\/fr\\\/produit\\\/b40-bio-multilube\\\/#breadcrumb\"},\"inLanguage\":\"fr-FR\",\"potentialAction\":[{\"@type\":\"ReadAction\",\"target\":[\"https:\\\/\\\/nanoclean24.com\\\/fr\\\/produit\\\/b40-bio-multilube\\\/\"]}]},{\"@type\":\"ImageObject\",\"inLanguage\":\"fr-FR\",\"@id\":\"https:\\\/\\\/nanoclean24.com\\\/fr\\\/produit\\\/b40-bio-multilube\\\/#primaryimage\",\"url\":\"https:\\\/\\\/nanoclean24.com\\\/wp-content\\\/uploads\\\/2025\\\/07\\\/b40.jpg\",\"contentUrl\":\"https:\\\/\\\/nanoclean24.com\\\/wp-content\\\/uploads\\\/2025\\\/07\\\/b40.jpg\",\"width\":1200,\"height\":1200},{\"@type\":\"BreadcrumbList\",\"@id\":\"https:\\\/\\\/nanoclean24.com\\\/fr\\\/produit\\\/b40-bio-multilube\\\/#breadcrumb\",\"itemListElement\":[{\"@type\":\"ListItem\",\"position\":1,\"name\":\"Strona g\u0142\u00f3wna\",\"item\":\"https:\\\/\\\/nanoclean24.com\\\/fr\\\/\"},{\"@type\":\"ListItem\",\"position\":2,\"name\":\"Boutique\",\"item\":\"https:\\\/\\\/nanoclean24.com\\\/shop\\\/\"},{\"@type\":\"ListItem\",\"position\":3,\"name\":\"B40 MULTILUBE BIO 50ML\"}]},{\"@type\":\"WebSite\",\"@id\":\"https:\\\/\\\/nanoclean24.com\\\/fr\\\/#website\",\"url\":\"https:\\\/\\\/nanoclean24.com\\\/fr\\\/\",\"name\":\"NanoClean\",\"description\":\"\",\"publisher\":{\"@id\":\"https:\\\/\\\/nanoclean24.com\\\/fr\\\/#organization\"},\"potentialAction\":[{\"@type\":\"SearchAction\",\"target\":{\"@type\":\"EntryPoint\",\"urlTemplate\":\"https:\\\/\\\/nanoclean24.com\\\/fr\\\/?s={search_term_string}\"},\"query-input\":{\"@type\":\"PropertyValueSpecification\",\"valueRequired\":true,\"valueName\":\"search_term_string\"}}],\"inLanguage\":\"fr-FR\"},{\"@type\":\"Organization\",\"@id\":\"https:\\\/\\\/nanoclean24.com\\\/fr\\\/#organization\",\"name\":\"NanoClean\",\"url\":\"https:\\\/\\\/nanoclean24.com\\\/fr\\\/\",\"logo\":{\"@type\":\"ImageObject\",\"inLanguage\":\"fr-FR\",\"@id\":\"https:\\\/\\\/nanoclean24.com\\\/fr\\\/#\\\/schema\\\/logo\\\/image\\\/\",\"url\":\"https:\\\/\\\/nanoclean24.com\\\/wp-content\\\/uploads\\\/2025\\\/07\\\/logo-2.jpg\",\"contentUrl\":\"https:\\\/\\\/nanoclean24.com\\\/wp-content\\\/uploads\\\/2025\\\/07\\\/logo-2.jpg\",\"width\":1068,\"height\":224,\"caption\":\"NanoClean\"},\"image\":{\"@id\":\"https:\\\/\\\/nanoclean24.com\\\/fr\\\/#\\\/schema\\\/logo\\\/image\\\/\"}}]}<\/script>\n<!-- \/ Yoast SEO plugin. -->","yoast_head_json":{"title":"B40 MULTILUBE BIO 50ML - NANOCLEAN","robots":{"index":"index","follow":"follow","max-snippet":"max-snippet:-1","max-image-preview":"max-image-preview:large","max-video-preview":"max-video-preview:-1"},"canonical":"https:\/\/nanoclean24.com\/fr\/produit\/b40-bio-multilube\/","og_locale":"fr_FR","og_type":"article","og_title":"B40 MULTILUBE BIO 50ML - NANOCLEAN","og_description":"Lubrifiant pour v\u00e9lo de premi\u00e8re qualit\u00e9 : Protection et performance fiables \u2705 P\u00e9n\u00e9tration \u00e9lev\u00e9e et action rapide - B40 BIO MULTILUBE p\u00e9n\u00e8tre instantan\u00e9ment dans les m\u00e9canismes, am\u00e9liorant les performances et augmentant la durabilit\u00e9. Id\u00e9al pour lubrifier les c\u00e2bles, les poign\u00e9es, les curseurs et les petits m\u00e9canismes de pr\u00e9cision.  \u2705 Nettoyage, lubrification et entretien en un - Le produit nettoie, lubrifie et entretient parfaitement, m\u00eame en pr\u00e9sence de sable ou d'autres salet\u00e9s, sans qu'il soit n\u00e9cessaire de nettoyer la surface au pr\u00e9alable. \u2705 Protection contre l'eau et la corrosion - B40 BIO MULTILUBE d\u00e9place efficacement l'eau et l'humidit\u00e9, offrant une excellente protection contre le gel et la corrosion. M\u00eame dans des conditions m\u00e9t\u00e9orologiques difficiles, votre v\u00e9lo sera enti\u00e8rement prot\u00e9g\u00e9.  \u2705 Minimisation de l'attraction de la poussi\u00e8re et du bruit - La formule lubrifiante assure un excellent glissement, r\u00e9duisant l'attraction de la poussi\u00e8re et de la salet\u00e9, tout en att\u00e9nuant les grincements et les bruits pour une conduite plus confortable. Utilisation propre et ingr\u00e9dients \u00e9cologiques - B40 BIO MULTILUBE ne tache pas, n'\u00e9clabousse pas et ne coule pas. \u2705 Le produit est sans danger pour l'environnement - il ne contient ni PTFE ni PFAS, ce qui en fait une alternative \u00e9cologique aux lubrifiants traditionnels. \u2705 Application universelle - Un produit, de nombreuses possibilit\u00e9s. B40 BIO MULTILUBE fonctionne non seulement pour les c\u00e2bles et les poign\u00e9es, mais aussi pour les curseurs et les petits m\u00e9canismes de pr\u00e9cision de votre v\u00e9lo.","og_url":"https:\/\/nanoclean24.com\/fr\/produit\/b40-bio-multilube\/","og_site_name":"NANOCLEAN","article_modified_time":"2025-10-23T10:38:47+00:00","og_image":[{"width":1200,"height":1200,"url":"https:\/\/nanoclean24.com\/wp-content\/uploads\/2025\/07\/b40.jpg","type":"image\/jpeg"}],"twitter_card":"summary_large_image","twitter_misc":{"Dur\u00e9e de lecture estim\u00e9e":"1 minute"},"schema":{"@context":"https:\/\/schema.org","@graph":[{"@type":"WebPage","@id":"https:\/\/nanoclean24.com\/fr\/produit\/b40-bio-multilube\/","url":"https:\/\/nanoclean24.com\/fr\/produit\/b40-bio-multilube\/","name":"B40 MULTILUBE BIO 50ML - NANOCLEAN","isPartOf":{"@id":"https:\/\/nanoclean24.com\/fr\/#website"},"primaryImageOfPage":{"@id":"https:\/\/nanoclean24.com\/fr\/produit\/b40-bio-multilube\/#primaryimage"},"image":{"@id":"https:\/\/nanoclean24.com\/fr\/produit\/b40-bio-multilube\/#primaryimage"},"thumbnailUrl":"https:\/\/nanoclean24.com\/wp-content\/uploads\/2025\/07\/b40.jpg","datePublished":"2025-07-19T20:38:01+00:00","dateModified":"2025-10-23T10:38:47+00:00","breadcrumb":{"@id":"https:\/\/nanoclean24.com\/fr\/produit\/b40-bio-multilube\/#breadcrumb"},"inLanguage":"fr-FR","potentialAction":[{"@type":"ReadAction","target":["https:\/\/nanoclean24.com\/fr\/produit\/b40-bio-multilube\/"]}]},{"@type":"ImageObject","inLanguage":"fr-FR","@id":"https:\/\/nanoclean24.com\/fr\/produit\/b40-bio-multilube\/#primaryimage","url":"https:\/\/nanoclean24.com\/wp-content\/uploads\/2025\/07\/b40.jpg","contentUrl":"https:\/\/nanoclean24.com\/wp-content\/uploads\/2025\/07\/b40.jpg","width":1200,"height":1200},{"@type":"BreadcrumbList","@id":"https:\/\/nanoclean24.com\/fr\/produit\/b40-bio-multilube\/#breadcrumb","itemListElement":[{"@type":"ListItem","position":1,"name":"Strona g\u0142\u00f3wna","item":"https:\/\/nanoclean24.com\/fr\/"},{"@type":"ListItem","position":2,"name":"Boutique","item":"https:\/\/nanoclean24.com\/shop\/"},{"@type":"ListItem","position":3,"name":"B40 MULTILUBE BIO 50ML"}]},{"@type":"WebSite","@id":"https:\/\/nanoclean24.com\/fr\/#website","url":"https:\/\/nanoclean24.com\/fr\/","name":"NanoClean","description":"","publisher":{"@id":"https:\/\/nanoclean24.com\/fr\/#organization"},"potentialAction":[{"@type":"SearchAction","target":{"@type":"EntryPoint","urlTemplate":"https:\/\/nanoclean24.com\/fr\/?s={search_term_string}"},"query-input":{"@type":"PropertyValueSpecification","valueRequired":true,"valueName":"search_term_string"}}],"inLanguage":"fr-FR"},{"@type":"Organization","@id":"https:\/\/nanoclean24.com\/fr\/#organization","name":"NanoClean","url":"https:\/\/nanoclean24.com\/fr\/","logo":{"@type":"ImageObject","inLanguage":"fr-FR","@id":"https:\/\/nanoclean24.com\/fr\/#\/schema\/logo\/image\/","url":"https:\/\/nanoclean24.com\/wp-content\/uploads\/2025\/07\/logo-2.jpg","contentUrl":"https:\/\/nanoclean24.com\/wp-content\/uploads\/2025\/07\/logo-2.jpg","width":1068,"height":224,"caption":"NanoClean"},"image":{"@id":"https:\/\/nanoclean24.com\/fr\/#\/schema\/logo\/image\/"}}]}},"taxonomy_info":{"product_cat":[{"value":113,"label":"BICYCLE"}]},"featured_image_src_large":["https:\/\/nanoclean24.com\/wp-content\/uploads\/2025\/07\/b40-1024x1024.jpg",1024,1024,true],"author_info":[],"comment_info":"","_links":{"self":[{"href":"https:\/\/nanoclean24.com\/fr\/wp-json\/wp\/v2\/product\/8358","targetHints":{"allow":["GET"]}}],"collection":[{"href":"https:\/\/nanoclean24.com\/fr\/wp-json\/wp\/v2\/product"}],"about":[{"href":"https:\/\/nanoclean24.com\/fr\/wp-json\/wp\/v2\/types\/product"}],"wp:featuredmedia":[{"embeddable":true,"href":"https:\/\/nanoclean24.com\/fr\/wp-json\/wp\/v2\/media\/3170"}],"wp:attachment":[{"href":"https:\/\/nanoclean24.com\/fr\/wp-json\/wp\/v2\/media?parent=8358"}],"wp:term":[{"taxonomy":"product_brand","embeddable":true,"href":"https:\/\/nanoclean24.com\/fr\/wp-json\/wp\/v2\/product_brand?post=8358"},{"taxonomy":"product_cat","embeddable":true,"href":"https:\/\/nanoclean24.com\/fr\/wp-json\/wp\/v2\/product_cat?post=8358"},{"taxonomy":"product_tag","embeddable":true,"href":"https:\/\/nanoclean24.com\/fr\/wp-json\/wp\/v2\/product_tag?post=8358"}],"curies":[{"name":"wp","href":"https:\/\/api.w.org\/{rel}","templated":true}]}}