{"id":8325,"date":"2025-07-20T14:28:37","date_gmt":"2025-07-20T12:28:37","guid":{"rendered":"https:\/\/nanoclean24.com\/produkt\/nanoclean-ac8-home-materac-liquide-nettoyant-et-desinfectant-senteur-lavande-en-flacon-de-1l\/"},"modified":"2025-10-24T16:11:05","modified_gmt":"2025-10-24T14:11:05","slug":"nanoclean-ac8-home-materac-liquide-nettoyant-et-desinfectant-senteur-lavande-en-flacon-de-1l","status":"publish","type":"product","link":"https:\/\/nanoclean24.com\/fr\/produit\/nanoclean-ac8-home-materac-liquide-nettoyant-et-desinfectant-senteur-lavande-en-flacon-de-1l\/","title":{"rendered":"NANOCLEAN\u00ae AC8 HOME MATELAS liquide nettoyant et d\u00e9sinfectant en bouteille au parfum de lavande 1L"},"content":{"rendered":"<p>D\u00e9couvrez NANOCLEAN AC8 FOR CLEANING AND DISINFECTING MATERIALS, un produit innovant 5 en 1 qui apporte un soin complet \u00e0 votre matelas. Ce produit unique nettoie, rafra\u00eechit, d\u00e9senfume, d\u00e9sinfecte et prot\u00e8ge contre le d\u00e9veloppement des acariens, des moisissures et des mauvaises odeurs, garantissant une propret\u00e9 et une hygi\u00e8ne irr\u00e9prochables. <\/p>\n<div class=\"entry-content-asset videofit\"><iframe title=\"Jak u\u017cywa\u0107 Nanoclean do materaca - instrukcja krok po kroku\" width=\"720\" height=\"405\" src=\"https:\/\/www.youtube.com\/embed\/hZ3dcLzJVIc?feature=oembed\" frameborder=\"0\" allow=\"accelerometer; autoplay; clipboard-write; encrypted-media; gyroscope; picture-in-picture; web-share\" referrerpolicy=\"strict-origin-when-cross-origin\" allowfullscreen><\/iframe><\/div>\n<p>&nbsp;<\/p>\n<section id=\"section_301237726\" class=\"section\">\n<div class=\"section-content relative\">\n<div id=\"row-876178739\" class=\"row\">\n<div id=\"col-457837842\" class=\"col small-12 large-12\">\n<div class=\"col-inner\">\n<h3><strong>Mode d&#8217;emploi<\/strong><\/h3>\n<ol>\n<li>Remarque : il convient de toujours suivre les instructions du fabricant du matelas.<\/li>\n<li>Retirez la literie et toutes les protections du matelas.<\/li>\n<li>Vaporiser NANOCLEAN AC8 FOR CLEANING AND DISINFECTING MATERIALS sur toutes les surfaces du matelas, y compris les c\u00f4t\u00e9s et le fond, et attendre 5 \u00e0 15 minutes pour d\u00e9contaminer toutes les surfaces.<\/li>\n<li>Si n\u00e9cessaire, essuyez les surfaces du matelas avec un chiffon propre et humide pour \u00e9liminer tout r\u00e9sidu de produit.<\/li>\n<li>Laissez le matelas s\u00e9cher compl\u00e8tement avant de remettre la literie en place.<\/li>\n<\/ol>\n<p>&nbsp;<\/p>\n<div id=\"image_1054913675\" class=\"img has-hover x md-x lg-x y md-y lg-y\">\n<div class=\"img-inner dark\"><img fetchpriority=\"high\" decoding=\"async\" class=\"attachment-large size-large lazy-load-active\" src=\"https:\/\/ac8.pl\/wp-content\/uploads\/2024\/06\/materac-1024x512.png\" alt=\"\" width=\"1020\" height=\"510\" data-src=\"https:\/\/ac8.pl\/wp-content\/uploads\/2024\/06\/materac-1024x512.png\" data-srcset=\"https:\/\/ac8.pl\/wp-content\/uploads\/2024\/06\/materac-1024x512.png 1024w, https:\/\/ac8.pl\/wp-content\/uploads\/2024\/06\/materac-300x150.png 300w, https:\/\/ac8.pl\/wp-content\/uploads\/2024\/06\/materac-768x384.png 768w, https:\/\/ac8.pl\/wp-content\/uploads\/2024\/06\/materac-1320x660.png 1320w, https:\/\/ac8.pl\/wp-content\/uploads\/2024\/06\/materac-510x255.png 510w, https:\/\/ac8.pl\/wp-content\/uploads\/2024\/06\/materac.png 1382w\"><\/div>\n<\/div>\n<\/div>\n<\/div>\n<\/div>\n<\/div>\n<\/section>\n<section id=\"section_1506751896\" class=\"section\">\n<div class=\"section-bg fill\"><\/div>\n<div class=\"section-content relative\">\n<div id=\"row-200954379\" class=\"row\">\n<div id=\"col-2129387909\" class=\"col small-12 large-12\">\n<div class=\"col-inner\">\n<p>Remarque : NANOCLEAN AC8 est \u00e9galement efficace dans les cas d&rsquo;urgence. Il \u00e9limine imm\u00e9diatement les mauvaises odeurs, nettoie et d\u00e9sinfecte lorsque le matelas a \u00e9t\u00e9 contamin\u00e9 par de la nourriture, de l&rsquo;urine, des mati\u00e8res f\u00e9cales, etc. <\/p>\n<p>Les produits biocides doivent \u00eatre utilis\u00e9s avec pr\u00e9caution. Lisez l&rsquo;\u00e9tiquette et les informations sur le produit avant chaque utilisation. <\/p>\n<h3><strong>Agr\u00e9ments<\/strong><\/h3>\n<ul>\n<li>Autorisation de mise sur le march\u00e9 de produits biocides : N\u00b0 7406\/18.<\/li>\n<li>Agr\u00e9ment PZH : n\u00b0 B.BK.60112.0333.2023.<\/li>\n<li>NON-INFLAMMABLE : formule \u00e0 base d&rsquo;eau, sans alcool, ininflammable, sans acides, sans ph\u00e9nols, sans solvants organiques.<\/li>\n<\/ul>\n<h3><strong>Conseils aux utilisateurs de matelas  <\/strong><\/h3>\n<ul>\n<li>Nettoyage r\u00e9gulier : Nettoyez r\u00e9guli\u00e8rement votre matelas pour \u00e9viter l&rsquo;accumulation de poussi\u00e8re et d&rsquo;allerg\u00e8nes, ce qui garantira une meilleure qualit\u00e9 de sommeil et une plus longue dur\u00e9e de vie \u00e0 votre matelas.<\/li>\n<li>Utilisez des surmatelas protecteurs : Les surmatelas de protection prot\u00e8gent le matelas des taches et de la salet\u00e9 et facilitent son entretien.<\/li>\n<li>Inversion r\u00e9guli\u00e8re : inverser le matelas tous les quelques mois pour garantir une usure uniforme et prolonger sa dur\u00e9e de vie.<\/li>\n<li>Ventilation : a\u00e9rez r\u00e9guli\u00e8rement le matelas pour \u00e9viter l&rsquo;accumulation d&rsquo;humidit\u00e9 et la formation de moisissures.<\/li>\n<\/ul>\n<p>Choisissez NANOCLEAN AC8 POUR LES MAT\u00c9RIAUX DE NETTOYAGE ET DE D\u00c9SINFECTION et offrez \u00e0 votre matelas un soin complet et le plus haut niveau d&rsquo;hygi\u00e8ne. Prenez soin de votre matelas avec NANOCLEAN AC8 et profitez de la propret\u00e9 et de la fra\u00eecheur au quotidien. <\/p>\n<p>Achetez maintenant et d\u00e9couvrez la diff\u00e9rence.<\/p>\n<\/div>\n<\/div>\n<\/div>\n<\/div>\n<\/section>\n","protected":false},"excerpt":{"rendered":"<h3>5in1 : Nettoyage, rafra\u00eechissement, d\u00e9senfumage, d\u00e9sinfection, protection<\/h3>\n<p><strong>Neutralisation instantan\u00e9e des odeurs<\/strong>: \u00c9limine toute odeur d\u00e9sagr\u00e9able, laissant le matelas frais et pr\u00eat \u00e0 l&#8217;emploi.<\/p>\n<p><strong>\u2705 Nettoyage efficace<\/strong>: \u00c9limine efficacement les taches, la poussi\u00e8re et les d\u00e9p\u00f4ts, en gardant toutes les parties du matelas propres.<\/p>\n<p><strong>\u2705 D\u00e9-fumigation et d\u00e9sinfection<\/strong>: La formule compl\u00e8te permet une d\u00e9-fumigation et une d\u00e9sinfection compl\u00e8tes en un seul processus, \u00e9liminant ainsi les risques biologiques.<\/p>\n<p><strong>\u2705 Pr\u00e9vention des moisissures et des acariens<\/strong>: cr\u00e9e une barri\u00e8re protectrice qui emp\u00eache le d\u00e9veloppement des moisissures et des micro-organismes, garantissant une hygi\u00e8ne durable.<\/p>\n<p><strong>\u2705 Prolongation de la dur\u00e9e de vie<\/strong>: Prolonge la dur\u00e9e de vie du matelas en le maintenant hygi\u00e9niquement propre.<\/p>\n","protected":false},"featured_media":9876,"template":"","meta":{"_kad_blocks_custom_css":"","_kad_blocks_head_custom_js":"","_kad_blocks_body_custom_js":"","_kad_blocks_footer_custom_js":"","_kad_post_transparent":"","_kad_post_title":"","_kad_post_layout":"","_kad_post_sidebar_id":"","_kad_post_content_style":"","_kad_post_vertical_padding":"","_kad_post_feature":"","_kad_post_feature_position":"","_kad_post_header":false,"_kad_post_footer":false,"_kad_post_classname":""},"product_brand":[],"product_cat":[96],"product_tag":[],"class_list":{"0":"post-8325","1":"product","2":"type-product","3":"status-publish","4":"has-post-thumbnail","6":"product_cat-home-fr","8":"first","9":"outofstock","10":"taxable","11":"shipping-taxable","12":"purchasable","13":"product-type-simple","14":"entry","15":"content-bg","16":"loop-entry"},"yoast_head":"<!-- This site is optimized with the Yoast SEO plugin v27.4 - https:\/\/yoast.com\/product\/yoast-seo-wordpress\/ -->\n<title>NANOCLEAN\u00ae AC8 HOME MATELAS liquide nettoyant et d\u00e9sinfectant en bouteille au parfum de lavande 1L - NANOCLEAN<\/title>\n<meta name=\"robots\" content=\"index, follow, max-snippet:-1, max-image-preview:large, max-video-preview:-1\" \/>\n<link rel=\"canonical\" href=\"https:\/\/nanoclean24.com\/fr\/produit\/nanoclean-ac8-home-materac-liquide-nettoyant-et-desinfectant-senteur-lavande-en-flacon-de-1l\/\" \/>\n<meta property=\"og:locale\" content=\"fr_FR\" \/>\n<meta property=\"og:type\" content=\"article\" \/>\n<meta property=\"og:title\" content=\"NANOCLEAN\u00ae AC8 HOME MATELAS liquide nettoyant et d\u00e9sinfectant en bouteille au parfum de lavande 1L - NANOCLEAN\" \/>\n<meta property=\"og:description\" content=\"5in1 : Nettoyage, rafra\u00eechissement, d\u00e9senfumage, d\u00e9sinfection, protection Neutralisation instantan\u00e9e des odeurs: \u00c9limine toute odeur d\u00e9sagr\u00e9able, laissant le matelas frais et pr\u00eat \u00e0 l&#039;emploi. \u2705 Nettoyage efficace: \u00c9limine efficacement les taches, la poussi\u00e8re et les d\u00e9p\u00f4ts, en gardant toutes les parties du matelas propres. \u2705 D\u00e9-fumigation et d\u00e9sinfection: La formule compl\u00e8te permet une d\u00e9-fumigation et une d\u00e9sinfection compl\u00e8tes en un seul processus, \u00e9liminant ainsi les risques biologiques. \u2705 Pr\u00e9vention des moisissures et des acariens: cr\u00e9e une barri\u00e8re protectrice qui emp\u00eache le d\u00e9veloppement des moisissures et des micro-organismes, garantissant une hygi\u00e8ne durable. \u2705 Prolongation de la dur\u00e9e de vie: Prolonge la dur\u00e9e de vie du matelas en le maintenant hygi\u00e9niquement propre.\" \/>\n<meta property=\"og:url\" content=\"https:\/\/nanoclean24.com\/fr\/produit\/nanoclean-ac8-home-materac-liquide-nettoyant-et-desinfectant-senteur-lavande-en-flacon-de-1l\/\" \/>\n<meta property=\"og:site_name\" content=\"NANOCLEAN\" \/>\n<meta property=\"article:modified_time\" content=\"2025-10-24T14:11:05+00:00\" \/>\n<meta property=\"og:image\" content=\"https:\/\/nanoclean24.com\/wp-content\/uploads\/2025\/07\/ac8-materac-1l.png\" \/>\n\t<meta property=\"og:image:width\" content=\"1010\" \/>\n\t<meta property=\"og:image:height\" content=\"1010\" \/>\n\t<meta property=\"og:image:type\" content=\"image\/png\" \/>\n<meta name=\"twitter:card\" content=\"summary_large_image\" \/>\n<meta name=\"twitter:label1\" content=\"Dur\u00e9e de lecture estim\u00e9e\" \/>\n\t<meta name=\"twitter:data1\" content=\"2 minutes\" \/>\n<script type=\"application\/ld+json\" class=\"yoast-schema-graph\">{\"@context\":\"https:\\\/\\\/schema.org\",\"@graph\":[{\"@type\":\"WebPage\",\"@id\":\"https:\\\/\\\/nanoclean24.com\\\/fr\\\/produit\\\/nanoclean-ac8-home-materac-liquide-nettoyant-et-desinfectant-senteur-lavande-en-flacon-de-1l\\\/\",\"url\":\"https:\\\/\\\/nanoclean24.com\\\/fr\\\/produit\\\/nanoclean-ac8-home-materac-liquide-nettoyant-et-desinfectant-senteur-lavande-en-flacon-de-1l\\\/\",\"name\":\"NANOCLEAN\u00ae AC8 HOME MATELAS liquide nettoyant et d\u00e9sinfectant en bouteille au parfum de lavande 1L - NANOCLEAN\",\"isPartOf\":{\"@id\":\"https:\\\/\\\/nanoclean24.com\\\/fr\\\/#website\"},\"primaryImageOfPage\":{\"@id\":\"https:\\\/\\\/nanoclean24.com\\\/fr\\\/produit\\\/nanoclean-ac8-home-materac-liquide-nettoyant-et-desinfectant-senteur-lavande-en-flacon-de-1l\\\/#primaryimage\"},\"image\":{\"@id\":\"https:\\\/\\\/nanoclean24.com\\\/fr\\\/produit\\\/nanoclean-ac8-home-materac-liquide-nettoyant-et-desinfectant-senteur-lavande-en-flacon-de-1l\\\/#primaryimage\"},\"thumbnailUrl\":\"https:\\\/\\\/nanoclean24.com\\\/wp-content\\\/uploads\\\/2025\\\/07\\\/ac8-materac-1l.png\",\"datePublished\":\"2025-07-20T12:28:37+00:00\",\"dateModified\":\"2025-10-24T14:11:05+00:00\",\"breadcrumb\":{\"@id\":\"https:\\\/\\\/nanoclean24.com\\\/fr\\\/produit\\\/nanoclean-ac8-home-materac-liquide-nettoyant-et-desinfectant-senteur-lavande-en-flacon-de-1l\\\/#breadcrumb\"},\"inLanguage\":\"fr-FR\",\"potentialAction\":[{\"@type\":\"ReadAction\",\"target\":[\"https:\\\/\\\/nanoclean24.com\\\/fr\\\/produit\\\/nanoclean-ac8-home-materac-liquide-nettoyant-et-desinfectant-senteur-lavande-en-flacon-de-1l\\\/\"]}]},{\"@type\":\"ImageObject\",\"inLanguage\":\"fr-FR\",\"@id\":\"https:\\\/\\\/nanoclean24.com\\\/fr\\\/produit\\\/nanoclean-ac8-home-materac-liquide-nettoyant-et-desinfectant-senteur-lavande-en-flacon-de-1l\\\/#primaryimage\",\"url\":\"https:\\\/\\\/nanoclean24.com\\\/wp-content\\\/uploads\\\/2025\\\/07\\\/ac8-materac-1l.png\",\"contentUrl\":\"https:\\\/\\\/nanoclean24.com\\\/wp-content\\\/uploads\\\/2025\\\/07\\\/ac8-materac-1l.png\",\"width\":1010,\"height\":1010},{\"@type\":\"BreadcrumbList\",\"@id\":\"https:\\\/\\\/nanoclean24.com\\\/fr\\\/produit\\\/nanoclean-ac8-home-materac-liquide-nettoyant-et-desinfectant-senteur-lavande-en-flacon-de-1l\\\/#breadcrumb\",\"itemListElement\":[{\"@type\":\"ListItem\",\"position\":1,\"name\":\"Strona g\u0142\u00f3wna\",\"item\":\"https:\\\/\\\/nanoclean24.com\\\/fr\\\/\"},{\"@type\":\"ListItem\",\"position\":2,\"name\":\"Boutique\",\"item\":\"https:\\\/\\\/nanoclean24.com\\\/shop\\\/\"},{\"@type\":\"ListItem\",\"position\":3,\"name\":\"NANOCLEAN\u00ae AC8 HOME MATELAS liquide nettoyant et d\u00e9sinfectant en bouteille au parfum de lavande 1L\"}]},{\"@type\":\"WebSite\",\"@id\":\"https:\\\/\\\/nanoclean24.com\\\/fr\\\/#website\",\"url\":\"https:\\\/\\\/nanoclean24.com\\\/fr\\\/\",\"name\":\"NanoClean\",\"description\":\"\",\"publisher\":{\"@id\":\"https:\\\/\\\/nanoclean24.com\\\/fr\\\/#organization\"},\"potentialAction\":[{\"@type\":\"SearchAction\",\"target\":{\"@type\":\"EntryPoint\",\"urlTemplate\":\"https:\\\/\\\/nanoclean24.com\\\/fr\\\/?s={search_term_string}\"},\"query-input\":{\"@type\":\"PropertyValueSpecification\",\"valueRequired\":true,\"valueName\":\"search_term_string\"}}],\"inLanguage\":\"fr-FR\"},{\"@type\":\"Organization\",\"@id\":\"https:\\\/\\\/nanoclean24.com\\\/fr\\\/#organization\",\"name\":\"NanoClean\",\"url\":\"https:\\\/\\\/nanoclean24.com\\\/fr\\\/\",\"logo\":{\"@type\":\"ImageObject\",\"inLanguage\":\"fr-FR\",\"@id\":\"https:\\\/\\\/nanoclean24.com\\\/fr\\\/#\\\/schema\\\/logo\\\/image\\\/\",\"url\":\"https:\\\/\\\/nanoclean24.com\\\/wp-content\\\/uploads\\\/2025\\\/07\\\/logo-2.jpg\",\"contentUrl\":\"https:\\\/\\\/nanoclean24.com\\\/wp-content\\\/uploads\\\/2025\\\/07\\\/logo-2.jpg\",\"width\":1068,\"height\":224,\"caption\":\"NanoClean\"},\"image\":{\"@id\":\"https:\\\/\\\/nanoclean24.com\\\/fr\\\/#\\\/schema\\\/logo\\\/image\\\/\"}}]}<\/script>\n<!-- \/ Yoast SEO plugin. -->","yoast_head_json":{"title":"NANOCLEAN\u00ae AC8 HOME MATELAS liquide nettoyant et d\u00e9sinfectant en bouteille au parfum de lavande 1L - NANOCLEAN","robots":{"index":"index","follow":"follow","max-snippet":"max-snippet:-1","max-image-preview":"max-image-preview:large","max-video-preview":"max-video-preview:-1"},"canonical":"https:\/\/nanoclean24.com\/fr\/produit\/nanoclean-ac8-home-materac-liquide-nettoyant-et-desinfectant-senteur-lavande-en-flacon-de-1l\/","og_locale":"fr_FR","og_type":"article","og_title":"NANOCLEAN\u00ae AC8 HOME MATELAS liquide nettoyant et d\u00e9sinfectant en bouteille au parfum de lavande 1L - NANOCLEAN","og_description":"5in1 : Nettoyage, rafra\u00eechissement, d\u00e9senfumage, d\u00e9sinfection, protection Neutralisation instantan\u00e9e des odeurs: \u00c9limine toute odeur d\u00e9sagr\u00e9able, laissant le matelas frais et pr\u00eat \u00e0 l'emploi. \u2705 Nettoyage efficace: \u00c9limine efficacement les taches, la poussi\u00e8re et les d\u00e9p\u00f4ts, en gardant toutes les parties du matelas propres. \u2705 D\u00e9-fumigation et d\u00e9sinfection: La formule compl\u00e8te permet une d\u00e9-fumigation et une d\u00e9sinfection compl\u00e8tes en un seul processus, \u00e9liminant ainsi les risques biologiques. \u2705 Pr\u00e9vention des moisissures et des acariens: cr\u00e9e une barri\u00e8re protectrice qui emp\u00eache le d\u00e9veloppement des moisissures et des micro-organismes, garantissant une hygi\u00e8ne durable. \u2705 Prolongation de la dur\u00e9e de vie: Prolonge la dur\u00e9e de vie du matelas en le maintenant hygi\u00e9niquement propre.","og_url":"https:\/\/nanoclean24.com\/fr\/produit\/nanoclean-ac8-home-materac-liquide-nettoyant-et-desinfectant-senteur-lavande-en-flacon-de-1l\/","og_site_name":"NANOCLEAN","article_modified_time":"2025-10-24T14:11:05+00:00","og_image":[{"width":1010,"height":1010,"url":"https:\/\/nanoclean24.com\/wp-content\/uploads\/2025\/07\/ac8-materac-1l.png","type":"image\/png"}],"twitter_card":"summary_large_image","twitter_misc":{"Dur\u00e9e de lecture estim\u00e9e":"2 minutes"},"schema":{"@context":"https:\/\/schema.org","@graph":[{"@type":"WebPage","@id":"https:\/\/nanoclean24.com\/fr\/produit\/nanoclean-ac8-home-materac-liquide-nettoyant-et-desinfectant-senteur-lavande-en-flacon-de-1l\/","url":"https:\/\/nanoclean24.com\/fr\/produit\/nanoclean-ac8-home-materac-liquide-nettoyant-et-desinfectant-senteur-lavande-en-flacon-de-1l\/","name":"NANOCLEAN\u00ae AC8 HOME MATELAS liquide nettoyant et d\u00e9sinfectant en bouteille au parfum de lavande 1L - NANOCLEAN","isPartOf":{"@id":"https:\/\/nanoclean24.com\/fr\/#website"},"primaryImageOfPage":{"@id":"https:\/\/nanoclean24.com\/fr\/produit\/nanoclean-ac8-home-materac-liquide-nettoyant-et-desinfectant-senteur-lavande-en-flacon-de-1l\/#primaryimage"},"image":{"@id":"https:\/\/nanoclean24.com\/fr\/produit\/nanoclean-ac8-home-materac-liquide-nettoyant-et-desinfectant-senteur-lavande-en-flacon-de-1l\/#primaryimage"},"thumbnailUrl":"https:\/\/nanoclean24.com\/wp-content\/uploads\/2025\/07\/ac8-materac-1l.png","datePublished":"2025-07-20T12:28:37+00:00","dateModified":"2025-10-24T14:11:05+00:00","breadcrumb":{"@id":"https:\/\/nanoclean24.com\/fr\/produit\/nanoclean-ac8-home-materac-liquide-nettoyant-et-desinfectant-senteur-lavande-en-flacon-de-1l\/#breadcrumb"},"inLanguage":"fr-FR","potentialAction":[{"@type":"ReadAction","target":["https:\/\/nanoclean24.com\/fr\/produit\/nanoclean-ac8-home-materac-liquide-nettoyant-et-desinfectant-senteur-lavande-en-flacon-de-1l\/"]}]},{"@type":"ImageObject","inLanguage":"fr-FR","@id":"https:\/\/nanoclean24.com\/fr\/produit\/nanoclean-ac8-home-materac-liquide-nettoyant-et-desinfectant-senteur-lavande-en-flacon-de-1l\/#primaryimage","url":"https:\/\/nanoclean24.com\/wp-content\/uploads\/2025\/07\/ac8-materac-1l.png","contentUrl":"https:\/\/nanoclean24.com\/wp-content\/uploads\/2025\/07\/ac8-materac-1l.png","width":1010,"height":1010},{"@type":"BreadcrumbList","@id":"https:\/\/nanoclean24.com\/fr\/produit\/nanoclean-ac8-home-materac-liquide-nettoyant-et-desinfectant-senteur-lavande-en-flacon-de-1l\/#breadcrumb","itemListElement":[{"@type":"ListItem","position":1,"name":"Strona g\u0142\u00f3wna","item":"https:\/\/nanoclean24.com\/fr\/"},{"@type":"ListItem","position":2,"name":"Boutique","item":"https:\/\/nanoclean24.com\/shop\/"},{"@type":"ListItem","position":3,"name":"NANOCLEAN\u00ae AC8 HOME MATELAS liquide nettoyant et d\u00e9sinfectant en bouteille au parfum de lavande 1L"}]},{"@type":"WebSite","@id":"https:\/\/nanoclean24.com\/fr\/#website","url":"https:\/\/nanoclean24.com\/fr\/","name":"NanoClean","description":"","publisher":{"@id":"https:\/\/nanoclean24.com\/fr\/#organization"},"potentialAction":[{"@type":"SearchAction","target":{"@type":"EntryPoint","urlTemplate":"https:\/\/nanoclean24.com\/fr\/?s={search_term_string}"},"query-input":{"@type":"PropertyValueSpecification","valueRequired":true,"valueName":"search_term_string"}}],"inLanguage":"fr-FR"},{"@type":"Organization","@id":"https:\/\/nanoclean24.com\/fr\/#organization","name":"NanoClean","url":"https:\/\/nanoclean24.com\/fr\/","logo":{"@type":"ImageObject","inLanguage":"fr-FR","@id":"https:\/\/nanoclean24.com\/fr\/#\/schema\/logo\/image\/","url":"https:\/\/nanoclean24.com\/wp-content\/uploads\/2025\/07\/logo-2.jpg","contentUrl":"https:\/\/nanoclean24.com\/wp-content\/uploads\/2025\/07\/logo-2.jpg","width":1068,"height":224,"caption":"NanoClean"},"image":{"@id":"https:\/\/nanoclean24.com\/fr\/#\/schema\/logo\/image\/"}}]}},"taxonomy_info":{"product_cat":[{"value":96,"label":"AC8 HOME"}]},"featured_image_src_large":["https:\/\/nanoclean24.com\/wp-content\/uploads\/2025\/07\/ac8-materac-1l.png",1010,1010,false],"author_info":[],"comment_info":"","_links":{"self":[{"href":"https:\/\/nanoclean24.com\/fr\/wp-json\/wp\/v2\/product\/8325","targetHints":{"allow":["GET"]}}],"collection":[{"href":"https:\/\/nanoclean24.com\/fr\/wp-json\/wp\/v2\/product"}],"about":[{"href":"https:\/\/nanoclean24.com\/fr\/wp-json\/wp\/v2\/types\/product"}],"wp:featuredmedia":[{"embeddable":true,"href":"https:\/\/nanoclean24.com\/fr\/wp-json\/wp\/v2\/media\/9876"}],"wp:attachment":[{"href":"https:\/\/nanoclean24.com\/fr\/wp-json\/wp\/v2\/media?parent=8325"}],"wp:term":[{"taxonomy":"product_brand","embeddable":true,"href":"https:\/\/nanoclean24.com\/fr\/wp-json\/wp\/v2\/product_brand?post=8325"},{"taxonomy":"product_cat","embeddable":true,"href":"https:\/\/nanoclean24.com\/fr\/wp-json\/wp\/v2\/product_cat?post=8325"},{"taxonomy":"product_tag","embeddable":true,"href":"https:\/\/nanoclean24.com\/fr\/wp-json\/wp\/v2\/product_tag?post=8325"}],"curies":[{"name":"wp","href":"https:\/\/api.w.org\/{rel}","templated":true}]}}