{"id":8291,"date":"2025-07-19T21:24:35","date_gmt":"2025-07-19T19:24:35","guid":{"rendered":"https:\/\/nanoclean24.com\/produkt\/b68-multilube-bio-ebike\/"},"modified":"2025-10-23T12:52:43","modified_gmt":"2025-10-23T10:52:43","slug":"b68-multilube-bio-ebike","status":"publish","type":"product","link":"https:\/\/nanoclean24.com\/fr\/produit\/b68-multilube-bio-ebike\/","title":{"rendered":"B68 MULTILUBE BIO EBIKE 50ML"},"content":{"rendered":"<p>D\u00e9couvrez un produit r\u00e9volutionnaire pour l&rsquo;entretien de votre v\u00e9lo &#8211; B68 MULTILUBE BIO EBIKE. Il s&rsquo;agit d&rsquo;une huile de glissement haute performance et \u00e9cologique qui assure une excellente lubrification, un entretien et un nettoyage des m\u00e9canismes de votre v\u00e9lo. L&rsquo;utilisation d&rsquo;une formule moderne \u00e0 base de plantes et de molybd\u00e8ne OMX8 organique la rend id\u00e9ale pour les composants de v\u00e9lo les plus exigeants.  <\/p>\n<h3><strong>\ud83d\udccb Mode d&#8217;emploi<\/strong><\/h3>\n<ol>\n<li>Agiter soigneusement l&rsquo;a\u00e9rosol pendant 5 secondes avant de l&rsquo;utiliser.<\/li>\n<li>Appliquer le produit sur les parties \u00e0 lubrifier.<\/li>\n<li>Apr\u00e8s 3 minutes, enlever l&rsquo;exc\u00e8s d&rsquo;huile avec un chiffon propre.<\/li>\n<\/ol>\n<p>Le B68 MULTILUBE BIO EBIKE est le choix de tous ceux qui veulent que leur v\u00e9lo fonctionne en douceur, sans bruit et sans probl\u00e8me. Investissez dans l&rsquo;avenir de votre v\u00e9lo &#8211; choisissez une protection professionnelle de premier ordre ! <\/p>\n","protected":false},"excerpt":{"rendered":"<h3>Lubrifiant Premium pour v\u00e9lo<\/h3>\n<p>\u2705 <strong>Lubrification avanc\u00e9e :<\/strong> p\u00e9n\u00e8tre rapidement, lubrifie les man\u0153uvres, les c\u00e2bles, les curseurs et les m\u00e9canismes de pr\u00e9cision, am\u00e9liorant ainsi leurs performances et leur durabilit\u00e9.<\/p>\n<p><strong>\u2705 Protection contre la poussi\u00e8re et le sable :<\/strong> La formule offre un excellent glissement, minimisant l&rsquo;attraction de la poussi\u00e8re pour assurer la propret\u00e9 et la performance m\u00eame dans les conditions les plus difficiles.<\/p>\n<p>\u2705<strong> Propret\u00e9 et confort d&rsquo;utilisation :<\/strong> pas de salissures, pas d&rsquo;\u00e9claboussures, pas de gouttes &#8211; id\u00e9al pour une utilisation sur des composants de v\u00e9lo qui n\u00e9cessitent une protection pr\u00e9cise.<\/p>\n<p>\u2705 <strong>R\u00e9sistance \u00e0 l&rsquo;eau et \u00e0 l&rsquo;humidit\u00e9<\/strong>: le produit d\u00e9place l&rsquo;eau et l&rsquo;humidit\u00e9, prot\u00e9geant contre la corrosion et le gel, ce qui le rend indispensable dans toutes les conditions m\u00e9t\u00e9orologiques.<\/p>\n<p>\u2705 <strong>Polyvalent :<\/strong> remplace la plupart des lubrifiants a\u00e9rosols classiques, offrant une protection compl\u00e8te sans substances nocives telles que le PTFE et les PFAS.<\/p>\n","protected":false},"featured_media":3035,"template":"","meta":{"_kad_blocks_custom_css":"","_kad_blocks_head_custom_js":"","_kad_blocks_body_custom_js":"","_kad_blocks_footer_custom_js":"","_kad_post_transparent":"","_kad_post_title":"","_kad_post_layout":"","_kad_post_sidebar_id":"","_kad_post_content_style":"","_kad_post_vertical_padding":"","_kad_post_feature":"","_kad_post_feature_position":"","_kad_post_header":false,"_kad_post_footer":false,"_kad_post_classname":""},"product_brand":[],"product_cat":[113],"product_tag":[],"class_list":{"0":"post-8291","1":"product","2":"type-product","3":"status-publish","4":"has-post-thumbnail","6":"product_cat-bike-fr","8":"first","9":"instock","10":"featured","11":"taxable","12":"shipping-taxable","13":"purchasable","14":"product-type-simple","15":"entry","16":"content-bg","17":"loop-entry"},"yoast_head":"<!-- This site is optimized with the Yoast SEO plugin v27.4 - https:\/\/yoast.com\/product\/yoast-seo-wordpress\/ -->\n<title>B68 MULTILUBE BIO EBIKE 50ML - NANOCLEAN<\/title>\n<meta name=\"robots\" content=\"index, follow, max-snippet:-1, max-image-preview:large, max-video-preview:-1\" \/>\n<link rel=\"canonical\" href=\"https:\/\/nanoclean24.com\/fr\/produit\/b68-multilube-bio-ebike\/\" \/>\n<meta property=\"og:locale\" content=\"fr_FR\" \/>\n<meta property=\"og:type\" content=\"article\" \/>\n<meta property=\"og:title\" content=\"B68 MULTILUBE BIO EBIKE 50ML - NANOCLEAN\" \/>\n<meta property=\"og:description\" content=\"Lubrifiant Premium pour v\u00e9lo \u2705 Lubrification avanc\u00e9e : p\u00e9n\u00e8tre rapidement, lubrifie les man\u0153uvres, les c\u00e2bles, les curseurs et les m\u00e9canismes de pr\u00e9cision, am\u00e9liorant ainsi leurs performances et leur durabilit\u00e9. \u2705 Protection contre la poussi\u00e8re et le sable : La formule offre un excellent glissement, minimisant l&#039;attraction de la poussi\u00e8re pour assurer la propret\u00e9 et la performance m\u00eame dans les conditions les plus difficiles. \u2705 Propret\u00e9 et confort d&#039;utilisation : pas de salissures, pas d&#039;\u00e9claboussures, pas de gouttes - id\u00e9al pour une utilisation sur des composants de v\u00e9lo qui n\u00e9cessitent une protection pr\u00e9cise. \u2705 R\u00e9sistance \u00e0 l&#039;eau et \u00e0 l&#039;humidit\u00e9: le produit d\u00e9place l&#039;eau et l&#039;humidit\u00e9, prot\u00e9geant contre la corrosion et le gel, ce qui le rend indispensable dans toutes les conditions m\u00e9t\u00e9orologiques. \u2705 Polyvalent : remplace la plupart des lubrifiants a\u00e9rosols classiques, offrant une protection compl\u00e8te sans substances nocives telles que le PTFE et les PFAS.\" \/>\n<meta property=\"og:url\" content=\"https:\/\/nanoclean24.com\/fr\/produit\/b68-multilube-bio-ebike\/\" \/>\n<meta property=\"og:site_name\" content=\"NANOCLEAN\" \/>\n<meta property=\"article:modified_time\" content=\"2025-10-23T10:52:43+00:00\" \/>\n<meta property=\"og:image\" content=\"https:\/\/nanoclean24.com\/wp-content\/uploads\/2025\/07\/b68.jpg\" \/>\n\t<meta property=\"og:image:width\" content=\"1200\" \/>\n\t<meta property=\"og:image:height\" content=\"1200\" \/>\n\t<meta property=\"og:image:type\" content=\"image\/jpeg\" \/>\n<meta name=\"twitter:card\" content=\"summary_large_image\" \/>\n<meta name=\"twitter:label1\" content=\"Dur\u00e9e de lecture estim\u00e9e\" \/>\n\t<meta name=\"twitter:data1\" content=\"1 minute\" \/>\n<script type=\"application\/ld+json\" class=\"yoast-schema-graph\">{\"@context\":\"https:\\\/\\\/schema.org\",\"@graph\":[{\"@type\":\"WebPage\",\"@id\":\"https:\\\/\\\/nanoclean24.com\\\/fr\\\/produit\\\/b68-multilube-bio-ebike\\\/\",\"url\":\"https:\\\/\\\/nanoclean24.com\\\/fr\\\/produit\\\/b68-multilube-bio-ebike\\\/\",\"name\":\"B68 MULTILUBE BIO EBIKE 50ML - NANOCLEAN\",\"isPartOf\":{\"@id\":\"https:\\\/\\\/nanoclean24.com\\\/fr\\\/#website\"},\"primaryImageOfPage\":{\"@id\":\"https:\\\/\\\/nanoclean24.com\\\/fr\\\/produit\\\/b68-multilube-bio-ebike\\\/#primaryimage\"},\"image\":{\"@id\":\"https:\\\/\\\/nanoclean24.com\\\/fr\\\/produit\\\/b68-multilube-bio-ebike\\\/#primaryimage\"},\"thumbnailUrl\":\"https:\\\/\\\/nanoclean24.com\\\/wp-content\\\/uploads\\\/2025\\\/07\\\/b68.jpg\",\"datePublished\":\"2025-07-19T19:24:35+00:00\",\"dateModified\":\"2025-10-23T10:52:43+00:00\",\"breadcrumb\":{\"@id\":\"https:\\\/\\\/nanoclean24.com\\\/fr\\\/produit\\\/b68-multilube-bio-ebike\\\/#breadcrumb\"},\"inLanguage\":\"fr-FR\",\"potentialAction\":[{\"@type\":\"ReadAction\",\"target\":[\"https:\\\/\\\/nanoclean24.com\\\/fr\\\/produit\\\/b68-multilube-bio-ebike\\\/\"]}]},{\"@type\":\"ImageObject\",\"inLanguage\":\"fr-FR\",\"@id\":\"https:\\\/\\\/nanoclean24.com\\\/fr\\\/produit\\\/b68-multilube-bio-ebike\\\/#primaryimage\",\"url\":\"https:\\\/\\\/nanoclean24.com\\\/wp-content\\\/uploads\\\/2025\\\/07\\\/b68.jpg\",\"contentUrl\":\"https:\\\/\\\/nanoclean24.com\\\/wp-content\\\/uploads\\\/2025\\\/07\\\/b68.jpg\",\"width\":1200,\"height\":1200},{\"@type\":\"BreadcrumbList\",\"@id\":\"https:\\\/\\\/nanoclean24.com\\\/fr\\\/produit\\\/b68-multilube-bio-ebike\\\/#breadcrumb\",\"itemListElement\":[{\"@type\":\"ListItem\",\"position\":1,\"name\":\"Strona g\u0142\u00f3wna\",\"item\":\"https:\\\/\\\/nanoclean24.com\\\/fr\\\/\"},{\"@type\":\"ListItem\",\"position\":2,\"name\":\"Boutique\",\"item\":\"https:\\\/\\\/nanoclean24.com\\\/shop\\\/\"},{\"@type\":\"ListItem\",\"position\":3,\"name\":\"B68 MULTILUBE BIO EBIKE 50ML\"}]},{\"@type\":\"WebSite\",\"@id\":\"https:\\\/\\\/nanoclean24.com\\\/fr\\\/#website\",\"url\":\"https:\\\/\\\/nanoclean24.com\\\/fr\\\/\",\"name\":\"NanoClean\",\"description\":\"\",\"publisher\":{\"@id\":\"https:\\\/\\\/nanoclean24.com\\\/fr\\\/#organization\"},\"potentialAction\":[{\"@type\":\"SearchAction\",\"target\":{\"@type\":\"EntryPoint\",\"urlTemplate\":\"https:\\\/\\\/nanoclean24.com\\\/fr\\\/?s={search_term_string}\"},\"query-input\":{\"@type\":\"PropertyValueSpecification\",\"valueRequired\":true,\"valueName\":\"search_term_string\"}}],\"inLanguage\":\"fr-FR\"},{\"@type\":\"Organization\",\"@id\":\"https:\\\/\\\/nanoclean24.com\\\/fr\\\/#organization\",\"name\":\"NanoClean\",\"url\":\"https:\\\/\\\/nanoclean24.com\\\/fr\\\/\",\"logo\":{\"@type\":\"ImageObject\",\"inLanguage\":\"fr-FR\",\"@id\":\"https:\\\/\\\/nanoclean24.com\\\/fr\\\/#\\\/schema\\\/logo\\\/image\\\/\",\"url\":\"https:\\\/\\\/nanoclean24.com\\\/wp-content\\\/uploads\\\/2025\\\/07\\\/logo-2.jpg\",\"contentUrl\":\"https:\\\/\\\/nanoclean24.com\\\/wp-content\\\/uploads\\\/2025\\\/07\\\/logo-2.jpg\",\"width\":1068,\"height\":224,\"caption\":\"NanoClean\"},\"image\":{\"@id\":\"https:\\\/\\\/nanoclean24.com\\\/fr\\\/#\\\/schema\\\/logo\\\/image\\\/\"}}]}<\/script>\n<!-- \/ Yoast SEO plugin. -->","yoast_head_json":{"title":"B68 MULTILUBE BIO EBIKE 50ML - NANOCLEAN","robots":{"index":"index","follow":"follow","max-snippet":"max-snippet:-1","max-image-preview":"max-image-preview:large","max-video-preview":"max-video-preview:-1"},"canonical":"https:\/\/nanoclean24.com\/fr\/produit\/b68-multilube-bio-ebike\/","og_locale":"fr_FR","og_type":"article","og_title":"B68 MULTILUBE BIO EBIKE 50ML - NANOCLEAN","og_description":"Lubrifiant Premium pour v\u00e9lo \u2705 Lubrification avanc\u00e9e : p\u00e9n\u00e8tre rapidement, lubrifie les man\u0153uvres, les c\u00e2bles, les curseurs et les m\u00e9canismes de pr\u00e9cision, am\u00e9liorant ainsi leurs performances et leur durabilit\u00e9. \u2705 Protection contre la poussi\u00e8re et le sable : La formule offre un excellent glissement, minimisant l'attraction de la poussi\u00e8re pour assurer la propret\u00e9 et la performance m\u00eame dans les conditions les plus difficiles. \u2705 Propret\u00e9 et confort d'utilisation : pas de salissures, pas d'\u00e9claboussures, pas de gouttes - id\u00e9al pour une utilisation sur des composants de v\u00e9lo qui n\u00e9cessitent une protection pr\u00e9cise. \u2705 R\u00e9sistance \u00e0 l'eau et \u00e0 l'humidit\u00e9: le produit d\u00e9place l'eau et l'humidit\u00e9, prot\u00e9geant contre la corrosion et le gel, ce qui le rend indispensable dans toutes les conditions m\u00e9t\u00e9orologiques. \u2705 Polyvalent : remplace la plupart des lubrifiants a\u00e9rosols classiques, offrant une protection compl\u00e8te sans substances nocives telles que le PTFE et les PFAS.","og_url":"https:\/\/nanoclean24.com\/fr\/produit\/b68-multilube-bio-ebike\/","og_site_name":"NANOCLEAN","article_modified_time":"2025-10-23T10:52:43+00:00","og_image":[{"width":1200,"height":1200,"url":"https:\/\/nanoclean24.com\/wp-content\/uploads\/2025\/07\/b68.jpg","type":"image\/jpeg"}],"twitter_card":"summary_large_image","twitter_misc":{"Dur\u00e9e de lecture estim\u00e9e":"1 minute"},"schema":{"@context":"https:\/\/schema.org","@graph":[{"@type":"WebPage","@id":"https:\/\/nanoclean24.com\/fr\/produit\/b68-multilube-bio-ebike\/","url":"https:\/\/nanoclean24.com\/fr\/produit\/b68-multilube-bio-ebike\/","name":"B68 MULTILUBE BIO EBIKE 50ML - NANOCLEAN","isPartOf":{"@id":"https:\/\/nanoclean24.com\/fr\/#website"},"primaryImageOfPage":{"@id":"https:\/\/nanoclean24.com\/fr\/produit\/b68-multilube-bio-ebike\/#primaryimage"},"image":{"@id":"https:\/\/nanoclean24.com\/fr\/produit\/b68-multilube-bio-ebike\/#primaryimage"},"thumbnailUrl":"https:\/\/nanoclean24.com\/wp-content\/uploads\/2025\/07\/b68.jpg","datePublished":"2025-07-19T19:24:35+00:00","dateModified":"2025-10-23T10:52:43+00:00","breadcrumb":{"@id":"https:\/\/nanoclean24.com\/fr\/produit\/b68-multilube-bio-ebike\/#breadcrumb"},"inLanguage":"fr-FR","potentialAction":[{"@type":"ReadAction","target":["https:\/\/nanoclean24.com\/fr\/produit\/b68-multilube-bio-ebike\/"]}]},{"@type":"ImageObject","inLanguage":"fr-FR","@id":"https:\/\/nanoclean24.com\/fr\/produit\/b68-multilube-bio-ebike\/#primaryimage","url":"https:\/\/nanoclean24.com\/wp-content\/uploads\/2025\/07\/b68.jpg","contentUrl":"https:\/\/nanoclean24.com\/wp-content\/uploads\/2025\/07\/b68.jpg","width":1200,"height":1200},{"@type":"BreadcrumbList","@id":"https:\/\/nanoclean24.com\/fr\/produit\/b68-multilube-bio-ebike\/#breadcrumb","itemListElement":[{"@type":"ListItem","position":1,"name":"Strona g\u0142\u00f3wna","item":"https:\/\/nanoclean24.com\/fr\/"},{"@type":"ListItem","position":2,"name":"Boutique","item":"https:\/\/nanoclean24.com\/shop\/"},{"@type":"ListItem","position":3,"name":"B68 MULTILUBE BIO EBIKE 50ML"}]},{"@type":"WebSite","@id":"https:\/\/nanoclean24.com\/fr\/#website","url":"https:\/\/nanoclean24.com\/fr\/","name":"NanoClean","description":"","publisher":{"@id":"https:\/\/nanoclean24.com\/fr\/#organization"},"potentialAction":[{"@type":"SearchAction","target":{"@type":"EntryPoint","urlTemplate":"https:\/\/nanoclean24.com\/fr\/?s={search_term_string}"},"query-input":{"@type":"PropertyValueSpecification","valueRequired":true,"valueName":"search_term_string"}}],"inLanguage":"fr-FR"},{"@type":"Organization","@id":"https:\/\/nanoclean24.com\/fr\/#organization","name":"NanoClean","url":"https:\/\/nanoclean24.com\/fr\/","logo":{"@type":"ImageObject","inLanguage":"fr-FR","@id":"https:\/\/nanoclean24.com\/fr\/#\/schema\/logo\/image\/","url":"https:\/\/nanoclean24.com\/wp-content\/uploads\/2025\/07\/logo-2.jpg","contentUrl":"https:\/\/nanoclean24.com\/wp-content\/uploads\/2025\/07\/logo-2.jpg","width":1068,"height":224,"caption":"NanoClean"},"image":{"@id":"https:\/\/nanoclean24.com\/fr\/#\/schema\/logo\/image\/"}}]}},"taxonomy_info":{"product_cat":[{"value":113,"label":"BICYCLE"}]},"featured_image_src_large":["https:\/\/nanoclean24.com\/wp-content\/uploads\/2025\/07\/b68-1024x1024.jpg",1024,1024,true],"author_info":[],"comment_info":"","_links":{"self":[{"href":"https:\/\/nanoclean24.com\/fr\/wp-json\/wp\/v2\/product\/8291","targetHints":{"allow":["GET"]}}],"collection":[{"href":"https:\/\/nanoclean24.com\/fr\/wp-json\/wp\/v2\/product"}],"about":[{"href":"https:\/\/nanoclean24.com\/fr\/wp-json\/wp\/v2\/types\/product"}],"wp:featuredmedia":[{"embeddable":true,"href":"https:\/\/nanoclean24.com\/fr\/wp-json\/wp\/v2\/media\/3035"}],"wp:attachment":[{"href":"https:\/\/nanoclean24.com\/fr\/wp-json\/wp\/v2\/media?parent=8291"}],"wp:term":[{"taxonomy":"product_brand","embeddable":true,"href":"https:\/\/nanoclean24.com\/fr\/wp-json\/wp\/v2\/product_brand?post=8291"},{"taxonomy":"product_cat","embeddable":true,"href":"https:\/\/nanoclean24.com\/fr\/wp-json\/wp\/v2\/product_cat?post=8291"},{"taxonomy":"product_tag","embeddable":true,"href":"https:\/\/nanoclean24.com\/fr\/wp-json\/wp\/v2\/product_tag?post=8291"}],"curies":[{"name":"wp","href":"https:\/\/api.w.org\/{rel}","templated":true}]}}