{"id":8277,"date":"2025-07-19T21:53:08","date_gmt":"2025-07-19T19:53:08","guid":{"rendered":"https:\/\/nanoclean24.com\/produkt\/b12-nettoyeur-de-chaine-ebike\/"},"modified":"2025-10-23T12:35:12","modified_gmt":"2025-10-23T10:35:12","slug":"b12-nettoyeur-de-chaine-ebike","status":"publish","type":"product","link":"https:\/\/nanoclean24.com\/fr\/produit\/b12-nettoyeur-de-chaine-ebike\/","title":{"rendered":"B12 CHAIN CLEANER EBIKE 500ML"},"content":{"rendered":"<p>D\u00e9couvrez une solution de pointe pour assurer la performance parfaite de votre v\u00e9lo \u00e9lectrique. Le B12 CHAIN CLEANER d&rsquo;EBIKE est un solvant de nettoyage professionnel non toxique sp\u00e9cialement con\u00e7u pour les v\u00e9los \u00e9lectriques afin d&rsquo;assurer l&rsquo;\u00e9limination s\u00fbre et efficace de la graisse, de la cire et de l&rsquo;huile des principaux composants de l&rsquo;entra\u00eenement. <\/p>\n<h3><strong>\ud83d\udccb Mode d&#8217;emploi<\/strong><\/h3>\n<ol>\n<li>Agiter avant utilisation.<\/li>\n<li>Vaporiser la surface \u00e0 laver ou immerger la partie souill\u00e9e dans un plat de liquide.<\/li>\n<li>Apr\u00e8s quelques secondes, essuyez avec un chiffon propre ou essuyez soigneusement la pi\u00e8ce \u00e0 nettoyer.<\/li>\n<li>C&rsquo;est fait ! Votre v\u00e9lo \u00e9lectrique fonctionne \u00e0 nouveau comme s&rsquo;il \u00e9tait neuf. <\/li>\n<\/ol>\n<p>Pariez sur la qualit\u00e9, pariez sur B12 CHAIN CLEANER EBIKE &#8211; un nettoyage de premi\u00e8re qualit\u00e9 pour les v\u00e9los \u00e9lectriques. Prenez soin de votre entra\u00eenement pour rendre votre conduite encore plus agr\u00e9able et plus s\u00fbre ! <\/p>\n","protected":false},"excerpt":{"rendered":"<h3>Une propret\u00e9 de premier ordre pour votre v\u00e9lo \u00e9lectrique<\/h3>\n<p>\u2705<strong> Formule moderne :<\/strong> Bas\u00e9e sur une technologie innovante, ininflammable et non toxique, elle permet un nettoyage efficace sans risque pour vous ou votre v\u00e9lo.<\/p>\n<p><strong>\u2705 Efficacit\u00e9 :<\/strong> excellent dans l&rsquo;\u00e9limination de la salet\u00e9, de la graisse, de la cire et de l&rsquo;huile tenaces, redonnant aux pi\u00e8ces d&rsquo;entra\u00eenement de la bicyclette une propret\u00e9 parfaite.<\/p>\n<p>\u2705 <strong>S\u00fbr et facile \u00e0 utiliser :<\/strong> gr\u00e2ce \u00e0 son \u00e9vaporation lente, il garantit une utilisation s\u00fbre dans toutes les conditions. Id\u00e9al pour nettoyer la cha\u00eene, les pignons, les roulements, les axes et les d\u00e9railleurs. <\/p>\n<p>\u2705<strong> Utilisation polyvalente :<\/strong> peut \u00eatre utilis\u00e9 \u00e0 la fois pour pulv\u00e9riser et immerger les pi\u00e8ces sales dans le liquide pour plus de commodit\u00e9 et d&rsquo;efficacit\u00e9.<\/p>\n","protected":false},"featured_media":3089,"template":"","meta":{"_kad_blocks_custom_css":"","_kad_blocks_head_custom_js":"","_kad_blocks_body_custom_js":"","_kad_blocks_footer_custom_js":"","_kad_post_transparent":"","_kad_post_title":"","_kad_post_layout":"","_kad_post_sidebar_id":"","_kad_post_content_style":"","_kad_post_vertical_padding":"","_kad_post_feature":"","_kad_post_feature_position":"","_kad_post_header":false,"_kad_post_footer":false,"_kad_post_classname":""},"product_brand":[],"product_cat":[113],"product_tag":[],"class_list":{"0":"post-8277","1":"product","2":"type-product","3":"status-publish","4":"has-post-thumbnail","6":"product_cat-bike-fr","8":"first","9":"instock","10":"featured","11":"taxable","12":"shipping-taxable","13":"purchasable","14":"product-type-simple","15":"entry","16":"content-bg","17":"loop-entry"},"yoast_head":"<!-- This site is optimized with the Yoast SEO plugin v27.4 - https:\/\/yoast.com\/product\/yoast-seo-wordpress\/ -->\n<title>B12 CHAIN CLEANER EBIKE 500ML - NANOCLEAN<\/title>\n<meta name=\"robots\" content=\"index, follow, max-snippet:-1, max-image-preview:large, max-video-preview:-1\" \/>\n<link rel=\"canonical\" href=\"https:\/\/nanoclean24.com\/fr\/produit\/b12-nettoyeur-de-chaine-ebike\/\" \/>\n<meta property=\"og:locale\" content=\"fr_FR\" \/>\n<meta property=\"og:type\" content=\"article\" \/>\n<meta property=\"og:title\" content=\"B12 CHAIN CLEANER EBIKE 500ML - NANOCLEAN\" \/>\n<meta property=\"og:description\" content=\"Une propret\u00e9 de premier ordre pour votre v\u00e9lo \u00e9lectrique \u2705 Formule moderne : Bas\u00e9e sur une technologie innovante, ininflammable et non toxique, elle permet un nettoyage efficace sans risque pour vous ou votre v\u00e9lo. \u2705 Efficacit\u00e9 : excellent dans l&#039;\u00e9limination de la salet\u00e9, de la graisse, de la cire et de l&#039;huile tenaces, redonnant aux pi\u00e8ces d&#039;entra\u00eenement de la bicyclette une propret\u00e9 parfaite. \u2705 S\u00fbr et facile \u00e0 utiliser : gr\u00e2ce \u00e0 son \u00e9vaporation lente, il garantit une utilisation s\u00fbre dans toutes les conditions. Id\u00e9al pour nettoyer la cha\u00eene, les pignons, les roulements, les axes et les d\u00e9railleurs.  \u2705 Utilisation polyvalente : peut \u00eatre utilis\u00e9 \u00e0 la fois pour pulv\u00e9riser et immerger les pi\u00e8ces sales dans le liquide pour plus de commodit\u00e9 et d&#039;efficacit\u00e9.\" \/>\n<meta property=\"og:url\" content=\"https:\/\/nanoclean24.com\/fr\/produit\/b12-nettoyeur-de-chaine-ebike\/\" \/>\n<meta property=\"og:site_name\" content=\"NANOCLEAN\" \/>\n<meta property=\"article:modified_time\" content=\"2025-10-23T10:35:12+00:00\" \/>\n<meta property=\"og:image\" content=\"https:\/\/nanoclean24.com\/wp-content\/uploads\/2025\/07\/b12.jpg\" \/>\n\t<meta property=\"og:image:width\" content=\"1200\" \/>\n\t<meta property=\"og:image:height\" content=\"1200\" \/>\n\t<meta property=\"og:image:type\" content=\"image\/jpeg\" \/>\n<meta name=\"twitter:card\" content=\"summary_large_image\" \/>\n<meta name=\"twitter:label1\" content=\"Dur\u00e9e de lecture estim\u00e9e\" \/>\n\t<meta name=\"twitter:data1\" content=\"1 minute\" \/>\n<script type=\"application\/ld+json\" class=\"yoast-schema-graph\">{\"@context\":\"https:\\\/\\\/schema.org\",\"@graph\":[{\"@type\":\"WebPage\",\"@id\":\"https:\\\/\\\/nanoclean24.com\\\/fr\\\/produit\\\/b12-nettoyeur-de-chaine-ebike\\\/\",\"url\":\"https:\\\/\\\/nanoclean24.com\\\/fr\\\/produit\\\/b12-nettoyeur-de-chaine-ebike\\\/\",\"name\":\"B12 CHAIN CLEANER EBIKE 500ML - NANOCLEAN\",\"isPartOf\":{\"@id\":\"https:\\\/\\\/nanoclean24.com\\\/fr\\\/#website\"},\"primaryImageOfPage\":{\"@id\":\"https:\\\/\\\/nanoclean24.com\\\/fr\\\/produit\\\/b12-nettoyeur-de-chaine-ebike\\\/#primaryimage\"},\"image\":{\"@id\":\"https:\\\/\\\/nanoclean24.com\\\/fr\\\/produit\\\/b12-nettoyeur-de-chaine-ebike\\\/#primaryimage\"},\"thumbnailUrl\":\"https:\\\/\\\/nanoclean24.com\\\/wp-content\\\/uploads\\\/2025\\\/07\\\/b12.jpg\",\"datePublished\":\"2025-07-19T19:53:08+00:00\",\"dateModified\":\"2025-10-23T10:35:12+00:00\",\"breadcrumb\":{\"@id\":\"https:\\\/\\\/nanoclean24.com\\\/fr\\\/produit\\\/b12-nettoyeur-de-chaine-ebike\\\/#breadcrumb\"},\"inLanguage\":\"fr-FR\",\"potentialAction\":[{\"@type\":\"ReadAction\",\"target\":[\"https:\\\/\\\/nanoclean24.com\\\/fr\\\/produit\\\/b12-nettoyeur-de-chaine-ebike\\\/\"]}]},{\"@type\":\"ImageObject\",\"inLanguage\":\"fr-FR\",\"@id\":\"https:\\\/\\\/nanoclean24.com\\\/fr\\\/produit\\\/b12-nettoyeur-de-chaine-ebike\\\/#primaryimage\",\"url\":\"https:\\\/\\\/nanoclean24.com\\\/wp-content\\\/uploads\\\/2025\\\/07\\\/b12.jpg\",\"contentUrl\":\"https:\\\/\\\/nanoclean24.com\\\/wp-content\\\/uploads\\\/2025\\\/07\\\/b12.jpg\",\"width\":1200,\"height\":1200},{\"@type\":\"BreadcrumbList\",\"@id\":\"https:\\\/\\\/nanoclean24.com\\\/fr\\\/produit\\\/b12-nettoyeur-de-chaine-ebike\\\/#breadcrumb\",\"itemListElement\":[{\"@type\":\"ListItem\",\"position\":1,\"name\":\"Strona g\u0142\u00f3wna\",\"item\":\"https:\\\/\\\/nanoclean24.com\\\/fr\\\/\"},{\"@type\":\"ListItem\",\"position\":2,\"name\":\"Boutique\",\"item\":\"https:\\\/\\\/nanoclean24.com\\\/shop\\\/\"},{\"@type\":\"ListItem\",\"position\":3,\"name\":\"B12 CHAIN CLEANER EBIKE 500ML\"}]},{\"@type\":\"WebSite\",\"@id\":\"https:\\\/\\\/nanoclean24.com\\\/fr\\\/#website\",\"url\":\"https:\\\/\\\/nanoclean24.com\\\/fr\\\/\",\"name\":\"NanoClean\",\"description\":\"\",\"publisher\":{\"@id\":\"https:\\\/\\\/nanoclean24.com\\\/fr\\\/#organization\"},\"potentialAction\":[{\"@type\":\"SearchAction\",\"target\":{\"@type\":\"EntryPoint\",\"urlTemplate\":\"https:\\\/\\\/nanoclean24.com\\\/fr\\\/?s={search_term_string}\"},\"query-input\":{\"@type\":\"PropertyValueSpecification\",\"valueRequired\":true,\"valueName\":\"search_term_string\"}}],\"inLanguage\":\"fr-FR\"},{\"@type\":\"Organization\",\"@id\":\"https:\\\/\\\/nanoclean24.com\\\/fr\\\/#organization\",\"name\":\"NanoClean\",\"url\":\"https:\\\/\\\/nanoclean24.com\\\/fr\\\/\",\"logo\":{\"@type\":\"ImageObject\",\"inLanguage\":\"fr-FR\",\"@id\":\"https:\\\/\\\/nanoclean24.com\\\/fr\\\/#\\\/schema\\\/logo\\\/image\\\/\",\"url\":\"https:\\\/\\\/nanoclean24.com\\\/wp-content\\\/uploads\\\/2025\\\/07\\\/logo-2.jpg\",\"contentUrl\":\"https:\\\/\\\/nanoclean24.com\\\/wp-content\\\/uploads\\\/2025\\\/07\\\/logo-2.jpg\",\"width\":1068,\"height\":224,\"caption\":\"NanoClean\"},\"image\":{\"@id\":\"https:\\\/\\\/nanoclean24.com\\\/fr\\\/#\\\/schema\\\/logo\\\/image\\\/\"}}]}<\/script>\n<!-- \/ Yoast SEO plugin. -->","yoast_head_json":{"title":"B12 CHAIN CLEANER EBIKE 500ML - NANOCLEAN","robots":{"index":"index","follow":"follow","max-snippet":"max-snippet:-1","max-image-preview":"max-image-preview:large","max-video-preview":"max-video-preview:-1"},"canonical":"https:\/\/nanoclean24.com\/fr\/produit\/b12-nettoyeur-de-chaine-ebike\/","og_locale":"fr_FR","og_type":"article","og_title":"B12 CHAIN CLEANER EBIKE 500ML - NANOCLEAN","og_description":"Une propret\u00e9 de premier ordre pour votre v\u00e9lo \u00e9lectrique \u2705 Formule moderne : Bas\u00e9e sur une technologie innovante, ininflammable et non toxique, elle permet un nettoyage efficace sans risque pour vous ou votre v\u00e9lo. \u2705 Efficacit\u00e9 : excellent dans l'\u00e9limination de la salet\u00e9, de la graisse, de la cire et de l'huile tenaces, redonnant aux pi\u00e8ces d'entra\u00eenement de la bicyclette une propret\u00e9 parfaite. \u2705 S\u00fbr et facile \u00e0 utiliser : gr\u00e2ce \u00e0 son \u00e9vaporation lente, il garantit une utilisation s\u00fbre dans toutes les conditions. Id\u00e9al pour nettoyer la cha\u00eene, les pignons, les roulements, les axes et les d\u00e9railleurs.  \u2705 Utilisation polyvalente : peut \u00eatre utilis\u00e9 \u00e0 la fois pour pulv\u00e9riser et immerger les pi\u00e8ces sales dans le liquide pour plus de commodit\u00e9 et d'efficacit\u00e9.","og_url":"https:\/\/nanoclean24.com\/fr\/produit\/b12-nettoyeur-de-chaine-ebike\/","og_site_name":"NANOCLEAN","article_modified_time":"2025-10-23T10:35:12+00:00","og_image":[{"width":1200,"height":1200,"url":"https:\/\/nanoclean24.com\/wp-content\/uploads\/2025\/07\/b12.jpg","type":"image\/jpeg"}],"twitter_card":"summary_large_image","twitter_misc":{"Dur\u00e9e de lecture estim\u00e9e":"1 minute"},"schema":{"@context":"https:\/\/schema.org","@graph":[{"@type":"WebPage","@id":"https:\/\/nanoclean24.com\/fr\/produit\/b12-nettoyeur-de-chaine-ebike\/","url":"https:\/\/nanoclean24.com\/fr\/produit\/b12-nettoyeur-de-chaine-ebike\/","name":"B12 CHAIN CLEANER EBIKE 500ML - NANOCLEAN","isPartOf":{"@id":"https:\/\/nanoclean24.com\/fr\/#website"},"primaryImageOfPage":{"@id":"https:\/\/nanoclean24.com\/fr\/produit\/b12-nettoyeur-de-chaine-ebike\/#primaryimage"},"image":{"@id":"https:\/\/nanoclean24.com\/fr\/produit\/b12-nettoyeur-de-chaine-ebike\/#primaryimage"},"thumbnailUrl":"https:\/\/nanoclean24.com\/wp-content\/uploads\/2025\/07\/b12.jpg","datePublished":"2025-07-19T19:53:08+00:00","dateModified":"2025-10-23T10:35:12+00:00","breadcrumb":{"@id":"https:\/\/nanoclean24.com\/fr\/produit\/b12-nettoyeur-de-chaine-ebike\/#breadcrumb"},"inLanguage":"fr-FR","potentialAction":[{"@type":"ReadAction","target":["https:\/\/nanoclean24.com\/fr\/produit\/b12-nettoyeur-de-chaine-ebike\/"]}]},{"@type":"ImageObject","inLanguage":"fr-FR","@id":"https:\/\/nanoclean24.com\/fr\/produit\/b12-nettoyeur-de-chaine-ebike\/#primaryimage","url":"https:\/\/nanoclean24.com\/wp-content\/uploads\/2025\/07\/b12.jpg","contentUrl":"https:\/\/nanoclean24.com\/wp-content\/uploads\/2025\/07\/b12.jpg","width":1200,"height":1200},{"@type":"BreadcrumbList","@id":"https:\/\/nanoclean24.com\/fr\/produit\/b12-nettoyeur-de-chaine-ebike\/#breadcrumb","itemListElement":[{"@type":"ListItem","position":1,"name":"Strona g\u0142\u00f3wna","item":"https:\/\/nanoclean24.com\/fr\/"},{"@type":"ListItem","position":2,"name":"Boutique","item":"https:\/\/nanoclean24.com\/shop\/"},{"@type":"ListItem","position":3,"name":"B12 CHAIN CLEANER EBIKE 500ML"}]},{"@type":"WebSite","@id":"https:\/\/nanoclean24.com\/fr\/#website","url":"https:\/\/nanoclean24.com\/fr\/","name":"NanoClean","description":"","publisher":{"@id":"https:\/\/nanoclean24.com\/fr\/#organization"},"potentialAction":[{"@type":"SearchAction","target":{"@type":"EntryPoint","urlTemplate":"https:\/\/nanoclean24.com\/fr\/?s={search_term_string}"},"query-input":{"@type":"PropertyValueSpecification","valueRequired":true,"valueName":"search_term_string"}}],"inLanguage":"fr-FR"},{"@type":"Organization","@id":"https:\/\/nanoclean24.com\/fr\/#organization","name":"NanoClean","url":"https:\/\/nanoclean24.com\/fr\/","logo":{"@type":"ImageObject","inLanguage":"fr-FR","@id":"https:\/\/nanoclean24.com\/fr\/#\/schema\/logo\/image\/","url":"https:\/\/nanoclean24.com\/wp-content\/uploads\/2025\/07\/logo-2.jpg","contentUrl":"https:\/\/nanoclean24.com\/wp-content\/uploads\/2025\/07\/logo-2.jpg","width":1068,"height":224,"caption":"NanoClean"},"image":{"@id":"https:\/\/nanoclean24.com\/fr\/#\/schema\/logo\/image\/"}}]}},"taxonomy_info":{"product_cat":[{"value":113,"label":"BICYCLE"}]},"featured_image_src_large":["https:\/\/nanoclean24.com\/wp-content\/uploads\/2025\/07\/b12-1024x1024.jpg",1024,1024,true],"author_info":[],"comment_info":"","_links":{"self":[{"href":"https:\/\/nanoclean24.com\/fr\/wp-json\/wp\/v2\/product\/8277","targetHints":{"allow":["GET"]}}],"collection":[{"href":"https:\/\/nanoclean24.com\/fr\/wp-json\/wp\/v2\/product"}],"about":[{"href":"https:\/\/nanoclean24.com\/fr\/wp-json\/wp\/v2\/types\/product"}],"wp:featuredmedia":[{"embeddable":true,"href":"https:\/\/nanoclean24.com\/fr\/wp-json\/wp\/v2\/media\/3089"}],"wp:attachment":[{"href":"https:\/\/nanoclean24.com\/fr\/wp-json\/wp\/v2\/media?parent=8277"}],"wp:term":[{"taxonomy":"product_brand","embeddable":true,"href":"https:\/\/nanoclean24.com\/fr\/wp-json\/wp\/v2\/product_brand?post=8277"},{"taxonomy":"product_cat","embeddable":true,"href":"https:\/\/nanoclean24.com\/fr\/wp-json\/wp\/v2\/product_cat?post=8277"},{"taxonomy":"product_tag","embeddable":true,"href":"https:\/\/nanoclean24.com\/fr\/wp-json\/wp\/v2\/product_tag?post=8277"}],"curies":[{"name":"wp","href":"https:\/\/api.w.org\/{rel}","templated":true}]}}