{"id":8263,"date":"2025-07-20T13:15:34","date_gmt":"2025-07-20T11:15:34","guid":{"rendered":"https:\/\/nanoclean24.com\/produkt\/nanocleanac8-la-maison-pour-votre-chien\/"},"modified":"2025-10-24T11:05:57","modified_gmt":"2025-10-24T09:05:57","slug":"nanocleanac8-la-maison-pour-votre-chien","status":"publish","type":"product","link":"https:\/\/nanoclean24.com\/fr\/produit\/nanocleanac8-la-maison-pour-votre-chien\/","title":{"rendered":"NANOCLEAN\u00ae AC8 HOME CHIEN liquide nettoyant et d\u00e9sinfectant en vaporisateur 490ML"},"content":{"rendered":"<p>Gardez votre chien propre et hygi\u00e9nique en \u00e9liminant les odeurs et les excr\u00e9ments. D\u00e9sinfectez r\u00e9guli\u00e8rement les accessoires de votre chien \u00e0 l&rsquo;aide d&rsquo;un nettoyant s\u00fbr, ininflammable et respectueux des mat\u00e9riaux et des surfaces.  \u00c9liminez la salet\u00e9, les bact\u00e9ries et la mati\u00e8re organique des \u00e9l\u00e9ments suivants :<\/p>\n<ul>\n<li>BOLS POUR LA NOURRITURE ET L&rsquo;EAU<\/li>\n<li>JOUETS<\/li>\n<li>L\u00c9GISLATION<\/li>\n<li>ENCLOS, NICHE<\/li>\n<li>LAISSE ET COLLIER<\/li>\n<li>BROSSES ET PEIGNES<\/li>\n<\/ul>\n<div class=\"entry-content-asset videofit\"><iframe title=\"Nanoclean - Czyszczenie plam i zapach\u00f3w po zwierz\u0119tach\" width=\"720\" height=\"405\" src=\"https:\/\/www.youtube.com\/embed\/_ura0T4_D5c?feature=oembed\" frameborder=\"0\" allow=\"accelerometer; autoplay; clipboard-write; encrypted-media; gyroscope; picture-in-picture; web-share\" referrerpolicy=\"strict-origin-when-cross-origin\" allowfullscreen><\/iframe><\/div>\n<p>&nbsp;<\/p>\n<section id=\"section_2109322978\" class=\"section\">\n<div class=\"section-content relative\">\n<div id=\"row-665382256\" class=\"row\">\n<div id=\"col-953157965\" class=\"col small-12 large-12\">\n<div class=\"col-inner\">\n<h3><strong>Propri\u00e9t\u00e9s uniques<\/strong><\/h3>\n<ul>\n<li><strong>Formule innovante sans chlore et sans alcool :<\/strong> Fonctionne sans \u00e9manations nocives, sans danger pour la sant\u00e9 de votre animal.<\/li>\n<li><strong>\u00c9limination des moisissures et des bact\u00e9ries :<\/strong> Full Biocidal Spectrum est la seule solution sur le march\u00e9 qui \u00e9limine efficacement les bact\u00e9ries, les virus, les champignons, les moisissures, les spores et les mycobact\u00e9ries, garantissant ainsi le plus haut niveau d&rsquo;hygi\u00e8ne.<\/li>\n<li><strong>Sans danger pour les surfaces :<\/strong> Formul\u00e9 pour les \u00e9l\u00e9ments d\u00e9licats de l&rsquo;espace o\u00f9 se trouve le chien, sans risque d&rsquo;endommagement.<\/li>\n<\/ul>\n<div id=\"image_2131679538\" class=\"img has-hover x md-x lg-x y md-y lg-y\">\n<div class=\"img-inner dark\"><img fetchpriority=\"high\" decoding=\"async\" class=\"attachment-large size-large lazy-load-active\" src=\"https:\/\/ac8.pl\/wp-content\/uploads\/2024\/06\/pies-1024x512.png\" alt=\"\" width=\"1020\" height=\"510\" data-src=\"https:\/\/ac8.pl\/wp-content\/uploads\/2024\/06\/pies-1024x512.png\" data-srcset=\"https:\/\/ac8.pl\/wp-content\/uploads\/2024\/06\/pies-1024x512.png 1024w, https:\/\/ac8.pl\/wp-content\/uploads\/2024\/06\/pies-300x150.png 300w, https:\/\/ac8.pl\/wp-content\/uploads\/2024\/06\/pies-768x384.png 768w, https:\/\/ac8.pl\/wp-content\/uploads\/2024\/06\/pies-1320x660.png 1320w, https:\/\/ac8.pl\/wp-content\/uploads\/2024\/06\/pies-510x255.png 510w, https:\/\/ac8.pl\/wp-content\/uploads\/2024\/06\/pies.png 1382w\"><\/div>\n<\/div>\n<\/div>\n<\/div>\n<\/div>\n<\/div>\n<\/section>\n<section id=\"section_637765988\" class=\"section\">\n<div class=\"section-bg fill\"><\/div>\n<div class=\"section-content relative\">\n<div id=\"row-663782683\" class=\"row\">\n<div id=\"col-357448435\" class=\"col small-12 large-12\">\n<div class=\"col-inner\">\n<p>Remarque : NANOCLEAN AC8 est \u00e9galement efficace en cas d&rsquo;urgence. Il \u00e9limine imm\u00e9diatement les mauvaises odeurs, nettoie et d\u00e9sinfecte lorsque l&rsquo;espace du chien a \u00e9t\u00e9 contamin\u00e9 par des moisissures ou d&rsquo;autres salissures organiques. <\/p>\n<p>Les produits biocides doivent \u00eatre utilis\u00e9s avec pr\u00e9caution. Lisez l&rsquo;\u00e9tiquette et les informations sur le produit avant chaque utilisation. <\/p>\n<h3><strong>Mode d&#8217;emploi<\/strong><\/h3>\n<p style=\"margin-bottom: 32px\">Remarque : il convient de toujours suivre les recommandations des instructions du fabricant de l&rsquo;\u00e9quipement pour animaux.<\/p>\n<ol style=\"margin: 0px 0px 32px\">\n<li>Videz l&rsquo;espace du chien des objets qui pourraient g\u00eaner le nettoyage.<\/li>\n<li>Vaporiser NANOCLEAN AC8 FOR DOG sur toutes les surfaces, y compris le lit du chien, ses jouets, ses bols et autres, et attendre 5 \u00e0 15 minutes pour d\u00e9contaminer toutes les surfaces.<\/li>\n<li>Si n\u00e9cessaire, essuyer les surfaces avec un chiffon propre et humide pour \u00e9liminer tout r\u00e9sidu de produit.<\/li>\n<li>Laisser les surfaces s\u00e9cher compl\u00e8tement avant de les r\u00e9utiliser.<\/li>\n<\/ol>\n<h3><strong>Agr\u00e9ments<\/strong><\/h3>\n<ul>\n<li>Autorisation de mise sur le march\u00e9 de produits biocides : N\u00b0 7406\/18.<\/li>\n<li>Agr\u00e9ment PZH : n\u00b0 B.BK.60112.0333.2023.<\/li>\n<li>NON-INFLAMMABLE : formule \u00e0 base d&rsquo;eau, sans alcool, ininflammable, sans acides, sans ph\u00e9nols, sans solvants organiques.<\/li>\n<\/ul>\n<h3><strong>Conseils aux utilisateurs<\/strong><\/h3>\n<ul>\n<li><strong>Nettoyage r\u00e9gulier :<\/strong> Nettoyez r\u00e9guli\u00e8rement la liti\u00e8re, les jouets, les bols et les autres surfaces de votre chien pour \u00e9viter l&rsquo;accumulation de salet\u00e9s et de d\u00e9p\u00f4ts, afin d&rsquo;am\u00e9liorer l&rsquo;hygi\u00e8ne et la sant\u00e9 de votre animal.<\/li>\n<li><strong>Utilisez les bons produits :<\/strong> L&rsquo;utilisation de produits appropri\u00e9s pour nettoyer l&rsquo;espace de votre chien permet de le maintenir en parfait \u00e9tat et de minimiser les risques de dommages et de maladies.<\/li>\n<li><strong>\u00c9vitez la surpopulation :<\/strong> La surpopulation de l&rsquo;espace d&rsquo;un chien peut entra\u00eener un nettoyage impr\u00e9cis et une accumulation de salet\u00e9s, ce qui peut provoquer des odeurs d\u00e9sagr\u00e9ables.<\/li>\n<li><strong>Contr\u00f4le des oreilles :<\/strong> Inspectez et nettoyez r\u00e9guli\u00e8rement les lits, les bols et autres \u00e9l\u00e9ments pour \u00e9viter l&rsquo;accumulation de salet\u00e9s et de moisissures.<\/li>\n<\/ul>\n<p>Choisissez NANOCLEAN AC8 FOR DOG et offrez \u00e0 votre animal de compagnie des soins complets et le plus haut niveau d&rsquo;hygi\u00e8ne. Prenez soin de votre chien avec NANOCLEAN AC8 et profitez de la propret\u00e9 et de la fra\u00eecheur au quotidien. <\/p>\n<p>Achetez maintenant et d\u00e9couvrez la diff\u00e9rence.<\/p>\n<\/div>\n<\/div>\n<\/div>\n<\/div>\n<\/section>\n","protected":false},"excerpt":{"rendered":"<h3>5in1 : Nettoyage, rafra\u00eechissement, d\u00e9senfumage, d\u00e9sinfection, protection<\/h3>\n<p><strong>\u2705 Neutralisateur d&rsquo;odeurs instantan\u00e9 :<\/strong> \u00c9limine toutes les odeurs d\u00e9sagr\u00e9ables, laissant l&rsquo;environnement de votre chien frais et agr\u00e9able.<\/p>\n<p><strong>\u2705 Nettoyage efficace :<\/strong> \u00c9limine efficacement la salet\u00e9, les poils et autres d\u00e9bris, ce qui permet de garder le lit, les jouets et autres objets propres.<\/p>\n<p><strong>\u2705 D\u00e9-fumigation et d\u00e9sinfection :<\/strong> La formule compl\u00e8te permet une d\u00e9-fumigation et une d\u00e9sinfection compl\u00e8tes en un seul processus, \u00e9liminant ainsi les risques biologiques.<\/p>\n<p><strong>\u2705 Protection contre les moisissures :<\/strong> cr\u00e9e une barri\u00e8re protectrice qui emp\u00eache le d\u00e9veloppement de moisissures et de micro-organismes, garantissant une hygi\u00e8ne durable.<\/p>\n","protected":false},"featured_media":10334,"template":"","meta":{"_kad_blocks_custom_css":"","_kad_blocks_head_custom_js":"","_kad_blocks_body_custom_js":"","_kad_blocks_footer_custom_js":"","_kad_post_transparent":"","_kad_post_title":"","_kad_post_layout":"","_kad_post_sidebar_id":"","_kad_post_content_style":"","_kad_post_vertical_padding":"","_kad_post_feature":"","_kad_post_feature_position":"","_kad_post_header":false,"_kad_post_footer":false,"_kad_post_classname":""},"product_brand":[],"product_cat":[96],"product_tag":[],"class_list":{"0":"post-8263","1":"product","2":"type-product","3":"status-publish","4":"has-post-thumbnail","6":"product_cat-home-fr","8":"first","9":"instock","10":"taxable","11":"shipping-taxable","12":"purchasable","13":"product-type-simple","14":"entry","15":"content-bg","16":"loop-entry"},"yoast_head":"<!-- This site is optimized with the Yoast SEO plugin v27.4 - https:\/\/yoast.com\/product\/yoast-seo-wordpress\/ -->\n<title>NANOCLEAN\u00ae AC8 HOME CHIEN liquide nettoyant et d\u00e9sinfectant en vaporisateur 490ML - NANOCLEAN<\/title>\n<meta name=\"robots\" content=\"index, follow, max-snippet:-1, max-image-preview:large, max-video-preview:-1\" \/>\n<link rel=\"canonical\" href=\"https:\/\/nanoclean24.com\/fr\/produit\/nanocleanac8-la-maison-pour-votre-chien\/\" \/>\n<meta property=\"og:locale\" content=\"fr_FR\" \/>\n<meta property=\"og:type\" content=\"article\" \/>\n<meta property=\"og:title\" content=\"NANOCLEAN\u00ae AC8 HOME CHIEN liquide nettoyant et d\u00e9sinfectant en vaporisateur 490ML - NANOCLEAN\" \/>\n<meta property=\"og:description\" content=\"5in1 : Nettoyage, rafra\u00eechissement, d\u00e9senfumage, d\u00e9sinfection, protection \u2705 Neutralisateur d&#039;odeurs instantan\u00e9 : \u00c9limine toutes les odeurs d\u00e9sagr\u00e9ables, laissant l&#039;environnement de votre chien frais et agr\u00e9able. \u2705 Nettoyage efficace : \u00c9limine efficacement la salet\u00e9, les poils et autres d\u00e9bris, ce qui permet de garder le lit, les jouets et autres objets propres. \u2705 D\u00e9-fumigation et d\u00e9sinfection : La formule compl\u00e8te permet une d\u00e9-fumigation et une d\u00e9sinfection compl\u00e8tes en un seul processus, \u00e9liminant ainsi les risques biologiques. \u2705 Protection contre les moisissures : cr\u00e9e une barri\u00e8re protectrice qui emp\u00eache le d\u00e9veloppement de moisissures et de micro-organismes, garantissant une hygi\u00e8ne durable.\" \/>\n<meta property=\"og:url\" content=\"https:\/\/nanoclean24.com\/fr\/produit\/nanocleanac8-la-maison-pour-votre-chien\/\" \/>\n<meta property=\"og:site_name\" content=\"NANOCLEAN\" \/>\n<meta property=\"article:modified_time\" content=\"2025-10-24T09:05:57+00:00\" \/>\n<meta property=\"og:image\" content=\"https:\/\/nanoclean24.com\/wp-content\/uploads\/2025\/07\/ac8-PIES.jpg\" \/>\n\t<meta property=\"og:image:width\" content=\"1280\" \/>\n\t<meta property=\"og:image:height\" content=\"1280\" \/>\n\t<meta property=\"og:image:type\" content=\"image\/jpeg\" \/>\n<meta name=\"twitter:card\" content=\"summary_large_image\" \/>\n<meta name=\"twitter:label1\" content=\"Dur\u00e9e de lecture estim\u00e9e\" \/>\n\t<meta name=\"twitter:data1\" content=\"3 minutes\" \/>\n<script type=\"application\/ld+json\" class=\"yoast-schema-graph\">{\"@context\":\"https:\\\/\\\/schema.org\",\"@graph\":[{\"@type\":\"WebPage\",\"@id\":\"https:\\\/\\\/nanoclean24.com\\\/fr\\\/produit\\\/nanocleanac8-la-maison-pour-votre-chien\\\/\",\"url\":\"https:\\\/\\\/nanoclean24.com\\\/fr\\\/produit\\\/nanocleanac8-la-maison-pour-votre-chien\\\/\",\"name\":\"NANOCLEAN\u00ae AC8 HOME CHIEN liquide nettoyant et d\u00e9sinfectant en vaporisateur 490ML - NANOCLEAN\",\"isPartOf\":{\"@id\":\"https:\\\/\\\/nanoclean24.com\\\/fr\\\/#website\"},\"primaryImageOfPage\":{\"@id\":\"https:\\\/\\\/nanoclean24.com\\\/fr\\\/produit\\\/nanocleanac8-la-maison-pour-votre-chien\\\/#primaryimage\"},\"image\":{\"@id\":\"https:\\\/\\\/nanoclean24.com\\\/fr\\\/produit\\\/nanocleanac8-la-maison-pour-votre-chien\\\/#primaryimage\"},\"thumbnailUrl\":\"https:\\\/\\\/nanoclean24.com\\\/wp-content\\\/uploads\\\/2025\\\/07\\\/ac8-PIES.jpg\",\"datePublished\":\"2025-07-20T11:15:34+00:00\",\"dateModified\":\"2025-10-24T09:05:57+00:00\",\"breadcrumb\":{\"@id\":\"https:\\\/\\\/nanoclean24.com\\\/fr\\\/produit\\\/nanocleanac8-la-maison-pour-votre-chien\\\/#breadcrumb\"},\"inLanguage\":\"fr-FR\",\"potentialAction\":[{\"@type\":\"ReadAction\",\"target\":[\"https:\\\/\\\/nanoclean24.com\\\/fr\\\/produit\\\/nanocleanac8-la-maison-pour-votre-chien\\\/\"]}]},{\"@type\":\"ImageObject\",\"inLanguage\":\"fr-FR\",\"@id\":\"https:\\\/\\\/nanoclean24.com\\\/fr\\\/produit\\\/nanocleanac8-la-maison-pour-votre-chien\\\/#primaryimage\",\"url\":\"https:\\\/\\\/nanoclean24.com\\\/wp-content\\\/uploads\\\/2025\\\/07\\\/ac8-PIES.jpg\",\"contentUrl\":\"https:\\\/\\\/nanoclean24.com\\\/wp-content\\\/uploads\\\/2025\\\/07\\\/ac8-PIES.jpg\",\"width\":1280,\"height\":1280},{\"@type\":\"BreadcrumbList\",\"@id\":\"https:\\\/\\\/nanoclean24.com\\\/fr\\\/produit\\\/nanocleanac8-la-maison-pour-votre-chien\\\/#breadcrumb\",\"itemListElement\":[{\"@type\":\"ListItem\",\"position\":1,\"name\":\"Strona g\u0142\u00f3wna\",\"item\":\"https:\\\/\\\/nanoclean24.com\\\/fr\\\/\"},{\"@type\":\"ListItem\",\"position\":2,\"name\":\"Boutique\",\"item\":\"https:\\\/\\\/nanoclean24.com\\\/shop\\\/\"},{\"@type\":\"ListItem\",\"position\":3,\"name\":\"NANOCLEAN\u00ae AC8 HOME CHIEN liquide nettoyant et d\u00e9sinfectant en vaporisateur 490ML\"}]},{\"@type\":\"WebSite\",\"@id\":\"https:\\\/\\\/nanoclean24.com\\\/fr\\\/#website\",\"url\":\"https:\\\/\\\/nanoclean24.com\\\/fr\\\/\",\"name\":\"NanoClean\",\"description\":\"\",\"publisher\":{\"@id\":\"https:\\\/\\\/nanoclean24.com\\\/fr\\\/#organization\"},\"potentialAction\":[{\"@type\":\"SearchAction\",\"target\":{\"@type\":\"EntryPoint\",\"urlTemplate\":\"https:\\\/\\\/nanoclean24.com\\\/fr\\\/?s={search_term_string}\"},\"query-input\":{\"@type\":\"PropertyValueSpecification\",\"valueRequired\":true,\"valueName\":\"search_term_string\"}}],\"inLanguage\":\"fr-FR\"},{\"@type\":\"Organization\",\"@id\":\"https:\\\/\\\/nanoclean24.com\\\/fr\\\/#organization\",\"name\":\"NanoClean\",\"url\":\"https:\\\/\\\/nanoclean24.com\\\/fr\\\/\",\"logo\":{\"@type\":\"ImageObject\",\"inLanguage\":\"fr-FR\",\"@id\":\"https:\\\/\\\/nanoclean24.com\\\/fr\\\/#\\\/schema\\\/logo\\\/image\\\/\",\"url\":\"https:\\\/\\\/nanoclean24.com\\\/wp-content\\\/uploads\\\/2025\\\/07\\\/logo-2.jpg\",\"contentUrl\":\"https:\\\/\\\/nanoclean24.com\\\/wp-content\\\/uploads\\\/2025\\\/07\\\/logo-2.jpg\",\"width\":1068,\"height\":224,\"caption\":\"NanoClean\"},\"image\":{\"@id\":\"https:\\\/\\\/nanoclean24.com\\\/fr\\\/#\\\/schema\\\/logo\\\/image\\\/\"}}]}<\/script>\n<!-- \/ Yoast SEO plugin. -->","yoast_head_json":{"title":"NANOCLEAN\u00ae AC8 HOME CHIEN liquide nettoyant et d\u00e9sinfectant en vaporisateur 490ML - NANOCLEAN","robots":{"index":"index","follow":"follow","max-snippet":"max-snippet:-1","max-image-preview":"max-image-preview:large","max-video-preview":"max-video-preview:-1"},"canonical":"https:\/\/nanoclean24.com\/fr\/produit\/nanocleanac8-la-maison-pour-votre-chien\/","og_locale":"fr_FR","og_type":"article","og_title":"NANOCLEAN\u00ae AC8 HOME CHIEN liquide nettoyant et d\u00e9sinfectant en vaporisateur 490ML - NANOCLEAN","og_description":"5in1 : Nettoyage, rafra\u00eechissement, d\u00e9senfumage, d\u00e9sinfection, protection \u2705 Neutralisateur d'odeurs instantan\u00e9 : \u00c9limine toutes les odeurs d\u00e9sagr\u00e9ables, laissant l'environnement de votre chien frais et agr\u00e9able. \u2705 Nettoyage efficace : \u00c9limine efficacement la salet\u00e9, les poils et autres d\u00e9bris, ce qui permet de garder le lit, les jouets et autres objets propres. \u2705 D\u00e9-fumigation et d\u00e9sinfection : La formule compl\u00e8te permet une d\u00e9-fumigation et une d\u00e9sinfection compl\u00e8tes en un seul processus, \u00e9liminant ainsi les risques biologiques. \u2705 Protection contre les moisissures : cr\u00e9e une barri\u00e8re protectrice qui emp\u00eache le d\u00e9veloppement de moisissures et de micro-organismes, garantissant une hygi\u00e8ne durable.","og_url":"https:\/\/nanoclean24.com\/fr\/produit\/nanocleanac8-la-maison-pour-votre-chien\/","og_site_name":"NANOCLEAN","article_modified_time":"2025-10-24T09:05:57+00:00","og_image":[{"width":1280,"height":1280,"url":"https:\/\/nanoclean24.com\/wp-content\/uploads\/2025\/07\/ac8-PIES.jpg","type":"image\/jpeg"}],"twitter_card":"summary_large_image","twitter_misc":{"Dur\u00e9e de lecture estim\u00e9e":"3 minutes"},"schema":{"@context":"https:\/\/schema.org","@graph":[{"@type":"WebPage","@id":"https:\/\/nanoclean24.com\/fr\/produit\/nanocleanac8-la-maison-pour-votre-chien\/","url":"https:\/\/nanoclean24.com\/fr\/produit\/nanocleanac8-la-maison-pour-votre-chien\/","name":"NANOCLEAN\u00ae AC8 HOME CHIEN liquide nettoyant et d\u00e9sinfectant en vaporisateur 490ML - NANOCLEAN","isPartOf":{"@id":"https:\/\/nanoclean24.com\/fr\/#website"},"primaryImageOfPage":{"@id":"https:\/\/nanoclean24.com\/fr\/produit\/nanocleanac8-la-maison-pour-votre-chien\/#primaryimage"},"image":{"@id":"https:\/\/nanoclean24.com\/fr\/produit\/nanocleanac8-la-maison-pour-votre-chien\/#primaryimage"},"thumbnailUrl":"https:\/\/nanoclean24.com\/wp-content\/uploads\/2025\/07\/ac8-PIES.jpg","datePublished":"2025-07-20T11:15:34+00:00","dateModified":"2025-10-24T09:05:57+00:00","breadcrumb":{"@id":"https:\/\/nanoclean24.com\/fr\/produit\/nanocleanac8-la-maison-pour-votre-chien\/#breadcrumb"},"inLanguage":"fr-FR","potentialAction":[{"@type":"ReadAction","target":["https:\/\/nanoclean24.com\/fr\/produit\/nanocleanac8-la-maison-pour-votre-chien\/"]}]},{"@type":"ImageObject","inLanguage":"fr-FR","@id":"https:\/\/nanoclean24.com\/fr\/produit\/nanocleanac8-la-maison-pour-votre-chien\/#primaryimage","url":"https:\/\/nanoclean24.com\/wp-content\/uploads\/2025\/07\/ac8-PIES.jpg","contentUrl":"https:\/\/nanoclean24.com\/wp-content\/uploads\/2025\/07\/ac8-PIES.jpg","width":1280,"height":1280},{"@type":"BreadcrumbList","@id":"https:\/\/nanoclean24.com\/fr\/produit\/nanocleanac8-la-maison-pour-votre-chien\/#breadcrumb","itemListElement":[{"@type":"ListItem","position":1,"name":"Strona g\u0142\u00f3wna","item":"https:\/\/nanoclean24.com\/fr\/"},{"@type":"ListItem","position":2,"name":"Boutique","item":"https:\/\/nanoclean24.com\/shop\/"},{"@type":"ListItem","position":3,"name":"NANOCLEAN\u00ae AC8 HOME CHIEN liquide nettoyant et d\u00e9sinfectant en vaporisateur 490ML"}]},{"@type":"WebSite","@id":"https:\/\/nanoclean24.com\/fr\/#website","url":"https:\/\/nanoclean24.com\/fr\/","name":"NanoClean","description":"","publisher":{"@id":"https:\/\/nanoclean24.com\/fr\/#organization"},"potentialAction":[{"@type":"SearchAction","target":{"@type":"EntryPoint","urlTemplate":"https:\/\/nanoclean24.com\/fr\/?s={search_term_string}"},"query-input":{"@type":"PropertyValueSpecification","valueRequired":true,"valueName":"search_term_string"}}],"inLanguage":"fr-FR"},{"@type":"Organization","@id":"https:\/\/nanoclean24.com\/fr\/#organization","name":"NanoClean","url":"https:\/\/nanoclean24.com\/fr\/","logo":{"@type":"ImageObject","inLanguage":"fr-FR","@id":"https:\/\/nanoclean24.com\/fr\/#\/schema\/logo\/image\/","url":"https:\/\/nanoclean24.com\/wp-content\/uploads\/2025\/07\/logo-2.jpg","contentUrl":"https:\/\/nanoclean24.com\/wp-content\/uploads\/2025\/07\/logo-2.jpg","width":1068,"height":224,"caption":"NanoClean"},"image":{"@id":"https:\/\/nanoclean24.com\/fr\/#\/schema\/logo\/image\/"}}]}},"taxonomy_info":{"product_cat":[{"value":96,"label":"AC8 HOME"}]},"featured_image_src_large":["https:\/\/nanoclean24.com\/wp-content\/uploads\/2025\/07\/ac8-PIES-1024x1024.jpg",1024,1024,true],"author_info":[],"comment_info":"","_links":{"self":[{"href":"https:\/\/nanoclean24.com\/fr\/wp-json\/wp\/v2\/product\/8263","targetHints":{"allow":["GET"]}}],"collection":[{"href":"https:\/\/nanoclean24.com\/fr\/wp-json\/wp\/v2\/product"}],"about":[{"href":"https:\/\/nanoclean24.com\/fr\/wp-json\/wp\/v2\/types\/product"}],"wp:featuredmedia":[{"embeddable":true,"href":"https:\/\/nanoclean24.com\/fr\/wp-json\/wp\/v2\/media\/10334"}],"wp:attachment":[{"href":"https:\/\/nanoclean24.com\/fr\/wp-json\/wp\/v2\/media?parent=8263"}],"wp:term":[{"taxonomy":"product_brand","embeddable":true,"href":"https:\/\/nanoclean24.com\/fr\/wp-json\/wp\/v2\/product_brand?post=8263"},{"taxonomy":"product_cat","embeddable":true,"href":"https:\/\/nanoclean24.com\/fr\/wp-json\/wp\/v2\/product_cat?post=8263"},{"taxonomy":"product_tag","embeddable":true,"href":"https:\/\/nanoclean24.com\/fr\/wp-json\/wp\/v2\/product_tag?post=8263"}],"curies":[{"name":"wp","href":"https:\/\/api.w.org\/{rel}","templated":true}]}}