{"id":8255,"date":"2025-07-20T13:41:23","date_gmt":"2025-07-20T11:41:23","guid":{"rendered":"https:\/\/nanoclean24.com\/produkt\/liquide-de-nettoyage-et-de-desinfection-pour-tapis-nanocleanac8-home\/"},"modified":"2025-10-24T11:19:44","modified_gmt":"2025-10-24T09:19:44","slug":"liquide-de-nettoyage-et-de-desinfection-pour-tapis-nanocleanac8-home","status":"publish","type":"product","link":"https:\/\/nanoclean24.com\/fr\/produit\/liquide-de-nettoyage-et-de-desinfection-pour-tapis-nanocleanac8-home\/","title":{"rendered":"NANOCLEAN\u00ae AC8 HOME MOQUETTE liquide nettoyant et d\u00e9sinfectant en vaporisateur au parfum de lavande 490ML"},"content":{"rendered":"<p>NANOCLEAN AC8 pour tapis est un nettoyant, d\u00e9sodorisant et d\u00e9sinfectant avanc\u00e9 pour tapis et moquettes. Sa formule unique est con\u00e7ue pour \u00e9liminer efficacement les taches tenaces, les moisissures, les bact\u00e9ries, les acariens et les odeurs de mati\u00e8res organiques, garantissant ainsi une fra\u00eecheur et une hygi\u00e8ne durables des surfaces des tapis. Nanoclean AC8 se distingue par sa formule sans alcool et sans chlore, ce qui le rend sans danger pour les tapis et les moquettes.  <\/p>\n<section id=\"section_1923872126\" class=\"section\">\n<div class=\"section-content relative\">\n<div id=\"row-1239667977\" class=\"row\">\n<div id=\"col-842547368\" class=\"col small-12 large-12\">\n<div class=\"col-inner\">\n<h3><strong>Mode d&#8217;emploi<\/strong><\/h3>\n<p>Bien agiter le flacon avant utilisation.<br \/>\n2. appliquer directement sur la surface souill\u00e9e du tapis<br \/>\n3. Laisser agir pendant 5 \u00e0 15 minutes pour d\u00e9contaminer la surface du tapis en profondeur.<br \/>\n4. frotter la surface \u00e0 l&rsquo;aide d&rsquo;une brosse ou d&rsquo;une \u00e9ponge, puis l&rsquo;essuyer avec un chiffon humide ou \u00e0 l&rsquo;aide d&rsquo;un aspirateur.<br \/>\n5 Laissez s\u00e9cher le tapis avant de l&rsquo;utiliser \u00e0 nouveau.<\/p>\n<p>&nbsp;<\/p>\n<div id=\"image_1953080732\" class=\"img has-hover x md-x lg-x y md-y lg-y\">\n<div class=\"img-inner dark\"><img fetchpriority=\"high\" decoding=\"async\" class=\"attachment-large size-large lazy-load-active\" src=\"https:\/\/ac8.pl\/wp-content\/uploads\/2024\/06\/wykladzina-1024x512.png\" alt=\"\" width=\"1020\" height=\"510\" data-src=\"https:\/\/ac8.pl\/wp-content\/uploads\/2024\/06\/wykladzina-1024x512.png\" data-srcset=\"https:\/\/ac8.pl\/wp-content\/uploads\/2024\/06\/wykladzina-1024x512.png 1024w, https:\/\/ac8.pl\/wp-content\/uploads\/2024\/06\/wykladzina-300x150.png 300w, https:\/\/ac8.pl\/wp-content\/uploads\/2024\/06\/wykladzina-768x384.png 768w, https:\/\/ac8.pl\/wp-content\/uploads\/2024\/06\/wykladzina-1320x660.png 1320w, https:\/\/ac8.pl\/wp-content\/uploads\/2024\/06\/wykladzina-510x255.png 510w, https:\/\/ac8.pl\/wp-content\/uploads\/2024\/06\/wykladzina.png 1382w\"><\/div>\n<\/div>\n<\/div>\n<\/div>\n<\/div>\n<\/div>\n<\/section>\n<section id=\"section_1287993261\" class=\"section\">\n<div class=\"section-bg fill\"><\/div>\n<div class=\"section-content relative\">\n<div id=\"row-819227911\" class=\"row\">\n<div id=\"col-1338499032\" class=\"col small-12 large-12\">\n<div class=\"col-inner\">\n<p>Nanoclean AC8 est une aide pr\u00e9cieuse pour maintenir la propret\u00e9 et l&rsquo;hygi\u00e8ne de votre maison, de votre bureau ou de tout autre endroit o\u00f9 se trouvent des tapis. L&rsquo;utilisation r\u00e9guli\u00e8re de ce produit garantit la fra\u00eecheur durable et l&rsquo;aspect esth\u00e9tique de vos tapis. <\/p>\n<p>Les produits biocides doivent \u00eatre utilis\u00e9s avec pr\u00e9caution. Lisez l&rsquo;\u00e9tiquette et les informations sur le produit avant chaque utilisation. <\/p>\n<\/div>\n<\/div>\n<\/div>\n<\/div>\n<\/section>\n","protected":false},"excerpt":{"rendered":"<h3>Nanoclean AC8 pour tapis<\/h3>\n<p><strong>\u2705 <\/strong>Nettoyage des moquettes : Nanoclean AC8 \u00e9limine efficacement les taches tenaces telles que celles caus\u00e9es par le caf\u00e9, le vin, le jus ou la nourriture. Gr\u00e2ce \u00e0 sa technologie avanc\u00e9e, le produit p\u00e9n\u00e8tre profond\u00e9ment dans la structure de la moquette, \u00e9liminant la salet\u00e9 des fibres. <\/p>\n<p><strong>\u2705 <\/strong>D\u00e9graissage : le produit est efficace contre les moisissures qui peuvent se d\u00e9velopper sur les moquettes dans les endroits humides ou mal ventil\u00e9s. L&rsquo;utilisation r\u00e9guli\u00e8re de Nanoclean AC8 permet de pr\u00e9venir la r\u00e9apparition des moisissures. <\/p>\n<p><strong>\u2705 <\/strong>D\u00e9sinfection : Nanoclean AC8 a des propri\u00e9t\u00e9s antibact\u00e9riennes, \u00e9liminant les bact\u00e9ries et les micro-organismes qui peuvent provoquer des odeurs d\u00e9sagr\u00e9ables et affecter la sant\u00e9 des utilisateurs. Ceci est particuli\u00e8rement important dans les maisons avec de jeunes enfants, des personnes \u00e2g\u00e9es ou des personnes souffrant d&rsquo;allergies. <\/p>\n<p><strong>\u2705 <\/strong>\u00c9limination des odeurs d\u00e9sagr\u00e9ables : Le produit neutralise les odeurs d\u00e9sagr\u00e9ables telles que l&rsquo;odeur de la fum\u00e9e de tabac, de la sueur ou des animaux domestiques, laissant les tapis sentir frais pendant longtemps.<\/p>\n<p><strong>\u2705 <\/strong>Une formule <strong>s\u00fbre <\/strong>: Gr\u00e2ce \u00e0 sa formule sans alcool, Nanoclean AC8 peut \u00eatre utilis\u00e9 en toute s\u00e9curit\u00e9. Il n&rsquo;endommage pas les fibres des tapis et ne provoque pas de d\u00e9coloration, ce qui permet de l&rsquo;utiliser sur une grande vari\u00e9t\u00e9 de tapis, y compris ceux compos\u00e9s de mat\u00e9riaux d\u00e9licats. <\/p>\n","protected":false},"featured_media":10386,"template":"","meta":{"_kad_blocks_custom_css":"","_kad_blocks_head_custom_js":"","_kad_blocks_body_custom_js":"","_kad_blocks_footer_custom_js":"","_kad_post_transparent":"","_kad_post_title":"","_kad_post_layout":"","_kad_post_sidebar_id":"","_kad_post_content_style":"","_kad_post_vertical_padding":"","_kad_post_feature":"","_kad_post_feature_position":"","_kad_post_header":false,"_kad_post_footer":false,"_kad_post_classname":""},"product_brand":[],"product_cat":[96],"product_tag":[],"class_list":{"0":"post-8255","1":"product","2":"type-product","3":"status-publish","4":"has-post-thumbnail","6":"product_cat-home-fr","8":"first","9":"instock","10":"taxable","11":"shipping-taxable","12":"purchasable","13":"product-type-simple","14":"entry","15":"content-bg","16":"loop-entry"},"yoast_head":"<!-- This site is optimized with the Yoast SEO plugin v27.4 - https:\/\/yoast.com\/product\/yoast-seo-wordpress\/ -->\n<title>NANOCLEAN\u00ae AC8 HOME MOQUETTE liquide nettoyant et d\u00e9sinfectant en vaporisateur au parfum de lavande 490ML - NANOCLEAN<\/title>\n<meta name=\"robots\" content=\"index, follow, max-snippet:-1, max-image-preview:large, max-video-preview:-1\" \/>\n<link rel=\"canonical\" href=\"https:\/\/nanoclean24.com\/fr\/produit\/liquide-de-nettoyage-et-de-desinfection-pour-tapis-nanocleanac8-home\/\" \/>\n<meta property=\"og:locale\" content=\"fr_FR\" \/>\n<meta property=\"og:type\" content=\"article\" \/>\n<meta property=\"og:title\" content=\"NANOCLEAN\u00ae AC8 HOME MOQUETTE liquide nettoyant et d\u00e9sinfectant en vaporisateur au parfum de lavande 490ML - NANOCLEAN\" \/>\n<meta property=\"og:description\" content=\"Nanoclean AC8 pour tapis \u2705 Nettoyage des moquettes : Nanoclean AC8 \u00e9limine efficacement les taches tenaces telles que celles caus\u00e9es par le caf\u00e9, le vin, le jus ou la nourriture. Gr\u00e2ce \u00e0 sa technologie avanc\u00e9e, le produit p\u00e9n\u00e8tre profond\u00e9ment dans la structure de la moquette, \u00e9liminant la salet\u00e9 des fibres.  \u2705 D\u00e9graissage : le produit est efficace contre les moisissures qui peuvent se d\u00e9velopper sur les moquettes dans les endroits humides ou mal ventil\u00e9s. L&#039;utilisation r\u00e9guli\u00e8re de Nanoclean AC8 permet de pr\u00e9venir la r\u00e9apparition des moisissures.  \u2705 D\u00e9sinfection : Nanoclean AC8 a des propri\u00e9t\u00e9s antibact\u00e9riennes, \u00e9liminant les bact\u00e9ries et les micro-organismes qui peuvent provoquer des odeurs d\u00e9sagr\u00e9ables et affecter la sant\u00e9 des utilisateurs. Ceci est particuli\u00e8rement important dans les maisons avec de jeunes enfants, des personnes \u00e2g\u00e9es ou des personnes souffrant d&#039;allergies.  \u2705 \u00c9limination des odeurs d\u00e9sagr\u00e9ables : Le produit neutralise les odeurs d\u00e9sagr\u00e9ables telles que l&#039;odeur de la fum\u00e9e de tabac, de la sueur ou des animaux domestiques, laissant les tapis sentir frais pendant longtemps. \u2705 Une formule s\u00fbre : Gr\u00e2ce \u00e0 sa formule sans alcool, Nanoclean AC8 peut \u00eatre utilis\u00e9 en toute s\u00e9curit\u00e9. Il n&#039;endommage pas les fibres des tapis et ne provoque pas de d\u00e9coloration, ce qui permet de l&#039;utiliser sur une grande vari\u00e9t\u00e9 de tapis, y compris ceux compos\u00e9s de mat\u00e9riaux d\u00e9licats.\" \/>\n<meta property=\"og:url\" content=\"https:\/\/nanoclean24.com\/fr\/produit\/liquide-de-nettoyage-et-de-desinfection-pour-tapis-nanocleanac8-home\/\" \/>\n<meta property=\"og:site_name\" content=\"NANOCLEAN\" \/>\n<meta property=\"article:modified_time\" content=\"2025-10-24T09:19:44+00:00\" \/>\n<meta property=\"og:image\" content=\"https:\/\/nanoclean24.com\/wp-content\/uploads\/2025\/07\/ac8-WYKLADZINA-.jpg\" \/>\n\t<meta property=\"og:image:width\" content=\"1280\" \/>\n\t<meta property=\"og:image:height\" content=\"1280\" \/>\n\t<meta property=\"og:image:type\" content=\"image\/jpeg\" \/>\n<meta name=\"twitter:card\" content=\"summary_large_image\" \/>\n<meta name=\"twitter:label1\" content=\"Dur\u00e9e de lecture estim\u00e9e\" \/>\n\t<meta name=\"twitter:data1\" content=\"1 minute\" \/>\n<script type=\"application\/ld+json\" class=\"yoast-schema-graph\">{\"@context\":\"https:\\\/\\\/schema.org\",\"@graph\":[{\"@type\":\"WebPage\",\"@id\":\"https:\\\/\\\/nanoclean24.com\\\/fr\\\/produit\\\/liquide-de-nettoyage-et-de-desinfection-pour-tapis-nanocleanac8-home\\\/\",\"url\":\"https:\\\/\\\/nanoclean24.com\\\/fr\\\/produit\\\/liquide-de-nettoyage-et-de-desinfection-pour-tapis-nanocleanac8-home\\\/\",\"name\":\"NANOCLEAN\u00ae AC8 HOME MOQUETTE liquide nettoyant et d\u00e9sinfectant en vaporisateur au parfum de lavande 490ML - NANOCLEAN\",\"isPartOf\":{\"@id\":\"https:\\\/\\\/nanoclean24.com\\\/fr\\\/#website\"},\"primaryImageOfPage\":{\"@id\":\"https:\\\/\\\/nanoclean24.com\\\/fr\\\/produit\\\/liquide-de-nettoyage-et-de-desinfection-pour-tapis-nanocleanac8-home\\\/#primaryimage\"},\"image\":{\"@id\":\"https:\\\/\\\/nanoclean24.com\\\/fr\\\/produit\\\/liquide-de-nettoyage-et-de-desinfection-pour-tapis-nanocleanac8-home\\\/#primaryimage\"},\"thumbnailUrl\":\"https:\\\/\\\/nanoclean24.com\\\/wp-content\\\/uploads\\\/2025\\\/07\\\/ac8-WYKLADZINA-.jpg\",\"datePublished\":\"2025-07-20T11:41:23+00:00\",\"dateModified\":\"2025-10-24T09:19:44+00:00\",\"breadcrumb\":{\"@id\":\"https:\\\/\\\/nanoclean24.com\\\/fr\\\/produit\\\/liquide-de-nettoyage-et-de-desinfection-pour-tapis-nanocleanac8-home\\\/#breadcrumb\"},\"inLanguage\":\"fr-FR\",\"potentialAction\":[{\"@type\":\"ReadAction\",\"target\":[\"https:\\\/\\\/nanoclean24.com\\\/fr\\\/produit\\\/liquide-de-nettoyage-et-de-desinfection-pour-tapis-nanocleanac8-home\\\/\"]}]},{\"@type\":\"ImageObject\",\"inLanguage\":\"fr-FR\",\"@id\":\"https:\\\/\\\/nanoclean24.com\\\/fr\\\/produit\\\/liquide-de-nettoyage-et-de-desinfection-pour-tapis-nanocleanac8-home\\\/#primaryimage\",\"url\":\"https:\\\/\\\/nanoclean24.com\\\/wp-content\\\/uploads\\\/2025\\\/07\\\/ac8-WYKLADZINA-.jpg\",\"contentUrl\":\"https:\\\/\\\/nanoclean24.com\\\/wp-content\\\/uploads\\\/2025\\\/07\\\/ac8-WYKLADZINA-.jpg\",\"width\":1280,\"height\":1280},{\"@type\":\"BreadcrumbList\",\"@id\":\"https:\\\/\\\/nanoclean24.com\\\/fr\\\/produit\\\/liquide-de-nettoyage-et-de-desinfection-pour-tapis-nanocleanac8-home\\\/#breadcrumb\",\"itemListElement\":[{\"@type\":\"ListItem\",\"position\":1,\"name\":\"Strona g\u0142\u00f3wna\",\"item\":\"https:\\\/\\\/nanoclean24.com\\\/fr\\\/\"},{\"@type\":\"ListItem\",\"position\":2,\"name\":\"Boutique\",\"item\":\"https:\\\/\\\/nanoclean24.com\\\/shop\\\/\"},{\"@type\":\"ListItem\",\"position\":3,\"name\":\"NANOCLEAN\u00ae AC8 HOME MOQUETTE liquide nettoyant et d\u00e9sinfectant en vaporisateur au parfum de lavande 490ML\"}]},{\"@type\":\"WebSite\",\"@id\":\"https:\\\/\\\/nanoclean24.com\\\/fr\\\/#website\",\"url\":\"https:\\\/\\\/nanoclean24.com\\\/fr\\\/\",\"name\":\"NanoClean\",\"description\":\"\",\"publisher\":{\"@id\":\"https:\\\/\\\/nanoclean24.com\\\/fr\\\/#organization\"},\"potentialAction\":[{\"@type\":\"SearchAction\",\"target\":{\"@type\":\"EntryPoint\",\"urlTemplate\":\"https:\\\/\\\/nanoclean24.com\\\/fr\\\/?s={search_term_string}\"},\"query-input\":{\"@type\":\"PropertyValueSpecification\",\"valueRequired\":true,\"valueName\":\"search_term_string\"}}],\"inLanguage\":\"fr-FR\"},{\"@type\":\"Organization\",\"@id\":\"https:\\\/\\\/nanoclean24.com\\\/fr\\\/#organization\",\"name\":\"NanoClean\",\"url\":\"https:\\\/\\\/nanoclean24.com\\\/fr\\\/\",\"logo\":{\"@type\":\"ImageObject\",\"inLanguage\":\"fr-FR\",\"@id\":\"https:\\\/\\\/nanoclean24.com\\\/fr\\\/#\\\/schema\\\/logo\\\/image\\\/\",\"url\":\"https:\\\/\\\/nanoclean24.com\\\/wp-content\\\/uploads\\\/2025\\\/07\\\/logo-2.jpg\",\"contentUrl\":\"https:\\\/\\\/nanoclean24.com\\\/wp-content\\\/uploads\\\/2025\\\/07\\\/logo-2.jpg\",\"width\":1068,\"height\":224,\"caption\":\"NanoClean\"},\"image\":{\"@id\":\"https:\\\/\\\/nanoclean24.com\\\/fr\\\/#\\\/schema\\\/logo\\\/image\\\/\"}}]}<\/script>\n<!-- \/ Yoast SEO plugin. -->","yoast_head_json":{"title":"NANOCLEAN\u00ae AC8 HOME MOQUETTE liquide nettoyant et d\u00e9sinfectant en vaporisateur au parfum de lavande 490ML - NANOCLEAN","robots":{"index":"index","follow":"follow","max-snippet":"max-snippet:-1","max-image-preview":"max-image-preview:large","max-video-preview":"max-video-preview:-1"},"canonical":"https:\/\/nanoclean24.com\/fr\/produit\/liquide-de-nettoyage-et-de-desinfection-pour-tapis-nanocleanac8-home\/","og_locale":"fr_FR","og_type":"article","og_title":"NANOCLEAN\u00ae AC8 HOME MOQUETTE liquide nettoyant et d\u00e9sinfectant en vaporisateur au parfum de lavande 490ML - NANOCLEAN","og_description":"Nanoclean AC8 pour tapis \u2705 Nettoyage des moquettes : Nanoclean AC8 \u00e9limine efficacement les taches tenaces telles que celles caus\u00e9es par le caf\u00e9, le vin, le jus ou la nourriture. Gr\u00e2ce \u00e0 sa technologie avanc\u00e9e, le produit p\u00e9n\u00e8tre profond\u00e9ment dans la structure de la moquette, \u00e9liminant la salet\u00e9 des fibres.  \u2705 D\u00e9graissage : le produit est efficace contre les moisissures qui peuvent se d\u00e9velopper sur les moquettes dans les endroits humides ou mal ventil\u00e9s. L'utilisation r\u00e9guli\u00e8re de Nanoclean AC8 permet de pr\u00e9venir la r\u00e9apparition des moisissures.  \u2705 D\u00e9sinfection : Nanoclean AC8 a des propri\u00e9t\u00e9s antibact\u00e9riennes, \u00e9liminant les bact\u00e9ries et les micro-organismes qui peuvent provoquer des odeurs d\u00e9sagr\u00e9ables et affecter la sant\u00e9 des utilisateurs. Ceci est particuli\u00e8rement important dans les maisons avec de jeunes enfants, des personnes \u00e2g\u00e9es ou des personnes souffrant d'allergies.  \u2705 \u00c9limination des odeurs d\u00e9sagr\u00e9ables : Le produit neutralise les odeurs d\u00e9sagr\u00e9ables telles que l'odeur de la fum\u00e9e de tabac, de la sueur ou des animaux domestiques, laissant les tapis sentir frais pendant longtemps. \u2705 Une formule s\u00fbre : Gr\u00e2ce \u00e0 sa formule sans alcool, Nanoclean AC8 peut \u00eatre utilis\u00e9 en toute s\u00e9curit\u00e9. Il n'endommage pas les fibres des tapis et ne provoque pas de d\u00e9coloration, ce qui permet de l'utiliser sur une grande vari\u00e9t\u00e9 de tapis, y compris ceux compos\u00e9s de mat\u00e9riaux d\u00e9licats.","og_url":"https:\/\/nanoclean24.com\/fr\/produit\/liquide-de-nettoyage-et-de-desinfection-pour-tapis-nanocleanac8-home\/","og_site_name":"NANOCLEAN","article_modified_time":"2025-10-24T09:19:44+00:00","og_image":[{"width":1280,"height":1280,"url":"https:\/\/nanoclean24.com\/wp-content\/uploads\/2025\/07\/ac8-WYKLADZINA-.jpg","type":"image\/jpeg"}],"twitter_card":"summary_large_image","twitter_misc":{"Dur\u00e9e de lecture estim\u00e9e":"1 minute"},"schema":{"@context":"https:\/\/schema.org","@graph":[{"@type":"WebPage","@id":"https:\/\/nanoclean24.com\/fr\/produit\/liquide-de-nettoyage-et-de-desinfection-pour-tapis-nanocleanac8-home\/","url":"https:\/\/nanoclean24.com\/fr\/produit\/liquide-de-nettoyage-et-de-desinfection-pour-tapis-nanocleanac8-home\/","name":"NANOCLEAN\u00ae AC8 HOME MOQUETTE liquide nettoyant et d\u00e9sinfectant en vaporisateur au parfum de lavande 490ML - NANOCLEAN","isPartOf":{"@id":"https:\/\/nanoclean24.com\/fr\/#website"},"primaryImageOfPage":{"@id":"https:\/\/nanoclean24.com\/fr\/produit\/liquide-de-nettoyage-et-de-desinfection-pour-tapis-nanocleanac8-home\/#primaryimage"},"image":{"@id":"https:\/\/nanoclean24.com\/fr\/produit\/liquide-de-nettoyage-et-de-desinfection-pour-tapis-nanocleanac8-home\/#primaryimage"},"thumbnailUrl":"https:\/\/nanoclean24.com\/wp-content\/uploads\/2025\/07\/ac8-WYKLADZINA-.jpg","datePublished":"2025-07-20T11:41:23+00:00","dateModified":"2025-10-24T09:19:44+00:00","breadcrumb":{"@id":"https:\/\/nanoclean24.com\/fr\/produit\/liquide-de-nettoyage-et-de-desinfection-pour-tapis-nanocleanac8-home\/#breadcrumb"},"inLanguage":"fr-FR","potentialAction":[{"@type":"ReadAction","target":["https:\/\/nanoclean24.com\/fr\/produit\/liquide-de-nettoyage-et-de-desinfection-pour-tapis-nanocleanac8-home\/"]}]},{"@type":"ImageObject","inLanguage":"fr-FR","@id":"https:\/\/nanoclean24.com\/fr\/produit\/liquide-de-nettoyage-et-de-desinfection-pour-tapis-nanocleanac8-home\/#primaryimage","url":"https:\/\/nanoclean24.com\/wp-content\/uploads\/2025\/07\/ac8-WYKLADZINA-.jpg","contentUrl":"https:\/\/nanoclean24.com\/wp-content\/uploads\/2025\/07\/ac8-WYKLADZINA-.jpg","width":1280,"height":1280},{"@type":"BreadcrumbList","@id":"https:\/\/nanoclean24.com\/fr\/produit\/liquide-de-nettoyage-et-de-desinfection-pour-tapis-nanocleanac8-home\/#breadcrumb","itemListElement":[{"@type":"ListItem","position":1,"name":"Strona g\u0142\u00f3wna","item":"https:\/\/nanoclean24.com\/fr\/"},{"@type":"ListItem","position":2,"name":"Boutique","item":"https:\/\/nanoclean24.com\/shop\/"},{"@type":"ListItem","position":3,"name":"NANOCLEAN\u00ae AC8 HOME MOQUETTE liquide nettoyant et d\u00e9sinfectant en vaporisateur au parfum de lavande 490ML"}]},{"@type":"WebSite","@id":"https:\/\/nanoclean24.com\/fr\/#website","url":"https:\/\/nanoclean24.com\/fr\/","name":"NanoClean","description":"","publisher":{"@id":"https:\/\/nanoclean24.com\/fr\/#organization"},"potentialAction":[{"@type":"SearchAction","target":{"@type":"EntryPoint","urlTemplate":"https:\/\/nanoclean24.com\/fr\/?s={search_term_string}"},"query-input":{"@type":"PropertyValueSpecification","valueRequired":true,"valueName":"search_term_string"}}],"inLanguage":"fr-FR"},{"@type":"Organization","@id":"https:\/\/nanoclean24.com\/fr\/#organization","name":"NanoClean","url":"https:\/\/nanoclean24.com\/fr\/","logo":{"@type":"ImageObject","inLanguage":"fr-FR","@id":"https:\/\/nanoclean24.com\/fr\/#\/schema\/logo\/image\/","url":"https:\/\/nanoclean24.com\/wp-content\/uploads\/2025\/07\/logo-2.jpg","contentUrl":"https:\/\/nanoclean24.com\/wp-content\/uploads\/2025\/07\/logo-2.jpg","width":1068,"height":224,"caption":"NanoClean"},"image":{"@id":"https:\/\/nanoclean24.com\/fr\/#\/schema\/logo\/image\/"}}]}},"taxonomy_info":{"product_cat":[{"value":96,"label":"AC8 HOME"}]},"featured_image_src_large":["https:\/\/nanoclean24.com\/wp-content\/uploads\/2025\/07\/ac8-WYKLADZINA--1024x1024.jpg",1024,1024,true],"author_info":[],"comment_info":"","_links":{"self":[{"href":"https:\/\/nanoclean24.com\/fr\/wp-json\/wp\/v2\/product\/8255","targetHints":{"allow":["GET"]}}],"collection":[{"href":"https:\/\/nanoclean24.com\/fr\/wp-json\/wp\/v2\/product"}],"about":[{"href":"https:\/\/nanoclean24.com\/fr\/wp-json\/wp\/v2\/types\/product"}],"wp:featuredmedia":[{"embeddable":true,"href":"https:\/\/nanoclean24.com\/fr\/wp-json\/wp\/v2\/media\/10386"}],"wp:attachment":[{"href":"https:\/\/nanoclean24.com\/fr\/wp-json\/wp\/v2\/media?parent=8255"}],"wp:term":[{"taxonomy":"product_brand","embeddable":true,"href":"https:\/\/nanoclean24.com\/fr\/wp-json\/wp\/v2\/product_brand?post=8255"},{"taxonomy":"product_cat","embeddable":true,"href":"https:\/\/nanoclean24.com\/fr\/wp-json\/wp\/v2\/product_cat?post=8255"},{"taxonomy":"product_tag","embeddable":true,"href":"https:\/\/nanoclean24.com\/fr\/wp-json\/wp\/v2\/product_tag?post=8255"}],"curies":[{"name":"wp","href":"https:\/\/api.w.org\/{rel}","templated":true}]}}