{"id":8207,"date":"2025-09-26T10:19:39","date_gmt":"2025-09-26T08:19:39","guid":{"rendered":"https:\/\/nanoclean24.com\/produkt\/z31-cockpitpro\/"},"modified":"2025-09-26T10:19:39","modified_gmt":"2025-09-26T08:19:39","slug":"z31-cockpitpro","status":"publish","type":"product","link":"https:\/\/nanoclean24.com\/fr\/produit\/z31-cockpitpro\/","title":{"rendered":"Z31 COCKPITPRO"},"content":{"rendered":"<p>D\u00e9couvrez un nouveau niveau de propret\u00e9 et de confort avec Z31 COCKPITPRO &#8211; une formule sp\u00e9cialis\u00e9e con\u00e7ue pour les camping-cars et les v\u00e9hicules utilitaires. Notre formule est con\u00e7ue pour nettoyer, r\u00e9nover et entretenir efficacement l&rsquo;int\u00e9rieur de votre v\u00e9hicule, en lui redonnant un aspect naturel et neuf. Avec Z31, l&rsquo;int\u00e9rieur de votre camping-car aura un aspect rafra\u00eechi et un parfum agr\u00e9able qui vous accompagnera dans tous vos d\u00e9placements.  <\/p>\n<h3><strong>Comment l&rsquo;utiliser ?<\/strong><\/h3>\n<ol>\n<li>Imbiber une microfibre de Z31 COCKPITPRO ou vaporiser directement sur la surface \u00e0 nettoyer.<\/li>\n<li>Essuyer d\u00e9licatement la surface en veillant \u00e0 r\u00e9partir le produit uniform\u00e9ment.<\/li>\n<li>Pour les salissures plus importantes, il est recommand\u00e9 d&rsquo;utiliser Z31 COCKPITPRO au pr\u00e9alable pour pr\u00e9parer la surface \u00e0 un traitement ult\u00e9rieur.<\/li>\n<\/ol>\n<p>Z31 COCKPITPRO est le choix id\u00e9al pour tout propri\u00e9taire de camping-car qui souhaite conserver l&rsquo;int\u00e9rieur de son v\u00e9hicule en excellent \u00e9tat, en lui donnant un aspect neuf et en le prot\u00e9geant durablement. Faites confiance aux technologies modernes de nettoyage et d&rsquo;entretien &#8211; votre camping-car m\u00e9rite les meilleurs soins. <\/p>\n","protected":false},"excerpt":{"rendered":"<h3>Pr\u00e9paration premium pour l&rsquo;entretien de l&rsquo;habitacle de la caravane<\/h3>\n<p>\u2705 <strong>Propret\u00e9 et entretien en un : le<\/strong> Z31 \u00e9limine efficacement la poussi\u00e8re, la salet\u00e9 et les taches du cockpit, du tableau de bord, de la console centrale, des portes et d&rsquo;autres surfaces synth\u00e9tiques, en prenant soin de leur aspect.<\/p>\n<p><strong>\u2705 Restauration et protection :<\/strong> le produit ne se contente pas d&rsquo;enlever la salet\u00e9, il \u00e9limine aussi efficacement les petites rayures et redonne aux surfaces leur \u00e9clat d&rsquo;origine.<\/p>\n<p>\u2705<strong> S\u00fbr et facile \u00e0 utiliser :<\/strong> il peut \u00eatre utilis\u00e9 sans crainte d&rsquo;endommager la surface &#8211; il est sans danger pour les composants synth\u00e9tiques de l&rsquo;int\u00e9rieur du camping-car. Il suffit d&rsquo;appliquer le produit sur la microfibre ou directement sur la surface pour obtenir rapidement un r\u00e9sultat satisfaisant. <\/p>\n<p>\u2705 <strong>Parfum agr\u00e9able :<\/strong> Le produit laisse \u00e0 l&rsquo;int\u00e9rieur du camping-car un parfum d\u00e9licat et frais qui dure longtemps, ajoutant au confort pendant le voyage.<\/p>\n","protected":false},"featured_media":2976,"template":"","meta":{"_kad_blocks_custom_css":"","_kad_blocks_head_custom_js":"","_kad_blocks_body_custom_js":"","_kad_blocks_footer_custom_js":"","_kad_post_transparent":"","_kad_post_title":"","_kad_post_layout":"","_kad_post_sidebar_id":"","_kad_post_content_style":"","_kad_post_vertical_padding":"","_kad_post_feature":"","_kad_post_feature_position":"","_kad_post_header":false,"_kad_post_footer":false,"_kad_post_classname":""},"product_brand":[],"product_cat":[116],"product_tag":[],"class_list":{"0":"post-8207","1":"product","2":"type-product","3":"status-publish","4":"has-post-thumbnail","6":"product_cat-camper-fr","8":"first","9":"outofstock","10":"taxable","11":"shipping-taxable","12":"product-type-simple","13":"entry","14":"content-bg","15":"loop-entry"},"yoast_head":"<!-- This site is optimized with the Yoast SEO plugin v27.4 - https:\/\/yoast.com\/product\/yoast-seo-wordpress\/ -->\n<title>Z31 COCKPITPRO - NANOCLEAN<\/title>\n<meta name=\"robots\" content=\"index, follow, max-snippet:-1, max-image-preview:large, max-video-preview:-1\" \/>\n<link rel=\"canonical\" href=\"https:\/\/nanoclean24.com\/fr\/produit\/z31-cockpitpro\/\" \/>\n<meta property=\"og:locale\" content=\"fr_FR\" \/>\n<meta property=\"og:type\" content=\"article\" \/>\n<meta property=\"og:title\" content=\"Z31 COCKPITPRO - NANOCLEAN\" \/>\n<meta property=\"og:description\" content=\"Pr\u00e9paration premium pour l&#039;entretien de l&#039;habitacle de la caravane \u2705 Propret\u00e9 et entretien en un : le Z31 \u00e9limine efficacement la poussi\u00e8re, la salet\u00e9 et les taches du cockpit, du tableau de bord, de la console centrale, des portes et d&#039;autres surfaces synth\u00e9tiques, en prenant soin de leur aspect. \u2705 Restauration et protection : le produit ne se contente pas d&#039;enlever la salet\u00e9, il \u00e9limine aussi efficacement les petites rayures et redonne aux surfaces leur \u00e9clat d&#039;origine. \u2705 S\u00fbr et facile \u00e0 utiliser : il peut \u00eatre utilis\u00e9 sans crainte d&#039;endommager la surface - il est sans danger pour les composants synth\u00e9tiques de l&#039;int\u00e9rieur du camping-car. Il suffit d&#039;appliquer le produit sur la microfibre ou directement sur la surface pour obtenir rapidement un r\u00e9sultat satisfaisant.  \u2705 Parfum agr\u00e9able : Le produit laisse \u00e0 l&#039;int\u00e9rieur du camping-car un parfum d\u00e9licat et frais qui dure longtemps, ajoutant au confort pendant le voyage.\" \/>\n<meta property=\"og:url\" content=\"https:\/\/nanoclean24.com\/fr\/produit\/z31-cockpitpro\/\" \/>\n<meta property=\"og:site_name\" content=\"NANOCLEAN\" \/>\n<meta property=\"og:image\" content=\"https:\/\/nanoclean24.com\/wp-content\/uploads\/2025\/07\/z31.jpg\" \/>\n\t<meta property=\"og:image:width\" content=\"1200\" \/>\n\t<meta property=\"og:image:height\" content=\"1200\" \/>\n\t<meta property=\"og:image:type\" content=\"image\/jpeg\" \/>\n<meta name=\"twitter:card\" content=\"summary_large_image\" \/>\n<meta name=\"twitter:label1\" content=\"Dur\u00e9e de lecture estim\u00e9e\" \/>\n\t<meta name=\"twitter:data1\" content=\"1 minute\" \/>\n<script type=\"application\/ld+json\" class=\"yoast-schema-graph\">{\"@context\":\"https:\\\/\\\/schema.org\",\"@graph\":[{\"@type\":\"WebPage\",\"@id\":\"https:\\\/\\\/nanoclean24.com\\\/fr\\\/produit\\\/z31-cockpitpro\\\/\",\"url\":\"https:\\\/\\\/nanoclean24.com\\\/fr\\\/produit\\\/z31-cockpitpro\\\/\",\"name\":\"Z31 COCKPITPRO - NANOCLEAN\",\"isPartOf\":{\"@id\":\"https:\\\/\\\/nanoclean24.com\\\/fr\\\/#website\"},\"primaryImageOfPage\":{\"@id\":\"https:\\\/\\\/nanoclean24.com\\\/fr\\\/produit\\\/z31-cockpitpro\\\/#primaryimage\"},\"image\":{\"@id\":\"https:\\\/\\\/nanoclean24.com\\\/fr\\\/produit\\\/z31-cockpitpro\\\/#primaryimage\"},\"thumbnailUrl\":\"https:\\\/\\\/nanoclean24.com\\\/wp-content\\\/uploads\\\/2025\\\/07\\\/z31.jpg\",\"datePublished\":\"2025-09-26T08:19:39+00:00\",\"breadcrumb\":{\"@id\":\"https:\\\/\\\/nanoclean24.com\\\/fr\\\/produit\\\/z31-cockpitpro\\\/#breadcrumb\"},\"inLanguage\":\"fr-FR\",\"potentialAction\":[{\"@type\":\"ReadAction\",\"target\":[\"https:\\\/\\\/nanoclean24.com\\\/fr\\\/produit\\\/z31-cockpitpro\\\/\"]}]},{\"@type\":\"ImageObject\",\"inLanguage\":\"fr-FR\",\"@id\":\"https:\\\/\\\/nanoclean24.com\\\/fr\\\/produit\\\/z31-cockpitpro\\\/#primaryimage\",\"url\":\"https:\\\/\\\/nanoclean24.com\\\/wp-content\\\/uploads\\\/2025\\\/07\\\/z31.jpg\",\"contentUrl\":\"https:\\\/\\\/nanoclean24.com\\\/wp-content\\\/uploads\\\/2025\\\/07\\\/z31.jpg\",\"width\":1200,\"height\":1200},{\"@type\":\"BreadcrumbList\",\"@id\":\"https:\\\/\\\/nanoclean24.com\\\/fr\\\/produit\\\/z31-cockpitpro\\\/#breadcrumb\",\"itemListElement\":[{\"@type\":\"ListItem\",\"position\":1,\"name\":\"Strona g\u0142\u00f3wna\",\"item\":\"https:\\\/\\\/nanoclean24.com\\\/fr\\\/\"},{\"@type\":\"ListItem\",\"position\":2,\"name\":\"Boutique\",\"item\":\"https:\\\/\\\/nanoclean24.com\\\/shop\\\/\"},{\"@type\":\"ListItem\",\"position\":3,\"name\":\"Z31 COCKPITPRO\"}]},{\"@type\":\"WebSite\",\"@id\":\"https:\\\/\\\/nanoclean24.com\\\/fr\\\/#website\",\"url\":\"https:\\\/\\\/nanoclean24.com\\\/fr\\\/\",\"name\":\"NanoClean\",\"description\":\"\",\"publisher\":{\"@id\":\"https:\\\/\\\/nanoclean24.com\\\/fr\\\/#organization\"},\"potentialAction\":[{\"@type\":\"SearchAction\",\"target\":{\"@type\":\"EntryPoint\",\"urlTemplate\":\"https:\\\/\\\/nanoclean24.com\\\/fr\\\/?s={search_term_string}\"},\"query-input\":{\"@type\":\"PropertyValueSpecification\",\"valueRequired\":true,\"valueName\":\"search_term_string\"}}],\"inLanguage\":\"fr-FR\"},{\"@type\":\"Organization\",\"@id\":\"https:\\\/\\\/nanoclean24.com\\\/fr\\\/#organization\",\"name\":\"NanoClean\",\"url\":\"https:\\\/\\\/nanoclean24.com\\\/fr\\\/\",\"logo\":{\"@type\":\"ImageObject\",\"inLanguage\":\"fr-FR\",\"@id\":\"https:\\\/\\\/nanoclean24.com\\\/fr\\\/#\\\/schema\\\/logo\\\/image\\\/\",\"url\":\"https:\\\/\\\/nanoclean24.com\\\/wp-content\\\/uploads\\\/2025\\\/07\\\/logo-2.jpg\",\"contentUrl\":\"https:\\\/\\\/nanoclean24.com\\\/wp-content\\\/uploads\\\/2025\\\/07\\\/logo-2.jpg\",\"width\":1068,\"height\":224,\"caption\":\"NanoClean\"},\"image\":{\"@id\":\"https:\\\/\\\/nanoclean24.com\\\/fr\\\/#\\\/schema\\\/logo\\\/image\\\/\"}}]}<\/script>\n<!-- \/ Yoast SEO plugin. -->","yoast_head_json":{"title":"Z31 COCKPITPRO - NANOCLEAN","robots":{"index":"index","follow":"follow","max-snippet":"max-snippet:-1","max-image-preview":"max-image-preview:large","max-video-preview":"max-video-preview:-1"},"canonical":"https:\/\/nanoclean24.com\/fr\/produit\/z31-cockpitpro\/","og_locale":"fr_FR","og_type":"article","og_title":"Z31 COCKPITPRO - NANOCLEAN","og_description":"Pr\u00e9paration premium pour l'entretien de l'habitacle de la caravane \u2705 Propret\u00e9 et entretien en un : le Z31 \u00e9limine efficacement la poussi\u00e8re, la salet\u00e9 et les taches du cockpit, du tableau de bord, de la console centrale, des portes et d'autres surfaces synth\u00e9tiques, en prenant soin de leur aspect. \u2705 Restauration et protection : le produit ne se contente pas d'enlever la salet\u00e9, il \u00e9limine aussi efficacement les petites rayures et redonne aux surfaces leur \u00e9clat d'origine. \u2705 S\u00fbr et facile \u00e0 utiliser : il peut \u00eatre utilis\u00e9 sans crainte d'endommager la surface - il est sans danger pour les composants synth\u00e9tiques de l'int\u00e9rieur du camping-car. Il suffit d'appliquer le produit sur la microfibre ou directement sur la surface pour obtenir rapidement un r\u00e9sultat satisfaisant.  \u2705 Parfum agr\u00e9able : Le produit laisse \u00e0 l'int\u00e9rieur du camping-car un parfum d\u00e9licat et frais qui dure longtemps, ajoutant au confort pendant le voyage.","og_url":"https:\/\/nanoclean24.com\/fr\/produit\/z31-cockpitpro\/","og_site_name":"NANOCLEAN","og_image":[{"width":1200,"height":1200,"url":"https:\/\/nanoclean24.com\/wp-content\/uploads\/2025\/07\/z31.jpg","type":"image\/jpeg"}],"twitter_card":"summary_large_image","twitter_misc":{"Dur\u00e9e de lecture estim\u00e9e":"1 minute"},"schema":{"@context":"https:\/\/schema.org","@graph":[{"@type":"WebPage","@id":"https:\/\/nanoclean24.com\/fr\/produit\/z31-cockpitpro\/","url":"https:\/\/nanoclean24.com\/fr\/produit\/z31-cockpitpro\/","name":"Z31 COCKPITPRO - NANOCLEAN","isPartOf":{"@id":"https:\/\/nanoclean24.com\/fr\/#website"},"primaryImageOfPage":{"@id":"https:\/\/nanoclean24.com\/fr\/produit\/z31-cockpitpro\/#primaryimage"},"image":{"@id":"https:\/\/nanoclean24.com\/fr\/produit\/z31-cockpitpro\/#primaryimage"},"thumbnailUrl":"https:\/\/nanoclean24.com\/wp-content\/uploads\/2025\/07\/z31.jpg","datePublished":"2025-09-26T08:19:39+00:00","breadcrumb":{"@id":"https:\/\/nanoclean24.com\/fr\/produit\/z31-cockpitpro\/#breadcrumb"},"inLanguage":"fr-FR","potentialAction":[{"@type":"ReadAction","target":["https:\/\/nanoclean24.com\/fr\/produit\/z31-cockpitpro\/"]}]},{"@type":"ImageObject","inLanguage":"fr-FR","@id":"https:\/\/nanoclean24.com\/fr\/produit\/z31-cockpitpro\/#primaryimage","url":"https:\/\/nanoclean24.com\/wp-content\/uploads\/2025\/07\/z31.jpg","contentUrl":"https:\/\/nanoclean24.com\/wp-content\/uploads\/2025\/07\/z31.jpg","width":1200,"height":1200},{"@type":"BreadcrumbList","@id":"https:\/\/nanoclean24.com\/fr\/produit\/z31-cockpitpro\/#breadcrumb","itemListElement":[{"@type":"ListItem","position":1,"name":"Strona g\u0142\u00f3wna","item":"https:\/\/nanoclean24.com\/fr\/"},{"@type":"ListItem","position":2,"name":"Boutique","item":"https:\/\/nanoclean24.com\/shop\/"},{"@type":"ListItem","position":3,"name":"Z31 COCKPITPRO"}]},{"@type":"WebSite","@id":"https:\/\/nanoclean24.com\/fr\/#website","url":"https:\/\/nanoclean24.com\/fr\/","name":"NanoClean","description":"","publisher":{"@id":"https:\/\/nanoclean24.com\/fr\/#organization"},"potentialAction":[{"@type":"SearchAction","target":{"@type":"EntryPoint","urlTemplate":"https:\/\/nanoclean24.com\/fr\/?s={search_term_string}"},"query-input":{"@type":"PropertyValueSpecification","valueRequired":true,"valueName":"search_term_string"}}],"inLanguage":"fr-FR"},{"@type":"Organization","@id":"https:\/\/nanoclean24.com\/fr\/#organization","name":"NanoClean","url":"https:\/\/nanoclean24.com\/fr\/","logo":{"@type":"ImageObject","inLanguage":"fr-FR","@id":"https:\/\/nanoclean24.com\/fr\/#\/schema\/logo\/image\/","url":"https:\/\/nanoclean24.com\/wp-content\/uploads\/2025\/07\/logo-2.jpg","contentUrl":"https:\/\/nanoclean24.com\/wp-content\/uploads\/2025\/07\/logo-2.jpg","width":1068,"height":224,"caption":"NanoClean"},"image":{"@id":"https:\/\/nanoclean24.com\/fr\/#\/schema\/logo\/image\/"}}]}},"taxonomy_info":{"product_cat":[{"value":116,"label":"CAMPER"}]},"featured_image_src_large":["https:\/\/nanoclean24.com\/wp-content\/uploads\/2025\/07\/z31-1024x1024.jpg",1024,1024,true],"author_info":[],"comment_info":"","_links":{"self":[{"href":"https:\/\/nanoclean24.com\/fr\/wp-json\/wp\/v2\/product\/8207","targetHints":{"allow":["GET"]}}],"collection":[{"href":"https:\/\/nanoclean24.com\/fr\/wp-json\/wp\/v2\/product"}],"about":[{"href":"https:\/\/nanoclean24.com\/fr\/wp-json\/wp\/v2\/types\/product"}],"wp:featuredmedia":[{"embeddable":true,"href":"https:\/\/nanoclean24.com\/fr\/wp-json\/wp\/v2\/media\/2976"}],"wp:attachment":[{"href":"https:\/\/nanoclean24.com\/fr\/wp-json\/wp\/v2\/media?parent=8207"}],"wp:term":[{"taxonomy":"product_brand","embeddable":true,"href":"https:\/\/nanoclean24.com\/fr\/wp-json\/wp\/v2\/product_brand?post=8207"},{"taxonomy":"product_cat","embeddable":true,"href":"https:\/\/nanoclean24.com\/fr\/wp-json\/wp\/v2\/product_cat?post=8207"},{"taxonomy":"product_tag","embeddable":true,"href":"https:\/\/nanoclean24.com\/fr\/wp-json\/wp\/v2\/product_tag?post=8207"}],"curies":[{"name":"wp","href":"https:\/\/api.w.org\/{rel}","templated":true}]}}