{"id":8194,"date":"2025-09-26T10:19:39","date_gmt":"2025-09-26T08:19:39","guid":{"rendered":"https:\/\/nanoclean24.com\/produkt\/z30-interiorpure\/"},"modified":"2025-09-26T10:19:39","modified_gmt":"2025-09-26T08:19:39","slug":"z30-interiorpure","status":"publish","type":"product","link":"https:\/\/nanoclean24.com\/fr\/produit\/z30-interiorpure\/","title":{"rendered":"Z30 INTERIORPURE"},"content":{"rendered":"<p>Renouvelez et rafra\u00eechissez l&rsquo;int\u00e9rieur de votre camping-car avec Z30 INTERIORPURE, un nettoyant professionnel cr\u00e9\u00e9 pour les utilisateurs exigeants. Gr\u00e2ce \u00e0 sa formule unique \u00e0 base d&rsquo;agrumes et de menthe, ce produit unique \u00e9limine efficacement la salet\u00e9, la graisse, l&rsquo;huile, la poussi\u00e8re, la nicotine et d&rsquo;autres taches tenaces, laissant l&rsquo;int\u00e9rieur de votre v\u00e9hicule impeccablement propre et plein de fra\u00eecheur. <\/p>\n<h3><strong>Id\u00e9al pour<\/strong><\/h3>\n<p>Surfaces de tissus d&rsquo;ameublement et de mat\u00e9riaux synth\u00e9tiques.<br \/>\nNettoyage des portes, du cockpit, des tapis de sol et des plastiques.<br \/>\nA utiliser avec les extracteurs de linge pour un nettoyage encore plus pr\u00e9cis.<\/p>\n<h3><strong>\ud83d\udccb Mode d&#8217;emploi<\/strong><\/h3>\n<ol>\n<li>Appliquer le produit directement sur la surface ou sur un chiffon imbib\u00e9.<\/li>\n<li>Essuyez la surface souill\u00e9e, puis essuyez-la avec un chiffon sec.<\/li>\n<li>Pour les salissures plus importantes, pr\u00e9tremper la surface et l&rsquo;essuyer.<\/li>\n<li>Pour nettoyer les tissus d&rsquo;ameublement, appliquez la solution et frottez avec une brosse douce ou un chiffon humide. Vous pouvez \u00e9galement utiliser un aspirateur \u00e0 linge. <\/li>\n<\/ol>\n<p>Z30 INTERIORPURE est un must pour tout propri\u00e9taire de camping-car qui se soucie de l&rsquo;ordre et du confort sur la route. Profitez d&rsquo;un int\u00e9rieur de v\u00e9hicule propre et frais qui vous procurera non seulement un aspect esth\u00e9tique agr\u00e9able, mais aussi le plaisir de chaque voyage. <\/p>\n","protected":false},"excerpt":{"rendered":"<h3>Premium Camper Interior Cleaner<\/h3>\n<p><strong>\u2705 Efficacit\u00e9 :<\/strong> Il excelle dans l&rsquo;\u00e9limination des salissures tenaces sur les tissus d&rsquo;ameublement, les portes, les tapis de sol, l&rsquo;habitacle et les plastiques.<\/p>\n<p><strong> \u2705 Rafra\u00eechissement de l&rsquo;int\u00e9rieur :<\/strong> gr\u00e2ce \u00e0 sa formule agrumes-menthe, le produit ne se contente pas de nettoyer, il rafra\u00eechit et redonne un parfum agr\u00e9able et durable \u00e0 l&rsquo;int\u00e9rieur du camping-car.<\/p>\n<p>\u2705 <strong>Propri\u00e9t\u00e9s antistatiques :<\/strong> Gr\u00e2ce \u00e0 ses propri\u00e9t\u00e9s antistatiques sp\u00e9ciales, il emp\u00eache la poussi\u00e8re de s&rsquo;accumuler \u00e0 nouveau, garantissant une propret\u00e9 durable.<\/p>\n<p>\u2705 <strong>Facile \u00e0 utiliser :<\/strong> Spray &amp; Wipe &#8211; il suffit d&rsquo;appliquer le produit sur la surface, de l&rsquo;essuyer avec un chiffon doux ou une fibre, et l&rsquo;int\u00e9rieur du camping-car retrouve un aspect neuf sans trop d&rsquo;effort.<\/p>\n","protected":false},"featured_media":2990,"template":"","meta":{"_kad_blocks_custom_css":"","_kad_blocks_head_custom_js":"","_kad_blocks_body_custom_js":"","_kad_blocks_footer_custom_js":"","_kad_post_transparent":"","_kad_post_title":"","_kad_post_layout":"","_kad_post_sidebar_id":"","_kad_post_content_style":"","_kad_post_vertical_padding":"","_kad_post_feature":"","_kad_post_feature_position":"","_kad_post_header":false,"_kad_post_footer":false,"_kad_post_classname":""},"product_brand":[],"product_cat":[116],"product_tag":[],"class_list":{"0":"post-8194","1":"product","2":"type-product","3":"status-publish","4":"has-post-thumbnail","6":"product_cat-camper-fr","8":"first","9":"outofstock","10":"taxable","11":"shipping-taxable","12":"product-type-simple","13":"entry","14":"content-bg","15":"loop-entry"},"yoast_head":"<!-- This site is optimized with the Yoast SEO plugin v27.4 - https:\/\/yoast.com\/product\/yoast-seo-wordpress\/ -->\n<title>Z30 INTERIORPURE - NANOCLEAN<\/title>\n<meta name=\"robots\" content=\"index, follow, max-snippet:-1, max-image-preview:large, max-video-preview:-1\" \/>\n<link rel=\"canonical\" href=\"https:\/\/nanoclean24.com\/fr\/produit\/z30-interiorpure\/\" \/>\n<meta property=\"og:locale\" content=\"fr_FR\" \/>\n<meta property=\"og:type\" content=\"article\" \/>\n<meta property=\"og:title\" content=\"Z30 INTERIORPURE - NANOCLEAN\" \/>\n<meta property=\"og:description\" content=\"Premium Camper Interior Cleaner \u2705 Efficacit\u00e9 : Il excelle dans l&#039;\u00e9limination des salissures tenaces sur les tissus d&#039;ameublement, les portes, les tapis de sol, l&#039;habitacle et les plastiques.  \u2705 Rafra\u00eechissement de l&#039;int\u00e9rieur : gr\u00e2ce \u00e0 sa formule agrumes-menthe, le produit ne se contente pas de nettoyer, il rafra\u00eechit et redonne un parfum agr\u00e9able et durable \u00e0 l&#039;int\u00e9rieur du camping-car. \u2705 Propri\u00e9t\u00e9s antistatiques : Gr\u00e2ce \u00e0 ses propri\u00e9t\u00e9s antistatiques sp\u00e9ciales, il emp\u00eache la poussi\u00e8re de s&#039;accumuler \u00e0 nouveau, garantissant une propret\u00e9 durable. \u2705 Facile \u00e0 utiliser : Spray &amp; Wipe - il suffit d&#039;appliquer le produit sur la surface, de l&#039;essuyer avec un chiffon doux ou une fibre, et l&#039;int\u00e9rieur du camping-car retrouve un aspect neuf sans trop d&#039;effort.\" \/>\n<meta property=\"og:url\" content=\"https:\/\/nanoclean24.com\/fr\/produit\/z30-interiorpure\/\" \/>\n<meta property=\"og:site_name\" content=\"NANOCLEAN\" \/>\n<meta property=\"og:image\" content=\"https:\/\/nanoclean24.com\/wp-content\/uploads\/2025\/07\/z30-1.jpg\" \/>\n\t<meta property=\"og:image:width\" content=\"1200\" \/>\n\t<meta property=\"og:image:height\" content=\"1200\" \/>\n\t<meta property=\"og:image:type\" content=\"image\/jpeg\" \/>\n<meta name=\"twitter:card\" content=\"summary_large_image\" \/>\n<meta name=\"twitter:label1\" content=\"Dur\u00e9e de lecture estim\u00e9e\" \/>\n\t<meta name=\"twitter:data1\" content=\"1 minute\" \/>\n<script type=\"application\/ld+json\" class=\"yoast-schema-graph\">{\"@context\":\"https:\\\/\\\/schema.org\",\"@graph\":[{\"@type\":\"WebPage\",\"@id\":\"https:\\\/\\\/nanoclean24.com\\\/fr\\\/produit\\\/z30-interiorpure\\\/\",\"url\":\"https:\\\/\\\/nanoclean24.com\\\/fr\\\/produit\\\/z30-interiorpure\\\/\",\"name\":\"Z30 INTERIORPURE - NANOCLEAN\",\"isPartOf\":{\"@id\":\"https:\\\/\\\/nanoclean24.com\\\/fr\\\/#website\"},\"primaryImageOfPage\":{\"@id\":\"https:\\\/\\\/nanoclean24.com\\\/fr\\\/produit\\\/z30-interiorpure\\\/#primaryimage\"},\"image\":{\"@id\":\"https:\\\/\\\/nanoclean24.com\\\/fr\\\/produit\\\/z30-interiorpure\\\/#primaryimage\"},\"thumbnailUrl\":\"https:\\\/\\\/nanoclean24.com\\\/wp-content\\\/uploads\\\/2025\\\/07\\\/z30-1.jpg\",\"datePublished\":\"2025-09-26T08:19:39+00:00\",\"breadcrumb\":{\"@id\":\"https:\\\/\\\/nanoclean24.com\\\/fr\\\/produit\\\/z30-interiorpure\\\/#breadcrumb\"},\"inLanguage\":\"fr-FR\",\"potentialAction\":[{\"@type\":\"ReadAction\",\"target\":[\"https:\\\/\\\/nanoclean24.com\\\/fr\\\/produit\\\/z30-interiorpure\\\/\"]}]},{\"@type\":\"ImageObject\",\"inLanguage\":\"fr-FR\",\"@id\":\"https:\\\/\\\/nanoclean24.com\\\/fr\\\/produit\\\/z30-interiorpure\\\/#primaryimage\",\"url\":\"https:\\\/\\\/nanoclean24.com\\\/wp-content\\\/uploads\\\/2025\\\/07\\\/z30-1.jpg\",\"contentUrl\":\"https:\\\/\\\/nanoclean24.com\\\/wp-content\\\/uploads\\\/2025\\\/07\\\/z30-1.jpg\",\"width\":1200,\"height\":1200},{\"@type\":\"BreadcrumbList\",\"@id\":\"https:\\\/\\\/nanoclean24.com\\\/fr\\\/produit\\\/z30-interiorpure\\\/#breadcrumb\",\"itemListElement\":[{\"@type\":\"ListItem\",\"position\":1,\"name\":\"Strona g\u0142\u00f3wna\",\"item\":\"https:\\\/\\\/nanoclean24.com\\\/fr\\\/\"},{\"@type\":\"ListItem\",\"position\":2,\"name\":\"Boutique\",\"item\":\"https:\\\/\\\/nanoclean24.com\\\/shop\\\/\"},{\"@type\":\"ListItem\",\"position\":3,\"name\":\"Z30 INTERIORPURE\"}]},{\"@type\":\"WebSite\",\"@id\":\"https:\\\/\\\/nanoclean24.com\\\/fr\\\/#website\",\"url\":\"https:\\\/\\\/nanoclean24.com\\\/fr\\\/\",\"name\":\"NanoClean\",\"description\":\"\",\"publisher\":{\"@id\":\"https:\\\/\\\/nanoclean24.com\\\/fr\\\/#organization\"},\"potentialAction\":[{\"@type\":\"SearchAction\",\"target\":{\"@type\":\"EntryPoint\",\"urlTemplate\":\"https:\\\/\\\/nanoclean24.com\\\/fr\\\/?s={search_term_string}\"},\"query-input\":{\"@type\":\"PropertyValueSpecification\",\"valueRequired\":true,\"valueName\":\"search_term_string\"}}],\"inLanguage\":\"fr-FR\"},{\"@type\":\"Organization\",\"@id\":\"https:\\\/\\\/nanoclean24.com\\\/fr\\\/#organization\",\"name\":\"NanoClean\",\"url\":\"https:\\\/\\\/nanoclean24.com\\\/fr\\\/\",\"logo\":{\"@type\":\"ImageObject\",\"inLanguage\":\"fr-FR\",\"@id\":\"https:\\\/\\\/nanoclean24.com\\\/fr\\\/#\\\/schema\\\/logo\\\/image\\\/\",\"url\":\"https:\\\/\\\/nanoclean24.com\\\/wp-content\\\/uploads\\\/2025\\\/07\\\/logo-2.jpg\",\"contentUrl\":\"https:\\\/\\\/nanoclean24.com\\\/wp-content\\\/uploads\\\/2025\\\/07\\\/logo-2.jpg\",\"width\":1068,\"height\":224,\"caption\":\"NanoClean\"},\"image\":{\"@id\":\"https:\\\/\\\/nanoclean24.com\\\/fr\\\/#\\\/schema\\\/logo\\\/image\\\/\"}}]}<\/script>\n<!-- \/ Yoast SEO plugin. -->","yoast_head_json":{"title":"Z30 INTERIORPURE - NANOCLEAN","robots":{"index":"index","follow":"follow","max-snippet":"max-snippet:-1","max-image-preview":"max-image-preview:large","max-video-preview":"max-video-preview:-1"},"canonical":"https:\/\/nanoclean24.com\/fr\/produit\/z30-interiorpure\/","og_locale":"fr_FR","og_type":"article","og_title":"Z30 INTERIORPURE - NANOCLEAN","og_description":"Premium Camper Interior Cleaner \u2705 Efficacit\u00e9 : Il excelle dans l'\u00e9limination des salissures tenaces sur les tissus d'ameublement, les portes, les tapis de sol, l'habitacle et les plastiques.  \u2705 Rafra\u00eechissement de l'int\u00e9rieur : gr\u00e2ce \u00e0 sa formule agrumes-menthe, le produit ne se contente pas de nettoyer, il rafra\u00eechit et redonne un parfum agr\u00e9able et durable \u00e0 l'int\u00e9rieur du camping-car. \u2705 Propri\u00e9t\u00e9s antistatiques : Gr\u00e2ce \u00e0 ses propri\u00e9t\u00e9s antistatiques sp\u00e9ciales, il emp\u00eache la poussi\u00e8re de s'accumuler \u00e0 nouveau, garantissant une propret\u00e9 durable. \u2705 Facile \u00e0 utiliser : Spray &amp; Wipe - il suffit d'appliquer le produit sur la surface, de l'essuyer avec un chiffon doux ou une fibre, et l'int\u00e9rieur du camping-car retrouve un aspect neuf sans trop d'effort.","og_url":"https:\/\/nanoclean24.com\/fr\/produit\/z30-interiorpure\/","og_site_name":"NANOCLEAN","og_image":[{"width":1200,"height":1200,"url":"https:\/\/nanoclean24.com\/wp-content\/uploads\/2025\/07\/z30-1.jpg","type":"image\/jpeg"}],"twitter_card":"summary_large_image","twitter_misc":{"Dur\u00e9e de lecture estim\u00e9e":"1 minute"},"schema":{"@context":"https:\/\/schema.org","@graph":[{"@type":"WebPage","@id":"https:\/\/nanoclean24.com\/fr\/produit\/z30-interiorpure\/","url":"https:\/\/nanoclean24.com\/fr\/produit\/z30-interiorpure\/","name":"Z30 INTERIORPURE - NANOCLEAN","isPartOf":{"@id":"https:\/\/nanoclean24.com\/fr\/#website"},"primaryImageOfPage":{"@id":"https:\/\/nanoclean24.com\/fr\/produit\/z30-interiorpure\/#primaryimage"},"image":{"@id":"https:\/\/nanoclean24.com\/fr\/produit\/z30-interiorpure\/#primaryimage"},"thumbnailUrl":"https:\/\/nanoclean24.com\/wp-content\/uploads\/2025\/07\/z30-1.jpg","datePublished":"2025-09-26T08:19:39+00:00","breadcrumb":{"@id":"https:\/\/nanoclean24.com\/fr\/produit\/z30-interiorpure\/#breadcrumb"},"inLanguage":"fr-FR","potentialAction":[{"@type":"ReadAction","target":["https:\/\/nanoclean24.com\/fr\/produit\/z30-interiorpure\/"]}]},{"@type":"ImageObject","inLanguage":"fr-FR","@id":"https:\/\/nanoclean24.com\/fr\/produit\/z30-interiorpure\/#primaryimage","url":"https:\/\/nanoclean24.com\/wp-content\/uploads\/2025\/07\/z30-1.jpg","contentUrl":"https:\/\/nanoclean24.com\/wp-content\/uploads\/2025\/07\/z30-1.jpg","width":1200,"height":1200},{"@type":"BreadcrumbList","@id":"https:\/\/nanoclean24.com\/fr\/produit\/z30-interiorpure\/#breadcrumb","itemListElement":[{"@type":"ListItem","position":1,"name":"Strona g\u0142\u00f3wna","item":"https:\/\/nanoclean24.com\/fr\/"},{"@type":"ListItem","position":2,"name":"Boutique","item":"https:\/\/nanoclean24.com\/shop\/"},{"@type":"ListItem","position":3,"name":"Z30 INTERIORPURE"}]},{"@type":"WebSite","@id":"https:\/\/nanoclean24.com\/fr\/#website","url":"https:\/\/nanoclean24.com\/fr\/","name":"NanoClean","description":"","publisher":{"@id":"https:\/\/nanoclean24.com\/fr\/#organization"},"potentialAction":[{"@type":"SearchAction","target":{"@type":"EntryPoint","urlTemplate":"https:\/\/nanoclean24.com\/fr\/?s={search_term_string}"},"query-input":{"@type":"PropertyValueSpecification","valueRequired":true,"valueName":"search_term_string"}}],"inLanguage":"fr-FR"},{"@type":"Organization","@id":"https:\/\/nanoclean24.com\/fr\/#organization","name":"NanoClean","url":"https:\/\/nanoclean24.com\/fr\/","logo":{"@type":"ImageObject","inLanguage":"fr-FR","@id":"https:\/\/nanoclean24.com\/fr\/#\/schema\/logo\/image\/","url":"https:\/\/nanoclean24.com\/wp-content\/uploads\/2025\/07\/logo-2.jpg","contentUrl":"https:\/\/nanoclean24.com\/wp-content\/uploads\/2025\/07\/logo-2.jpg","width":1068,"height":224,"caption":"NanoClean"},"image":{"@id":"https:\/\/nanoclean24.com\/fr\/#\/schema\/logo\/image\/"}}]}},"taxonomy_info":{"product_cat":[{"value":116,"label":"CAMPER"}]},"featured_image_src_large":["https:\/\/nanoclean24.com\/wp-content\/uploads\/2025\/07\/z30-1-1024x1024.jpg",1024,1024,true],"author_info":[],"comment_info":"","_links":{"self":[{"href":"https:\/\/nanoclean24.com\/fr\/wp-json\/wp\/v2\/product\/8194","targetHints":{"allow":["GET"]}}],"collection":[{"href":"https:\/\/nanoclean24.com\/fr\/wp-json\/wp\/v2\/product"}],"about":[{"href":"https:\/\/nanoclean24.com\/fr\/wp-json\/wp\/v2\/types\/product"}],"wp:featuredmedia":[{"embeddable":true,"href":"https:\/\/nanoclean24.com\/fr\/wp-json\/wp\/v2\/media\/2990"}],"wp:attachment":[{"href":"https:\/\/nanoclean24.com\/fr\/wp-json\/wp\/v2\/media?parent=8194"}],"wp:term":[{"taxonomy":"product_brand","embeddable":true,"href":"https:\/\/nanoclean24.com\/fr\/wp-json\/wp\/v2\/product_brand?post=8194"},{"taxonomy":"product_cat","embeddable":true,"href":"https:\/\/nanoclean24.com\/fr\/wp-json\/wp\/v2\/product_cat?post=8194"},{"taxonomy":"product_tag","embeddable":true,"href":"https:\/\/nanoclean24.com\/fr\/wp-json\/wp\/v2\/product_tag?post=8194"}],"curies":[{"name":"wp","href":"https:\/\/api.w.org\/{rel}","templated":true}]}}