{"id":8185,"date":"2025-09-22T19:35:30","date_gmt":"2025-09-22T17:35:30","guid":{"rendered":"https:\/\/nanoclean24.com\/produkt\/nanoclean-air-spray-pro-pret-a-lemploi-500-ml-lavande\/"},"modified":"2025-11-08T14:55:47","modified_gmt":"2025-11-08T13:55:47","slug":"nanoclean-air-spray-pro-pret-a-lemploi-500-ml-lavande","status":"publish","type":"product","link":"https:\/\/nanoclean24.com\/fr\/produit\/nanoclean-air-spray-pro-pret-a-lemploi-500-ml-lavande\/","title":{"rendered":"NANOCLEAN\u00ae AIR Spray PRO pr\u00eat \u00e0 l&#8217;emploi 500 ml Lavande"},"content":{"rendered":"\n<h3 class=\"wp-block-heading\"><strong>Nouveau flacon pulv\u00e9risateur<\/strong><\/h3>\n\n<ul class=\"wp-block-list\">\n<li>Nouveau syst\u00e8me d&rsquo;aspiration &#8211; permet une pulv\u00e9risation \u00e0 360\u00b0 &#8211; fonctionne dans toutes les positions :<\/li>\n\n\n\n<li>R\u00e9glage fluide du jet de la buse &#8211; de la brume au jet<\/li>\n\n\n\n<li>Longue poign\u00e9e ergonomique permettant une utilisation \u00e0 trois doigts<\/li>\n\n\n\n<li>Pression de pulv\u00e9risation de la buse augment\u00e9e<\/li>\n\n\n\n<li>R\u00e9cipient transparent permettant d&rsquo;observer le niveau de liquide<\/li>\n\n\n\n<li>Dur\u00e9e de vie prolong\u00e9e<\/li>\n\n\n\n<li>R\u00e9sistant aux produits chimiques<\/li>\n<\/ul>\n\n<h3 class=\"wp-block-heading\"><strong>nettoyage, Rafra\u00eechissement de la climatisation<\/strong><\/h3>\n\n<ul class=\"wp-block-list\">\n<li>\u00c9limine efficacement toutes les impuret\u00e9s qui peuvent affecter la qualit\u00e9 de l&rsquo;air.<\/li>\n\n\n\n<li>\u00c9limine durablement les odeurs d\u00e9sagr\u00e9ables de moisissure et l&rsquo;odeur d\u00e9sagr\u00e9able d&rsquo;humidit\u00e9.<\/li>\n\n\n\n<li>Compatible avec les mat\u00e9riaux &#8211; le produit pr\u00eat \u00e0 l&#8217;emploi est sans danger pour la plupart des m\u00e9taux, surfaces peintes, caoutchoucs, plastiques, tissus.<\/li>\n\n\n\n<li>Apr\u00e8s \u00e9vaporation, laisse une surface s\u00e8che et propre, r\u00e9sistante \u00e0 l&rsquo;attraction de la poussi\u00e8re.<\/li>\n<\/ul>\n\n<h3 class=\"wp-block-heading\"><strong>D\u00e9sinfection et \u00e9limination des moisissures dans la climatisation<\/strong><\/h3>\n\n<ul class=\"wp-block-list\">\n<li>Le seul produit avec un SPECTRE BIOCIDE COMPLET (Virus, Bact\u00e9ries, Champignons, Mycobact\u00e9ries, Spores jusqu&rsquo;\u00e0 15 minutes)<\/li>\n\n\n\n<li>\u00c9limine <em>Legionella pneumophila<\/em> en 1 minute.<\/li>\n\n\n\n<li>Efficacit\u00e9 test\u00e9e selon les normes europ\u00e9ennes :<br\/>EN1040, EN13727, EN1276, EN13697, EN13623, EN1275, EN1650, EN14476, EN13704, EN14348.<\/li>\n\n\n\n<li>Autorisation de mise sur le march\u00e9 du produit biocide n\u00b0 7406\/18.<\/li>\n\n\n\n<li>Certificat PZH n\u00b0 B.BK.60112.0333.2023.<\/li>\n\n\n\n<li>Nouvelle norme de s\u00e9curit\u00e9 contre les infections et les contaminations transmises par l&rsquo;air.<\/li>\n<\/ul>\n\n<h3 class=\"wp-block-heading\"><strong>Gain de temps<\/strong><\/h3>\n\n<ul class=\"wp-block-list\">\n<li>Nettoie, rafra\u00eechit, d\u00e9sinfecte, d\u00e9contamine, prot\u00e8ge.<\/li>\n<\/ul>\n\n<h3 class=\"wp-block-heading\"><strong>Satisfaction du client<\/strong><\/h3>\n\n<ul class=\"wp-block-list\">\n<li>Parfum agr\u00e9able et durable.<\/li>\n\n\n\n<li>Pas de risque d&rsquo;incendie lors du stockage &#8211; produit ininflammable \u00e0 base d&rsquo;eau.<\/li>\n\n\n\n<li>Ne contient pas d&rsquo;acides, de ph\u00e9nols (dangereux pour les femmes enceintes, les animaux) ni de solvants organiques.<\/li>\n\n\n\n<li>Satisfaction totale du client &#8211; pas de r\u00e9clamations.<\/li>\n<\/ul>\n","protected":false},"excerpt":{"rendered":"<p>Nouveau flacon pulv\u00e9risateur nettoyage, Rafra\u00eechissement de la climatisation D\u00e9sinfection et \u00e9limination des moisissures dans la climatisation Gain de temps Satisfaction du client<\/p>\n","protected":false},"featured_media":14453,"template":"","meta":{"_kad_blocks_custom_css":"","_kad_blocks_head_custom_js":"","_kad_blocks_body_custom_js":"","_kad_blocks_footer_custom_js":"","_kad_post_transparent":"","_kad_post_title":"","_kad_post_layout":"","_kad_post_sidebar_id":"","_kad_post_content_style":"","_kad_post_vertical_padding":"","_kad_post_feature":"","_kad_post_feature_position":"","_kad_post_header":false,"_kad_post_footer":false,"_kad_post_classname":""},"product_brand":[],"product_cat":[123],"product_tag":[],"class_list":{"0":"post-8185","1":"product","2":"type-product","3":"status-publish","4":"has-post-thumbnail","6":"product_cat-hvac-fr","8":"first","9":"instock","10":"taxable","11":"shipping-taxable","12":"purchasable","13":"product-type-simple","14":"entry","15":"content-bg","16":"loop-entry"},"yoast_head":"<!-- This site is optimized with the Yoast SEO plugin v27.4 - https:\/\/yoast.com\/product\/yoast-seo-wordpress\/ -->\n<title>NANOCLEAN\u00ae AIR Spray PRO pr\u00eat \u00e0 l&#039;emploi 500 ml Lavande - NANOCLEAN<\/title>\n<meta name=\"robots\" content=\"index, follow, max-snippet:-1, max-image-preview:large, max-video-preview:-1\" \/>\n<link rel=\"canonical\" href=\"https:\/\/nanoclean24.com\/fr\/produit\/nanoclean-air-spray-pro-pret-a-lemploi-500-ml-lavande\/\" \/>\n<meta property=\"og:locale\" content=\"fr_FR\" \/>\n<meta property=\"og:type\" content=\"article\" \/>\n<meta property=\"og:title\" content=\"NANOCLEAN\u00ae AIR Spray PRO pr\u00eat \u00e0 l&#039;emploi 500 ml Lavande - NANOCLEAN\" \/>\n<meta property=\"og:description\" content=\"Nouveau flacon pulv\u00e9risateur nettoyage, Rafra\u00eechissement de la climatisation D\u00e9sinfection et \u00e9limination des moisissures dans la climatisation Gain de temps Satisfaction du client\" \/>\n<meta property=\"og:url\" content=\"https:\/\/nanoclean24.com\/fr\/produit\/nanoclean-air-spray-pro-pret-a-lemploi-500-ml-lavande\/\" \/>\n<meta property=\"og:site_name\" content=\"NANOCLEAN\" \/>\n<meta property=\"article:modified_time\" content=\"2025-11-08T13:55:47+00:00\" \/>\n<meta property=\"og:image\" content=\"https:\/\/nanoclean24.com\/wp-content\/uploads\/2026\/03\/1bd9129eb0f8ba23464dea836e30f93a.png\" \/>\n\t<meta property=\"og:image:width\" content=\"1664\" \/>\n\t<meta property=\"og:image:height\" content=\"1592\" \/>\n\t<meta property=\"og:image:type\" content=\"image\/png\" \/>\n<meta name=\"twitter:card\" content=\"summary_large_image\" \/>\n<meta name=\"twitter:label1\" content=\"Dur\u00e9e de lecture estim\u00e9e\" \/>\n\t<meta name=\"twitter:data1\" content=\"1 minute\" \/>\n<script type=\"application\/ld+json\" class=\"yoast-schema-graph\">{\"@context\":\"https:\\\/\\\/schema.org\",\"@graph\":[{\"@type\":\"WebPage\",\"@id\":\"https:\\\/\\\/nanoclean24.com\\\/fr\\\/produit\\\/nanoclean-air-spray-pro-pret-a-lemploi-500-ml-lavande\\\/\",\"url\":\"https:\\\/\\\/nanoclean24.com\\\/fr\\\/produit\\\/nanoclean-air-spray-pro-pret-a-lemploi-500-ml-lavande\\\/\",\"name\":\"NANOCLEAN\u00ae AIR Spray PRO pr\u00eat \u00e0 l'emploi 500 ml Lavande - NANOCLEAN\",\"isPartOf\":{\"@id\":\"https:\\\/\\\/nanoclean24.com\\\/fr\\\/#website\"},\"primaryImageOfPage\":{\"@id\":\"https:\\\/\\\/nanoclean24.com\\\/fr\\\/produit\\\/nanoclean-air-spray-pro-pret-a-lemploi-500-ml-lavande\\\/#primaryimage\"},\"image\":{\"@id\":\"https:\\\/\\\/nanoclean24.com\\\/fr\\\/produit\\\/nanoclean-air-spray-pro-pret-a-lemploi-500-ml-lavande\\\/#primaryimage\"},\"thumbnailUrl\":\"https:\\\/\\\/nanoclean24.com\\\/wp-content\\\/uploads\\\/2025\\\/09\\\/AC-79G500-Gotowy-do-uzycia-4.png\",\"datePublished\":\"2025-09-22T17:35:30+00:00\",\"dateModified\":\"2025-11-08T13:55:47+00:00\",\"breadcrumb\":{\"@id\":\"https:\\\/\\\/nanoclean24.com\\\/fr\\\/produit\\\/nanoclean-air-spray-pro-pret-a-lemploi-500-ml-lavande\\\/#breadcrumb\"},\"inLanguage\":\"fr-FR\",\"potentialAction\":[{\"@type\":\"ReadAction\",\"target\":[\"https:\\\/\\\/nanoclean24.com\\\/fr\\\/produit\\\/nanoclean-air-spray-pro-pret-a-lemploi-500-ml-lavande\\\/\"]}]},{\"@type\":\"ImageObject\",\"inLanguage\":\"fr-FR\",\"@id\":\"https:\\\/\\\/nanoclean24.com\\\/fr\\\/produit\\\/nanoclean-air-spray-pro-pret-a-lemploi-500-ml-lavande\\\/#primaryimage\",\"url\":\"https:\\\/\\\/nanoclean24.com\\\/wp-content\\\/uploads\\\/2025\\\/09\\\/AC-79G500-Gotowy-do-uzycia-4.png\",\"contentUrl\":\"https:\\\/\\\/nanoclean24.com\\\/wp-content\\\/uploads\\\/2025\\\/09\\\/AC-79G500-Gotowy-do-uzycia-4.png\",\"width\":1937,\"height\":1937},{\"@type\":\"BreadcrumbList\",\"@id\":\"https:\\\/\\\/nanoclean24.com\\\/fr\\\/produit\\\/nanoclean-air-spray-pro-pret-a-lemploi-500-ml-lavande\\\/#breadcrumb\",\"itemListElement\":[{\"@type\":\"ListItem\",\"position\":1,\"name\":\"Strona g\u0142\u00f3wna\",\"item\":\"https:\\\/\\\/nanoclean24.com\\\/fr\\\/\"},{\"@type\":\"ListItem\",\"position\":2,\"name\":\"Boutique\",\"item\":\"https:\\\/\\\/nanoclean24.com\\\/shop\\\/\"},{\"@type\":\"ListItem\",\"position\":3,\"name\":\"NANOCLEAN\u00ae AIR Spray PRO pr\u00eat \u00e0 l&#8217;emploi 500 ml Lavande\"}]},{\"@type\":\"WebSite\",\"@id\":\"https:\\\/\\\/nanoclean24.com\\\/fr\\\/#website\",\"url\":\"https:\\\/\\\/nanoclean24.com\\\/fr\\\/\",\"name\":\"NanoClean\",\"description\":\"\",\"publisher\":{\"@id\":\"https:\\\/\\\/nanoclean24.com\\\/fr\\\/#organization\"},\"potentialAction\":[{\"@type\":\"SearchAction\",\"target\":{\"@type\":\"EntryPoint\",\"urlTemplate\":\"https:\\\/\\\/nanoclean24.com\\\/fr\\\/?s={search_term_string}\"},\"query-input\":{\"@type\":\"PropertyValueSpecification\",\"valueRequired\":true,\"valueName\":\"search_term_string\"}}],\"inLanguage\":\"fr-FR\"},{\"@type\":\"Organization\",\"@id\":\"https:\\\/\\\/nanoclean24.com\\\/fr\\\/#organization\",\"name\":\"NanoClean\",\"url\":\"https:\\\/\\\/nanoclean24.com\\\/fr\\\/\",\"logo\":{\"@type\":\"ImageObject\",\"inLanguage\":\"fr-FR\",\"@id\":\"https:\\\/\\\/nanoclean24.com\\\/fr\\\/#\\\/schema\\\/logo\\\/image\\\/\",\"url\":\"https:\\\/\\\/nanoclean24.com\\\/wp-content\\\/uploads\\\/2025\\\/07\\\/logo-2.jpg\",\"contentUrl\":\"https:\\\/\\\/nanoclean24.com\\\/wp-content\\\/uploads\\\/2025\\\/07\\\/logo-2.jpg\",\"width\":1068,\"height\":224,\"caption\":\"NanoClean\"},\"image\":{\"@id\":\"https:\\\/\\\/nanoclean24.com\\\/fr\\\/#\\\/schema\\\/logo\\\/image\\\/\"}}]}<\/script>\n<!-- \/ Yoast SEO plugin. -->","yoast_head_json":{"title":"NANOCLEAN\u00ae AIR Spray PRO pr\u00eat \u00e0 l'emploi 500 ml Lavande - NANOCLEAN","robots":{"index":"index","follow":"follow","max-snippet":"max-snippet:-1","max-image-preview":"max-image-preview:large","max-video-preview":"max-video-preview:-1"},"canonical":"https:\/\/nanoclean24.com\/fr\/produit\/nanoclean-air-spray-pro-pret-a-lemploi-500-ml-lavande\/","og_locale":"fr_FR","og_type":"article","og_title":"NANOCLEAN\u00ae AIR Spray PRO pr\u00eat \u00e0 l'emploi 500 ml Lavande - NANOCLEAN","og_description":"Nouveau flacon pulv\u00e9risateur nettoyage, Rafra\u00eechissement de la climatisation D\u00e9sinfection et \u00e9limination des moisissures dans la climatisation Gain de temps Satisfaction du client","og_url":"https:\/\/nanoclean24.com\/fr\/produit\/nanoclean-air-spray-pro-pret-a-lemploi-500-ml-lavande\/","og_site_name":"NANOCLEAN","article_modified_time":"2025-11-08T13:55:47+00:00","og_image":[{"width":1664,"height":1592,"url":"https:\/\/nanoclean24.com\/wp-content\/uploads\/2026\/03\/1bd9129eb0f8ba23464dea836e30f93a.png","type":"image\/png"}],"twitter_card":"summary_large_image","twitter_misc":{"Dur\u00e9e de lecture estim\u00e9e":"1 minute"},"schema":{"@context":"https:\/\/schema.org","@graph":[{"@type":"WebPage","@id":"https:\/\/nanoclean24.com\/fr\/produit\/nanoclean-air-spray-pro-pret-a-lemploi-500-ml-lavande\/","url":"https:\/\/nanoclean24.com\/fr\/produit\/nanoclean-air-spray-pro-pret-a-lemploi-500-ml-lavande\/","name":"NANOCLEAN\u00ae AIR Spray PRO pr\u00eat \u00e0 l'emploi 500 ml Lavande - NANOCLEAN","isPartOf":{"@id":"https:\/\/nanoclean24.com\/fr\/#website"},"primaryImageOfPage":{"@id":"https:\/\/nanoclean24.com\/fr\/produit\/nanoclean-air-spray-pro-pret-a-lemploi-500-ml-lavande\/#primaryimage"},"image":{"@id":"https:\/\/nanoclean24.com\/fr\/produit\/nanoclean-air-spray-pro-pret-a-lemploi-500-ml-lavande\/#primaryimage"},"thumbnailUrl":"https:\/\/nanoclean24.com\/wp-content\/uploads\/2025\/09\/AC-79G500-Gotowy-do-uzycia-4.png","datePublished":"2025-09-22T17:35:30+00:00","dateModified":"2025-11-08T13:55:47+00:00","breadcrumb":{"@id":"https:\/\/nanoclean24.com\/fr\/produit\/nanoclean-air-spray-pro-pret-a-lemploi-500-ml-lavande\/#breadcrumb"},"inLanguage":"fr-FR","potentialAction":[{"@type":"ReadAction","target":["https:\/\/nanoclean24.com\/fr\/produit\/nanoclean-air-spray-pro-pret-a-lemploi-500-ml-lavande\/"]}]},{"@type":"ImageObject","inLanguage":"fr-FR","@id":"https:\/\/nanoclean24.com\/fr\/produit\/nanoclean-air-spray-pro-pret-a-lemploi-500-ml-lavande\/#primaryimage","url":"https:\/\/nanoclean24.com\/wp-content\/uploads\/2025\/09\/AC-79G500-Gotowy-do-uzycia-4.png","contentUrl":"https:\/\/nanoclean24.com\/wp-content\/uploads\/2025\/09\/AC-79G500-Gotowy-do-uzycia-4.png","width":1937,"height":1937},{"@type":"BreadcrumbList","@id":"https:\/\/nanoclean24.com\/fr\/produit\/nanoclean-air-spray-pro-pret-a-lemploi-500-ml-lavande\/#breadcrumb","itemListElement":[{"@type":"ListItem","position":1,"name":"Strona g\u0142\u00f3wna","item":"https:\/\/nanoclean24.com\/fr\/"},{"@type":"ListItem","position":2,"name":"Boutique","item":"https:\/\/nanoclean24.com\/shop\/"},{"@type":"ListItem","position":3,"name":"NANOCLEAN\u00ae AIR Spray PRO pr\u00eat \u00e0 l&#8217;emploi 500 ml Lavande"}]},{"@type":"WebSite","@id":"https:\/\/nanoclean24.com\/fr\/#website","url":"https:\/\/nanoclean24.com\/fr\/","name":"NanoClean","description":"","publisher":{"@id":"https:\/\/nanoclean24.com\/fr\/#organization"},"potentialAction":[{"@type":"SearchAction","target":{"@type":"EntryPoint","urlTemplate":"https:\/\/nanoclean24.com\/fr\/?s={search_term_string}"},"query-input":{"@type":"PropertyValueSpecification","valueRequired":true,"valueName":"search_term_string"}}],"inLanguage":"fr-FR"},{"@type":"Organization","@id":"https:\/\/nanoclean24.com\/fr\/#organization","name":"NanoClean","url":"https:\/\/nanoclean24.com\/fr\/","logo":{"@type":"ImageObject","inLanguage":"fr-FR","@id":"https:\/\/nanoclean24.com\/fr\/#\/schema\/logo\/image\/","url":"https:\/\/nanoclean24.com\/wp-content\/uploads\/2025\/07\/logo-2.jpg","contentUrl":"https:\/\/nanoclean24.com\/wp-content\/uploads\/2025\/07\/logo-2.jpg","width":1068,"height":224,"caption":"NanoClean"},"image":{"@id":"https:\/\/nanoclean24.com\/fr\/#\/schema\/logo\/image\/"}}]}},"taxonomy_info":{"product_cat":[{"value":123,"label":"HVAC PRO"}]},"featured_image_src_large":["https:\/\/nanoclean24.com\/wp-content\/uploads\/2025\/09\/AC-79G500-Gotowy-do-uzycia-4-1024x1024.png",1024,1024,true],"author_info":[],"comment_info":"","_links":{"self":[{"href":"https:\/\/nanoclean24.com\/fr\/wp-json\/wp\/v2\/product\/8185","targetHints":{"allow":["GET"]}}],"collection":[{"href":"https:\/\/nanoclean24.com\/fr\/wp-json\/wp\/v2\/product"}],"about":[{"href":"https:\/\/nanoclean24.com\/fr\/wp-json\/wp\/v2\/types\/product"}],"wp:featuredmedia":[{"embeddable":true,"href":"https:\/\/nanoclean24.com\/fr\/wp-json\/wp\/v2\/media\/14453"}],"wp:attachment":[{"href":"https:\/\/nanoclean24.com\/fr\/wp-json\/wp\/v2\/media?parent=8185"}],"wp:term":[{"taxonomy":"product_brand","embeddable":true,"href":"https:\/\/nanoclean24.com\/fr\/wp-json\/wp\/v2\/product_brand?post=8185"},{"taxonomy":"product_cat","embeddable":true,"href":"https:\/\/nanoclean24.com\/fr\/wp-json\/wp\/v2\/product_cat?post=8185"},{"taxonomy":"product_tag","embeddable":true,"href":"https:\/\/nanoclean24.com\/fr\/wp-json\/wp\/v2\/product_tag?post=8185"}],"curies":[{"name":"wp","href":"https:\/\/api.w.org\/{rel}","templated":true}]}}