{"id":8166,"date":"2025-09-30T19:59:09","date_gmt":"2025-09-30T17:59:09","guid":{"rendered":"https:\/\/nanoclean24.com\/produkt\/nanoclean-air-20l-inodore\/"},"modified":"2025-10-22T13:13:10","modified_gmt":"2025-10-22T11:13:10","slug":"nanoclean-air-20l-inodore","status":"publish","type":"product","link":"https:\/\/nanoclean24.com\/fr\/produit\/nanoclean-air-20l-inodore\/","title":{"rendered":"NANOCLEAN\u00ae AIR 20l Inodore"},"content":{"rendered":"\n<p>Le seul produit sur le march\u00e9 pour le nettoyage, le rafra\u00eechissement, la d\u00e9senfumage et la d\u00e9sinfection des \u00e9vaporateurs et des condenseurs des climatiseurs et autres \u00e9quipements de climatisation<br\/>et de r\u00e9frig\u00e9ration HVAC avec un SPECTRE DE BIOBODIFICATION COMPLET en 15 minutes maximum.<br\/>Elimine efficacement tous les contaminants qui peuvent affecter la qualit\u00e9 de l&rsquo;air lui-m\u00eame. Laisse un parfum rafra\u00eechissant.<\/p>\n\n<p><strong>NETTOYAGE, RAFRA\u00ceCHISSEMENT DE LA CLIMATISATION<\/strong><\/p>\n\n<ul class=\"wp-block-list\">\n<li>\u00c9limine efficacement toutes les impuret\u00e9s qui peuvent affecter la qualit\u00e9 de l&rsquo;air.<\/li>\n\n\n\n<li>\u00c9limine durablement les odeurs d\u00e9sagr\u00e9ables de moisissure et l&rsquo;odeur d\u00e9sagr\u00e9able d&rsquo;humidit\u00e9.<\/li>\n\n\n\n<li>Compatible avec les mat\u00e9riaux &#8211; le produit pr\u00eat \u00e0 l&#8217;emploi est sans danger pour la plupart des m\u00e9taux, surfaces peintes, caoutchoucs, plastiques, tissus.<\/li>\n\n\n\n<li>Apr\u00e8s \u00e9vaporation, laisse une surface s\u00e8che et propre, r\u00e9sistante \u00e0 l&rsquo;attraction de la poussi\u00e8re.<\/li>\n<\/ul>\n\n<p><strong>NETTOYAGE ET D\u00c9SINFECTION DE LA CLIMATISATION <\/strong><\/p>\n\n<ul class=\"wp-block-list\">\n<li>Le seul produit avec un SPECTRE BIOCIDE COMPLET (Virus, Bact\u00e9ries, Champignons, Mycobact\u00e9ries, Spores jusqu&rsquo;\u00e0 15 minutes).<\/li>\n\n\n\n<li>\u00c9limine <em>Legionella pneumophila<\/em> en 1 minute.<\/li>\n\n\n\n<li>Efficacit\u00e9 test\u00e9e selon les normes europ\u00e9ennes :<br\/>EN1040, EN13727, EN1276, EN13697, EN13623, EN1275, EN1650, EN14476, EN13704, EN14348.<\/li>\n\n\n\n<li>Autorisation de mise sur le march\u00e9 du produit biocide n\u00b0 7406\/18.<\/li>\n\n\n\n<li>Certificat PZH n\u00b0 B.BK.60112.0333.2023.<\/li>\n\n\n\n<li>Nouvelle norme de s\u00e9curit\u00e9 contre les infections et les contaminations transmises par l&rsquo;air.<\/li>\n<\/ul>\n\n<p><strong>GAIN DE TEMPS<\/strong><\/p>\n\n<ul class=\"wp-block-list\">\n<li>Nettoie, rafra\u00eechit, d\u00e9sinfecte, d\u00e9contamine, prot\u00e8ge.<\/li>\n<\/ul>\n\n<p><strong>SATISFACTION DU CLIENT<\/strong><\/p>\n\n<ul class=\"wp-block-list\">\n<li>Parfum agr\u00e9able et durable.<\/li>\n\n\n\n<li>Pas de risque d&rsquo;incendie lors du stockage &#8211; produit ininflammable \u00e0 base d&rsquo;eau.<\/li>\n\n\n\n<li>Ne contient pas d&rsquo;acides, de ph\u00e9nols (dangereux pour les femmes enceintes, les animaux) ni de solvants organiques.<\/li>\n\n\n\n<li>Satisfaction totale du client &#8211; pas de r\u00e9clamations.<\/li>\n<\/ul>\n\n<p>Les produits biocides doivent \u00eatre utilis\u00e9s avec pr\u00e9caution. Lisez l&rsquo;\u00e9tiquette et les informations sur le produit avant chaque utilisation. <\/p>\n","protected":false},"excerpt":{"rendered":"<p>Le seul produit sur le march\u00e9 pour le nettoyage, le rafra\u00eechissement, la d\u00e9senfumage et la d\u00e9sinfection des \u00e9vaporateurs et des condenseurs des climatiseurs et autres \u00e9quipements de climatisationet de r\u00e9frig\u00e9ration HVAC avec un SPECTRE DE BIOBODIFICATION COMPLET en 15 minutes maximum.Elimine efficacement tous les contaminants qui peuvent affecter la qualit\u00e9 de l&rsquo;air lui-m\u00eame. Laisse un&#8230;<\/p>\n","protected":false},"featured_media":0,"template":"","meta":{"_kad_blocks_custom_css":"","_kad_blocks_head_custom_js":"","_kad_blocks_body_custom_js":"","_kad_blocks_footer_custom_js":"","_kad_post_transparent":"","_kad_post_title":"","_kad_post_layout":"","_kad_post_sidebar_id":"","_kad_post_content_style":"","_kad_post_vertical_padding":"","_kad_post_feature":"","_kad_post_feature_position":"","_kad_post_header":false,"_kad_post_footer":false,"_kad_post_classname":""},"product_brand":[],"product_cat":[84],"product_tag":[],"class_list":{"0":"post-8166","1":"product","2":"type-product","3":"status-publish","5":"product_cat-ac8-home","7":"first","8":"outofstock","9":"taxable","10":"shipping-taxable","11":"purchasable","12":"product-type-simple","13":"entry","14":"content-bg","15":"loop-entry"},"yoast_head":"<!-- This site is optimized with the Yoast SEO plugin v27.4 - https:\/\/yoast.com\/product\/yoast-seo-wordpress\/ -->\n<title>NANOCLEAN\u00ae AIR 20l Inodore - NANOCLEAN<\/title>\n<meta name=\"robots\" content=\"index, follow, max-snippet:-1, max-image-preview:large, max-video-preview:-1\" \/>\n<link rel=\"canonical\" href=\"https:\/\/nanoclean24.com\/fr\/produit\/nanoclean-air-20l-inodore\/\" \/>\n<meta property=\"og:locale\" content=\"fr_FR\" \/>\n<meta property=\"og:type\" content=\"article\" \/>\n<meta property=\"og:title\" content=\"NANOCLEAN\u00ae AIR 20l Inodore - NANOCLEAN\" \/>\n<meta property=\"og:description\" content=\"Le seul produit sur le march\u00e9 pour le nettoyage, le rafra\u00eechissement, la d\u00e9senfumage et la d\u00e9sinfection des \u00e9vaporateurs et des condenseurs des climatiseurs et autres \u00e9quipements de climatisationet de r\u00e9frig\u00e9ration HVAC avec un SPECTRE DE BIOBODIFICATION COMPLET en 15 minutes maximum.Elimine efficacement tous les contaminants qui peuvent affecter la qualit\u00e9 de l&rsquo;air lui-m\u00eame. Laisse un...\" \/>\n<meta property=\"og:url\" content=\"https:\/\/nanoclean24.com\/fr\/produit\/nanoclean-air-20l-inodore\/\" \/>\n<meta property=\"og:site_name\" content=\"NANOCLEAN\" \/>\n<meta property=\"article:modified_time\" content=\"2025-10-22T11:13:10+00:00\" \/>\n<meta property=\"og:image\" content=\"https:\/\/nanoclean24.com\/wp-content\/uploads\/2025\/09\/nanoclean-air-5L.png\" \/>\n\t<meta property=\"og:image:width\" content=\"1010\" \/>\n\t<meta property=\"og:image:height\" content=\"1010\" \/>\n\t<meta property=\"og:image:type\" content=\"image\/png\" \/>\n<meta name=\"twitter:card\" content=\"summary_large_image\" \/>\n<meta name=\"twitter:label1\" content=\"Dur\u00e9e de lecture estim\u00e9e\" \/>\n\t<meta name=\"twitter:data1\" content=\"1 minute\" \/>\n<script type=\"application\/ld+json\" class=\"yoast-schema-graph\">{\"@context\":\"https:\\\/\\\/schema.org\",\"@graph\":[{\"@type\":\"WebPage\",\"@id\":\"https:\\\/\\\/nanoclean24.com\\\/fr\\\/produit\\\/nanoclean-air-20l-inodore\\\/\",\"url\":\"https:\\\/\\\/nanoclean24.com\\\/fr\\\/produit\\\/nanoclean-air-20l-inodore\\\/\",\"name\":\"NANOCLEAN\u00ae AIR 20l Inodore - NANOCLEAN\",\"isPartOf\":{\"@id\":\"https:\\\/\\\/nanoclean24.com\\\/fr\\\/#website\"},\"datePublished\":\"2025-09-30T17:59:09+00:00\",\"dateModified\":\"2025-10-22T11:13:10+00:00\",\"breadcrumb\":{\"@id\":\"https:\\\/\\\/nanoclean24.com\\\/fr\\\/produit\\\/nanoclean-air-20l-inodore\\\/#breadcrumb\"},\"inLanguage\":\"fr-FR\",\"potentialAction\":[{\"@type\":\"ReadAction\",\"target\":[\"https:\\\/\\\/nanoclean24.com\\\/fr\\\/produit\\\/nanoclean-air-20l-inodore\\\/\"]}]},{\"@type\":\"BreadcrumbList\",\"@id\":\"https:\\\/\\\/nanoclean24.com\\\/fr\\\/produit\\\/nanoclean-air-20l-inodore\\\/#breadcrumb\",\"itemListElement\":[{\"@type\":\"ListItem\",\"position\":1,\"name\":\"Strona g\u0142\u00f3wna\",\"item\":\"https:\\\/\\\/nanoclean24.com\\\/fr\\\/\"},{\"@type\":\"ListItem\",\"position\":2,\"name\":\"Boutique\",\"item\":\"https:\\\/\\\/nanoclean24.com\\\/shop\\\/\"},{\"@type\":\"ListItem\",\"position\":3,\"name\":\"NANOCLEAN\u00ae AIR 20l Inodore\"}]},{\"@type\":\"WebSite\",\"@id\":\"https:\\\/\\\/nanoclean24.com\\\/fr\\\/#website\",\"url\":\"https:\\\/\\\/nanoclean24.com\\\/fr\\\/\",\"name\":\"NanoClean\",\"description\":\"\",\"publisher\":{\"@id\":\"https:\\\/\\\/nanoclean24.com\\\/fr\\\/#organization\"},\"potentialAction\":[{\"@type\":\"SearchAction\",\"target\":{\"@type\":\"EntryPoint\",\"urlTemplate\":\"https:\\\/\\\/nanoclean24.com\\\/fr\\\/?s={search_term_string}\"},\"query-input\":{\"@type\":\"PropertyValueSpecification\",\"valueRequired\":true,\"valueName\":\"search_term_string\"}}],\"inLanguage\":\"fr-FR\"},{\"@type\":\"Organization\",\"@id\":\"https:\\\/\\\/nanoclean24.com\\\/fr\\\/#organization\",\"name\":\"NanoClean\",\"url\":\"https:\\\/\\\/nanoclean24.com\\\/fr\\\/\",\"logo\":{\"@type\":\"ImageObject\",\"inLanguage\":\"fr-FR\",\"@id\":\"https:\\\/\\\/nanoclean24.com\\\/fr\\\/#\\\/schema\\\/logo\\\/image\\\/\",\"url\":\"https:\\\/\\\/nanoclean24.com\\\/wp-content\\\/uploads\\\/2025\\\/07\\\/logo-2.jpg\",\"contentUrl\":\"https:\\\/\\\/nanoclean24.com\\\/wp-content\\\/uploads\\\/2025\\\/07\\\/logo-2.jpg\",\"width\":1068,\"height\":224,\"caption\":\"NanoClean\"},\"image\":{\"@id\":\"https:\\\/\\\/nanoclean24.com\\\/fr\\\/#\\\/schema\\\/logo\\\/image\\\/\"}}]}<\/script>\n<!-- \/ Yoast SEO plugin. -->","yoast_head_json":{"title":"NANOCLEAN\u00ae AIR 20l Inodore - NANOCLEAN","robots":{"index":"index","follow":"follow","max-snippet":"max-snippet:-1","max-image-preview":"max-image-preview:large","max-video-preview":"max-video-preview:-1"},"canonical":"https:\/\/nanoclean24.com\/fr\/produit\/nanoclean-air-20l-inodore\/","og_locale":"fr_FR","og_type":"article","og_title":"NANOCLEAN\u00ae AIR 20l Inodore - NANOCLEAN","og_description":"Le seul produit sur le march\u00e9 pour le nettoyage, le rafra\u00eechissement, la d\u00e9senfumage et la d\u00e9sinfection des \u00e9vaporateurs et des condenseurs des climatiseurs et autres \u00e9quipements de climatisationet de r\u00e9frig\u00e9ration HVAC avec un SPECTRE DE BIOBODIFICATION COMPLET en 15 minutes maximum.Elimine efficacement tous les contaminants qui peuvent affecter la qualit\u00e9 de l&rsquo;air lui-m\u00eame. Laisse un...","og_url":"https:\/\/nanoclean24.com\/fr\/produit\/nanoclean-air-20l-inodore\/","og_site_name":"NANOCLEAN","article_modified_time":"2025-10-22T11:13:10+00:00","og_image":[{"width":1010,"height":1010,"url":"https:\/\/nanoclean24.com\/wp-content\/uploads\/2025\/09\/nanoclean-air-5L.png","type":"image\/png"}],"twitter_card":"summary_large_image","twitter_misc":{"Dur\u00e9e de lecture estim\u00e9e":"1 minute"},"schema":{"@context":"https:\/\/schema.org","@graph":[{"@type":"WebPage","@id":"https:\/\/nanoclean24.com\/fr\/produit\/nanoclean-air-20l-inodore\/","url":"https:\/\/nanoclean24.com\/fr\/produit\/nanoclean-air-20l-inodore\/","name":"NANOCLEAN\u00ae AIR 20l Inodore - NANOCLEAN","isPartOf":{"@id":"https:\/\/nanoclean24.com\/fr\/#website"},"datePublished":"2025-09-30T17:59:09+00:00","dateModified":"2025-10-22T11:13:10+00:00","breadcrumb":{"@id":"https:\/\/nanoclean24.com\/fr\/produit\/nanoclean-air-20l-inodore\/#breadcrumb"},"inLanguage":"fr-FR","potentialAction":[{"@type":"ReadAction","target":["https:\/\/nanoclean24.com\/fr\/produit\/nanoclean-air-20l-inodore\/"]}]},{"@type":"BreadcrumbList","@id":"https:\/\/nanoclean24.com\/fr\/produit\/nanoclean-air-20l-inodore\/#breadcrumb","itemListElement":[{"@type":"ListItem","position":1,"name":"Strona g\u0142\u00f3wna","item":"https:\/\/nanoclean24.com\/fr\/"},{"@type":"ListItem","position":2,"name":"Boutique","item":"https:\/\/nanoclean24.com\/shop\/"},{"@type":"ListItem","position":3,"name":"NANOCLEAN\u00ae AIR 20l Inodore"}]},{"@type":"WebSite","@id":"https:\/\/nanoclean24.com\/fr\/#website","url":"https:\/\/nanoclean24.com\/fr\/","name":"NanoClean","description":"","publisher":{"@id":"https:\/\/nanoclean24.com\/fr\/#organization"},"potentialAction":[{"@type":"SearchAction","target":{"@type":"EntryPoint","urlTemplate":"https:\/\/nanoclean24.com\/fr\/?s={search_term_string}"},"query-input":{"@type":"PropertyValueSpecification","valueRequired":true,"valueName":"search_term_string"}}],"inLanguage":"fr-FR"},{"@type":"Organization","@id":"https:\/\/nanoclean24.com\/fr\/#organization","name":"NanoClean","url":"https:\/\/nanoclean24.com\/fr\/","logo":{"@type":"ImageObject","inLanguage":"fr-FR","@id":"https:\/\/nanoclean24.com\/fr\/#\/schema\/logo\/image\/","url":"https:\/\/nanoclean24.com\/wp-content\/uploads\/2025\/07\/logo-2.jpg","contentUrl":"https:\/\/nanoclean24.com\/wp-content\/uploads\/2025\/07\/logo-2.jpg","width":1068,"height":224,"caption":"NanoClean"},"image":{"@id":"https:\/\/nanoclean24.com\/fr\/#\/schema\/logo\/image\/"}}]}},"taxonomy_info":{"product_cat":[{"value":84,"label":"AC8 HOME"}]},"featured_image_src_large":false,"author_info":[],"comment_info":"","_links":{"self":[{"href":"https:\/\/nanoclean24.com\/fr\/wp-json\/wp\/v2\/product\/8166","targetHints":{"allow":["GET"]}}],"collection":[{"href":"https:\/\/nanoclean24.com\/fr\/wp-json\/wp\/v2\/product"}],"about":[{"href":"https:\/\/nanoclean24.com\/fr\/wp-json\/wp\/v2\/types\/product"}],"wp:attachment":[{"href":"https:\/\/nanoclean24.com\/fr\/wp-json\/wp\/v2\/media?parent=8166"}],"wp:term":[{"taxonomy":"product_brand","embeddable":true,"href":"https:\/\/nanoclean24.com\/fr\/wp-json\/wp\/v2\/product_brand?post=8166"},{"taxonomy":"product_cat","embeddable":true,"href":"https:\/\/nanoclean24.com\/fr\/wp-json\/wp\/v2\/product_cat?post=8166"},{"taxonomy":"product_tag","embeddable":true,"href":"https:\/\/nanoclean24.com\/fr\/wp-json\/wp\/v2\/product_tag?post=8166"}],"curies":[{"name":"wp","href":"https:\/\/api.w.org\/{rel}","templated":true}]}}