{"id":8132,"date":"2025-09-26T10:31:11","date_gmt":"2025-09-26T08:31:11","guid":{"rendered":"https:\/\/nanoclean24.com\/produkt\/nu807r-ac-wash-rtu\/"},"modified":"2025-10-24T14:33:00","modified_gmt":"2025-10-24T12:33:00","slug":"nu807r-ac-wash-rtu","status":"publish","type":"product","link":"https:\/\/nanoclean24.com\/fr\/produit\/nu807r-ac-wash-rtu\/","title":{"rendered":"U807 AC WASH PR\u00caT \u00c0 L&rsquo;EMPLOI 500ML"},"content":{"rendered":"<p>Veillez \u00e0 la propret\u00e9 des unit\u00e9s de climatisation int\u00e9rieures et ext\u00e9rieures avec NANOCLEAN AC WASH RTU. Ce nettoyant pr\u00eat \u00e0 l&#8217;emploi, \u00e0 base d&rsquo;extraits naturels d&rsquo;agrumes, est con\u00e7u pour nettoyer efficacement les unit\u00e9s de climatisation, int\u00e9rieures et ext\u00e9rieures, sans utiliser d&rsquo;eau. Il est id\u00e9al pour nettoyer les condenseurs, les bo\u00eetiers, les ventilateurs, les \u00e9vaporateurs, les bacs de r\u00e9cup\u00e9ration et d&rsquo;autres composants des syst\u00e8mes de climatisation.  <\/p>\n<h3><strong>Id\u00e9al pour une utilisation sur<\/strong><\/h3>\n<p>Unit\u00e9s de climatisation ext\u00e9rieures : condenseurs, bo\u00eetiers, ventilateurs et pompes \u00e0 condensat.<br \/>\nUnit\u00e9s de climatisation int\u00e9rieure : \u00e9vaporateurs, ventilateurs, bo\u00eetiers, plateaux et syst\u00e8mes de drainage.<\/p>\n<h3><strong>\ud83d\udccb Comment utiliser<\/strong><\/h3>\n<p>Application : Vaporiser le nettoyant directement sur la surface \u00e0 nettoyer.<br \/>\nAction : Laisser agir le produit pendant quelques minutes pour obtenir un effet optimal.<br \/>\nNettoyage : Pour les taches tenaces, utilisez une brosse pour frotter la surface.<br \/>\nRin\u00e7age (facultatif) : Rincer \u00e0 l&rsquo;eau ou s\u00e9cher la surface si n\u00e9cessaire.<\/p>\n<h3><strong>Avantages pour la s\u00e9curit\u00e9 et l&rsquo;environnement<\/strong><\/h3>\n<ul>\n<li>Biod\u00e9gradable : le produit se d\u00e9compose naturellement, ce qui le rend respectueux de l&rsquo;environnement.<\/li>\n<li>Non corrosif : sans danger pour une grande vari\u00e9t\u00e9 de mat\u00e9riaux, y compris les m\u00e9taux, les plastiques et les tissus.<\/li>\n<li>Utilisation s\u00fbre : \u00e9viter tout contact avec les yeux et la peau. En cas de contact, rincer abondamment \u00e0 l&rsquo;eau. <\/li>\n<\/ul>\n<h3><strong>Sp\u00e9cifications du produit<\/strong><\/h3>\n<p>Couleur : transparent<br \/>\nParfum : L\u00e9ger parfum d&rsquo;agrumes<br \/>\npH : Alcalin<\/p>\n<h3><strong>Stockage et pr\u00e9cautions<\/strong><\/h3>\n<p>Stockage : Conserver dans un endroit frais et sec, \u00e0 l&rsquo;abri de la chaleur et de la lumi\u00e8re directe du soleil.<br \/>\nAvertissements : \u00c9viter le contact avec les yeux et la peau. Rincer \u00e0 l&rsquo;eau en cas de contact. <\/p>\n<p>NANOCLEAN AC WASH RTU est la solution id\u00e9ale pour maintenir les syst\u00e8mes de climatisation en excellent \u00e9tat, am\u00e9liorer leurs performances et fournir un environnement propre et frais. S\u00fbr, efficace et pr\u00eat \u00e0 l&#8217;emploi, c&rsquo;est un nettoyant pour climatisation sur lequel vous pouvez compter ! <\/p>\n","protected":false},"excerpt":{"rendered":"<h3>Nettoyant pour climatiseurs<\/h3>\n<p><strong>\u2705 Action de nettoyage <\/strong> efficace &#8211; \u00c9limine efficacement la salet\u00e9, la graisse, les huiles, la poussi\u00e8re, la r\u00e9sine de bois, les r\u00e9sidus de colle, les taches de nicotine et autres contaminants.<\/p>\n<p>\u2705 <strong>Application polyvalente<\/strong> &#8211; Excellente pour l&rsquo;\u00e9limination des contaminants industriels et alimentaires.<\/p>\n<p>\u2705 <strong>Pr\u00eat \u00e0 l&#8217;emploi <\/strong>&#8211; Aucune dilution ou eau n&rsquo;est n\u00e9cessaire. Bien qu&rsquo;il soit recommand\u00e9 de rincer \u00e0 l&rsquo;eau apr\u00e8s utilisation, cela n&rsquo;est pas n\u00e9cessaire. <\/p>\n<p>\u2705 <strong>Effet antistatique <\/strong>&#8211; Les surfaces restent propres plus longtemps en emp\u00eachant l&rsquo;accumulation de poussi\u00e8re.<\/p>\n<p>\u2705 <strong>Sans danger pour les m\u00e9taux <\/strong>&#8211; Non corrosif et sans danger pour l&rsquo;aluminium et les m\u00e9taux de base.<\/p>\n<p><strong>\u2705 Biod\u00e9gradable &#8211; Formule respectueuse de l&rsquo;environnement et biod\u00e9gradable <\/strong>.<\/p>\n<p><strong>\u2705 Compatibilit\u00e9 avec les surfaces <\/strong>&#8211; Sans danger pour une grande vari\u00e9t\u00e9 de surfaces, y compris la peinture, les plastiques, les pi\u00e8ces synth\u00e9tiques, les \u00e9lastom\u00e8res, les tissus, le bois, les c\u00e9ramiques et les m\u00e9taux.<\/p>\n","protected":false},"featured_media":14552,"template":"","meta":{"_kad_blocks_custom_css":"","_kad_blocks_head_custom_js":"","_kad_blocks_body_custom_js":"","_kad_blocks_footer_custom_js":"","_kad_post_transparent":"","_kad_post_title":"","_kad_post_layout":"","_kad_post_sidebar_id":"","_kad_post_content_style":"","_kad_post_vertical_padding":"","_kad_post_feature":"","_kad_post_feature_position":"","_kad_post_header":false,"_kad_post_footer":false,"_kad_post_classname":""},"product_brand":[],"product_cat":[123],"product_tag":[],"class_list":{"0":"post-8132","1":"product","2":"type-product","3":"status-publish","4":"has-post-thumbnail","6":"product_cat-hvac-fr","8":"first","9":"outofstock","10":"taxable","11":"shipping-taxable","12":"purchasable","13":"product-type-simple","14":"entry","15":"content-bg","16":"loop-entry"},"yoast_head":"<!-- This site is optimized with the Yoast SEO plugin v27.2 - https:\/\/yoast.com\/product\/yoast-seo-wordpress\/ -->\n<title>U807 AC WASH PR\u00caT \u00c0 L&#039;EMPLOI 500ML - NANOCLEAN<\/title>\n<meta name=\"robots\" content=\"index, follow, max-snippet:-1, max-image-preview:large, max-video-preview:-1\" \/>\n<link rel=\"canonical\" href=\"https:\/\/nanoclean24.com\/fr\/produit\/nu807r-ac-wash-rtu\/\" \/>\n<meta property=\"og:locale\" content=\"fr_FR\" \/>\n<meta property=\"og:type\" content=\"article\" \/>\n<meta property=\"og:title\" content=\"U807 AC WASH PR\u00caT \u00c0 L&#039;EMPLOI 500ML - NANOCLEAN\" \/>\n<meta property=\"og:description\" content=\"Nettoyant pour climatiseurs \u2705 Action de nettoyage efficace - \u00c9limine efficacement la salet\u00e9, la graisse, les huiles, la poussi\u00e8re, la r\u00e9sine de bois, les r\u00e9sidus de colle, les taches de nicotine et autres contaminants. \u2705 Application polyvalente - Excellente pour l&#039;\u00e9limination des contaminants industriels et alimentaires. \u2705 Pr\u00eat \u00e0 l&#039;emploi - Aucune dilution ou eau n&#039;est n\u00e9cessaire. Bien qu&#039;il soit recommand\u00e9 de rincer \u00e0 l&#039;eau apr\u00e8s utilisation, cela n&#039;est pas n\u00e9cessaire.  \u2705 Effet antistatique - Les surfaces restent propres plus longtemps en emp\u00eachant l&#039;accumulation de poussi\u00e8re. \u2705 Sans danger pour les m\u00e9taux - Non corrosif et sans danger pour l&#039;aluminium et les m\u00e9taux de base. \u2705 Biod\u00e9gradable - Formule respectueuse de l&#039;environnement et biod\u00e9gradable . \u2705 Compatibilit\u00e9 avec les surfaces - Sans danger pour une grande vari\u00e9t\u00e9 de surfaces, y compris la peinture, les plastiques, les pi\u00e8ces synth\u00e9tiques, les \u00e9lastom\u00e8res, les tissus, le bois, les c\u00e9ramiques et les m\u00e9taux.\" \/>\n<meta property=\"og:url\" content=\"https:\/\/nanoclean24.com\/fr\/produit\/nu807r-ac-wash-rtu\/\" \/>\n<meta property=\"og:site_name\" content=\"NANOCLEAN\" \/>\n<meta property=\"article:modified_time\" content=\"2025-10-24T12:33:00+00:00\" \/>\n<meta property=\"og:image\" content=\"https:\/\/nanoclean24.com\/wp-content\/uploads\/2025\/09\/U807-3.png\" \/>\n\t<meta property=\"og:image:width\" content=\"1200\" \/>\n\t<meta property=\"og:image:height\" content=\"1200\" \/>\n\t<meta property=\"og:image:type\" content=\"image\/png\" \/>\n<meta name=\"twitter:card\" content=\"summary_large_image\" \/>\n<meta name=\"twitter:label1\" content=\"Dur\u00e9e de lecture estim\u00e9e\" \/>\n\t<meta name=\"twitter:data1\" content=\"2 minutes\" \/>\n<script type=\"application\/ld+json\" class=\"yoast-schema-graph\">{\"@context\":\"https:\/\/schema.org\",\"@graph\":[{\"@type\":\"WebPage\",\"@id\":\"https:\/\/nanoclean24.com\/fr\/produit\/nu807r-ac-wash-rtu\/\",\"url\":\"https:\/\/nanoclean24.com\/fr\/produit\/nu807r-ac-wash-rtu\/\",\"name\":\"U807 AC WASH PR\u00caT \u00c0 L'EMPLOI 500ML - NANOCLEAN\",\"isPartOf\":{\"@id\":\"https:\/\/nanoclean24.com\/fr\/#website\"},\"primaryImageOfPage\":{\"@id\":\"https:\/\/nanoclean24.com\/fr\/produit\/nu807r-ac-wash-rtu\/#primaryimage\"},\"image\":{\"@id\":\"https:\/\/nanoclean24.com\/fr\/produit\/nu807r-ac-wash-rtu\/#primaryimage\"},\"thumbnailUrl\":\"https:\/\/nanoclean24.com\/wp-content\/uploads\/2025\/09\/U807-4.png\",\"datePublished\":\"2025-09-26T08:31:11+00:00\",\"dateModified\":\"2025-10-24T12:33:00+00:00\",\"breadcrumb\":{\"@id\":\"https:\/\/nanoclean24.com\/fr\/produit\/nu807r-ac-wash-rtu\/#breadcrumb\"},\"inLanguage\":\"fr-FR\",\"potentialAction\":[{\"@type\":\"ReadAction\",\"target\":[\"https:\/\/nanoclean24.com\/fr\/produit\/nu807r-ac-wash-rtu\/\"]}]},{\"@type\":\"ImageObject\",\"inLanguage\":\"fr-FR\",\"@id\":\"https:\/\/nanoclean24.com\/fr\/produit\/nu807r-ac-wash-rtu\/#primaryimage\",\"url\":\"https:\/\/nanoclean24.com\/wp-content\/uploads\/2025\/09\/U807-4.png\",\"contentUrl\":\"https:\/\/nanoclean24.com\/wp-content\/uploads\/2025\/09\/U807-4.png\",\"width\":1200,\"height\":1200},{\"@type\":\"BreadcrumbList\",\"@id\":\"https:\/\/nanoclean24.com\/fr\/produit\/nu807r-ac-wash-rtu\/#breadcrumb\",\"itemListElement\":[{\"@type\":\"ListItem\",\"position\":1,\"name\":\"Strona g\u0142\u00f3wna\",\"item\":\"https:\/\/nanoclean24.com\/fr\/\"},{\"@type\":\"ListItem\",\"position\":2,\"name\":\"Boutique\",\"item\":\"https:\/\/nanoclean24.com\/shop\/\"},{\"@type\":\"ListItem\",\"position\":3,\"name\":\"U807 AC WASH PR\u00caT \u00c0 L&#8217;EMPLOI 500ML\"}]},{\"@type\":\"WebSite\",\"@id\":\"https:\/\/nanoclean24.com\/fr\/#website\",\"url\":\"https:\/\/nanoclean24.com\/fr\/\",\"name\":\"NanoClean\",\"description\":\"\",\"publisher\":{\"@id\":\"https:\/\/nanoclean24.com\/fr\/#organization\"},\"potentialAction\":[{\"@type\":\"SearchAction\",\"target\":{\"@type\":\"EntryPoint\",\"urlTemplate\":\"https:\/\/nanoclean24.com\/fr\/?s={search_term_string}\"},\"query-input\":{\"@type\":\"PropertyValueSpecification\",\"valueRequired\":true,\"valueName\":\"search_term_string\"}}],\"inLanguage\":\"fr-FR\"},{\"@type\":\"Organization\",\"@id\":\"https:\/\/nanoclean24.com\/fr\/#organization\",\"name\":\"NanoClean\",\"url\":\"https:\/\/nanoclean24.com\/fr\/\",\"logo\":{\"@type\":\"ImageObject\",\"inLanguage\":\"fr-FR\",\"@id\":\"https:\/\/nanoclean24.com\/fr\/#\/schema\/logo\/image\/\",\"url\":\"https:\/\/nanoclean24.com\/wp-content\/uploads\/2025\/07\/logo-2.jpg\",\"contentUrl\":\"https:\/\/nanoclean24.com\/wp-content\/uploads\/2025\/07\/logo-2.jpg\",\"width\":1068,\"height\":224,\"caption\":\"NanoClean\"},\"image\":{\"@id\":\"https:\/\/nanoclean24.com\/fr\/#\/schema\/logo\/image\/\"}}]}<\/script>\n<!-- \/ Yoast SEO plugin. -->","yoast_head_json":{"title":"U807 AC WASH PR\u00caT \u00c0 L'EMPLOI 500ML - NANOCLEAN","robots":{"index":"index","follow":"follow","max-snippet":"max-snippet:-1","max-image-preview":"max-image-preview:large","max-video-preview":"max-video-preview:-1"},"canonical":"https:\/\/nanoclean24.com\/fr\/produit\/nu807r-ac-wash-rtu\/","og_locale":"fr_FR","og_type":"article","og_title":"U807 AC WASH PR\u00caT \u00c0 L'EMPLOI 500ML - NANOCLEAN","og_description":"Nettoyant pour climatiseurs \u2705 Action de nettoyage efficace - \u00c9limine efficacement la salet\u00e9, la graisse, les huiles, la poussi\u00e8re, la r\u00e9sine de bois, les r\u00e9sidus de colle, les taches de nicotine et autres contaminants. \u2705 Application polyvalente - Excellente pour l'\u00e9limination des contaminants industriels et alimentaires. \u2705 Pr\u00eat \u00e0 l'emploi - Aucune dilution ou eau n'est n\u00e9cessaire. Bien qu'il soit recommand\u00e9 de rincer \u00e0 l'eau apr\u00e8s utilisation, cela n'est pas n\u00e9cessaire.  \u2705 Effet antistatique - Les surfaces restent propres plus longtemps en emp\u00eachant l'accumulation de poussi\u00e8re. \u2705 Sans danger pour les m\u00e9taux - Non corrosif et sans danger pour l'aluminium et les m\u00e9taux de base. \u2705 Biod\u00e9gradable - Formule respectueuse de l'environnement et biod\u00e9gradable . \u2705 Compatibilit\u00e9 avec les surfaces - Sans danger pour une grande vari\u00e9t\u00e9 de surfaces, y compris la peinture, les plastiques, les pi\u00e8ces synth\u00e9tiques, les \u00e9lastom\u00e8res, les tissus, le bois, les c\u00e9ramiques et les m\u00e9taux.","og_url":"https:\/\/nanoclean24.com\/fr\/produit\/nu807r-ac-wash-rtu\/","og_site_name":"NANOCLEAN","article_modified_time":"2025-10-24T12:33:00+00:00","og_image":[{"width":1200,"height":1200,"url":"https:\/\/nanoclean24.com\/wp-content\/uploads\/2025\/09\/U807-3.png","type":"image\/png"}],"twitter_card":"summary_large_image","twitter_misc":{"Dur\u00e9e de lecture estim\u00e9e":"2 minutes"},"schema":{"@context":"https:\/\/schema.org","@graph":[{"@type":"WebPage","@id":"https:\/\/nanoclean24.com\/fr\/produit\/nu807r-ac-wash-rtu\/","url":"https:\/\/nanoclean24.com\/fr\/produit\/nu807r-ac-wash-rtu\/","name":"U807 AC WASH PR\u00caT \u00c0 L'EMPLOI 500ML - NANOCLEAN","isPartOf":{"@id":"https:\/\/nanoclean24.com\/fr\/#website"},"primaryImageOfPage":{"@id":"https:\/\/nanoclean24.com\/fr\/produit\/nu807r-ac-wash-rtu\/#primaryimage"},"image":{"@id":"https:\/\/nanoclean24.com\/fr\/produit\/nu807r-ac-wash-rtu\/#primaryimage"},"thumbnailUrl":"https:\/\/nanoclean24.com\/wp-content\/uploads\/2025\/09\/U807-4.png","datePublished":"2025-09-26T08:31:11+00:00","dateModified":"2025-10-24T12:33:00+00:00","breadcrumb":{"@id":"https:\/\/nanoclean24.com\/fr\/produit\/nu807r-ac-wash-rtu\/#breadcrumb"},"inLanguage":"fr-FR","potentialAction":[{"@type":"ReadAction","target":["https:\/\/nanoclean24.com\/fr\/produit\/nu807r-ac-wash-rtu\/"]}]},{"@type":"ImageObject","inLanguage":"fr-FR","@id":"https:\/\/nanoclean24.com\/fr\/produit\/nu807r-ac-wash-rtu\/#primaryimage","url":"https:\/\/nanoclean24.com\/wp-content\/uploads\/2025\/09\/U807-4.png","contentUrl":"https:\/\/nanoclean24.com\/wp-content\/uploads\/2025\/09\/U807-4.png","width":1200,"height":1200},{"@type":"BreadcrumbList","@id":"https:\/\/nanoclean24.com\/fr\/produit\/nu807r-ac-wash-rtu\/#breadcrumb","itemListElement":[{"@type":"ListItem","position":1,"name":"Strona g\u0142\u00f3wna","item":"https:\/\/nanoclean24.com\/fr\/"},{"@type":"ListItem","position":2,"name":"Boutique","item":"https:\/\/nanoclean24.com\/shop\/"},{"@type":"ListItem","position":3,"name":"U807 AC WASH PR\u00caT \u00c0 L&#8217;EMPLOI 500ML"}]},{"@type":"WebSite","@id":"https:\/\/nanoclean24.com\/fr\/#website","url":"https:\/\/nanoclean24.com\/fr\/","name":"NanoClean","description":"","publisher":{"@id":"https:\/\/nanoclean24.com\/fr\/#organization"},"potentialAction":[{"@type":"SearchAction","target":{"@type":"EntryPoint","urlTemplate":"https:\/\/nanoclean24.com\/fr\/?s={search_term_string}"},"query-input":{"@type":"PropertyValueSpecification","valueRequired":true,"valueName":"search_term_string"}}],"inLanguage":"fr-FR"},{"@type":"Organization","@id":"https:\/\/nanoclean24.com\/fr\/#organization","name":"NanoClean","url":"https:\/\/nanoclean24.com\/fr\/","logo":{"@type":"ImageObject","inLanguage":"fr-FR","@id":"https:\/\/nanoclean24.com\/fr\/#\/schema\/logo\/image\/","url":"https:\/\/nanoclean24.com\/wp-content\/uploads\/2025\/07\/logo-2.jpg","contentUrl":"https:\/\/nanoclean24.com\/wp-content\/uploads\/2025\/07\/logo-2.jpg","width":1068,"height":224,"caption":"NanoClean"},"image":{"@id":"https:\/\/nanoclean24.com\/fr\/#\/schema\/logo\/image\/"}}]}},"taxonomy_info":{"product_cat":[{"value":123,"label":"HVAC PRO"}]},"featured_image_src_large":["https:\/\/nanoclean24.com\/wp-content\/uploads\/2025\/09\/U807-4-1024x1024.png",1024,1024,true],"author_info":[],"comment_info":"","_links":{"self":[{"href":"https:\/\/nanoclean24.com\/fr\/wp-json\/wp\/v2\/product\/8132","targetHints":{"allow":["GET"]}}],"collection":[{"href":"https:\/\/nanoclean24.com\/fr\/wp-json\/wp\/v2\/product"}],"about":[{"href":"https:\/\/nanoclean24.com\/fr\/wp-json\/wp\/v2\/types\/product"}],"wp:featuredmedia":[{"embeddable":true,"href":"https:\/\/nanoclean24.com\/fr\/wp-json\/wp\/v2\/media\/14552"}],"wp:attachment":[{"href":"https:\/\/nanoclean24.com\/fr\/wp-json\/wp\/v2\/media?parent=8132"}],"wp:term":[{"taxonomy":"product_brand","embeddable":true,"href":"https:\/\/nanoclean24.com\/fr\/wp-json\/wp\/v2\/product_brand?post=8132"},{"taxonomy":"product_cat","embeddable":true,"href":"https:\/\/nanoclean24.com\/fr\/wp-json\/wp\/v2\/product_cat?post=8132"},{"taxonomy":"product_tag","embeddable":true,"href":"https:\/\/nanoclean24.com\/fr\/wp-json\/wp\/v2\/product_tag?post=8132"}],"curies":[{"name":"wp","href":"https:\/\/api.w.org\/{rel}","templated":true}]}}