{"id":8129,"date":"2025-09-26T10:31:11","date_gmt":"2025-09-26T08:31:11","guid":{"rendered":"https:\/\/nanoclean24.com\/produkt\/nanoclean-ac-rust-remover-rtu\/"},"modified":"2026-02-27T12:53:29","modified_gmt":"2026-02-27T11:53:29","slug":"nanoclean-ac-rust-remover-rtu","status":"publish","type":"product","link":"https:\/\/nanoclean24.com\/fr\/produit\/nanoclean-ac-rust-remover-rtu\/","title":{"rendered":"NANOCLEAN AC RUST REMOVER RTU"},"content":{"rendered":"<p>Nettoyage efficace des climatiseurs ext\u00e9rieurs et des pompes \u00e0 chaleur<\/p>\n<p>NANOCLEAN AC RUST REMOVER RTU est une formulation avanc\u00e9e, pr\u00eate \u00e0 l&#8217;emploi, con\u00e7ue pour \u00e9liminer la rouille, la corrosion, les d\u00e9p\u00f4ts de calcaire et le tartre des climatiseurs ext\u00e9rieurs et des pompes \u00e0 chaleur. Sa formulation unique \u00e0 base d&rsquo;acide restaure efficacement les performances et l&rsquo;esth\u00e9tique des unit\u00e9s, en \u00e9liminant les contaminants difficiles \u00e0 enlever. <\/p>\n<h3><strong>Application<\/strong><\/h3>\n<p>Unit\u00e9s ext\u00e9rieures de climatisation et pompes \u00e0 chaleur (condenseurs)<br \/>\nBacs de r\u00e9cup\u00e9ration des condensats<br \/>\nSurfaces m\u00e9talliques et plastiques<br \/>\nSyst\u00e8mes de ventilation<br \/>\nRefroidisseurs \u00e0 sec et autres \u00e9quipements sujets \u00e0 la rouille et \u00e0 l&rsquo;entartrage<br \/>\nStructures, fa\u00e7ades et planchers en acier<\/p>\n<h3><strong>Pourquoi choisir NANOCLEAN AC RUSTOVER RTU ?<\/strong><\/h3>\n<p>\u00c9limine efficacement les salissures difficiles : \u00c9limine efficacement la rouille, les d\u00e9p\u00f4ts de calcaire, le tartre et d&rsquo;autres contaminants difficiles qui peuvent r\u00e9duire les performances de la climatisation.<br \/>\nRestaure la fonctionnalit\u00e9 et l&rsquo;apparence : l&rsquo;utilisation r\u00e9guli\u00e8re de NANOCLEAN AC RUST REMOVER RTU maintient les unit\u00e9s de climatisation en parfait \u00e9tat technique et esth\u00e9tique.<br \/>\nFacilit\u00e9 et s\u00e9curit\u00e9 d&rsquo;utilisation : le produit est simple \u00e0 appliquer et ne n\u00e9cessite pas d&rsquo;\u00e9quipement compliqu\u00e9 ou de proc\u00e9dures sp\u00e9ciales.<br \/>\nProtection de l&rsquo;environnement : Gr\u00e2ce \u00e0 sa formule \u00e9cologique, le produit est sans danger pour l&rsquo;utilisateur et l&rsquo;environnement.<\/p>\n<h3><strong>\ud83d\udccb Utilisation<\/strong><\/h3>\n<ol>\n<li>Pulv\u00e9riser NANOCLEAN AC RUST REMOVER RTU sur la surface \u00e0 nettoyer en insistant sur les zones rouill\u00e9es et les d\u00e9p\u00f4ts.<\/li>\n<li>Laissez agir le produit pendant 1 \u00e0 5 minutes pour dissoudre la salet\u00e9. Un brossage doux peut acc\u00e9l\u00e9rer le processus de nettoyage. <\/li>\n<li>Rincer abondamment la surface \u00e0 l&rsquo;eau, de pr\u00e9f\u00e9rence sous pression, pour \u00e9liminer tout r\u00e9sidu.<\/li>\n<li>Si n\u00e9cessaire, r\u00e9p\u00e9ter le processus de nettoyage.<\/li>\n<\/ol>\n<p><strong>Pr\u00eat \u00e0 l&#8217;emploi. Elimine la rouille, la corrosion, les d\u00e9p\u00f4ts et les taches. R\u00e9tablissez les performances et l&rsquo;esth\u00e9tique de votre \u00e9quipement de climatisation d\u00e8s aujourd&rsquo;hui avec NANOCLEAN AC RUST REMOVER RTU.  <\/strong><\/p>\n","protected":false},"excerpt":{"rendered":"<h3>Agent efficace pour \u00e9liminer la rouille, les d\u00e9p\u00f4ts et le tartre des unit\u00e9s de climatisation ext\u00e9rieures<\/h3>\n<p><strong> \u2705 Action acide forte :<\/strong> Avec un pH de 1, NANOCLEAN AC RUST REMOVER RTU \u00e9limine efficacement la rouille, les d\u00e9p\u00f4ts de calcaire, le tartre et autres min\u00e9raux pour une performance optimale des \u00e9quipements.<\/p>\n<p>\u2705 <strong>Sans danger pour les mat\u00e9riaux :<\/strong> malgr\u00e9 sa forte efficacit\u00e9, le produit ne pr\u00e9sente aucun danger pour les m\u00e9taux (y compris le cuivre et le zinc), les plastiques et les rev\u00eatements ; il peut donc \u00eatre utilis\u00e9 sur une grande vari\u00e9t\u00e9 de surfaces sans risque d&rsquo;endommagement.<\/p>\n<p>\u2705 <strong>Application facile :<\/strong> il suffit de pulv\u00e9riser le produit sur la surface, d&rsquo;attendre 1 \u00e0 5 minutes, puis de rincer \u00e0 l&rsquo;eau. Pas besoin de proc\u00e9dures compliqu\u00e9es ou d&rsquo;outils sp\u00e9cialis\u00e9s. <\/p>\n<p>\u2705 <strong>Formule \u00e9cologique :<\/strong> NANOCLEAN AC RUST REMOVER RTU est biod\u00e9gradable selon les crit\u00e8res de l&rsquo;OCDE, ce qui le rend sans danger pour l&rsquo;environnement.<\/p>\n<p>\u2705 <strong>Application pratique :<\/strong> le flacon pulv\u00e9risateur \u00e0 360\u00b0 permet une application facile dans n&rsquo;importe quelle position, garantissant un nettoyage efficace.<\/p>\n","protected":false},"featured_media":2940,"template":"","meta":{"_kad_blocks_custom_css":"","_kad_blocks_head_custom_js":"","_kad_blocks_body_custom_js":"","_kad_blocks_footer_custom_js":"","_kad_post_transparent":"","_kad_post_title":"","_kad_post_layout":"","_kad_post_sidebar_id":"","_kad_post_content_style":"","_kad_post_vertical_padding":"","_kad_post_feature":"","_kad_post_feature_position":"","_kad_post_header":false,"_kad_post_footer":false,"_kad_post_classname":""},"product_brand":[],"product_cat":[123],"product_tag":[],"class_list":{"0":"post-8129","1":"product","2":"type-product","3":"status-publish","4":"has-post-thumbnail","6":"product_cat-hvac-fr","8":"first","9":"instock","10":"taxable","11":"shipping-taxable","12":"purchasable","13":"product-type-simple","14":"entry","15":"content-bg","16":"loop-entry"},"yoast_head":"<!-- This site is optimized with the Yoast SEO plugin v27.2 - https:\/\/yoast.com\/product\/yoast-seo-wordpress\/ -->\n<title>NANOCLEAN AC RUST REMOVER RTU - NANOCLEAN<\/title>\n<meta name=\"robots\" content=\"index, follow, max-snippet:-1, max-image-preview:large, max-video-preview:-1\" \/>\n<link rel=\"canonical\" href=\"https:\/\/nanoclean24.com\/fr\/produit\/nanoclean-ac-rust-remover-rtu\/\" \/>\n<meta property=\"og:locale\" content=\"fr_FR\" \/>\n<meta property=\"og:type\" content=\"article\" \/>\n<meta property=\"og:title\" content=\"NANOCLEAN AC RUST REMOVER RTU - NANOCLEAN\" \/>\n<meta property=\"og:description\" content=\"Agent efficace pour \u00e9liminer la rouille, les d\u00e9p\u00f4ts et le tartre des unit\u00e9s de climatisation ext\u00e9rieures \u2705 Action acide forte : Avec un pH de 1, NANOCLEAN AC RUST REMOVER RTU \u00e9limine efficacement la rouille, les d\u00e9p\u00f4ts de calcaire, le tartre et autres min\u00e9raux pour une performance optimale des \u00e9quipements. \u2705 Sans danger pour les mat\u00e9riaux : malgr\u00e9 sa forte efficacit\u00e9, le produit ne pr\u00e9sente aucun danger pour les m\u00e9taux (y compris le cuivre et le zinc), les plastiques et les rev\u00eatements ; il peut donc \u00eatre utilis\u00e9 sur une grande vari\u00e9t\u00e9 de surfaces sans risque d&#039;endommagement. \u2705 Application facile : il suffit de pulv\u00e9riser le produit sur la surface, d&#039;attendre 1 \u00e0 5 minutes, puis de rincer \u00e0 l&#039;eau. Pas besoin de proc\u00e9dures compliqu\u00e9es ou d&#039;outils sp\u00e9cialis\u00e9s.  \u2705 Formule \u00e9cologique : NANOCLEAN AC RUST REMOVER RTU est biod\u00e9gradable selon les crit\u00e8res de l&#039;OCDE, ce qui le rend sans danger pour l&#039;environnement. \u2705 Application pratique : le flacon pulv\u00e9risateur \u00e0 360\u00b0 permet une application facile dans n&#039;importe quelle position, garantissant un nettoyage efficace.\" \/>\n<meta property=\"og:url\" content=\"https:\/\/nanoclean24.com\/fr\/produit\/nanoclean-ac-rust-remover-rtu\/\" \/>\n<meta property=\"og:site_name\" content=\"NANOCLEAN\" \/>\n<meta property=\"article:modified_time\" content=\"2026-02-27T11:53:29+00:00\" \/>\n<meta property=\"og:image\" content=\"https:\/\/nanoclean24.com\/wp-content\/uploads\/2025\/07\/U812R.jpg\" \/>\n\t<meta property=\"og:image:width\" content=\"1200\" \/>\n\t<meta property=\"og:image:height\" content=\"1200\" \/>\n\t<meta property=\"og:image:type\" content=\"image\/jpeg\" \/>\n<meta name=\"twitter:card\" content=\"summary_large_image\" \/>\n<meta name=\"twitter:label1\" content=\"Dur\u00e9e de lecture estim\u00e9e\" \/>\n\t<meta name=\"twitter:data1\" content=\"2 minutes\" \/>\n<script type=\"application\/ld+json\" class=\"yoast-schema-graph\">{\"@context\":\"https:\/\/schema.org\",\"@graph\":[{\"@type\":\"WebPage\",\"@id\":\"https:\/\/nanoclean24.com\/fr\/produit\/nanoclean-ac-rust-remover-rtu\/\",\"url\":\"https:\/\/nanoclean24.com\/fr\/produit\/nanoclean-ac-rust-remover-rtu\/\",\"name\":\"NANOCLEAN AC RUST REMOVER RTU - NANOCLEAN\",\"isPartOf\":{\"@id\":\"https:\/\/nanoclean24.com\/fr\/#website\"},\"primaryImageOfPage\":{\"@id\":\"https:\/\/nanoclean24.com\/fr\/produit\/nanoclean-ac-rust-remover-rtu\/#primaryimage\"},\"image\":{\"@id\":\"https:\/\/nanoclean24.com\/fr\/produit\/nanoclean-ac-rust-remover-rtu\/#primaryimage\"},\"thumbnailUrl\":\"https:\/\/nanoclean24.com\/wp-content\/uploads\/2025\/07\/U812R.jpg\",\"datePublished\":\"2025-09-26T08:31:11+00:00\",\"dateModified\":\"2026-02-27T11:53:29+00:00\",\"breadcrumb\":{\"@id\":\"https:\/\/nanoclean24.com\/fr\/produit\/nanoclean-ac-rust-remover-rtu\/#breadcrumb\"},\"inLanguage\":\"fr-FR\",\"potentialAction\":[{\"@type\":\"ReadAction\",\"target\":[\"https:\/\/nanoclean24.com\/fr\/produit\/nanoclean-ac-rust-remover-rtu\/\"]}]},{\"@type\":\"ImageObject\",\"inLanguage\":\"fr-FR\",\"@id\":\"https:\/\/nanoclean24.com\/fr\/produit\/nanoclean-ac-rust-remover-rtu\/#primaryimage\",\"url\":\"https:\/\/nanoclean24.com\/wp-content\/uploads\/2025\/07\/U812R.jpg\",\"contentUrl\":\"https:\/\/nanoclean24.com\/wp-content\/uploads\/2025\/07\/U812R.jpg\",\"width\":1200,\"height\":1200},{\"@type\":\"BreadcrumbList\",\"@id\":\"https:\/\/nanoclean24.com\/fr\/produit\/nanoclean-ac-rust-remover-rtu\/#breadcrumb\",\"itemListElement\":[{\"@type\":\"ListItem\",\"position\":1,\"name\":\"Strona g\u0142\u00f3wna\",\"item\":\"https:\/\/nanoclean24.com\/fr\/\"},{\"@type\":\"ListItem\",\"position\":2,\"name\":\"Boutique\",\"item\":\"https:\/\/nanoclean24.com\/shop\/\"},{\"@type\":\"ListItem\",\"position\":3,\"name\":\"NANOCLEAN AC RUST REMOVER RTU\"}]},{\"@type\":\"WebSite\",\"@id\":\"https:\/\/nanoclean24.com\/fr\/#website\",\"url\":\"https:\/\/nanoclean24.com\/fr\/\",\"name\":\"NanoClean\",\"description\":\"\",\"publisher\":{\"@id\":\"https:\/\/nanoclean24.com\/fr\/#organization\"},\"potentialAction\":[{\"@type\":\"SearchAction\",\"target\":{\"@type\":\"EntryPoint\",\"urlTemplate\":\"https:\/\/nanoclean24.com\/fr\/?s={search_term_string}\"},\"query-input\":{\"@type\":\"PropertyValueSpecification\",\"valueRequired\":true,\"valueName\":\"search_term_string\"}}],\"inLanguage\":\"fr-FR\"},{\"@type\":\"Organization\",\"@id\":\"https:\/\/nanoclean24.com\/fr\/#organization\",\"name\":\"NanoClean\",\"url\":\"https:\/\/nanoclean24.com\/fr\/\",\"logo\":{\"@type\":\"ImageObject\",\"inLanguage\":\"fr-FR\",\"@id\":\"https:\/\/nanoclean24.com\/fr\/#\/schema\/logo\/image\/\",\"url\":\"https:\/\/nanoclean24.com\/wp-content\/uploads\/2025\/07\/logo-2.jpg\",\"contentUrl\":\"https:\/\/nanoclean24.com\/wp-content\/uploads\/2025\/07\/logo-2.jpg\",\"width\":1068,\"height\":224,\"caption\":\"NanoClean\"},\"image\":{\"@id\":\"https:\/\/nanoclean24.com\/fr\/#\/schema\/logo\/image\/\"}}]}<\/script>\n<!-- \/ Yoast SEO plugin. -->","yoast_head_json":{"title":"NANOCLEAN AC RUST REMOVER RTU - NANOCLEAN","robots":{"index":"index","follow":"follow","max-snippet":"max-snippet:-1","max-image-preview":"max-image-preview:large","max-video-preview":"max-video-preview:-1"},"canonical":"https:\/\/nanoclean24.com\/fr\/produit\/nanoclean-ac-rust-remover-rtu\/","og_locale":"fr_FR","og_type":"article","og_title":"NANOCLEAN AC RUST REMOVER RTU - NANOCLEAN","og_description":"Agent efficace pour \u00e9liminer la rouille, les d\u00e9p\u00f4ts et le tartre des unit\u00e9s de climatisation ext\u00e9rieures \u2705 Action acide forte : Avec un pH de 1, NANOCLEAN AC RUST REMOVER RTU \u00e9limine efficacement la rouille, les d\u00e9p\u00f4ts de calcaire, le tartre et autres min\u00e9raux pour une performance optimale des \u00e9quipements. \u2705 Sans danger pour les mat\u00e9riaux : malgr\u00e9 sa forte efficacit\u00e9, le produit ne pr\u00e9sente aucun danger pour les m\u00e9taux (y compris le cuivre et le zinc), les plastiques et les rev\u00eatements ; il peut donc \u00eatre utilis\u00e9 sur une grande vari\u00e9t\u00e9 de surfaces sans risque d'endommagement. \u2705 Application facile : il suffit de pulv\u00e9riser le produit sur la surface, d'attendre 1 \u00e0 5 minutes, puis de rincer \u00e0 l'eau. Pas besoin de proc\u00e9dures compliqu\u00e9es ou d'outils sp\u00e9cialis\u00e9s.  \u2705 Formule \u00e9cologique : NANOCLEAN AC RUST REMOVER RTU est biod\u00e9gradable selon les crit\u00e8res de l'OCDE, ce qui le rend sans danger pour l'environnement. \u2705 Application pratique : le flacon pulv\u00e9risateur \u00e0 360\u00b0 permet une application facile dans n'importe quelle position, garantissant un nettoyage efficace.","og_url":"https:\/\/nanoclean24.com\/fr\/produit\/nanoclean-ac-rust-remover-rtu\/","og_site_name":"NANOCLEAN","article_modified_time":"2026-02-27T11:53:29+00:00","og_image":[{"width":1200,"height":1200,"url":"https:\/\/nanoclean24.com\/wp-content\/uploads\/2025\/07\/U812R.jpg","type":"image\/jpeg"}],"twitter_card":"summary_large_image","twitter_misc":{"Dur\u00e9e de lecture estim\u00e9e":"2 minutes"},"schema":{"@context":"https:\/\/schema.org","@graph":[{"@type":"WebPage","@id":"https:\/\/nanoclean24.com\/fr\/produit\/nanoclean-ac-rust-remover-rtu\/","url":"https:\/\/nanoclean24.com\/fr\/produit\/nanoclean-ac-rust-remover-rtu\/","name":"NANOCLEAN AC RUST REMOVER RTU - NANOCLEAN","isPartOf":{"@id":"https:\/\/nanoclean24.com\/fr\/#website"},"primaryImageOfPage":{"@id":"https:\/\/nanoclean24.com\/fr\/produit\/nanoclean-ac-rust-remover-rtu\/#primaryimage"},"image":{"@id":"https:\/\/nanoclean24.com\/fr\/produit\/nanoclean-ac-rust-remover-rtu\/#primaryimage"},"thumbnailUrl":"https:\/\/nanoclean24.com\/wp-content\/uploads\/2025\/07\/U812R.jpg","datePublished":"2025-09-26T08:31:11+00:00","dateModified":"2026-02-27T11:53:29+00:00","breadcrumb":{"@id":"https:\/\/nanoclean24.com\/fr\/produit\/nanoclean-ac-rust-remover-rtu\/#breadcrumb"},"inLanguage":"fr-FR","potentialAction":[{"@type":"ReadAction","target":["https:\/\/nanoclean24.com\/fr\/produit\/nanoclean-ac-rust-remover-rtu\/"]}]},{"@type":"ImageObject","inLanguage":"fr-FR","@id":"https:\/\/nanoclean24.com\/fr\/produit\/nanoclean-ac-rust-remover-rtu\/#primaryimage","url":"https:\/\/nanoclean24.com\/wp-content\/uploads\/2025\/07\/U812R.jpg","contentUrl":"https:\/\/nanoclean24.com\/wp-content\/uploads\/2025\/07\/U812R.jpg","width":1200,"height":1200},{"@type":"BreadcrumbList","@id":"https:\/\/nanoclean24.com\/fr\/produit\/nanoclean-ac-rust-remover-rtu\/#breadcrumb","itemListElement":[{"@type":"ListItem","position":1,"name":"Strona g\u0142\u00f3wna","item":"https:\/\/nanoclean24.com\/fr\/"},{"@type":"ListItem","position":2,"name":"Boutique","item":"https:\/\/nanoclean24.com\/shop\/"},{"@type":"ListItem","position":3,"name":"NANOCLEAN AC RUST REMOVER RTU"}]},{"@type":"WebSite","@id":"https:\/\/nanoclean24.com\/fr\/#website","url":"https:\/\/nanoclean24.com\/fr\/","name":"NanoClean","description":"","publisher":{"@id":"https:\/\/nanoclean24.com\/fr\/#organization"},"potentialAction":[{"@type":"SearchAction","target":{"@type":"EntryPoint","urlTemplate":"https:\/\/nanoclean24.com\/fr\/?s={search_term_string}"},"query-input":{"@type":"PropertyValueSpecification","valueRequired":true,"valueName":"search_term_string"}}],"inLanguage":"fr-FR"},{"@type":"Organization","@id":"https:\/\/nanoclean24.com\/fr\/#organization","name":"NanoClean","url":"https:\/\/nanoclean24.com\/fr\/","logo":{"@type":"ImageObject","inLanguage":"fr-FR","@id":"https:\/\/nanoclean24.com\/fr\/#\/schema\/logo\/image\/","url":"https:\/\/nanoclean24.com\/wp-content\/uploads\/2025\/07\/logo-2.jpg","contentUrl":"https:\/\/nanoclean24.com\/wp-content\/uploads\/2025\/07\/logo-2.jpg","width":1068,"height":224,"caption":"NanoClean"},"image":{"@id":"https:\/\/nanoclean24.com\/fr\/#\/schema\/logo\/image\/"}}]}},"taxonomy_info":{"product_cat":[{"value":123,"label":"HVAC PRO"}]},"featured_image_src_large":["https:\/\/nanoclean24.com\/wp-content\/uploads\/2025\/07\/U812R-1024x1024.jpg",1024,1024,true],"author_info":[],"comment_info":"","_links":{"self":[{"href":"https:\/\/nanoclean24.com\/fr\/wp-json\/wp\/v2\/product\/8129","targetHints":{"allow":["GET"]}}],"collection":[{"href":"https:\/\/nanoclean24.com\/fr\/wp-json\/wp\/v2\/product"}],"about":[{"href":"https:\/\/nanoclean24.com\/fr\/wp-json\/wp\/v2\/types\/product"}],"wp:featuredmedia":[{"embeddable":true,"href":"https:\/\/nanoclean24.com\/fr\/wp-json\/wp\/v2\/media\/2940"}],"wp:attachment":[{"href":"https:\/\/nanoclean24.com\/fr\/wp-json\/wp\/v2\/media?parent=8129"}],"wp:term":[{"taxonomy":"product_brand","embeddable":true,"href":"https:\/\/nanoclean24.com\/fr\/wp-json\/wp\/v2\/product_brand?post=8129"},{"taxonomy":"product_cat","embeddable":true,"href":"https:\/\/nanoclean24.com\/fr\/wp-json\/wp\/v2\/product_cat?post=8129"},{"taxonomy":"product_tag","embeddable":true,"href":"https:\/\/nanoclean24.com\/fr\/wp-json\/wp\/v2\/product_tag?post=8129"}],"curies":[{"name":"wp","href":"https:\/\/api.w.org\/{rel}","templated":true}]}}