{"id":8123,"date":"2025-09-26T10:31:11","date_gmt":"2025-09-26T08:31:11","guid":{"rendered":"https:\/\/nanoclean24.com\/produkt\/nu810-ac-descaler-eco\/"},"modified":"2026-01-05T15:23:41","modified_gmt":"2026-01-05T14:23:41","slug":"nu810-ac-descaler-eco","status":"publish","type":"product","link":"https:\/\/nanoclean24.com\/fr\/produit\/nu810-ac-descaler-eco\/","title":{"rendered":"NU810 AC DESCALER ECO"},"content":{"rendered":"<p>Voici NANOCLEAN AC DESCALER ECO, un concentr\u00e9 acide puissant et s\u00fbr pour l&rsquo;\u00e9limination du tartre, des d\u00e9p\u00f4ts de chaux, de la rouille et d&rsquo;autres contaminants organiques. Id\u00e9al pour une large gamme d&rsquo;applications industrielles et d&rsquo;entretien, ce super concentr\u00e9 \u00e9limine efficacement le tartre, les d\u00e9p\u00f4ts de chaudi\u00e8re, les taches de pluie, les taches, la corrosion et bien plus encore. <\/p>\n<h3><strong>Application<\/strong><\/h3>\n<p>Refroidisseurs, \u00e9changeurs de chaleur et condenseurs : d\u00e9tartrage efficace et meilleure efficacit\u00e9.<br \/>\nChaudi\u00e8res et radiateurs : Nettoyage et d\u00e9tartrage en toute s\u00e9curit\u00e9 des syst\u00e8mes de chauffage ferm\u00e9s.<br \/>\n\u00c9limination de la rouille et du tartre : Id\u00e9al pour \u00e9liminer la rouille des pi\u00e8ces corrod\u00e9es et les d\u00e9p\u00f4ts tenaces sur diverses surfaces.<br \/>\nAutres \u00e9quipements industriels : Excellent pour le nettoyage des plateaux, des canaux de drainage, des filtres et autres.<\/p>\n<h3><strong>\ud83d\udccb Comment utiliser<\/strong><\/h3>\n<ol>\n<li>M\u00e9langer NANOCLEAN AC DESCALER ECO avec de l&rsquo;eau, en fonction de l&rsquo;application :<br \/>\n5% (1:20) &#8211; Pour un nettoyage manuel l\u00e9ger des m\u00e9taux d\u00e9licats.<br \/>\n20% (1:5) &#8211; Pour le d\u00e9tartrage des syst\u00e8mes de chauffage ferm\u00e9s.<br \/>\n25% (1:4) &#8211; Pour le nettoyage par immersion ou l&rsquo;\u00e9limination des taches et des d\u00e9p\u00f4ts difficiles.<br \/>\n50% (1:2) &#8211; Pour enlever la rouille des pi\u00e8ces corrod\u00e9es.<br \/>\n<strong>Conseil :<\/strong> Chauffer la solution \u00e0 40-70\u00b0C acc\u00e9l\u00e9rera le processus de d\u00e9tartrage.<\/li>\n<li>Appliquer la solution, attendre 5 \u00e0 15 minutes, puis rincer abondamment \u00e0 l&rsquo;eau sous pression.<\/li>\n<li>Apr\u00e8s le d\u00e9tartrage, rincer le syst\u00e8me avec de l&rsquo;eau ou une solution alcaline telle que PV NEW (NU830) pour un rin\u00e7age final.<\/li>\n<\/ol>\n<p><strong>Pourquoi choisir NANOCLEAN AC DESCALER ECO ?<\/strong>  NANOCLEAN AC DESCALER ECO est une formule haute performance con\u00e7ue dans un souci de s\u00e9curit\u00e9 et d&rsquo;efficacit\u00e9. Sa formulation avanc\u00e9e permet un nettoyage rapide et efficace tout en prot\u00e9geant les \u00e9quipements de la corrosion et des dommages. Gr\u00e2ce \u00e0 ses propri\u00e9t\u00e9s respectueuses de l&rsquo;environnement, ce produit peut \u00eatre utilis\u00e9 dans une grande vari\u00e9t\u00e9 d&rsquo;industries, y compris l&rsquo;industrie alimentaire. Gr\u00e2ce \u00e0 ce nettoyant puissant, vous pouvez prolonger la dur\u00e9e de vie de votre \u00e9quipement et am\u00e9liorer votre efficacit\u00e9 op\u00e9rationnelle, tout en veillant \u00e0 la s\u00e9curit\u00e9 et \u00e0 l&rsquo;environnement.   <\/p>\n<p>Votre solution fiable pour un d\u00e9tartrage et un nettoyage s\u00fbrs et efficaces.<\/p>\n","protected":false},"excerpt":{"rendered":"<h3>Concentr\u00e9 d&rsquo;acide s\u00fbr pour l&rsquo;\u00e9limination du calcaire<\/h3>\n<p><strong>\u2705 Efficacit\u00e9 et action rapide :<\/strong> dissout rapidement diff\u00e9rents types de tartre et de d\u00e9p\u00f4ts, notamment le calcaire, le tartre, la rouille et les d\u00e9p\u00f4ts organiques.<\/p>\n<p>\u2705 <strong>S\u00fbr pour de nombreuses surfaces :<\/strong> excellent pour une utilisation sur le fer et les m\u00e9taux non ferreux tels que l&rsquo;aluminium, le cuivre, le laiton, le zinc et l&rsquo;acier inoxydable, ainsi que sur la plupart des peintures, des plastiques, du caoutchouc et des joints.<\/p>\n<p>\u2705 <strong>Inhibiteurs de corrosion :<\/strong> Contient des additifs sp\u00e9cialis\u00e9s qui prot\u00e8gent les surfaces m\u00e9talliques pendant le nettoyage.<\/p>\n<p>\u2705 <strong>Respectueux de l&rsquo;environnement :<\/strong> biod\u00e9gradable selon les normes de l&rsquo;OCDE, ce qui permet de r\u00e9duire l&rsquo;impact sur l&rsquo;environnement.<\/p>\n<p>\u2705 <strong>Polyvalence :<\/strong> Id\u00e9al pour le nettoyage des \u00e9changeurs de chaleur, des chaudi\u00e8res, des radiateurs, des syst\u00e8mes de chauffage, des radiateurs, des condenseurs, des filtres et de nombreux autres composants industriels.<\/p>\n<p>\u2705 <strong>Facile \u00e0 utiliser :<\/strong> La formule peu moussante assure un nettoyage facile par des m\u00e9thodes telles que le trempage, la pulv\u00e9risation, le nettoyage \u00e0 la main et le brossage doux.<\/p>\n","protected":false},"featured_media":14561,"template":"","meta":{"_kad_blocks_custom_css":"","_kad_blocks_head_custom_js":"","_kad_blocks_body_custom_js":"","_kad_blocks_footer_custom_js":"","_kad_post_transparent":"","_kad_post_title":"","_kad_post_layout":"","_kad_post_sidebar_id":"","_kad_post_content_style":"","_kad_post_vertical_padding":"","_kad_post_feature":"","_kad_post_feature_position":"","_kad_post_header":false,"_kad_post_footer":false,"_kad_post_classname":""},"product_brand":[],"product_cat":[123],"product_tag":[],"class_list":{"0":"post-8123","1":"product","2":"type-product","3":"status-publish","4":"has-post-thumbnail","6":"product_cat-hvac-fr","8":"first","9":"outofstock","10":"taxable","11":"shipping-taxable","12":"purchasable","13":"product-type-simple","14":"entry","15":"content-bg","16":"loop-entry"},"yoast_head":"<!-- This site is optimized with the Yoast SEO plugin v27.4 - https:\/\/yoast.com\/product\/yoast-seo-wordpress\/ -->\n<title>NU810 AC DESCALER ECO - NANOCLEAN<\/title>\n<meta name=\"robots\" content=\"index, follow, max-snippet:-1, max-image-preview:large, max-video-preview:-1\" \/>\n<link rel=\"canonical\" href=\"https:\/\/nanoclean24.com\/fr\/produit\/nu810-ac-descaler-eco\/\" \/>\n<meta property=\"og:locale\" content=\"fr_FR\" \/>\n<meta property=\"og:type\" content=\"article\" \/>\n<meta property=\"og:title\" content=\"NU810 AC DESCALER ECO - NANOCLEAN\" \/>\n<meta property=\"og:description\" content=\"Concentr\u00e9 d&#039;acide s\u00fbr pour l&#039;\u00e9limination du calcaire \u2705 Efficacit\u00e9 et action rapide : dissout rapidement diff\u00e9rents types de tartre et de d\u00e9p\u00f4ts, notamment le calcaire, le tartre, la rouille et les d\u00e9p\u00f4ts organiques. \u2705 S\u00fbr pour de nombreuses surfaces : excellent pour une utilisation sur le fer et les m\u00e9taux non ferreux tels que l&#039;aluminium, le cuivre, le laiton, le zinc et l&#039;acier inoxydable, ainsi que sur la plupart des peintures, des plastiques, du caoutchouc et des joints. \u2705 Inhibiteurs de corrosion : Contient des additifs sp\u00e9cialis\u00e9s qui prot\u00e8gent les surfaces m\u00e9talliques pendant le nettoyage. \u2705 Respectueux de l&#039;environnement : biod\u00e9gradable selon les normes de l&#039;OCDE, ce qui permet de r\u00e9duire l&#039;impact sur l&#039;environnement. \u2705 Polyvalence : Id\u00e9al pour le nettoyage des \u00e9changeurs de chaleur, des chaudi\u00e8res, des radiateurs, des syst\u00e8mes de chauffage, des radiateurs, des condenseurs, des filtres et de nombreux autres composants industriels. \u2705 Facile \u00e0 utiliser : La formule peu moussante assure un nettoyage facile par des m\u00e9thodes telles que le trempage, la pulv\u00e9risation, le nettoyage \u00e0 la main et le brossage doux.\" \/>\n<meta property=\"og:url\" content=\"https:\/\/nanoclean24.com\/fr\/produit\/nu810-ac-descaler-eco\/\" \/>\n<meta property=\"og:site_name\" content=\"NANOCLEAN\" \/>\n<meta property=\"article:modified_time\" content=\"2026-01-05T14:23:41+00:00\" \/>\n<meta property=\"og:image\" content=\"https:\/\/nanoclean24.com\/wp-content\/uploads\/2025\/07\/U810.jpg\" \/>\n\t<meta property=\"og:image:width\" content=\"1200\" \/>\n\t<meta property=\"og:image:height\" content=\"1200\" \/>\n\t<meta property=\"og:image:type\" content=\"image\/jpeg\" \/>\n<meta name=\"twitter:card\" content=\"summary_large_image\" \/>\n<meta name=\"twitter:label1\" content=\"Dur\u00e9e de lecture estim\u00e9e\" \/>\n\t<meta name=\"twitter:data1\" content=\"2 minutes\" \/>\n<script type=\"application\/ld+json\" class=\"yoast-schema-graph\">{\"@context\":\"https:\\\/\\\/schema.org\",\"@graph\":[{\"@type\":\"WebPage\",\"@id\":\"https:\\\/\\\/nanoclean24.com\\\/fr\\\/produit\\\/nu810-ac-descaler-eco\\\/\",\"url\":\"https:\\\/\\\/nanoclean24.com\\\/fr\\\/produit\\\/nu810-ac-descaler-eco\\\/\",\"name\":\"NU810 AC DESCALER ECO - NANOCLEAN\",\"isPartOf\":{\"@id\":\"https:\\\/\\\/nanoclean24.com\\\/fr\\\/#website\"},\"primaryImageOfPage\":{\"@id\":\"https:\\\/\\\/nanoclean24.com\\\/fr\\\/produit\\\/nu810-ac-descaler-eco\\\/#primaryimage\"},\"image\":{\"@id\":\"https:\\\/\\\/nanoclean24.com\\\/fr\\\/produit\\\/nu810-ac-descaler-eco\\\/#primaryimage\"},\"thumbnailUrl\":\"https:\\\/\\\/nanoclean24.com\\\/wp-content\\\/uploads\\\/2025\\\/09\\\/U810X-1.png\",\"datePublished\":\"2025-09-26T08:31:11+00:00\",\"dateModified\":\"2026-01-05T14:23:41+00:00\",\"breadcrumb\":{\"@id\":\"https:\\\/\\\/nanoclean24.com\\\/fr\\\/produit\\\/nu810-ac-descaler-eco\\\/#breadcrumb\"},\"inLanguage\":\"fr-FR\",\"potentialAction\":[{\"@type\":\"ReadAction\",\"target\":[\"https:\\\/\\\/nanoclean24.com\\\/fr\\\/produit\\\/nu810-ac-descaler-eco\\\/\"]}]},{\"@type\":\"ImageObject\",\"inLanguage\":\"fr-FR\",\"@id\":\"https:\\\/\\\/nanoclean24.com\\\/fr\\\/produit\\\/nu810-ac-descaler-eco\\\/#primaryimage\",\"url\":\"https:\\\/\\\/nanoclean24.com\\\/wp-content\\\/uploads\\\/2025\\\/09\\\/U810X-1.png\",\"contentUrl\":\"https:\\\/\\\/nanoclean24.com\\\/wp-content\\\/uploads\\\/2025\\\/09\\\/U810X-1.png\",\"width\":1200,\"height\":1200},{\"@type\":\"BreadcrumbList\",\"@id\":\"https:\\\/\\\/nanoclean24.com\\\/fr\\\/produit\\\/nu810-ac-descaler-eco\\\/#breadcrumb\",\"itemListElement\":[{\"@type\":\"ListItem\",\"position\":1,\"name\":\"Strona g\u0142\u00f3wna\",\"item\":\"https:\\\/\\\/nanoclean24.com\\\/fr\\\/\"},{\"@type\":\"ListItem\",\"position\":2,\"name\":\"Boutique\",\"item\":\"https:\\\/\\\/nanoclean24.com\\\/shop\\\/\"},{\"@type\":\"ListItem\",\"position\":3,\"name\":\"NU810 AC DESCALER ECO\"}]},{\"@type\":\"WebSite\",\"@id\":\"https:\\\/\\\/nanoclean24.com\\\/fr\\\/#website\",\"url\":\"https:\\\/\\\/nanoclean24.com\\\/fr\\\/\",\"name\":\"NanoClean\",\"description\":\"\",\"publisher\":{\"@id\":\"https:\\\/\\\/nanoclean24.com\\\/fr\\\/#organization\"},\"potentialAction\":[{\"@type\":\"SearchAction\",\"target\":{\"@type\":\"EntryPoint\",\"urlTemplate\":\"https:\\\/\\\/nanoclean24.com\\\/fr\\\/?s={search_term_string}\"},\"query-input\":{\"@type\":\"PropertyValueSpecification\",\"valueRequired\":true,\"valueName\":\"search_term_string\"}}],\"inLanguage\":\"fr-FR\"},{\"@type\":\"Organization\",\"@id\":\"https:\\\/\\\/nanoclean24.com\\\/fr\\\/#organization\",\"name\":\"NanoClean\",\"url\":\"https:\\\/\\\/nanoclean24.com\\\/fr\\\/\",\"logo\":{\"@type\":\"ImageObject\",\"inLanguage\":\"fr-FR\",\"@id\":\"https:\\\/\\\/nanoclean24.com\\\/fr\\\/#\\\/schema\\\/logo\\\/image\\\/\",\"url\":\"https:\\\/\\\/nanoclean24.com\\\/wp-content\\\/uploads\\\/2025\\\/07\\\/logo-2.jpg\",\"contentUrl\":\"https:\\\/\\\/nanoclean24.com\\\/wp-content\\\/uploads\\\/2025\\\/07\\\/logo-2.jpg\",\"width\":1068,\"height\":224,\"caption\":\"NanoClean\"},\"image\":{\"@id\":\"https:\\\/\\\/nanoclean24.com\\\/fr\\\/#\\\/schema\\\/logo\\\/image\\\/\"}}]}<\/script>\n<!-- \/ Yoast SEO plugin. -->","yoast_head_json":{"title":"NU810 AC DESCALER ECO - NANOCLEAN","robots":{"index":"index","follow":"follow","max-snippet":"max-snippet:-1","max-image-preview":"max-image-preview:large","max-video-preview":"max-video-preview:-1"},"canonical":"https:\/\/nanoclean24.com\/fr\/produit\/nu810-ac-descaler-eco\/","og_locale":"fr_FR","og_type":"article","og_title":"NU810 AC DESCALER ECO - NANOCLEAN","og_description":"Concentr\u00e9 d'acide s\u00fbr pour l'\u00e9limination du calcaire \u2705 Efficacit\u00e9 et action rapide : dissout rapidement diff\u00e9rents types de tartre et de d\u00e9p\u00f4ts, notamment le calcaire, le tartre, la rouille et les d\u00e9p\u00f4ts organiques. \u2705 S\u00fbr pour de nombreuses surfaces : excellent pour une utilisation sur le fer et les m\u00e9taux non ferreux tels que l'aluminium, le cuivre, le laiton, le zinc et l'acier inoxydable, ainsi que sur la plupart des peintures, des plastiques, du caoutchouc et des joints. \u2705 Inhibiteurs de corrosion : Contient des additifs sp\u00e9cialis\u00e9s qui prot\u00e8gent les surfaces m\u00e9talliques pendant le nettoyage. \u2705 Respectueux de l'environnement : biod\u00e9gradable selon les normes de l'OCDE, ce qui permet de r\u00e9duire l'impact sur l'environnement. \u2705 Polyvalence : Id\u00e9al pour le nettoyage des \u00e9changeurs de chaleur, des chaudi\u00e8res, des radiateurs, des syst\u00e8mes de chauffage, des radiateurs, des condenseurs, des filtres et de nombreux autres composants industriels. \u2705 Facile \u00e0 utiliser : La formule peu moussante assure un nettoyage facile par des m\u00e9thodes telles que le trempage, la pulv\u00e9risation, le nettoyage \u00e0 la main et le brossage doux.","og_url":"https:\/\/nanoclean24.com\/fr\/produit\/nu810-ac-descaler-eco\/","og_site_name":"NANOCLEAN","article_modified_time":"2026-01-05T14:23:41+00:00","og_image":[{"width":1200,"height":1200,"url":"https:\/\/nanoclean24.com\/wp-content\/uploads\/2025\/07\/U810.jpg","type":"image\/jpeg"}],"twitter_card":"summary_large_image","twitter_misc":{"Dur\u00e9e de lecture estim\u00e9e":"2 minutes"},"schema":{"@context":"https:\/\/schema.org","@graph":[{"@type":"WebPage","@id":"https:\/\/nanoclean24.com\/fr\/produit\/nu810-ac-descaler-eco\/","url":"https:\/\/nanoclean24.com\/fr\/produit\/nu810-ac-descaler-eco\/","name":"NU810 AC DESCALER ECO - NANOCLEAN","isPartOf":{"@id":"https:\/\/nanoclean24.com\/fr\/#website"},"primaryImageOfPage":{"@id":"https:\/\/nanoclean24.com\/fr\/produit\/nu810-ac-descaler-eco\/#primaryimage"},"image":{"@id":"https:\/\/nanoclean24.com\/fr\/produit\/nu810-ac-descaler-eco\/#primaryimage"},"thumbnailUrl":"https:\/\/nanoclean24.com\/wp-content\/uploads\/2025\/09\/U810X-1.png","datePublished":"2025-09-26T08:31:11+00:00","dateModified":"2026-01-05T14:23:41+00:00","breadcrumb":{"@id":"https:\/\/nanoclean24.com\/fr\/produit\/nu810-ac-descaler-eco\/#breadcrumb"},"inLanguage":"fr-FR","potentialAction":[{"@type":"ReadAction","target":["https:\/\/nanoclean24.com\/fr\/produit\/nu810-ac-descaler-eco\/"]}]},{"@type":"ImageObject","inLanguage":"fr-FR","@id":"https:\/\/nanoclean24.com\/fr\/produit\/nu810-ac-descaler-eco\/#primaryimage","url":"https:\/\/nanoclean24.com\/wp-content\/uploads\/2025\/09\/U810X-1.png","contentUrl":"https:\/\/nanoclean24.com\/wp-content\/uploads\/2025\/09\/U810X-1.png","width":1200,"height":1200},{"@type":"BreadcrumbList","@id":"https:\/\/nanoclean24.com\/fr\/produit\/nu810-ac-descaler-eco\/#breadcrumb","itemListElement":[{"@type":"ListItem","position":1,"name":"Strona g\u0142\u00f3wna","item":"https:\/\/nanoclean24.com\/fr\/"},{"@type":"ListItem","position":2,"name":"Boutique","item":"https:\/\/nanoclean24.com\/shop\/"},{"@type":"ListItem","position":3,"name":"NU810 AC DESCALER ECO"}]},{"@type":"WebSite","@id":"https:\/\/nanoclean24.com\/fr\/#website","url":"https:\/\/nanoclean24.com\/fr\/","name":"NanoClean","description":"","publisher":{"@id":"https:\/\/nanoclean24.com\/fr\/#organization"},"potentialAction":[{"@type":"SearchAction","target":{"@type":"EntryPoint","urlTemplate":"https:\/\/nanoclean24.com\/fr\/?s={search_term_string}"},"query-input":{"@type":"PropertyValueSpecification","valueRequired":true,"valueName":"search_term_string"}}],"inLanguage":"fr-FR"},{"@type":"Organization","@id":"https:\/\/nanoclean24.com\/fr\/#organization","name":"NanoClean","url":"https:\/\/nanoclean24.com\/fr\/","logo":{"@type":"ImageObject","inLanguage":"fr-FR","@id":"https:\/\/nanoclean24.com\/fr\/#\/schema\/logo\/image\/","url":"https:\/\/nanoclean24.com\/wp-content\/uploads\/2025\/07\/logo-2.jpg","contentUrl":"https:\/\/nanoclean24.com\/wp-content\/uploads\/2025\/07\/logo-2.jpg","width":1068,"height":224,"caption":"NanoClean"},"image":{"@id":"https:\/\/nanoclean24.com\/fr\/#\/schema\/logo\/image\/"}}]}},"taxonomy_info":{"product_cat":[{"value":123,"label":"HVAC PRO"}]},"featured_image_src_large":["https:\/\/nanoclean24.com\/wp-content\/uploads\/2025\/09\/U810X-1-1024x1024.png",1024,1024,true],"author_info":[],"comment_info":"","_links":{"self":[{"href":"https:\/\/nanoclean24.com\/fr\/wp-json\/wp\/v2\/product\/8123","targetHints":{"allow":["GET"]}}],"collection":[{"href":"https:\/\/nanoclean24.com\/fr\/wp-json\/wp\/v2\/product"}],"about":[{"href":"https:\/\/nanoclean24.com\/fr\/wp-json\/wp\/v2\/types\/product"}],"wp:featuredmedia":[{"embeddable":true,"href":"https:\/\/nanoclean24.com\/fr\/wp-json\/wp\/v2\/media\/14561"}],"wp:attachment":[{"href":"https:\/\/nanoclean24.com\/fr\/wp-json\/wp\/v2\/media?parent=8123"}],"wp:term":[{"taxonomy":"product_brand","embeddable":true,"href":"https:\/\/nanoclean24.com\/fr\/wp-json\/wp\/v2\/product_brand?post=8123"},{"taxonomy":"product_cat","embeddable":true,"href":"https:\/\/nanoclean24.com\/fr\/wp-json\/wp\/v2\/product_cat?post=8123"},{"taxonomy":"product_tag","embeddable":true,"href":"https:\/\/nanoclean24.com\/fr\/wp-json\/wp\/v2\/product_tag?post=8123"}],"curies":[{"name":"wp","href":"https:\/\/api.w.org\/{rel}","templated":true}]}}