{"id":8122,"date":"2025-09-26T10:31:11","date_gmt":"2025-09-26T08:31:11","guid":{"rendered":"https:\/\/nanoclean24.com\/produkt\/nu801-ac-foamclean\/"},"modified":"2025-10-24T14:39:56","modified_gmt":"2025-10-24T12:39:56","slug":"nu801-ac-foamclean","status":"publish","type":"product","link":"https:\/\/nanoclean24.com\/fr\/produit\/nu801-ac-foamclean\/","title":{"rendered":"NU801 AC FOAMCLEAN 1L"},"content":{"rendered":"<p>NANOCLEAN AC FOAMCLEAN est un liquide de nettoyage alcalin hautement concentr\u00e9 sous forme de mousse active, con\u00e7u pour nettoyer efficacement et puissamment une vari\u00e9t\u00e9 d&rsquo;\u00e9quipements industriels et de CVC. Sa formulation avanc\u00e9e permet d&rsquo;\u00e9liminer efficacement les graisses, les huiles, les cires, la salet\u00e9 des routes et des voies ferr\u00e9es, la r\u00e9sine, l&rsquo;encre, les taches s\u00e9ch\u00e9es, les contaminants bitumineux, les r\u00e9sidus de tabac, les d\u00e9chets organiques tels que les feuilles, l&rsquo;herbe et l&rsquo;\u00e9corce, ainsi que d&rsquo;autres contaminants tenaces. Id\u00e9al pour le nettoyage d&rsquo;une large gamme de surfaces et d&rsquo;\u00e9quipements, y compris les condenseurs (\u00e9vaporateurs) de climatisation, les radiateurs, les \u00e9changeurs de chaleur, les refroidisseurs \u00e0 sec, les conduits d&rsquo;air, les ventilateurs, les conduits de distribution d&rsquo;air, les plateaux d&rsquo;\u00e9gouttage et bien d&rsquo;autres encore.  <\/p>\n<h3><strong>Application<\/strong><\/h3>\n<p>Syst\u00e8mes CVC : id\u00e9al pour nettoyer les unit\u00e9s de climatisation, les condenseurs, les filtres \u00e0 air \u00e9lectroniques et les conduits d&rsquo;air.<br \/>\nNettoyage industriel : Excellent pour \u00e9liminer les graisses tenaces, l&rsquo;huile et les autres contaminants des pi\u00e8ces m\u00e9caniques, des machines et de l&rsquo;\u00e9quipement industriel.<br \/>\nNettoyage des moyens de transport : Convient aux v\u00e9hicules, y compris les voitures, les camions, les trains et autres. Nettoie efficacement les moteurs, les roues en aluminium, les ch\u00e2ssis et les surfaces peintes.<br \/>\nIndustrie alimentaire : Excellent pour le nettoyage des syst\u00e8mes de ventilation dans les friteuses, les cuisines et les zones de production alimentaire, y compris les kebabs et les bars.<br \/>\nNettoyage des toits et des surfaces ext\u00e9rieures : Elimine facilement la salet\u00e9, la mousse, la r\u00e9sine et les autres contaminants des toits, des fa\u00e7ades et des autres surfaces ext\u00e9rieures.<\/p>\n<h3><strong>\ud83d\udccb Comment utiliser<\/strong><\/h3>\n<p>Diluer avec de l&rsquo;eau en fonction du degr\u00e9 de contamination et du type de nettoyage :<br \/>\nNettoyage g\u00e9n\u00e9ral : 1:50 \u00e0 1:10 (2-10%) avec de l&rsquo;eau froide ou ti\u00e8de.<br \/>\nNettoyage difficile (\u00e9limination des graisses et des huiles) : 1:10 \u00e0 1:4 (10-25%) avec de l&rsquo;eau froide ou ti\u00e8de.<br \/>\nLavage sous pression : 1:200 \u00e0 1:20 (0,5-5%) avec de l&rsquo;eau froide ou ti\u00e8de.<br \/>\nSurfaces peintes : 1:100 \u00e0 1:20 (1-5%) avec de l&rsquo;eau.<br \/>\nAppliquer la solution sur la surface \u00e0 nettoyer. Laissez la mousse agir pendant 3 \u00e0 5 minutes pour dissoudre la salet\u00e9, puis rincez \u00e0 l&rsquo;eau sous pression. R\u00e9p\u00e9ter l&rsquo;op\u00e9ration si n\u00e9cessaire.  <\/p>\n<h3><strong>Notes de s\u00e9curit\u00e9<\/strong><\/h3>\n<p>Utiliser des gants de protection et des lunettes de protection pendant l&rsquo;application.<br \/>\n\u00c9viter le contact direct avec la peau.<br \/>\nSuivez toujours les consignes de s\u00e9curit\u00e9 figurant sur la fiche de donn\u00e9es de s\u00e9curit\u00e9 avant toute utilisation.<\/p>\n<p>D\u00e9couvrez le pouvoir nettoyant unique de NANOCLEAN AC FOAMCLEAN, la solution id\u00e9ale pour tous vos besoins de nettoyage industriel et HVAC.<\/p>\n","protected":false},"excerpt":{"rendered":"<h3>Liquide de nettoyage alcalin hautement concentr\u00e9 sous forme de mousse active<\/h3>\n<p><strong>\u2705 Formule super concentr\u00e9e<\/strong>: Offre une efficacit\u00e9 exceptionnelle avec une consommation minimale de produit.<\/p>\n<p>\u2705<strong> Nettoyant universel :<\/strong> convient \u00e0 un large \u00e9ventail de surfaces et de salissures, y compris la graisse, l&rsquo;huile, la salet\u00e9 de la route et les taches organiques.<\/p>\n<p><strong>\u2705 Efficace sur les syst\u00e8mes HVAC :<\/strong> nettoie efficacement les condenseurs, les \u00e9vaporateurs, les filtres \u00e0 air \u00e9lectroniques, les bouches d&rsquo;a\u00e9ration et les pi\u00e8ces m\u00e9caniques.<\/p>\n<p><strong>\u2705 P\u00e9n\u00e8tre et dissout la salet\u00e9 :<\/strong> Adh\u00e8re fortement aux surfaces verticales et reste en place jusqu&rsquo;\u00e0 5 minutes, permettant une p\u00e9n\u00e9tration plus profonde et un nettoyage plus efficace.<\/p>\n<p><strong>\u2705 Biod\u00e9gradable :<\/strong> Enti\u00e8rement biod\u00e9gradable selon les directives de l&rsquo;OCDE.<\/p>\n<p>\u2705 <strong>Compatible avec de multiples surfaces :<\/strong> Sans danger pour les surfaces peintes, les plastiques, les \u00e9lastom\u00e8res, les tissus, le bois, la c\u00e9ramique, les m\u00e9taux, ainsi que les alliages d&rsquo;aluminium et de cuivre, \u00e0 condition de les rincer \u00e0 l&rsquo;eau apr\u00e8s utilisation.<\/p>\n","protected":false},"featured_media":14543,"template":"","meta":{"_kad_blocks_custom_css":"","_kad_blocks_head_custom_js":"","_kad_blocks_body_custom_js":"","_kad_blocks_footer_custom_js":"","_kad_post_transparent":"","_kad_post_title":"","_kad_post_layout":"","_kad_post_sidebar_id":"","_kad_post_content_style":"","_kad_post_vertical_padding":"","_kad_post_feature":"","_kad_post_feature_position":"","_kad_post_header":false,"_kad_post_footer":false,"_kad_post_classname":""},"product_brand":[],"product_cat":[123],"product_tag":[],"class_list":{"0":"post-8122","1":"product","2":"type-product","3":"status-publish","4":"has-post-thumbnail","6":"product_cat-hvac-fr","8":"first","9":"outofstock","10":"taxable","11":"shipping-taxable","12":"purchasable","13":"product-type-simple","14":"entry","15":"content-bg","16":"loop-entry"},"yoast_head":"<!-- This site is optimized with the Yoast SEO plugin v27.4 - https:\/\/yoast.com\/product\/yoast-seo-wordpress\/ -->\n<title>NU801 AC FOAMCLEAN 1L - NANOCLEAN<\/title>\n<meta name=\"robots\" content=\"index, follow, max-snippet:-1, max-image-preview:large, max-video-preview:-1\" \/>\n<link rel=\"canonical\" href=\"https:\/\/nanoclean24.com\/fr\/produit\/nu801-ac-foamclean\/\" \/>\n<meta property=\"og:locale\" content=\"fr_FR\" \/>\n<meta property=\"og:type\" content=\"article\" \/>\n<meta property=\"og:title\" content=\"NU801 AC FOAMCLEAN 1L - NANOCLEAN\" \/>\n<meta property=\"og:description\" content=\"Liquide de nettoyage alcalin hautement concentr\u00e9 sous forme de mousse active \u2705 Formule super concentr\u00e9e: Offre une efficacit\u00e9 exceptionnelle avec une consommation minimale de produit. \u2705 Nettoyant universel : convient \u00e0 un large \u00e9ventail de surfaces et de salissures, y compris la graisse, l&#039;huile, la salet\u00e9 de la route et les taches organiques. \u2705 Efficace sur les syst\u00e8mes HVAC : nettoie efficacement les condenseurs, les \u00e9vaporateurs, les filtres \u00e0 air \u00e9lectroniques, les bouches d&#039;a\u00e9ration et les pi\u00e8ces m\u00e9caniques. \u2705 P\u00e9n\u00e8tre et dissout la salet\u00e9 : Adh\u00e8re fortement aux surfaces verticales et reste en place jusqu&#039;\u00e0 5 minutes, permettant une p\u00e9n\u00e9tration plus profonde et un nettoyage plus efficace. \u2705 Biod\u00e9gradable : Enti\u00e8rement biod\u00e9gradable selon les directives de l&#039;OCDE. \u2705 Compatible avec de multiples surfaces : Sans danger pour les surfaces peintes, les plastiques, les \u00e9lastom\u00e8res, les tissus, le bois, la c\u00e9ramique, les m\u00e9taux, ainsi que les alliages d&#039;aluminium et de cuivre, \u00e0 condition de les rincer \u00e0 l&#039;eau apr\u00e8s utilisation.\" \/>\n<meta property=\"og:url\" content=\"https:\/\/nanoclean24.com\/fr\/produit\/nu801-ac-foamclean\/\" \/>\n<meta property=\"og:site_name\" content=\"NANOCLEAN\" \/>\n<meta property=\"article:modified_time\" content=\"2025-10-24T12:39:56+00:00\" \/>\n<meta name=\"twitter:card\" content=\"summary_large_image\" \/>\n<meta name=\"twitter:label1\" content=\"Dur\u00e9e de lecture estim\u00e9e\" \/>\n\t<meta name=\"twitter:data1\" content=\"2 minutes\" \/>\n<script type=\"application\/ld+json\" class=\"yoast-schema-graph\">{\"@context\":\"https:\\\/\\\/schema.org\",\"@graph\":[{\"@type\":\"WebPage\",\"@id\":\"https:\\\/\\\/nanoclean24.com\\\/fr\\\/produit\\\/nu801-ac-foamclean\\\/\",\"url\":\"https:\\\/\\\/nanoclean24.com\\\/fr\\\/produit\\\/nu801-ac-foamclean\\\/\",\"name\":\"NU801 AC FOAMCLEAN 1L - NANOCLEAN\",\"isPartOf\":{\"@id\":\"https:\\\/\\\/nanoclean24.com\\\/fr\\\/#website\"},\"primaryImageOfPage\":{\"@id\":\"https:\\\/\\\/nanoclean24.com\\\/fr\\\/produit\\\/nu801-ac-foamclean\\\/#primaryimage\"},\"image\":{\"@id\":\"https:\\\/\\\/nanoclean24.com\\\/fr\\\/produit\\\/nu801-ac-foamclean\\\/#primaryimage\"},\"thumbnailUrl\":\"https:\\\/\\\/nanoclean24.com\\\/wp-content\\\/uploads\\\/2025\\\/09\\\/801b1-2.jpg\",\"datePublished\":\"2025-09-26T08:31:11+00:00\",\"dateModified\":\"2025-10-24T12:39:56+00:00\",\"breadcrumb\":{\"@id\":\"https:\\\/\\\/nanoclean24.com\\\/fr\\\/produit\\\/nu801-ac-foamclean\\\/#breadcrumb\"},\"inLanguage\":\"fr-FR\",\"potentialAction\":[{\"@type\":\"ReadAction\",\"target\":[\"https:\\\/\\\/nanoclean24.com\\\/fr\\\/produit\\\/nu801-ac-foamclean\\\/\"]}]},{\"@type\":\"ImageObject\",\"inLanguage\":\"fr-FR\",\"@id\":\"https:\\\/\\\/nanoclean24.com\\\/fr\\\/produit\\\/nu801-ac-foamclean\\\/#primaryimage\",\"url\":\"https:\\\/\\\/nanoclean24.com\\\/wp-content\\\/uploads\\\/2025\\\/09\\\/801b1-2.jpg\",\"contentUrl\":\"https:\\\/\\\/nanoclean24.com\\\/wp-content\\\/uploads\\\/2025\\\/09\\\/801b1-2.jpg\",\"width\":1200,\"height\":1200},{\"@type\":\"BreadcrumbList\",\"@id\":\"https:\\\/\\\/nanoclean24.com\\\/fr\\\/produit\\\/nu801-ac-foamclean\\\/#breadcrumb\",\"itemListElement\":[{\"@type\":\"ListItem\",\"position\":1,\"name\":\"Strona g\u0142\u00f3wna\",\"item\":\"https:\\\/\\\/nanoclean24.com\\\/fr\\\/\"},{\"@type\":\"ListItem\",\"position\":2,\"name\":\"Boutique\",\"item\":\"https:\\\/\\\/nanoclean24.com\\\/shop\\\/\"},{\"@type\":\"ListItem\",\"position\":3,\"name\":\"NU801 AC FOAMCLEAN 1L\"}]},{\"@type\":\"WebSite\",\"@id\":\"https:\\\/\\\/nanoclean24.com\\\/fr\\\/#website\",\"url\":\"https:\\\/\\\/nanoclean24.com\\\/fr\\\/\",\"name\":\"NanoClean\",\"description\":\"\",\"publisher\":{\"@id\":\"https:\\\/\\\/nanoclean24.com\\\/fr\\\/#organization\"},\"potentialAction\":[{\"@type\":\"SearchAction\",\"target\":{\"@type\":\"EntryPoint\",\"urlTemplate\":\"https:\\\/\\\/nanoclean24.com\\\/fr\\\/?s={search_term_string}\"},\"query-input\":{\"@type\":\"PropertyValueSpecification\",\"valueRequired\":true,\"valueName\":\"search_term_string\"}}],\"inLanguage\":\"fr-FR\"},{\"@type\":\"Organization\",\"@id\":\"https:\\\/\\\/nanoclean24.com\\\/fr\\\/#organization\",\"name\":\"NanoClean\",\"url\":\"https:\\\/\\\/nanoclean24.com\\\/fr\\\/\",\"logo\":{\"@type\":\"ImageObject\",\"inLanguage\":\"fr-FR\",\"@id\":\"https:\\\/\\\/nanoclean24.com\\\/fr\\\/#\\\/schema\\\/logo\\\/image\\\/\",\"url\":\"https:\\\/\\\/nanoclean24.com\\\/wp-content\\\/uploads\\\/2025\\\/07\\\/logo-2.jpg\",\"contentUrl\":\"https:\\\/\\\/nanoclean24.com\\\/wp-content\\\/uploads\\\/2025\\\/07\\\/logo-2.jpg\",\"width\":1068,\"height\":224,\"caption\":\"NanoClean\"},\"image\":{\"@id\":\"https:\\\/\\\/nanoclean24.com\\\/fr\\\/#\\\/schema\\\/logo\\\/image\\\/\"}}]}<\/script>\n<!-- \/ Yoast SEO plugin. -->","yoast_head_json":{"title":"NU801 AC FOAMCLEAN 1L - NANOCLEAN","robots":{"index":"index","follow":"follow","max-snippet":"max-snippet:-1","max-image-preview":"max-image-preview:large","max-video-preview":"max-video-preview:-1"},"canonical":"https:\/\/nanoclean24.com\/fr\/produit\/nu801-ac-foamclean\/","og_locale":"fr_FR","og_type":"article","og_title":"NU801 AC FOAMCLEAN 1L - NANOCLEAN","og_description":"Liquide de nettoyage alcalin hautement concentr\u00e9 sous forme de mousse active \u2705 Formule super concentr\u00e9e: Offre une efficacit\u00e9 exceptionnelle avec une consommation minimale de produit. \u2705 Nettoyant universel : convient \u00e0 un large \u00e9ventail de surfaces et de salissures, y compris la graisse, l'huile, la salet\u00e9 de la route et les taches organiques. \u2705 Efficace sur les syst\u00e8mes HVAC : nettoie efficacement les condenseurs, les \u00e9vaporateurs, les filtres \u00e0 air \u00e9lectroniques, les bouches d'a\u00e9ration et les pi\u00e8ces m\u00e9caniques. \u2705 P\u00e9n\u00e8tre et dissout la salet\u00e9 : Adh\u00e8re fortement aux surfaces verticales et reste en place jusqu'\u00e0 5 minutes, permettant une p\u00e9n\u00e9tration plus profonde et un nettoyage plus efficace. \u2705 Biod\u00e9gradable : Enti\u00e8rement biod\u00e9gradable selon les directives de l'OCDE. \u2705 Compatible avec de multiples surfaces : Sans danger pour les surfaces peintes, les plastiques, les \u00e9lastom\u00e8res, les tissus, le bois, la c\u00e9ramique, les m\u00e9taux, ainsi que les alliages d'aluminium et de cuivre, \u00e0 condition de les rincer \u00e0 l'eau apr\u00e8s utilisation.","og_url":"https:\/\/nanoclean24.com\/fr\/produit\/nu801-ac-foamclean\/","og_site_name":"NANOCLEAN","article_modified_time":"2025-10-24T12:39:56+00:00","twitter_card":"summary_large_image","twitter_misc":{"Dur\u00e9e de lecture estim\u00e9e":"2 minutes"},"schema":{"@context":"https:\/\/schema.org","@graph":[{"@type":"WebPage","@id":"https:\/\/nanoclean24.com\/fr\/produit\/nu801-ac-foamclean\/","url":"https:\/\/nanoclean24.com\/fr\/produit\/nu801-ac-foamclean\/","name":"NU801 AC FOAMCLEAN 1L - NANOCLEAN","isPartOf":{"@id":"https:\/\/nanoclean24.com\/fr\/#website"},"primaryImageOfPage":{"@id":"https:\/\/nanoclean24.com\/fr\/produit\/nu801-ac-foamclean\/#primaryimage"},"image":{"@id":"https:\/\/nanoclean24.com\/fr\/produit\/nu801-ac-foamclean\/#primaryimage"},"thumbnailUrl":"https:\/\/nanoclean24.com\/wp-content\/uploads\/2025\/09\/801b1-2.jpg","datePublished":"2025-09-26T08:31:11+00:00","dateModified":"2025-10-24T12:39:56+00:00","breadcrumb":{"@id":"https:\/\/nanoclean24.com\/fr\/produit\/nu801-ac-foamclean\/#breadcrumb"},"inLanguage":"fr-FR","potentialAction":[{"@type":"ReadAction","target":["https:\/\/nanoclean24.com\/fr\/produit\/nu801-ac-foamclean\/"]}]},{"@type":"ImageObject","inLanguage":"fr-FR","@id":"https:\/\/nanoclean24.com\/fr\/produit\/nu801-ac-foamclean\/#primaryimage","url":"https:\/\/nanoclean24.com\/wp-content\/uploads\/2025\/09\/801b1-2.jpg","contentUrl":"https:\/\/nanoclean24.com\/wp-content\/uploads\/2025\/09\/801b1-2.jpg","width":1200,"height":1200},{"@type":"BreadcrumbList","@id":"https:\/\/nanoclean24.com\/fr\/produit\/nu801-ac-foamclean\/#breadcrumb","itemListElement":[{"@type":"ListItem","position":1,"name":"Strona g\u0142\u00f3wna","item":"https:\/\/nanoclean24.com\/fr\/"},{"@type":"ListItem","position":2,"name":"Boutique","item":"https:\/\/nanoclean24.com\/shop\/"},{"@type":"ListItem","position":3,"name":"NU801 AC FOAMCLEAN 1L"}]},{"@type":"WebSite","@id":"https:\/\/nanoclean24.com\/fr\/#website","url":"https:\/\/nanoclean24.com\/fr\/","name":"NanoClean","description":"","publisher":{"@id":"https:\/\/nanoclean24.com\/fr\/#organization"},"potentialAction":[{"@type":"SearchAction","target":{"@type":"EntryPoint","urlTemplate":"https:\/\/nanoclean24.com\/fr\/?s={search_term_string}"},"query-input":{"@type":"PropertyValueSpecification","valueRequired":true,"valueName":"search_term_string"}}],"inLanguage":"fr-FR"},{"@type":"Organization","@id":"https:\/\/nanoclean24.com\/fr\/#organization","name":"NanoClean","url":"https:\/\/nanoclean24.com\/fr\/","logo":{"@type":"ImageObject","inLanguage":"fr-FR","@id":"https:\/\/nanoclean24.com\/fr\/#\/schema\/logo\/image\/","url":"https:\/\/nanoclean24.com\/wp-content\/uploads\/2025\/07\/logo-2.jpg","contentUrl":"https:\/\/nanoclean24.com\/wp-content\/uploads\/2025\/07\/logo-2.jpg","width":1068,"height":224,"caption":"NanoClean"},"image":{"@id":"https:\/\/nanoclean24.com\/fr\/#\/schema\/logo\/image\/"}}]}},"taxonomy_info":{"product_cat":[{"value":123,"label":"HVAC PRO"}]},"featured_image_src_large":["https:\/\/nanoclean24.com\/wp-content\/uploads\/2025\/09\/801b1-2-1024x1024.jpg",1024,1024,true],"author_info":[],"comment_info":"","_links":{"self":[{"href":"https:\/\/nanoclean24.com\/fr\/wp-json\/wp\/v2\/product\/8122","targetHints":{"allow":["GET"]}}],"collection":[{"href":"https:\/\/nanoclean24.com\/fr\/wp-json\/wp\/v2\/product"}],"about":[{"href":"https:\/\/nanoclean24.com\/fr\/wp-json\/wp\/v2\/types\/product"}],"wp:featuredmedia":[{"embeddable":true,"href":"https:\/\/nanoclean24.com\/fr\/wp-json\/wp\/v2\/media\/14543"}],"wp:attachment":[{"href":"https:\/\/nanoclean24.com\/fr\/wp-json\/wp\/v2\/media?parent=8122"}],"wp:term":[{"taxonomy":"product_brand","embeddable":true,"href":"https:\/\/nanoclean24.com\/fr\/wp-json\/wp\/v2\/product_brand?post=8122"},{"taxonomy":"product_cat","embeddable":true,"href":"https:\/\/nanoclean24.com\/fr\/wp-json\/wp\/v2\/product_cat?post=8122"},{"taxonomy":"product_tag","embeddable":true,"href":"https:\/\/nanoclean24.com\/fr\/wp-json\/wp\/v2\/product_tag?post=8122"}],"curies":[{"name":"wp","href":"https:\/\/api.w.org\/{rel}","templated":true}]}}