{"id":8109,"date":"2025-09-26T10:31:11","date_gmt":"2025-09-26T08:31:11","guid":{"rendered":"https:\/\/nanoclean24.com\/produkt\/nu702-ac-foam-spray\/"},"modified":"2025-10-24T14:45:21","modified_gmt":"2025-10-24T12:45:21","slug":"nu702-ac-foam-spray","status":"publish","type":"product","link":"https:\/\/nanoclean24.com\/fr\/produit\/nu702-ac-foam-spray\/","title":{"rendered":"U702 SPRAY MOUSSE AC 500ML"},"content":{"rendered":"<p><strong>Id\u00e9al pour un nettoyage efficace sans eau<\/strong><\/p>\n<p>NANOCLEAN AC FOAM SPRAY est une mousse nettoyante puissante et polyvalente con\u00e7ue pour les syst\u00e8mes de climatisation lors de l&rsquo;installation et de l&rsquo;entretien, mais elle est \u00e9galement parfaite pour de nombreuses autres t\u00e2ches de nettoyage. Cette formule sans eau \u00e9limine efficacement la salet\u00e9, la graisse, l&rsquo;huile, les taches, les empreintes digitales, les adh\u00e9sifs et autres contaminants, laissant les surfaces impeccablement propres et rafra\u00eechies &#8211; sans besoin d&rsquo;eau. <\/p>\n<h3><strong>Application<\/strong><\/h3>\n<p>Unit\u00e9s de climatisation pendant l&rsquo;installation ou l&rsquo;entretien (bo\u00eetiers, filtres, m\u00e9canismes, outils, \u00e9limination des empreintes digitales).<br \/>\nId\u00e9al pour les bureaux, les habitations, les ateliers, les halls de production, les salles de bains, les cuisines et bien plus encore.<br \/>\nExcellent pour le nettoyage des machines, des \u00e9quipements \u00e9lectroniques, des appareils m\u00e9nagers, des ordinateurs, des \u00e9quipements sportifs, des v\u00e9hicules et des voitures.<\/p>\n<h3><strong>\ud83d\udccb Comment utiliser<\/strong><\/h3>\n<p>Tester le produit sur une surface \u00e0 peine visible avant de l&rsquo;utiliser.<br \/>\nAgiter l&rsquo;a\u00e9rosol avant utilisation.<br \/>\nVaporiser la surface \u00e0 une distance de 5 \u00e0 15 cm ou sur un chiffon.<br \/>\nEssuyer la surface avec un chiffon en microfibres.<\/p>\n<p><strong>Note :<\/strong> Pour un usage professionnel uniquement.<\/p>\n<p>NANOCLEAN AC FOAM SPRAY est la solution id\u00e9ale pour un nettoyage rapide et efficace qui restaure l&rsquo;aspect naturel des surfaces, ce qui le rend parfait pour une large gamme d&rsquo;industries et d&rsquo;applications.<\/p>\n","protected":false},"excerpt":{"rendered":"<h3>Mousse nettoyante active polyvalente<\/h3>\n<p><strong>\u2705 Formule active forte :<\/strong> Nettoie, d\u00e9graisse, \u00e9limine les taches et rafra\u00eechit les surfaces.<\/p>\n<p><strong>\u2705 Large compatibilit\u00e9 :<\/strong> peut \u00eatre utilis\u00e9 sur des surfaces dures et souples telles que le plastique, le m\u00e9tal (y compris le m\u00e9tal peint), le bois, le cuir, le verre et le tissu.<\/p>\n<p><strong> \u2705 Efficace sur une grande vari\u00e9t\u00e9 de contaminants :<\/strong> \u00c9limine les graisses, les huiles, les encres, les adh\u00e9sifs, les r\u00e9sidus d&rsquo;\u00e9tiquettes, les empreintes digitales et autres salissures courantes.<\/p>\n<p><strong>\u2705 Parfum agr\u00e9able et frais :<\/strong> Laisse un parfum propre et rafra\u00eechissant apr\u00e8s chaque utilisation.<\/p>\n<p><strong>\u2705 Protection antistatique :<\/strong> emp\u00eache l&rsquo;accumulation de poussi\u00e8re sur les surfaces nettoy\u00e9es.<\/p>\n<p>\u2705 <strong>Nettoyage sans eau :<\/strong> Pas besoin d&rsquo;eau pour le nettoyage des surfaces &#8211; il suffit de pulv\u00e9riser et d&rsquo;essuyer !<\/p>\n","protected":false},"featured_media":14030,"template":"","meta":{"_kad_blocks_custom_css":"","_kad_blocks_head_custom_js":"","_kad_blocks_body_custom_js":"","_kad_blocks_footer_custom_js":"","_kad_post_transparent":"","_kad_post_title":"","_kad_post_layout":"","_kad_post_sidebar_id":"","_kad_post_content_style":"","_kad_post_vertical_padding":"","_kad_post_feature":"","_kad_post_feature_position":"","_kad_post_header":false,"_kad_post_footer":false,"_kad_post_classname":""},"product_brand":[],"product_cat":[96],"product_tag":[],"class_list":{"0":"post-8109","1":"product","2":"type-product","3":"status-publish","4":"has-post-thumbnail","6":"product_cat-home-fr","8":"first","9":"outofstock","10":"taxable","11":"shipping-taxable","12":"purchasable","13":"product-type-simple","14":"entry","15":"content-bg","16":"loop-entry"},"yoast_head":"<!-- This site is optimized with the Yoast SEO plugin v27.4 - https:\/\/yoast.com\/product\/yoast-seo-wordpress\/ -->\n<title>U702 SPRAY MOUSSE AC 500ML - NANOCLEAN<\/title>\n<meta name=\"robots\" content=\"index, follow, max-snippet:-1, max-image-preview:large, max-video-preview:-1\" \/>\n<link rel=\"canonical\" href=\"https:\/\/nanoclean24.com\/fr\/produit\/nu702-ac-foam-spray\/\" \/>\n<meta property=\"og:locale\" content=\"fr_FR\" \/>\n<meta property=\"og:type\" content=\"article\" \/>\n<meta property=\"og:title\" content=\"U702 SPRAY MOUSSE AC 500ML - NANOCLEAN\" \/>\n<meta property=\"og:description\" content=\"Mousse nettoyante active polyvalente \u2705 Formule active forte : Nettoie, d\u00e9graisse, \u00e9limine les taches et rafra\u00eechit les surfaces. \u2705 Large compatibilit\u00e9 : peut \u00eatre utilis\u00e9 sur des surfaces dures et souples telles que le plastique, le m\u00e9tal (y compris le m\u00e9tal peint), le bois, le cuir, le verre et le tissu.  \u2705 Efficace sur une grande vari\u00e9t\u00e9 de contaminants : \u00c9limine les graisses, les huiles, les encres, les adh\u00e9sifs, les r\u00e9sidus d&#039;\u00e9tiquettes, les empreintes digitales et autres salissures courantes. \u2705 Parfum agr\u00e9able et frais : Laisse un parfum propre et rafra\u00eechissant apr\u00e8s chaque utilisation. \u2705 Protection antistatique : emp\u00eache l&#039;accumulation de poussi\u00e8re sur les surfaces nettoy\u00e9es. \u2705 Nettoyage sans eau : Pas besoin d&#039;eau pour le nettoyage des surfaces - il suffit de pulv\u00e9riser et d&#039;essuyer !\" \/>\n<meta property=\"og:url\" content=\"https:\/\/nanoclean24.com\/fr\/produit\/nu702-ac-foam-spray\/\" \/>\n<meta property=\"og:site_name\" content=\"NANOCLEAN\" \/>\n<meta property=\"article:modified_time\" content=\"2025-10-24T12:45:21+00:00\" \/>\n<meta property=\"og:image\" content=\"https:\/\/nanoclean24.com\/wp-content\/uploads\/2025\/09\/U702-1-1.png\" \/>\n\t<meta property=\"og:image:width\" content=\"1200\" \/>\n\t<meta property=\"og:image:height\" content=\"1200\" \/>\n\t<meta property=\"og:image:type\" content=\"image\/png\" \/>\n<meta name=\"twitter:card\" content=\"summary_large_image\" \/>\n<meta name=\"twitter:label1\" content=\"Dur\u00e9e de lecture estim\u00e9e\" \/>\n\t<meta name=\"twitter:data1\" content=\"1 minute\" \/>\n<script type=\"application\/ld+json\" class=\"yoast-schema-graph\">{\"@context\":\"https:\\\/\\\/schema.org\",\"@graph\":[{\"@type\":\"WebPage\",\"@id\":\"https:\\\/\\\/nanoclean24.com\\\/fr\\\/produit\\\/nu702-ac-foam-spray\\\/\",\"url\":\"https:\\\/\\\/nanoclean24.com\\\/fr\\\/produit\\\/nu702-ac-foam-spray\\\/\",\"name\":\"U702 SPRAY MOUSSE AC 500ML - NANOCLEAN\",\"isPartOf\":{\"@id\":\"https:\\\/\\\/nanoclean24.com\\\/fr\\\/#website\"},\"primaryImageOfPage\":{\"@id\":\"https:\\\/\\\/nanoclean24.com\\\/fr\\\/produit\\\/nu702-ac-foam-spray\\\/#primaryimage\"},\"image\":{\"@id\":\"https:\\\/\\\/nanoclean24.com\\\/fr\\\/produit\\\/nu702-ac-foam-spray\\\/#primaryimage\"},\"thumbnailUrl\":\"https:\\\/\\\/nanoclean24.com\\\/wp-content\\\/uploads\\\/2025\\\/09\\\/U702-1-1.png\",\"datePublished\":\"2025-09-26T08:31:11+00:00\",\"dateModified\":\"2025-10-24T12:45:21+00:00\",\"breadcrumb\":{\"@id\":\"https:\\\/\\\/nanoclean24.com\\\/fr\\\/produit\\\/nu702-ac-foam-spray\\\/#breadcrumb\"},\"inLanguage\":\"fr-FR\",\"potentialAction\":[{\"@type\":\"ReadAction\",\"target\":[\"https:\\\/\\\/nanoclean24.com\\\/fr\\\/produit\\\/nu702-ac-foam-spray\\\/\"]}]},{\"@type\":\"ImageObject\",\"inLanguage\":\"fr-FR\",\"@id\":\"https:\\\/\\\/nanoclean24.com\\\/fr\\\/produit\\\/nu702-ac-foam-spray\\\/#primaryimage\",\"url\":\"https:\\\/\\\/nanoclean24.com\\\/wp-content\\\/uploads\\\/2025\\\/09\\\/U702-1-1.png\",\"contentUrl\":\"https:\\\/\\\/nanoclean24.com\\\/wp-content\\\/uploads\\\/2025\\\/09\\\/U702-1-1.png\",\"width\":1200,\"height\":1200},{\"@type\":\"BreadcrumbList\",\"@id\":\"https:\\\/\\\/nanoclean24.com\\\/fr\\\/produit\\\/nu702-ac-foam-spray\\\/#breadcrumb\",\"itemListElement\":[{\"@type\":\"ListItem\",\"position\":1,\"name\":\"Strona g\u0142\u00f3wna\",\"item\":\"https:\\\/\\\/nanoclean24.com\\\/fr\\\/\"},{\"@type\":\"ListItem\",\"position\":2,\"name\":\"Boutique\",\"item\":\"https:\\\/\\\/nanoclean24.com\\\/shop\\\/\"},{\"@type\":\"ListItem\",\"position\":3,\"name\":\"U702 SPRAY MOUSSE AC 500ML\"}]},{\"@type\":\"WebSite\",\"@id\":\"https:\\\/\\\/nanoclean24.com\\\/fr\\\/#website\",\"url\":\"https:\\\/\\\/nanoclean24.com\\\/fr\\\/\",\"name\":\"NanoClean\",\"description\":\"\",\"publisher\":{\"@id\":\"https:\\\/\\\/nanoclean24.com\\\/fr\\\/#organization\"},\"potentialAction\":[{\"@type\":\"SearchAction\",\"target\":{\"@type\":\"EntryPoint\",\"urlTemplate\":\"https:\\\/\\\/nanoclean24.com\\\/fr\\\/?s={search_term_string}\"},\"query-input\":{\"@type\":\"PropertyValueSpecification\",\"valueRequired\":true,\"valueName\":\"search_term_string\"}}],\"inLanguage\":\"fr-FR\"},{\"@type\":\"Organization\",\"@id\":\"https:\\\/\\\/nanoclean24.com\\\/fr\\\/#organization\",\"name\":\"NanoClean\",\"url\":\"https:\\\/\\\/nanoclean24.com\\\/fr\\\/\",\"logo\":{\"@type\":\"ImageObject\",\"inLanguage\":\"fr-FR\",\"@id\":\"https:\\\/\\\/nanoclean24.com\\\/fr\\\/#\\\/schema\\\/logo\\\/image\\\/\",\"url\":\"https:\\\/\\\/nanoclean24.com\\\/wp-content\\\/uploads\\\/2025\\\/07\\\/logo-2.jpg\",\"contentUrl\":\"https:\\\/\\\/nanoclean24.com\\\/wp-content\\\/uploads\\\/2025\\\/07\\\/logo-2.jpg\",\"width\":1068,\"height\":224,\"caption\":\"NanoClean\"},\"image\":{\"@id\":\"https:\\\/\\\/nanoclean24.com\\\/fr\\\/#\\\/schema\\\/logo\\\/image\\\/\"}}]}<\/script>\n<!-- \/ Yoast SEO plugin. -->","yoast_head_json":{"title":"U702 SPRAY MOUSSE AC 500ML - NANOCLEAN","robots":{"index":"index","follow":"follow","max-snippet":"max-snippet:-1","max-image-preview":"max-image-preview:large","max-video-preview":"max-video-preview:-1"},"canonical":"https:\/\/nanoclean24.com\/fr\/produit\/nu702-ac-foam-spray\/","og_locale":"fr_FR","og_type":"article","og_title":"U702 SPRAY MOUSSE AC 500ML - NANOCLEAN","og_description":"Mousse nettoyante active polyvalente \u2705 Formule active forte : Nettoie, d\u00e9graisse, \u00e9limine les taches et rafra\u00eechit les surfaces. \u2705 Large compatibilit\u00e9 : peut \u00eatre utilis\u00e9 sur des surfaces dures et souples telles que le plastique, le m\u00e9tal (y compris le m\u00e9tal peint), le bois, le cuir, le verre et le tissu.  \u2705 Efficace sur une grande vari\u00e9t\u00e9 de contaminants : \u00c9limine les graisses, les huiles, les encres, les adh\u00e9sifs, les r\u00e9sidus d'\u00e9tiquettes, les empreintes digitales et autres salissures courantes. \u2705 Parfum agr\u00e9able et frais : Laisse un parfum propre et rafra\u00eechissant apr\u00e8s chaque utilisation. \u2705 Protection antistatique : emp\u00eache l'accumulation de poussi\u00e8re sur les surfaces nettoy\u00e9es. \u2705 Nettoyage sans eau : Pas besoin d'eau pour le nettoyage des surfaces - il suffit de pulv\u00e9riser et d'essuyer !","og_url":"https:\/\/nanoclean24.com\/fr\/produit\/nu702-ac-foam-spray\/","og_site_name":"NANOCLEAN","article_modified_time":"2025-10-24T12:45:21+00:00","og_image":[{"width":1200,"height":1200,"url":"https:\/\/nanoclean24.com\/wp-content\/uploads\/2025\/09\/U702-1-1.png","type":"image\/png"}],"twitter_card":"summary_large_image","twitter_misc":{"Dur\u00e9e de lecture estim\u00e9e":"1 minute"},"schema":{"@context":"https:\/\/schema.org","@graph":[{"@type":"WebPage","@id":"https:\/\/nanoclean24.com\/fr\/produit\/nu702-ac-foam-spray\/","url":"https:\/\/nanoclean24.com\/fr\/produit\/nu702-ac-foam-spray\/","name":"U702 SPRAY MOUSSE AC 500ML - NANOCLEAN","isPartOf":{"@id":"https:\/\/nanoclean24.com\/fr\/#website"},"primaryImageOfPage":{"@id":"https:\/\/nanoclean24.com\/fr\/produit\/nu702-ac-foam-spray\/#primaryimage"},"image":{"@id":"https:\/\/nanoclean24.com\/fr\/produit\/nu702-ac-foam-spray\/#primaryimage"},"thumbnailUrl":"https:\/\/nanoclean24.com\/wp-content\/uploads\/2025\/09\/U702-1-1.png","datePublished":"2025-09-26T08:31:11+00:00","dateModified":"2025-10-24T12:45:21+00:00","breadcrumb":{"@id":"https:\/\/nanoclean24.com\/fr\/produit\/nu702-ac-foam-spray\/#breadcrumb"},"inLanguage":"fr-FR","potentialAction":[{"@type":"ReadAction","target":["https:\/\/nanoclean24.com\/fr\/produit\/nu702-ac-foam-spray\/"]}]},{"@type":"ImageObject","inLanguage":"fr-FR","@id":"https:\/\/nanoclean24.com\/fr\/produit\/nu702-ac-foam-spray\/#primaryimage","url":"https:\/\/nanoclean24.com\/wp-content\/uploads\/2025\/09\/U702-1-1.png","contentUrl":"https:\/\/nanoclean24.com\/wp-content\/uploads\/2025\/09\/U702-1-1.png","width":1200,"height":1200},{"@type":"BreadcrumbList","@id":"https:\/\/nanoclean24.com\/fr\/produit\/nu702-ac-foam-spray\/#breadcrumb","itemListElement":[{"@type":"ListItem","position":1,"name":"Strona g\u0142\u00f3wna","item":"https:\/\/nanoclean24.com\/fr\/"},{"@type":"ListItem","position":2,"name":"Boutique","item":"https:\/\/nanoclean24.com\/shop\/"},{"@type":"ListItem","position":3,"name":"U702 SPRAY MOUSSE AC 500ML"}]},{"@type":"WebSite","@id":"https:\/\/nanoclean24.com\/fr\/#website","url":"https:\/\/nanoclean24.com\/fr\/","name":"NanoClean","description":"","publisher":{"@id":"https:\/\/nanoclean24.com\/fr\/#organization"},"potentialAction":[{"@type":"SearchAction","target":{"@type":"EntryPoint","urlTemplate":"https:\/\/nanoclean24.com\/fr\/?s={search_term_string}"},"query-input":{"@type":"PropertyValueSpecification","valueRequired":true,"valueName":"search_term_string"}}],"inLanguage":"fr-FR"},{"@type":"Organization","@id":"https:\/\/nanoclean24.com\/fr\/#organization","name":"NanoClean","url":"https:\/\/nanoclean24.com\/fr\/","logo":{"@type":"ImageObject","inLanguage":"fr-FR","@id":"https:\/\/nanoclean24.com\/fr\/#\/schema\/logo\/image\/","url":"https:\/\/nanoclean24.com\/wp-content\/uploads\/2025\/07\/logo-2.jpg","contentUrl":"https:\/\/nanoclean24.com\/wp-content\/uploads\/2025\/07\/logo-2.jpg","width":1068,"height":224,"caption":"NanoClean"},"image":{"@id":"https:\/\/nanoclean24.com\/fr\/#\/schema\/logo\/image\/"}}]}},"taxonomy_info":{"product_cat":[{"value":96,"label":"AC8 HOME"}]},"featured_image_src_large":["https:\/\/nanoclean24.com\/wp-content\/uploads\/2025\/09\/U702-1-1-1024x1024.png",1024,1024,true],"author_info":[],"comment_info":"","_links":{"self":[{"href":"https:\/\/nanoclean24.com\/fr\/wp-json\/wp\/v2\/product\/8109","targetHints":{"allow":["GET"]}}],"collection":[{"href":"https:\/\/nanoclean24.com\/fr\/wp-json\/wp\/v2\/product"}],"about":[{"href":"https:\/\/nanoclean24.com\/fr\/wp-json\/wp\/v2\/types\/product"}],"wp:featuredmedia":[{"embeddable":true,"href":"https:\/\/nanoclean24.com\/fr\/wp-json\/wp\/v2\/media\/14030"}],"wp:attachment":[{"href":"https:\/\/nanoclean24.com\/fr\/wp-json\/wp\/v2\/media?parent=8109"}],"wp:term":[{"taxonomy":"product_brand","embeddable":true,"href":"https:\/\/nanoclean24.com\/fr\/wp-json\/wp\/v2\/product_brand?post=8109"},{"taxonomy":"product_cat","embeddable":true,"href":"https:\/\/nanoclean24.com\/fr\/wp-json\/wp\/v2\/product_cat?post=8109"},{"taxonomy":"product_tag","embeddable":true,"href":"https:\/\/nanoclean24.com\/fr\/wp-json\/wp\/v2\/product_tag?post=8109"}],"curies":[{"name":"wp","href":"https:\/\/api.w.org\/{rel}","templated":true}]}}