{"id":8108,"date":"2025-09-26T10:27:45","date_gmt":"2025-09-26T08:27:45","guid":{"rendered":"https:\/\/nanoclean24.com\/produkt\/lingettes-nanoclean\/"},"modified":"2025-10-23T13:11:52","modified_gmt":"2025-10-23T11:11:52","slug":"lingettes-nanoclean","status":"publish","type":"product","link":"https:\/\/nanoclean24.com\/fr\/produit\/lingettes-nanoclean\/","title":{"rendered":"NANOCLEAN WIPES"},"content":{"rendered":"<p>D\u00e9sinfectant efficace contre le nouveau coronavirus (SARS-CoV-2)<br \/>\nPr\u00e9paration brevet\u00e9e et \u00e9prouv\u00e9e pour la d\u00e9sinfection sporicide. Ne contient pas d&rsquo;alcool, de compos\u00e9s chlor\u00e9s ou d&rsquo;ald\u00e9hydes. Pr\u00e9paration nettoyante et d\u00e9sinfectante tr\u00e8s efficace contre les spores bact\u00e9riennes, les mycobact\u00e9ries, les bact\u00e9ries, les champignons et les virus. Le produit est con\u00e7u pour \u00e9liminer le risque de contamination crois\u00e9e par les spores, les mycobact\u00e9ries, les virus, les champignons et les bact\u00e9ries. Il inactive les micro-organismes et il a \u00e9t\u00e9 d\u00e9montr\u00e9 qu&rsquo;il les tue en perturbant la cha\u00eene ARN des micro-organismes.    <\/p>\n<p>Les lingettes NANOCLEAN\u00ae AIR peuvent \u00eatre utilis\u00e9es en toute s\u00e9curit\u00e9 sur n&rsquo;importe quelle surface, imbib\u00e9es d&rsquo;un liquide inodore et incolore. Elles sont id\u00e9ales pour \u00e9liminer les risques biologiques dans les secteurs alimentaire, industriel et institutionnel, ainsi que dans les \u00e9tablissements publics, y compris les centres de remise en forme, les spas, les salons de coiffure, les instituts de beaut\u00e9 et les salons de massage. Convient \u00e0 la d\u00e9sinfection des murs et des sols des locaux, des installations, du mat\u00e9riel et des surfaces dans le secteur m\u00e9dical. Convient \u00e0 la d\u00e9sinfection des installations, du mat\u00e9riel et de toutes les surfaces en contact avec les aliments dans les secteurs m\u00e9dical, alimentaire et institutionnel.    <\/p>\n<p>Les lingettes NANOCLEAN\u00ae AIR satur\u00e9es et pr\u00eates \u00e0 l&#8217;emploi sont id\u00e9ales pour nettoyer et d\u00e9sinfecter les surfaces dures, les murs, les sols et la verrerie.<\/p>\n","protected":false},"excerpt":{"rendered":"<h3>Lingettes pr\u00eates \u00e0 l&#8217;emploi<\/h3>\n<p>\u2705 <strong>Nettoyage et d\u00e9sinfection<\/strong> en un seul processus.<\/p>\n<p>\u2705 <strong>Ne contient pas d&rsquo;alcool,<\/strong> pas d&rsquo;ald\u00e9hydes dangereux<br \/>\net pas de substances lib\u00e9rant du chlore.<\/p>\n<p><strong>\u2705 Efficace contre les spores bact\u00e9riennes<\/strong> de Clostridium difficile,<br \/>\nBacillus subtilis, Clostridium perfringens, Bacillus cereus.<\/p>\n<p><strong>\u2705 Efficace contre un large \u00e9ventail d&rsquo;agents pathog\u00e8nes<\/strong>, y compris les mycobact\u00e9ries,<br \/>\nvirus, bact\u00e9ries, champignons, levures et moisissures, y compris MRSA,<br \/>\nHBV, HCV, HIV.<\/p>\n<p>\u2705 <strong>Peut \u00eatre utilis\u00e9 sur toutes les<\/strong> surfaces dures et souples<br \/>\n.<\/p>\n<p>\u2705 <strong>Ne provoque pas de corrosion.<\/strong><\/p>\n<p>\u2705 <strong>Contaminants non fixants<\/strong>.<\/p>\n<p>\u2705 <strong>Aucun activateur n&rsquo;est n\u00e9cessaire.<\/strong><\/p>\n<p>\u2705 <strong>Pas de fum\u00e9es<\/strong>.<\/p>\n<p>\u2705 <strong>Produit biocide<\/strong>.<\/p>\n","protected":false},"featured_media":2849,"template":"","meta":{"_kad_blocks_custom_css":"","_kad_blocks_head_custom_js":"","_kad_blocks_body_custom_js":"","_kad_blocks_footer_custom_js":"","_kad_post_transparent":"","_kad_post_title":"","_kad_post_layout":"","_kad_post_sidebar_id":"","_kad_post_content_style":"","_kad_post_vertical_padding":"","_kad_post_feature":"","_kad_post_feature_position":"","_kad_post_header":false,"_kad_post_footer":false,"_kad_post_classname":""},"product_brand":[],"product_cat":[129],"product_tag":[],"class_list":{"0":"post-8108","1":"product","2":"type-product","3":"status-publish","4":"has-post-thumbnail","6":"product_cat-med-fr","8":"first","9":"outofstock","10":"taxable","11":"shipping-taxable","12":"product-type-simple","13":"entry","14":"content-bg","15":"loop-entry"},"yoast_head":"<!-- This site is optimized with the Yoast SEO plugin v27.4 - https:\/\/yoast.com\/product\/yoast-seo-wordpress\/ -->\n<title>NANOCLEAN WIPES - NANOCLEAN<\/title>\n<meta name=\"robots\" content=\"index, follow, max-snippet:-1, max-image-preview:large, max-video-preview:-1\" \/>\n<link rel=\"canonical\" href=\"https:\/\/nanoclean24.com\/fr\/produit\/lingettes-nanoclean\/\" \/>\n<meta property=\"og:locale\" content=\"fr_FR\" \/>\n<meta property=\"og:type\" content=\"article\" \/>\n<meta property=\"og:title\" content=\"NANOCLEAN WIPES - NANOCLEAN\" \/>\n<meta property=\"og:description\" content=\"Lingettes pr\u00eates \u00e0 l&#039;emploi \u2705 Nettoyage et d\u00e9sinfection en un seul processus. \u2705 Ne contient pas d&#039;alcool, pas d&#039;ald\u00e9hydes dangereux et pas de substances lib\u00e9rant du chlore. \u2705 Efficace contre les spores bact\u00e9riennes de Clostridium difficile, Bacillus subtilis, Clostridium perfringens, Bacillus cereus. \u2705 Efficace contre un large \u00e9ventail d&#039;agents pathog\u00e8nes, y compris les mycobact\u00e9ries, virus, bact\u00e9ries, champignons, levures et moisissures, y compris MRSA, HBV, HCV, HIV. \u2705 Peut \u00eatre utilis\u00e9 sur toutes les surfaces dures et souples . \u2705 Ne provoque pas de corrosion. \u2705 Contaminants non fixants. \u2705 Aucun activateur n&#039;est n\u00e9cessaire. \u2705 Pas de fum\u00e9es. \u2705 Produit biocide.\" \/>\n<meta property=\"og:url\" content=\"https:\/\/nanoclean24.com\/fr\/produit\/lingettes-nanoclean\/\" \/>\n<meta property=\"og:site_name\" content=\"NANOCLEAN\" \/>\n<meta property=\"article:modified_time\" content=\"2025-10-23T11:11:52+00:00\" \/>\n<meta property=\"og:image\" content=\"https:\/\/nanoclean24.com\/wp-content\/uploads\/2025\/07\/wipes_pl.jpg\" \/>\n\t<meta property=\"og:image:width\" content=\"1200\" \/>\n\t<meta property=\"og:image:height\" content=\"1200\" \/>\n\t<meta property=\"og:image:type\" content=\"image\/jpeg\" \/>\n<meta name=\"twitter:card\" content=\"summary_large_image\" \/>\n<meta name=\"twitter:label1\" content=\"Dur\u00e9e de lecture estim\u00e9e\" \/>\n\t<meta name=\"twitter:data1\" content=\"1 minute\" \/>\n<script type=\"application\/ld+json\" class=\"yoast-schema-graph\">{\"@context\":\"https:\\\/\\\/schema.org\",\"@graph\":[{\"@type\":\"WebPage\",\"@id\":\"https:\\\/\\\/nanoclean24.com\\\/fr\\\/produit\\\/lingettes-nanoclean\\\/\",\"url\":\"https:\\\/\\\/nanoclean24.com\\\/fr\\\/produit\\\/lingettes-nanoclean\\\/\",\"name\":\"NANOCLEAN WIPES - NANOCLEAN\",\"isPartOf\":{\"@id\":\"https:\\\/\\\/nanoclean24.com\\\/fr\\\/#website\"},\"primaryImageOfPage\":{\"@id\":\"https:\\\/\\\/nanoclean24.com\\\/fr\\\/produit\\\/lingettes-nanoclean\\\/#primaryimage\"},\"image\":{\"@id\":\"https:\\\/\\\/nanoclean24.com\\\/fr\\\/produit\\\/lingettes-nanoclean\\\/#primaryimage\"},\"thumbnailUrl\":\"https:\\\/\\\/nanoclean24.com\\\/wp-content\\\/uploads\\\/2025\\\/07\\\/wipes_pl.jpg\",\"datePublished\":\"2025-09-26T08:27:45+00:00\",\"dateModified\":\"2025-10-23T11:11:52+00:00\",\"breadcrumb\":{\"@id\":\"https:\\\/\\\/nanoclean24.com\\\/fr\\\/produit\\\/lingettes-nanoclean\\\/#breadcrumb\"},\"inLanguage\":\"fr-FR\",\"potentialAction\":[{\"@type\":\"ReadAction\",\"target\":[\"https:\\\/\\\/nanoclean24.com\\\/fr\\\/produit\\\/lingettes-nanoclean\\\/\"]}]},{\"@type\":\"ImageObject\",\"inLanguage\":\"fr-FR\",\"@id\":\"https:\\\/\\\/nanoclean24.com\\\/fr\\\/produit\\\/lingettes-nanoclean\\\/#primaryimage\",\"url\":\"https:\\\/\\\/nanoclean24.com\\\/wp-content\\\/uploads\\\/2025\\\/07\\\/wipes_pl.jpg\",\"contentUrl\":\"https:\\\/\\\/nanoclean24.com\\\/wp-content\\\/uploads\\\/2025\\\/07\\\/wipes_pl.jpg\",\"width\":1200,\"height\":1200},{\"@type\":\"BreadcrumbList\",\"@id\":\"https:\\\/\\\/nanoclean24.com\\\/fr\\\/produit\\\/lingettes-nanoclean\\\/#breadcrumb\",\"itemListElement\":[{\"@type\":\"ListItem\",\"position\":1,\"name\":\"Strona g\u0142\u00f3wna\",\"item\":\"https:\\\/\\\/nanoclean24.com\\\/fr\\\/\"},{\"@type\":\"ListItem\",\"position\":2,\"name\":\"Boutique\",\"item\":\"https:\\\/\\\/nanoclean24.com\\\/shop\\\/\"},{\"@type\":\"ListItem\",\"position\":3,\"name\":\"NANOCLEAN WIPES\"}]},{\"@type\":\"WebSite\",\"@id\":\"https:\\\/\\\/nanoclean24.com\\\/fr\\\/#website\",\"url\":\"https:\\\/\\\/nanoclean24.com\\\/fr\\\/\",\"name\":\"NanoClean\",\"description\":\"\",\"publisher\":{\"@id\":\"https:\\\/\\\/nanoclean24.com\\\/fr\\\/#organization\"},\"potentialAction\":[{\"@type\":\"SearchAction\",\"target\":{\"@type\":\"EntryPoint\",\"urlTemplate\":\"https:\\\/\\\/nanoclean24.com\\\/fr\\\/?s={search_term_string}\"},\"query-input\":{\"@type\":\"PropertyValueSpecification\",\"valueRequired\":true,\"valueName\":\"search_term_string\"}}],\"inLanguage\":\"fr-FR\"},{\"@type\":\"Organization\",\"@id\":\"https:\\\/\\\/nanoclean24.com\\\/fr\\\/#organization\",\"name\":\"NanoClean\",\"url\":\"https:\\\/\\\/nanoclean24.com\\\/fr\\\/\",\"logo\":{\"@type\":\"ImageObject\",\"inLanguage\":\"fr-FR\",\"@id\":\"https:\\\/\\\/nanoclean24.com\\\/fr\\\/#\\\/schema\\\/logo\\\/image\\\/\",\"url\":\"https:\\\/\\\/nanoclean24.com\\\/wp-content\\\/uploads\\\/2025\\\/07\\\/logo-2.jpg\",\"contentUrl\":\"https:\\\/\\\/nanoclean24.com\\\/wp-content\\\/uploads\\\/2025\\\/07\\\/logo-2.jpg\",\"width\":1068,\"height\":224,\"caption\":\"NanoClean\"},\"image\":{\"@id\":\"https:\\\/\\\/nanoclean24.com\\\/fr\\\/#\\\/schema\\\/logo\\\/image\\\/\"}}]}<\/script>\n<!-- \/ Yoast SEO plugin. -->","yoast_head_json":{"title":"NANOCLEAN WIPES - NANOCLEAN","robots":{"index":"index","follow":"follow","max-snippet":"max-snippet:-1","max-image-preview":"max-image-preview:large","max-video-preview":"max-video-preview:-1"},"canonical":"https:\/\/nanoclean24.com\/fr\/produit\/lingettes-nanoclean\/","og_locale":"fr_FR","og_type":"article","og_title":"NANOCLEAN WIPES - NANOCLEAN","og_description":"Lingettes pr\u00eates \u00e0 l'emploi \u2705 Nettoyage et d\u00e9sinfection en un seul processus. \u2705 Ne contient pas d'alcool, pas d'ald\u00e9hydes dangereux et pas de substances lib\u00e9rant du chlore. \u2705 Efficace contre les spores bact\u00e9riennes de Clostridium difficile, Bacillus subtilis, Clostridium perfringens, Bacillus cereus. \u2705 Efficace contre un large \u00e9ventail d'agents pathog\u00e8nes, y compris les mycobact\u00e9ries, virus, bact\u00e9ries, champignons, levures et moisissures, y compris MRSA, HBV, HCV, HIV. \u2705 Peut \u00eatre utilis\u00e9 sur toutes les surfaces dures et souples . \u2705 Ne provoque pas de corrosion. \u2705 Contaminants non fixants. \u2705 Aucun activateur n'est n\u00e9cessaire. \u2705 Pas de fum\u00e9es. \u2705 Produit biocide.","og_url":"https:\/\/nanoclean24.com\/fr\/produit\/lingettes-nanoclean\/","og_site_name":"NANOCLEAN","article_modified_time":"2025-10-23T11:11:52+00:00","og_image":[{"width":1200,"height":1200,"url":"https:\/\/nanoclean24.com\/wp-content\/uploads\/2025\/07\/wipes_pl.jpg","type":"image\/jpeg"}],"twitter_card":"summary_large_image","twitter_misc":{"Dur\u00e9e de lecture estim\u00e9e":"1 minute"},"schema":{"@context":"https:\/\/schema.org","@graph":[{"@type":"WebPage","@id":"https:\/\/nanoclean24.com\/fr\/produit\/lingettes-nanoclean\/","url":"https:\/\/nanoclean24.com\/fr\/produit\/lingettes-nanoclean\/","name":"NANOCLEAN WIPES - NANOCLEAN","isPartOf":{"@id":"https:\/\/nanoclean24.com\/fr\/#website"},"primaryImageOfPage":{"@id":"https:\/\/nanoclean24.com\/fr\/produit\/lingettes-nanoclean\/#primaryimage"},"image":{"@id":"https:\/\/nanoclean24.com\/fr\/produit\/lingettes-nanoclean\/#primaryimage"},"thumbnailUrl":"https:\/\/nanoclean24.com\/wp-content\/uploads\/2025\/07\/wipes_pl.jpg","datePublished":"2025-09-26T08:27:45+00:00","dateModified":"2025-10-23T11:11:52+00:00","breadcrumb":{"@id":"https:\/\/nanoclean24.com\/fr\/produit\/lingettes-nanoclean\/#breadcrumb"},"inLanguage":"fr-FR","potentialAction":[{"@type":"ReadAction","target":["https:\/\/nanoclean24.com\/fr\/produit\/lingettes-nanoclean\/"]}]},{"@type":"ImageObject","inLanguage":"fr-FR","@id":"https:\/\/nanoclean24.com\/fr\/produit\/lingettes-nanoclean\/#primaryimage","url":"https:\/\/nanoclean24.com\/wp-content\/uploads\/2025\/07\/wipes_pl.jpg","contentUrl":"https:\/\/nanoclean24.com\/wp-content\/uploads\/2025\/07\/wipes_pl.jpg","width":1200,"height":1200},{"@type":"BreadcrumbList","@id":"https:\/\/nanoclean24.com\/fr\/produit\/lingettes-nanoclean\/#breadcrumb","itemListElement":[{"@type":"ListItem","position":1,"name":"Strona g\u0142\u00f3wna","item":"https:\/\/nanoclean24.com\/fr\/"},{"@type":"ListItem","position":2,"name":"Boutique","item":"https:\/\/nanoclean24.com\/shop\/"},{"@type":"ListItem","position":3,"name":"NANOCLEAN WIPES"}]},{"@type":"WebSite","@id":"https:\/\/nanoclean24.com\/fr\/#website","url":"https:\/\/nanoclean24.com\/fr\/","name":"NanoClean","description":"","publisher":{"@id":"https:\/\/nanoclean24.com\/fr\/#organization"},"potentialAction":[{"@type":"SearchAction","target":{"@type":"EntryPoint","urlTemplate":"https:\/\/nanoclean24.com\/fr\/?s={search_term_string}"},"query-input":{"@type":"PropertyValueSpecification","valueRequired":true,"valueName":"search_term_string"}}],"inLanguage":"fr-FR"},{"@type":"Organization","@id":"https:\/\/nanoclean24.com\/fr\/#organization","name":"NanoClean","url":"https:\/\/nanoclean24.com\/fr\/","logo":{"@type":"ImageObject","inLanguage":"fr-FR","@id":"https:\/\/nanoclean24.com\/fr\/#\/schema\/logo\/image\/","url":"https:\/\/nanoclean24.com\/wp-content\/uploads\/2025\/07\/logo-2.jpg","contentUrl":"https:\/\/nanoclean24.com\/wp-content\/uploads\/2025\/07\/logo-2.jpg","width":1068,"height":224,"caption":"NanoClean"},"image":{"@id":"https:\/\/nanoclean24.com\/fr\/#\/schema\/logo\/image\/"}}]}},"taxonomy_info":{"product_cat":[{"value":129,"label":"MED PRO"}]},"featured_image_src_large":["https:\/\/nanoclean24.com\/wp-content\/uploads\/2025\/07\/wipes_pl-1024x1024.jpg",1024,1024,true],"author_info":[],"comment_info":"","_links":{"self":[{"href":"https:\/\/nanoclean24.com\/fr\/wp-json\/wp\/v2\/product\/8108","targetHints":{"allow":["GET"]}}],"collection":[{"href":"https:\/\/nanoclean24.com\/fr\/wp-json\/wp\/v2\/product"}],"about":[{"href":"https:\/\/nanoclean24.com\/fr\/wp-json\/wp\/v2\/types\/product"}],"wp:featuredmedia":[{"embeddable":true,"href":"https:\/\/nanoclean24.com\/fr\/wp-json\/wp\/v2\/media\/2849"}],"wp:attachment":[{"href":"https:\/\/nanoclean24.com\/fr\/wp-json\/wp\/v2\/media?parent=8108"}],"wp:term":[{"taxonomy":"product_brand","embeddable":true,"href":"https:\/\/nanoclean24.com\/fr\/wp-json\/wp\/v2\/product_brand?post=8108"},{"taxonomy":"product_cat","embeddable":true,"href":"https:\/\/nanoclean24.com\/fr\/wp-json\/wp\/v2\/product_cat?post=8108"},{"taxonomy":"product_tag","embeddable":true,"href":"https:\/\/nanoclean24.com\/fr\/wp-json\/wp\/v2\/product_tag?post=8108"}],"curies":[{"name":"wp","href":"https:\/\/api.w.org\/{rel}","templated":true}]}}