{"id":8087,"date":"2025-09-26T10:26:00","date_gmt":"2025-09-26T08:26:00","guid":{"rendered":"https:\/\/nanoclean24.com\/produkt\/v46-powerwash-ultimate-concentrate\/"},"modified":"2025-09-26T10:26:00","modified_gmt":"2025-09-26T08:26:00","slug":"v46-powerwash-ultimate-concentrate","status":"publish","type":"product","link":"https:\/\/nanoclean24.com\/fr\/produit\/v46-powerwash-ultimate-concentrate\/","title":{"rendered":"V46 POWERWASH ULTIMATE CONCENTRATE"},"content":{"rendered":"<p><strong>POWERWASH ULTIMATE CONCENTRATE<\/strong><\/p>\n<p>V46 POWERWASH ULTIMATE CONCENTRATE est un nettoyant alcalin \u00e0 mousse active tr\u00e8s concentr\u00e9 et tr\u00e8s puissant (pH:13,5). Il \u00e9limine efficacement la graisse, la salet\u00e9, l&rsquo;huile et les contaminants industriels sur les camions, les machines de construction, les excavateurs, les trains et les navires. Compatible avec les nettoyeurs \u00e0 haute pression, les syst\u00e8mes \u00e0 mousse et le nettoyage manuel, il offre une puissance de nettoyage maximale tout en \u00e9tant sans danger pour les surfaces peintes et m\u00e9talliques. Sa formule \u00e0 action rapide garantit un nettoyage efficace avec un minimum d&rsquo;effort.   <\/p>\n","protected":false},"excerpt":{"rendered":"<h3>Con\u00e7u pour le nettoyage professionnel des camions<\/h3>\n<p><strong>\u2705 Fort pouvoir d\u00e9graissant<\/strong> &#8211; \u00e9limine les salissures importantes, l&rsquo;huile et les d\u00e9p\u00f4ts sur la route.<\/p>\n<p><strong>Utilisation polyvalente<\/strong> &#8211; fonctionne avec les lances \u00e0 mousse, les pulv\u00e9risateurs et lors du nettoyage \u00e0 la main.<\/p>\n<p>\u2705 <strong>Sans danger pour toutes les surfaces ext\u00e9rieures<\/strong> &#8211; convient pour la peinture, le plastique, le m\u00e9tal et le caoutchouc.<\/p>\n<p>\u2705 <strong>Hautement concentr\u00e9 et \u00e9conomique<\/strong> &#8211; nettoyage efficace \u00e0 des dilutions aussi faibles que 1 %.<\/p>\n<p>\u2705 <strong>Formule biod\u00e9gradable<\/strong> &#8211; solide mais respectueuse de l&rsquo;environnement.<\/p>\n","protected":false},"featured_media":2828,"template":"","meta":{"_kad_blocks_custom_css":"","_kad_blocks_head_custom_js":"","_kad_blocks_body_custom_js":"","_kad_blocks_footer_custom_js":"","_kad_post_transparent":"","_kad_post_title":"","_kad_post_layout":"","_kad_post_sidebar_id":"","_kad_post_content_style":"","_kad_post_vertical_padding":"","_kad_post_feature":"","_kad_post_feature_position":"","_kad_post_header":false,"_kad_post_footer":false,"_kad_post_classname":""},"product_brand":[],"product_cat":[132],"product_tag":[],"class_list":{"0":"post-8087","1":"product","2":"type-product","3":"status-publish","4":"has-post-thumbnail","6":"product_cat-truck-fr","8":"first","9":"outofstock","10":"taxable","11":"shipping-taxable","12":"product-type-simple","13":"entry","14":"content-bg","15":"loop-entry"},"yoast_head":"<!-- This site is optimized with the Yoast SEO plugin v27.2 - https:\/\/yoast.com\/product\/yoast-seo-wordpress\/ -->\n<title>V46 POWERWASH ULTIMATE CONCENTRATE - NANOCLEAN<\/title>\n<meta name=\"robots\" content=\"index, follow, max-snippet:-1, max-image-preview:large, max-video-preview:-1\" \/>\n<link rel=\"canonical\" href=\"https:\/\/nanoclean24.com\/fr\/produit\/v46-powerwash-ultimate-concentrate\/\" \/>\n<meta property=\"og:locale\" content=\"fr_FR\" \/>\n<meta property=\"og:type\" content=\"article\" \/>\n<meta property=\"og:title\" content=\"V46 POWERWASH ULTIMATE CONCENTRATE - NANOCLEAN\" \/>\n<meta property=\"og:description\" content=\"Con\u00e7u pour le nettoyage professionnel des camions \u2705 Fort pouvoir d\u00e9graissant - \u00e9limine les salissures importantes, l&#039;huile et les d\u00e9p\u00f4ts sur la route. Utilisation polyvalente - fonctionne avec les lances \u00e0 mousse, les pulv\u00e9risateurs et lors du nettoyage \u00e0 la main. \u2705 Sans danger pour toutes les surfaces ext\u00e9rieures - convient pour la peinture, le plastique, le m\u00e9tal et le caoutchouc. \u2705 Hautement concentr\u00e9 et \u00e9conomique - nettoyage efficace \u00e0 des dilutions aussi faibles que 1 %. \u2705 Formule biod\u00e9gradable - solide mais respectueuse de l&#039;environnement.\" \/>\n<meta property=\"og:url\" content=\"https:\/\/nanoclean24.com\/fr\/produit\/v46-powerwash-ultimate-concentrate\/\" \/>\n<meta property=\"og:site_name\" content=\"NANOCLEAN\" \/>\n<meta property=\"og:image\" content=\"https:\/\/nanoclean24.com\/wp-content\/uploads\/2025\/07\/V46.jpg\" \/>\n\t<meta property=\"og:image:width\" content=\"1200\" \/>\n\t<meta property=\"og:image:height\" content=\"1200\" \/>\n\t<meta property=\"og:image:type\" content=\"image\/jpeg\" \/>\n<meta name=\"twitter:card\" content=\"summary_large_image\" \/>\n<script type=\"application\/ld+json\" class=\"yoast-schema-graph\">{\"@context\":\"https:\/\/schema.org\",\"@graph\":[{\"@type\":\"WebPage\",\"@id\":\"https:\/\/nanoclean24.com\/fr\/produit\/v46-powerwash-ultimate-concentrate\/\",\"url\":\"https:\/\/nanoclean24.com\/fr\/produit\/v46-powerwash-ultimate-concentrate\/\",\"name\":\"V46 POWERWASH ULTIMATE CONCENTRATE - NANOCLEAN\",\"isPartOf\":{\"@id\":\"https:\/\/nanoclean24.com\/fr\/#website\"},\"primaryImageOfPage\":{\"@id\":\"https:\/\/nanoclean24.com\/fr\/produit\/v46-powerwash-ultimate-concentrate\/#primaryimage\"},\"image\":{\"@id\":\"https:\/\/nanoclean24.com\/fr\/produit\/v46-powerwash-ultimate-concentrate\/#primaryimage\"},\"thumbnailUrl\":\"https:\/\/nanoclean24.com\/wp-content\/uploads\/2025\/07\/V46.jpg\",\"datePublished\":\"2025-09-26T08:26:00+00:00\",\"breadcrumb\":{\"@id\":\"https:\/\/nanoclean24.com\/fr\/produit\/v46-powerwash-ultimate-concentrate\/#breadcrumb\"},\"inLanguage\":\"fr-FR\",\"potentialAction\":[{\"@type\":\"ReadAction\",\"target\":[\"https:\/\/nanoclean24.com\/fr\/produit\/v46-powerwash-ultimate-concentrate\/\"]}]},{\"@type\":\"ImageObject\",\"inLanguage\":\"fr-FR\",\"@id\":\"https:\/\/nanoclean24.com\/fr\/produit\/v46-powerwash-ultimate-concentrate\/#primaryimage\",\"url\":\"https:\/\/nanoclean24.com\/wp-content\/uploads\/2025\/07\/V46.jpg\",\"contentUrl\":\"https:\/\/nanoclean24.com\/wp-content\/uploads\/2025\/07\/V46.jpg\",\"width\":1200,\"height\":1200},{\"@type\":\"BreadcrumbList\",\"@id\":\"https:\/\/nanoclean24.com\/fr\/produit\/v46-powerwash-ultimate-concentrate\/#breadcrumb\",\"itemListElement\":[{\"@type\":\"ListItem\",\"position\":1,\"name\":\"Strona g\u0142\u00f3wna\",\"item\":\"https:\/\/nanoclean24.com\/fr\/\"},{\"@type\":\"ListItem\",\"position\":2,\"name\":\"Boutique\",\"item\":\"https:\/\/nanoclean24.com\/shop\/\"},{\"@type\":\"ListItem\",\"position\":3,\"name\":\"V46 POWERWASH ULTIMATE CONCENTRATE\"}]},{\"@type\":\"WebSite\",\"@id\":\"https:\/\/nanoclean24.com\/fr\/#website\",\"url\":\"https:\/\/nanoclean24.com\/fr\/\",\"name\":\"NanoClean\",\"description\":\"\",\"publisher\":{\"@id\":\"https:\/\/nanoclean24.com\/fr\/#organization\"},\"potentialAction\":[{\"@type\":\"SearchAction\",\"target\":{\"@type\":\"EntryPoint\",\"urlTemplate\":\"https:\/\/nanoclean24.com\/fr\/?s={search_term_string}\"},\"query-input\":{\"@type\":\"PropertyValueSpecification\",\"valueRequired\":true,\"valueName\":\"search_term_string\"}}],\"inLanguage\":\"fr-FR\"},{\"@type\":\"Organization\",\"@id\":\"https:\/\/nanoclean24.com\/fr\/#organization\",\"name\":\"NanoClean\",\"url\":\"https:\/\/nanoclean24.com\/fr\/\",\"logo\":{\"@type\":\"ImageObject\",\"inLanguage\":\"fr-FR\",\"@id\":\"https:\/\/nanoclean24.com\/fr\/#\/schema\/logo\/image\/\",\"url\":\"https:\/\/nanoclean24.com\/wp-content\/uploads\/2025\/07\/logo-2.jpg\",\"contentUrl\":\"https:\/\/nanoclean24.com\/wp-content\/uploads\/2025\/07\/logo-2.jpg\",\"width\":1068,\"height\":224,\"caption\":\"NanoClean\"},\"image\":{\"@id\":\"https:\/\/nanoclean24.com\/fr\/#\/schema\/logo\/image\/\"}}]}<\/script>\n<!-- \/ Yoast SEO plugin. -->","yoast_head_json":{"title":"V46 POWERWASH ULTIMATE CONCENTRATE - NANOCLEAN","robots":{"index":"index","follow":"follow","max-snippet":"max-snippet:-1","max-image-preview":"max-image-preview:large","max-video-preview":"max-video-preview:-1"},"canonical":"https:\/\/nanoclean24.com\/fr\/produit\/v46-powerwash-ultimate-concentrate\/","og_locale":"fr_FR","og_type":"article","og_title":"V46 POWERWASH ULTIMATE CONCENTRATE - NANOCLEAN","og_description":"Con\u00e7u pour le nettoyage professionnel des camions \u2705 Fort pouvoir d\u00e9graissant - \u00e9limine les salissures importantes, l'huile et les d\u00e9p\u00f4ts sur la route. Utilisation polyvalente - fonctionne avec les lances \u00e0 mousse, les pulv\u00e9risateurs et lors du nettoyage \u00e0 la main. \u2705 Sans danger pour toutes les surfaces ext\u00e9rieures - convient pour la peinture, le plastique, le m\u00e9tal et le caoutchouc. \u2705 Hautement concentr\u00e9 et \u00e9conomique - nettoyage efficace \u00e0 des dilutions aussi faibles que 1 %. \u2705 Formule biod\u00e9gradable - solide mais respectueuse de l'environnement.","og_url":"https:\/\/nanoclean24.com\/fr\/produit\/v46-powerwash-ultimate-concentrate\/","og_site_name":"NANOCLEAN","og_image":[{"width":1200,"height":1200,"url":"https:\/\/nanoclean24.com\/wp-content\/uploads\/2025\/07\/V46.jpg","type":"image\/jpeg"}],"twitter_card":"summary_large_image","schema":{"@context":"https:\/\/schema.org","@graph":[{"@type":"WebPage","@id":"https:\/\/nanoclean24.com\/fr\/produit\/v46-powerwash-ultimate-concentrate\/","url":"https:\/\/nanoclean24.com\/fr\/produit\/v46-powerwash-ultimate-concentrate\/","name":"V46 POWERWASH ULTIMATE CONCENTRATE - NANOCLEAN","isPartOf":{"@id":"https:\/\/nanoclean24.com\/fr\/#website"},"primaryImageOfPage":{"@id":"https:\/\/nanoclean24.com\/fr\/produit\/v46-powerwash-ultimate-concentrate\/#primaryimage"},"image":{"@id":"https:\/\/nanoclean24.com\/fr\/produit\/v46-powerwash-ultimate-concentrate\/#primaryimage"},"thumbnailUrl":"https:\/\/nanoclean24.com\/wp-content\/uploads\/2025\/07\/V46.jpg","datePublished":"2025-09-26T08:26:00+00:00","breadcrumb":{"@id":"https:\/\/nanoclean24.com\/fr\/produit\/v46-powerwash-ultimate-concentrate\/#breadcrumb"},"inLanguage":"fr-FR","potentialAction":[{"@type":"ReadAction","target":["https:\/\/nanoclean24.com\/fr\/produit\/v46-powerwash-ultimate-concentrate\/"]}]},{"@type":"ImageObject","inLanguage":"fr-FR","@id":"https:\/\/nanoclean24.com\/fr\/produit\/v46-powerwash-ultimate-concentrate\/#primaryimage","url":"https:\/\/nanoclean24.com\/wp-content\/uploads\/2025\/07\/V46.jpg","contentUrl":"https:\/\/nanoclean24.com\/wp-content\/uploads\/2025\/07\/V46.jpg","width":1200,"height":1200},{"@type":"BreadcrumbList","@id":"https:\/\/nanoclean24.com\/fr\/produit\/v46-powerwash-ultimate-concentrate\/#breadcrumb","itemListElement":[{"@type":"ListItem","position":1,"name":"Strona g\u0142\u00f3wna","item":"https:\/\/nanoclean24.com\/fr\/"},{"@type":"ListItem","position":2,"name":"Boutique","item":"https:\/\/nanoclean24.com\/shop\/"},{"@type":"ListItem","position":3,"name":"V46 POWERWASH ULTIMATE CONCENTRATE"}]},{"@type":"WebSite","@id":"https:\/\/nanoclean24.com\/fr\/#website","url":"https:\/\/nanoclean24.com\/fr\/","name":"NanoClean","description":"","publisher":{"@id":"https:\/\/nanoclean24.com\/fr\/#organization"},"potentialAction":[{"@type":"SearchAction","target":{"@type":"EntryPoint","urlTemplate":"https:\/\/nanoclean24.com\/fr\/?s={search_term_string}"},"query-input":{"@type":"PropertyValueSpecification","valueRequired":true,"valueName":"search_term_string"}}],"inLanguage":"fr-FR"},{"@type":"Organization","@id":"https:\/\/nanoclean24.com\/fr\/#organization","name":"NanoClean","url":"https:\/\/nanoclean24.com\/fr\/","logo":{"@type":"ImageObject","inLanguage":"fr-FR","@id":"https:\/\/nanoclean24.com\/fr\/#\/schema\/logo\/image\/","url":"https:\/\/nanoclean24.com\/wp-content\/uploads\/2025\/07\/logo-2.jpg","contentUrl":"https:\/\/nanoclean24.com\/wp-content\/uploads\/2025\/07\/logo-2.jpg","width":1068,"height":224,"caption":"NanoClean"},"image":{"@id":"https:\/\/nanoclean24.com\/fr\/#\/schema\/logo\/image\/"}}]}},"taxonomy_info":{"product_cat":[{"value":132,"label":"TRUCK"}]},"featured_image_src_large":["https:\/\/nanoclean24.com\/wp-content\/uploads\/2025\/07\/V46-1024x1024.jpg",1024,1024,true],"author_info":[],"comment_info":"","_links":{"self":[{"href":"https:\/\/nanoclean24.com\/fr\/wp-json\/wp\/v2\/product\/8087","targetHints":{"allow":["GET"]}}],"collection":[{"href":"https:\/\/nanoclean24.com\/fr\/wp-json\/wp\/v2\/product"}],"about":[{"href":"https:\/\/nanoclean24.com\/fr\/wp-json\/wp\/v2\/types\/product"}],"wp:featuredmedia":[{"embeddable":true,"href":"https:\/\/nanoclean24.com\/fr\/wp-json\/wp\/v2\/media\/2828"}],"wp:attachment":[{"href":"https:\/\/nanoclean24.com\/fr\/wp-json\/wp\/v2\/media?parent=8087"}],"wp:term":[{"taxonomy":"product_brand","embeddable":true,"href":"https:\/\/nanoclean24.com\/fr\/wp-json\/wp\/v2\/product_brand?post=8087"},{"taxonomy":"product_cat","embeddable":true,"href":"https:\/\/nanoclean24.com\/fr\/wp-json\/wp\/v2\/product_cat?post=8087"},{"taxonomy":"product_tag","embeddable":true,"href":"https:\/\/nanoclean24.com\/fr\/wp-json\/wp\/v2\/product_tag?post=8087"}],"curies":[{"name":"wp","href":"https:\/\/api.w.org\/{rel}","templated":true}]}}