{"id":8086,"date":"2025-09-26T10:26:00","date_gmt":"2025-09-26T08:26:00","guid":{"rendered":"https:\/\/nanoclean24.com\/produkt\/v44-unifoam-wash\/"},"modified":"2025-09-26T10:26:00","modified_gmt":"2025-09-26T08:26:00","slug":"v44-unifoam-wash","status":"publish","type":"product","link":"https:\/\/nanoclean24.com\/fr\/produit\/v44-unifoam-wash\/","title":{"rendered":"V44 UNIFOAM WASH"},"content":{"rendered":"<p><strong>UNIFOAM WASH<\/strong><\/p>\n<p>V44 UNIFOAM WASH est con\u00e7u pour un pr\u00e9lavage efficace et un lavage r\u00e9gulier de tous les types de v\u00e9hicules, y compris les voitures, les camions, les autobus et les flottes commerciales. Sa mousse dense et durable adh\u00e8re aux surfaces, \u00e9liminant efficacement la salet\u00e9, la graisse et les grosses salet\u00e9s sans endommager la peinture, le plastique ou le caoutchouc. Recommand\u00e9 comme lavage alcalin apr\u00e8s un lavage acide et comme proc\u00e9dure de neutralisation.  <\/p>\n","protected":false},"excerpt":{"rendered":"<h3>Il s&rsquo;agit d&rsquo;un nettoyant alcalin puissant et tr\u00e8s moussant (pH=12) avec un effet nanobrillant.<\/h3>\n<p>\u2705 <strong>Mousse active de nettoyage en profondeur<\/strong> &#8211; \u00c9limine les salet\u00e9s et les graisses tenaces.<\/p>\n<p>\u2705 <strong>S\u00fbr pour toutes les surfaces des v\u00e9hicules<\/strong> &#8211; Convient pour la peinture, le plastique, les b\u00e2ches et les roues.<\/p>\n<p><strong>Formule fortement alcaline<\/strong> &#8211; Id\u00e9ale pour les applications commerciales et industrielles.<\/p>\n<p>\u2705 <strong>Compatible avec les \u00e9mulseurs et les pulv\u00e9risateurs<\/strong> &#8211; Peut \u00eatre utilis\u00e9 dans les syst\u00e8mes \u00e0 haute pression.<\/p>\n<p>\u2705 <strong>Biod\u00e9gradable et efficace<\/strong> &#8211; Nettoyage professionnel dans le respect de l&rsquo;environnement.<\/p>\n","protected":false},"featured_media":2838,"template":"","meta":{"_kad_blocks_custom_css":"","_kad_blocks_head_custom_js":"","_kad_blocks_body_custom_js":"","_kad_blocks_footer_custom_js":"","_kad_post_transparent":"","_kad_post_title":"","_kad_post_layout":"","_kad_post_sidebar_id":"","_kad_post_content_style":"","_kad_post_vertical_padding":"","_kad_post_feature":"","_kad_post_feature_position":"","_kad_post_header":false,"_kad_post_footer":false,"_kad_post_classname":""},"product_brand":[],"product_cat":[132],"product_tag":[],"class_list":{"0":"post-8086","1":"product","2":"type-product","3":"status-publish","4":"has-post-thumbnail","6":"product_cat-truck-fr","8":"first","9":"outofstock","10":"taxable","11":"shipping-taxable","12":"product-type-simple","13":"entry","14":"content-bg","15":"loop-entry"},"yoast_head":"<!-- This site is optimized with the Yoast SEO plugin v27.2 - https:\/\/yoast.com\/product\/yoast-seo-wordpress\/ -->\n<title>V44 UNIFOAM WASH - NANOCLEAN<\/title>\n<meta name=\"robots\" content=\"index, follow, max-snippet:-1, max-image-preview:large, max-video-preview:-1\" \/>\n<link rel=\"canonical\" href=\"https:\/\/nanoclean24.com\/fr\/produit\/v44-unifoam-wash\/\" \/>\n<meta property=\"og:locale\" content=\"fr_FR\" \/>\n<meta property=\"og:type\" content=\"article\" \/>\n<meta property=\"og:title\" content=\"V44 UNIFOAM WASH - NANOCLEAN\" \/>\n<meta property=\"og:description\" content=\"Il s&#039;agit d&#039;un nettoyant alcalin puissant et tr\u00e8s moussant (pH=12) avec un effet nanobrillant. \u2705 Mousse active de nettoyage en profondeur - \u00c9limine les salet\u00e9s et les graisses tenaces. \u2705 S\u00fbr pour toutes les surfaces des v\u00e9hicules - Convient pour la peinture, le plastique, les b\u00e2ches et les roues. Formule fortement alcaline - Id\u00e9ale pour les applications commerciales et industrielles. \u2705 Compatible avec les \u00e9mulseurs et les pulv\u00e9risateurs - Peut \u00eatre utilis\u00e9 dans les syst\u00e8mes \u00e0 haute pression. \u2705 Biod\u00e9gradable et efficace - Nettoyage professionnel dans le respect de l&#039;environnement.\" \/>\n<meta property=\"og:url\" content=\"https:\/\/nanoclean24.com\/fr\/produit\/v44-unifoam-wash\/\" \/>\n<meta property=\"og:site_name\" content=\"NANOCLEAN\" \/>\n<meta property=\"og:image\" content=\"https:\/\/nanoclean24.com\/wp-content\/uploads\/2025\/07\/V44.jpg\" \/>\n\t<meta property=\"og:image:width\" content=\"1200\" \/>\n\t<meta property=\"og:image:height\" content=\"1200\" \/>\n\t<meta property=\"og:image:type\" content=\"image\/jpeg\" \/>\n<meta name=\"twitter:card\" content=\"summary_large_image\" \/>\n<script type=\"application\/ld+json\" class=\"yoast-schema-graph\">{\"@context\":\"https:\/\/schema.org\",\"@graph\":[{\"@type\":\"WebPage\",\"@id\":\"https:\/\/nanoclean24.com\/fr\/produit\/v44-unifoam-wash\/\",\"url\":\"https:\/\/nanoclean24.com\/fr\/produit\/v44-unifoam-wash\/\",\"name\":\"V44 UNIFOAM WASH - NANOCLEAN\",\"isPartOf\":{\"@id\":\"https:\/\/nanoclean24.com\/fr\/#website\"},\"primaryImageOfPage\":{\"@id\":\"https:\/\/nanoclean24.com\/fr\/produit\/v44-unifoam-wash\/#primaryimage\"},\"image\":{\"@id\":\"https:\/\/nanoclean24.com\/fr\/produit\/v44-unifoam-wash\/#primaryimage\"},\"thumbnailUrl\":\"https:\/\/nanoclean24.com\/wp-content\/uploads\/2025\/07\/V44.jpg\",\"datePublished\":\"2025-09-26T08:26:00+00:00\",\"breadcrumb\":{\"@id\":\"https:\/\/nanoclean24.com\/fr\/produit\/v44-unifoam-wash\/#breadcrumb\"},\"inLanguage\":\"fr-FR\",\"potentialAction\":[{\"@type\":\"ReadAction\",\"target\":[\"https:\/\/nanoclean24.com\/fr\/produit\/v44-unifoam-wash\/\"]}]},{\"@type\":\"ImageObject\",\"inLanguage\":\"fr-FR\",\"@id\":\"https:\/\/nanoclean24.com\/fr\/produit\/v44-unifoam-wash\/#primaryimage\",\"url\":\"https:\/\/nanoclean24.com\/wp-content\/uploads\/2025\/07\/V44.jpg\",\"contentUrl\":\"https:\/\/nanoclean24.com\/wp-content\/uploads\/2025\/07\/V44.jpg\",\"width\":1200,\"height\":1200},{\"@type\":\"BreadcrumbList\",\"@id\":\"https:\/\/nanoclean24.com\/fr\/produit\/v44-unifoam-wash\/#breadcrumb\",\"itemListElement\":[{\"@type\":\"ListItem\",\"position\":1,\"name\":\"Strona g\u0142\u00f3wna\",\"item\":\"https:\/\/nanoclean24.com\/fr\/\"},{\"@type\":\"ListItem\",\"position\":2,\"name\":\"Boutique\",\"item\":\"https:\/\/nanoclean24.com\/shop\/\"},{\"@type\":\"ListItem\",\"position\":3,\"name\":\"V44 UNIFOAM WASH\"}]},{\"@type\":\"WebSite\",\"@id\":\"https:\/\/nanoclean24.com\/fr\/#website\",\"url\":\"https:\/\/nanoclean24.com\/fr\/\",\"name\":\"NanoClean\",\"description\":\"\",\"publisher\":{\"@id\":\"https:\/\/nanoclean24.com\/fr\/#organization\"},\"potentialAction\":[{\"@type\":\"SearchAction\",\"target\":{\"@type\":\"EntryPoint\",\"urlTemplate\":\"https:\/\/nanoclean24.com\/fr\/?s={search_term_string}\"},\"query-input\":{\"@type\":\"PropertyValueSpecification\",\"valueRequired\":true,\"valueName\":\"search_term_string\"}}],\"inLanguage\":\"fr-FR\"},{\"@type\":\"Organization\",\"@id\":\"https:\/\/nanoclean24.com\/fr\/#organization\",\"name\":\"NanoClean\",\"url\":\"https:\/\/nanoclean24.com\/fr\/\",\"logo\":{\"@type\":\"ImageObject\",\"inLanguage\":\"fr-FR\",\"@id\":\"https:\/\/nanoclean24.com\/fr\/#\/schema\/logo\/image\/\",\"url\":\"https:\/\/nanoclean24.com\/wp-content\/uploads\/2025\/07\/logo-2.jpg\",\"contentUrl\":\"https:\/\/nanoclean24.com\/wp-content\/uploads\/2025\/07\/logo-2.jpg\",\"width\":1068,\"height\":224,\"caption\":\"NanoClean\"},\"image\":{\"@id\":\"https:\/\/nanoclean24.com\/fr\/#\/schema\/logo\/image\/\"}}]}<\/script>\n<!-- \/ Yoast SEO plugin. -->","yoast_head_json":{"title":"V44 UNIFOAM WASH - NANOCLEAN","robots":{"index":"index","follow":"follow","max-snippet":"max-snippet:-1","max-image-preview":"max-image-preview:large","max-video-preview":"max-video-preview:-1"},"canonical":"https:\/\/nanoclean24.com\/fr\/produit\/v44-unifoam-wash\/","og_locale":"fr_FR","og_type":"article","og_title":"V44 UNIFOAM WASH - NANOCLEAN","og_description":"Il s'agit d'un nettoyant alcalin puissant et tr\u00e8s moussant (pH=12) avec un effet nanobrillant. \u2705 Mousse active de nettoyage en profondeur - \u00c9limine les salet\u00e9s et les graisses tenaces. \u2705 S\u00fbr pour toutes les surfaces des v\u00e9hicules - Convient pour la peinture, le plastique, les b\u00e2ches et les roues. Formule fortement alcaline - Id\u00e9ale pour les applications commerciales et industrielles. \u2705 Compatible avec les \u00e9mulseurs et les pulv\u00e9risateurs - Peut \u00eatre utilis\u00e9 dans les syst\u00e8mes \u00e0 haute pression. \u2705 Biod\u00e9gradable et efficace - Nettoyage professionnel dans le respect de l'environnement.","og_url":"https:\/\/nanoclean24.com\/fr\/produit\/v44-unifoam-wash\/","og_site_name":"NANOCLEAN","og_image":[{"width":1200,"height":1200,"url":"https:\/\/nanoclean24.com\/wp-content\/uploads\/2025\/07\/V44.jpg","type":"image\/jpeg"}],"twitter_card":"summary_large_image","schema":{"@context":"https:\/\/schema.org","@graph":[{"@type":"WebPage","@id":"https:\/\/nanoclean24.com\/fr\/produit\/v44-unifoam-wash\/","url":"https:\/\/nanoclean24.com\/fr\/produit\/v44-unifoam-wash\/","name":"V44 UNIFOAM WASH - NANOCLEAN","isPartOf":{"@id":"https:\/\/nanoclean24.com\/fr\/#website"},"primaryImageOfPage":{"@id":"https:\/\/nanoclean24.com\/fr\/produit\/v44-unifoam-wash\/#primaryimage"},"image":{"@id":"https:\/\/nanoclean24.com\/fr\/produit\/v44-unifoam-wash\/#primaryimage"},"thumbnailUrl":"https:\/\/nanoclean24.com\/wp-content\/uploads\/2025\/07\/V44.jpg","datePublished":"2025-09-26T08:26:00+00:00","breadcrumb":{"@id":"https:\/\/nanoclean24.com\/fr\/produit\/v44-unifoam-wash\/#breadcrumb"},"inLanguage":"fr-FR","potentialAction":[{"@type":"ReadAction","target":["https:\/\/nanoclean24.com\/fr\/produit\/v44-unifoam-wash\/"]}]},{"@type":"ImageObject","inLanguage":"fr-FR","@id":"https:\/\/nanoclean24.com\/fr\/produit\/v44-unifoam-wash\/#primaryimage","url":"https:\/\/nanoclean24.com\/wp-content\/uploads\/2025\/07\/V44.jpg","contentUrl":"https:\/\/nanoclean24.com\/wp-content\/uploads\/2025\/07\/V44.jpg","width":1200,"height":1200},{"@type":"BreadcrumbList","@id":"https:\/\/nanoclean24.com\/fr\/produit\/v44-unifoam-wash\/#breadcrumb","itemListElement":[{"@type":"ListItem","position":1,"name":"Strona g\u0142\u00f3wna","item":"https:\/\/nanoclean24.com\/fr\/"},{"@type":"ListItem","position":2,"name":"Boutique","item":"https:\/\/nanoclean24.com\/shop\/"},{"@type":"ListItem","position":3,"name":"V44 UNIFOAM WASH"}]},{"@type":"WebSite","@id":"https:\/\/nanoclean24.com\/fr\/#website","url":"https:\/\/nanoclean24.com\/fr\/","name":"NanoClean","description":"","publisher":{"@id":"https:\/\/nanoclean24.com\/fr\/#organization"},"potentialAction":[{"@type":"SearchAction","target":{"@type":"EntryPoint","urlTemplate":"https:\/\/nanoclean24.com\/fr\/?s={search_term_string}"},"query-input":{"@type":"PropertyValueSpecification","valueRequired":true,"valueName":"search_term_string"}}],"inLanguage":"fr-FR"},{"@type":"Organization","@id":"https:\/\/nanoclean24.com\/fr\/#organization","name":"NanoClean","url":"https:\/\/nanoclean24.com\/fr\/","logo":{"@type":"ImageObject","inLanguage":"fr-FR","@id":"https:\/\/nanoclean24.com\/fr\/#\/schema\/logo\/image\/","url":"https:\/\/nanoclean24.com\/wp-content\/uploads\/2025\/07\/logo-2.jpg","contentUrl":"https:\/\/nanoclean24.com\/wp-content\/uploads\/2025\/07\/logo-2.jpg","width":1068,"height":224,"caption":"NanoClean"},"image":{"@id":"https:\/\/nanoclean24.com\/fr\/#\/schema\/logo\/image\/"}}]}},"taxonomy_info":{"product_cat":[{"value":132,"label":"TRUCK"}]},"featured_image_src_large":["https:\/\/nanoclean24.com\/wp-content\/uploads\/2025\/07\/V44-1024x1024.jpg",1024,1024,true],"author_info":[],"comment_info":"","_links":{"self":[{"href":"https:\/\/nanoclean24.com\/fr\/wp-json\/wp\/v2\/product\/8086","targetHints":{"allow":["GET"]}}],"collection":[{"href":"https:\/\/nanoclean24.com\/fr\/wp-json\/wp\/v2\/product"}],"about":[{"href":"https:\/\/nanoclean24.com\/fr\/wp-json\/wp\/v2\/types\/product"}],"wp:featuredmedia":[{"embeddable":true,"href":"https:\/\/nanoclean24.com\/fr\/wp-json\/wp\/v2\/media\/2838"}],"wp:attachment":[{"href":"https:\/\/nanoclean24.com\/fr\/wp-json\/wp\/v2\/media?parent=8086"}],"wp:term":[{"taxonomy":"product_brand","embeddable":true,"href":"https:\/\/nanoclean24.com\/fr\/wp-json\/wp\/v2\/product_brand?post=8086"},{"taxonomy":"product_cat","embeddable":true,"href":"https:\/\/nanoclean24.com\/fr\/wp-json\/wp\/v2\/product_cat?post=8086"},{"taxonomy":"product_tag","embeddable":true,"href":"https:\/\/nanoclean24.com\/fr\/wp-json\/wp\/v2\/product_tag?post=8086"}],"curies":[{"name":"wp","href":"https:\/\/api.w.org\/{rel}","templated":true}]}}