{"id":8066,"date":"2025-09-26T10:24:50","date_gmt":"2025-09-26T08:24:50","guid":{"rendered":"https:\/\/nanoclean24.com\/produkt\/b45-huile-de-chaine-ultimate\/"},"modified":"2025-10-23T13:08:24","modified_gmt":"2025-10-23T11:08:24","slug":"b45-huile-de-chaine-ultimate","status":"publish","type":"product","link":"https:\/\/nanoclean24.com\/fr\/produit\/b45-huile-de-chaine-ultimate\/","title":{"rendered":"NANOCLEAN B45 CHAIN OIL ULTIMATE 200ML"},"content":{"rendered":"<p>Lubrifiant de cha\u00eene r\u00e9volutionnaire con\u00e7u pour les motos de route et de course, les quads, les karts et tous les v\u00e9hicules entra\u00een\u00e9s par cha\u00eene. La technologie avanc\u00e9e du molybd\u00e8ne organique minimise les frottements, am\u00e9liore les performances et r\u00e9duit la consommation de carburant. Formul\u00e9 avec des huiles synth\u00e9tiques ester et PAO et des additifs AW, EP et FM pour une r\u00e9sistance aux charges extr\u00eames, une excellente protection contre l&rsquo;eau et une dur\u00e9e de vie prolong\u00e9e de la cha\u00eene.  <\/p>\n","protected":false},"excerpt":{"rendered":"<h3>Lubrifiant de cha\u00eene haut de gamme tout temps au molybd\u00e8ne organique<\/h3>\n<p>\u2705<strong> Frottement ultra-faible<\/strong> &#8211; transfert de puissance plus souple et fonctionnement plus silencieux de la cha\u00eene.<\/p>\n<p>\u2705 <strong>Durabilit\u00e9 extr\u00eame<\/strong> &#8211; r\u00e9siste aux charges lourdes et au contact avec l&rsquo;eau.<\/p>\n<p>\u2705 <strong>Dur\u00e9e de vie plus longue de la cha\u00eene<\/strong> &#8211; minimise l&rsquo;usure et les co\u00fbts d&rsquo;entretien.<\/p>\n<p>\u2705 <strong>Efficacit\u00e9 accrue<\/strong> &#8211; am\u00e9liore les performances et l&rsquo;\u00e9conomie de carburant.<\/p>\n","protected":false},"featured_media":15834,"template":"","meta":{"_kad_blocks_custom_css":"","_kad_blocks_head_custom_js":"","_kad_blocks_body_custom_js":"","_kad_blocks_footer_custom_js":"","_kad_post_transparent":"","_kad_post_title":"","_kad_post_layout":"","_kad_post_sidebar_id":"","_kad_post_content_style":"","_kad_post_vertical_padding":"","_kad_post_feature":"","_kad_post_feature_position":"","_kad_post_header":false,"_kad_post_footer":false,"_kad_post_classname":""},"product_brand":[],"product_cat":[109],"product_tag":[],"class_list":{"0":"post-8066","1":"product","2":"type-product","3":"status-publish","4":"has-post-thumbnail","6":"product_cat-moto-fr","8":"first","9":"outofstock","10":"taxable","11":"shipping-taxable","12":"purchasable","13":"product-type-simple","14":"entry","15":"content-bg","16":"loop-entry"},"yoast_head":"<!-- This site is optimized with the Yoast SEO plugin v27.4 - https:\/\/yoast.com\/product\/yoast-seo-wordpress\/ -->\n<title>NANOCLEAN B45 CHAIN OIL ULTIMATE 200ML - NANOCLEAN<\/title>\n<meta name=\"robots\" content=\"index, follow, max-snippet:-1, max-image-preview:large, max-video-preview:-1\" \/>\n<link rel=\"canonical\" href=\"https:\/\/nanoclean24.com\/fr\/produit\/b45-huile-de-chaine-ultimate\/\" \/>\n<meta property=\"og:locale\" content=\"fr_FR\" \/>\n<meta property=\"og:type\" content=\"article\" \/>\n<meta property=\"og:title\" content=\"NANOCLEAN B45 CHAIN OIL ULTIMATE 200ML - NANOCLEAN\" \/>\n<meta property=\"og:description\" content=\"Lubrifiant de cha\u00eene haut de gamme tout temps au molybd\u00e8ne organique \u2705 Frottement ultra-faible - transfert de puissance plus souple et fonctionnement plus silencieux de la cha\u00eene. \u2705 Durabilit\u00e9 extr\u00eame - r\u00e9siste aux charges lourdes et au contact avec l&#039;eau. \u2705 Dur\u00e9e de vie plus longue de la cha\u00eene - minimise l&#039;usure et les co\u00fbts d&#039;entretien. \u2705 Efficacit\u00e9 accrue - am\u00e9liore les performances et l&#039;\u00e9conomie de carburant.\" \/>\n<meta property=\"og:url\" content=\"https:\/\/nanoclean24.com\/fr\/produit\/b45-huile-de-chaine-ultimate\/\" \/>\n<meta property=\"og:site_name\" content=\"NANOCLEAN\" \/>\n<meta property=\"article:modified_time\" content=\"2025-10-23T11:08:24+00:00\" \/>\n<meta property=\"og:image\" content=\"https:\/\/nanoclean24.com\/wp-content\/uploads\/2025\/07\/B45.jpg\" \/>\n\t<meta property=\"og:image:width\" content=\"1200\" \/>\n\t<meta property=\"og:image:height\" content=\"1200\" \/>\n\t<meta property=\"og:image:type\" content=\"image\/jpeg\" \/>\n<meta name=\"twitter:card\" content=\"summary_large_image\" \/>\n<script type=\"application\/ld+json\" class=\"yoast-schema-graph\">{\"@context\":\"https:\\\/\\\/schema.org\",\"@graph\":[{\"@type\":\"WebPage\",\"@id\":\"https:\\\/\\\/nanoclean24.com\\\/fr\\\/produit\\\/b45-huile-de-chaine-ultimate\\\/\",\"url\":\"https:\\\/\\\/nanoclean24.com\\\/fr\\\/produit\\\/b45-huile-de-chaine-ultimate\\\/\",\"name\":\"NANOCLEAN B45 CHAIN OIL ULTIMATE 200ML - NANOCLEAN\",\"isPartOf\":{\"@id\":\"https:\\\/\\\/nanoclean24.com\\\/fr\\\/#website\"},\"primaryImageOfPage\":{\"@id\":\"https:\\\/\\\/nanoclean24.com\\\/fr\\\/produit\\\/b45-huile-de-chaine-ultimate\\\/#primaryimage\"},\"image\":{\"@id\":\"https:\\\/\\\/nanoclean24.com\\\/fr\\\/produit\\\/b45-huile-de-chaine-ultimate\\\/#primaryimage\"},\"thumbnailUrl\":\"https:\\\/\\\/nanoclean24.com\\\/wp-content\\\/uploads\\\/2025\\\/09\\\/B45.webp\",\"datePublished\":\"2025-09-26T08:24:50+00:00\",\"dateModified\":\"2025-10-23T11:08:24+00:00\",\"breadcrumb\":{\"@id\":\"https:\\\/\\\/nanoclean24.com\\\/fr\\\/produit\\\/b45-huile-de-chaine-ultimate\\\/#breadcrumb\"},\"inLanguage\":\"fr-FR\",\"potentialAction\":[{\"@type\":\"ReadAction\",\"target\":[\"https:\\\/\\\/nanoclean24.com\\\/fr\\\/produit\\\/b45-huile-de-chaine-ultimate\\\/\"]}]},{\"@type\":\"ImageObject\",\"inLanguage\":\"fr-FR\",\"@id\":\"https:\\\/\\\/nanoclean24.com\\\/fr\\\/produit\\\/b45-huile-de-chaine-ultimate\\\/#primaryimage\",\"url\":\"https:\\\/\\\/nanoclean24.com\\\/wp-content\\\/uploads\\\/2025\\\/09\\\/B45.webp\",\"contentUrl\":\"https:\\\/\\\/nanoclean24.com\\\/wp-content\\\/uploads\\\/2025\\\/09\\\/B45.webp\",\"width\":1200,\"height\":1200},{\"@type\":\"BreadcrumbList\",\"@id\":\"https:\\\/\\\/nanoclean24.com\\\/fr\\\/produit\\\/b45-huile-de-chaine-ultimate\\\/#breadcrumb\",\"itemListElement\":[{\"@type\":\"ListItem\",\"position\":1,\"name\":\"Strona g\u0142\u00f3wna\",\"item\":\"https:\\\/\\\/nanoclean24.com\\\/fr\\\/\"},{\"@type\":\"ListItem\",\"position\":2,\"name\":\"Boutique\",\"item\":\"https:\\\/\\\/nanoclean24.com\\\/shop\\\/\"},{\"@type\":\"ListItem\",\"position\":3,\"name\":\"NANOCLEAN B45 CHAIN OIL ULTIMATE 200ML\"}]},{\"@type\":\"WebSite\",\"@id\":\"https:\\\/\\\/nanoclean24.com\\\/fr\\\/#website\",\"url\":\"https:\\\/\\\/nanoclean24.com\\\/fr\\\/\",\"name\":\"NanoClean\",\"description\":\"\",\"publisher\":{\"@id\":\"https:\\\/\\\/nanoclean24.com\\\/fr\\\/#organization\"},\"potentialAction\":[{\"@type\":\"SearchAction\",\"target\":{\"@type\":\"EntryPoint\",\"urlTemplate\":\"https:\\\/\\\/nanoclean24.com\\\/fr\\\/?s={search_term_string}\"},\"query-input\":{\"@type\":\"PropertyValueSpecification\",\"valueRequired\":true,\"valueName\":\"search_term_string\"}}],\"inLanguage\":\"fr-FR\"},{\"@type\":\"Organization\",\"@id\":\"https:\\\/\\\/nanoclean24.com\\\/fr\\\/#organization\",\"name\":\"NanoClean\",\"url\":\"https:\\\/\\\/nanoclean24.com\\\/fr\\\/\",\"logo\":{\"@type\":\"ImageObject\",\"inLanguage\":\"fr-FR\",\"@id\":\"https:\\\/\\\/nanoclean24.com\\\/fr\\\/#\\\/schema\\\/logo\\\/image\\\/\",\"url\":\"https:\\\/\\\/nanoclean24.com\\\/wp-content\\\/uploads\\\/2025\\\/07\\\/logo-2.jpg\",\"contentUrl\":\"https:\\\/\\\/nanoclean24.com\\\/wp-content\\\/uploads\\\/2025\\\/07\\\/logo-2.jpg\",\"width\":1068,\"height\":224,\"caption\":\"NanoClean\"},\"image\":{\"@id\":\"https:\\\/\\\/nanoclean24.com\\\/fr\\\/#\\\/schema\\\/logo\\\/image\\\/\"}}]}<\/script>\n<!-- \/ Yoast SEO plugin. -->","yoast_head_json":{"title":"NANOCLEAN B45 CHAIN OIL ULTIMATE 200ML - NANOCLEAN","robots":{"index":"index","follow":"follow","max-snippet":"max-snippet:-1","max-image-preview":"max-image-preview:large","max-video-preview":"max-video-preview:-1"},"canonical":"https:\/\/nanoclean24.com\/fr\/produit\/b45-huile-de-chaine-ultimate\/","og_locale":"fr_FR","og_type":"article","og_title":"NANOCLEAN B45 CHAIN OIL ULTIMATE 200ML - NANOCLEAN","og_description":"Lubrifiant de cha\u00eene haut de gamme tout temps au molybd\u00e8ne organique \u2705 Frottement ultra-faible - transfert de puissance plus souple et fonctionnement plus silencieux de la cha\u00eene. \u2705 Durabilit\u00e9 extr\u00eame - r\u00e9siste aux charges lourdes et au contact avec l'eau. \u2705 Dur\u00e9e de vie plus longue de la cha\u00eene - minimise l'usure et les co\u00fbts d'entretien. \u2705 Efficacit\u00e9 accrue - am\u00e9liore les performances et l'\u00e9conomie de carburant.","og_url":"https:\/\/nanoclean24.com\/fr\/produit\/b45-huile-de-chaine-ultimate\/","og_site_name":"NANOCLEAN","article_modified_time":"2025-10-23T11:08:24+00:00","og_image":[{"width":1200,"height":1200,"url":"https:\/\/nanoclean24.com\/wp-content\/uploads\/2025\/07\/B45.jpg","type":"image\/jpeg"}],"twitter_card":"summary_large_image","schema":{"@context":"https:\/\/schema.org","@graph":[{"@type":"WebPage","@id":"https:\/\/nanoclean24.com\/fr\/produit\/b45-huile-de-chaine-ultimate\/","url":"https:\/\/nanoclean24.com\/fr\/produit\/b45-huile-de-chaine-ultimate\/","name":"NANOCLEAN B45 CHAIN OIL ULTIMATE 200ML - NANOCLEAN","isPartOf":{"@id":"https:\/\/nanoclean24.com\/fr\/#website"},"primaryImageOfPage":{"@id":"https:\/\/nanoclean24.com\/fr\/produit\/b45-huile-de-chaine-ultimate\/#primaryimage"},"image":{"@id":"https:\/\/nanoclean24.com\/fr\/produit\/b45-huile-de-chaine-ultimate\/#primaryimage"},"thumbnailUrl":"https:\/\/nanoclean24.com\/wp-content\/uploads\/2025\/09\/B45.webp","datePublished":"2025-09-26T08:24:50+00:00","dateModified":"2025-10-23T11:08:24+00:00","breadcrumb":{"@id":"https:\/\/nanoclean24.com\/fr\/produit\/b45-huile-de-chaine-ultimate\/#breadcrumb"},"inLanguage":"fr-FR","potentialAction":[{"@type":"ReadAction","target":["https:\/\/nanoclean24.com\/fr\/produit\/b45-huile-de-chaine-ultimate\/"]}]},{"@type":"ImageObject","inLanguage":"fr-FR","@id":"https:\/\/nanoclean24.com\/fr\/produit\/b45-huile-de-chaine-ultimate\/#primaryimage","url":"https:\/\/nanoclean24.com\/wp-content\/uploads\/2025\/09\/B45.webp","contentUrl":"https:\/\/nanoclean24.com\/wp-content\/uploads\/2025\/09\/B45.webp","width":1200,"height":1200},{"@type":"BreadcrumbList","@id":"https:\/\/nanoclean24.com\/fr\/produit\/b45-huile-de-chaine-ultimate\/#breadcrumb","itemListElement":[{"@type":"ListItem","position":1,"name":"Strona g\u0142\u00f3wna","item":"https:\/\/nanoclean24.com\/fr\/"},{"@type":"ListItem","position":2,"name":"Boutique","item":"https:\/\/nanoclean24.com\/shop\/"},{"@type":"ListItem","position":3,"name":"NANOCLEAN B45 CHAIN OIL ULTIMATE 200ML"}]},{"@type":"WebSite","@id":"https:\/\/nanoclean24.com\/fr\/#website","url":"https:\/\/nanoclean24.com\/fr\/","name":"NanoClean","description":"","publisher":{"@id":"https:\/\/nanoclean24.com\/fr\/#organization"},"potentialAction":[{"@type":"SearchAction","target":{"@type":"EntryPoint","urlTemplate":"https:\/\/nanoclean24.com\/fr\/?s={search_term_string}"},"query-input":{"@type":"PropertyValueSpecification","valueRequired":true,"valueName":"search_term_string"}}],"inLanguage":"fr-FR"},{"@type":"Organization","@id":"https:\/\/nanoclean24.com\/fr\/#organization","name":"NanoClean","url":"https:\/\/nanoclean24.com\/fr\/","logo":{"@type":"ImageObject","inLanguage":"fr-FR","@id":"https:\/\/nanoclean24.com\/fr\/#\/schema\/logo\/image\/","url":"https:\/\/nanoclean24.com\/wp-content\/uploads\/2025\/07\/logo-2.jpg","contentUrl":"https:\/\/nanoclean24.com\/wp-content\/uploads\/2025\/07\/logo-2.jpg","width":1068,"height":224,"caption":"NanoClean"},"image":{"@id":"https:\/\/nanoclean24.com\/fr\/#\/schema\/logo\/image\/"}}]}},"taxonomy_info":{"product_cat":[{"value":109,"label":"BIKE&amp;MOTO"}]},"featured_image_src_large":["https:\/\/nanoclean24.com\/wp-content\/uploads\/2025\/09\/B45-1024x1024.webp",1024,1024,true],"author_info":[],"comment_info":"","_links":{"self":[{"href":"https:\/\/nanoclean24.com\/fr\/wp-json\/wp\/v2\/product\/8066","targetHints":{"allow":["GET"]}}],"collection":[{"href":"https:\/\/nanoclean24.com\/fr\/wp-json\/wp\/v2\/product"}],"about":[{"href":"https:\/\/nanoclean24.com\/fr\/wp-json\/wp\/v2\/types\/product"}],"wp:featuredmedia":[{"embeddable":true,"href":"https:\/\/nanoclean24.com\/fr\/wp-json\/wp\/v2\/media\/15834"}],"wp:attachment":[{"href":"https:\/\/nanoclean24.com\/fr\/wp-json\/wp\/v2\/media?parent=8066"}],"wp:term":[{"taxonomy":"product_brand","embeddable":true,"href":"https:\/\/nanoclean24.com\/fr\/wp-json\/wp\/v2\/product_brand?post=8066"},{"taxonomy":"product_cat","embeddable":true,"href":"https:\/\/nanoclean24.com\/fr\/wp-json\/wp\/v2\/product_cat?post=8066"},{"taxonomy":"product_tag","embeddable":true,"href":"https:\/\/nanoclean24.com\/fr\/wp-json\/wp\/v2\/product_tag?post=8066"}],"curies":[{"name":"wp","href":"https:\/\/api.w.org\/{rel}","templated":true}]}}