{"id":8035,"date":"2025-09-26T10:22:02","date_gmt":"2025-09-26T08:22:02","guid":{"rendered":"https:\/\/nanoclean24.com\/produkt\/additif-pour-lhuile-du-compresseur-t71\/"},"modified":"2025-10-23T13:05:35","modified_gmt":"2025-10-23T11:05:35","slug":"additif-pour-lhuile-du-compresseur-t71","status":"publish","type":"product","link":"https:\/\/nanoclean24.com\/fr\/produit\/additif-pour-lhuile-du-compresseur-t71\/","title":{"rendered":"T71 COMPRESSOR OIL ADDITIVE 50ML"},"content":{"rendered":"<p>Cet additif r\u00e9duit efficacement la consommation d&rsquo;\u00e9nergie, prolonge la dur\u00e9e de vie de l&rsquo;huile et am\u00e9liore la protection des composants lubrifi\u00e9s des compresseurs. Gr\u00e2ce \u00e0 sa formulation unique \u00e0 base de molybd\u00e8ne organique, il r\u00e9duit les frottements, ce qui se traduit par une baisse de la consommation d&rsquo;\u00e9nergie et des temp\u00e9ratures de fonctionnement. En outre, il contribue \u00e0 prolonger la dur\u00e9e de vie de l&rsquo;huile et \u00e0 r\u00e9duire les co\u00fbts d&rsquo;exploitation, en garantissant la stabilit\u00e9 de l&rsquo;huile m\u00eame dans des conditions d&rsquo;exploitation s\u00e9v\u00e8res.  <\/p>\n","protected":false},"excerpt":{"rendered":"<h3>Additif d&rsquo;huile de compresseur haute performance pour une protection et une efficacit\u00e9 accrues<\/h3>\n<p>\u2705 <strong>R\u00e9duit la consommation d&rsquo;\u00e9nergie de 1 \u00e0 3 % en r\u00e9duisant les frottements<\/strong>.<br \/>\n<strong> \u2705 R\u00e9duit le coefficient de frottement de 60 \u00e0 65 %<\/strong> par rapport aux huiles sans additifs.<br \/>\n\u2705 <strong>R\u00e9duit les temp\u00e9ratures de fonctionnement des compresseurs et les pertes m\u00e9caniques.<\/strong><br \/>\n\u2705 <strong>Prolonge la dur\u00e9e de vie de l&rsquo;huile<\/strong> gr\u00e2ce \u00e0 sa stabilit\u00e9 thermique et \u00e0 ses propri\u00e9t\u00e9s antioxydantes.<br \/>\n<strong>Dosage facile<\/strong> &#8211; de 0,1 % \u00e0 1 % du volume d&rsquo;huile.<\/p>\n","protected":false},"featured_media":2796,"template":"","meta":{"_kad_blocks_custom_css":"","_kad_blocks_head_custom_js":"","_kad_blocks_body_custom_js":"","_kad_blocks_footer_custom_js":"","_kad_post_transparent":"","_kad_post_title":"","_kad_post_layout":"","_kad_post_sidebar_id":"","_kad_post_content_style":"","_kad_post_vertical_padding":"","_kad_post_feature":"","_kad_post_feature_position":"","_kad_post_header":false,"_kad_post_footer":false,"_kad_post_classname":""},"product_brand":[],"product_cat":[135],"product_tag":[],"class_list":{"0":"post-8035","1":"product","2":"type-product","3":"status-publish","4":"has-post-thumbnail","6":"product_cat-tuning-racing-fr","8":"first","9":"instock","10":"featured","11":"taxable","12":"shipping-taxable","13":"purchasable","14":"product-type-simple","15":"entry","16":"content-bg","17":"loop-entry"},"yoast_head":"<!-- This site is optimized with the Yoast SEO plugin v27.4 - https:\/\/yoast.com\/product\/yoast-seo-wordpress\/ -->\n<title>T71 COMPRESSOR OIL ADDITIVE 50ML - NANOCLEAN<\/title>\n<meta name=\"robots\" content=\"index, follow, max-snippet:-1, max-image-preview:large, max-video-preview:-1\" \/>\n<link rel=\"canonical\" href=\"https:\/\/nanoclean24.com\/fr\/produit\/additif-pour-lhuile-du-compresseur-t71\/\" \/>\n<meta property=\"og:locale\" content=\"fr_FR\" \/>\n<meta property=\"og:type\" content=\"article\" \/>\n<meta property=\"og:title\" content=\"T71 COMPRESSOR OIL ADDITIVE 50ML - NANOCLEAN\" \/>\n<meta property=\"og:description\" content=\"Additif d&#039;huile de compresseur haute performance pour une protection et une efficacit\u00e9 accrues \u2705 R\u00e9duit la consommation d&#039;\u00e9nergie de 1 \u00e0 3 % en r\u00e9duisant les frottements. \u2705 R\u00e9duit le coefficient de frottement de 60 \u00e0 65 % par rapport aux huiles sans additifs. \u2705 R\u00e9duit les temp\u00e9ratures de fonctionnement des compresseurs et les pertes m\u00e9caniques. \u2705 Prolonge la dur\u00e9e de vie de l&#039;huile gr\u00e2ce \u00e0 sa stabilit\u00e9 thermique et \u00e0 ses propri\u00e9t\u00e9s antioxydantes. Dosage facile - de 0,1 % \u00e0 1 % du volume d&#039;huile.\" \/>\n<meta property=\"og:url\" content=\"https:\/\/nanoclean24.com\/fr\/produit\/additif-pour-lhuile-du-compresseur-t71\/\" \/>\n<meta property=\"og:site_name\" content=\"NANOCLEAN\" \/>\n<meta property=\"article:modified_time\" content=\"2025-10-23T11:05:35+00:00\" \/>\n<meta property=\"og:image\" content=\"https:\/\/nanoclean24.com\/wp-content\/uploads\/2025\/07\/T71.jpg\" \/>\n\t<meta property=\"og:image:width\" content=\"1200\" \/>\n\t<meta property=\"og:image:height\" content=\"1200\" \/>\n\t<meta property=\"og:image:type\" content=\"image\/jpeg\" \/>\n<meta name=\"twitter:card\" content=\"summary_large_image\" \/>\n<script type=\"application\/ld+json\" class=\"yoast-schema-graph\">{\"@context\":\"https:\\\/\\\/schema.org\",\"@graph\":[{\"@type\":\"WebPage\",\"@id\":\"https:\\\/\\\/nanoclean24.com\\\/fr\\\/produit\\\/additif-pour-lhuile-du-compresseur-t71\\\/\",\"url\":\"https:\\\/\\\/nanoclean24.com\\\/fr\\\/produit\\\/additif-pour-lhuile-du-compresseur-t71\\\/\",\"name\":\"T71 COMPRESSOR OIL ADDITIVE 50ML - NANOCLEAN\",\"isPartOf\":{\"@id\":\"https:\\\/\\\/nanoclean24.com\\\/fr\\\/#website\"},\"primaryImageOfPage\":{\"@id\":\"https:\\\/\\\/nanoclean24.com\\\/fr\\\/produit\\\/additif-pour-lhuile-du-compresseur-t71\\\/#primaryimage\"},\"image\":{\"@id\":\"https:\\\/\\\/nanoclean24.com\\\/fr\\\/produit\\\/additif-pour-lhuile-du-compresseur-t71\\\/#primaryimage\"},\"thumbnailUrl\":\"https:\\\/\\\/nanoclean24.com\\\/wp-content\\\/uploads\\\/2025\\\/07\\\/T71.jpg\",\"datePublished\":\"2025-09-26T08:22:02+00:00\",\"dateModified\":\"2025-10-23T11:05:35+00:00\",\"breadcrumb\":{\"@id\":\"https:\\\/\\\/nanoclean24.com\\\/fr\\\/produit\\\/additif-pour-lhuile-du-compresseur-t71\\\/#breadcrumb\"},\"inLanguage\":\"fr-FR\",\"potentialAction\":[{\"@type\":\"ReadAction\",\"target\":[\"https:\\\/\\\/nanoclean24.com\\\/fr\\\/produit\\\/additif-pour-lhuile-du-compresseur-t71\\\/\"]}]},{\"@type\":\"ImageObject\",\"inLanguage\":\"fr-FR\",\"@id\":\"https:\\\/\\\/nanoclean24.com\\\/fr\\\/produit\\\/additif-pour-lhuile-du-compresseur-t71\\\/#primaryimage\",\"url\":\"https:\\\/\\\/nanoclean24.com\\\/wp-content\\\/uploads\\\/2025\\\/07\\\/T71.jpg\",\"contentUrl\":\"https:\\\/\\\/nanoclean24.com\\\/wp-content\\\/uploads\\\/2025\\\/07\\\/T71.jpg\",\"width\":1200,\"height\":1200},{\"@type\":\"BreadcrumbList\",\"@id\":\"https:\\\/\\\/nanoclean24.com\\\/fr\\\/produit\\\/additif-pour-lhuile-du-compresseur-t71\\\/#breadcrumb\",\"itemListElement\":[{\"@type\":\"ListItem\",\"position\":1,\"name\":\"Strona g\u0142\u00f3wna\",\"item\":\"https:\\\/\\\/nanoclean24.com\\\/fr\\\/\"},{\"@type\":\"ListItem\",\"position\":2,\"name\":\"Boutique\",\"item\":\"https:\\\/\\\/nanoclean24.com\\\/shop\\\/\"},{\"@type\":\"ListItem\",\"position\":3,\"name\":\"T71 COMPRESSOR OIL ADDITIVE 50ML\"}]},{\"@type\":\"WebSite\",\"@id\":\"https:\\\/\\\/nanoclean24.com\\\/fr\\\/#website\",\"url\":\"https:\\\/\\\/nanoclean24.com\\\/fr\\\/\",\"name\":\"NanoClean\",\"description\":\"\",\"publisher\":{\"@id\":\"https:\\\/\\\/nanoclean24.com\\\/fr\\\/#organization\"},\"potentialAction\":[{\"@type\":\"SearchAction\",\"target\":{\"@type\":\"EntryPoint\",\"urlTemplate\":\"https:\\\/\\\/nanoclean24.com\\\/fr\\\/?s={search_term_string}\"},\"query-input\":{\"@type\":\"PropertyValueSpecification\",\"valueRequired\":true,\"valueName\":\"search_term_string\"}}],\"inLanguage\":\"fr-FR\"},{\"@type\":\"Organization\",\"@id\":\"https:\\\/\\\/nanoclean24.com\\\/fr\\\/#organization\",\"name\":\"NanoClean\",\"url\":\"https:\\\/\\\/nanoclean24.com\\\/fr\\\/\",\"logo\":{\"@type\":\"ImageObject\",\"inLanguage\":\"fr-FR\",\"@id\":\"https:\\\/\\\/nanoclean24.com\\\/fr\\\/#\\\/schema\\\/logo\\\/image\\\/\",\"url\":\"https:\\\/\\\/nanoclean24.com\\\/wp-content\\\/uploads\\\/2025\\\/07\\\/logo-2.jpg\",\"contentUrl\":\"https:\\\/\\\/nanoclean24.com\\\/wp-content\\\/uploads\\\/2025\\\/07\\\/logo-2.jpg\",\"width\":1068,\"height\":224,\"caption\":\"NanoClean\"},\"image\":{\"@id\":\"https:\\\/\\\/nanoclean24.com\\\/fr\\\/#\\\/schema\\\/logo\\\/image\\\/\"}}]}<\/script>\n<!-- \/ Yoast SEO plugin. -->","yoast_head_json":{"title":"T71 COMPRESSOR OIL ADDITIVE 50ML - NANOCLEAN","robots":{"index":"index","follow":"follow","max-snippet":"max-snippet:-1","max-image-preview":"max-image-preview:large","max-video-preview":"max-video-preview:-1"},"canonical":"https:\/\/nanoclean24.com\/fr\/produit\/additif-pour-lhuile-du-compresseur-t71\/","og_locale":"fr_FR","og_type":"article","og_title":"T71 COMPRESSOR OIL ADDITIVE 50ML - NANOCLEAN","og_description":"Additif d'huile de compresseur haute performance pour une protection et une efficacit\u00e9 accrues \u2705 R\u00e9duit la consommation d'\u00e9nergie de 1 \u00e0 3 % en r\u00e9duisant les frottements. \u2705 R\u00e9duit le coefficient de frottement de 60 \u00e0 65 % par rapport aux huiles sans additifs. \u2705 R\u00e9duit les temp\u00e9ratures de fonctionnement des compresseurs et les pertes m\u00e9caniques. \u2705 Prolonge la dur\u00e9e de vie de l'huile gr\u00e2ce \u00e0 sa stabilit\u00e9 thermique et \u00e0 ses propri\u00e9t\u00e9s antioxydantes. Dosage facile - de 0,1 % \u00e0 1 % du volume d'huile.","og_url":"https:\/\/nanoclean24.com\/fr\/produit\/additif-pour-lhuile-du-compresseur-t71\/","og_site_name":"NANOCLEAN","article_modified_time":"2025-10-23T11:05:35+00:00","og_image":[{"width":1200,"height":1200,"url":"https:\/\/nanoclean24.com\/wp-content\/uploads\/2025\/07\/T71.jpg","type":"image\/jpeg"}],"twitter_card":"summary_large_image","schema":{"@context":"https:\/\/schema.org","@graph":[{"@type":"WebPage","@id":"https:\/\/nanoclean24.com\/fr\/produit\/additif-pour-lhuile-du-compresseur-t71\/","url":"https:\/\/nanoclean24.com\/fr\/produit\/additif-pour-lhuile-du-compresseur-t71\/","name":"T71 COMPRESSOR OIL ADDITIVE 50ML - NANOCLEAN","isPartOf":{"@id":"https:\/\/nanoclean24.com\/fr\/#website"},"primaryImageOfPage":{"@id":"https:\/\/nanoclean24.com\/fr\/produit\/additif-pour-lhuile-du-compresseur-t71\/#primaryimage"},"image":{"@id":"https:\/\/nanoclean24.com\/fr\/produit\/additif-pour-lhuile-du-compresseur-t71\/#primaryimage"},"thumbnailUrl":"https:\/\/nanoclean24.com\/wp-content\/uploads\/2025\/07\/T71.jpg","datePublished":"2025-09-26T08:22:02+00:00","dateModified":"2025-10-23T11:05:35+00:00","breadcrumb":{"@id":"https:\/\/nanoclean24.com\/fr\/produit\/additif-pour-lhuile-du-compresseur-t71\/#breadcrumb"},"inLanguage":"fr-FR","potentialAction":[{"@type":"ReadAction","target":["https:\/\/nanoclean24.com\/fr\/produit\/additif-pour-lhuile-du-compresseur-t71\/"]}]},{"@type":"ImageObject","inLanguage":"fr-FR","@id":"https:\/\/nanoclean24.com\/fr\/produit\/additif-pour-lhuile-du-compresseur-t71\/#primaryimage","url":"https:\/\/nanoclean24.com\/wp-content\/uploads\/2025\/07\/T71.jpg","contentUrl":"https:\/\/nanoclean24.com\/wp-content\/uploads\/2025\/07\/T71.jpg","width":1200,"height":1200},{"@type":"BreadcrumbList","@id":"https:\/\/nanoclean24.com\/fr\/produit\/additif-pour-lhuile-du-compresseur-t71\/#breadcrumb","itemListElement":[{"@type":"ListItem","position":1,"name":"Strona g\u0142\u00f3wna","item":"https:\/\/nanoclean24.com\/fr\/"},{"@type":"ListItem","position":2,"name":"Boutique","item":"https:\/\/nanoclean24.com\/shop\/"},{"@type":"ListItem","position":3,"name":"T71 COMPRESSOR OIL ADDITIVE 50ML"}]},{"@type":"WebSite","@id":"https:\/\/nanoclean24.com\/fr\/#website","url":"https:\/\/nanoclean24.com\/fr\/","name":"NanoClean","description":"","publisher":{"@id":"https:\/\/nanoclean24.com\/fr\/#organization"},"potentialAction":[{"@type":"SearchAction","target":{"@type":"EntryPoint","urlTemplate":"https:\/\/nanoclean24.com\/fr\/?s={search_term_string}"},"query-input":{"@type":"PropertyValueSpecification","valueRequired":true,"valueName":"search_term_string"}}],"inLanguage":"fr-FR"},{"@type":"Organization","@id":"https:\/\/nanoclean24.com\/fr\/#organization","name":"NanoClean","url":"https:\/\/nanoclean24.com\/fr\/","logo":{"@type":"ImageObject","inLanguage":"fr-FR","@id":"https:\/\/nanoclean24.com\/fr\/#\/schema\/logo\/image\/","url":"https:\/\/nanoclean24.com\/wp-content\/uploads\/2025\/07\/logo-2.jpg","contentUrl":"https:\/\/nanoclean24.com\/wp-content\/uploads\/2025\/07\/logo-2.jpg","width":1068,"height":224,"caption":"NanoClean"},"image":{"@id":"https:\/\/nanoclean24.com\/fr\/#\/schema\/logo\/image\/"}}]}},"taxonomy_info":{"product_cat":[{"value":135,"label":"TUNING &amp; RACING"}]},"featured_image_src_large":["https:\/\/nanoclean24.com\/wp-content\/uploads\/2025\/07\/T71-1024x1024.jpg",1024,1024,true],"author_info":[],"comment_info":"","_links":{"self":[{"href":"https:\/\/nanoclean24.com\/fr\/wp-json\/wp\/v2\/product\/8035","targetHints":{"allow":["GET"]}}],"collection":[{"href":"https:\/\/nanoclean24.com\/fr\/wp-json\/wp\/v2\/product"}],"about":[{"href":"https:\/\/nanoclean24.com\/fr\/wp-json\/wp\/v2\/types\/product"}],"wp:featuredmedia":[{"embeddable":true,"href":"https:\/\/nanoclean24.com\/fr\/wp-json\/wp\/v2\/media\/2796"}],"wp:attachment":[{"href":"https:\/\/nanoclean24.com\/fr\/wp-json\/wp\/v2\/media?parent=8035"}],"wp:term":[{"taxonomy":"product_brand","embeddable":true,"href":"https:\/\/nanoclean24.com\/fr\/wp-json\/wp\/v2\/product_brand?post=8035"},{"taxonomy":"product_cat","embeddable":true,"href":"https:\/\/nanoclean24.com\/fr\/wp-json\/wp\/v2\/product_cat?post=8035"},{"taxonomy":"product_tag","embeddable":true,"href":"https:\/\/nanoclean24.com\/fr\/wp-json\/wp\/v2\/product_tag?post=8035"}],"curies":[{"name":"wp","href":"https:\/\/api.w.org\/{rel}","templated":true}]}}