{"id":8020,"date":"2025-09-23T23:56:07","date_gmt":"2025-09-23T21:56:07","guid":{"rendered":"https:\/\/nanoclean24.com\/produkt\/nanoclean-air-mini-kit-promotionnel-10-voitures\/"},"modified":"2025-10-17T16:12:11","modified_gmt":"2025-10-17T14:12:11","slug":"nanoclean-air-mini-kit-promotionnel-10-voitures","status":"publish","type":"product","link":"https:\/\/nanoclean24.com\/fr\/produit\/nanoclean-air-mini-kit-promotionnel-10-voitures\/","title":{"rendered":"Nanoclean\u00ae AIR &#8211; mini kit promotionnel (10 voitures)"},"content":{"rendered":"\n<h3 class=\"wp-block-heading\"><strong>KIT DE D\u00c9MARRAGE AC-6901<\/strong> <\/h3>\n\n<p>Le kit est plus efficace que le traitement \u00e0 l&rsquo;ozone du climatiseur car il poss\u00e8de d&rsquo;excellentes propri\u00e9t\u00e9s nettoyantes et d\u00e9sinfectantes. Gr\u00e2ce \u00e0 la lance \u00e0 pression et au contact direct entre NANOCLEAN\u00ae AIR et l&rsquo;\u00e9vaporateur, vous \u00eates assur\u00e9 d&rsquo;un lavage sous pression en profondeur des zones sales de l&rsquo;\u00e9vaporateur et d&rsquo;une d\u00e9sinfection compl\u00e8te, y compris une d\u00e9senfumage efficace du syst\u00e8me de climatisation. L&rsquo;ozone ne masque que bri\u00e8vement l&rsquo;odeur d\u00e9sagr\u00e9able, p\u00e9n\u00e8tre dans les mat\u00e9riaux des si\u00e8ges et a un effet oxydant sur l&rsquo;\u00e9lectronique du v\u00e9hicule, ce qui entra\u00eene des probl\u00e8mes avec les composants \u00e9lectroniques au fil du temps.  <\/p>\n\n<p>Nous sommes convaincus de la qualit\u00e9 de nos produits, c&rsquo;est pourquoi nous vous offrons une garantie de satisfaction \u00e0 100 %. Si vous n&rsquo;\u00eates pas enti\u00e8rement satisfait du kit, vous pouvez le retourner dans les 30 jours suivant l&rsquo;achat et vous recevrez un remboursement dans les 7 jours suivant la r\u00e9ception des marchandises retourn\u00e9es. <\/p>\n\n<ol class=\"wp-block-list\">\n<li>NANOCLEAN\u00aeAIR Pr\u00eat \u00e0 l&#8217;emploi (r\u00e9cipient de 1,5 L)<\/li>\n\n\n\n<li>AC-69GUN PISTOLET DE DOSAGE DE PRESSION NANOCLEAN\u00ae (1 pc.)<\/li>\n\n\n\n<li>AC-69INOX LANCE NANOCLEAN\u00ae INOX AC45 (1 pc.)<\/li>\n<\/ol>\n","protected":false},"excerpt":{"rendered":"<p><!-- wp:list --><\/p>\n<h3>Kit contenant le produit pr\u00eat \u00e0 l&#8217;emploi NANOCLEAN\u00ae AIR pour le nettoyage, le rafra\u00eechissement, la d\u00e9senfumage et la d\u00e9sinfection des climatiseurs en 1 seul processus.<\/h3>\n<p>\u2705 <strong style=\"font-family: sans-serif;font-size: medium\"><strong> <\/strong>FRESH <\/strong>&#8211; \u00c9limine les odeurs d\u00e9sagr\u00e9ables en laissant un parfum agr\u00e9able plus longtemps.<\/p>\n<p>\u2705 <strong style=\"font-family: sans-serif;font-size: medium\"><strong> <\/strong>CONFIDENCE &#8211; Spectre biocide complet<\/strong> <strong style=\"font-family: sans-serif;font-size: medium\"> <\/strong>virus, champignons, bact\u00e9ries, spores, mycobact\u00e9ries<em style=\"font-family: sans-serif;font-size: medium\">, Legionella pneumophila<\/em> en 1 minute.<\/p>\n<p>\u2705 <strong style=\"font-family: sans-serif;font-size: medium\"><strong> <\/strong>EFFICACIT\u00c9 <\/strong>&#8211; Confirm\u00e9e par des tests conformes aux normes europ\u00e9ennes : EN1040, EN13727, EN1276, EN13697, EN13623, EN1275, EN1650, EN14476, EN13704, EN14348.<\/p>\n<p>\u2705 <strong style=\"font-family: sans-serif;font-size: medium\"><strong> <\/strong>EFFICACIT\u00c9 DU NETTOYAGE <\/strong>&#8211; Gr\u00e2ce \u00e0 la base active multi-composants.<\/p>\n<p>\u2705 <strong style=\"font-family: sans-serif;font-size: medium\"><strong> <\/strong>CLIENTS <\/strong> SATISFAITS &#8211; Gr\u00e2ce \u00e0 un nettoyage et une d\u00e9sinfection efficaces.<\/p>\n<p><!-- \/wp:list --><\/p>\n","protected":false},"featured_media":0,"template":"","meta":{"_kad_blocks_custom_css":"","_kad_blocks_head_custom_js":"","_kad_blocks_body_custom_js":"","_kad_blocks_footer_custom_js":"","_kad_post_transparent":"","_kad_post_title":"","_kad_post_layout":"","_kad_post_sidebar_id":"","_kad_post_content_style":"","_kad_post_vertical_padding":"","_kad_post_feature":"","_kad_post_feature_position":"","_kad_post_header":false,"_kad_post_footer":false,"_kad_post_classname":""},"product_brand":[],"product_cat":[84],"product_tag":[],"class_list":{"0":"post-8020","1":"product","2":"type-product","3":"status-publish","5":"product_cat-ac8-home","7":"first","8":"outofstock","9":"taxable","10":"shipping-taxable","11":"purchasable","12":"product-type-simple","13":"entry","14":"content-bg","15":"loop-entry"},"yoast_head":"<!-- This site is optimized with the Yoast SEO plugin v27.4 - https:\/\/yoast.com\/product\/yoast-seo-wordpress\/ -->\n<title>Nanoclean\u00ae AIR - mini kit promotionnel (10 voitures) - NANOCLEAN<\/title>\n<meta name=\"robots\" content=\"index, follow, max-snippet:-1, max-image-preview:large, max-video-preview:-1\" \/>\n<link rel=\"canonical\" href=\"https:\/\/nanoclean24.com\/fr\/produit\/nanoclean-air-mini-kit-promotionnel-10-voitures\/\" \/>\n<meta property=\"og:locale\" content=\"fr_FR\" \/>\n<meta property=\"og:type\" content=\"article\" \/>\n<meta property=\"og:title\" content=\"Nanoclean\u00ae AIR - mini kit promotionnel (10 voitures) - NANOCLEAN\" \/>\n<meta property=\"og:description\" content=\"Kit contenant le produit pr\u00eat \u00e0 l&#039;emploi NANOCLEAN\u00ae AIR pour le nettoyage, le rafra\u00eechissement, la d\u00e9senfumage et la d\u00e9sinfection des climatiseurs en 1 seul processus. \u2705 FRESH - \u00c9limine les odeurs d\u00e9sagr\u00e9ables en laissant un parfum agr\u00e9able plus longtemps. \u2705 CONFIDENCE - Spectre biocide complet virus, champignons, bact\u00e9ries, spores, mycobact\u00e9ries, Legionella pneumophila en 1 minute. \u2705 EFFICACIT\u00c9 - Confirm\u00e9e par des tests conformes aux normes europ\u00e9ennes : EN1040, EN13727, EN1276, EN13697, EN13623, EN1275, EN1650, EN14476, EN13704, EN14348. \u2705 EFFICACIT\u00c9 DU NETTOYAGE - Gr\u00e2ce \u00e0 la base active multi-composants. \u2705 CLIENTS SATISFAITS - Gr\u00e2ce \u00e0 un nettoyage et une d\u00e9sinfection efficaces.\" \/>\n<meta property=\"og:url\" content=\"https:\/\/nanoclean24.com\/fr\/produit\/nanoclean-air-mini-kit-promotionnel-10-voitures\/\" \/>\n<meta property=\"og:site_name\" content=\"NANOCLEAN\" \/>\n<meta property=\"article:modified_time\" content=\"2025-10-17T14:12:11+00:00\" \/>\n<meta property=\"og:image\" content=\"https:\/\/nanoclean24.com\/wp-content\/uploads\/2025\/09\/zestaw-mini-ac-6904.webp\" \/>\n\t<meta property=\"og:image:width\" content=\"900\" \/>\n\t<meta property=\"og:image:height\" content=\"900\" \/>\n\t<meta property=\"og:image:type\" content=\"image\/webp\" \/>\n<meta name=\"twitter:card\" content=\"summary_large_image\" \/>\n<meta name=\"twitter:label1\" content=\"Dur\u00e9e de lecture estim\u00e9e\" \/>\n\t<meta name=\"twitter:data1\" content=\"1 minute\" \/>\n<script type=\"application\/ld+json\" class=\"yoast-schema-graph\">{\"@context\":\"https:\\\/\\\/schema.org\",\"@graph\":[{\"@type\":\"WebPage\",\"@id\":\"https:\\\/\\\/nanoclean24.com\\\/fr\\\/produit\\\/nanoclean-air-mini-kit-promotionnel-10-voitures\\\/\",\"url\":\"https:\\\/\\\/nanoclean24.com\\\/fr\\\/produit\\\/nanoclean-air-mini-kit-promotionnel-10-voitures\\\/\",\"name\":\"Nanoclean\u00ae AIR - mini kit promotionnel (10 voitures) - NANOCLEAN\",\"isPartOf\":{\"@id\":\"https:\\\/\\\/nanoclean24.com\\\/fr\\\/#website\"},\"datePublished\":\"2025-09-23T21:56:07+00:00\",\"dateModified\":\"2025-10-17T14:12:11+00:00\",\"breadcrumb\":{\"@id\":\"https:\\\/\\\/nanoclean24.com\\\/fr\\\/produit\\\/nanoclean-air-mini-kit-promotionnel-10-voitures\\\/#breadcrumb\"},\"inLanguage\":\"fr-FR\",\"potentialAction\":[{\"@type\":\"ReadAction\",\"target\":[\"https:\\\/\\\/nanoclean24.com\\\/fr\\\/produit\\\/nanoclean-air-mini-kit-promotionnel-10-voitures\\\/\"]}]},{\"@type\":\"BreadcrumbList\",\"@id\":\"https:\\\/\\\/nanoclean24.com\\\/fr\\\/produit\\\/nanoclean-air-mini-kit-promotionnel-10-voitures\\\/#breadcrumb\",\"itemListElement\":[{\"@type\":\"ListItem\",\"position\":1,\"name\":\"Strona g\u0142\u00f3wna\",\"item\":\"https:\\\/\\\/nanoclean24.com\\\/fr\\\/\"},{\"@type\":\"ListItem\",\"position\":2,\"name\":\"Boutique\",\"item\":\"https:\\\/\\\/nanoclean24.com\\\/shop\\\/\"},{\"@type\":\"ListItem\",\"position\":3,\"name\":\"Nanoclean\u00ae AIR &#8211; mini kit promotionnel (10 voitures)\"}]},{\"@type\":\"WebSite\",\"@id\":\"https:\\\/\\\/nanoclean24.com\\\/fr\\\/#website\",\"url\":\"https:\\\/\\\/nanoclean24.com\\\/fr\\\/\",\"name\":\"NanoClean\",\"description\":\"\",\"publisher\":{\"@id\":\"https:\\\/\\\/nanoclean24.com\\\/fr\\\/#organization\"},\"potentialAction\":[{\"@type\":\"SearchAction\",\"target\":{\"@type\":\"EntryPoint\",\"urlTemplate\":\"https:\\\/\\\/nanoclean24.com\\\/fr\\\/?s={search_term_string}\"},\"query-input\":{\"@type\":\"PropertyValueSpecification\",\"valueRequired\":true,\"valueName\":\"search_term_string\"}}],\"inLanguage\":\"fr-FR\"},{\"@type\":\"Organization\",\"@id\":\"https:\\\/\\\/nanoclean24.com\\\/fr\\\/#organization\",\"name\":\"NanoClean\",\"url\":\"https:\\\/\\\/nanoclean24.com\\\/fr\\\/\",\"logo\":{\"@type\":\"ImageObject\",\"inLanguage\":\"fr-FR\",\"@id\":\"https:\\\/\\\/nanoclean24.com\\\/fr\\\/#\\\/schema\\\/logo\\\/image\\\/\",\"url\":\"https:\\\/\\\/nanoclean24.com\\\/wp-content\\\/uploads\\\/2025\\\/07\\\/logo-2.jpg\",\"contentUrl\":\"https:\\\/\\\/nanoclean24.com\\\/wp-content\\\/uploads\\\/2025\\\/07\\\/logo-2.jpg\",\"width\":1068,\"height\":224,\"caption\":\"NanoClean\"},\"image\":{\"@id\":\"https:\\\/\\\/nanoclean24.com\\\/fr\\\/#\\\/schema\\\/logo\\\/image\\\/\"}}]}<\/script>\n<!-- \/ Yoast SEO plugin. -->","yoast_head_json":{"title":"Nanoclean\u00ae AIR - mini kit promotionnel (10 voitures) - NANOCLEAN","robots":{"index":"index","follow":"follow","max-snippet":"max-snippet:-1","max-image-preview":"max-image-preview:large","max-video-preview":"max-video-preview:-1"},"canonical":"https:\/\/nanoclean24.com\/fr\/produit\/nanoclean-air-mini-kit-promotionnel-10-voitures\/","og_locale":"fr_FR","og_type":"article","og_title":"Nanoclean\u00ae AIR - mini kit promotionnel (10 voitures) - NANOCLEAN","og_description":"Kit contenant le produit pr\u00eat \u00e0 l'emploi NANOCLEAN\u00ae AIR pour le nettoyage, le rafra\u00eechissement, la d\u00e9senfumage et la d\u00e9sinfection des climatiseurs en 1 seul processus. \u2705 FRESH - \u00c9limine les odeurs d\u00e9sagr\u00e9ables en laissant un parfum agr\u00e9able plus longtemps. \u2705 CONFIDENCE - Spectre biocide complet virus, champignons, bact\u00e9ries, spores, mycobact\u00e9ries, Legionella pneumophila en 1 minute. \u2705 EFFICACIT\u00c9 - Confirm\u00e9e par des tests conformes aux normes europ\u00e9ennes : EN1040, EN13727, EN1276, EN13697, EN13623, EN1275, EN1650, EN14476, EN13704, EN14348. \u2705 EFFICACIT\u00c9 DU NETTOYAGE - Gr\u00e2ce \u00e0 la base active multi-composants. \u2705 CLIENTS SATISFAITS - Gr\u00e2ce \u00e0 un nettoyage et une d\u00e9sinfection efficaces.","og_url":"https:\/\/nanoclean24.com\/fr\/produit\/nanoclean-air-mini-kit-promotionnel-10-voitures\/","og_site_name":"NANOCLEAN","article_modified_time":"2025-10-17T14:12:11+00:00","og_image":[{"width":900,"height":900,"url":"https:\/\/nanoclean24.com\/wp-content\/uploads\/2025\/09\/zestaw-mini-ac-6904.webp","type":"image\/webp"}],"twitter_card":"summary_large_image","twitter_misc":{"Dur\u00e9e de lecture estim\u00e9e":"1 minute"},"schema":{"@context":"https:\/\/schema.org","@graph":[{"@type":"WebPage","@id":"https:\/\/nanoclean24.com\/fr\/produit\/nanoclean-air-mini-kit-promotionnel-10-voitures\/","url":"https:\/\/nanoclean24.com\/fr\/produit\/nanoclean-air-mini-kit-promotionnel-10-voitures\/","name":"Nanoclean\u00ae AIR - mini kit promotionnel (10 voitures) - NANOCLEAN","isPartOf":{"@id":"https:\/\/nanoclean24.com\/fr\/#website"},"datePublished":"2025-09-23T21:56:07+00:00","dateModified":"2025-10-17T14:12:11+00:00","breadcrumb":{"@id":"https:\/\/nanoclean24.com\/fr\/produit\/nanoclean-air-mini-kit-promotionnel-10-voitures\/#breadcrumb"},"inLanguage":"fr-FR","potentialAction":[{"@type":"ReadAction","target":["https:\/\/nanoclean24.com\/fr\/produit\/nanoclean-air-mini-kit-promotionnel-10-voitures\/"]}]},{"@type":"BreadcrumbList","@id":"https:\/\/nanoclean24.com\/fr\/produit\/nanoclean-air-mini-kit-promotionnel-10-voitures\/#breadcrumb","itemListElement":[{"@type":"ListItem","position":1,"name":"Strona g\u0142\u00f3wna","item":"https:\/\/nanoclean24.com\/fr\/"},{"@type":"ListItem","position":2,"name":"Boutique","item":"https:\/\/nanoclean24.com\/shop\/"},{"@type":"ListItem","position":3,"name":"Nanoclean\u00ae AIR &#8211; mini kit promotionnel (10 voitures)"}]},{"@type":"WebSite","@id":"https:\/\/nanoclean24.com\/fr\/#website","url":"https:\/\/nanoclean24.com\/fr\/","name":"NanoClean","description":"","publisher":{"@id":"https:\/\/nanoclean24.com\/fr\/#organization"},"potentialAction":[{"@type":"SearchAction","target":{"@type":"EntryPoint","urlTemplate":"https:\/\/nanoclean24.com\/fr\/?s={search_term_string}"},"query-input":{"@type":"PropertyValueSpecification","valueRequired":true,"valueName":"search_term_string"}}],"inLanguage":"fr-FR"},{"@type":"Organization","@id":"https:\/\/nanoclean24.com\/fr\/#organization","name":"NanoClean","url":"https:\/\/nanoclean24.com\/fr\/","logo":{"@type":"ImageObject","inLanguage":"fr-FR","@id":"https:\/\/nanoclean24.com\/fr\/#\/schema\/logo\/image\/","url":"https:\/\/nanoclean24.com\/wp-content\/uploads\/2025\/07\/logo-2.jpg","contentUrl":"https:\/\/nanoclean24.com\/wp-content\/uploads\/2025\/07\/logo-2.jpg","width":1068,"height":224,"caption":"NanoClean"},"image":{"@id":"https:\/\/nanoclean24.com\/fr\/#\/schema\/logo\/image\/"}}]}},"taxonomy_info":{"product_cat":[{"value":84,"label":"AC8 HOME"}]},"featured_image_src_large":false,"author_info":[],"comment_info":"","_links":{"self":[{"href":"https:\/\/nanoclean24.com\/fr\/wp-json\/wp\/v2\/product\/8020","targetHints":{"allow":["GET"]}}],"collection":[{"href":"https:\/\/nanoclean24.com\/fr\/wp-json\/wp\/v2\/product"}],"about":[{"href":"https:\/\/nanoclean24.com\/fr\/wp-json\/wp\/v2\/types\/product"}],"wp:attachment":[{"href":"https:\/\/nanoclean24.com\/fr\/wp-json\/wp\/v2\/media?parent=8020"}],"wp:term":[{"taxonomy":"product_brand","embeddable":true,"href":"https:\/\/nanoclean24.com\/fr\/wp-json\/wp\/v2\/product_brand?post=8020"},{"taxonomy":"product_cat","embeddable":true,"href":"https:\/\/nanoclean24.com\/fr\/wp-json\/wp\/v2\/product_cat?post=8020"},{"taxonomy":"product_tag","embeddable":true,"href":"https:\/\/nanoclean24.com\/fr\/wp-json\/wp\/v2\/product_tag?post=8020"}],"curies":[{"name":"wp","href":"https:\/\/api.w.org\/{rel}","templated":true}]}}