{"id":7979,"date":"2025-09-23T22:19:57","date_gmt":"2025-09-23T20:19:57","guid":{"rendered":"https:\/\/nanoclean24.com\/produkt\/nanoclean-air-pour-la-maison-500ml-lavande\/"},"modified":"2025-10-24T16:54:42","modified_gmt":"2025-10-24T14:54:42","slug":"nanoclean-air-pour-la-maison-500ml-lavande","status":"publish","type":"product","link":"https:\/\/nanoclean24.com\/fr\/produit\/nanoclean-air-pour-la-maison-500ml-lavande\/","title":{"rendered":"NANOCLEAN\u00ae AIR pour la maison dans un flacon pulv\u00e9risateur parfum\u00e9 \u00e0 la lavande 500ML"},"content":{"rendered":"\n<h3 class=\"wp-block-heading\"><strong>Application<\/strong><\/h3>\n\n<p><br\/>Nettoyage, rafra\u00eechissement, d\u00e9senfumage et d\u00e9sinfection des syst\u00e8mes de climatisation<br\/>et de ventilation :<\/p>\n\n<ul class=\"wp-block-list\">\n<li>\u00e9vaporateurs de climatiseurs<\/li>\n\n\n\n<li>unit\u00e9s de traitement de l&rsquo;air<\/li>\n\n\n\n<li>refroidisseurs d&rsquo;air<\/li>\n\n\n\n<li>\u00e9changeurs de chaleur<\/li>\n\n\n\n<li>conduits de ventilation<\/li>\n\n\n\n<li>fan-coili<\/li>\n\n\n\n<li>r\u00e9cup\u00e9rateurs<\/li>\n\n\n\n<li>canaux de distribution de l&rsquo;air dans les pompes \u00e0 chaleur<\/li>\n\n\n\n<li>nettoyage des climatiseurs domestiques<\/li>\n\n\n\n<li>les \u00e9quipements de climatisation et de r\u00e9frig\u00e9ration dans l&rsquo;industrie HVAC<\/li>\n\n\n\n<li>toutes les surfaces sur le lieu de travail de l&rsquo;installateur, ainsi que dans l&rsquo;industrie alimentaire et m\u00e9dicale<br\/>(la pr\u00e9paration est agr\u00e9\u00e9e pour le contact alimentaire)<\/li>\n<\/ul>\n\n<figure class=\"wp-block-embed is-type-video is-provider-youtube wp-block-embed-youtube wp-embed-aspect-16-9 wp-has-aspect-ratio\"><div class=\"wp-block-embed__wrapper\">\n<iframe title=\"NANOCLEAN\u00ae AIR - Nowy standard dezynfekcji klimatyzacji ALL IN ONE\" width=\"720\" height=\"405\" src=\"https:\/\/www.youtube.com\/embed\/qi8AKuJ2bXY?feature=oembed\" frameborder=\"0\" allow=\"accelerometer; autoplay; clipboard-write; encrypted-media; gyroscope; picture-in-picture; web-share\" referrerpolicy=\"strict-origin-when-cross-origin\" allowfullscreen><\/iframe>\n<\/div><\/figure>\n\n<p><\/p>\n\n<p>Autorisation de mise sur le march\u00e9 du produit biocide n\u00b0 7406\/18<\/p>\n\n<p>Certificat PZH n\u00b0 B.BK.60112.0333.2023.l<\/p>\n\n<p><\/p>\n","protected":false},"excerpt":{"rendered":"<h3>Produit pour l&rsquo;\u00e9limination des moisissures dans les syst\u00e8mes de climatisation et de ventilation domestiques<\/h3>\n<p><strong>\u2705<\/strong><strong>Nettoie efficacement les climatiseurs dans la maison<\/strong> <strong>\u2705 Tue tous les virus<\/strong>, bact\u00e9ries, champignons, levures, spores, mycobact\u00e9ries en peu de temps. <strong>\u2705 Tue les bact\u00e9ries<\/strong> Legionella Pneumophila en 1 minute. <strong>Pratique et facile \u00e0 utiliser<\/strong><\/p>\n","protected":false},"featured_media":6827,"template":"","meta":{"_kad_blocks_custom_css":"","_kad_blocks_head_custom_js":"","_kad_blocks_body_custom_js":"","_kad_blocks_footer_custom_js":"","_kad_post_transparent":"","_kad_post_title":"","_kad_post_layout":"","_kad_post_sidebar_id":"","_kad_post_content_style":"","_kad_post_vertical_padding":"","_kad_post_feature":"","_kad_post_feature_position":"","_kad_post_header":false,"_kad_post_footer":false,"_kad_post_classname":""},"product_brand":[],"product_cat":[96],"product_tag":[],"class_list":{"0":"post-7979","1":"product","2":"type-product","3":"status-publish","4":"has-post-thumbnail","6":"product_cat-home-fr","8":"first","9":"outofstock","10":"taxable","11":"shipping-taxable","12":"purchasable","13":"product-type-simple","14":"entry","15":"content-bg","16":"loop-entry"},"yoast_head":"<!-- This site is optimized with the Yoast SEO plugin v27.4 - https:\/\/yoast.com\/product\/yoast-seo-wordpress\/ -->\n<title>NANOCLEAN\u00ae AIR pour la maison dans un flacon pulv\u00e9risateur parfum\u00e9 \u00e0 la lavande 500ML - NANOCLEAN<\/title>\n<meta name=\"robots\" content=\"index, follow, max-snippet:-1, max-image-preview:large, max-video-preview:-1\" \/>\n<link rel=\"canonical\" href=\"https:\/\/nanoclean24.com\/fr\/produit\/nanoclean-air-pour-la-maison-500ml-lavande\/\" \/>\n<meta property=\"og:locale\" content=\"fr_FR\" \/>\n<meta property=\"og:type\" content=\"article\" \/>\n<meta property=\"og:title\" content=\"NANOCLEAN\u00ae AIR pour la maison dans un flacon pulv\u00e9risateur parfum\u00e9 \u00e0 la lavande 500ML - NANOCLEAN\" \/>\n<meta property=\"og:description\" content=\"Produit pour l&#039;\u00e9limination des moisissures dans les syst\u00e8mes de climatisation et de ventilation domestiques \u2705Nettoie efficacement les climatiseurs dans la maison \u2705 Tue tous les virus, bact\u00e9ries, champignons, levures, spores, mycobact\u00e9ries en peu de temps. \u2705 Tue les bact\u00e9ries Legionella Pneumophila en 1 minute. Pratique et facile \u00e0 utiliser\" \/>\n<meta property=\"og:url\" content=\"https:\/\/nanoclean24.com\/fr\/produit\/nanoclean-air-pour-la-maison-500ml-lavande\/\" \/>\n<meta property=\"og:site_name\" content=\"NANOCLEAN\" \/>\n<meta property=\"article:modified_time\" content=\"2025-10-24T14:54:42+00:00\" \/>\n<meta property=\"og:image\" content=\"https:\/\/nanoclean24.com\/wp-content\/uploads\/2025\/09\/NANOCLEAN\u00ae-AIR-dla-domu.webp\" \/>\n\t<meta property=\"og:image:width\" content=\"900\" \/>\n\t<meta property=\"og:image:height\" content=\"900\" \/>\n\t<meta property=\"og:image:type\" content=\"image\/webp\" \/>\n<meta name=\"twitter:card\" content=\"summary_large_image\" \/>\n<meta name=\"twitter:label1\" content=\"Dur\u00e9e de lecture estim\u00e9e\" \/>\n\t<meta name=\"twitter:data1\" content=\"1 minute\" \/>\n<script type=\"application\/ld+json\" class=\"yoast-schema-graph\">{\"@context\":\"https:\\\/\\\/schema.org\",\"@graph\":[{\"@type\":\"WebPage\",\"@id\":\"https:\\\/\\\/nanoclean24.com\\\/fr\\\/produit\\\/nanoclean-air-pour-la-maison-500ml-lavande\\\/\",\"url\":\"https:\\\/\\\/nanoclean24.com\\\/fr\\\/produit\\\/nanoclean-air-pour-la-maison-500ml-lavande\\\/\",\"name\":\"NANOCLEAN\u00ae AIR pour la maison dans un flacon pulv\u00e9risateur parfum\u00e9 \u00e0 la lavande 500ML - NANOCLEAN\",\"isPartOf\":{\"@id\":\"https:\\\/\\\/nanoclean24.com\\\/fr\\\/#website\"},\"primaryImageOfPage\":{\"@id\":\"https:\\\/\\\/nanoclean24.com\\\/fr\\\/produit\\\/nanoclean-air-pour-la-maison-500ml-lavande\\\/#primaryimage\"},\"image\":{\"@id\":\"https:\\\/\\\/nanoclean24.com\\\/fr\\\/produit\\\/nanoclean-air-pour-la-maison-500ml-lavande\\\/#primaryimage\"},\"thumbnailUrl\":\"https:\\\/\\\/nanoclean24.com\\\/wp-content\\\/uploads\\\/2025\\\/09\\\/NANOCLEAN\u00ae-AIR-dla-domu.webp\",\"datePublished\":\"2025-09-23T20:19:57+00:00\",\"dateModified\":\"2025-10-24T14:54:42+00:00\",\"breadcrumb\":{\"@id\":\"https:\\\/\\\/nanoclean24.com\\\/fr\\\/produit\\\/nanoclean-air-pour-la-maison-500ml-lavande\\\/#breadcrumb\"},\"inLanguage\":\"fr-FR\",\"potentialAction\":[{\"@type\":\"ReadAction\",\"target\":[\"https:\\\/\\\/nanoclean24.com\\\/fr\\\/produit\\\/nanoclean-air-pour-la-maison-500ml-lavande\\\/\"]}]},{\"@type\":\"ImageObject\",\"inLanguage\":\"fr-FR\",\"@id\":\"https:\\\/\\\/nanoclean24.com\\\/fr\\\/produit\\\/nanoclean-air-pour-la-maison-500ml-lavande\\\/#primaryimage\",\"url\":\"https:\\\/\\\/nanoclean24.com\\\/wp-content\\\/uploads\\\/2025\\\/09\\\/NANOCLEAN\u00ae-AIR-dla-domu.webp\",\"contentUrl\":\"https:\\\/\\\/nanoclean24.com\\\/wp-content\\\/uploads\\\/2025\\\/09\\\/NANOCLEAN\u00ae-AIR-dla-domu.webp\",\"width\":900,\"height\":900},{\"@type\":\"BreadcrumbList\",\"@id\":\"https:\\\/\\\/nanoclean24.com\\\/fr\\\/produit\\\/nanoclean-air-pour-la-maison-500ml-lavande\\\/#breadcrumb\",\"itemListElement\":[{\"@type\":\"ListItem\",\"position\":1,\"name\":\"Strona g\u0142\u00f3wna\",\"item\":\"https:\\\/\\\/nanoclean24.com\\\/fr\\\/\"},{\"@type\":\"ListItem\",\"position\":2,\"name\":\"Boutique\",\"item\":\"https:\\\/\\\/nanoclean24.com\\\/shop\\\/\"},{\"@type\":\"ListItem\",\"position\":3,\"name\":\"NANOCLEAN\u00ae AIR pour la maison dans un flacon pulv\u00e9risateur parfum\u00e9 \u00e0 la lavande 500ML\"}]},{\"@type\":\"WebSite\",\"@id\":\"https:\\\/\\\/nanoclean24.com\\\/fr\\\/#website\",\"url\":\"https:\\\/\\\/nanoclean24.com\\\/fr\\\/\",\"name\":\"NanoClean\",\"description\":\"\",\"publisher\":{\"@id\":\"https:\\\/\\\/nanoclean24.com\\\/fr\\\/#organization\"},\"potentialAction\":[{\"@type\":\"SearchAction\",\"target\":{\"@type\":\"EntryPoint\",\"urlTemplate\":\"https:\\\/\\\/nanoclean24.com\\\/fr\\\/?s={search_term_string}\"},\"query-input\":{\"@type\":\"PropertyValueSpecification\",\"valueRequired\":true,\"valueName\":\"search_term_string\"}}],\"inLanguage\":\"fr-FR\"},{\"@type\":\"Organization\",\"@id\":\"https:\\\/\\\/nanoclean24.com\\\/fr\\\/#organization\",\"name\":\"NanoClean\",\"url\":\"https:\\\/\\\/nanoclean24.com\\\/fr\\\/\",\"logo\":{\"@type\":\"ImageObject\",\"inLanguage\":\"fr-FR\",\"@id\":\"https:\\\/\\\/nanoclean24.com\\\/fr\\\/#\\\/schema\\\/logo\\\/image\\\/\",\"url\":\"https:\\\/\\\/nanoclean24.com\\\/wp-content\\\/uploads\\\/2025\\\/07\\\/logo-2.jpg\",\"contentUrl\":\"https:\\\/\\\/nanoclean24.com\\\/wp-content\\\/uploads\\\/2025\\\/07\\\/logo-2.jpg\",\"width\":1068,\"height\":224,\"caption\":\"NanoClean\"},\"image\":{\"@id\":\"https:\\\/\\\/nanoclean24.com\\\/fr\\\/#\\\/schema\\\/logo\\\/image\\\/\"}}]}<\/script>\n<!-- \/ Yoast SEO plugin. -->","yoast_head_json":{"title":"NANOCLEAN\u00ae AIR pour la maison dans un flacon pulv\u00e9risateur parfum\u00e9 \u00e0 la lavande 500ML - NANOCLEAN","robots":{"index":"index","follow":"follow","max-snippet":"max-snippet:-1","max-image-preview":"max-image-preview:large","max-video-preview":"max-video-preview:-1"},"canonical":"https:\/\/nanoclean24.com\/fr\/produit\/nanoclean-air-pour-la-maison-500ml-lavande\/","og_locale":"fr_FR","og_type":"article","og_title":"NANOCLEAN\u00ae AIR pour la maison dans un flacon pulv\u00e9risateur parfum\u00e9 \u00e0 la lavande 500ML - NANOCLEAN","og_description":"Produit pour l'\u00e9limination des moisissures dans les syst\u00e8mes de climatisation et de ventilation domestiques \u2705Nettoie efficacement les climatiseurs dans la maison \u2705 Tue tous les virus, bact\u00e9ries, champignons, levures, spores, mycobact\u00e9ries en peu de temps. \u2705 Tue les bact\u00e9ries Legionella Pneumophila en 1 minute. Pratique et facile \u00e0 utiliser","og_url":"https:\/\/nanoclean24.com\/fr\/produit\/nanoclean-air-pour-la-maison-500ml-lavande\/","og_site_name":"NANOCLEAN","article_modified_time":"2025-10-24T14:54:42+00:00","og_image":[{"width":900,"height":900,"url":"https:\/\/nanoclean24.com\/wp-content\/uploads\/2025\/09\/NANOCLEAN\u00ae-AIR-dla-domu.webp","type":"image\/webp"}],"twitter_card":"summary_large_image","twitter_misc":{"Dur\u00e9e de lecture estim\u00e9e":"1 minute"},"schema":{"@context":"https:\/\/schema.org","@graph":[{"@type":"WebPage","@id":"https:\/\/nanoclean24.com\/fr\/produit\/nanoclean-air-pour-la-maison-500ml-lavande\/","url":"https:\/\/nanoclean24.com\/fr\/produit\/nanoclean-air-pour-la-maison-500ml-lavande\/","name":"NANOCLEAN\u00ae AIR pour la maison dans un flacon pulv\u00e9risateur parfum\u00e9 \u00e0 la lavande 500ML - NANOCLEAN","isPartOf":{"@id":"https:\/\/nanoclean24.com\/fr\/#website"},"primaryImageOfPage":{"@id":"https:\/\/nanoclean24.com\/fr\/produit\/nanoclean-air-pour-la-maison-500ml-lavande\/#primaryimage"},"image":{"@id":"https:\/\/nanoclean24.com\/fr\/produit\/nanoclean-air-pour-la-maison-500ml-lavande\/#primaryimage"},"thumbnailUrl":"https:\/\/nanoclean24.com\/wp-content\/uploads\/2025\/09\/NANOCLEAN\u00ae-AIR-dla-domu.webp","datePublished":"2025-09-23T20:19:57+00:00","dateModified":"2025-10-24T14:54:42+00:00","breadcrumb":{"@id":"https:\/\/nanoclean24.com\/fr\/produit\/nanoclean-air-pour-la-maison-500ml-lavande\/#breadcrumb"},"inLanguage":"fr-FR","potentialAction":[{"@type":"ReadAction","target":["https:\/\/nanoclean24.com\/fr\/produit\/nanoclean-air-pour-la-maison-500ml-lavande\/"]}]},{"@type":"ImageObject","inLanguage":"fr-FR","@id":"https:\/\/nanoclean24.com\/fr\/produit\/nanoclean-air-pour-la-maison-500ml-lavande\/#primaryimage","url":"https:\/\/nanoclean24.com\/wp-content\/uploads\/2025\/09\/NANOCLEAN\u00ae-AIR-dla-domu.webp","contentUrl":"https:\/\/nanoclean24.com\/wp-content\/uploads\/2025\/09\/NANOCLEAN\u00ae-AIR-dla-domu.webp","width":900,"height":900},{"@type":"BreadcrumbList","@id":"https:\/\/nanoclean24.com\/fr\/produit\/nanoclean-air-pour-la-maison-500ml-lavande\/#breadcrumb","itemListElement":[{"@type":"ListItem","position":1,"name":"Strona g\u0142\u00f3wna","item":"https:\/\/nanoclean24.com\/fr\/"},{"@type":"ListItem","position":2,"name":"Boutique","item":"https:\/\/nanoclean24.com\/shop\/"},{"@type":"ListItem","position":3,"name":"NANOCLEAN\u00ae AIR pour la maison dans un flacon pulv\u00e9risateur parfum\u00e9 \u00e0 la lavande 500ML"}]},{"@type":"WebSite","@id":"https:\/\/nanoclean24.com\/fr\/#website","url":"https:\/\/nanoclean24.com\/fr\/","name":"NanoClean","description":"","publisher":{"@id":"https:\/\/nanoclean24.com\/fr\/#organization"},"potentialAction":[{"@type":"SearchAction","target":{"@type":"EntryPoint","urlTemplate":"https:\/\/nanoclean24.com\/fr\/?s={search_term_string}"},"query-input":{"@type":"PropertyValueSpecification","valueRequired":true,"valueName":"search_term_string"}}],"inLanguage":"fr-FR"},{"@type":"Organization","@id":"https:\/\/nanoclean24.com\/fr\/#organization","name":"NanoClean","url":"https:\/\/nanoclean24.com\/fr\/","logo":{"@type":"ImageObject","inLanguage":"fr-FR","@id":"https:\/\/nanoclean24.com\/fr\/#\/schema\/logo\/image\/","url":"https:\/\/nanoclean24.com\/wp-content\/uploads\/2025\/07\/logo-2.jpg","contentUrl":"https:\/\/nanoclean24.com\/wp-content\/uploads\/2025\/07\/logo-2.jpg","width":1068,"height":224,"caption":"NanoClean"},"image":{"@id":"https:\/\/nanoclean24.com\/fr\/#\/schema\/logo\/image\/"}}]}},"taxonomy_info":{"product_cat":[{"value":96,"label":"AC8 HOME"}]},"featured_image_src_large":["https:\/\/nanoclean24.com\/wp-content\/uploads\/2025\/09\/NANOCLEAN\u00ae-AIR-dla-domu.webp",900,900,false],"author_info":[],"comment_info":"","_links":{"self":[{"href":"https:\/\/nanoclean24.com\/fr\/wp-json\/wp\/v2\/product\/7979","targetHints":{"allow":["GET"]}}],"collection":[{"href":"https:\/\/nanoclean24.com\/fr\/wp-json\/wp\/v2\/product"}],"about":[{"href":"https:\/\/nanoclean24.com\/fr\/wp-json\/wp\/v2\/types\/product"}],"wp:featuredmedia":[{"embeddable":true,"href":"https:\/\/nanoclean24.com\/fr\/wp-json\/wp\/v2\/media\/6827"}],"wp:attachment":[{"href":"https:\/\/nanoclean24.com\/fr\/wp-json\/wp\/v2\/media?parent=7979"}],"wp:term":[{"taxonomy":"product_brand","embeddable":true,"href":"https:\/\/nanoclean24.com\/fr\/wp-json\/wp\/v2\/product_brand?post=7979"},{"taxonomy":"product_cat","embeddable":true,"href":"https:\/\/nanoclean24.com\/fr\/wp-json\/wp\/v2\/product_cat?post=7979"},{"taxonomy":"product_tag","embeddable":true,"href":"https:\/\/nanoclean24.com\/fr\/wp-json\/wp\/v2\/product_tag?post=7979"}],"curies":[{"name":"wp","href":"https:\/\/api.w.org\/{rel}","templated":true}]}}