{"id":7972,"date":"2025-09-23T21:56:56","date_gmt":"2025-09-23T19:56:56","guid":{"rendered":"https:\/\/nanoclean24.com\/produkt\/nanoclean-nylon-ac160-lance-en-nylon-flexible-360\/"},"modified":"2025-10-22T13:39:06","modified_gmt":"2025-10-22T11:39:06","slug":"nanoclean-nylon-ac160-lance-en-nylon-flexible-360","status":"publish","type":"product","link":"https:\/\/nanoclean24.com\/fr\/produit\/nanoclean-nylon-ac160-lance-en-nylon-flexible-360\/","title":{"rendered":"NANOCLEAN\u00ae NYLON AC160 Lance en nylon flexible 360\u00b0."},"content":{"rendered":"\n<h3 class=\"wp-block-heading\"><strong>Application<\/strong><\/h3>\n\n<p><br\/>La lance NANOCLEAN\u00ae NYLON AC160 (AC-69NYLON) + NANOCLEAN\u00ae AIR + NANOCLEAN\u00ae GUN (AC-69GUN) constitue une solution efficace pour le nettoyage, la d\u00e9senfumage, la d\u00e9sinfection des conduits d&rsquo;air conditionn\u00e9 lorsque l&rsquo;acc\u00e8s \u00e0 l&rsquo;\u00e9vaporateur est difficile.<\/p>\n\n<p>Gr\u00e2ce \u00e0 l&rsquo;utilisation d&rsquo;une lance \u00e0 pression et au contact direct entre le fluide NANOCLEAN AIR et l&rsquo;\u00e9vaporateur, vous \u00eates assur\u00e9 d&rsquo;un lavage sous pression complet des zones sales de l&rsquo;\u00e9vaporateur et d&rsquo;une d\u00e9sinfection avec l&rsquo;ensemble du spectre biocide, y compris la d\u00e9senfumage du syst\u00e8me de conditionnement d&rsquo;air. L&rsquo;ozonation ne nettoie pas l&rsquo;\u00e9vaporateur, elle ne fait que masquer l&rsquo;odeur d\u00e9sagr\u00e9able pendant un court moment, p\u00e9n\u00e8tre dans les mat\u00e9riaux des si\u00e8ges et a un effet oxydant sur l&rsquo;\u00e9lectronique des v\u00e9hicules, ce qui entra\u00eene des probl\u00e8mes \u00e9lectroniques au fil du temps.<\/p>\n\n<h3 class=\"wp-block-heading\">MODE D&rsquo;EMPLOI<\/h3>\n\n<ol class=\"wp-block-list\">\n<li>Fixer la lance NANOCLEAN NYLON (AC-69NYLON) \u00e0 l&rsquo;aide du raccord rapide sp\u00e9cial au pistolet NANOCLEAN rempli de liquide NANOCLEAN AIR.<\/li>\n\n\n\n<li>Ajustez la lance au conduit de climatisation pour atteindre l&rsquo;\u00e9vaporateur dans la voiture (la lance peut \u00eatre pli\u00e9e dans n&rsquo;importe quelle direction).<\/li>\n\n\n\n<li>Effectuez le nettoyage et la d\u00e9sinfection de l&rsquo;\u00e9vaporateur de climatisation avec le produit NANOCLEAN AIR en une seule op\u00e9ration, \u00e9liminant ainsi durablement les odeurs d\u00e9sagr\u00e9ables et laissant un parfum agr\u00e9able plus longtemps.<\/li>\n<\/ol>\n","protected":false},"excerpt":{"rendered":"<p>NANOCLEAN\u00ae NYLON AC160 (AC-69NYLON) est une lance en nylon flexible de 160 cm de long avec une buse multidirectionnelle de 360\u00b0 pour le nettoyage, le rafra\u00eechissement, la d\u00e9senfumage et la d\u00e9sinfection des zones difficiles d&rsquo;acc\u00e8s dans les conduits d&rsquo;air conditionn\u00e9. Elle est utilis\u00e9e lorsque la lance NANOCLEAN\u00ae INOX AC45 (AC-69INOX) n&rsquo;a pas acc\u00e8s \u00e0 l&rsquo;\u00e9vaporateur. <\/p>\n<p>&nbsp;<\/p>\n","protected":false},"featured_media":6820,"template":"","meta":{"_kad_blocks_custom_css":"","_kad_blocks_head_custom_js":"","_kad_blocks_body_custom_js":"","_kad_blocks_footer_custom_js":"","_kad_post_transparent":"","_kad_post_title":"","_kad_post_layout":"","_kad_post_sidebar_id":"","_kad_post_content_style":"","_kad_post_vertical_padding":"","_kad_post_feature":"","_kad_post_feature_position":"","_kad_post_header":false,"_kad_post_footer":false,"_kad_post_classname":""},"product_brand":[],"product_cat":[177],"product_tag":[],"class_list":{"0":"post-7972","1":"product","2":"type-product","3":"status-publish","4":"has-post-thumbnail","6":"product_cat-car-ac-pro","8":"first","9":"instock","10":"taxable","11":"shipping-taxable","12":"purchasable","13":"product-type-simple","14":"entry","15":"content-bg","16":"loop-entry"},"yoast_head":"<!-- This site is optimized with the Yoast SEO plugin v27.4 - https:\/\/yoast.com\/product\/yoast-seo-wordpress\/ -->\n<title>NANOCLEAN\u00ae NYLON AC160 Lance en nylon flexible 360\u00b0. - NANOCLEAN<\/title>\n<meta name=\"robots\" content=\"index, follow, max-snippet:-1, max-image-preview:large, max-video-preview:-1\" \/>\n<link rel=\"canonical\" href=\"https:\/\/nanoclean24.com\/fr\/produit\/nanoclean-nylon-ac160-lance-en-nylon-flexible-360\/\" \/>\n<meta property=\"og:locale\" content=\"fr_FR\" \/>\n<meta property=\"og:type\" content=\"article\" \/>\n<meta property=\"og:title\" content=\"NANOCLEAN\u00ae NYLON AC160 Lance en nylon flexible 360\u00b0. - NANOCLEAN\" \/>\n<meta property=\"og:description\" content=\"NANOCLEAN\u00ae NYLON AC160 (AC-69NYLON) est une lance en nylon flexible de 160 cm de long avec une buse multidirectionnelle de 360\u00b0 pour le nettoyage, le rafra\u00eechissement, la d\u00e9senfumage et la d\u00e9sinfection des zones difficiles d&#039;acc\u00e8s dans les conduits d&#039;air conditionn\u00e9. Elle est utilis\u00e9e lorsque la lance NANOCLEAN\u00ae INOX AC45 (AC-69INOX) n&#039;a pas acc\u00e8s \u00e0 l&#039;\u00e9vaporateur.  &nbsp;\" \/>\n<meta property=\"og:url\" content=\"https:\/\/nanoclean24.com\/fr\/produit\/nanoclean-nylon-ac160-lance-en-nylon-flexible-360\/\" \/>\n<meta property=\"og:site_name\" content=\"NANOCLEAN\" \/>\n<meta property=\"article:modified_time\" content=\"2025-10-22T11:39:06+00:00\" \/>\n<meta property=\"og:image\" content=\"https:\/\/nanoclean24.com\/wp-content\/uploads\/2025\/09\/AC-69NYLON.webp\" \/>\n\t<meta property=\"og:image:width\" content=\"900\" \/>\n\t<meta property=\"og:image:height\" content=\"900\" \/>\n\t<meta property=\"og:image:type\" content=\"image\/webp\" \/>\n<meta name=\"twitter:card\" content=\"summary_large_image\" \/>\n<meta name=\"twitter:label1\" content=\"Dur\u00e9e de lecture estim\u00e9e\" \/>\n\t<meta name=\"twitter:data1\" content=\"1 minute\" \/>\n<script type=\"application\/ld+json\" class=\"yoast-schema-graph\">{\"@context\":\"https:\\\/\\\/schema.org\",\"@graph\":[{\"@type\":\"WebPage\",\"@id\":\"https:\\\/\\\/nanoclean24.com\\\/fr\\\/produit\\\/nanoclean-nylon-ac160-lance-en-nylon-flexible-360\\\/\",\"url\":\"https:\\\/\\\/nanoclean24.com\\\/fr\\\/produit\\\/nanoclean-nylon-ac160-lance-en-nylon-flexible-360\\\/\",\"name\":\"NANOCLEAN\u00ae NYLON AC160 Lance en nylon flexible 360\u00b0. - NANOCLEAN\",\"isPartOf\":{\"@id\":\"https:\\\/\\\/nanoclean24.com\\\/fr\\\/#website\"},\"primaryImageOfPage\":{\"@id\":\"https:\\\/\\\/nanoclean24.com\\\/fr\\\/produit\\\/nanoclean-nylon-ac160-lance-en-nylon-flexible-360\\\/#primaryimage\"},\"image\":{\"@id\":\"https:\\\/\\\/nanoclean24.com\\\/fr\\\/produit\\\/nanoclean-nylon-ac160-lance-en-nylon-flexible-360\\\/#primaryimage\"},\"thumbnailUrl\":\"https:\\\/\\\/nanoclean24.com\\\/wp-content\\\/uploads\\\/2025\\\/09\\\/AC-69NYLON.webp\",\"datePublished\":\"2025-09-23T19:56:56+00:00\",\"dateModified\":\"2025-10-22T11:39:06+00:00\",\"breadcrumb\":{\"@id\":\"https:\\\/\\\/nanoclean24.com\\\/fr\\\/produit\\\/nanoclean-nylon-ac160-lance-en-nylon-flexible-360\\\/#breadcrumb\"},\"inLanguage\":\"fr-FR\",\"potentialAction\":[{\"@type\":\"ReadAction\",\"target\":[\"https:\\\/\\\/nanoclean24.com\\\/fr\\\/produit\\\/nanoclean-nylon-ac160-lance-en-nylon-flexible-360\\\/\"]}]},{\"@type\":\"ImageObject\",\"inLanguage\":\"fr-FR\",\"@id\":\"https:\\\/\\\/nanoclean24.com\\\/fr\\\/produit\\\/nanoclean-nylon-ac160-lance-en-nylon-flexible-360\\\/#primaryimage\",\"url\":\"https:\\\/\\\/nanoclean24.com\\\/wp-content\\\/uploads\\\/2025\\\/09\\\/AC-69NYLON.webp\",\"contentUrl\":\"https:\\\/\\\/nanoclean24.com\\\/wp-content\\\/uploads\\\/2025\\\/09\\\/AC-69NYLON.webp\",\"width\":900,\"height\":900},{\"@type\":\"BreadcrumbList\",\"@id\":\"https:\\\/\\\/nanoclean24.com\\\/fr\\\/produit\\\/nanoclean-nylon-ac160-lance-en-nylon-flexible-360\\\/#breadcrumb\",\"itemListElement\":[{\"@type\":\"ListItem\",\"position\":1,\"name\":\"Strona g\u0142\u00f3wna\",\"item\":\"https:\\\/\\\/nanoclean24.com\\\/fr\\\/\"},{\"@type\":\"ListItem\",\"position\":2,\"name\":\"Boutique\",\"item\":\"https:\\\/\\\/nanoclean24.com\\\/shop\\\/\"},{\"@type\":\"ListItem\",\"position\":3,\"name\":\"NANOCLEAN\u00ae NYLON AC160 Lance en nylon flexible 360\u00b0.\"}]},{\"@type\":\"WebSite\",\"@id\":\"https:\\\/\\\/nanoclean24.com\\\/fr\\\/#website\",\"url\":\"https:\\\/\\\/nanoclean24.com\\\/fr\\\/\",\"name\":\"NanoClean\",\"description\":\"\",\"publisher\":{\"@id\":\"https:\\\/\\\/nanoclean24.com\\\/fr\\\/#organization\"},\"potentialAction\":[{\"@type\":\"SearchAction\",\"target\":{\"@type\":\"EntryPoint\",\"urlTemplate\":\"https:\\\/\\\/nanoclean24.com\\\/fr\\\/?s={search_term_string}\"},\"query-input\":{\"@type\":\"PropertyValueSpecification\",\"valueRequired\":true,\"valueName\":\"search_term_string\"}}],\"inLanguage\":\"fr-FR\"},{\"@type\":\"Organization\",\"@id\":\"https:\\\/\\\/nanoclean24.com\\\/fr\\\/#organization\",\"name\":\"NanoClean\",\"url\":\"https:\\\/\\\/nanoclean24.com\\\/fr\\\/\",\"logo\":{\"@type\":\"ImageObject\",\"inLanguage\":\"fr-FR\",\"@id\":\"https:\\\/\\\/nanoclean24.com\\\/fr\\\/#\\\/schema\\\/logo\\\/image\\\/\",\"url\":\"https:\\\/\\\/nanoclean24.com\\\/wp-content\\\/uploads\\\/2025\\\/07\\\/logo-2.jpg\",\"contentUrl\":\"https:\\\/\\\/nanoclean24.com\\\/wp-content\\\/uploads\\\/2025\\\/07\\\/logo-2.jpg\",\"width\":1068,\"height\":224,\"caption\":\"NanoClean\"},\"image\":{\"@id\":\"https:\\\/\\\/nanoclean24.com\\\/fr\\\/#\\\/schema\\\/logo\\\/image\\\/\"}}]}<\/script>\n<!-- \/ Yoast SEO plugin. -->","yoast_head_json":{"title":"NANOCLEAN\u00ae NYLON AC160 Lance en nylon flexible 360\u00b0. - NANOCLEAN","robots":{"index":"index","follow":"follow","max-snippet":"max-snippet:-1","max-image-preview":"max-image-preview:large","max-video-preview":"max-video-preview:-1"},"canonical":"https:\/\/nanoclean24.com\/fr\/produit\/nanoclean-nylon-ac160-lance-en-nylon-flexible-360\/","og_locale":"fr_FR","og_type":"article","og_title":"NANOCLEAN\u00ae NYLON AC160 Lance en nylon flexible 360\u00b0. - NANOCLEAN","og_description":"NANOCLEAN\u00ae NYLON AC160 (AC-69NYLON) est une lance en nylon flexible de 160 cm de long avec une buse multidirectionnelle de 360\u00b0 pour le nettoyage, le rafra\u00eechissement, la d\u00e9senfumage et la d\u00e9sinfection des zones difficiles d'acc\u00e8s dans les conduits d'air conditionn\u00e9. Elle est utilis\u00e9e lorsque la lance NANOCLEAN\u00ae INOX AC45 (AC-69INOX) n'a pas acc\u00e8s \u00e0 l'\u00e9vaporateur.  &nbsp;","og_url":"https:\/\/nanoclean24.com\/fr\/produit\/nanoclean-nylon-ac160-lance-en-nylon-flexible-360\/","og_site_name":"NANOCLEAN","article_modified_time":"2025-10-22T11:39:06+00:00","og_image":[{"width":900,"height":900,"url":"https:\/\/nanoclean24.com\/wp-content\/uploads\/2025\/09\/AC-69NYLON.webp","type":"image\/webp"}],"twitter_card":"summary_large_image","twitter_misc":{"Dur\u00e9e de lecture estim\u00e9e":"1 minute"},"schema":{"@context":"https:\/\/schema.org","@graph":[{"@type":"WebPage","@id":"https:\/\/nanoclean24.com\/fr\/produit\/nanoclean-nylon-ac160-lance-en-nylon-flexible-360\/","url":"https:\/\/nanoclean24.com\/fr\/produit\/nanoclean-nylon-ac160-lance-en-nylon-flexible-360\/","name":"NANOCLEAN\u00ae NYLON AC160 Lance en nylon flexible 360\u00b0. - NANOCLEAN","isPartOf":{"@id":"https:\/\/nanoclean24.com\/fr\/#website"},"primaryImageOfPage":{"@id":"https:\/\/nanoclean24.com\/fr\/produit\/nanoclean-nylon-ac160-lance-en-nylon-flexible-360\/#primaryimage"},"image":{"@id":"https:\/\/nanoclean24.com\/fr\/produit\/nanoclean-nylon-ac160-lance-en-nylon-flexible-360\/#primaryimage"},"thumbnailUrl":"https:\/\/nanoclean24.com\/wp-content\/uploads\/2025\/09\/AC-69NYLON.webp","datePublished":"2025-09-23T19:56:56+00:00","dateModified":"2025-10-22T11:39:06+00:00","breadcrumb":{"@id":"https:\/\/nanoclean24.com\/fr\/produit\/nanoclean-nylon-ac160-lance-en-nylon-flexible-360\/#breadcrumb"},"inLanguage":"fr-FR","potentialAction":[{"@type":"ReadAction","target":["https:\/\/nanoclean24.com\/fr\/produit\/nanoclean-nylon-ac160-lance-en-nylon-flexible-360\/"]}]},{"@type":"ImageObject","inLanguage":"fr-FR","@id":"https:\/\/nanoclean24.com\/fr\/produit\/nanoclean-nylon-ac160-lance-en-nylon-flexible-360\/#primaryimage","url":"https:\/\/nanoclean24.com\/wp-content\/uploads\/2025\/09\/AC-69NYLON.webp","contentUrl":"https:\/\/nanoclean24.com\/wp-content\/uploads\/2025\/09\/AC-69NYLON.webp","width":900,"height":900},{"@type":"BreadcrumbList","@id":"https:\/\/nanoclean24.com\/fr\/produit\/nanoclean-nylon-ac160-lance-en-nylon-flexible-360\/#breadcrumb","itemListElement":[{"@type":"ListItem","position":1,"name":"Strona g\u0142\u00f3wna","item":"https:\/\/nanoclean24.com\/fr\/"},{"@type":"ListItem","position":2,"name":"Boutique","item":"https:\/\/nanoclean24.com\/shop\/"},{"@type":"ListItem","position":3,"name":"NANOCLEAN\u00ae NYLON AC160 Lance en nylon flexible 360\u00b0."}]},{"@type":"WebSite","@id":"https:\/\/nanoclean24.com\/fr\/#website","url":"https:\/\/nanoclean24.com\/fr\/","name":"NanoClean","description":"","publisher":{"@id":"https:\/\/nanoclean24.com\/fr\/#organization"},"potentialAction":[{"@type":"SearchAction","target":{"@type":"EntryPoint","urlTemplate":"https:\/\/nanoclean24.com\/fr\/?s={search_term_string}"},"query-input":{"@type":"PropertyValueSpecification","valueRequired":true,"valueName":"search_term_string"}}],"inLanguage":"fr-FR"},{"@type":"Organization","@id":"https:\/\/nanoclean24.com\/fr\/#organization","name":"NanoClean","url":"https:\/\/nanoclean24.com\/fr\/","logo":{"@type":"ImageObject","inLanguage":"fr-FR","@id":"https:\/\/nanoclean24.com\/fr\/#\/schema\/logo\/image\/","url":"https:\/\/nanoclean24.com\/wp-content\/uploads\/2025\/07\/logo-2.jpg","contentUrl":"https:\/\/nanoclean24.com\/wp-content\/uploads\/2025\/07\/logo-2.jpg","width":1068,"height":224,"caption":"NanoClean"},"image":{"@id":"https:\/\/nanoclean24.com\/fr\/#\/schema\/logo\/image\/"}}]}},"taxonomy_info":{"product_cat":[{"value":177,"label":"CAR AC PRO"}]},"featured_image_src_large":["https:\/\/nanoclean24.com\/wp-content\/uploads\/2025\/09\/AC-69NYLON.webp",900,900,false],"author_info":[],"comment_info":"","_links":{"self":[{"href":"https:\/\/nanoclean24.com\/fr\/wp-json\/wp\/v2\/product\/7972","targetHints":{"allow":["GET"]}}],"collection":[{"href":"https:\/\/nanoclean24.com\/fr\/wp-json\/wp\/v2\/product"}],"about":[{"href":"https:\/\/nanoclean24.com\/fr\/wp-json\/wp\/v2\/types\/product"}],"wp:featuredmedia":[{"embeddable":true,"href":"https:\/\/nanoclean24.com\/fr\/wp-json\/wp\/v2\/media\/6820"}],"wp:attachment":[{"href":"https:\/\/nanoclean24.com\/fr\/wp-json\/wp\/v2\/media?parent=7972"}],"wp:term":[{"taxonomy":"product_brand","embeddable":true,"href":"https:\/\/nanoclean24.com\/fr\/wp-json\/wp\/v2\/product_brand?post=7972"},{"taxonomy":"product_cat","embeddable":true,"href":"https:\/\/nanoclean24.com\/fr\/wp-json\/wp\/v2\/product_cat?post=7972"},{"taxonomy":"product_tag","embeddable":true,"href":"https:\/\/nanoclean24.com\/fr\/wp-json\/wp\/v2\/product_tag?post=7972"}],"curies":[{"name":"wp","href":"https:\/\/api.w.org\/{rel}","templated":true}]}}