{"id":7962,"date":"2025-09-23T14:09:00","date_gmt":"2025-09-23T12:09:00","guid":{"rendered":"https:\/\/nanoclean24.com\/produkt\/kit-pratique-nanocleanair-ac6902-pour-les-ateliers-lavande-10l-de-liquide-pour-20-voitures-equipement-complet-pistolet-lance-tete-de-brumisation-fumi-1-raccord-rapide\/"},"modified":"2025-10-14T09:50:36","modified_gmt":"2025-10-14T07:50:36","slug":"kit-pratique-nanocleanair-ac6902-pour-les-ateliers-lavande-10l-de-liquide-pour-20-voitures-equipement-complet-pistolet-lance-tete-de-brumisation-fumi-1-raccord-rapide","status":"publish","type":"product","link":"https:\/\/nanoclean24.com\/fr\/produit\/kit-pratique-nanocleanair-ac6902-pour-les-ateliers-lavande-10l-de-liquide-pour-20-voitures-equipement-complet-pistolet-lance-tete-de-brumisation-fumi-1-raccord-rapide\/","title":{"rendered":"KIT PRATIQUE NANOCLEAN\u00aeAIR [AC6902] pour les ateliers Lavande &#8211; 10L de liquide pour 20 voitures + \u00e9quipement complet : Pistolet + Lance + T\u00eate de brumisation FUMI-1 + Raccord rapide."},"content":{"rendered":"\n<h3 class=\"wp-block-heading\"><strong>Le kit NANOCLEAN\u00aeAIR contient tous les outils et ressources n\u00e9cessaires pour un service de d\u00e9sinfection complet.<\/strong><\/h3>\n\n<ul class=\"wp-block-list\">\n<li>NANOCLEAN\u00aeAIR Pr\u00eat \u00e0 l&#8217;emploi<\/li>\n\n\n\n<li>(2 bidons de 5 L)<\/li>\n\n\n\n<li>AC-69INOX LANCE NANOCLEAN\u00ae INOX AC45 (1 pc.)<\/li>\n\n\n\n<li>AC-69NYLON NANOCLEAN\u00ae LANCE NYLON AC160 (1 pc.)<\/li>\n\n\n\n<li>AC-69GUN PISTOLET DE DOSAGE DE PRESSION NANOCLEAN\u00ae (1 pc.)<\/li>\n\n\n\n<li>AC-69FUMI NANOCLEAN\u00ae FUMI-1 T\u00caTE DE M\u00c9LANGE (1 pc.)<\/li>\n\n\n\n<li>AC-69AJ-Attaches (1 pc.) GRATUIT<\/li>\n<\/ul>\n\n<p><br\/><strong>\u2705<\/strong> D\u00e9sinfecte la climatisation et tout l&rsquo;habitacle de la voiture<br\/><strong>\u2705<\/strong> Nettoie et rafra\u00eechit l&rsquo;int\u00e9rieur de la voiture<br\/><strong>\u2705<\/strong> KIT POUR 20 VOITURES &#8211; comprend 2 bidons de 5L, 0.5L = 1 voiture<\/p>\n\n<figure class=\"wp-block-embed is-type-video is-provider-youtube wp-block-embed-youtube wp-embed-aspect-16-9 wp-has-aspect-ratio\"><div class=\"wp-block-embed__wrapper\">\n<iframe title=\"Wyr\u00f3\u017cnij si\u0119\u00a0na tle konkurencji | DEZYNFEKCJA KLIMATYZACJI\" width=\"720\" height=\"405\" src=\"https:\/\/www.youtube.com\/embed\/mBYyAAj_-8I?feature=oembed\" frameborder=\"0\" allow=\"accelerometer; autoplay; clipboard-write; encrypted-media; gyroscope; picture-in-picture; web-share\" referrerpolicy=\"strict-origin-when-cross-origin\" allowfullscreen><\/iframe>\n<\/div><\/figure>\n","protected":false},"excerpt":{"rendered":"<p>Le kit NANOCLEAN\u00aeAIR contient tous les outils et ressources n\u00e9cessaires pour un service de d\u00e9sinfection complet. \u2705 D\u00e9sinfecte la climatisation et tout l&rsquo;habitacle de la voiture\u2705 Nettoie et rafra\u00eechit l&rsquo;int\u00e9rieur de la voiture\u2705 KIT POUR 20 VOITURES &#8211; comprend 2 bidons de 5L, 0.5L = 1 voiture<\/p>\n","protected":false},"featured_media":6807,"template":"","meta":{"_kad_blocks_custom_css":"","_kad_blocks_head_custom_js":"","_kad_blocks_body_custom_js":"","_kad_blocks_footer_custom_js":"","_kad_post_transparent":"","_kad_post_title":"","_kad_post_layout":"","_kad_post_sidebar_id":"","_kad_post_content_style":"","_kad_post_vertical_padding":"","_kad_post_feature":"","_kad_post_feature_position":"","_kad_post_header":false,"_kad_post_footer":false,"_kad_post_classname":""},"product_brand":[],"product_cat":[123],"product_tag":[],"class_list":{"0":"post-7962","1":"product","2":"type-product","3":"status-publish","4":"has-post-thumbnail","6":"product_cat-hvac-fr","8":"first","9":"outofstock","10":"sale","11":"taxable","12":"shipping-taxable","13":"purchasable","14":"product-type-simple","15":"entry","16":"content-bg","17":"loop-entry"},"yoast_head":"<!-- This site is optimized with the Yoast SEO plugin v27.4 - https:\/\/yoast.com\/product\/yoast-seo-wordpress\/ -->\n<title>KIT PRATIQUE NANOCLEAN\u00aeAIR [AC6902] pour les ateliers Lavande - 10L de liquide pour 20 voitures + \u00e9quipement complet : Pistolet + Lance + T\u00eate de brumisation FUMI-1 + Raccord rapide. - NANOCLEAN<\/title>\n<meta name=\"robots\" content=\"index, follow, max-snippet:-1, max-image-preview:large, max-video-preview:-1\" \/>\n<link rel=\"canonical\" href=\"https:\/\/nanoclean24.com\/fr\/produit\/kit-pratique-nanocleanair-ac6902-pour-les-ateliers-lavande-10l-de-liquide-pour-20-voitures-equipement-complet-pistolet-lance-tete-de-brumisation-fumi-1-raccord-rapide\/\" \/>\n<meta property=\"og:locale\" content=\"fr_FR\" \/>\n<meta property=\"og:type\" content=\"article\" \/>\n<meta property=\"og:title\" content=\"KIT PRATIQUE NANOCLEAN\u00aeAIR [AC6902] pour les ateliers Lavande - 10L de liquide pour 20 voitures + \u00e9quipement complet : Pistolet + Lance + T\u00eate de brumisation FUMI-1 + Raccord rapide. - NANOCLEAN\" \/>\n<meta property=\"og:description\" content=\"Le kit NANOCLEAN\u00aeAIR contient tous les outils et ressources n\u00e9cessaires pour un service de d\u00e9sinfection complet. \u2705 D\u00e9sinfecte la climatisation et tout l&rsquo;habitacle de la voiture\u2705 Nettoie et rafra\u00eechit l&rsquo;int\u00e9rieur de la voiture\u2705 KIT POUR 20 VOITURES &#8211; comprend 2 bidons de 5L, 0.5L = 1 voiture\" \/>\n<meta property=\"og:url\" content=\"https:\/\/nanoclean24.com\/fr\/produit\/kit-pratique-nanocleanair-ac6902-pour-les-ateliers-lavande-10l-de-liquide-pour-20-voitures-equipement-complet-pistolet-lance-tete-de-brumisation-fumi-1-raccord-rapide\/\" \/>\n<meta property=\"og:site_name\" content=\"NANOCLEAN\" \/>\n<meta property=\"article:modified_time\" content=\"2025-10-14T07:50:36+00:00\" \/>\n<meta property=\"og:image\" content=\"https:\/\/nanoclean24.com\/wp-content\/uploads\/2025\/09\/zestaw2b.webp\" \/>\n\t<meta property=\"og:image:width\" content=\"1195\" \/>\n\t<meta property=\"og:image:height\" content=\"1080\" \/>\n\t<meta property=\"og:image:type\" content=\"image\/webp\" \/>\n<meta name=\"twitter:card\" content=\"summary_large_image\" \/>\n<meta name=\"twitter:label1\" content=\"Dur\u00e9e de lecture estim\u00e9e\" \/>\n\t<meta name=\"twitter:data1\" content=\"1 minute\" \/>\n<script type=\"application\/ld+json\" class=\"yoast-schema-graph\">{\"@context\":\"https:\\\/\\\/schema.org\",\"@graph\":[{\"@type\":\"WebPage\",\"@id\":\"https:\\\/\\\/nanoclean24.com\\\/fr\\\/produit\\\/kit-pratique-nanocleanair-ac6902-pour-les-ateliers-lavande-10l-de-liquide-pour-20-voitures-equipement-complet-pistolet-lance-tete-de-brumisation-fumi-1-raccord-rapide\\\/\",\"url\":\"https:\\\/\\\/nanoclean24.com\\\/fr\\\/produit\\\/kit-pratique-nanocleanair-ac6902-pour-les-ateliers-lavande-10l-de-liquide-pour-20-voitures-equipement-complet-pistolet-lance-tete-de-brumisation-fumi-1-raccord-rapide\\\/\",\"name\":\"KIT PRATIQUE NANOCLEAN\u00aeAIR [AC6902] pour les ateliers Lavande - 10L de liquide pour 20 voitures + \u00e9quipement complet : Pistolet + Lance + T\u00eate de brumisation FUMI-1 + Raccord rapide. - NANOCLEAN\",\"isPartOf\":{\"@id\":\"https:\\\/\\\/nanoclean24.com\\\/fr\\\/#website\"},\"primaryImageOfPage\":{\"@id\":\"https:\\\/\\\/nanoclean24.com\\\/fr\\\/produit\\\/kit-pratique-nanocleanair-ac6902-pour-les-ateliers-lavande-10l-de-liquide-pour-20-voitures-equipement-complet-pistolet-lance-tete-de-brumisation-fumi-1-raccord-rapide\\\/#primaryimage\"},\"image\":{\"@id\":\"https:\\\/\\\/nanoclean24.com\\\/fr\\\/produit\\\/kit-pratique-nanocleanair-ac6902-pour-les-ateliers-lavande-10l-de-liquide-pour-20-voitures-equipement-complet-pistolet-lance-tete-de-brumisation-fumi-1-raccord-rapide\\\/#primaryimage\"},\"thumbnailUrl\":\"https:\\\/\\\/nanoclean24.com\\\/wp-content\\\/uploads\\\/2025\\\/09\\\/zestaw2b.webp\",\"datePublished\":\"2025-09-23T12:09:00+00:00\",\"dateModified\":\"2025-10-14T07:50:36+00:00\",\"breadcrumb\":{\"@id\":\"https:\\\/\\\/nanoclean24.com\\\/fr\\\/produit\\\/kit-pratique-nanocleanair-ac6902-pour-les-ateliers-lavande-10l-de-liquide-pour-20-voitures-equipement-complet-pistolet-lance-tete-de-brumisation-fumi-1-raccord-rapide\\\/#breadcrumb\"},\"inLanguage\":\"fr-FR\",\"potentialAction\":[{\"@type\":\"ReadAction\",\"target\":[\"https:\\\/\\\/nanoclean24.com\\\/fr\\\/produit\\\/kit-pratique-nanocleanair-ac6902-pour-les-ateliers-lavande-10l-de-liquide-pour-20-voitures-equipement-complet-pistolet-lance-tete-de-brumisation-fumi-1-raccord-rapide\\\/\"]}]},{\"@type\":\"ImageObject\",\"inLanguage\":\"fr-FR\",\"@id\":\"https:\\\/\\\/nanoclean24.com\\\/fr\\\/produit\\\/kit-pratique-nanocleanair-ac6902-pour-les-ateliers-lavande-10l-de-liquide-pour-20-voitures-equipement-complet-pistolet-lance-tete-de-brumisation-fumi-1-raccord-rapide\\\/#primaryimage\",\"url\":\"https:\\\/\\\/nanoclean24.com\\\/wp-content\\\/uploads\\\/2025\\\/09\\\/zestaw2b.webp\",\"contentUrl\":\"https:\\\/\\\/nanoclean24.com\\\/wp-content\\\/uploads\\\/2025\\\/09\\\/zestaw2b.webp\",\"width\":1195,\"height\":1080},{\"@type\":\"BreadcrumbList\",\"@id\":\"https:\\\/\\\/nanoclean24.com\\\/fr\\\/produit\\\/kit-pratique-nanocleanair-ac6902-pour-les-ateliers-lavande-10l-de-liquide-pour-20-voitures-equipement-complet-pistolet-lance-tete-de-brumisation-fumi-1-raccord-rapide\\\/#breadcrumb\",\"itemListElement\":[{\"@type\":\"ListItem\",\"position\":1,\"name\":\"Strona g\u0142\u00f3wna\",\"item\":\"https:\\\/\\\/nanoclean24.com\\\/fr\\\/\"},{\"@type\":\"ListItem\",\"position\":2,\"name\":\"Boutique\",\"item\":\"https:\\\/\\\/nanoclean24.com\\\/shop\\\/\"},{\"@type\":\"ListItem\",\"position\":3,\"name\":\"KIT PRATIQUE NANOCLEAN\u00aeAIR [AC6902] pour les ateliers Lavande &#8211; 10L de liquide pour 20 voitures + \u00e9quipement complet : Pistolet + Lance + T\u00eate de brumisation FUMI-1 + Raccord rapide.\"}]},{\"@type\":\"WebSite\",\"@id\":\"https:\\\/\\\/nanoclean24.com\\\/fr\\\/#website\",\"url\":\"https:\\\/\\\/nanoclean24.com\\\/fr\\\/\",\"name\":\"NanoClean\",\"description\":\"\",\"publisher\":{\"@id\":\"https:\\\/\\\/nanoclean24.com\\\/fr\\\/#organization\"},\"potentialAction\":[{\"@type\":\"SearchAction\",\"target\":{\"@type\":\"EntryPoint\",\"urlTemplate\":\"https:\\\/\\\/nanoclean24.com\\\/fr\\\/?s={search_term_string}\"},\"query-input\":{\"@type\":\"PropertyValueSpecification\",\"valueRequired\":true,\"valueName\":\"search_term_string\"}}],\"inLanguage\":\"fr-FR\"},{\"@type\":\"Organization\",\"@id\":\"https:\\\/\\\/nanoclean24.com\\\/fr\\\/#organization\",\"name\":\"NanoClean\",\"url\":\"https:\\\/\\\/nanoclean24.com\\\/fr\\\/\",\"logo\":{\"@type\":\"ImageObject\",\"inLanguage\":\"fr-FR\",\"@id\":\"https:\\\/\\\/nanoclean24.com\\\/fr\\\/#\\\/schema\\\/logo\\\/image\\\/\",\"url\":\"https:\\\/\\\/nanoclean24.com\\\/wp-content\\\/uploads\\\/2025\\\/07\\\/logo-2.jpg\",\"contentUrl\":\"https:\\\/\\\/nanoclean24.com\\\/wp-content\\\/uploads\\\/2025\\\/07\\\/logo-2.jpg\",\"width\":1068,\"height\":224,\"caption\":\"NanoClean\"},\"image\":{\"@id\":\"https:\\\/\\\/nanoclean24.com\\\/fr\\\/#\\\/schema\\\/logo\\\/image\\\/\"}}]}<\/script>\n<!-- \/ Yoast SEO plugin. -->","yoast_head_json":{"title":"KIT PRATIQUE NANOCLEAN\u00aeAIR [AC6902] pour les ateliers Lavande - 10L de liquide pour 20 voitures + \u00e9quipement complet : Pistolet + Lance + T\u00eate de brumisation FUMI-1 + Raccord rapide. - NANOCLEAN","robots":{"index":"index","follow":"follow","max-snippet":"max-snippet:-1","max-image-preview":"max-image-preview:large","max-video-preview":"max-video-preview:-1"},"canonical":"https:\/\/nanoclean24.com\/fr\/produit\/kit-pratique-nanocleanair-ac6902-pour-les-ateliers-lavande-10l-de-liquide-pour-20-voitures-equipement-complet-pistolet-lance-tete-de-brumisation-fumi-1-raccord-rapide\/","og_locale":"fr_FR","og_type":"article","og_title":"KIT PRATIQUE NANOCLEAN\u00aeAIR [AC6902] pour les ateliers Lavande - 10L de liquide pour 20 voitures + \u00e9quipement complet : Pistolet + Lance + T\u00eate de brumisation FUMI-1 + Raccord rapide. - NANOCLEAN","og_description":"Le kit NANOCLEAN\u00aeAIR contient tous les outils et ressources n\u00e9cessaires pour un service de d\u00e9sinfection complet. \u2705 D\u00e9sinfecte la climatisation et tout l&rsquo;habitacle de la voiture\u2705 Nettoie et rafra\u00eechit l&rsquo;int\u00e9rieur de la voiture\u2705 KIT POUR 20 VOITURES &#8211; comprend 2 bidons de 5L, 0.5L = 1 voiture","og_url":"https:\/\/nanoclean24.com\/fr\/produit\/kit-pratique-nanocleanair-ac6902-pour-les-ateliers-lavande-10l-de-liquide-pour-20-voitures-equipement-complet-pistolet-lance-tete-de-brumisation-fumi-1-raccord-rapide\/","og_site_name":"NANOCLEAN","article_modified_time":"2025-10-14T07:50:36+00:00","og_image":[{"width":1195,"height":1080,"url":"https:\/\/nanoclean24.com\/wp-content\/uploads\/2025\/09\/zestaw2b.webp","type":"image\/webp"}],"twitter_card":"summary_large_image","twitter_misc":{"Dur\u00e9e de lecture estim\u00e9e":"1 minute"},"schema":{"@context":"https:\/\/schema.org","@graph":[{"@type":"WebPage","@id":"https:\/\/nanoclean24.com\/fr\/produit\/kit-pratique-nanocleanair-ac6902-pour-les-ateliers-lavande-10l-de-liquide-pour-20-voitures-equipement-complet-pistolet-lance-tete-de-brumisation-fumi-1-raccord-rapide\/","url":"https:\/\/nanoclean24.com\/fr\/produit\/kit-pratique-nanocleanair-ac6902-pour-les-ateliers-lavande-10l-de-liquide-pour-20-voitures-equipement-complet-pistolet-lance-tete-de-brumisation-fumi-1-raccord-rapide\/","name":"KIT PRATIQUE NANOCLEAN\u00aeAIR [AC6902] pour les ateliers Lavande - 10L de liquide pour 20 voitures + \u00e9quipement complet : Pistolet + Lance + T\u00eate de brumisation FUMI-1 + Raccord rapide. - NANOCLEAN","isPartOf":{"@id":"https:\/\/nanoclean24.com\/fr\/#website"},"primaryImageOfPage":{"@id":"https:\/\/nanoclean24.com\/fr\/produit\/kit-pratique-nanocleanair-ac6902-pour-les-ateliers-lavande-10l-de-liquide-pour-20-voitures-equipement-complet-pistolet-lance-tete-de-brumisation-fumi-1-raccord-rapide\/#primaryimage"},"image":{"@id":"https:\/\/nanoclean24.com\/fr\/produit\/kit-pratique-nanocleanair-ac6902-pour-les-ateliers-lavande-10l-de-liquide-pour-20-voitures-equipement-complet-pistolet-lance-tete-de-brumisation-fumi-1-raccord-rapide\/#primaryimage"},"thumbnailUrl":"https:\/\/nanoclean24.com\/wp-content\/uploads\/2025\/09\/zestaw2b.webp","datePublished":"2025-09-23T12:09:00+00:00","dateModified":"2025-10-14T07:50:36+00:00","breadcrumb":{"@id":"https:\/\/nanoclean24.com\/fr\/produit\/kit-pratique-nanocleanair-ac6902-pour-les-ateliers-lavande-10l-de-liquide-pour-20-voitures-equipement-complet-pistolet-lance-tete-de-brumisation-fumi-1-raccord-rapide\/#breadcrumb"},"inLanguage":"fr-FR","potentialAction":[{"@type":"ReadAction","target":["https:\/\/nanoclean24.com\/fr\/produit\/kit-pratique-nanocleanair-ac6902-pour-les-ateliers-lavande-10l-de-liquide-pour-20-voitures-equipement-complet-pistolet-lance-tete-de-brumisation-fumi-1-raccord-rapide\/"]}]},{"@type":"ImageObject","inLanguage":"fr-FR","@id":"https:\/\/nanoclean24.com\/fr\/produit\/kit-pratique-nanocleanair-ac6902-pour-les-ateliers-lavande-10l-de-liquide-pour-20-voitures-equipement-complet-pistolet-lance-tete-de-brumisation-fumi-1-raccord-rapide\/#primaryimage","url":"https:\/\/nanoclean24.com\/wp-content\/uploads\/2025\/09\/zestaw2b.webp","contentUrl":"https:\/\/nanoclean24.com\/wp-content\/uploads\/2025\/09\/zestaw2b.webp","width":1195,"height":1080},{"@type":"BreadcrumbList","@id":"https:\/\/nanoclean24.com\/fr\/produit\/kit-pratique-nanocleanair-ac6902-pour-les-ateliers-lavande-10l-de-liquide-pour-20-voitures-equipement-complet-pistolet-lance-tete-de-brumisation-fumi-1-raccord-rapide\/#breadcrumb","itemListElement":[{"@type":"ListItem","position":1,"name":"Strona g\u0142\u00f3wna","item":"https:\/\/nanoclean24.com\/fr\/"},{"@type":"ListItem","position":2,"name":"Boutique","item":"https:\/\/nanoclean24.com\/shop\/"},{"@type":"ListItem","position":3,"name":"KIT PRATIQUE NANOCLEAN\u00aeAIR [AC6902] pour les ateliers Lavande &#8211; 10L de liquide pour 20 voitures + \u00e9quipement complet : Pistolet + Lance + T\u00eate de brumisation FUMI-1 + Raccord rapide."}]},{"@type":"WebSite","@id":"https:\/\/nanoclean24.com\/fr\/#website","url":"https:\/\/nanoclean24.com\/fr\/","name":"NanoClean","description":"","publisher":{"@id":"https:\/\/nanoclean24.com\/fr\/#organization"},"potentialAction":[{"@type":"SearchAction","target":{"@type":"EntryPoint","urlTemplate":"https:\/\/nanoclean24.com\/fr\/?s={search_term_string}"},"query-input":{"@type":"PropertyValueSpecification","valueRequired":true,"valueName":"search_term_string"}}],"inLanguage":"fr-FR"},{"@type":"Organization","@id":"https:\/\/nanoclean24.com\/fr\/#organization","name":"NanoClean","url":"https:\/\/nanoclean24.com\/fr\/","logo":{"@type":"ImageObject","inLanguage":"fr-FR","@id":"https:\/\/nanoclean24.com\/fr\/#\/schema\/logo\/image\/","url":"https:\/\/nanoclean24.com\/wp-content\/uploads\/2025\/07\/logo-2.jpg","contentUrl":"https:\/\/nanoclean24.com\/wp-content\/uploads\/2025\/07\/logo-2.jpg","width":1068,"height":224,"caption":"NanoClean"},"image":{"@id":"https:\/\/nanoclean24.com\/fr\/#\/schema\/logo\/image\/"}}]}},"taxonomy_info":{"product_cat":[{"value":123,"label":"HVAC PRO"}]},"featured_image_src_large":["https:\/\/nanoclean24.com\/wp-content\/uploads\/2025\/09\/zestaw2b-1024x925.webp",1024,925,true],"author_info":[],"comment_info":"","_links":{"self":[{"href":"https:\/\/nanoclean24.com\/fr\/wp-json\/wp\/v2\/product\/7962","targetHints":{"allow":["GET"]}}],"collection":[{"href":"https:\/\/nanoclean24.com\/fr\/wp-json\/wp\/v2\/product"}],"about":[{"href":"https:\/\/nanoclean24.com\/fr\/wp-json\/wp\/v2\/types\/product"}],"wp:featuredmedia":[{"embeddable":true,"href":"https:\/\/nanoclean24.com\/fr\/wp-json\/wp\/v2\/media\/6807"}],"wp:attachment":[{"href":"https:\/\/nanoclean24.com\/fr\/wp-json\/wp\/v2\/media?parent=7962"}],"wp:term":[{"taxonomy":"product_brand","embeddable":true,"href":"https:\/\/nanoclean24.com\/fr\/wp-json\/wp\/v2\/product_brand?post=7962"},{"taxonomy":"product_cat","embeddable":true,"href":"https:\/\/nanoclean24.com\/fr\/wp-json\/wp\/v2\/product_cat?post=7962"},{"taxonomy":"product_tag","embeddable":true,"href":"https:\/\/nanoclean24.com\/fr\/wp-json\/wp\/v2\/product_tag?post=7962"}],"curies":[{"name":"wp","href":"https:\/\/api.w.org\/{rel}","templated":true}]}}