{"id":7930,"date":"2025-09-22T09:59:09","date_gmt":"2025-09-22T07:59:09","guid":{"rendered":"https:\/\/nanoclean24.com\/?post_type=product&#038;p=7930"},"modified":"2025-10-17T15:57:34","modified_gmt":"2025-10-17T13:57:34","slug":"nanoclean-air-1l-parfum-lavande","status":"publish","type":"product","link":"https:\/\/nanoclean24.com\/fr\/produit\/nanoclean-air-1l-parfum-lavande\/","title":{"rendered":"NANOCLEAN\u00ae AIR 1l parfum lavande"},"content":{"rendered":"\n<p>La seule pr\u00e9paration professionnelle pr\u00eate \u00e0 l&#8217;emploi sur le march\u00e9 pour le nettoyage, le rafra\u00eechissement, la d\u00e9senfumage et la d\u00e9sinfection efficaces de la climatisation des v\u00e9hicules.<br\/>Version sp\u00e9ciale pour les \u00e9vaporateurs fortement encrass\u00e9s avec un parfum agr\u00e9able.<\/p>\n\n<h3 class=\"wp-block-heading\"><strong>Gr\u00e2ce \u00e0 ses excellentes propri\u00e9t\u00e9s nettoyantes et \u00e0 son large spectre biocide, il \u00e9limine durablement les odeurs d\u00e9sagr\u00e9ables.<\/strong><\/h3>\n\n<ul class=\"wp-block-list\">\n<li>Une nouvelle norme pour un nettoyage, un rafra\u00eechissement, une \u00e9limination des moisissures et une d\u00e9sinfection efficaces de la climatisation dans les voitures et les transports publics.<\/li>\n\n\n\n<li>La d\u00e9sinfection la plus rapide et la plus efficace des \u00e9vaporateurs de climatisation et des int\u00e9rieurs de voitures.<\/li>\n\n\n\n<li>Possibilit\u00e9 d&rsquo;utilisation dans des appareils \u00e0 ultrasons.<\/li>\n<\/ul>\n\n<h3 class=\"wp-block-heading\"><strong>D\u00e9sinfection la plus efficace avec un spectre biocide complet en 15 minutes.<br\/><\/strong>D\u00e9sinfection contre <em>Legionella pneumophila<\/em> en seulement 1 minute.<\/h3>\n\n<ul class=\"wp-block-list\">\n<li><strong>Tr\u00e8s efficace<\/strong> \u2013 500 ml de liquide suffisent pour un \u00e9vaporateur.<\/li>\n\n\n\n<li><strong>Stockage et utilisation sans risque d&rsquo;incendie<\/strong> \u2013 produit ininflammable \u00e0 base d&rsquo;eau.<\/li>\n\n\n\n<li><strong>\u00c9limine efficacement les taches et les contaminants organiques :<\/strong> \u00e9limine les taches grasses des tissus d&rsquo;ameublement et des tapis, la moisissure, les champignons, la poussi\u00e8re, la graisse, l&rsquo;huile, etc.<\/li>\n\n\n\n<li><strong>M\u00e9thode sp\u00e9cialement d\u00e9velopp\u00e9e<\/strong> pour un nettoyage efficace des \u00e9vaporateurs sous pression \u00e0 l&rsquo;aide d&rsquo;une lance directionnelle \u2013 AC-69INOX.<\/li>\n\n\n\n<li>Nettoyage efficace de la climatisation, rafra\u00eechissement de la climatisation, d\u00e9senfumage de la climatisation et d\u00e9sinfection de la climatisation en un seul processus avec<br\/>NANOCLEAN\u00ae AIR au lieu de 2 produits.<\/li>\n\n\n\n<li><strong>Remplace la<\/strong> d\u00e9sinfection \u00e0 l<strong>&lsquo;ozone de l&rsquo;int\u00e9rieur des voitures<\/strong> par un spectre biocide complet par brumisation avec NANOCLEAN\u00ae AIR avec la t\u00eate AC-69FUMI (brouillard sec).<br\/>Temps d&rsquo;application environ. 15 \u2013 30 secondes. Temps de d\u00e9sinfection 5-15 minutes.<\/li>\n\n\n\n<li>Autorisation de mise sur le march\u00e9 du produit biocide n\u00b0 7406\/18.<\/li>\n\n\n\n<li>Certificat PZH n\u00b0 : B.BK.60112.0333.2023.<\/li>\n\n\n\n<li><strong>Efficacit\u00e9 test\u00e9e selon les normes europ\u00e9ennes :<\/strong><br\/>EN1040, EN13727, EN1276, EN13697, EN13623, EN1275, EN1650, EN14476, EN13704, EN14348.<\/li>\n\n\n\n<li>Distingu\u00e9 par le magazine Auto Expert en 2019 et 2020.<\/li>\n<\/ul>\n\n<figure class=\"wp-block-embed is-type-video is-provider-youtube wp-block-embed-youtube wp-embed-aspect-16-9 wp-has-aspect-ratio\"><div class=\"wp-block-embed__wrapper\">\n<iframe title=\"Instrukcja przygotowania zestawu NANOCLEAN\u00ae do pracy\" width=\"720\" height=\"405\" src=\"https:\/\/www.youtube.com\/embed\/U3u6jRqpceM?feature=oembed\" frameborder=\"0\" allow=\"accelerometer; autoplay; clipboard-write; encrypted-media; gyroscope; picture-in-picture; web-share\" referrerpolicy=\"strict-origin-when-cross-origin\" allowfullscreen><\/iframe>\n<\/div><\/figure>\n\n<p><\/p>\n\n<p>Les produits biocides doivent \u00eatre utilis\u00e9s avec pr\u00e9caution. Lisez l&rsquo;\u00e9tiquette et les informations sur le produit avant chaque utilisation. <\/p>\n","protected":false},"excerpt":{"rendered":"<h3>Pour le nettoyage, le rafra\u00eechissement, l&rsquo;\u00e9limination des moisissures et la d\u00e9sinfection des \u00e9vaporateurs<\/h3>\n<p><strong>\u2705 FRA\u00ceCHEUR.<\/strong>  \u00c9limine les odeurs d\u00e9sagr\u00e9ables et laisse un parfum agr\u00e9able plus longtemps.  <strong>\u2705 FIABILIT\u00c9. SPECTRE BIOCIDE COMPLET :<\/strong>  virus, champignons, bact\u00e9ries, spores, mycobact\u00e9ries. <em>Legionella pneumophila<\/em> en 1 minute. <strong>EFFICACIT\u00c9 \u2705.<\/strong> Confirm\u00e9e par des tests selon les normes europ\u00e9ennes : EN1040, EN13727, EN1276, EN13697, EN13623, EN1275, EN1650, EN14476, EN13704, EN14348 <strong>\u2705 EFFICACIT\u00c9 DE NETTOYAGE.<\/strong> Gr\u00e2ce \u00e0 la base active multi-composants. <strong>\u2705 DES CLIENTS SATISFAITS.<\/strong> Gr\u00e2ce \u00e0 l&rsquo;efficacit\u00e9 du nettoyage et de la d\u00e9sinfection.<\/p>\n","protected":false},"featured_media":10407,"template":"","meta":{"_kad_blocks_custom_css":"","_kad_blocks_head_custom_js":"","_kad_blocks_body_custom_js":"","_kad_blocks_footer_custom_js":"","_kad_post_transparent":"","_kad_post_title":"","_kad_post_layout":"","_kad_post_sidebar_id":"","_kad_post_content_style":"","_kad_post_vertical_padding":"","_kad_post_feature":"","_kad_post_feature_position":"","_kad_post_header":false,"_kad_post_footer":false,"_kad_post_classname":""},"product_brand":[],"product_cat":[177],"product_tag":[],"class_list":{"0":"post-7930","1":"product","2":"type-product","3":"status-publish","4":"has-post-thumbnail","6":"product_cat-car-ac-pro","8":"first","9":"instock","10":"taxable","11":"shipping-taxable","12":"purchasable","13":"product-type-simple","14":"entry","15":"content-bg","16":"loop-entry"},"yoast_head":"<!-- This site is optimized with the Yoast SEO plugin v27.2 - https:\/\/yoast.com\/product\/yoast-seo-wordpress\/ -->\n<title>NANOCLEAN\u00ae AIR 1l parfum lavande - NANOCLEAN<\/title>\n<meta name=\"robots\" content=\"index, follow, max-snippet:-1, max-image-preview:large, max-video-preview:-1\" \/>\n<link rel=\"canonical\" href=\"https:\/\/nanoclean24.com\/fr\/produit\/nanoclean-air-1l-parfum-lavande\/\" \/>\n<meta property=\"og:locale\" content=\"fr_FR\" \/>\n<meta property=\"og:type\" content=\"article\" \/>\n<meta property=\"og:title\" content=\"NANOCLEAN\u00ae AIR 1l parfum lavande - NANOCLEAN\" \/>\n<meta property=\"og:description\" content=\"Pour le nettoyage, le rafra\u00eechissement, l&#039;\u00e9limination des moisissures et la d\u00e9sinfection des \u00e9vaporateurs \u2705 FRA\u00ceCHEUR. \u00c9limine les odeurs d\u00e9sagr\u00e9ables et laisse un parfum agr\u00e9able plus longtemps. \u2705 FIABILIT\u00c9. SPECTRE BIOCIDE COMPLET : virus, champignons, bact\u00e9ries, spores, mycobact\u00e9ries. Legionella pneumophila en 1 minute. EFFICACIT\u00c9 \u2705. Confirm\u00e9e par des tests selon les normes europ\u00e9ennes : EN1040, EN13727, EN1276, EN13697, EN13623, EN1275, EN1650, EN14476, EN13704, EN14348 \u2705 EFFICACIT\u00c9 DE NETTOYAGE. Gr\u00e2ce \u00e0 la base active multi-composants. \u2705 DES CLIENTS SATISFAITS. Gr\u00e2ce \u00e0 l&#039;efficacit\u00e9 du nettoyage et de la d\u00e9sinfection.\" \/>\n<meta property=\"og:url\" content=\"https:\/\/nanoclean24.com\/fr\/produit\/nanoclean-air-1l-parfum-lavande\/\" \/>\n<meta property=\"og:site_name\" content=\"NANOCLEAN\" \/>\n<meta property=\"article:modified_time\" content=\"2025-10-17T13:57:34+00:00\" \/>\n<meta property=\"og:image\" content=\"https:\/\/nanoclean24.com\/wp-content\/uploads\/2025\/09\/AC69.jpg\" \/>\n\t<meta property=\"og:image:width\" content=\"1280\" \/>\n\t<meta property=\"og:image:height\" content=\"1280\" \/>\n\t<meta property=\"og:image:type\" content=\"image\/jpeg\" \/>\n<meta name=\"twitter:card\" content=\"summary_large_image\" \/>\n<meta name=\"twitter:label1\" content=\"Dur\u00e9e de lecture estim\u00e9e\" \/>\n\t<meta name=\"twitter:data1\" content=\"2 minutes\" \/>\n<script type=\"application\/ld+json\" class=\"yoast-schema-graph\">{\"@context\":\"https:\/\/schema.org\",\"@graph\":[{\"@type\":\"WebPage\",\"@id\":\"https:\/\/nanoclean24.com\/fr\/produit\/nanoclean-air-1l-parfum-lavande\/\",\"url\":\"https:\/\/nanoclean24.com\/fr\/produit\/nanoclean-air-1l-parfum-lavande\/\",\"name\":\"NANOCLEAN\u00ae AIR 1l parfum lavande - NANOCLEAN\",\"isPartOf\":{\"@id\":\"https:\/\/nanoclean24.com\/fr\/#website\"},\"primaryImageOfPage\":{\"@id\":\"https:\/\/nanoclean24.com\/fr\/produit\/nanoclean-air-1l-parfum-lavande\/#primaryimage\"},\"image\":{\"@id\":\"https:\/\/nanoclean24.com\/fr\/produit\/nanoclean-air-1l-parfum-lavande\/#primaryimage\"},\"thumbnailUrl\":\"https:\/\/nanoclean24.com\/wp-content\/uploads\/2025\/09\/AC69.jpg\",\"datePublished\":\"2025-09-22T07:59:09+00:00\",\"dateModified\":\"2025-10-17T13:57:34+00:00\",\"breadcrumb\":{\"@id\":\"https:\/\/nanoclean24.com\/fr\/produit\/nanoclean-air-1l-parfum-lavande\/#breadcrumb\"},\"inLanguage\":\"fr-FR\",\"potentialAction\":[{\"@type\":\"ReadAction\",\"target\":[\"https:\/\/nanoclean24.com\/fr\/produit\/nanoclean-air-1l-parfum-lavande\/\"]}]},{\"@type\":\"ImageObject\",\"inLanguage\":\"fr-FR\",\"@id\":\"https:\/\/nanoclean24.com\/fr\/produit\/nanoclean-air-1l-parfum-lavande\/#primaryimage\",\"url\":\"https:\/\/nanoclean24.com\/wp-content\/uploads\/2025\/09\/AC69.jpg\",\"contentUrl\":\"https:\/\/nanoclean24.com\/wp-content\/uploads\/2025\/09\/AC69.jpg\",\"width\":1280,\"height\":1280},{\"@type\":\"BreadcrumbList\",\"@id\":\"https:\/\/nanoclean24.com\/fr\/produit\/nanoclean-air-1l-parfum-lavande\/#breadcrumb\",\"itemListElement\":[{\"@type\":\"ListItem\",\"position\":1,\"name\":\"Strona g\u0142\u00f3wna\",\"item\":\"https:\/\/nanoclean24.com\/fr\/\"},{\"@type\":\"ListItem\",\"position\":2,\"name\":\"Boutique\",\"item\":\"https:\/\/nanoclean24.com\/shop\/\"},{\"@type\":\"ListItem\",\"position\":3,\"name\":\"NANOCLEAN\u00ae AIR 1l parfum lavande\"}]},{\"@type\":\"WebSite\",\"@id\":\"https:\/\/nanoclean24.com\/fr\/#website\",\"url\":\"https:\/\/nanoclean24.com\/fr\/\",\"name\":\"NanoClean\",\"description\":\"\",\"publisher\":{\"@id\":\"https:\/\/nanoclean24.com\/fr\/#organization\"},\"potentialAction\":[{\"@type\":\"SearchAction\",\"target\":{\"@type\":\"EntryPoint\",\"urlTemplate\":\"https:\/\/nanoclean24.com\/fr\/?s={search_term_string}\"},\"query-input\":{\"@type\":\"PropertyValueSpecification\",\"valueRequired\":true,\"valueName\":\"search_term_string\"}}],\"inLanguage\":\"fr-FR\"},{\"@type\":\"Organization\",\"@id\":\"https:\/\/nanoclean24.com\/fr\/#organization\",\"name\":\"NanoClean\",\"url\":\"https:\/\/nanoclean24.com\/fr\/\",\"logo\":{\"@type\":\"ImageObject\",\"inLanguage\":\"fr-FR\",\"@id\":\"https:\/\/nanoclean24.com\/fr\/#\/schema\/logo\/image\/\",\"url\":\"https:\/\/nanoclean24.com\/wp-content\/uploads\/2025\/07\/logo-2.jpg\",\"contentUrl\":\"https:\/\/nanoclean24.com\/wp-content\/uploads\/2025\/07\/logo-2.jpg\",\"width\":1068,\"height\":224,\"caption\":\"NanoClean\"},\"image\":{\"@id\":\"https:\/\/nanoclean24.com\/fr\/#\/schema\/logo\/image\/\"}}]}<\/script>\n<!-- \/ Yoast SEO plugin. -->","yoast_head_json":{"title":"NANOCLEAN\u00ae AIR 1l parfum lavande - NANOCLEAN","robots":{"index":"index","follow":"follow","max-snippet":"max-snippet:-1","max-image-preview":"max-image-preview:large","max-video-preview":"max-video-preview:-1"},"canonical":"https:\/\/nanoclean24.com\/fr\/produit\/nanoclean-air-1l-parfum-lavande\/","og_locale":"fr_FR","og_type":"article","og_title":"NANOCLEAN\u00ae AIR 1l parfum lavande - NANOCLEAN","og_description":"Pour le nettoyage, le rafra\u00eechissement, l'\u00e9limination des moisissures et la d\u00e9sinfection des \u00e9vaporateurs \u2705 FRA\u00ceCHEUR. \u00c9limine les odeurs d\u00e9sagr\u00e9ables et laisse un parfum agr\u00e9able plus longtemps. \u2705 FIABILIT\u00c9. SPECTRE BIOCIDE COMPLET : virus, champignons, bact\u00e9ries, spores, mycobact\u00e9ries. Legionella pneumophila en 1 minute. EFFICACIT\u00c9 \u2705. Confirm\u00e9e par des tests selon les normes europ\u00e9ennes : EN1040, EN13727, EN1276, EN13697, EN13623, EN1275, EN1650, EN14476, EN13704, EN14348 \u2705 EFFICACIT\u00c9 DE NETTOYAGE. Gr\u00e2ce \u00e0 la base active multi-composants. \u2705 DES CLIENTS SATISFAITS. Gr\u00e2ce \u00e0 l'efficacit\u00e9 du nettoyage et de la d\u00e9sinfection.","og_url":"https:\/\/nanoclean24.com\/fr\/produit\/nanoclean-air-1l-parfum-lavande\/","og_site_name":"NANOCLEAN","article_modified_time":"2025-10-17T13:57:34+00:00","og_image":[{"width":1280,"height":1280,"url":"https:\/\/nanoclean24.com\/wp-content\/uploads\/2025\/09\/AC69.jpg","type":"image\/jpeg"}],"twitter_card":"summary_large_image","twitter_misc":{"Dur\u00e9e de lecture estim\u00e9e":"2 minutes"},"schema":{"@context":"https:\/\/schema.org","@graph":[{"@type":"WebPage","@id":"https:\/\/nanoclean24.com\/fr\/produit\/nanoclean-air-1l-parfum-lavande\/","url":"https:\/\/nanoclean24.com\/fr\/produit\/nanoclean-air-1l-parfum-lavande\/","name":"NANOCLEAN\u00ae AIR 1l parfum lavande - NANOCLEAN","isPartOf":{"@id":"https:\/\/nanoclean24.com\/fr\/#website"},"primaryImageOfPage":{"@id":"https:\/\/nanoclean24.com\/fr\/produit\/nanoclean-air-1l-parfum-lavande\/#primaryimage"},"image":{"@id":"https:\/\/nanoclean24.com\/fr\/produit\/nanoclean-air-1l-parfum-lavande\/#primaryimage"},"thumbnailUrl":"https:\/\/nanoclean24.com\/wp-content\/uploads\/2025\/09\/AC69.jpg","datePublished":"2025-09-22T07:59:09+00:00","dateModified":"2025-10-17T13:57:34+00:00","breadcrumb":{"@id":"https:\/\/nanoclean24.com\/fr\/produit\/nanoclean-air-1l-parfum-lavande\/#breadcrumb"},"inLanguage":"fr-FR","potentialAction":[{"@type":"ReadAction","target":["https:\/\/nanoclean24.com\/fr\/produit\/nanoclean-air-1l-parfum-lavande\/"]}]},{"@type":"ImageObject","inLanguage":"fr-FR","@id":"https:\/\/nanoclean24.com\/fr\/produit\/nanoclean-air-1l-parfum-lavande\/#primaryimage","url":"https:\/\/nanoclean24.com\/wp-content\/uploads\/2025\/09\/AC69.jpg","contentUrl":"https:\/\/nanoclean24.com\/wp-content\/uploads\/2025\/09\/AC69.jpg","width":1280,"height":1280},{"@type":"BreadcrumbList","@id":"https:\/\/nanoclean24.com\/fr\/produit\/nanoclean-air-1l-parfum-lavande\/#breadcrumb","itemListElement":[{"@type":"ListItem","position":1,"name":"Strona g\u0142\u00f3wna","item":"https:\/\/nanoclean24.com\/fr\/"},{"@type":"ListItem","position":2,"name":"Boutique","item":"https:\/\/nanoclean24.com\/shop\/"},{"@type":"ListItem","position":3,"name":"NANOCLEAN\u00ae AIR 1l parfum lavande"}]},{"@type":"WebSite","@id":"https:\/\/nanoclean24.com\/fr\/#website","url":"https:\/\/nanoclean24.com\/fr\/","name":"NanoClean","description":"","publisher":{"@id":"https:\/\/nanoclean24.com\/fr\/#organization"},"potentialAction":[{"@type":"SearchAction","target":{"@type":"EntryPoint","urlTemplate":"https:\/\/nanoclean24.com\/fr\/?s={search_term_string}"},"query-input":{"@type":"PropertyValueSpecification","valueRequired":true,"valueName":"search_term_string"}}],"inLanguage":"fr-FR"},{"@type":"Organization","@id":"https:\/\/nanoclean24.com\/fr\/#organization","name":"NanoClean","url":"https:\/\/nanoclean24.com\/fr\/","logo":{"@type":"ImageObject","inLanguage":"fr-FR","@id":"https:\/\/nanoclean24.com\/fr\/#\/schema\/logo\/image\/","url":"https:\/\/nanoclean24.com\/wp-content\/uploads\/2025\/07\/logo-2.jpg","contentUrl":"https:\/\/nanoclean24.com\/wp-content\/uploads\/2025\/07\/logo-2.jpg","width":1068,"height":224,"caption":"NanoClean"},"image":{"@id":"https:\/\/nanoclean24.com\/fr\/#\/schema\/logo\/image\/"}}]}},"taxonomy_info":{"product_cat":[{"value":177,"label":"CAR AC PRO"}]},"featured_image_src_large":["https:\/\/nanoclean24.com\/wp-content\/uploads\/2025\/09\/AC69-1024x1024.jpg",1024,1024,true],"author_info":[],"comment_info":"","_links":{"self":[{"href":"https:\/\/nanoclean24.com\/fr\/wp-json\/wp\/v2\/product\/7930","targetHints":{"allow":["GET"]}}],"collection":[{"href":"https:\/\/nanoclean24.com\/fr\/wp-json\/wp\/v2\/product"}],"about":[{"href":"https:\/\/nanoclean24.com\/fr\/wp-json\/wp\/v2\/types\/product"}],"wp:featuredmedia":[{"embeddable":true,"href":"https:\/\/nanoclean24.com\/fr\/wp-json\/wp\/v2\/media\/10407"}],"wp:attachment":[{"href":"https:\/\/nanoclean24.com\/fr\/wp-json\/wp\/v2\/media?parent=7930"}],"wp:term":[{"taxonomy":"product_brand","embeddable":true,"href":"https:\/\/nanoclean24.com\/fr\/wp-json\/wp\/v2\/product_brand?post=7930"},{"taxonomy":"product_cat","embeddable":true,"href":"https:\/\/nanoclean24.com\/fr\/wp-json\/wp\/v2\/product_cat?post=7930"},{"taxonomy":"product_tag","embeddable":true,"href":"https:\/\/nanoclean24.com\/fr\/wp-json\/wp\/v2\/product_tag?post=7930"}],"curies":[{"name":"wp","href":"https:\/\/api.w.org\/{rel}","templated":true}]}}