{"id":7786,"date":"2025-07-20T15:05:07","date_gmt":"2025-07-20T13:05:07","guid":{"rendered":"https:\/\/nanoclean24.com\/produkt\/nanoclean-ac8-home-taper-cleaner-parfum-lavande-en-flacon-de-1l\/"},"modified":"2025-10-24T16:02:58","modified_gmt":"2025-10-24T14:02:58","slug":"nanoclean-ac8-home-taper-cleaner-parfum-lavande-en-flacon-de-1l","status":"publish","type":"product","link":"https:\/\/nanoclean24.com\/fr\/produit\/nanoclean-ac8-home-taper-cleaner-parfum-lavande-en-flacon-de-1l\/","title":{"rendered":"NANOCLEAN\u00ae AC8 HOME TISSUS D&rsquo;AMEUBLEMENT liquide nettoyant et d\u00e9sinfectant en bouteille au parfum de lavande 1L"},"content":{"rendered":"<p>D\u00e9couvrez NANOCLEAN AC8 POUR LE NETTOYAGE ET LA DESINFECTION DES MEUBLES, un produit innovant 5 en 1 qui apporte un soin complet \u00e0 vos meubles rembourr\u00e9s. Ce produit unique nettoie, rafra\u00eechit, d\u00e9-fongise, d\u00e9sinfecte et prot\u00e8ge contre le d\u00e9veloppement des moisissures et des mauvaises odeurs, garantissant une propret\u00e9 et une hygi\u00e8ne irr\u00e9prochables. <\/p>\n<div class=\"entry-content-asset videofit\"><iframe title=\"Instrukcja u\u017cytkowania preparatu Nanoclean do czyszczenia tapicerki\" width=\"720\" height=\"405\" src=\"https:\/\/www.youtube.com\/embed\/w_6_17nLBgc?feature=oembed\" frameborder=\"0\" allow=\"accelerometer; autoplay; clipboard-write; encrypted-media; gyroscope; picture-in-picture; web-share\" referrerpolicy=\"strict-origin-when-cross-origin\" allowfullscreen><\/iframe><\/div>\n<p>&nbsp;<\/p>\n<section id=\"section_531675531\" class=\"section\">\n<div class=\"section-content relative\">\n<div id=\"row-2017555665\" class=\"row\">\n<div id=\"col-512454642\" class=\"col small-12 large-12\">\n<div class=\"col-inner\">\n<h3><strong>Mode d&#8217;emploi<\/strong><\/h3>\n<ol>\n<li>Remarque : il convient de toujours suivre les instructions du fabricant de meubles et de tissus d&rsquo;ameublement.<\/li>\n<li>Passez l&rsquo;aspirateur sur les tissus d&rsquo;ameublement et les surfaces des meubles pour enlever la poussi\u00e8re et les d\u00e9bris.<\/li>\n<li>Vaporiser NANOCLEAN AC8 Upholstery &amp; FURNITURE CLEANER &amp; DISINFECTOR sur toutes les surfaces des meubles et des tissus d&rsquo;ameublement, y compris les zones difficiles d&rsquo;acc\u00e8s, et attendre 5 \u00e0 15 minutes pour d\u00e9contaminer toutes les surfaces.<\/li>\n<li>Si n\u00e9cessaire, essuyer les tissus d&rsquo;ameublement et les surfaces des meubles avec un chiffon propre et humide pour \u00e9liminer les r\u00e9sidus de produit.<\/li>\n<li>Laisser les tissus d&rsquo;ameublement et les meubles s\u00e9cher compl\u00e8tement avant de les r\u00e9utiliser.<\/li>\n<\/ol>\n<div id=\"image_929699981\" class=\"img has-hover x md-x lg-x y md-y lg-y\">\n<div class=\"img-inner dark\"><img fetchpriority=\"high\" decoding=\"async\" class=\"attachment-large size-large lazy-load-active\" src=\"https:\/\/ac8.pl\/wp-content\/uploads\/2024\/06\/tapicerka-1024x512.png\" alt=\"\" width=\"1020\" height=\"510\" data-src=\"https:\/\/ac8.pl\/wp-content\/uploads\/2024\/06\/tapicerka-1024x512.png\" data-srcset=\"https:\/\/ac8.pl\/wp-content\/uploads\/2024\/06\/tapicerka-1024x512.png 1024w, https:\/\/ac8.pl\/wp-content\/uploads\/2024\/06\/tapicerka-300x150.png 300w, https:\/\/ac8.pl\/wp-content\/uploads\/2024\/06\/tapicerka-768x384.png 768w, https:\/\/ac8.pl\/wp-content\/uploads\/2024\/06\/tapicerka-1320x660.png 1320w, https:\/\/ac8.pl\/wp-content\/uploads\/2024\/06\/tapicerka-510x255.png 510w, https:\/\/ac8.pl\/wp-content\/uploads\/2024\/06\/tapicerka.png 1382w\"><\/div>\n<\/div>\n<\/div>\n<\/div>\n<\/div>\n<\/div>\n<\/section>\n<section id=\"section_1325133641\" class=\"section\">\n<div class=\"section-bg fill\"><\/div>\n<div class=\"section-content relative\">\n<div id=\"row-707593344\" class=\"row\">\n<div id=\"col-650843460\" class=\"col small-12 large-12\">\n<div class=\"col-inner\">\n<p>Remarque : NANOCLEAN AC8 est \u00e9galement efficace dans les cas d&rsquo;urgence. Il \u00e9limine imm\u00e9diatement les mauvaises odeurs, nettoie et d\u00e9sinfecte les tissus d&rsquo;ameublement ou les meubles contamin\u00e9s par des accidents domestiques ou des inondations. <\/p>\n<p>Les produits biocides doivent \u00eatre utilis\u00e9s avec pr\u00e9caution. Lisez l&rsquo;\u00e9tiquette et les informations sur le produit avant chaque utilisation. <\/p>\n<h3><strong>Agr\u00e9ments<\/strong><\/h3>\n<ul>\n<li>Autorisation de mise sur le march\u00e9 de produits biocides : N\u00b0 7406\/18.<\/li>\n<li>Agr\u00e9ment PZH : n\u00b0 B.BK.60112.0333.2023.<\/li>\n<li>NON-INFLAMMABLE : formule \u00e0 base d&rsquo;eau, sans alcool, ininflammable, sans acides, sans ph\u00e9nols, sans solvants organiques.<\/li>\n<\/ul>\n<h3><strong>Conseils aux utilisateurs de meubles<\/strong><\/h3>\n<ul>\n<li>Nettoyage r\u00e9gulier : Le nettoyage r\u00e9gulier des tissus d&rsquo;ameublement et des meubles permet d&rsquo;\u00e9viter l&rsquo;accumulation de poussi\u00e8re et d&rsquo;allerg\u00e8nes, ce qui garantit une meilleure qualit\u00e9 de l&rsquo;air et une plus longue dur\u00e9e de vie des meubles.<\/li>\n<li>Utilisez des rev\u00eatements de protection : Les rev\u00eatements de protection prot\u00e8gent vos tissus d&rsquo;ameublement des taches et de la salet\u00e9 et facilitent leur entretien.<\/li>\n<li>\u00c9vitez les surcharges : La surcharge des meubles peut entra\u00eener des dommages mat\u00e9riels et l&rsquo;accumulation de salet\u00e9s, qui peuvent \u00eatre \u00e0 l&rsquo;origine d&rsquo;odeurs d\u00e9sagr\u00e9ables.<\/li>\n<li>Ventilation : ventilez r\u00e9guli\u00e8rement les pi\u00e8ces o\u00f9 se trouvent les meubles afin d&rsquo;\u00e9viter l&rsquo;accumulation d&rsquo;humidit\u00e9 et la formation de moisissures.<\/li>\n<\/ul>\n<p>Choisissez NANOCLEAN AC8 POUR LE NETTOYAGE ET LA D\u00c9SINFECTION DES MEUBLES ET DE L&rsquo;AMEUBLEMENT et offrez \u00e0 vos meubles un soin complet et le plus haut niveau d&rsquo;hygi\u00e8ne. Prenez soin de vos meubles avec NANOCLEAN AC8 et profitez de la propret\u00e9 et de la fra\u00eecheur au quotidien. <\/p>\n<p>Achetez maintenant et d\u00e9couvrez la diff\u00e9rence.<\/p>\n<\/div>\n<\/div>\n<\/div>\n<\/div>\n<\/section>\n","protected":false},"excerpt":{"rendered":"<h3>5in1 : Nettoyage, rafra\u00eechissement, d\u00e9senfumage, d\u00e9sinfection, protection<\/h3>\n<p>Neutralisation instantan\u00e9e des odeurs <strong>: <\/strong>\u00c9limine toutes les odeurs d\u00e9sagr\u00e9ables, laissant les meubles frais et pr\u00eats \u00e0 l&#8217;emploi.<\/p>\n<p><strong>\u2705 <\/strong>Nettoyage efficace : \u00c9limine efficacement les taches de sang, les taches de nourriture, les taches de caf\u00e9, la poussi\u00e8re, les acariens, les d\u00e9p\u00f4ts, en gardant tous les tissus d&rsquo;ameublement et les meubles propres.<\/p>\n<p><strong>\u2705 <\/strong>D\u00e9-fumigation et d\u00e9sinfection : La formule compl\u00e8te permet une d\u00e9-fumigation et une d\u00e9sinfection compl\u00e8tes en un seul processus, \u00e9liminant ainsi les risques biologiques.<\/p>\n<p><strong>\u2705 <\/strong>Protection contre les moisissures : cr\u00e9e une barri\u00e8re protectrice qui emp\u00eache le d\u00e9veloppement de moisissures et de micro-organismes, garantissant une hygi\u00e8ne durable.<\/p>\n<p><strong>\u2705 <\/strong>Prolonge la dur\u00e9e de vie des tissus d&rsquo;ameublement : Id\u00e9al pour laver les tissus d&rsquo;ameublement avec un aspirateur, pr\u00e9vient les odeurs d\u00e9sagr\u00e9ables et les taches.<\/p>\n","protected":false},"featured_media":10354,"template":"","meta":{"_kad_blocks_custom_css":"","_kad_blocks_head_custom_js":"","_kad_blocks_body_custom_js":"","_kad_blocks_footer_custom_js":"","_kad_post_transparent":"","_kad_post_title":"","_kad_post_layout":"","_kad_post_sidebar_id":"","_kad_post_content_style":"","_kad_post_vertical_padding":"","_kad_post_feature":"","_kad_post_feature_position":"","_kad_post_header":false,"_kad_post_footer":false,"_kad_post_classname":""},"product_brand":[],"product_cat":[96],"product_tag":[],"class_list":{"0":"post-7786","1":"product","2":"type-product","3":"status-publish","4":"has-post-thumbnail","6":"product_cat-home-fr","8":"first","9":"instock","10":"taxable","11":"shipping-taxable","12":"purchasable","13":"product-type-simple","14":"entry","15":"content-bg","16":"loop-entry"},"yoast_head":"<!-- This site is optimized with the Yoast SEO plugin v27.4 - https:\/\/yoast.com\/product\/yoast-seo-wordpress\/ -->\n<title>NANOCLEAN\u00ae AC8 HOME TISSUS D&#039;AMEUBLEMENT liquide nettoyant et d\u00e9sinfectant en bouteille au parfum de lavande 1L - NANOCLEAN<\/title>\n<meta name=\"robots\" content=\"index, follow, max-snippet:-1, max-image-preview:large, max-video-preview:-1\" \/>\n<link rel=\"canonical\" href=\"https:\/\/nanoclean24.com\/fr\/produit\/nanoclean-ac8-home-taper-cleaner-parfum-lavande-en-flacon-de-1l\/\" \/>\n<meta property=\"og:locale\" content=\"fr_FR\" \/>\n<meta property=\"og:type\" content=\"article\" \/>\n<meta property=\"og:title\" content=\"NANOCLEAN\u00ae AC8 HOME TISSUS D&#039;AMEUBLEMENT liquide nettoyant et d\u00e9sinfectant en bouteille au parfum de lavande 1L - NANOCLEAN\" \/>\n<meta property=\"og:description\" content=\"5in1 : Nettoyage, rafra\u00eechissement, d\u00e9senfumage, d\u00e9sinfection, protection Neutralisation instantan\u00e9e des odeurs : \u00c9limine toutes les odeurs d\u00e9sagr\u00e9ables, laissant les meubles frais et pr\u00eats \u00e0 l&#039;emploi. \u2705 Nettoyage efficace : \u00c9limine efficacement les taches de sang, les taches de nourriture, les taches de caf\u00e9, la poussi\u00e8re, les acariens, les d\u00e9p\u00f4ts, en gardant tous les tissus d&#039;ameublement et les meubles propres. \u2705 D\u00e9-fumigation et d\u00e9sinfection : La formule compl\u00e8te permet une d\u00e9-fumigation et une d\u00e9sinfection compl\u00e8tes en un seul processus, \u00e9liminant ainsi les risques biologiques. \u2705 Protection contre les moisissures : cr\u00e9e une barri\u00e8re protectrice qui emp\u00eache le d\u00e9veloppement de moisissures et de micro-organismes, garantissant une hygi\u00e8ne durable. \u2705 Prolonge la dur\u00e9e de vie des tissus d&#039;ameublement : Id\u00e9al pour laver les tissus d&#039;ameublement avec un aspirateur, pr\u00e9vient les odeurs d\u00e9sagr\u00e9ables et les taches.\" \/>\n<meta property=\"og:url\" content=\"https:\/\/nanoclean24.com\/fr\/produit\/nanoclean-ac8-home-taper-cleaner-parfum-lavande-en-flacon-de-1l\/\" \/>\n<meta property=\"og:site_name\" content=\"NANOCLEAN\" \/>\n<meta property=\"article:modified_time\" content=\"2025-10-24T14:02:58+00:00\" \/>\n<meta property=\"og:image\" content=\"https:\/\/nanoclean24.com\/wp-content\/uploads\/2025\/07\/ac8-TAPICERKA-1L.jpg\" \/>\n\t<meta property=\"og:image:width\" content=\"1280\" \/>\n\t<meta property=\"og:image:height\" content=\"1280\" \/>\n\t<meta property=\"og:image:type\" content=\"image\/jpeg\" \/>\n<meta name=\"twitter:card\" content=\"summary_large_image\" \/>\n<meta name=\"twitter:label1\" content=\"Dur\u00e9e de lecture estim\u00e9e\" \/>\n\t<meta name=\"twitter:data1\" content=\"2 minutes\" \/>\n<script type=\"application\/ld+json\" class=\"yoast-schema-graph\">{\"@context\":\"https:\\\/\\\/schema.org\",\"@graph\":[{\"@type\":\"WebPage\",\"@id\":\"https:\\\/\\\/nanoclean24.com\\\/fr\\\/produit\\\/nanoclean-ac8-home-taper-cleaner-parfum-lavande-en-flacon-de-1l\\\/\",\"url\":\"https:\\\/\\\/nanoclean24.com\\\/fr\\\/produit\\\/nanoclean-ac8-home-taper-cleaner-parfum-lavande-en-flacon-de-1l\\\/\",\"name\":\"NANOCLEAN\u00ae AC8 HOME TISSUS D'AMEUBLEMENT liquide nettoyant et d\u00e9sinfectant en bouteille au parfum de lavande 1L - NANOCLEAN\",\"isPartOf\":{\"@id\":\"https:\\\/\\\/nanoclean24.com\\\/fr\\\/#website\"},\"primaryImageOfPage\":{\"@id\":\"https:\\\/\\\/nanoclean24.com\\\/fr\\\/produit\\\/nanoclean-ac8-home-taper-cleaner-parfum-lavande-en-flacon-de-1l\\\/#primaryimage\"},\"image\":{\"@id\":\"https:\\\/\\\/nanoclean24.com\\\/fr\\\/produit\\\/nanoclean-ac8-home-taper-cleaner-parfum-lavande-en-flacon-de-1l\\\/#primaryimage\"},\"thumbnailUrl\":\"https:\\\/\\\/nanoclean24.com\\\/wp-content\\\/uploads\\\/2025\\\/07\\\/ac8-TAPICERKA-1L.jpg\",\"datePublished\":\"2025-07-20T13:05:07+00:00\",\"dateModified\":\"2025-10-24T14:02:58+00:00\",\"breadcrumb\":{\"@id\":\"https:\\\/\\\/nanoclean24.com\\\/fr\\\/produit\\\/nanoclean-ac8-home-taper-cleaner-parfum-lavande-en-flacon-de-1l\\\/#breadcrumb\"},\"inLanguage\":\"fr-FR\",\"potentialAction\":[{\"@type\":\"ReadAction\",\"target\":[\"https:\\\/\\\/nanoclean24.com\\\/fr\\\/produit\\\/nanoclean-ac8-home-taper-cleaner-parfum-lavande-en-flacon-de-1l\\\/\"]}]},{\"@type\":\"ImageObject\",\"inLanguage\":\"fr-FR\",\"@id\":\"https:\\\/\\\/nanoclean24.com\\\/fr\\\/produit\\\/nanoclean-ac8-home-taper-cleaner-parfum-lavande-en-flacon-de-1l\\\/#primaryimage\",\"url\":\"https:\\\/\\\/nanoclean24.com\\\/wp-content\\\/uploads\\\/2025\\\/07\\\/ac8-TAPICERKA-1L.jpg\",\"contentUrl\":\"https:\\\/\\\/nanoclean24.com\\\/wp-content\\\/uploads\\\/2025\\\/07\\\/ac8-TAPICERKA-1L.jpg\",\"width\":1280,\"height\":1280},{\"@type\":\"BreadcrumbList\",\"@id\":\"https:\\\/\\\/nanoclean24.com\\\/fr\\\/produit\\\/nanoclean-ac8-home-taper-cleaner-parfum-lavande-en-flacon-de-1l\\\/#breadcrumb\",\"itemListElement\":[{\"@type\":\"ListItem\",\"position\":1,\"name\":\"Strona g\u0142\u00f3wna\",\"item\":\"https:\\\/\\\/nanoclean24.com\\\/fr\\\/\"},{\"@type\":\"ListItem\",\"position\":2,\"name\":\"Boutique\",\"item\":\"https:\\\/\\\/nanoclean24.com\\\/shop\\\/\"},{\"@type\":\"ListItem\",\"position\":3,\"name\":\"NANOCLEAN\u00ae AC8 HOME TISSUS D&#8217;AMEUBLEMENT liquide nettoyant et d\u00e9sinfectant en bouteille au parfum de lavande 1L\"}]},{\"@type\":\"WebSite\",\"@id\":\"https:\\\/\\\/nanoclean24.com\\\/fr\\\/#website\",\"url\":\"https:\\\/\\\/nanoclean24.com\\\/fr\\\/\",\"name\":\"NanoClean\",\"description\":\"\",\"publisher\":{\"@id\":\"https:\\\/\\\/nanoclean24.com\\\/fr\\\/#organization\"},\"potentialAction\":[{\"@type\":\"SearchAction\",\"target\":{\"@type\":\"EntryPoint\",\"urlTemplate\":\"https:\\\/\\\/nanoclean24.com\\\/fr\\\/?s={search_term_string}\"},\"query-input\":{\"@type\":\"PropertyValueSpecification\",\"valueRequired\":true,\"valueName\":\"search_term_string\"}}],\"inLanguage\":\"fr-FR\"},{\"@type\":\"Organization\",\"@id\":\"https:\\\/\\\/nanoclean24.com\\\/fr\\\/#organization\",\"name\":\"NanoClean\",\"url\":\"https:\\\/\\\/nanoclean24.com\\\/fr\\\/\",\"logo\":{\"@type\":\"ImageObject\",\"inLanguage\":\"fr-FR\",\"@id\":\"https:\\\/\\\/nanoclean24.com\\\/fr\\\/#\\\/schema\\\/logo\\\/image\\\/\",\"url\":\"https:\\\/\\\/nanoclean24.com\\\/wp-content\\\/uploads\\\/2025\\\/07\\\/logo-2.jpg\",\"contentUrl\":\"https:\\\/\\\/nanoclean24.com\\\/wp-content\\\/uploads\\\/2025\\\/07\\\/logo-2.jpg\",\"width\":1068,\"height\":224,\"caption\":\"NanoClean\"},\"image\":{\"@id\":\"https:\\\/\\\/nanoclean24.com\\\/fr\\\/#\\\/schema\\\/logo\\\/image\\\/\"}}]}<\/script>\n<!-- \/ Yoast SEO plugin. -->","yoast_head_json":{"title":"NANOCLEAN\u00ae AC8 HOME TISSUS D'AMEUBLEMENT liquide nettoyant et d\u00e9sinfectant en bouteille au parfum de lavande 1L - NANOCLEAN","robots":{"index":"index","follow":"follow","max-snippet":"max-snippet:-1","max-image-preview":"max-image-preview:large","max-video-preview":"max-video-preview:-1"},"canonical":"https:\/\/nanoclean24.com\/fr\/produit\/nanoclean-ac8-home-taper-cleaner-parfum-lavande-en-flacon-de-1l\/","og_locale":"fr_FR","og_type":"article","og_title":"NANOCLEAN\u00ae AC8 HOME TISSUS D'AMEUBLEMENT liquide nettoyant et d\u00e9sinfectant en bouteille au parfum de lavande 1L - NANOCLEAN","og_description":"5in1 : Nettoyage, rafra\u00eechissement, d\u00e9senfumage, d\u00e9sinfection, protection Neutralisation instantan\u00e9e des odeurs : \u00c9limine toutes les odeurs d\u00e9sagr\u00e9ables, laissant les meubles frais et pr\u00eats \u00e0 l'emploi. \u2705 Nettoyage efficace : \u00c9limine efficacement les taches de sang, les taches de nourriture, les taches de caf\u00e9, la poussi\u00e8re, les acariens, les d\u00e9p\u00f4ts, en gardant tous les tissus d'ameublement et les meubles propres. \u2705 D\u00e9-fumigation et d\u00e9sinfection : La formule compl\u00e8te permet une d\u00e9-fumigation et une d\u00e9sinfection compl\u00e8tes en un seul processus, \u00e9liminant ainsi les risques biologiques. \u2705 Protection contre les moisissures : cr\u00e9e une barri\u00e8re protectrice qui emp\u00eache le d\u00e9veloppement de moisissures et de micro-organismes, garantissant une hygi\u00e8ne durable. \u2705 Prolonge la dur\u00e9e de vie des tissus d'ameublement : Id\u00e9al pour laver les tissus d'ameublement avec un aspirateur, pr\u00e9vient les odeurs d\u00e9sagr\u00e9ables et les taches.","og_url":"https:\/\/nanoclean24.com\/fr\/produit\/nanoclean-ac8-home-taper-cleaner-parfum-lavande-en-flacon-de-1l\/","og_site_name":"NANOCLEAN","article_modified_time":"2025-10-24T14:02:58+00:00","og_image":[{"width":1280,"height":1280,"url":"https:\/\/nanoclean24.com\/wp-content\/uploads\/2025\/07\/ac8-TAPICERKA-1L.jpg","type":"image\/jpeg"}],"twitter_card":"summary_large_image","twitter_misc":{"Dur\u00e9e de lecture estim\u00e9e":"2 minutes"},"schema":{"@context":"https:\/\/schema.org","@graph":[{"@type":"WebPage","@id":"https:\/\/nanoclean24.com\/fr\/produit\/nanoclean-ac8-home-taper-cleaner-parfum-lavande-en-flacon-de-1l\/","url":"https:\/\/nanoclean24.com\/fr\/produit\/nanoclean-ac8-home-taper-cleaner-parfum-lavande-en-flacon-de-1l\/","name":"NANOCLEAN\u00ae AC8 HOME TISSUS D'AMEUBLEMENT liquide nettoyant et d\u00e9sinfectant en bouteille au parfum de lavande 1L - NANOCLEAN","isPartOf":{"@id":"https:\/\/nanoclean24.com\/fr\/#website"},"primaryImageOfPage":{"@id":"https:\/\/nanoclean24.com\/fr\/produit\/nanoclean-ac8-home-taper-cleaner-parfum-lavande-en-flacon-de-1l\/#primaryimage"},"image":{"@id":"https:\/\/nanoclean24.com\/fr\/produit\/nanoclean-ac8-home-taper-cleaner-parfum-lavande-en-flacon-de-1l\/#primaryimage"},"thumbnailUrl":"https:\/\/nanoclean24.com\/wp-content\/uploads\/2025\/07\/ac8-TAPICERKA-1L.jpg","datePublished":"2025-07-20T13:05:07+00:00","dateModified":"2025-10-24T14:02:58+00:00","breadcrumb":{"@id":"https:\/\/nanoclean24.com\/fr\/produit\/nanoclean-ac8-home-taper-cleaner-parfum-lavande-en-flacon-de-1l\/#breadcrumb"},"inLanguage":"fr-FR","potentialAction":[{"@type":"ReadAction","target":["https:\/\/nanoclean24.com\/fr\/produit\/nanoclean-ac8-home-taper-cleaner-parfum-lavande-en-flacon-de-1l\/"]}]},{"@type":"ImageObject","inLanguage":"fr-FR","@id":"https:\/\/nanoclean24.com\/fr\/produit\/nanoclean-ac8-home-taper-cleaner-parfum-lavande-en-flacon-de-1l\/#primaryimage","url":"https:\/\/nanoclean24.com\/wp-content\/uploads\/2025\/07\/ac8-TAPICERKA-1L.jpg","contentUrl":"https:\/\/nanoclean24.com\/wp-content\/uploads\/2025\/07\/ac8-TAPICERKA-1L.jpg","width":1280,"height":1280},{"@type":"BreadcrumbList","@id":"https:\/\/nanoclean24.com\/fr\/produit\/nanoclean-ac8-home-taper-cleaner-parfum-lavande-en-flacon-de-1l\/#breadcrumb","itemListElement":[{"@type":"ListItem","position":1,"name":"Strona g\u0142\u00f3wna","item":"https:\/\/nanoclean24.com\/fr\/"},{"@type":"ListItem","position":2,"name":"Boutique","item":"https:\/\/nanoclean24.com\/shop\/"},{"@type":"ListItem","position":3,"name":"NANOCLEAN\u00ae AC8 HOME TISSUS D&#8217;AMEUBLEMENT liquide nettoyant et d\u00e9sinfectant en bouteille au parfum de lavande 1L"}]},{"@type":"WebSite","@id":"https:\/\/nanoclean24.com\/fr\/#website","url":"https:\/\/nanoclean24.com\/fr\/","name":"NanoClean","description":"","publisher":{"@id":"https:\/\/nanoclean24.com\/fr\/#organization"},"potentialAction":[{"@type":"SearchAction","target":{"@type":"EntryPoint","urlTemplate":"https:\/\/nanoclean24.com\/fr\/?s={search_term_string}"},"query-input":{"@type":"PropertyValueSpecification","valueRequired":true,"valueName":"search_term_string"}}],"inLanguage":"fr-FR"},{"@type":"Organization","@id":"https:\/\/nanoclean24.com\/fr\/#organization","name":"NanoClean","url":"https:\/\/nanoclean24.com\/fr\/","logo":{"@type":"ImageObject","inLanguage":"fr-FR","@id":"https:\/\/nanoclean24.com\/fr\/#\/schema\/logo\/image\/","url":"https:\/\/nanoclean24.com\/wp-content\/uploads\/2025\/07\/logo-2.jpg","contentUrl":"https:\/\/nanoclean24.com\/wp-content\/uploads\/2025\/07\/logo-2.jpg","width":1068,"height":224,"caption":"NanoClean"},"image":{"@id":"https:\/\/nanoclean24.com\/fr\/#\/schema\/logo\/image\/"}}]}},"taxonomy_info":{"product_cat":[{"value":96,"label":"AC8 HOME"}]},"featured_image_src_large":["https:\/\/nanoclean24.com\/wp-content\/uploads\/2025\/07\/ac8-TAPICERKA-1L-1024x1024.jpg",1024,1024,true],"author_info":[],"comment_info":"","_links":{"self":[{"href":"https:\/\/nanoclean24.com\/fr\/wp-json\/wp\/v2\/product\/7786","targetHints":{"allow":["GET"]}}],"collection":[{"href":"https:\/\/nanoclean24.com\/fr\/wp-json\/wp\/v2\/product"}],"about":[{"href":"https:\/\/nanoclean24.com\/fr\/wp-json\/wp\/v2\/types\/product"}],"wp:featuredmedia":[{"embeddable":true,"href":"https:\/\/nanoclean24.com\/fr\/wp-json\/wp\/v2\/media\/10354"}],"wp:attachment":[{"href":"https:\/\/nanoclean24.com\/fr\/wp-json\/wp\/v2\/media?parent=7786"}],"wp:term":[{"taxonomy":"product_brand","embeddable":true,"href":"https:\/\/nanoclean24.com\/fr\/wp-json\/wp\/v2\/product_brand?post=7786"},{"taxonomy":"product_cat","embeddable":true,"href":"https:\/\/nanoclean24.com\/fr\/wp-json\/wp\/v2\/product_cat?post=7786"},{"taxonomy":"product_tag","embeddable":true,"href":"https:\/\/nanoclean24.com\/fr\/wp-json\/wp\/v2\/product_tag?post=7786"}],"curies":[{"name":"wp","href":"https:\/\/api.w.org\/{rel}","templated":true}]}}