{"id":7771,"date":"2025-07-20T16:08:30","date_gmt":"2025-07-20T14:08:30","guid":{"rendered":"https:\/\/nanoclean24.com\/produkt\/kit-nanoclean-ac8-pour-le-nettoyage-et-lentretien-des-pierres-tombales\/"},"modified":"2025-10-14T09:52:11","modified_gmt":"2025-10-14T07:52:11","slug":"kit-nanoclean-ac8-pour-le-nettoyage-et-lentretien-des-pierres-tombales","status":"publish","type":"product","link":"https:\/\/nanoclean24.com\/fr\/produit\/kit-nanoclean-ac8-pour-le-nettoyage-et-lentretien-des-pierres-tombales\/","title":{"rendered":"Kit Nanoclean AC8 pour le nettoyage et l&rsquo;entretien des pierres tombales"},"content":{"rendered":"<p><strong>Le kit comprend<\/strong><\/p>\n<ol>\n<li><strong>Nanoclean AC8 Gravestone Cleaning (5904917904626)<\/strong><br \/>\nCe produit \u00e0 la formule innovante \u00e9limine efficacement toutes les salissures sur les pierres tombales en pierre, marbre, terrazzo, granit et b\u00e9ton. Gr\u00e2ce \u00e0 son pouvoir nettoyant, il peut venir \u00e0 bout des salissures tenaces, des fientes d&rsquo;oiseaux et autres impuret\u00e9s, sans endommager ni d\u00e9colorer la surface du monument. <\/li>\n<li><strong>Nanoclean AC8 Rouille et s\u00e9diments (5904917904633)<\/strong><br \/>\nProduit con\u00e7u pour \u00e9liminer la rouille et les s\u00e9diments et redonner aux pierres tombales leur \u00e9clat d&rsquo;origine. Sa formule lui permet d&rsquo;agir efficacement sans frotter, ce qui le rend facile \u00e0 utiliser. Id\u00e9al pour tous les types de pierre, il prot\u00e8ge la surface de toute contamination future.  <\/li>\n<li><strong>Nanoclean AC8 Shine and Protection (5904917904640)<\/strong><br \/>\nPr\u00e9paration qui non seulement fait briller mais aussi prot\u00e8ge les pierres tombales contre les intemp\u00e9ries et la salet\u00e9. Cr\u00e9e une couche protectrice durable qui pr\u00e9serve l&rsquo;esth\u00e9tique des pierres tombales plus longtemps. Il est recommand\u00e9 de laver soigneusement la pierre tombale \u00e0 l&rsquo;aide d&rsquo;un nettoyant avant de l&rsquo;utiliser.  <\/li>\n<\/ol>\n<p><strong>Application<\/strong><br \/>\nLe kit est id\u00e9al pour les pierres tombales en granit, marbre, terrazzo, pierre et b\u00e9ton, offrant un soutien complet pour leur entretien et leur maintenance.<\/p>\n<h3>\u00c9TAPE I &#8211; NETTOYAGE<\/h3>\n<p>La premi\u00e8re \u00e9tape du nettoyage des pierres tombales est une \u00e9tape cl\u00e9 qui consiste \u00e0 pr\u00e9parer soigneusement la surface pour un entretien ult\u00e9rieur. NANOCLEAN AC8 CLEANER est une pr\u00e9paration sp\u00e9cialis\u00e9e d\u00e9velopp\u00e9e pour l&rsquo;\u00e9limination initiale de la poussi\u00e8re, de la salet\u00e9 et des salissures l\u00e9g\u00e8res sur les surfaces des pierres tombales. Gr\u00e2ce \u00e0 sa formule neutre, il est sans danger pour diff\u00e9rents types de pierre tels que le granit, le marbre, le gr\u00e8s et le b\u00e9ton, pr\u00e9parant efficacement la surface pour un nettoyage et une protection plus profonds.  <\/p>\n<p>Pourquoi utiliser NANOCLEAN AC8 ?<\/p>\n<ul>\n<li><strong>Nettoyage efficace de la surface<\/strong>: le produit \u00e9limine en profondeur les salissures initiales telles que la poussi\u00e8re, la salet\u00e9 et les contaminants l\u00e9gers sans endommager la structure de la pierre.<\/li>\n<li><strong>Sans danger pour les mat\u00e9riaux<\/strong>: la formule neutre du produit est sans danger pour les diff\u00e9rents types de pierre, sans provoquer de d\u00e9coloration ou de dommage.<\/li>\n<li><strong>Pr\u00e9paration optimale<\/strong>: en utilisant le produit avant d&rsquo;utiliser des produits de nettoyage plus puissants, vous obtenez de meilleurs r\u00e9sultats lors des \u00e9tapes d&rsquo;entretien ult\u00e9rieures.<\/li>\n<\/ul>\n<p><strong>Mode d&#8217;emploi<\/strong><\/p>\n<ol>\n<li>Vaporiser uniform\u00e9ment sur toute la surface de la pierre tombale.<\/li>\n<li>Laisser agir un moment pour permettre au produit de dissoudre la salet\u00e9.<\/li>\n<li>Utilisez une \u00e9ponge ou un chiffon doux pour essuyer d\u00e9licatement la surface.<\/li>\n<li>Rincer abondamment \u00e0 l&rsquo;eau.<\/li>\n<\/ol>\n<h3>\u00c9TAPE II &#8211; \u00c9LIMINATION DE LA ROUILLE ET DES BOUES<\/h3>\n<p>La deuxi\u00e8me \u00e9tape du nettoyage des pierres tombales consiste \u00e0 \u00e9liminer les contaminants tenaces tels que les d\u00e9p\u00f4ts de calcaire, la rouille et les d\u00e9p\u00f4ts corrosifs. NANOCLEAN AC8 RUST AND OSCOLATE est une mousse nettoyante sp\u00e9cialis\u00e9e, formul\u00e9e sur une base acide de qualit\u00e9 alimentaire, qui \u00e9limine efficacement la salet\u00e9 tenace tout en restant sans danger pour les surfaces. Gr\u00e2ce \u00e0 sa formule biod\u00e9gradable, il est respectueux de l&rsquo;environnement tout en \u00e9tant extr\u00eamement efficace.  <\/p>\n<p>Pourquoi choisir NANOCLEAN AC8 ?<\/p>\n<ul>\n<li><strong>Efficacit\u00e9 dans l&rsquo;\u00e9limination des d\u00e9p\u00f4ts<\/strong>: Le produit est excellent pour \u00e9liminer les d\u00e9p\u00f4ts de calcaire accumul\u00e9s et restaurer la propret\u00e9 des surfaces en pierre.<\/li>\n<li><strong>Dissout la rouille et la corrosion<\/strong>: \u00c9limine rapidement les d\u00e9p\u00f4ts de rouille et les marques de corrosion, redonnant aux pierres tombales leur aspect d&rsquo;origine.<\/li>\n<li><strong>Sans danger pour les mat\u00e9riaux<\/strong>: gr\u00e2ce \u00e0 sa formule \u00e0 base d&rsquo;acides de qualit\u00e9 alimentaire, il est sans danger pour une vari\u00e9t\u00e9 de mat\u00e9riaux tels que le granit, le marbre, le gr\u00e8s ou le b\u00e9ton, \u00e0 condition de prendre les pr\u00e9cautions appropri\u00e9es.<\/li>\n<li><strong>Ingr\u00e9dients naturels<\/strong>: L&rsquo;utilisation d&rsquo;acides naturels rend la formulation respectueuse de l&rsquo;environnement et efficace contre les contaminants difficiles.<\/li>\n<\/ul>\n<p><strong>Mode d&#8217;emploi<\/strong><\/p>\n<ol>\n<li>Pulv\u00e9riser le produit sur les zones souill\u00e9es.<\/li>\n<li>Laisser agir quelques minutes pour permettre au produit de dissoudre les d\u00e9p\u00f4ts et la rouille.<\/li>\n<li>Essuyer d\u00e9licatement la surface avec une \u00e9ponge ou une brosse.<\/li>\n<li>Rincer abondamment \u00e0 l&rsquo;eau pour \u00e9liminer tout r\u00e9sidu de produit et de salet\u00e9.<\/li>\n<\/ol>\n<h3>\u00c9TAPE III &#8211; BRILLANCE ET PROTECTION<\/h3>\n<p>La troisi\u00e8me \u00e9tape du nettoyage des pierres tombales est un moment cl\u00e9 qui permet non seulement de donner un bel \u00e9clat aux surfaces, mais aussi de les prot\u00e9ger durablement. NANOCLEAN AC8 SHINE AND PROTECTION est une formulation innovante \u00e0 base de silicone qui scelle efficacement la surface des pierres tombales, cr\u00e9ant une barri\u00e8re contre l&rsquo;eau, la salet\u00e9, la corrosion et les conditions atmosph\u00e9riques nocives telles que le gel. <\/p>\n<p><strong>Pourquoi choisir NANOCLEAN AC8 ?<\/strong><\/p>\n<ul>\n<li>Brillance <strong>et protection<\/strong>: donne aux pierres tombales une belle apparence brillante tout en cr\u00e9ant une barri\u00e8re de protection contre la salet\u00e9, la poussi\u00e8re, les fientes d&rsquo;oiseaux et les d\u00e9p\u00f4ts de cire.<\/li>\n<li><strong>Formule silicone<\/strong>: Forme une couche protectrice qui emp\u00eache la p\u00e9n\u00e9tration de l&rsquo;humidit\u00e9 et prot\u00e8ge contre le gel, la corrosion et d&rsquo;autres facteurs d\u00e9favorables.<\/li>\n<li><strong>Protection durable<\/strong>: Gr\u00e2ce \u00e0 la couche protectrice durable, la pierre tombale reste prot\u00e9g\u00e9e plus longtemps, ce qui lui conf\u00e8re un aspect esth\u00e9tique agr\u00e9able pendant de nombreux mois.<\/li>\n<li><strong>Polyvalence<\/strong>: le produit peut \u00eatre utilis\u00e9 sur diff\u00e9rents types de pierre, tels que le granit, le marbre, le gr\u00e8s ou le b\u00e9ton.<\/li>\n<\/ul>\n<p><strong>Mode d&#8217;emploi<\/strong><\/p>\n<ol>\n<li>Assurez-vous que la surface de la pierre tombale est propre et s\u00e8che.<\/li>\n<li>Vaporiser uniform\u00e9ment le produit sur la pierre tombale.<\/li>\n<li>\u00c9tendre \u00e0 l&rsquo;aide d&rsquo;un chiffon doux ou d&rsquo;une \u00e9ponge, en frottant doucement pour permettre une absorption compl\u00e8te.<\/li>\n<li>Essuyer la surface pour obtenir un effet brillant.<\/li>\n<li>Pour une protection suppl\u00e9mentaire contre la corrosion, il suffit d&rsquo;appliquer une couche suppl\u00e9mentaire du produit, cr\u00e9ant ainsi une barri\u00e8re protectrice.<\/li>\n<\/ol>\n","protected":false},"excerpt":{"rendered":"<p><strong>3 pr\u00e9parations professionnelles pour l&rsquo;entretien complet des pierres tombales (nettoyage et maintenance) + 2 chiffons en microfibre + gants en nitrile<br \/>\n<\/strong><\/p>\n<ol>\n<li><strong>Nanoclean AC8 Nettoyage de pierres tombales<\/strong><\/li>\n<li><strong>Nanoclean AC8 Rouille et d\u00e9p\u00f4ts<br \/>\n<\/strong><\/li>\n<li><strong>Nanoclean AC8 Polissage et protection<br \/>\n<\/strong><\/li>\n<li><strong>2x chiffon en microfibre 40x40mm<\/strong><\/li>\n<li><strong>1x gants en nitrile<\/strong><\/li>\n<\/ol>\n","protected":false},"featured_media":3637,"template":"","meta":{"_kad_blocks_custom_css":"","_kad_blocks_head_custom_js":"","_kad_blocks_body_custom_js":"","_kad_blocks_footer_custom_js":"","_kad_post_transparent":"","_kad_post_title":"","_kad_post_layout":"","_kad_post_sidebar_id":"","_kad_post_content_style":"","_kad_post_vertical_padding":"","_kad_post_feature":"","_kad_post_feature_position":"","_kad_post_header":false,"_kad_post_footer":false,"_kad_post_classname":""},"product_brand":[],"product_cat":[96],"product_tag":[],"class_list":{"0":"post-7771","1":"product","2":"type-product","3":"status-publish","4":"has-post-thumbnail","6":"product_cat-home-fr","8":"first","9":"instock","10":"taxable","11":"shipping-taxable","12":"purchasable","13":"product-type-simple","14":"entry","15":"content-bg","16":"loop-entry"},"yoast_head":"<!-- This site is optimized with the Yoast SEO plugin v27.4 - https:\/\/yoast.com\/product\/yoast-seo-wordpress\/ -->\n<title>Kit Nanoclean AC8 pour le nettoyage et l&#039;entretien des pierres tombales - NANOCLEAN<\/title>\n<meta name=\"robots\" content=\"index, follow, max-snippet:-1, max-image-preview:large, max-video-preview:-1\" \/>\n<link rel=\"canonical\" href=\"https:\/\/nanoclean24.com\/fr\/produit\/kit-nanoclean-ac8-pour-le-nettoyage-et-lentretien-des-pierres-tombales\/\" \/>\n<meta property=\"og:locale\" content=\"fr_FR\" \/>\n<meta property=\"og:type\" content=\"article\" \/>\n<meta property=\"og:title\" content=\"Kit Nanoclean AC8 pour le nettoyage et l&#039;entretien des pierres tombales - NANOCLEAN\" \/>\n<meta property=\"og:description\" content=\"3 pr\u00e9parations professionnelles pour l&#039;entretien complet des pierres tombales (nettoyage et maintenance) + 2 chiffons en microfibre + gants en nitrile   Nanoclean AC8 Nettoyage de pierres tombales  Nanoclean AC8 Rouille et d\u00e9p\u00f4ts  Nanoclean AC8 Polissage et protection  2x chiffon en microfibre 40x40mm  1x gants en nitrile\" \/>\n<meta property=\"og:url\" content=\"https:\/\/nanoclean24.com\/fr\/produit\/kit-nanoclean-ac8-pour-le-nettoyage-et-lentretien-des-pierres-tombales\/\" \/>\n<meta property=\"og:site_name\" content=\"NANOCLEAN\" \/>\n<meta property=\"article:modified_time\" content=\"2025-10-14T07:52:11+00:00\" \/>\n<meta property=\"og:image\" content=\"https:\/\/nanoclean24.com\/wp-content\/uploads\/2025\/07\/Zestaw-Nanoclean-AC8-do-czyszczenia-i-konserwacji-nagrobkow.webp\" \/>\n\t<meta property=\"og:image:width\" content=\"900\" \/>\n\t<meta property=\"og:image:height\" content=\"900\" \/>\n\t<meta property=\"og:image:type\" content=\"image\/webp\" \/>\n<meta name=\"twitter:card\" content=\"summary_large_image\" \/>\n<meta name=\"twitter:label1\" content=\"Dur\u00e9e de lecture estim\u00e9e\" \/>\n\t<meta name=\"twitter:data1\" content=\"5 minutes\" \/>\n<script type=\"application\/ld+json\" class=\"yoast-schema-graph\">{\"@context\":\"https:\\\/\\\/schema.org\",\"@graph\":[{\"@type\":\"WebPage\",\"@id\":\"https:\\\/\\\/nanoclean24.com\\\/fr\\\/produit\\\/kit-nanoclean-ac8-pour-le-nettoyage-et-lentretien-des-pierres-tombales\\\/\",\"url\":\"https:\\\/\\\/nanoclean24.com\\\/fr\\\/produit\\\/kit-nanoclean-ac8-pour-le-nettoyage-et-lentretien-des-pierres-tombales\\\/\",\"name\":\"Kit Nanoclean AC8 pour le nettoyage et l'entretien des pierres tombales - NANOCLEAN\",\"isPartOf\":{\"@id\":\"https:\\\/\\\/nanoclean24.com\\\/fr\\\/#website\"},\"primaryImageOfPage\":{\"@id\":\"https:\\\/\\\/nanoclean24.com\\\/fr\\\/produit\\\/kit-nanoclean-ac8-pour-le-nettoyage-et-lentretien-des-pierres-tombales\\\/#primaryimage\"},\"image\":{\"@id\":\"https:\\\/\\\/nanoclean24.com\\\/fr\\\/produit\\\/kit-nanoclean-ac8-pour-le-nettoyage-et-lentretien-des-pierres-tombales\\\/#primaryimage\"},\"thumbnailUrl\":\"https:\\\/\\\/nanoclean24.com\\\/wp-content\\\/uploads\\\/2025\\\/07\\\/Zestaw-Nanoclean-AC8-do-czyszczenia-i-konserwacji-nagrobkow.webp\",\"datePublished\":\"2025-07-20T14:08:30+00:00\",\"dateModified\":\"2025-10-14T07:52:11+00:00\",\"breadcrumb\":{\"@id\":\"https:\\\/\\\/nanoclean24.com\\\/fr\\\/produit\\\/kit-nanoclean-ac8-pour-le-nettoyage-et-lentretien-des-pierres-tombales\\\/#breadcrumb\"},\"inLanguage\":\"fr-FR\",\"potentialAction\":[{\"@type\":\"ReadAction\",\"target\":[\"https:\\\/\\\/nanoclean24.com\\\/fr\\\/produit\\\/kit-nanoclean-ac8-pour-le-nettoyage-et-lentretien-des-pierres-tombales\\\/\"]}]},{\"@type\":\"ImageObject\",\"inLanguage\":\"fr-FR\",\"@id\":\"https:\\\/\\\/nanoclean24.com\\\/fr\\\/produit\\\/kit-nanoclean-ac8-pour-le-nettoyage-et-lentretien-des-pierres-tombales\\\/#primaryimage\",\"url\":\"https:\\\/\\\/nanoclean24.com\\\/wp-content\\\/uploads\\\/2025\\\/07\\\/Zestaw-Nanoclean-AC8-do-czyszczenia-i-konserwacji-nagrobkow.webp\",\"contentUrl\":\"https:\\\/\\\/nanoclean24.com\\\/wp-content\\\/uploads\\\/2025\\\/07\\\/Zestaw-Nanoclean-AC8-do-czyszczenia-i-konserwacji-nagrobkow.webp\",\"width\":900,\"height\":900},{\"@type\":\"BreadcrumbList\",\"@id\":\"https:\\\/\\\/nanoclean24.com\\\/fr\\\/produit\\\/kit-nanoclean-ac8-pour-le-nettoyage-et-lentretien-des-pierres-tombales\\\/#breadcrumb\",\"itemListElement\":[{\"@type\":\"ListItem\",\"position\":1,\"name\":\"Strona g\u0142\u00f3wna\",\"item\":\"https:\\\/\\\/nanoclean24.com\\\/fr\\\/\"},{\"@type\":\"ListItem\",\"position\":2,\"name\":\"Boutique\",\"item\":\"https:\\\/\\\/nanoclean24.com\\\/shop\\\/\"},{\"@type\":\"ListItem\",\"position\":3,\"name\":\"Kit Nanoclean AC8 pour le nettoyage et l&#8217;entretien des pierres tombales\"}]},{\"@type\":\"WebSite\",\"@id\":\"https:\\\/\\\/nanoclean24.com\\\/fr\\\/#website\",\"url\":\"https:\\\/\\\/nanoclean24.com\\\/fr\\\/\",\"name\":\"NanoClean\",\"description\":\"\",\"publisher\":{\"@id\":\"https:\\\/\\\/nanoclean24.com\\\/fr\\\/#organization\"},\"potentialAction\":[{\"@type\":\"SearchAction\",\"target\":{\"@type\":\"EntryPoint\",\"urlTemplate\":\"https:\\\/\\\/nanoclean24.com\\\/fr\\\/?s={search_term_string}\"},\"query-input\":{\"@type\":\"PropertyValueSpecification\",\"valueRequired\":true,\"valueName\":\"search_term_string\"}}],\"inLanguage\":\"fr-FR\"},{\"@type\":\"Organization\",\"@id\":\"https:\\\/\\\/nanoclean24.com\\\/fr\\\/#organization\",\"name\":\"NanoClean\",\"url\":\"https:\\\/\\\/nanoclean24.com\\\/fr\\\/\",\"logo\":{\"@type\":\"ImageObject\",\"inLanguage\":\"fr-FR\",\"@id\":\"https:\\\/\\\/nanoclean24.com\\\/fr\\\/#\\\/schema\\\/logo\\\/image\\\/\",\"url\":\"https:\\\/\\\/nanoclean24.com\\\/wp-content\\\/uploads\\\/2025\\\/07\\\/logo-2.jpg\",\"contentUrl\":\"https:\\\/\\\/nanoclean24.com\\\/wp-content\\\/uploads\\\/2025\\\/07\\\/logo-2.jpg\",\"width\":1068,\"height\":224,\"caption\":\"NanoClean\"},\"image\":{\"@id\":\"https:\\\/\\\/nanoclean24.com\\\/fr\\\/#\\\/schema\\\/logo\\\/image\\\/\"}}]}<\/script>\n<!-- \/ Yoast SEO plugin. -->","yoast_head_json":{"title":"Kit Nanoclean AC8 pour le nettoyage et l'entretien des pierres tombales - NANOCLEAN","robots":{"index":"index","follow":"follow","max-snippet":"max-snippet:-1","max-image-preview":"max-image-preview:large","max-video-preview":"max-video-preview:-1"},"canonical":"https:\/\/nanoclean24.com\/fr\/produit\/kit-nanoclean-ac8-pour-le-nettoyage-et-lentretien-des-pierres-tombales\/","og_locale":"fr_FR","og_type":"article","og_title":"Kit Nanoclean AC8 pour le nettoyage et l'entretien des pierres tombales - NANOCLEAN","og_description":"3 pr\u00e9parations professionnelles pour l'entretien complet des pierres tombales (nettoyage et maintenance) + 2 chiffons en microfibre + gants en nitrile   Nanoclean AC8 Nettoyage de pierres tombales  Nanoclean AC8 Rouille et d\u00e9p\u00f4ts  Nanoclean AC8 Polissage et protection  2x chiffon en microfibre 40x40mm  1x gants en nitrile","og_url":"https:\/\/nanoclean24.com\/fr\/produit\/kit-nanoclean-ac8-pour-le-nettoyage-et-lentretien-des-pierres-tombales\/","og_site_name":"NANOCLEAN","article_modified_time":"2025-10-14T07:52:11+00:00","og_image":[{"width":900,"height":900,"url":"https:\/\/nanoclean24.com\/wp-content\/uploads\/2025\/07\/Zestaw-Nanoclean-AC8-do-czyszczenia-i-konserwacji-nagrobkow.webp","type":"image\/webp"}],"twitter_card":"summary_large_image","twitter_misc":{"Dur\u00e9e de lecture estim\u00e9e":"5 minutes"},"schema":{"@context":"https:\/\/schema.org","@graph":[{"@type":"WebPage","@id":"https:\/\/nanoclean24.com\/fr\/produit\/kit-nanoclean-ac8-pour-le-nettoyage-et-lentretien-des-pierres-tombales\/","url":"https:\/\/nanoclean24.com\/fr\/produit\/kit-nanoclean-ac8-pour-le-nettoyage-et-lentretien-des-pierres-tombales\/","name":"Kit Nanoclean AC8 pour le nettoyage et l'entretien des pierres tombales - NANOCLEAN","isPartOf":{"@id":"https:\/\/nanoclean24.com\/fr\/#website"},"primaryImageOfPage":{"@id":"https:\/\/nanoclean24.com\/fr\/produit\/kit-nanoclean-ac8-pour-le-nettoyage-et-lentretien-des-pierres-tombales\/#primaryimage"},"image":{"@id":"https:\/\/nanoclean24.com\/fr\/produit\/kit-nanoclean-ac8-pour-le-nettoyage-et-lentretien-des-pierres-tombales\/#primaryimage"},"thumbnailUrl":"https:\/\/nanoclean24.com\/wp-content\/uploads\/2025\/07\/Zestaw-Nanoclean-AC8-do-czyszczenia-i-konserwacji-nagrobkow.webp","datePublished":"2025-07-20T14:08:30+00:00","dateModified":"2025-10-14T07:52:11+00:00","breadcrumb":{"@id":"https:\/\/nanoclean24.com\/fr\/produit\/kit-nanoclean-ac8-pour-le-nettoyage-et-lentretien-des-pierres-tombales\/#breadcrumb"},"inLanguage":"fr-FR","potentialAction":[{"@type":"ReadAction","target":["https:\/\/nanoclean24.com\/fr\/produit\/kit-nanoclean-ac8-pour-le-nettoyage-et-lentretien-des-pierres-tombales\/"]}]},{"@type":"ImageObject","inLanguage":"fr-FR","@id":"https:\/\/nanoclean24.com\/fr\/produit\/kit-nanoclean-ac8-pour-le-nettoyage-et-lentretien-des-pierres-tombales\/#primaryimage","url":"https:\/\/nanoclean24.com\/wp-content\/uploads\/2025\/07\/Zestaw-Nanoclean-AC8-do-czyszczenia-i-konserwacji-nagrobkow.webp","contentUrl":"https:\/\/nanoclean24.com\/wp-content\/uploads\/2025\/07\/Zestaw-Nanoclean-AC8-do-czyszczenia-i-konserwacji-nagrobkow.webp","width":900,"height":900},{"@type":"BreadcrumbList","@id":"https:\/\/nanoclean24.com\/fr\/produit\/kit-nanoclean-ac8-pour-le-nettoyage-et-lentretien-des-pierres-tombales\/#breadcrumb","itemListElement":[{"@type":"ListItem","position":1,"name":"Strona g\u0142\u00f3wna","item":"https:\/\/nanoclean24.com\/fr\/"},{"@type":"ListItem","position":2,"name":"Boutique","item":"https:\/\/nanoclean24.com\/shop\/"},{"@type":"ListItem","position":3,"name":"Kit Nanoclean AC8 pour le nettoyage et l&#8217;entretien des pierres tombales"}]},{"@type":"WebSite","@id":"https:\/\/nanoclean24.com\/fr\/#website","url":"https:\/\/nanoclean24.com\/fr\/","name":"NanoClean","description":"","publisher":{"@id":"https:\/\/nanoclean24.com\/fr\/#organization"},"potentialAction":[{"@type":"SearchAction","target":{"@type":"EntryPoint","urlTemplate":"https:\/\/nanoclean24.com\/fr\/?s={search_term_string}"},"query-input":{"@type":"PropertyValueSpecification","valueRequired":true,"valueName":"search_term_string"}}],"inLanguage":"fr-FR"},{"@type":"Organization","@id":"https:\/\/nanoclean24.com\/fr\/#organization","name":"NanoClean","url":"https:\/\/nanoclean24.com\/fr\/","logo":{"@type":"ImageObject","inLanguage":"fr-FR","@id":"https:\/\/nanoclean24.com\/fr\/#\/schema\/logo\/image\/","url":"https:\/\/nanoclean24.com\/wp-content\/uploads\/2025\/07\/logo-2.jpg","contentUrl":"https:\/\/nanoclean24.com\/wp-content\/uploads\/2025\/07\/logo-2.jpg","width":1068,"height":224,"caption":"NanoClean"},"image":{"@id":"https:\/\/nanoclean24.com\/fr\/#\/schema\/logo\/image\/"}}]}},"taxonomy_info":{"product_cat":[{"value":96,"label":"AC8 HOME"}]},"featured_image_src_large":["https:\/\/nanoclean24.com\/wp-content\/uploads\/2025\/07\/Zestaw-Nanoclean-AC8-do-czyszczenia-i-konserwacji-nagrobkow.webp",900,900,false],"author_info":[],"comment_info":"","_links":{"self":[{"href":"https:\/\/nanoclean24.com\/fr\/wp-json\/wp\/v2\/product\/7771","targetHints":{"allow":["GET"]}}],"collection":[{"href":"https:\/\/nanoclean24.com\/fr\/wp-json\/wp\/v2\/product"}],"about":[{"href":"https:\/\/nanoclean24.com\/fr\/wp-json\/wp\/v2\/types\/product"}],"wp:featuredmedia":[{"embeddable":true,"href":"https:\/\/nanoclean24.com\/fr\/wp-json\/wp\/v2\/media\/3637"}],"wp:attachment":[{"href":"https:\/\/nanoclean24.com\/fr\/wp-json\/wp\/v2\/media?parent=7771"}],"wp:term":[{"taxonomy":"product_brand","embeddable":true,"href":"https:\/\/nanoclean24.com\/fr\/wp-json\/wp\/v2\/product_brand?post=7771"},{"taxonomy":"product_cat","embeddable":true,"href":"https:\/\/nanoclean24.com\/fr\/wp-json\/wp\/v2\/product_cat?post=7771"},{"taxonomy":"product_tag","embeddable":true,"href":"https:\/\/nanoclean24.com\/fr\/wp-json\/wp\/v2\/product_tag?post=7771"}],"curies":[{"name":"wp","href":"https:\/\/api.w.org\/{rel}","templated":true}]}}