{"id":7766,"date":"2025-07-20T16:02:50","date_gmt":"2025-07-20T14:02:50","guid":{"rendered":"https:\/\/nanoclean24.com\/produkt\/kit-nanoclean-pour-les-revetements-les-surfaces-et-le-refrigerateur\/"},"modified":"2025-10-24T15:40:01","modified_gmt":"2025-10-24T13:40:01","slug":"kit-nanoclean-pour-les-revetements-les-surfaces-et-le-refrigerateur","status":"publish","type":"product","link":"https:\/\/nanoclean24.com\/fr\/produit\/kit-nanoclean-pour-les-revetements-les-surfaces-et-le-refrigerateur\/","title":{"rendered":"Kit Nanoclean AC8 pour le nettoyage des tissus d&rsquo;ameublement + surfaces + r\u00e9frig\u00e9rateur"},"content":{"rendered":"<h3 style=\"text-align: center\"><strong>Nanoclean AC8 for surfaces &#8211; Une r\u00e9volution dans la propret\u00e9 et l&rsquo;hygi\u00e8ne \u00e0 la maison<\/strong><\/h3>\n<section id=\"section_2112691807\" class=\"section\">\n<div class=\"section-content relative\">\n<div id=\"row-13664662\" class=\"row\">\n<div id=\"col-1109268435\" class=\"col small-12 large-12\">\n<div class=\"col-inner\">\n<h3><strong>Mode d&#8217;emploi<\/strong><\/h3>\n<ol>\n<li>Remarque : il convient de toujours suivre les instructions du fabricant de l&rsquo;\u00e9quipement.<\/li>\n<li>Vider les surfaces des objets susceptibles de g\u00eaner le nettoyage.<\/li>\n<li>Vaporiser NANOCLEAN AC8 POUR LE NETTOYAGE ET LA D\u00c9SINFECTION DES SURFACES DANS LA MAISON sur toutes les surfaces, y compris les comptoirs, les sols, les carrelages, les meubles et autres, et attendre 5 \u00e0 15 minutes pour d\u00e9contaminer toutes les surfaces.<\/li>\n<li>Si n\u00e9cessaire, essuyer les surfaces avec un chiffon propre et humide pour \u00e9liminer tout r\u00e9sidu de produit.<\/li>\n<li>Laisser les surfaces s\u00e9cher compl\u00e8tement avant de les r\u00e9utiliser.<\/li>\n<\/ol>\n<h3><strong>Propri\u00e9t\u00e9s uniques<\/strong><\/h3>\n<ul>\n<li>Formule innovante sans chlore, sans alcool, sans acide, sans ald\u00e9hydes : travaillez sans \u00e9manations nocives, sans danger pour la sant\u00e9.<\/li>\n<li>Parfum floral d\u00e9licat : Choisissez une version \u00e0 l&rsquo;ar\u00f4me floral subtil pour un rafra\u00eechissement suppl\u00e9mentaire.<\/li>\n<li>\u00c9limination des moisissures et des bact\u00e9ries : Full Biocidal Spectrum est la seule solution sur le march\u00e9 qui \u00e9limine efficacement les bact\u00e9ries, les virus, les champignons, les moisissures, les spores et les mycobact\u00e9ries, garantissant ainsi le plus haut niveau d&rsquo;hygi\u00e8ne.<\/li>\n<li>Sans danger pour les surfaces domestiques : Formul\u00e9 pour traiter les articles m\u00e9nagers d\u00e9licats sans risquer de les endommager.<\/li>\n<\/ul>\n<div id=\"image_630076120\" class=\"img has-hover x md-x lg-x y md-y lg-y\">\n<div class=\"img-inner dark\"><img fetchpriority=\"high\" decoding=\"async\" class=\"attachment-large size-large lazy-load-active\" src=\"https:\/\/ac8.pl\/wp-content\/uploads\/2024\/06\/powierzchnie-1024x512.png\" alt=\"\" width=\"1020\" height=\"510\" data-src=\"https:\/\/ac8.pl\/wp-content\/uploads\/2024\/06\/powierzchnie-1024x512.png\" data-srcset=\"https:\/\/ac8.pl\/wp-content\/uploads\/2024\/06\/powierzchnie-1024x512.png 1024w, https:\/\/ac8.pl\/wp-content\/uploads\/2024\/06\/powierzchnie-300x150.png 300w, https:\/\/ac8.pl\/wp-content\/uploads\/2024\/06\/powierzchnie-768x384.png 768w, https:\/\/ac8.pl\/wp-content\/uploads\/2024\/06\/powierzchnie-1320x660.png 1320w, https:\/\/ac8.pl\/wp-content\/uploads\/2024\/06\/powierzchnie-510x255.png 510w, https:\/\/ac8.pl\/wp-content\/uploads\/2024\/06\/powierzchnie.png 1382w\"><\/div>\n<\/div>\n<\/div>\n<\/div>\n<\/div>\n<\/div>\n<\/section>\n<section id=\"section_1859768302\" class=\"section\">\n<div class=\"section-bg fill\"><\/div>\n<div class=\"section-content relative\">\n<div id=\"row-275136352\" class=\"row\">\n<div id=\"col-2031901163\" class=\"col small-12 large-12\">\n<div class=\"col-inner\">\n<p>Remarque : NANOCLEAN AC8 est \u00e9galement efficace en cas d&rsquo;urgence. Il \u00e9limine imm\u00e9diatement les mauvaises odeurs, nettoie et d\u00e9sinfecte les surfaces contamin\u00e9es par des moisissures ou d&rsquo;autres salissures organiques. <\/p>\n<p>Les produits biocides doivent \u00eatre utilis\u00e9s avec pr\u00e9caution. Lisez l&rsquo;\u00e9tiquette et les informations sur le produit avant chaque utilisation. <\/p>\n<h3><strong>Agr\u00e9ments<\/strong><\/h3>\n<ul>\n<li>Autorisation de mise sur le march\u00e9 de produits biocides : N\u00b0 7406\/18.<\/li>\n<li>Agr\u00e9ment PZH : n\u00b0 B.BK.60112.0333.2023.<\/li>\n<li>NON-INFLAMMABLE : formule \u00e0 base d&rsquo;eau, sans alcool, ininflammable, sans acides, sans ph\u00e9nols, sans solvants organiques.<\/li>\n<\/ul>\n<h3 style=\"text-align: center\"><strong>Nanoclean AC8 pour les tissus d&rsquo;ameublement &#8211; Une r\u00e9volution dans la propret\u00e9 et l&rsquo;hygi\u00e8ne<\/strong><\/h3>\n<section id=\"section_1633577757\" class=\"section\">\n<div class=\"section-content relative\">\n<div id=\"row-1495184471\" class=\"row\">\n<div id=\"col-939392825\" class=\"col small-12 large-12\">\n<div class=\"col-inner\">\n<h3><strong>Mode d&#8217;emploi<\/strong><\/h3>\n<ol>\n<li>Remarque : il convient de toujours suivre les instructions du fabricant de meubles et de tissus d&rsquo;ameublement.<\/li>\n<li>Passez l&rsquo;aspirateur sur les tissus d&rsquo;ameublement et les surfaces des meubles pour enlever la poussi\u00e8re et les d\u00e9bris.<\/li>\n<li>Vaporiser NANOCLEAN AC8 Upholstery &amp; FURNITURE CLEANER &amp; DISINFECTOR sur toutes les surfaces des meubles et des tissus d&rsquo;ameublement, y compris les zones difficiles d&rsquo;acc\u00e8s, et attendre 5 \u00e0 15 minutes pour d\u00e9contaminer toutes les surfaces.<\/li>\n<li>Si n\u00e9cessaire, essuyer les tissus d&rsquo;ameublement et les surfaces des meubles avec un chiffon propre et humide pour \u00e9liminer les r\u00e9sidus de produit.<\/li>\n<li>Laisser les tissus d&rsquo;ameublement et les meubles s\u00e9cher compl\u00e8tement avant de les r\u00e9utiliser.<\/li>\n<\/ol>\n<div id=\"image_1306314471\" class=\"img has-hover x md-x lg-x y md-y lg-y\">\n<div class=\"img-inner dark\"><img decoding=\"async\" class=\"attachment-large size-large lazy-load-active\" src=\"https:\/\/ac8.pl\/wp-content\/uploads\/2024\/06\/tapicerka-1024x512.png\" alt=\"\" width=\"1020\" height=\"510\" data-src=\"https:\/\/ac8.pl\/wp-content\/uploads\/2024\/06\/tapicerka-1024x512.png\" data-srcset=\"https:\/\/ac8.pl\/wp-content\/uploads\/2024\/06\/tapicerka-1024x512.png 1024w, https:\/\/ac8.pl\/wp-content\/uploads\/2024\/06\/tapicerka-300x150.png 300w, https:\/\/ac8.pl\/wp-content\/uploads\/2024\/06\/tapicerka-768x384.png 768w, https:\/\/ac8.pl\/wp-content\/uploads\/2024\/06\/tapicerka-1320x660.png 1320w, https:\/\/ac8.pl\/wp-content\/uploads\/2024\/06\/tapicerka-510x255.png 510w, https:\/\/ac8.pl\/wp-content\/uploads\/2024\/06\/tapicerka.png 1382w\"><\/div>\n<\/div>\n<\/div>\n<\/div>\n<\/div>\n<\/div>\n<\/section>\n<section id=\"section_1303703565\" class=\"section\">\n<div class=\"section-bg fill\"><\/div>\n<div class=\"section-content relative\">\n<div id=\"row-2091644936\" class=\"row\">\n<div id=\"col-1442593137\" class=\"col small-12 large-12\">\n<div class=\"col-inner\">\n<p>Remarque : NANOCLEAN AC8 est \u00e9galement efficace dans les cas d&rsquo;urgence. Il \u00e9limine imm\u00e9diatement les mauvaises odeurs, nettoie et d\u00e9sinfecte les tissus d&rsquo;ameublement ou les meubles contamin\u00e9s par des accidents domestiques ou des inondations. <\/p>\n<p>Les produits biocides doivent \u00eatre utilis\u00e9s avec pr\u00e9caution. Lisez l&rsquo;\u00e9tiquette et les informations sur le produit avant chaque utilisation. <\/p>\n<h3><strong>Agr\u00e9ments<\/strong><\/h3>\n<ul>\n<li>Autorisation de mise sur le march\u00e9 de produits biocides : N\u00b0 7406\/18.<\/li>\n<li>Agr\u00e9ment PZH : n\u00b0 B.BK.60112.0333.2023.<\/li>\n<li>NON-INFLAMMABLE : formule \u00e0 base d&rsquo;eau, sans alcool, ininflammable, sans acides, sans ph\u00e9nols, sans solvants organiques.<\/li>\n<\/ul>\n<h3 style=\"text-align: center\"><strong>Nanoclean AC8 pour r\u00e9frig\u00e9rateurs &#8211; Une r\u00e9volution dans la propret\u00e9 et l&rsquo;hygi\u00e8ne<\/strong><\/h3>\n<section id=\"section_1077156926\" class=\"section\">\n<div class=\"section-content relative\">\n<div id=\"row-115746103\" class=\"row\">\n<div id=\"col-1656407761\" class=\"col small-12 large-12\">\n<div class=\"col-inner\">\n<h3><strong>Mode d&#8217;emploi<\/strong><\/h3>\n<p>Remarque : il convient de toujours suivre les instructions du fabricant du r\u00e9frig\u00e9rateur.<br \/>\n2) Vider le r\u00e9frig\u00e9rateur en enlevant toutes les denr\u00e9es alimentaires.<br \/>\n3) Vaporiser toutes les surfaces \u00e0 l&rsquo;int\u00e9rieur du r\u00e9frig\u00e9rateur avec NANOCLEAN AIR FOR fridge.<br \/>\n4. attendre 5 \u00e0 15 minutes, pour la d\u00e9senfumage et la d\u00e9sinfection.<br \/>\n5. essuyer les surfaces pulv\u00e9ris\u00e9es avec une \u00e9ponge propre ou un chiffon en microfibres, puis rincer \u00e0 l&rsquo;eau et essuyer toutes les surfaces entrant en contact avec les aliments.<br \/>\n6) Si n\u00e9cessaire, rincer les \u00e9tag\u00e8res et les autres parties amovibles \u00e0 l&rsquo;eau courante et les essuyer.<br \/>\n7) Remonter tous les \u00e9l\u00e9ments du r\u00e9frig\u00e9rateur et y placer les aliments.<\/p>\n<div id=\"image_190845953\" class=\"img has-hover x md-x lg-x y md-y lg-y\">\n<div class=\"img-inner dark\"><img decoding=\"async\" class=\"attachment-large size-large lazy-load-active\" src=\"https:\/\/ac8.pl\/wp-content\/uploads\/2024\/05\/lodowka-1024x512.png\" alt=\"\" width=\"1020\" height=\"510\" data-src=\"https:\/\/ac8.pl\/wp-content\/uploads\/2024\/05\/lodowka-1024x512.png\" data-srcset=\"https:\/\/ac8.pl\/wp-content\/uploads\/2024\/05\/lodowka-1024x512.png 1024w, https:\/\/ac8.pl\/wp-content\/uploads\/2024\/05\/lodowka-510x255.png 510w, https:\/\/ac8.pl\/wp-content\/uploads\/2024\/05\/lodowka-300x150.png 300w, https:\/\/ac8.pl\/wp-content\/uploads\/2024\/05\/lodowka-768x384.png 768w, https:\/\/ac8.pl\/wp-content\/uploads\/2024\/05\/lodowka-1536x768.png 1536w, https:\/\/ac8.pl\/wp-content\/uploads\/2024\/05\/lodowka-2048x1024.png 2048w, https:\/\/ac8.pl\/wp-content\/uploads\/2024\/05\/lodowka-1320x660.png 1320w\"><\/div>\n<\/div>\n<\/div>\n<\/div>\n<\/div>\n<\/div>\n<\/section>\n<section id=\"section_1270220047\" class=\"section\">\n<div class=\"section-bg fill\"><\/div>\n<div class=\"section-content relative\">\n<div id=\"row-871789087\" class=\"row\">\n<div id=\"col-703272373\" class=\"col small-12 large-12\">\n<div class=\"col-inner\">\n<p>Nanoclean AC8 est une solution indispensable pour maintenir les r\u00e9frig\u00e9rateurs propres et hygi\u00e9niques. L&rsquo;utilisation r\u00e9guli\u00e8re de ce produit garantit la fra\u00eecheur, l&rsquo;hygi\u00e8ne et la s\u00e9curit\u00e9 des conditions de conservation des aliments dans votre r\u00e9frig\u00e9rateur, ce qui se traduit par une meilleure qualit\u00e9 et une plus longue dur\u00e9e de conservation des produits alimentaires. <\/p>\n<p>Les produits biocides doivent \u00eatre utilis\u00e9s avec pr\u00e9caution. Lisez l&rsquo;\u00e9tiquette et les informations sur le produit avant chaque utilisation. <\/p>\n<\/div>\n<\/div>\n<\/div>\n<\/div>\n<\/section>\n<\/div>\n<\/div>\n<\/div>\n<\/div>\n<\/section>\n<\/div>\n<\/div>\n<\/div>\n<\/div>\n<\/section>\n","protected":false},"excerpt":{"rendered":"<p><strong>Kit Nanoclean pr\u00eat \u00e0 l&#8217;emploi compos\u00e9 de<\/strong><\/p>\n<ul>\n<li>Nettoyant et d\u00e9sinfectant pour tissus d&rsquo;ameublement NANOCLEAN\u00ae AC8<\/li>\n<li>Liquide de nettoyage et de d\u00e9sinfection des surfaces NANOCLEAN\u00ae AC8 HOME CHILDREN<\/li>\n<li>Liquide de nettoyage et de d\u00e9sinfection pour r\u00e9frig\u00e9rateur NANOCLEAN\u00ae AC8 Home<\/li>\n<\/ul>\n","protected":false},"featured_media":10398,"template":"","meta":{"_kad_blocks_custom_css":"","_kad_blocks_head_custom_js":"","_kad_blocks_body_custom_js":"","_kad_blocks_footer_custom_js":"","_kad_post_transparent":"","_kad_post_title":"","_kad_post_layout":"","_kad_post_sidebar_id":"","_kad_post_content_style":"","_kad_post_vertical_padding":"","_kad_post_feature":"","_kad_post_feature_position":"","_kad_post_header":false,"_kad_post_footer":false,"_kad_post_classname":""},"product_brand":[],"product_cat":[96],"product_tag":[],"class_list":{"0":"post-7766","1":"product","2":"type-product","3":"status-publish","4":"has-post-thumbnail","6":"product_cat-home-fr","8":"first","9":"instock","10":"taxable","11":"shipping-taxable","12":"purchasable","13":"product-type-simple","14":"entry","15":"content-bg","16":"loop-entry"},"yoast_head":"<!-- This site is optimized with the Yoast SEO plugin v27.4 - https:\/\/yoast.com\/product\/yoast-seo-wordpress\/ -->\n<title>Kit Nanoclean AC8 pour le nettoyage des tissus d&#039;ameublement + surfaces + r\u00e9frig\u00e9rateur - NANOCLEAN<\/title>\n<meta name=\"robots\" content=\"index, follow, max-snippet:-1, max-image-preview:large, max-video-preview:-1\" \/>\n<link rel=\"canonical\" href=\"https:\/\/nanoclean24.com\/fr\/produit\/kit-nanoclean-pour-les-revetements-les-surfaces-et-le-refrigerateur\/\" \/>\n<meta property=\"og:locale\" content=\"fr_FR\" \/>\n<meta property=\"og:type\" content=\"article\" \/>\n<meta property=\"og:title\" content=\"Kit Nanoclean AC8 pour le nettoyage des tissus d&#039;ameublement + surfaces + r\u00e9frig\u00e9rateur - NANOCLEAN\" \/>\n<meta property=\"og:description\" content=\"Kit Nanoclean pr\u00eat \u00e0 l&#039;emploi compos\u00e9 de  Nettoyant et d\u00e9sinfectant pour tissus d&#039;ameublement NANOCLEAN\u00ae AC8  Liquide de nettoyage et de d\u00e9sinfection des surfaces NANOCLEAN\u00ae AC8 HOME CHILDREN  Liquide de nettoyage et de d\u00e9sinfection pour r\u00e9frig\u00e9rateur NANOCLEAN\u00ae AC8 Home\" \/>\n<meta property=\"og:url\" content=\"https:\/\/nanoclean24.com\/fr\/produit\/kit-nanoclean-pour-les-revetements-les-surfaces-et-le-refrigerateur\/\" \/>\n<meta property=\"og:site_name\" content=\"NANOCLEAN\" \/>\n<meta property=\"article:modified_time\" content=\"2025-10-24T13:40:01+00:00\" \/>\n<meta property=\"og:image\" content=\"https:\/\/nanoclean24.com\/wp-content\/uploads\/2025\/07\/Zestaw-ac8-TAPICERKA-LODOWKA-POWIERZCHNIA.jpg\" \/>\n\t<meta property=\"og:image:width\" content=\"1280\" \/>\n\t<meta property=\"og:image:height\" content=\"1280\" \/>\n\t<meta property=\"og:image:type\" content=\"image\/jpeg\" \/>\n<meta name=\"twitter:card\" content=\"summary_large_image\" \/>\n<meta name=\"twitter:label1\" content=\"Dur\u00e9e de lecture estim\u00e9e\" \/>\n\t<meta name=\"twitter:data1\" content=\"4 minutes\" \/>\n<script type=\"application\/ld+json\" class=\"yoast-schema-graph\">{\"@context\":\"https:\\\/\\\/schema.org\",\"@graph\":[{\"@type\":\"WebPage\",\"@id\":\"https:\\\/\\\/nanoclean24.com\\\/fr\\\/produit\\\/kit-nanoclean-pour-les-revetements-les-surfaces-et-le-refrigerateur\\\/\",\"url\":\"https:\\\/\\\/nanoclean24.com\\\/fr\\\/produit\\\/kit-nanoclean-pour-les-revetements-les-surfaces-et-le-refrigerateur\\\/\",\"name\":\"Kit Nanoclean AC8 pour le nettoyage des tissus d'ameublement + surfaces + r\u00e9frig\u00e9rateur - NANOCLEAN\",\"isPartOf\":{\"@id\":\"https:\\\/\\\/nanoclean24.com\\\/fr\\\/#website\"},\"primaryImageOfPage\":{\"@id\":\"https:\\\/\\\/nanoclean24.com\\\/fr\\\/produit\\\/kit-nanoclean-pour-les-revetements-les-surfaces-et-le-refrigerateur\\\/#primaryimage\"},\"image\":{\"@id\":\"https:\\\/\\\/nanoclean24.com\\\/fr\\\/produit\\\/kit-nanoclean-pour-les-revetements-les-surfaces-et-le-refrigerateur\\\/#primaryimage\"},\"thumbnailUrl\":\"https:\\\/\\\/nanoclean24.com\\\/wp-content\\\/uploads\\\/2025\\\/07\\\/Zestaw-ac8-TAPICERKA-LODOWKA-POWIERZCHNIA.jpg\",\"datePublished\":\"2025-07-20T14:02:50+00:00\",\"dateModified\":\"2025-10-24T13:40:01+00:00\",\"breadcrumb\":{\"@id\":\"https:\\\/\\\/nanoclean24.com\\\/fr\\\/produit\\\/kit-nanoclean-pour-les-revetements-les-surfaces-et-le-refrigerateur\\\/#breadcrumb\"},\"inLanguage\":\"fr-FR\",\"potentialAction\":[{\"@type\":\"ReadAction\",\"target\":[\"https:\\\/\\\/nanoclean24.com\\\/fr\\\/produit\\\/kit-nanoclean-pour-les-revetements-les-surfaces-et-le-refrigerateur\\\/\"]}]},{\"@type\":\"ImageObject\",\"inLanguage\":\"fr-FR\",\"@id\":\"https:\\\/\\\/nanoclean24.com\\\/fr\\\/produit\\\/kit-nanoclean-pour-les-revetements-les-surfaces-et-le-refrigerateur\\\/#primaryimage\",\"url\":\"https:\\\/\\\/nanoclean24.com\\\/wp-content\\\/uploads\\\/2025\\\/07\\\/Zestaw-ac8-TAPICERKA-LODOWKA-POWIERZCHNIA.jpg\",\"contentUrl\":\"https:\\\/\\\/nanoclean24.com\\\/wp-content\\\/uploads\\\/2025\\\/07\\\/Zestaw-ac8-TAPICERKA-LODOWKA-POWIERZCHNIA.jpg\",\"width\":1280,\"height\":1280},{\"@type\":\"BreadcrumbList\",\"@id\":\"https:\\\/\\\/nanoclean24.com\\\/fr\\\/produit\\\/kit-nanoclean-pour-les-revetements-les-surfaces-et-le-refrigerateur\\\/#breadcrumb\",\"itemListElement\":[{\"@type\":\"ListItem\",\"position\":1,\"name\":\"Strona g\u0142\u00f3wna\",\"item\":\"https:\\\/\\\/nanoclean24.com\\\/fr\\\/\"},{\"@type\":\"ListItem\",\"position\":2,\"name\":\"Boutique\",\"item\":\"https:\\\/\\\/nanoclean24.com\\\/shop\\\/\"},{\"@type\":\"ListItem\",\"position\":3,\"name\":\"Kit Nanoclean AC8 pour le nettoyage des tissus d&#8217;ameublement + surfaces + r\u00e9frig\u00e9rateur\"}]},{\"@type\":\"WebSite\",\"@id\":\"https:\\\/\\\/nanoclean24.com\\\/fr\\\/#website\",\"url\":\"https:\\\/\\\/nanoclean24.com\\\/fr\\\/\",\"name\":\"NanoClean\",\"description\":\"\",\"publisher\":{\"@id\":\"https:\\\/\\\/nanoclean24.com\\\/fr\\\/#organization\"},\"potentialAction\":[{\"@type\":\"SearchAction\",\"target\":{\"@type\":\"EntryPoint\",\"urlTemplate\":\"https:\\\/\\\/nanoclean24.com\\\/fr\\\/?s={search_term_string}\"},\"query-input\":{\"@type\":\"PropertyValueSpecification\",\"valueRequired\":true,\"valueName\":\"search_term_string\"}}],\"inLanguage\":\"fr-FR\"},{\"@type\":\"Organization\",\"@id\":\"https:\\\/\\\/nanoclean24.com\\\/fr\\\/#organization\",\"name\":\"NanoClean\",\"url\":\"https:\\\/\\\/nanoclean24.com\\\/fr\\\/\",\"logo\":{\"@type\":\"ImageObject\",\"inLanguage\":\"fr-FR\",\"@id\":\"https:\\\/\\\/nanoclean24.com\\\/fr\\\/#\\\/schema\\\/logo\\\/image\\\/\",\"url\":\"https:\\\/\\\/nanoclean24.com\\\/wp-content\\\/uploads\\\/2025\\\/07\\\/logo-2.jpg\",\"contentUrl\":\"https:\\\/\\\/nanoclean24.com\\\/wp-content\\\/uploads\\\/2025\\\/07\\\/logo-2.jpg\",\"width\":1068,\"height\":224,\"caption\":\"NanoClean\"},\"image\":{\"@id\":\"https:\\\/\\\/nanoclean24.com\\\/fr\\\/#\\\/schema\\\/logo\\\/image\\\/\"}}]}<\/script>\n<!-- \/ Yoast SEO plugin. -->","yoast_head_json":{"title":"Kit Nanoclean AC8 pour le nettoyage des tissus d'ameublement + surfaces + r\u00e9frig\u00e9rateur - NANOCLEAN","robots":{"index":"index","follow":"follow","max-snippet":"max-snippet:-1","max-image-preview":"max-image-preview:large","max-video-preview":"max-video-preview:-1"},"canonical":"https:\/\/nanoclean24.com\/fr\/produit\/kit-nanoclean-pour-les-revetements-les-surfaces-et-le-refrigerateur\/","og_locale":"fr_FR","og_type":"article","og_title":"Kit Nanoclean AC8 pour le nettoyage des tissus d'ameublement + surfaces + r\u00e9frig\u00e9rateur - NANOCLEAN","og_description":"Kit Nanoclean pr\u00eat \u00e0 l'emploi compos\u00e9 de  Nettoyant et d\u00e9sinfectant pour tissus d'ameublement NANOCLEAN\u00ae AC8  Liquide de nettoyage et de d\u00e9sinfection des surfaces NANOCLEAN\u00ae AC8 HOME CHILDREN  Liquide de nettoyage et de d\u00e9sinfection pour r\u00e9frig\u00e9rateur NANOCLEAN\u00ae AC8 Home","og_url":"https:\/\/nanoclean24.com\/fr\/produit\/kit-nanoclean-pour-les-revetements-les-surfaces-et-le-refrigerateur\/","og_site_name":"NANOCLEAN","article_modified_time":"2025-10-24T13:40:01+00:00","og_image":[{"width":1280,"height":1280,"url":"https:\/\/nanoclean24.com\/wp-content\/uploads\/2025\/07\/Zestaw-ac8-TAPICERKA-LODOWKA-POWIERZCHNIA.jpg","type":"image\/jpeg"}],"twitter_card":"summary_large_image","twitter_misc":{"Dur\u00e9e de lecture estim\u00e9e":"4 minutes"},"schema":{"@context":"https:\/\/schema.org","@graph":[{"@type":"WebPage","@id":"https:\/\/nanoclean24.com\/fr\/produit\/kit-nanoclean-pour-les-revetements-les-surfaces-et-le-refrigerateur\/","url":"https:\/\/nanoclean24.com\/fr\/produit\/kit-nanoclean-pour-les-revetements-les-surfaces-et-le-refrigerateur\/","name":"Kit Nanoclean AC8 pour le nettoyage des tissus d'ameublement + surfaces + r\u00e9frig\u00e9rateur - NANOCLEAN","isPartOf":{"@id":"https:\/\/nanoclean24.com\/fr\/#website"},"primaryImageOfPage":{"@id":"https:\/\/nanoclean24.com\/fr\/produit\/kit-nanoclean-pour-les-revetements-les-surfaces-et-le-refrigerateur\/#primaryimage"},"image":{"@id":"https:\/\/nanoclean24.com\/fr\/produit\/kit-nanoclean-pour-les-revetements-les-surfaces-et-le-refrigerateur\/#primaryimage"},"thumbnailUrl":"https:\/\/nanoclean24.com\/wp-content\/uploads\/2025\/07\/Zestaw-ac8-TAPICERKA-LODOWKA-POWIERZCHNIA.jpg","datePublished":"2025-07-20T14:02:50+00:00","dateModified":"2025-10-24T13:40:01+00:00","breadcrumb":{"@id":"https:\/\/nanoclean24.com\/fr\/produit\/kit-nanoclean-pour-les-revetements-les-surfaces-et-le-refrigerateur\/#breadcrumb"},"inLanguage":"fr-FR","potentialAction":[{"@type":"ReadAction","target":["https:\/\/nanoclean24.com\/fr\/produit\/kit-nanoclean-pour-les-revetements-les-surfaces-et-le-refrigerateur\/"]}]},{"@type":"ImageObject","inLanguage":"fr-FR","@id":"https:\/\/nanoclean24.com\/fr\/produit\/kit-nanoclean-pour-les-revetements-les-surfaces-et-le-refrigerateur\/#primaryimage","url":"https:\/\/nanoclean24.com\/wp-content\/uploads\/2025\/07\/Zestaw-ac8-TAPICERKA-LODOWKA-POWIERZCHNIA.jpg","contentUrl":"https:\/\/nanoclean24.com\/wp-content\/uploads\/2025\/07\/Zestaw-ac8-TAPICERKA-LODOWKA-POWIERZCHNIA.jpg","width":1280,"height":1280},{"@type":"BreadcrumbList","@id":"https:\/\/nanoclean24.com\/fr\/produit\/kit-nanoclean-pour-les-revetements-les-surfaces-et-le-refrigerateur\/#breadcrumb","itemListElement":[{"@type":"ListItem","position":1,"name":"Strona g\u0142\u00f3wna","item":"https:\/\/nanoclean24.com\/fr\/"},{"@type":"ListItem","position":2,"name":"Boutique","item":"https:\/\/nanoclean24.com\/shop\/"},{"@type":"ListItem","position":3,"name":"Kit Nanoclean AC8 pour le nettoyage des tissus d&#8217;ameublement + surfaces + r\u00e9frig\u00e9rateur"}]},{"@type":"WebSite","@id":"https:\/\/nanoclean24.com\/fr\/#website","url":"https:\/\/nanoclean24.com\/fr\/","name":"NanoClean","description":"","publisher":{"@id":"https:\/\/nanoclean24.com\/fr\/#organization"},"potentialAction":[{"@type":"SearchAction","target":{"@type":"EntryPoint","urlTemplate":"https:\/\/nanoclean24.com\/fr\/?s={search_term_string}"},"query-input":{"@type":"PropertyValueSpecification","valueRequired":true,"valueName":"search_term_string"}}],"inLanguage":"fr-FR"},{"@type":"Organization","@id":"https:\/\/nanoclean24.com\/fr\/#organization","name":"NanoClean","url":"https:\/\/nanoclean24.com\/fr\/","logo":{"@type":"ImageObject","inLanguage":"fr-FR","@id":"https:\/\/nanoclean24.com\/fr\/#\/schema\/logo\/image\/","url":"https:\/\/nanoclean24.com\/wp-content\/uploads\/2025\/07\/logo-2.jpg","contentUrl":"https:\/\/nanoclean24.com\/wp-content\/uploads\/2025\/07\/logo-2.jpg","width":1068,"height":224,"caption":"NanoClean"},"image":{"@id":"https:\/\/nanoclean24.com\/fr\/#\/schema\/logo\/image\/"}}]}},"taxonomy_info":{"product_cat":[{"value":96,"label":"AC8 HOME"}]},"featured_image_src_large":["https:\/\/nanoclean24.com\/wp-content\/uploads\/2025\/07\/Zestaw-ac8-TAPICERKA-LODOWKA-POWIERZCHNIA-1024x1024.jpg",1024,1024,true],"author_info":[],"comment_info":"","_links":{"self":[{"href":"https:\/\/nanoclean24.com\/fr\/wp-json\/wp\/v2\/product\/7766","targetHints":{"allow":["GET"]}}],"collection":[{"href":"https:\/\/nanoclean24.com\/fr\/wp-json\/wp\/v2\/product"}],"about":[{"href":"https:\/\/nanoclean24.com\/fr\/wp-json\/wp\/v2\/types\/product"}],"wp:featuredmedia":[{"embeddable":true,"href":"https:\/\/nanoclean24.com\/fr\/wp-json\/wp\/v2\/media\/10398"}],"wp:attachment":[{"href":"https:\/\/nanoclean24.com\/fr\/wp-json\/wp\/v2\/media?parent=7766"}],"wp:term":[{"taxonomy":"product_brand","embeddable":true,"href":"https:\/\/nanoclean24.com\/fr\/wp-json\/wp\/v2\/product_brand?post=7766"},{"taxonomy":"product_cat","embeddable":true,"href":"https:\/\/nanoclean24.com\/fr\/wp-json\/wp\/v2\/product_cat?post=7766"},{"taxonomy":"product_tag","embeddable":true,"href":"https:\/\/nanoclean24.com\/fr\/wp-json\/wp\/v2\/product_tag?post=7766"}],"curies":[{"name":"wp","href":"https:\/\/api.w.org\/{rel}","templated":true}]}}