{"id":4649,"date":"2025-07-20T19:18:45","date_gmt":"2025-07-20T17:18:45","guid":{"rendered":"https:\/\/kadence.nanoclean.dev\/produkt\/clean-160-mc-3260-20l\/"},"modified":"2025-10-23T11:59:02","modified_gmt":"2025-10-23T09:59:02","slug":"clean-160-mc-3260-20l","status":"publish","type":"product","link":"https:\/\/nanoclean24.com\/fr\/produit\/clean-160-mc-3260-20l\/","title":{"rendered":"CLEAN-160 (MC-3260) 20l"},"content":{"rendered":"<p>Nettoyant solvant de nouvelle g\u00e9n\u00e9ration s\u00fbr.<\/p>\n<p>Pour le nettoyage des pi\u00e8ces m\u00e9caniques, \u00e9lectriques et \u00e9lectroniques.<\/p>\n<p>Remplace l&rsquo;essence<\/p>\n<h3><b>Application<\/b><\/h3>\n<p>CLEAN-160 est recommand\u00e9 pour le nettoyage des pi\u00e8ces m\u00e9caniques et \u00e9lectriques :<\/p>\n<ul>\n<li>Dans les machines de lavage d&rsquo;atelier pour nettoyer les pi\u00e8ces d\u00e9tach\u00e9es, les moteurs \u00e9lectriques, les bobinages, les composants \u00e9lectroniques, les filtres, les \u00e9lectrofiltres, les condenseurs, les parties ext\u00e9rieures des climatiseurs, les pi\u00e8ces m\u00e9caniques des pompes, des moteurs, des transmissions, des outils, des r\u00e9servoirs d&rsquo;huile, des surfaces m\u00e9talliques, des sols industriels et d&rsquo;atelier, des machines et \u00e9quipements industriels.<\/li>\n<li>Nettoyage des pi\u00e8ces conserv\u00e9es, des \u00e9l\u00e9ments extrud\u00e9s et prot\u00e9g\u00e9s pour le transport, etc.<\/li>\n<li>Utilis\u00e9 dans toutes les industries : \u00e9nerg\u00e9tique, automobile, a\u00e9ronautique, spatiale, maritime, alimentaire et pharmaceutique.<\/li>\n<li>Solvant de nettoyage de base s\u00fbr avec un point d&rsquo;\u00e9clair \u00e9lev\u00e9, rempla\u00e7ant l&rsquo;essence et l&rsquo;ac\u00e9tone hautement inflammables.<\/li>\n<li>Pour le nettoyage manuel, par pulv\u00e9risation, par immersion, dans les machines de lavage \u00e9lectriques d&rsquo;atelier et dans les machines de nettoyage \u00e0 ultrasons.<\/li>\n<\/ul>\n","protected":false},"excerpt":{"rendered":"<p><strong><img decoding=\"async\" class=\"emoji\" role=\"img\" src=\"https:\/\/s.w.org\/images\/core\/emoji\/16.0.1\/svg\/2705.svg\" alt=\"\u2705\" \/> <\/strong>Id\u00e9al pour les machines de lavage d&rsquo;atelier avec brosse.<\/p>\n<p><strong><img decoding=\"async\" class=\"emoji\" role=\"img\" src=\"https:\/\/s.w.org\/images\/core\/emoji\/16.0.1\/svg\/2705.svg\" alt=\"\u2705\" \/> <\/strong>\u00c9limine efficacement les graisses, les huiles, le goudron et les bitumes, les empreintes digitales, la plupart des salissures industrielles.<\/p>\n<p><strong><img decoding=\"async\" class=\"emoji\" role=\"img\" src=\"https:\/\/s.w.org\/images\/core\/emoji\/16.0.1\/svg\/2705.svg\" alt=\"\u2705\" \/> <\/strong>Excellent produit de nettoyage &#8211; agit puissamment et rapidement.<\/p>\n<p><strong><img decoding=\"async\" class=\"emoji\" role=\"img\" src=\"https:\/\/s.w.org\/images\/core\/emoji\/16.0.1\/svg\/2705.svg\" alt=\"\u2705\" \/> <\/strong>Nettoie et d\u00e9graisse. Ne laisse pas de r\u00e9sidus.<\/p>\n<p><strong><img decoding=\"async\" class=\"emoji\" role=\"img\" src=\"https:\/\/s.w.org\/images\/core\/emoji\/16.0.1\/svg\/2705.svg\" alt=\"\u2705\" \/> <\/strong>S\u00fbr, r\u00e9pond \u00e0 tous les crit\u00e8res toxicologiques.<\/p>\n<p><strong><img decoding=\"async\" class=\"emoji\" role=\"img\" src=\"https:\/\/s.w.org\/images\/core\/emoji\/16.0.1\/svg\/2705.svg\" alt=\"\u2705\" \/> <\/strong>S\u00fbr, non inflammable, car le point d&rsquo;\u00e9clair des vapeurs est de &gt;61\u00b0C<\/p>\n<p><strong><img decoding=\"async\" class=\"emoji\" role=\"img\" src=\"https:\/\/s.w.org\/images\/core\/emoji\/16.0.1\/svg\/2705.svg\" alt=\"\u2705\" \/> <\/strong>Remplace l&rsquo;essence inflammable<\/p>\n<p><strong><img decoding=\"async\" class=\"emoji\" role=\"img\" src=\"https:\/\/s.w.org\/images\/core\/emoji\/16.0.1\/svg\/2705.svg\" alt=\"\u2705\" \/> <\/strong>Ne contient pas de compos\u00e9s aromatiques<br \/>\nni chlor\u00e9s.<\/p>\n<p><strong><img decoding=\"async\" class=\"emoji\" role=\"img\" src=\"https:\/\/s.w.org\/images\/core\/emoji\/16.0.1\/svg\/2705.svg\" alt=\"\u2705\" \/> <\/strong>Convivial, odeur l\u00e9g\u00e8re.<\/p>\n<p><strong><img decoding=\"async\" class=\"emoji\" role=\"img\" src=\"https:\/\/s.w.org\/images\/core\/emoji\/16.0.1\/svg\/2705.svg\" alt=\"\u2705\" \/> <\/strong>Neutre pour tous les m\u00e9taux : acier, aluminium, magn\u00e9sium, zinc et autres, \u00e9lastom\u00e8res, rev\u00eatements de peinture et plastiques.<\/p>\n<p><strong><img decoding=\"async\" class=\"emoji\" role=\"img\" src=\"https:\/\/s.w.org\/images\/core\/emoji\/16.0.1\/svg\/2705.svg\" alt=\"\u2705\" \/> <\/strong>Ne provoque pas de corrosion des m\u00e9taux.<\/p>\n","protected":false},"featured_media":3905,"template":"","meta":{"_kad_blocks_custom_css":"","_kad_blocks_head_custom_js":"","_kad_blocks_body_custom_js":"","_kad_blocks_footer_custom_js":"","_kad_post_transparent":"","_kad_post_title":"","_kad_post_layout":"","_kad_post_sidebar_id":"","_kad_post_content_style":"","_kad_post_vertical_padding":"","_kad_post_feature":"","_kad_post_feature_position":"","_kad_post_header":false,"_kad_post_footer":false,"_kad_post_classname":""},"product_brand":[],"product_cat":[102],"product_tag":[],"class_list":{"0":"post-4649","1":"product","2":"type-product","3":"status-publish","4":"has-post-thumbnail","6":"product_cat-smarmax-fr","8":"first","9":"instock","10":"taxable","11":"shipping-taxable","12":"purchasable","13":"product-type-simple","14":"entry","15":"content-bg","16":"loop-entry"},"yoast_head":"<!-- This site is optimized with the Yoast SEO plugin v27.4 - https:\/\/yoast.com\/product\/yoast-seo-wordpress\/ -->\n<title>CLEAN-160 (MC-3260) 20l - NANOCLEAN<\/title>\n<meta name=\"robots\" content=\"index, follow, max-snippet:-1, max-image-preview:large, max-video-preview:-1\" \/>\n<link rel=\"canonical\" href=\"https:\/\/nanoclean24.com\/fr\/produit\/clean-160-mc-3260-20l\/\" \/>\n<meta property=\"og:locale\" content=\"fr_FR\" \/>\n<meta property=\"og:type\" content=\"article\" \/>\n<meta property=\"og:title\" content=\"CLEAN-160 (MC-3260) 20l - NANOCLEAN\" \/>\n<meta property=\"og:description\" content=\"Id\u00e9al pour les machines de lavage d&#039;atelier avec brosse.   \u00c9limine efficacement les graisses, les huiles, le goudron et les bitumes, les empreintes digitales, la plupart des salissures industrielles.   Excellent produit de nettoyage - agit puissamment et rapidement.   Nettoie et d\u00e9graisse. Ne laisse pas de r\u00e9sidus.   S\u00fbr, r\u00e9pond \u00e0 tous les crit\u00e8res toxicologiques.   S\u00fbr, non inflammable, car le point d&#039;\u00e9clair des vapeurs est de &gt;61\u00b0C   Remplace l&#039;essence inflammable   Ne contient pas de compos\u00e9s aromatiques ni chlor\u00e9s.   Convivial, odeur l\u00e9g\u00e8re.   Neutre pour tous les m\u00e9taux : acier, aluminium, magn\u00e9sium, zinc et autres, \u00e9lastom\u00e8res, rev\u00eatements de peinture et plastiques.   Ne provoque pas de corrosion des m\u00e9taux.\" \/>\n<meta property=\"og:url\" content=\"https:\/\/nanoclean24.com\/fr\/produit\/clean-160-mc-3260-20l\/\" \/>\n<meta property=\"og:site_name\" content=\"NANOCLEAN\" \/>\n<meta property=\"article:modified_time\" content=\"2025-10-23T09:59:02+00:00\" \/>\n<meta property=\"og:image\" content=\"https:\/\/nanoclean24.com\/wp-content\/uploads\/2025\/07\/CLEAN-160-MC-3260-20l.webp\" \/>\n\t<meta property=\"og:image:width\" content=\"900\" \/>\n\t<meta property=\"og:image:height\" content=\"900\" \/>\n\t<meta property=\"og:image:type\" content=\"image\/webp\" \/>\n<meta name=\"twitter:card\" content=\"summary_large_image\" \/>\n<meta name=\"twitter:label1\" content=\"Dur\u00e9e de lecture estim\u00e9e\" \/>\n\t<meta name=\"twitter:data1\" content=\"1 minute\" \/>\n<script type=\"application\/ld+json\" class=\"yoast-schema-graph\">{\"@context\":\"https:\\\/\\\/schema.org\",\"@graph\":[{\"@type\":\"WebPage\",\"@id\":\"https:\\\/\\\/nanoclean24.com\\\/fr\\\/produit\\\/clean-160-mc-3260-20l\\\/\",\"url\":\"https:\\\/\\\/nanoclean24.com\\\/fr\\\/produit\\\/clean-160-mc-3260-20l\\\/\",\"name\":\"CLEAN-160 (MC-3260) 20l - NANOCLEAN\",\"isPartOf\":{\"@id\":\"https:\\\/\\\/nanoclean24.com\\\/fr\\\/#website\"},\"primaryImageOfPage\":{\"@id\":\"https:\\\/\\\/nanoclean24.com\\\/fr\\\/produit\\\/clean-160-mc-3260-20l\\\/#primaryimage\"},\"image\":{\"@id\":\"https:\\\/\\\/nanoclean24.com\\\/fr\\\/produit\\\/clean-160-mc-3260-20l\\\/#primaryimage\"},\"thumbnailUrl\":\"https:\\\/\\\/nanoclean24.com\\\/wp-content\\\/uploads\\\/2025\\\/07\\\/CLEAN-160-MC-3260-20l.webp\",\"datePublished\":\"2025-07-20T17:18:45+00:00\",\"dateModified\":\"2025-10-23T09:59:02+00:00\",\"breadcrumb\":{\"@id\":\"https:\\\/\\\/nanoclean24.com\\\/fr\\\/produit\\\/clean-160-mc-3260-20l\\\/#breadcrumb\"},\"inLanguage\":\"fr-FR\",\"potentialAction\":[{\"@type\":\"ReadAction\",\"target\":[\"https:\\\/\\\/nanoclean24.com\\\/fr\\\/produit\\\/clean-160-mc-3260-20l\\\/\"]}]},{\"@type\":\"ImageObject\",\"inLanguage\":\"fr-FR\",\"@id\":\"https:\\\/\\\/nanoclean24.com\\\/fr\\\/produit\\\/clean-160-mc-3260-20l\\\/#primaryimage\",\"url\":\"https:\\\/\\\/nanoclean24.com\\\/wp-content\\\/uploads\\\/2025\\\/07\\\/CLEAN-160-MC-3260-20l.webp\",\"contentUrl\":\"https:\\\/\\\/nanoclean24.com\\\/wp-content\\\/uploads\\\/2025\\\/07\\\/CLEAN-160-MC-3260-20l.webp\",\"width\":900,\"height\":900},{\"@type\":\"BreadcrumbList\",\"@id\":\"https:\\\/\\\/nanoclean24.com\\\/fr\\\/produit\\\/clean-160-mc-3260-20l\\\/#breadcrumb\",\"itemListElement\":[{\"@type\":\"ListItem\",\"position\":1,\"name\":\"Strona g\u0142\u00f3wna\",\"item\":\"https:\\\/\\\/nanoclean24.com\\\/fr\\\/\"},{\"@type\":\"ListItem\",\"position\":2,\"name\":\"Boutique\",\"item\":\"https:\\\/\\\/nanoclean24.com\\\/shop\\\/\"},{\"@type\":\"ListItem\",\"position\":3,\"name\":\"CLEAN-160 (MC-3260) 20l\"}]},{\"@type\":\"WebSite\",\"@id\":\"https:\\\/\\\/nanoclean24.com\\\/fr\\\/#website\",\"url\":\"https:\\\/\\\/nanoclean24.com\\\/fr\\\/\",\"name\":\"NanoClean\",\"description\":\"\",\"publisher\":{\"@id\":\"https:\\\/\\\/nanoclean24.com\\\/fr\\\/#organization\"},\"potentialAction\":[{\"@type\":\"SearchAction\",\"target\":{\"@type\":\"EntryPoint\",\"urlTemplate\":\"https:\\\/\\\/nanoclean24.com\\\/fr\\\/?s={search_term_string}\"},\"query-input\":{\"@type\":\"PropertyValueSpecification\",\"valueRequired\":true,\"valueName\":\"search_term_string\"}}],\"inLanguage\":\"fr-FR\"},{\"@type\":\"Organization\",\"@id\":\"https:\\\/\\\/nanoclean24.com\\\/fr\\\/#organization\",\"name\":\"NanoClean\",\"url\":\"https:\\\/\\\/nanoclean24.com\\\/fr\\\/\",\"logo\":{\"@type\":\"ImageObject\",\"inLanguage\":\"fr-FR\",\"@id\":\"https:\\\/\\\/nanoclean24.com\\\/fr\\\/#\\\/schema\\\/logo\\\/image\\\/\",\"url\":\"https:\\\/\\\/nanoclean24.com\\\/wp-content\\\/uploads\\\/2025\\\/07\\\/logo-2.jpg\",\"contentUrl\":\"https:\\\/\\\/nanoclean24.com\\\/wp-content\\\/uploads\\\/2025\\\/07\\\/logo-2.jpg\",\"width\":1068,\"height\":224,\"caption\":\"NanoClean\"},\"image\":{\"@id\":\"https:\\\/\\\/nanoclean24.com\\\/fr\\\/#\\\/schema\\\/logo\\\/image\\\/\"}}]}<\/script>\n<!-- \/ Yoast SEO plugin. -->","yoast_head_json":{"title":"CLEAN-160 (MC-3260) 20l - NANOCLEAN","robots":{"index":"index","follow":"follow","max-snippet":"max-snippet:-1","max-image-preview":"max-image-preview:large","max-video-preview":"max-video-preview:-1"},"canonical":"https:\/\/nanoclean24.com\/fr\/produit\/clean-160-mc-3260-20l\/","og_locale":"fr_FR","og_type":"article","og_title":"CLEAN-160 (MC-3260) 20l - NANOCLEAN","og_description":"Id\u00e9al pour les machines de lavage d'atelier avec brosse.   \u00c9limine efficacement les graisses, les huiles, le goudron et les bitumes, les empreintes digitales, la plupart des salissures industrielles.   Excellent produit de nettoyage - agit puissamment et rapidement.   Nettoie et d\u00e9graisse. Ne laisse pas de r\u00e9sidus.   S\u00fbr, r\u00e9pond \u00e0 tous les crit\u00e8res toxicologiques.   S\u00fbr, non inflammable, car le point d'\u00e9clair des vapeurs est de &gt;61\u00b0C   Remplace l'essence inflammable   Ne contient pas de compos\u00e9s aromatiques ni chlor\u00e9s.   Convivial, odeur l\u00e9g\u00e8re.   Neutre pour tous les m\u00e9taux : acier, aluminium, magn\u00e9sium, zinc et autres, \u00e9lastom\u00e8res, rev\u00eatements de peinture et plastiques.   Ne provoque pas de corrosion des m\u00e9taux.","og_url":"https:\/\/nanoclean24.com\/fr\/produit\/clean-160-mc-3260-20l\/","og_site_name":"NANOCLEAN","article_modified_time":"2025-10-23T09:59:02+00:00","og_image":[{"width":900,"height":900,"url":"https:\/\/nanoclean24.com\/wp-content\/uploads\/2025\/07\/CLEAN-160-MC-3260-20l.webp","type":"image\/webp"}],"twitter_card":"summary_large_image","twitter_misc":{"Dur\u00e9e de lecture estim\u00e9e":"1 minute"},"schema":{"@context":"https:\/\/schema.org","@graph":[{"@type":"WebPage","@id":"https:\/\/nanoclean24.com\/fr\/produit\/clean-160-mc-3260-20l\/","url":"https:\/\/nanoclean24.com\/fr\/produit\/clean-160-mc-3260-20l\/","name":"CLEAN-160 (MC-3260) 20l - NANOCLEAN","isPartOf":{"@id":"https:\/\/nanoclean24.com\/fr\/#website"},"primaryImageOfPage":{"@id":"https:\/\/nanoclean24.com\/fr\/produit\/clean-160-mc-3260-20l\/#primaryimage"},"image":{"@id":"https:\/\/nanoclean24.com\/fr\/produit\/clean-160-mc-3260-20l\/#primaryimage"},"thumbnailUrl":"https:\/\/nanoclean24.com\/wp-content\/uploads\/2025\/07\/CLEAN-160-MC-3260-20l.webp","datePublished":"2025-07-20T17:18:45+00:00","dateModified":"2025-10-23T09:59:02+00:00","breadcrumb":{"@id":"https:\/\/nanoclean24.com\/fr\/produit\/clean-160-mc-3260-20l\/#breadcrumb"},"inLanguage":"fr-FR","potentialAction":[{"@type":"ReadAction","target":["https:\/\/nanoclean24.com\/fr\/produit\/clean-160-mc-3260-20l\/"]}]},{"@type":"ImageObject","inLanguage":"fr-FR","@id":"https:\/\/nanoclean24.com\/fr\/produit\/clean-160-mc-3260-20l\/#primaryimage","url":"https:\/\/nanoclean24.com\/wp-content\/uploads\/2025\/07\/CLEAN-160-MC-3260-20l.webp","contentUrl":"https:\/\/nanoclean24.com\/wp-content\/uploads\/2025\/07\/CLEAN-160-MC-3260-20l.webp","width":900,"height":900},{"@type":"BreadcrumbList","@id":"https:\/\/nanoclean24.com\/fr\/produit\/clean-160-mc-3260-20l\/#breadcrumb","itemListElement":[{"@type":"ListItem","position":1,"name":"Strona g\u0142\u00f3wna","item":"https:\/\/nanoclean24.com\/fr\/"},{"@type":"ListItem","position":2,"name":"Boutique","item":"https:\/\/nanoclean24.com\/shop\/"},{"@type":"ListItem","position":3,"name":"CLEAN-160 (MC-3260) 20l"}]},{"@type":"WebSite","@id":"https:\/\/nanoclean24.com\/fr\/#website","url":"https:\/\/nanoclean24.com\/fr\/","name":"NanoClean","description":"","publisher":{"@id":"https:\/\/nanoclean24.com\/fr\/#organization"},"potentialAction":[{"@type":"SearchAction","target":{"@type":"EntryPoint","urlTemplate":"https:\/\/nanoclean24.com\/fr\/?s={search_term_string}"},"query-input":{"@type":"PropertyValueSpecification","valueRequired":true,"valueName":"search_term_string"}}],"inLanguage":"fr-FR"},{"@type":"Organization","@id":"https:\/\/nanoclean24.com\/fr\/#organization","name":"NanoClean","url":"https:\/\/nanoclean24.com\/fr\/","logo":{"@type":"ImageObject","inLanguage":"fr-FR","@id":"https:\/\/nanoclean24.com\/fr\/#\/schema\/logo\/image\/","url":"https:\/\/nanoclean24.com\/wp-content\/uploads\/2025\/07\/logo-2.jpg","contentUrl":"https:\/\/nanoclean24.com\/wp-content\/uploads\/2025\/07\/logo-2.jpg","width":1068,"height":224,"caption":"NanoClean"},"image":{"@id":"https:\/\/nanoclean24.com\/fr\/#\/schema\/logo\/image\/"}}]}},"taxonomy_info":{"product_cat":[{"value":102,"label":"SMARMAX"}]},"featured_image_src_large":["https:\/\/nanoclean24.com\/wp-content\/uploads\/2025\/07\/CLEAN-160-MC-3260-20l.webp",900,900,false],"author_info":[],"comment_info":"","_links":{"self":[{"href":"https:\/\/nanoclean24.com\/fr\/wp-json\/wp\/v2\/product\/4649","targetHints":{"allow":["GET"]}}],"collection":[{"href":"https:\/\/nanoclean24.com\/fr\/wp-json\/wp\/v2\/product"}],"about":[{"href":"https:\/\/nanoclean24.com\/fr\/wp-json\/wp\/v2\/types\/product"}],"wp:featuredmedia":[{"embeddable":true,"href":"https:\/\/nanoclean24.com\/fr\/wp-json\/wp\/v2\/media\/3905"}],"wp:attachment":[{"href":"https:\/\/nanoclean24.com\/fr\/wp-json\/wp\/v2\/media?parent=4649"}],"wp:term":[{"taxonomy":"product_brand","embeddable":true,"href":"https:\/\/nanoclean24.com\/fr\/wp-json\/wp\/v2\/product_brand?post=4649"},{"taxonomy":"product_cat","embeddable":true,"href":"https:\/\/nanoclean24.com\/fr\/wp-json\/wp\/v2\/product_cat?post=4649"},{"taxonomy":"product_tag","embeddable":true,"href":"https:\/\/nanoclean24.com\/fr\/wp-json\/wp\/v2\/product_tag?post=4649"}],"curies":[{"name":"wp","href":"https:\/\/api.w.org\/{rel}","templated":true}]}}