{"id":4637,"date":"2025-07-20T19:37:25","date_gmt":"2025-07-20T17:37:25","guid":{"rendered":"https:\/\/kadence.nanoclean.dev\/produkt\/citrus-cleaner-mc-6122-500ml\/"},"modified":"2025-10-23T11:58:36","modified_gmt":"2025-10-23T09:58:36","slug":"citrus-cleaner-mc-6122-500ml","status":"publish","type":"product","link":"https:\/\/nanoclean24.com\/fr\/produit\/citrus-cleaner-mc-6122-500ml\/","title":{"rendered":"CITRUS CLEANER (MC-6122) 500ml"},"content":{"rendered":"<p>Solvant pour \u00e9liminer la graisse, les adh\u00e9sifs, l&rsquo;asphalte, les huiles, le goudron, la cire, l&rsquo;encre, les r\u00e9sines, les \u00e9tiquettes, et pour nettoyer diverses surfaces : m\u00e9tal, pierre, bois, plastiques, etc.<\/p>\n<h3><b>Application<\/b><\/h3>\n<ul>\n<li>Le solvant CITRUS CLEANER est parfait pour nettoyer toute surface qui ne peut pas \u00eatre lav\u00e9e \u00e0 l&rsquo;eau.<\/li>\n<li>CITRUS CLEANER, solvant pour nettoyer les pi\u00e8ces apr\u00e8s usinage, nettoyer les pi\u00e8ces m\u00e9caniques pendant les r\u00e9parations, nettoyer les pi\u00e8ces de graisses et d&rsquo;huiles.<\/li>\n<li>Solvant pour \u00e9liminer les adh\u00e9sifs, les r\u00e9sines, la cire, les \u00e9tiquettes, le chewing-gum coll\u00e9 dans les transports.<\/li>\n<li>Le solvant CITRUS CLEANER est efficace pour laver les pi\u00e8ces m\u00e9caniques, les outils, les outils de jardinage, les meubles de jardin,<\/li>\n<li>Nettoyage dans la voiture : vitres, poign\u00e9es, carrosserie, jantes&#8230;<\/li>\n<li>Dans l&rsquo;atelier et \u00e0 la maison : nettoyage des sols, murs, armoires, portes, poign\u00e9es, garage, v\u00e9los, tondeuses, etc.<\/li>\n<li>Le solvant CITRUS CLEANER est utilis\u00e9 dans toutes les industries et dans tous les ateliers.<\/li>\n<\/ul>\n<h3><strong>Mode d&#8217;emploi<\/strong><\/h3>\n<ol>\n<li>Appliquer de pr\u00e9f\u00e9rence sur un chiffon propre et essuyer manuellement la surface. Pour retirer une \u00e9tiquette, vaporiser sur l&rsquo;\u00e9tiquette et attendre. En cas de salissures tenaces, attendre une minute et essuyer. R\u00e9p\u00e9ter l&rsquo;op\u00e9ration si n\u00e9cessaire.<\/li>\n<li>Agiter l&rsquo;a\u00e9rosol avant utilisation. La bombe peut \u00eatre tenue dans n&rsquo;importe quelle position. Utiliser de pr\u00e9f\u00e9rence \u00e0 une temp\u00e9rature de 5 \u00e0 30\u00b0C.<\/li>\n<li>Ne pas vaporiser sur des appareils sous tension. Couvrir les appareils sous tension ou les d\u00e9brancher.<\/li>\n<li>Nous recommandons un test de compatibilit\u00e9 sur les mat\u00e9riaux d\u00e9licats et les plastiques.<\/li>\n<\/ol>\n","protected":false},"excerpt":{"rendered":"<div class=\"product-short-description\">\n<p><strong><img decoding=\"async\" class=\"emoji\" role=\"img\" src=\"https:\/\/s.w.org\/images\/core\/emoji\/16.0.1\/svg\/2705.svg\" alt=\"\u2705\" \/> <\/strong>A une action tr\u00e8s puissante &#8211; \u00e9limine de nombreuses impuret\u00e9s : supprime les graisses, les huiles, l&rsquo;asphalte, le goudron, la cire, la r\u00e9sine, la colle, l&rsquo;encre, les \u00e9tiquettes<\/p>\n<p><strong><img decoding=\"async\" class=\"emoji\" role=\"img\" src=\"https:\/\/s.w.org\/images\/core\/emoji\/16.0.1\/svg\/2705.svg\" alt=\"\u2705\" \/> <\/strong>Son s\u00e9chage lent permet un nettoyage plus efficace<\/p>\n<p><strong><img decoding=\"async\" class=\"emoji\" role=\"img\" src=\"https:\/\/s.w.org\/images\/core\/emoji\/16.0.1\/svg\/2705.svg\" alt=\"\u2705\" \/> <\/strong>Il est polyvalent, compatible avec de nombreuses surfaces : m\u00e9taux, plastiques, bois, pierre, verre&#8230;<\/p>\n<p><strong><img decoding=\"async\" class=\"emoji\" role=\"img\" src=\"https:\/\/s.w.org\/images\/core\/emoji\/16.0.1\/svg\/2705.svg\" alt=\"\u2705\" \/> <\/strong>Ne laisse pas de r\u00e9sidus<\/p>\n<p><strong><img decoding=\"async\" class=\"emoji\" role=\"img\" src=\"https:\/\/s.w.org\/images\/core\/emoji\/16.0.1\/svg\/2705.svg\" alt=\"\u2705\" \/> <\/strong>Ne provoque pas de corrosion<\/p>\n<p><strong><img decoding=\"async\" class=\"emoji\" role=\"img\" src=\"https:\/\/s.w.org\/images\/core\/emoji\/16.0.1\/svg\/2705.svg\" alt=\"\u2705\" \/> <\/strong>Contient une valve \u00e0 360\u00b0<\/p>\n<\/div>\n","protected":false},"featured_media":3937,"template":"","meta":{"_kad_blocks_custom_css":"","_kad_blocks_head_custom_js":"","_kad_blocks_body_custom_js":"","_kad_blocks_footer_custom_js":"","_kad_post_transparent":"","_kad_post_title":"","_kad_post_layout":"","_kad_post_sidebar_id":"","_kad_post_content_style":"","_kad_post_vertical_padding":"","_kad_post_feature":"","_kad_post_feature_position":"","_kad_post_header":false,"_kad_post_footer":false,"_kad_post_classname":""},"product_brand":[],"product_cat":[102],"product_tag":[],"class_list":{"0":"post-4637","1":"product","2":"type-product","3":"status-publish","4":"has-post-thumbnail","6":"product_cat-smarmax-fr","8":"first","9":"instock","10":"taxable","11":"shipping-taxable","12":"purchasable","13":"product-type-simple","14":"entry","15":"content-bg","16":"loop-entry"},"yoast_head":"<!-- This site is optimized with the Yoast SEO plugin v27.4 - https:\/\/yoast.com\/product\/yoast-seo-wordpress\/ -->\n<title>CITRUS CLEANER (MC-6122) 500ml - NANOCLEAN<\/title>\n<meta name=\"robots\" content=\"index, follow, max-snippet:-1, max-image-preview:large, max-video-preview:-1\" \/>\n<link rel=\"canonical\" href=\"https:\/\/nanoclean24.com\/fr\/produit\/citrus-cleaner-mc-6122-500ml\/\" \/>\n<meta property=\"og:locale\" content=\"fr_FR\" \/>\n<meta property=\"og:type\" content=\"article\" \/>\n<meta property=\"og:title\" content=\"CITRUS CLEANER (MC-6122) 500ml - NANOCLEAN\" \/>\n<meta property=\"og:description\" content=\"A une action tr\u00e8s puissante - \u00e9limine de nombreuses impuret\u00e9s : supprime les graisses, les huiles, l&#039;asphalte, le goudron, la cire, la r\u00e9sine, la colle, l&#039;encre, les \u00e9tiquettes   Son s\u00e9chage lent permet un nettoyage plus efficace   Il est polyvalent, compatible avec de nombreuses surfaces : m\u00e9taux, plastiques, bois, pierre, verre...   Ne laisse pas de r\u00e9sidus   Ne provoque pas de corrosion   Contient une valve \u00e0 360\u00b0\" \/>\n<meta property=\"og:url\" content=\"https:\/\/nanoclean24.com\/fr\/produit\/citrus-cleaner-mc-6122-500ml\/\" \/>\n<meta property=\"og:site_name\" content=\"NANOCLEAN\" \/>\n<meta property=\"article:modified_time\" content=\"2025-10-23T09:58:36+00:00\" \/>\n<meta property=\"og:image\" content=\"https:\/\/nanoclean24.com\/wp-content\/uploads\/2025\/07\/CITRUS-CLEANER-MC-6122-500ml.webp\" \/>\n\t<meta property=\"og:image:width\" content=\"900\" \/>\n\t<meta property=\"og:image:height\" content=\"900\" \/>\n\t<meta property=\"og:image:type\" content=\"image\/webp\" \/>\n<meta name=\"twitter:card\" content=\"summary_large_image\" \/>\n<meta name=\"twitter:label1\" content=\"Dur\u00e9e de lecture estim\u00e9e\" \/>\n\t<meta name=\"twitter:data1\" content=\"1 minute\" \/>\n<script type=\"application\/ld+json\" class=\"yoast-schema-graph\">{\"@context\":\"https:\\\/\\\/schema.org\",\"@graph\":[{\"@type\":\"WebPage\",\"@id\":\"https:\\\/\\\/nanoclean24.com\\\/fr\\\/produit\\\/citrus-cleaner-mc-6122-500ml\\\/\",\"url\":\"https:\\\/\\\/nanoclean24.com\\\/fr\\\/produit\\\/citrus-cleaner-mc-6122-500ml\\\/\",\"name\":\"CITRUS CLEANER (MC-6122) 500ml - NANOCLEAN\",\"isPartOf\":{\"@id\":\"https:\\\/\\\/nanoclean24.com\\\/fr\\\/#website\"},\"primaryImageOfPage\":{\"@id\":\"https:\\\/\\\/nanoclean24.com\\\/fr\\\/produit\\\/citrus-cleaner-mc-6122-500ml\\\/#primaryimage\"},\"image\":{\"@id\":\"https:\\\/\\\/nanoclean24.com\\\/fr\\\/produit\\\/citrus-cleaner-mc-6122-500ml\\\/#primaryimage\"},\"thumbnailUrl\":\"https:\\\/\\\/nanoclean24.com\\\/wp-content\\\/uploads\\\/2025\\\/07\\\/CITRUS-CLEANER-MC-6122-500ml.webp\",\"datePublished\":\"2025-07-20T17:37:25+00:00\",\"dateModified\":\"2025-10-23T09:58:36+00:00\",\"breadcrumb\":{\"@id\":\"https:\\\/\\\/nanoclean24.com\\\/fr\\\/produit\\\/citrus-cleaner-mc-6122-500ml\\\/#breadcrumb\"},\"inLanguage\":\"fr-FR\",\"potentialAction\":[{\"@type\":\"ReadAction\",\"target\":[\"https:\\\/\\\/nanoclean24.com\\\/fr\\\/produit\\\/citrus-cleaner-mc-6122-500ml\\\/\"]}]},{\"@type\":\"ImageObject\",\"inLanguage\":\"fr-FR\",\"@id\":\"https:\\\/\\\/nanoclean24.com\\\/fr\\\/produit\\\/citrus-cleaner-mc-6122-500ml\\\/#primaryimage\",\"url\":\"https:\\\/\\\/nanoclean24.com\\\/wp-content\\\/uploads\\\/2025\\\/07\\\/CITRUS-CLEANER-MC-6122-500ml.webp\",\"contentUrl\":\"https:\\\/\\\/nanoclean24.com\\\/wp-content\\\/uploads\\\/2025\\\/07\\\/CITRUS-CLEANER-MC-6122-500ml.webp\",\"width\":900,\"height\":900},{\"@type\":\"BreadcrumbList\",\"@id\":\"https:\\\/\\\/nanoclean24.com\\\/fr\\\/produit\\\/citrus-cleaner-mc-6122-500ml\\\/#breadcrumb\",\"itemListElement\":[{\"@type\":\"ListItem\",\"position\":1,\"name\":\"Strona g\u0142\u00f3wna\",\"item\":\"https:\\\/\\\/nanoclean24.com\\\/fr\\\/\"},{\"@type\":\"ListItem\",\"position\":2,\"name\":\"Boutique\",\"item\":\"https:\\\/\\\/nanoclean24.com\\\/shop\\\/\"},{\"@type\":\"ListItem\",\"position\":3,\"name\":\"CITRUS CLEANER (MC-6122) 500ml\"}]},{\"@type\":\"WebSite\",\"@id\":\"https:\\\/\\\/nanoclean24.com\\\/fr\\\/#website\",\"url\":\"https:\\\/\\\/nanoclean24.com\\\/fr\\\/\",\"name\":\"NanoClean\",\"description\":\"\",\"publisher\":{\"@id\":\"https:\\\/\\\/nanoclean24.com\\\/fr\\\/#organization\"},\"potentialAction\":[{\"@type\":\"SearchAction\",\"target\":{\"@type\":\"EntryPoint\",\"urlTemplate\":\"https:\\\/\\\/nanoclean24.com\\\/fr\\\/?s={search_term_string}\"},\"query-input\":{\"@type\":\"PropertyValueSpecification\",\"valueRequired\":true,\"valueName\":\"search_term_string\"}}],\"inLanguage\":\"fr-FR\"},{\"@type\":\"Organization\",\"@id\":\"https:\\\/\\\/nanoclean24.com\\\/fr\\\/#organization\",\"name\":\"NanoClean\",\"url\":\"https:\\\/\\\/nanoclean24.com\\\/fr\\\/\",\"logo\":{\"@type\":\"ImageObject\",\"inLanguage\":\"fr-FR\",\"@id\":\"https:\\\/\\\/nanoclean24.com\\\/fr\\\/#\\\/schema\\\/logo\\\/image\\\/\",\"url\":\"https:\\\/\\\/nanoclean24.com\\\/wp-content\\\/uploads\\\/2025\\\/07\\\/logo-2.jpg\",\"contentUrl\":\"https:\\\/\\\/nanoclean24.com\\\/wp-content\\\/uploads\\\/2025\\\/07\\\/logo-2.jpg\",\"width\":1068,\"height\":224,\"caption\":\"NanoClean\"},\"image\":{\"@id\":\"https:\\\/\\\/nanoclean24.com\\\/fr\\\/#\\\/schema\\\/logo\\\/image\\\/\"}}]}<\/script>\n<!-- \/ Yoast SEO plugin. -->","yoast_head_json":{"title":"CITRUS CLEANER (MC-6122) 500ml - NANOCLEAN","robots":{"index":"index","follow":"follow","max-snippet":"max-snippet:-1","max-image-preview":"max-image-preview:large","max-video-preview":"max-video-preview:-1"},"canonical":"https:\/\/nanoclean24.com\/fr\/produit\/citrus-cleaner-mc-6122-500ml\/","og_locale":"fr_FR","og_type":"article","og_title":"CITRUS CLEANER (MC-6122) 500ml - NANOCLEAN","og_description":"A une action tr\u00e8s puissante - \u00e9limine de nombreuses impuret\u00e9s : supprime les graisses, les huiles, l'asphalte, le goudron, la cire, la r\u00e9sine, la colle, l'encre, les \u00e9tiquettes   Son s\u00e9chage lent permet un nettoyage plus efficace   Il est polyvalent, compatible avec de nombreuses surfaces : m\u00e9taux, plastiques, bois, pierre, verre...   Ne laisse pas de r\u00e9sidus   Ne provoque pas de corrosion   Contient une valve \u00e0 360\u00b0","og_url":"https:\/\/nanoclean24.com\/fr\/produit\/citrus-cleaner-mc-6122-500ml\/","og_site_name":"NANOCLEAN","article_modified_time":"2025-10-23T09:58:36+00:00","og_image":[{"width":900,"height":900,"url":"https:\/\/nanoclean24.com\/wp-content\/uploads\/2025\/07\/CITRUS-CLEANER-MC-6122-500ml.webp","type":"image\/webp"}],"twitter_card":"summary_large_image","twitter_misc":{"Dur\u00e9e de lecture estim\u00e9e":"1 minute"},"schema":{"@context":"https:\/\/schema.org","@graph":[{"@type":"WebPage","@id":"https:\/\/nanoclean24.com\/fr\/produit\/citrus-cleaner-mc-6122-500ml\/","url":"https:\/\/nanoclean24.com\/fr\/produit\/citrus-cleaner-mc-6122-500ml\/","name":"CITRUS CLEANER (MC-6122) 500ml - NANOCLEAN","isPartOf":{"@id":"https:\/\/nanoclean24.com\/fr\/#website"},"primaryImageOfPage":{"@id":"https:\/\/nanoclean24.com\/fr\/produit\/citrus-cleaner-mc-6122-500ml\/#primaryimage"},"image":{"@id":"https:\/\/nanoclean24.com\/fr\/produit\/citrus-cleaner-mc-6122-500ml\/#primaryimage"},"thumbnailUrl":"https:\/\/nanoclean24.com\/wp-content\/uploads\/2025\/07\/CITRUS-CLEANER-MC-6122-500ml.webp","datePublished":"2025-07-20T17:37:25+00:00","dateModified":"2025-10-23T09:58:36+00:00","breadcrumb":{"@id":"https:\/\/nanoclean24.com\/fr\/produit\/citrus-cleaner-mc-6122-500ml\/#breadcrumb"},"inLanguage":"fr-FR","potentialAction":[{"@type":"ReadAction","target":["https:\/\/nanoclean24.com\/fr\/produit\/citrus-cleaner-mc-6122-500ml\/"]}]},{"@type":"ImageObject","inLanguage":"fr-FR","@id":"https:\/\/nanoclean24.com\/fr\/produit\/citrus-cleaner-mc-6122-500ml\/#primaryimage","url":"https:\/\/nanoclean24.com\/wp-content\/uploads\/2025\/07\/CITRUS-CLEANER-MC-6122-500ml.webp","contentUrl":"https:\/\/nanoclean24.com\/wp-content\/uploads\/2025\/07\/CITRUS-CLEANER-MC-6122-500ml.webp","width":900,"height":900},{"@type":"BreadcrumbList","@id":"https:\/\/nanoclean24.com\/fr\/produit\/citrus-cleaner-mc-6122-500ml\/#breadcrumb","itemListElement":[{"@type":"ListItem","position":1,"name":"Strona g\u0142\u00f3wna","item":"https:\/\/nanoclean24.com\/fr\/"},{"@type":"ListItem","position":2,"name":"Boutique","item":"https:\/\/nanoclean24.com\/shop\/"},{"@type":"ListItem","position":3,"name":"CITRUS CLEANER (MC-6122) 500ml"}]},{"@type":"WebSite","@id":"https:\/\/nanoclean24.com\/fr\/#website","url":"https:\/\/nanoclean24.com\/fr\/","name":"NanoClean","description":"","publisher":{"@id":"https:\/\/nanoclean24.com\/fr\/#organization"},"potentialAction":[{"@type":"SearchAction","target":{"@type":"EntryPoint","urlTemplate":"https:\/\/nanoclean24.com\/fr\/?s={search_term_string}"},"query-input":{"@type":"PropertyValueSpecification","valueRequired":true,"valueName":"search_term_string"}}],"inLanguage":"fr-FR"},{"@type":"Organization","@id":"https:\/\/nanoclean24.com\/fr\/#organization","name":"NanoClean","url":"https:\/\/nanoclean24.com\/fr\/","logo":{"@type":"ImageObject","inLanguage":"fr-FR","@id":"https:\/\/nanoclean24.com\/fr\/#\/schema\/logo\/image\/","url":"https:\/\/nanoclean24.com\/wp-content\/uploads\/2025\/07\/logo-2.jpg","contentUrl":"https:\/\/nanoclean24.com\/wp-content\/uploads\/2025\/07\/logo-2.jpg","width":1068,"height":224,"caption":"NanoClean"},"image":{"@id":"https:\/\/nanoclean24.com\/fr\/#\/schema\/logo\/image\/"}}]}},"taxonomy_info":{"product_cat":[{"value":102,"label":"SMARMAX"}]},"featured_image_src_large":["https:\/\/nanoclean24.com\/wp-content\/uploads\/2025\/07\/CITRUS-CLEANER-MC-6122-500ml.webp",900,900,false],"author_info":[],"comment_info":"","_links":{"self":[{"href":"https:\/\/nanoclean24.com\/fr\/wp-json\/wp\/v2\/product\/4637","targetHints":{"allow":["GET"]}}],"collection":[{"href":"https:\/\/nanoclean24.com\/fr\/wp-json\/wp\/v2\/product"}],"about":[{"href":"https:\/\/nanoclean24.com\/fr\/wp-json\/wp\/v2\/types\/product"}],"wp:featuredmedia":[{"embeddable":true,"href":"https:\/\/nanoclean24.com\/fr\/wp-json\/wp\/v2\/media\/3937"}],"wp:attachment":[{"href":"https:\/\/nanoclean24.com\/fr\/wp-json\/wp\/v2\/media?parent=4637"}],"wp:term":[{"taxonomy":"product_brand","embeddable":true,"href":"https:\/\/nanoclean24.com\/fr\/wp-json\/wp\/v2\/product_brand?post=4637"},{"taxonomy":"product_cat","embeddable":true,"href":"https:\/\/nanoclean24.com\/fr\/wp-json\/wp\/v2\/product_cat?post=4637"},{"taxonomy":"product_tag","embeddable":true,"href":"https:\/\/nanoclean24.com\/fr\/wp-json\/wp\/v2\/product_tag?post=4637"}],"curies":[{"name":"wp","href":"https:\/\/api.w.org\/{rel}","templated":true}]}}