{"id":4612,"date":"2025-07-20T20:55:28","date_gmt":"2025-07-20T18:55:28","guid":{"rendered":"https:\/\/kadence.nanoclean.dev\/produkt\/kit-expert-pro-nanoclean-air-ac6911-pour-ateliers-liquide-150l-pour-300-voitures-3-x-equipement-complet-pistolet-lance-tete-de-brumisation-raccord-rapide-offre-speciale\/"},"modified":"2025-10-21T23:31:17","modified_gmt":"2025-10-21T21:31:17","slug":"kit-expert-pro-nanoclean-air-ac6911-pour-ateliers-liquide-150l-pour-300-voitures-3-x-equipement-complet-pistolet-lance-tete-de-brumisation-raccord-rapide-offre-speciale","status":"publish","type":"product","link":"https:\/\/nanoclean24.com\/fr\/produit\/kit-expert-pro-nanoclean-air-ac6911-pour-ateliers-liquide-150l-pour-300-voitures-3-x-equipement-complet-pistolet-lance-tete-de-brumisation-raccord-rapide-offre-speciale\/","title":{"rendered":"KIT EXPERT-PRO NANOCLEAN AIR [AC6911] pour ateliers &#8211; liquide 150L pour 300 voitures + 3 x \u00e9quipement complet : Pistolet + Lance + T\u00eate de brumisation + Raccord rapide &#8211; OFFRE SP\u00c9CIALE !"},"content":{"rendered":"<p><strong>KIT POUR 300 VOITURES &#8211;<\/strong> comprend 30 bidons de 5L (0,5L = 1 voiture) et un \u00e9quipement complet pour 3 postes, indispensable dans tout atelier professionnel multi-postes.<\/p>\n<p>Notre kit assure un nettoyage complet, un rafra\u00eechissement, une d\u00e9sinfection et une d\u00e9contamination des \u00e9vaporateurs de climatisation en un seul processus, ainsi que l&rsquo;\u00e9limination des odeurs et la d\u00e9sinfection de tout l&rsquo;int\u00e9rieur du v\u00e9hicule par brumisation.<br \/>\nLa garantie d&rsquo;efficacit\u00e9 de NANOCLEAN AIR apporte satisfaction aux clients et des b\u00e9n\u00e9fices suppl\u00e9mentaires pour votre atelier.<\/p>\n","protected":false},"excerpt":{"rendered":"<p>Kit avec pr\u00e9paration NANOCLEAN\u00ae AIR pr\u00eat \u00e0 l&#8217;emploi &#8211; pour nettoyer, rafra\u00eechir, d\u00e9sinfecter et d\u00e9contaminer la climatisation en 1 seul processus.<\/p>\n<h3><strong>LE KIT EXPERT COMPREND<br \/>\n<\/strong><\/h3>\n<p><strong>\u2705 <\/strong>NANOCLEAN\u00aeAIR Pr\u00eat \u00e0 l&#8217;emploi (30 bidons de 5 L)<\/p>\n<p><strong>\u2705 <\/strong>AC-69INOX LANCE NANOCLEAN\u00ae INOX AC45 (3 pi\u00e8ces)<\/p>\n<p><strong>\u2705 <\/strong>AC-69NYLON LANCE NANOCLEAN\u00ae NYLON AC160 (3 pi\u00e8ces)<\/p>\n<p><strong>\u2705 <\/strong>AC-69GUN PISTOLET DOSEUR SOUS PRESSION NANOCLEAN\u00ae GUN (3 pi\u00e8ces)<\/p>\n<p><strong>\u2705 <\/strong>AC-69FUMI T\u00caTE DE BRUMISATION NANOCLEAN\u00ae FUMI-1 (3 pi\u00e8ces)<\/p>\n<p><strong>\u2705 <\/strong>AC-69AJ-PRZEGUB RACCORD RAPIDE (3 pi\u00e8ces) GRATUIT<\/p>\n","protected":false},"featured_media":0,"template":"","meta":{"_kad_blocks_custom_css":"","_kad_blocks_head_custom_js":"","_kad_blocks_body_custom_js":"","_kad_blocks_footer_custom_js":"","_kad_post_transparent":"","_kad_post_title":"","_kad_post_layout":"","_kad_post_sidebar_id":"","_kad_post_content_style":"","_kad_post_vertical_padding":"","_kad_post_feature":"","_kad_post_feature_position":"","_kad_post_header":false,"_kad_post_footer":false,"_kad_post_classname":""},"product_brand":[],"product_cat":[96],"product_tag":[],"class_list":{"0":"post-4612","1":"product","2":"type-product","3":"status-publish","5":"product_cat-home-fr","7":"first","8":"instock","9":"taxable","10":"shipping-taxable","11":"purchasable","12":"product-type-simple","13":"entry","14":"content-bg","15":"loop-entry"},"yoast_head":"<!-- This site is optimized with the Yoast SEO plugin v27.4 - https:\/\/yoast.com\/product\/yoast-seo-wordpress\/ -->\n<title>KIT EXPERT-PRO NANOCLEAN AIR [AC6911] pour ateliers - liquide 150L pour 300 voitures + 3 x \u00e9quipement complet : Pistolet + Lance + T\u00eate de brumisation + Raccord rapide - OFFRE SP\u00c9CIALE ! - NANOCLEAN<\/title>\n<meta name=\"robots\" content=\"index, follow, max-snippet:-1, max-image-preview:large, max-video-preview:-1\" \/>\n<link rel=\"canonical\" href=\"https:\/\/nanoclean24.com\/fr\/produit\/kit-expert-pro-nanoclean-air-ac6911-pour-ateliers-liquide-150l-pour-300-voitures-3-x-equipement-complet-pistolet-lance-tete-de-brumisation-raccord-rapide-offre-speciale\/\" \/>\n<meta property=\"og:locale\" content=\"fr_FR\" \/>\n<meta property=\"og:type\" content=\"article\" \/>\n<meta property=\"og:title\" content=\"KIT EXPERT-PRO NANOCLEAN AIR [AC6911] pour ateliers - liquide 150L pour 300 voitures + 3 x \u00e9quipement complet : Pistolet + Lance + T\u00eate de brumisation + Raccord rapide - OFFRE SP\u00c9CIALE ! - NANOCLEAN\" \/>\n<meta property=\"og:description\" content=\"Kit avec pr\u00e9paration NANOCLEAN\u00ae AIR pr\u00eat \u00e0 l&#039;emploi - pour nettoyer, rafra\u00eechir, d\u00e9sinfecter et d\u00e9contaminer la climatisation en 1 seul processus. LE KIT EXPERT COMPREND  \u2705 NANOCLEAN\u00aeAIR Pr\u00eat \u00e0 l&#039;emploi (30 bidons de 5 L)  \u2705 AC-69INOX LANCE NANOCLEAN\u00ae INOX AC45 (3 pi\u00e8ces)  \u2705 AC-69NYLON LANCE NANOCLEAN\u00ae NYLON AC160 (3 pi\u00e8ces)  \u2705 AC-69GUN PISTOLET DOSEUR SOUS PRESSION NANOCLEAN\u00ae GUN (3 pi\u00e8ces)  \u2705 AC-69FUMI T\u00caTE DE BRUMISATION NANOCLEAN\u00ae FUMI-1 (3 pi\u00e8ces)  \u2705 AC-69AJ-PRZEGUB RACCORD RAPIDE (3 pi\u00e8ces) GRATUIT\" \/>\n<meta property=\"og:url\" content=\"https:\/\/nanoclean24.com\/fr\/produit\/kit-expert-pro-nanoclean-air-ac6911-pour-ateliers-liquide-150l-pour-300-voitures-3-x-equipement-complet-pistolet-lance-tete-de-brumisation-raccord-rapide-offre-speciale\/\" \/>\n<meta property=\"og:site_name\" content=\"NANOCLEAN\" \/>\n<meta property=\"article:modified_time\" content=\"2025-10-21T21:31:17+00:00\" \/>\n<meta property=\"og:image\" content=\"https:\/\/nanoclean24.com\/wp-content\/uploads\/2025\/07\/ZESTAW-EXPERT-PRO-NANOCLEAN-AIR-AC6911-dla-warsztatow.webp\" \/>\n\t<meta property=\"og:image:width\" content=\"900\" \/>\n\t<meta property=\"og:image:height\" content=\"900\" \/>\n\t<meta property=\"og:image:type\" content=\"image\/webp\" \/>\n<meta name=\"twitter:card\" content=\"summary_large_image\" \/>\n<script type=\"application\/ld+json\" class=\"yoast-schema-graph\">{\"@context\":\"https:\\\/\\\/schema.org\",\"@graph\":[{\"@type\":\"WebPage\",\"@id\":\"https:\\\/\\\/nanoclean24.com\\\/fr\\\/produit\\\/kit-expert-pro-nanoclean-air-ac6911-pour-ateliers-liquide-150l-pour-300-voitures-3-x-equipement-complet-pistolet-lance-tete-de-brumisation-raccord-rapide-offre-speciale\\\/\",\"url\":\"https:\\\/\\\/nanoclean24.com\\\/fr\\\/produit\\\/kit-expert-pro-nanoclean-air-ac6911-pour-ateliers-liquide-150l-pour-300-voitures-3-x-equipement-complet-pistolet-lance-tete-de-brumisation-raccord-rapide-offre-speciale\\\/\",\"name\":\"KIT EXPERT-PRO NANOCLEAN AIR [AC6911] pour ateliers - liquide 150L pour 300 voitures + 3 x \u00e9quipement complet : Pistolet + Lance + T\u00eate de brumisation + Raccord rapide - OFFRE SP\u00c9CIALE ! - NANOCLEAN\",\"isPartOf\":{\"@id\":\"https:\\\/\\\/nanoclean24.com\\\/fr\\\/#website\"},\"datePublished\":\"2025-07-20T18:55:28+00:00\",\"dateModified\":\"2025-10-21T21:31:17+00:00\",\"breadcrumb\":{\"@id\":\"https:\\\/\\\/nanoclean24.com\\\/fr\\\/produit\\\/kit-expert-pro-nanoclean-air-ac6911-pour-ateliers-liquide-150l-pour-300-voitures-3-x-equipement-complet-pistolet-lance-tete-de-brumisation-raccord-rapide-offre-speciale\\\/#breadcrumb\"},\"inLanguage\":\"fr-FR\",\"potentialAction\":[{\"@type\":\"ReadAction\",\"target\":[\"https:\\\/\\\/nanoclean24.com\\\/fr\\\/produit\\\/kit-expert-pro-nanoclean-air-ac6911-pour-ateliers-liquide-150l-pour-300-voitures-3-x-equipement-complet-pistolet-lance-tete-de-brumisation-raccord-rapide-offre-speciale\\\/\"]}]},{\"@type\":\"BreadcrumbList\",\"@id\":\"https:\\\/\\\/nanoclean24.com\\\/fr\\\/produit\\\/kit-expert-pro-nanoclean-air-ac6911-pour-ateliers-liquide-150l-pour-300-voitures-3-x-equipement-complet-pistolet-lance-tete-de-brumisation-raccord-rapide-offre-speciale\\\/#breadcrumb\",\"itemListElement\":[{\"@type\":\"ListItem\",\"position\":1,\"name\":\"Strona g\u0142\u00f3wna\",\"item\":\"https:\\\/\\\/nanoclean24.com\\\/fr\\\/\"},{\"@type\":\"ListItem\",\"position\":2,\"name\":\"Boutique\",\"item\":\"https:\\\/\\\/nanoclean24.com\\\/shop\\\/\"},{\"@type\":\"ListItem\",\"position\":3,\"name\":\"KIT EXPERT-PRO NANOCLEAN AIR [AC6911] pour ateliers &#8211; liquide 150L pour 300 voitures + 3 x \u00e9quipement complet : Pistolet + Lance + T\u00eate de brumisation + Raccord rapide &#8211; OFFRE SP\u00c9CIALE !\"}]},{\"@type\":\"WebSite\",\"@id\":\"https:\\\/\\\/nanoclean24.com\\\/fr\\\/#website\",\"url\":\"https:\\\/\\\/nanoclean24.com\\\/fr\\\/\",\"name\":\"NanoClean\",\"description\":\"\",\"publisher\":{\"@id\":\"https:\\\/\\\/nanoclean24.com\\\/fr\\\/#organization\"},\"potentialAction\":[{\"@type\":\"SearchAction\",\"target\":{\"@type\":\"EntryPoint\",\"urlTemplate\":\"https:\\\/\\\/nanoclean24.com\\\/fr\\\/?s={search_term_string}\"},\"query-input\":{\"@type\":\"PropertyValueSpecification\",\"valueRequired\":true,\"valueName\":\"search_term_string\"}}],\"inLanguage\":\"fr-FR\"},{\"@type\":\"Organization\",\"@id\":\"https:\\\/\\\/nanoclean24.com\\\/fr\\\/#organization\",\"name\":\"NanoClean\",\"url\":\"https:\\\/\\\/nanoclean24.com\\\/fr\\\/\",\"logo\":{\"@type\":\"ImageObject\",\"inLanguage\":\"fr-FR\",\"@id\":\"https:\\\/\\\/nanoclean24.com\\\/fr\\\/#\\\/schema\\\/logo\\\/image\\\/\",\"url\":\"https:\\\/\\\/nanoclean24.com\\\/wp-content\\\/uploads\\\/2025\\\/07\\\/logo-2.jpg\",\"contentUrl\":\"https:\\\/\\\/nanoclean24.com\\\/wp-content\\\/uploads\\\/2025\\\/07\\\/logo-2.jpg\",\"width\":1068,\"height\":224,\"caption\":\"NanoClean\"},\"image\":{\"@id\":\"https:\\\/\\\/nanoclean24.com\\\/fr\\\/#\\\/schema\\\/logo\\\/image\\\/\"}}]}<\/script>\n<!-- \/ Yoast SEO plugin. -->","yoast_head_json":{"title":"KIT EXPERT-PRO NANOCLEAN AIR [AC6911] pour ateliers - liquide 150L pour 300 voitures + 3 x \u00e9quipement complet : Pistolet + Lance + T\u00eate de brumisation + Raccord rapide - OFFRE SP\u00c9CIALE ! - NANOCLEAN","robots":{"index":"index","follow":"follow","max-snippet":"max-snippet:-1","max-image-preview":"max-image-preview:large","max-video-preview":"max-video-preview:-1"},"canonical":"https:\/\/nanoclean24.com\/fr\/produit\/kit-expert-pro-nanoclean-air-ac6911-pour-ateliers-liquide-150l-pour-300-voitures-3-x-equipement-complet-pistolet-lance-tete-de-brumisation-raccord-rapide-offre-speciale\/","og_locale":"fr_FR","og_type":"article","og_title":"KIT EXPERT-PRO NANOCLEAN AIR [AC6911] pour ateliers - liquide 150L pour 300 voitures + 3 x \u00e9quipement complet : Pistolet + Lance + T\u00eate de brumisation + Raccord rapide - OFFRE SP\u00c9CIALE ! - NANOCLEAN","og_description":"Kit avec pr\u00e9paration NANOCLEAN\u00ae AIR pr\u00eat \u00e0 l'emploi - pour nettoyer, rafra\u00eechir, d\u00e9sinfecter et d\u00e9contaminer la climatisation en 1 seul processus. LE KIT EXPERT COMPREND  \u2705 NANOCLEAN\u00aeAIR Pr\u00eat \u00e0 l'emploi (30 bidons de 5 L)  \u2705 AC-69INOX LANCE NANOCLEAN\u00ae INOX AC45 (3 pi\u00e8ces)  \u2705 AC-69NYLON LANCE NANOCLEAN\u00ae NYLON AC160 (3 pi\u00e8ces)  \u2705 AC-69GUN PISTOLET DOSEUR SOUS PRESSION NANOCLEAN\u00ae GUN (3 pi\u00e8ces)  \u2705 AC-69FUMI T\u00caTE DE BRUMISATION NANOCLEAN\u00ae FUMI-1 (3 pi\u00e8ces)  \u2705 AC-69AJ-PRZEGUB RACCORD RAPIDE (3 pi\u00e8ces) GRATUIT","og_url":"https:\/\/nanoclean24.com\/fr\/produit\/kit-expert-pro-nanoclean-air-ac6911-pour-ateliers-liquide-150l-pour-300-voitures-3-x-equipement-complet-pistolet-lance-tete-de-brumisation-raccord-rapide-offre-speciale\/","og_site_name":"NANOCLEAN","article_modified_time":"2025-10-21T21:31:17+00:00","og_image":[{"width":900,"height":900,"url":"https:\/\/nanoclean24.com\/wp-content\/uploads\/2025\/07\/ZESTAW-EXPERT-PRO-NANOCLEAN-AIR-AC6911-dla-warsztatow.webp","type":"image\/webp"}],"twitter_card":"summary_large_image","schema":{"@context":"https:\/\/schema.org","@graph":[{"@type":"WebPage","@id":"https:\/\/nanoclean24.com\/fr\/produit\/kit-expert-pro-nanoclean-air-ac6911-pour-ateliers-liquide-150l-pour-300-voitures-3-x-equipement-complet-pistolet-lance-tete-de-brumisation-raccord-rapide-offre-speciale\/","url":"https:\/\/nanoclean24.com\/fr\/produit\/kit-expert-pro-nanoclean-air-ac6911-pour-ateliers-liquide-150l-pour-300-voitures-3-x-equipement-complet-pistolet-lance-tete-de-brumisation-raccord-rapide-offre-speciale\/","name":"KIT EXPERT-PRO NANOCLEAN AIR [AC6911] pour ateliers - liquide 150L pour 300 voitures + 3 x \u00e9quipement complet : Pistolet + Lance + T\u00eate de brumisation + Raccord rapide - OFFRE SP\u00c9CIALE ! - NANOCLEAN","isPartOf":{"@id":"https:\/\/nanoclean24.com\/fr\/#website"},"datePublished":"2025-07-20T18:55:28+00:00","dateModified":"2025-10-21T21:31:17+00:00","breadcrumb":{"@id":"https:\/\/nanoclean24.com\/fr\/produit\/kit-expert-pro-nanoclean-air-ac6911-pour-ateliers-liquide-150l-pour-300-voitures-3-x-equipement-complet-pistolet-lance-tete-de-brumisation-raccord-rapide-offre-speciale\/#breadcrumb"},"inLanguage":"fr-FR","potentialAction":[{"@type":"ReadAction","target":["https:\/\/nanoclean24.com\/fr\/produit\/kit-expert-pro-nanoclean-air-ac6911-pour-ateliers-liquide-150l-pour-300-voitures-3-x-equipement-complet-pistolet-lance-tete-de-brumisation-raccord-rapide-offre-speciale\/"]}]},{"@type":"BreadcrumbList","@id":"https:\/\/nanoclean24.com\/fr\/produit\/kit-expert-pro-nanoclean-air-ac6911-pour-ateliers-liquide-150l-pour-300-voitures-3-x-equipement-complet-pistolet-lance-tete-de-brumisation-raccord-rapide-offre-speciale\/#breadcrumb","itemListElement":[{"@type":"ListItem","position":1,"name":"Strona g\u0142\u00f3wna","item":"https:\/\/nanoclean24.com\/fr\/"},{"@type":"ListItem","position":2,"name":"Boutique","item":"https:\/\/nanoclean24.com\/shop\/"},{"@type":"ListItem","position":3,"name":"KIT EXPERT-PRO NANOCLEAN AIR [AC6911] pour ateliers &#8211; liquide 150L pour 300 voitures + 3 x \u00e9quipement complet : Pistolet + Lance + T\u00eate de brumisation + Raccord rapide &#8211; OFFRE SP\u00c9CIALE !"}]},{"@type":"WebSite","@id":"https:\/\/nanoclean24.com\/fr\/#website","url":"https:\/\/nanoclean24.com\/fr\/","name":"NanoClean","description":"","publisher":{"@id":"https:\/\/nanoclean24.com\/fr\/#organization"},"potentialAction":[{"@type":"SearchAction","target":{"@type":"EntryPoint","urlTemplate":"https:\/\/nanoclean24.com\/fr\/?s={search_term_string}"},"query-input":{"@type":"PropertyValueSpecification","valueRequired":true,"valueName":"search_term_string"}}],"inLanguage":"fr-FR"},{"@type":"Organization","@id":"https:\/\/nanoclean24.com\/fr\/#organization","name":"NanoClean","url":"https:\/\/nanoclean24.com\/fr\/","logo":{"@type":"ImageObject","inLanguage":"fr-FR","@id":"https:\/\/nanoclean24.com\/fr\/#\/schema\/logo\/image\/","url":"https:\/\/nanoclean24.com\/wp-content\/uploads\/2025\/07\/logo-2.jpg","contentUrl":"https:\/\/nanoclean24.com\/wp-content\/uploads\/2025\/07\/logo-2.jpg","width":1068,"height":224,"caption":"NanoClean"},"image":{"@id":"https:\/\/nanoclean24.com\/fr\/#\/schema\/logo\/image\/"}}]}},"taxonomy_info":{"product_cat":[{"value":96,"label":"AC8 HOME"}]},"featured_image_src_large":false,"author_info":[],"comment_info":"","_links":{"self":[{"href":"https:\/\/nanoclean24.com\/fr\/wp-json\/wp\/v2\/product\/4612","targetHints":{"allow":["GET"]}}],"collection":[{"href":"https:\/\/nanoclean24.com\/fr\/wp-json\/wp\/v2\/product"}],"about":[{"href":"https:\/\/nanoclean24.com\/fr\/wp-json\/wp\/v2\/types\/product"}],"wp:attachment":[{"href":"https:\/\/nanoclean24.com\/fr\/wp-json\/wp\/v2\/media?parent=4612"}],"wp:term":[{"taxonomy":"product_brand","embeddable":true,"href":"https:\/\/nanoclean24.com\/fr\/wp-json\/wp\/v2\/product_brand?post=4612"},{"taxonomy":"product_cat","embeddable":true,"href":"https:\/\/nanoclean24.com\/fr\/wp-json\/wp\/v2\/product_cat?post=4612"},{"taxonomy":"product_tag","embeddable":true,"href":"https:\/\/nanoclean24.com\/fr\/wp-json\/wp\/v2\/product_tag?post=4612"}],"curies":[{"name":"wp","href":"https:\/\/api.w.org\/{rel}","templated":true}]}}