{"id":4608,"date":"2025-07-20T20:51:02","date_gmt":"2025-07-20T18:51:02","guid":{"rendered":"https:\/\/kadence.nanoclean.dev\/produkt\/kit-brume-seche-pour-garages-automobiles-ac-6903-liquide-1l-pour-10-voitures-pistolet-tete-de-brumisation-raccord-rapide\/"},"modified":"2025-11-08T13:32:26","modified_gmt":"2025-11-08T12:32:26","slug":"kit-brume-seche-pour-garages-automobiles-ac-6903-liquide-1l-pour-10-voitures-pistolet-tete-de-brumisation-raccord-rapide","status":"publish","type":"product","link":"https:\/\/nanoclean24.com\/fr\/produit\/kit-brume-seche-pour-garages-automobiles-ac-6903-liquide-1l-pour-10-voitures-pistolet-tete-de-brumisation-raccord-rapide\/","title":{"rendered":"KIT BRUME S\u00c8CHE pour garages automobiles (AC-6903) liquide 1L pour 10 voitures + Pistolet + T\u00eate de brumisation + Raccord rapide"},"content":{"rendered":"<p>Le kit comprend :<\/p>\n<p><strong>1. AC-69G5C NANOCLEAN\u00ae AIR Pr\u00eat \u00e0 l&#8217;emploi avec parfum citron ou lavande (1 bouteille de 1 L).<\/strong><\/p>\n<ul>\n<li>Liquide innovant pr\u00eat \u00e0 l&#8217;emploi pour <strong>nettoyer, rafra\u00eechir, d\u00e9sinfecter et assainir<\/strong> efficacement les syst\u00e8mes de climatisation et de ventilation des v\u00e9hicules.<\/li>\n<li>\u00c9limine les bact\u00e9ries <em>Legionella pneumophila<\/em> en 1 minute.<\/li>\n<li>SPECTRE BIOCIDE COMPLET : <strong>virus, champignons, moisissures, bact\u00e9ries, mycobact\u00e9ries, spores en <\/strong><strong>15 minutes.<\/strong><\/li>\n<li>Efficacit\u00e9 prouv\u00e9e par des tests selon les normes europ\u00e9ennes :<br \/>\nEN13697, EN13623, EN1040, EN1276, EN13727, EN1275, EN1650, EN13704, EN14476, EN14348<\/li>\n<li><strong>\u00c9limine durablement les mauvaises odeurs.<\/strong><\/li>\n<li>Rendement : 1L de liquide suffit pour n\u00e9buliser environ 10 voitures. <\/li>\n<li>Autorisation de mise sur le march\u00e9 du produit biocide n\u00b0 7406\/18.<\/li>\n<li><strong>Possibilit\u00e9 d&rsquo;utiliser le liquide \u00e9galement dans des appareils \u00e0 ultrasons.<\/strong><\/li>\n<\/ul>\n<p><strong>2. AC-69GUN NANOCLEAN\u00ae GUN<\/strong><\/p>\n<p>Pistolet doseur \u00e0 pression avec r\u00e9servoir de 1L pour air comprim\u00e9 jusqu&rsquo;\u00e0 10 bars, con\u00e7u<br \/>\npour distribuer le liquide NANOCLEAN\u00ae AIR en utilisant la lance AC-69INOX, la lance AC-69NYLON<br \/>\nou via la t\u00eate AC-69FUMI.<\/p>\n<p><strong>3. AC-69FUMI<\/strong> <strong>NANOCLEAN\u00ae FUMI-1<\/strong><\/p>\n<p>T\u00eate sp\u00e9cialis\u00e9e pour la n\u00e9bulisation \u00e0 brume s\u00e8che dans les espaces et les v\u00e9hicules.<br \/>\n(Facile \u00e0 monter sur le pistolet \u00e0 pression gr\u00e2ce au raccord rapide)<\/p>\n","protected":false},"excerpt":{"rendered":"<h3>AC-6903 KIT BRUME S\u00c8CHE \u2013 kit pr\u00eat \u00e0 l&#8217;emploi con\u00e7u pour la d\u00e9sinfection des int\u00e9rieurs de v\u00e9hicules par n\u00e9bulisation.<\/h3>\n<p>&nbsp;<\/p>\n<p><strong><img decoding=\"async\" class=\"emoji\" role=\"img\" src=\"https:\/\/s.w.org\/images\/core\/emoji\/16.0.1\/svg\/2705.svg\" alt=\"\u2705\" \/> FRA\u00ceCHEUR.<\/strong> \u00c9limine les odeurs d\u00e9sagr\u00e9ables en laissant un parfum agr\u00e9able plus longtemps.<\/p>\n<p><strong><img decoding=\"async\" class=\"emoji\" role=\"img\" src=\"https:\/\/s.w.org\/images\/core\/emoji\/16.0.1\/svg\/2705.svg\" alt=\"\u2705\" \/> FIABILIT\u00c9. SPECTRE BIOCIDE COMPLET : <\/strong><br \/>\nvirus, champignons, bact\u00e9ries, spores, mycobact\u00e9ries.<br \/>\n<em>Legionella pneumophila<\/em> en 1 minute.<\/p>\n<p><strong><img decoding=\"async\" class=\"emoji\" role=\"img\" src=\"https:\/\/s.w.org\/images\/core\/emoji\/16.0.1\/svg\/2705.svg\" alt=\"\u2705\" \/> EFFICACIT\u00c9.<\/strong> Prouv\u00e9e par des tests selon les normes europ\u00e9ennes :<br \/>\nEN1040, EN13727, EN1276, EN13697, EN13623, EN1275, EN1650, EN14476, EN13704, EN14348<\/p>\n<p><strong><img decoding=\"async\" class=\"emoji\" role=\"img\" src=\"https:\/\/s.w.org\/images\/core\/emoji\/16.0.1\/svg\/2705.svg\" alt=\"\u2705\" \/> CLIENTS SATISFAITS.<\/strong> Gr\u00e2ce \u00e0 une d\u00e9sinfection efficace.<\/p>\n","protected":false},"featured_media":4043,"template":"","meta":{"_kad_blocks_custom_css":"","_kad_blocks_head_custom_js":"","_kad_blocks_body_custom_js":"","_kad_blocks_footer_custom_js":"","_kad_post_transparent":"","_kad_post_title":"","_kad_post_layout":"","_kad_post_sidebar_id":"","_kad_post_content_style":"","_kad_post_vertical_padding":"","_kad_post_feature":"","_kad_post_feature_position":"","_kad_post_header":false,"_kad_post_footer":false,"_kad_post_classname":""},"product_brand":[],"product_cat":[177],"product_tag":[],"class_list":{"0":"post-4608","1":"product","2":"type-product","3":"status-publish","4":"has-post-thumbnail","6":"product_cat-car-ac-pro","8":"first","9":"instock","10":"taxable","11":"shipping-taxable","12":"purchasable","13":"product-type-simple","14":"entry","15":"content-bg","16":"loop-entry"},"yoast_head":"<!-- This site is optimized with the Yoast SEO plugin v27.4 - https:\/\/yoast.com\/product\/yoast-seo-wordpress\/ -->\n<title>KIT BRUME S\u00c8CHE pour garages automobiles (AC-6903) liquide 1L pour 10 voitures + Pistolet + T\u00eate de brumisation + Raccord rapide - NANOCLEAN<\/title>\n<meta name=\"robots\" content=\"index, follow, max-snippet:-1, max-image-preview:large, max-video-preview:-1\" \/>\n<link rel=\"canonical\" href=\"https:\/\/nanoclean24.com\/fr\/produit\/kit-brume-seche-pour-garages-automobiles-ac-6903-liquide-1l-pour-10-voitures-pistolet-tete-de-brumisation-raccord-rapide\/\" \/>\n<meta property=\"og:locale\" content=\"fr_FR\" \/>\n<meta property=\"og:type\" content=\"article\" \/>\n<meta property=\"og:title\" content=\"KIT BRUME S\u00c8CHE pour garages automobiles (AC-6903) liquide 1L pour 10 voitures + Pistolet + T\u00eate de brumisation + Raccord rapide - NANOCLEAN\" \/>\n<meta property=\"og:description\" content=\"AC-6903 KIT BRUME S\u00c8CHE \u2013 kit pr\u00eat \u00e0 l&#039;emploi con\u00e7u pour la d\u00e9sinfection des int\u00e9rieurs de v\u00e9hicules par n\u00e9bulisation. &nbsp;   FRA\u00ceCHEUR. \u00c9limine les odeurs d\u00e9sagr\u00e9ables en laissant un parfum agr\u00e9able plus longtemps.   FIABILIT\u00c9. SPECTRE BIOCIDE COMPLET :  virus, champignons, bact\u00e9ries, spores, mycobact\u00e9ries. Legionella pneumophila en 1 minute.   EFFICACIT\u00c9. Prouv\u00e9e par des tests selon les normes europ\u00e9ennes : EN1040, EN13727, EN1276, EN13697, EN13623, EN1275, EN1650, EN14476, EN13704, EN14348   CLIENTS SATISFAITS. Gr\u00e2ce \u00e0 une d\u00e9sinfection efficace.\" \/>\n<meta property=\"og:url\" content=\"https:\/\/nanoclean24.com\/fr\/produit\/kit-brume-seche-pour-garages-automobiles-ac-6903-liquide-1l-pour-10-voitures-pistolet-tete-de-brumisation-raccord-rapide\/\" \/>\n<meta property=\"og:site_name\" content=\"NANOCLEAN\" \/>\n<meta property=\"article:modified_time\" content=\"2025-11-08T12:32:26+00:00\" \/>\n<meta property=\"og:image\" content=\"https:\/\/nanoclean24.com\/wp-content\/uploads\/2025\/07\/ZESTAW-SUCHA-MGLA-dla-auto-warsztatow-AC-6903-plyn-1L-na-10-aut-Pistolet-Glowica-zamglawiajaca-Szybkozlacze.webp\" \/>\n\t<meta property=\"og:image:width\" content=\"900\" \/>\n\t<meta property=\"og:image:height\" content=\"900\" \/>\n\t<meta property=\"og:image:type\" content=\"image\/webp\" \/>\n<meta name=\"twitter:card\" content=\"summary_large_image\" \/>\n<meta name=\"twitter:label1\" content=\"Dur\u00e9e de lecture estim\u00e9e\" \/>\n\t<meta name=\"twitter:data1\" content=\"1 minute\" \/>\n<script type=\"application\/ld+json\" class=\"yoast-schema-graph\">{\"@context\":\"https:\\\/\\\/schema.org\",\"@graph\":[{\"@type\":\"WebPage\",\"@id\":\"https:\\\/\\\/nanoclean24.com\\\/fr\\\/produit\\\/kit-brume-seche-pour-garages-automobiles-ac-6903-liquide-1l-pour-10-voitures-pistolet-tete-de-brumisation-raccord-rapide\\\/\",\"url\":\"https:\\\/\\\/nanoclean24.com\\\/fr\\\/produit\\\/kit-brume-seche-pour-garages-automobiles-ac-6903-liquide-1l-pour-10-voitures-pistolet-tete-de-brumisation-raccord-rapide\\\/\",\"name\":\"KIT BRUME S\u00c8CHE pour garages automobiles (AC-6903) liquide 1L pour 10 voitures + Pistolet + T\u00eate de brumisation + Raccord rapide - NANOCLEAN\",\"isPartOf\":{\"@id\":\"https:\\\/\\\/nanoclean24.com\\\/fr\\\/#website\"},\"primaryImageOfPage\":{\"@id\":\"https:\\\/\\\/nanoclean24.com\\\/fr\\\/produit\\\/kit-brume-seche-pour-garages-automobiles-ac-6903-liquide-1l-pour-10-voitures-pistolet-tete-de-brumisation-raccord-rapide\\\/#primaryimage\"},\"image\":{\"@id\":\"https:\\\/\\\/nanoclean24.com\\\/fr\\\/produit\\\/kit-brume-seche-pour-garages-automobiles-ac-6903-liquide-1l-pour-10-voitures-pistolet-tete-de-brumisation-raccord-rapide\\\/#primaryimage\"},\"thumbnailUrl\":\"https:\\\/\\\/nanoclean24.com\\\/wp-content\\\/uploads\\\/2025\\\/07\\\/ZESTAW-SUCHA-MGLA-dla-auto-warsztatow-AC-6903-plyn-1L-na-10-aut-Pistolet-Glowica-zamglawiajaca-Szybkozlacze.webp\",\"datePublished\":\"2025-07-20T18:51:02+00:00\",\"dateModified\":\"2025-11-08T12:32:26+00:00\",\"breadcrumb\":{\"@id\":\"https:\\\/\\\/nanoclean24.com\\\/fr\\\/produit\\\/kit-brume-seche-pour-garages-automobiles-ac-6903-liquide-1l-pour-10-voitures-pistolet-tete-de-brumisation-raccord-rapide\\\/#breadcrumb\"},\"inLanguage\":\"fr-FR\",\"potentialAction\":[{\"@type\":\"ReadAction\",\"target\":[\"https:\\\/\\\/nanoclean24.com\\\/fr\\\/produit\\\/kit-brume-seche-pour-garages-automobiles-ac-6903-liquide-1l-pour-10-voitures-pistolet-tete-de-brumisation-raccord-rapide\\\/\"]}]},{\"@type\":\"ImageObject\",\"inLanguage\":\"fr-FR\",\"@id\":\"https:\\\/\\\/nanoclean24.com\\\/fr\\\/produit\\\/kit-brume-seche-pour-garages-automobiles-ac-6903-liquide-1l-pour-10-voitures-pistolet-tete-de-brumisation-raccord-rapide\\\/#primaryimage\",\"url\":\"https:\\\/\\\/nanoclean24.com\\\/wp-content\\\/uploads\\\/2025\\\/07\\\/ZESTAW-SUCHA-MGLA-dla-auto-warsztatow-AC-6903-plyn-1L-na-10-aut-Pistolet-Glowica-zamglawiajaca-Szybkozlacze.webp\",\"contentUrl\":\"https:\\\/\\\/nanoclean24.com\\\/wp-content\\\/uploads\\\/2025\\\/07\\\/ZESTAW-SUCHA-MGLA-dla-auto-warsztatow-AC-6903-plyn-1L-na-10-aut-Pistolet-Glowica-zamglawiajaca-Szybkozlacze.webp\",\"width\":900,\"height\":900},{\"@type\":\"BreadcrumbList\",\"@id\":\"https:\\\/\\\/nanoclean24.com\\\/fr\\\/produit\\\/kit-brume-seche-pour-garages-automobiles-ac-6903-liquide-1l-pour-10-voitures-pistolet-tete-de-brumisation-raccord-rapide\\\/#breadcrumb\",\"itemListElement\":[{\"@type\":\"ListItem\",\"position\":1,\"name\":\"Strona g\u0142\u00f3wna\",\"item\":\"https:\\\/\\\/nanoclean24.com\\\/fr\\\/\"},{\"@type\":\"ListItem\",\"position\":2,\"name\":\"Boutique\",\"item\":\"https:\\\/\\\/nanoclean24.com\\\/shop\\\/\"},{\"@type\":\"ListItem\",\"position\":3,\"name\":\"KIT BRUME S\u00c8CHE pour garages automobiles (AC-6903) liquide 1L pour 10 voitures + Pistolet + T\u00eate de brumisation + Raccord rapide\"}]},{\"@type\":\"WebSite\",\"@id\":\"https:\\\/\\\/nanoclean24.com\\\/fr\\\/#website\",\"url\":\"https:\\\/\\\/nanoclean24.com\\\/fr\\\/\",\"name\":\"NanoClean\",\"description\":\"\",\"publisher\":{\"@id\":\"https:\\\/\\\/nanoclean24.com\\\/fr\\\/#organization\"},\"potentialAction\":[{\"@type\":\"SearchAction\",\"target\":{\"@type\":\"EntryPoint\",\"urlTemplate\":\"https:\\\/\\\/nanoclean24.com\\\/fr\\\/?s={search_term_string}\"},\"query-input\":{\"@type\":\"PropertyValueSpecification\",\"valueRequired\":true,\"valueName\":\"search_term_string\"}}],\"inLanguage\":\"fr-FR\"},{\"@type\":\"Organization\",\"@id\":\"https:\\\/\\\/nanoclean24.com\\\/fr\\\/#organization\",\"name\":\"NanoClean\",\"url\":\"https:\\\/\\\/nanoclean24.com\\\/fr\\\/\",\"logo\":{\"@type\":\"ImageObject\",\"inLanguage\":\"fr-FR\",\"@id\":\"https:\\\/\\\/nanoclean24.com\\\/fr\\\/#\\\/schema\\\/logo\\\/image\\\/\",\"url\":\"https:\\\/\\\/nanoclean24.com\\\/wp-content\\\/uploads\\\/2025\\\/07\\\/logo-2.jpg\",\"contentUrl\":\"https:\\\/\\\/nanoclean24.com\\\/wp-content\\\/uploads\\\/2025\\\/07\\\/logo-2.jpg\",\"width\":1068,\"height\":224,\"caption\":\"NanoClean\"},\"image\":{\"@id\":\"https:\\\/\\\/nanoclean24.com\\\/fr\\\/#\\\/schema\\\/logo\\\/image\\\/\"}}]}<\/script>\n<!-- \/ Yoast SEO plugin. -->","yoast_head_json":{"title":"KIT BRUME S\u00c8CHE pour garages automobiles (AC-6903) liquide 1L pour 10 voitures + Pistolet + T\u00eate de brumisation + Raccord rapide - NANOCLEAN","robots":{"index":"index","follow":"follow","max-snippet":"max-snippet:-1","max-image-preview":"max-image-preview:large","max-video-preview":"max-video-preview:-1"},"canonical":"https:\/\/nanoclean24.com\/fr\/produit\/kit-brume-seche-pour-garages-automobiles-ac-6903-liquide-1l-pour-10-voitures-pistolet-tete-de-brumisation-raccord-rapide\/","og_locale":"fr_FR","og_type":"article","og_title":"KIT BRUME S\u00c8CHE pour garages automobiles (AC-6903) liquide 1L pour 10 voitures + Pistolet + T\u00eate de brumisation + Raccord rapide - NANOCLEAN","og_description":"AC-6903 KIT BRUME S\u00c8CHE \u2013 kit pr\u00eat \u00e0 l'emploi con\u00e7u pour la d\u00e9sinfection des int\u00e9rieurs de v\u00e9hicules par n\u00e9bulisation. &nbsp;   FRA\u00ceCHEUR. \u00c9limine les odeurs d\u00e9sagr\u00e9ables en laissant un parfum agr\u00e9able plus longtemps.   FIABILIT\u00c9. SPECTRE BIOCIDE COMPLET :  virus, champignons, bact\u00e9ries, spores, mycobact\u00e9ries. Legionella pneumophila en 1 minute.   EFFICACIT\u00c9. Prouv\u00e9e par des tests selon les normes europ\u00e9ennes : EN1040, EN13727, EN1276, EN13697, EN13623, EN1275, EN1650, EN14476, EN13704, EN14348   CLIENTS SATISFAITS. Gr\u00e2ce \u00e0 une d\u00e9sinfection efficace.","og_url":"https:\/\/nanoclean24.com\/fr\/produit\/kit-brume-seche-pour-garages-automobiles-ac-6903-liquide-1l-pour-10-voitures-pistolet-tete-de-brumisation-raccord-rapide\/","og_site_name":"NANOCLEAN","article_modified_time":"2025-11-08T12:32:26+00:00","og_image":[{"width":900,"height":900,"url":"https:\/\/nanoclean24.com\/wp-content\/uploads\/2025\/07\/ZESTAW-SUCHA-MGLA-dla-auto-warsztatow-AC-6903-plyn-1L-na-10-aut-Pistolet-Glowica-zamglawiajaca-Szybkozlacze.webp","type":"image\/webp"}],"twitter_card":"summary_large_image","twitter_misc":{"Dur\u00e9e de lecture estim\u00e9e":"1 minute"},"schema":{"@context":"https:\/\/schema.org","@graph":[{"@type":"WebPage","@id":"https:\/\/nanoclean24.com\/fr\/produit\/kit-brume-seche-pour-garages-automobiles-ac-6903-liquide-1l-pour-10-voitures-pistolet-tete-de-brumisation-raccord-rapide\/","url":"https:\/\/nanoclean24.com\/fr\/produit\/kit-brume-seche-pour-garages-automobiles-ac-6903-liquide-1l-pour-10-voitures-pistolet-tete-de-brumisation-raccord-rapide\/","name":"KIT BRUME S\u00c8CHE pour garages automobiles (AC-6903) liquide 1L pour 10 voitures + Pistolet + T\u00eate de brumisation + Raccord rapide - NANOCLEAN","isPartOf":{"@id":"https:\/\/nanoclean24.com\/fr\/#website"},"primaryImageOfPage":{"@id":"https:\/\/nanoclean24.com\/fr\/produit\/kit-brume-seche-pour-garages-automobiles-ac-6903-liquide-1l-pour-10-voitures-pistolet-tete-de-brumisation-raccord-rapide\/#primaryimage"},"image":{"@id":"https:\/\/nanoclean24.com\/fr\/produit\/kit-brume-seche-pour-garages-automobiles-ac-6903-liquide-1l-pour-10-voitures-pistolet-tete-de-brumisation-raccord-rapide\/#primaryimage"},"thumbnailUrl":"https:\/\/nanoclean24.com\/wp-content\/uploads\/2025\/07\/ZESTAW-SUCHA-MGLA-dla-auto-warsztatow-AC-6903-plyn-1L-na-10-aut-Pistolet-Glowica-zamglawiajaca-Szybkozlacze.webp","datePublished":"2025-07-20T18:51:02+00:00","dateModified":"2025-11-08T12:32:26+00:00","breadcrumb":{"@id":"https:\/\/nanoclean24.com\/fr\/produit\/kit-brume-seche-pour-garages-automobiles-ac-6903-liquide-1l-pour-10-voitures-pistolet-tete-de-brumisation-raccord-rapide\/#breadcrumb"},"inLanguage":"fr-FR","potentialAction":[{"@type":"ReadAction","target":["https:\/\/nanoclean24.com\/fr\/produit\/kit-brume-seche-pour-garages-automobiles-ac-6903-liquide-1l-pour-10-voitures-pistolet-tete-de-brumisation-raccord-rapide\/"]}]},{"@type":"ImageObject","inLanguage":"fr-FR","@id":"https:\/\/nanoclean24.com\/fr\/produit\/kit-brume-seche-pour-garages-automobiles-ac-6903-liquide-1l-pour-10-voitures-pistolet-tete-de-brumisation-raccord-rapide\/#primaryimage","url":"https:\/\/nanoclean24.com\/wp-content\/uploads\/2025\/07\/ZESTAW-SUCHA-MGLA-dla-auto-warsztatow-AC-6903-plyn-1L-na-10-aut-Pistolet-Glowica-zamglawiajaca-Szybkozlacze.webp","contentUrl":"https:\/\/nanoclean24.com\/wp-content\/uploads\/2025\/07\/ZESTAW-SUCHA-MGLA-dla-auto-warsztatow-AC-6903-plyn-1L-na-10-aut-Pistolet-Glowica-zamglawiajaca-Szybkozlacze.webp","width":900,"height":900},{"@type":"BreadcrumbList","@id":"https:\/\/nanoclean24.com\/fr\/produit\/kit-brume-seche-pour-garages-automobiles-ac-6903-liquide-1l-pour-10-voitures-pistolet-tete-de-brumisation-raccord-rapide\/#breadcrumb","itemListElement":[{"@type":"ListItem","position":1,"name":"Strona g\u0142\u00f3wna","item":"https:\/\/nanoclean24.com\/fr\/"},{"@type":"ListItem","position":2,"name":"Boutique","item":"https:\/\/nanoclean24.com\/shop\/"},{"@type":"ListItem","position":3,"name":"KIT BRUME S\u00c8CHE pour garages automobiles (AC-6903) liquide 1L pour 10 voitures + Pistolet + T\u00eate de brumisation + Raccord rapide"}]},{"@type":"WebSite","@id":"https:\/\/nanoclean24.com\/fr\/#website","url":"https:\/\/nanoclean24.com\/fr\/","name":"NanoClean","description":"","publisher":{"@id":"https:\/\/nanoclean24.com\/fr\/#organization"},"potentialAction":[{"@type":"SearchAction","target":{"@type":"EntryPoint","urlTemplate":"https:\/\/nanoclean24.com\/fr\/?s={search_term_string}"},"query-input":{"@type":"PropertyValueSpecification","valueRequired":true,"valueName":"search_term_string"}}],"inLanguage":"fr-FR"},{"@type":"Organization","@id":"https:\/\/nanoclean24.com\/fr\/#organization","name":"NanoClean","url":"https:\/\/nanoclean24.com\/fr\/","logo":{"@type":"ImageObject","inLanguage":"fr-FR","@id":"https:\/\/nanoclean24.com\/fr\/#\/schema\/logo\/image\/","url":"https:\/\/nanoclean24.com\/wp-content\/uploads\/2025\/07\/logo-2.jpg","contentUrl":"https:\/\/nanoclean24.com\/wp-content\/uploads\/2025\/07\/logo-2.jpg","width":1068,"height":224,"caption":"NanoClean"},"image":{"@id":"https:\/\/nanoclean24.com\/fr\/#\/schema\/logo\/image\/"}}]}},"taxonomy_info":{"product_cat":[{"value":177,"label":"CAR AC PRO"}]},"featured_image_src_large":["https:\/\/nanoclean24.com\/wp-content\/uploads\/2025\/07\/ZESTAW-SUCHA-MGLA-dla-auto-warsztatow-AC-6903-plyn-1L-na-10-aut-Pistolet-Glowica-zamglawiajaca-Szybkozlacze.webp",900,900,false],"author_info":[],"comment_info":"","_links":{"self":[{"href":"https:\/\/nanoclean24.com\/fr\/wp-json\/wp\/v2\/product\/4608","targetHints":{"allow":["GET"]}}],"collection":[{"href":"https:\/\/nanoclean24.com\/fr\/wp-json\/wp\/v2\/product"}],"about":[{"href":"https:\/\/nanoclean24.com\/fr\/wp-json\/wp\/v2\/types\/product"}],"wp:featuredmedia":[{"embeddable":true,"href":"https:\/\/nanoclean24.com\/fr\/wp-json\/wp\/v2\/media\/4043"}],"wp:attachment":[{"href":"https:\/\/nanoclean24.com\/fr\/wp-json\/wp\/v2\/media?parent=4608"}],"wp:term":[{"taxonomy":"product_brand","embeddable":true,"href":"https:\/\/nanoclean24.com\/fr\/wp-json\/wp\/v2\/product_brand?post=4608"},{"taxonomy":"product_cat","embeddable":true,"href":"https:\/\/nanoclean24.com\/fr\/wp-json\/wp\/v2\/product_cat?post=4608"},{"taxonomy":"product_tag","embeddable":true,"href":"https:\/\/nanoclean24.com\/fr\/wp-json\/wp\/v2\/product_tag?post=4608"}],"curies":[{"name":"wp","href":"https:\/\/api.w.org\/{rel}","templated":true}]}}