{"id":4603,"date":"2025-07-20T20:21:51","date_gmt":"2025-07-20T18:21:51","guid":{"rendered":"https:\/\/kadence.nanoclean.dev\/produkt\/solution-nettoyante-et-desinfectante-pour-surfaces-nanocleanac8-home\/"},"modified":"2025-10-24T16:30:19","modified_gmt":"2025-10-24T14:30:19","slug":"solution-nettoyante-et-desinfectante-pour-surfaces-nanocleanac8-home","status":"publish","type":"product","link":"https:\/\/nanoclean24.com\/fr\/produit\/solution-nettoyante-et-desinfectante-pour-surfaces-nanocleanac8-home\/","title":{"rendered":"NANOCLEAN\u00ae AC8 HOME SURFACE liquide nettoyant et d\u00e9sinfectant en vaporisateur 490ML"},"content":{"rendered":"<p><strong>5in1 : Nettoyage, rafra\u00eechissement, d\u00e9senfumage, d\u00e9sinfection, protection<\/strong><\/p>\n<p>D\u00e9couvrez NANOCLEAN AC8 POUR LE NETTOYAGE ET LA D\u00c9SINFECTION DES SURFACES \u00c0 LA MAISON, une pr\u00e9paration innovante 5 en 1 qui assure un entretien complet de votre maison. Ce produit exceptionnel nettoie, rafra\u00eechit, \u00e9limine les moisissures, d\u00e9sinfecte et prot\u00e8ge contre le d\u00e9veloppement de moisissures et d&rsquo;odeurs d\u00e9sagr\u00e9ables, garantissant une propret\u00e9 et une hygi\u00e8ne impeccables. <\/p>\n<h3><strong>Propri\u00e9t\u00e9s uniques<\/strong><\/h3>\n<ul>\n<li>Formule innovante sans chlore, sans alcool, sans acide, sans ald\u00e9hydes : travaillez sans \u00e9manations nocives, sans danger pour la sant\u00e9.<\/li>\n<li>Parfum floral d\u00e9licat : Choisissez une version \u00e0 l&rsquo;ar\u00f4me floral subtil pour un rafra\u00eechissement suppl\u00e9mentaire.<\/li>\n<li>\u00c9limination des moisissures et des bact\u00e9ries : Full Biocidal Spectrum est la seule solution sur le march\u00e9 qui \u00e9limine efficacement les bact\u00e9ries, les virus, les champignons, les moisissures, les spores et les mycobact\u00e9ries, garantissant ainsi le plus haut niveau d&rsquo;hygi\u00e8ne.<\/li>\n<li>Sans danger pour les surfaces domestiques : Formul\u00e9 pour traiter les articles m\u00e9nagers d\u00e9licats sans risquer de les endommager.<\/li>\n<\/ul>\n<h3><strong>Mode d&#8217;emploi<\/strong><\/h3>\n<ol>\n<li>Remarque : il convient de toujours suivre les instructions du fabricant de l&rsquo;\u00e9quipement.<\/li>\n<li>Vider les surfaces des objets susceptibles de g\u00eaner le nettoyage.<\/li>\n<li>Vaporiser NANOCLEAN AC8 POUR LE NETTOYAGE ET LA D\u00c9SINFECTION DES SURFACES DANS LA MAISON sur toutes les surfaces, y compris les comptoirs, les sols, les carrelages, les meubles et autres, et attendre 5 \u00e0 15 minutes pour d\u00e9contaminer toutes les surfaces.<\/li>\n<li>Vaporisez sur un chiffon en microfibre et essuyez toutes les surfaces pulv\u00e9ris\u00e9es.<\/li>\n<li>Si n\u00e9cessaire, essuyer les surfaces avec un chiffon propre et humide pour \u00e9liminer tout r\u00e9sidu de produit.<\/li>\n<li>Laisser les surfaces s\u00e9cher compl\u00e8tement avant de les r\u00e9utiliser.<\/li>\n<\/ol>\n<p>Remarque : NANOCLEAN AC8 est \u00e9galement efficace en cas d&rsquo;urgence. Il \u00e9limine imm\u00e9diatement les mauvaises odeurs, nettoie et d\u00e9sinfecte les surfaces contamin\u00e9es par des moisissures ou d&rsquo;autres salissures organiques. <\/p>\n<p>Les produits biocides doivent \u00eatre utilis\u00e9s avec pr\u00e9caution. Lisez l&rsquo;\u00e9tiquette et les informations sur le produit avant chaque utilisation. <\/p>\n<h3><strong>Agr\u00e9ments<\/strong><\/h3>\n<ul>\n<li> Autorisation de mise sur le march\u00e9 du produit biocide : N\u00b0 7406\/18.<\/li>\n<li>Agr\u00e9ment PZH : n\u00b0 B.BK.60112.0333.2023.<\/li>\n<li>NON-INFLAMMABLE : formule \u00e0 base d&rsquo;eau, sans alcool, ininflammable, sans acides, sans ph\u00e9nols, sans solvants organiques.<\/li>\n<\/ul>\n<h3><strong>Conseils pour les utilisateurs domestiques<\/strong><\/h3>\n<ul>\n<li>Nettoyage r\u00e9gulier : Nettoyez r\u00e9guli\u00e8rement les surfaces domestiques pour \u00e9viter l&rsquo;accumulation de salet\u00e9 et de d\u00e9p\u00f4ts, ce qui assurera une meilleure efficacit\u00e9 et une dur\u00e9e de vie plus longue de votre \u00e9quipement.<\/li>\n<li>Stockage appropri\u00e9 : Assurez-vous que les produits d&rsquo;hygi\u00e8ne sont correctement stock\u00e9s pour minimiser le risque de fuites et la formation d&rsquo;odeurs d\u00e9sagr\u00e9ables.<\/li>\n<li>\u00c9vitez la surcharge : Surcharger les surfaces domestiques peut conduire \u00e0 un nettoyage incomplet et \u00e0 l&rsquo;accumulation de contaminants, ce qui peut provoquer des odeurs d\u00e9sagr\u00e9ables.<\/li>\n<li>Ventilation : A\u00e9rez r\u00e9guli\u00e8rement les pi\u00e8ces pour \u00e9viter l&rsquo;accumulation d&rsquo;humidit\u00e9 et le d\u00e9veloppement de moisissures.<\/li>\n<\/ul>\n<p>Choisissez NANOCLEAN AC8 POUR LE NETTOYAGE ET LA D\u00c9SINFECTION DES SURFACES \u00c0 LA MAISON et assurez \u00e0 votre maison un entretien complet et le plus haut niveau d&rsquo;hygi\u00e8ne. Prenez soin de votre maison avec NANOCLEAN AC8 et profitez de la propret\u00e9 et de la fra\u00eecheur chaque jour. <\/p>\n<p>Achetez maintenant et d\u00e9couvrez la diff\u00e9rence.<\/p>\n","protected":false},"excerpt":{"rendered":"<p><strong><img decoding=\"async\" class=\"emoji\" role=\"img\" src=\"https:\/\/s.w.org\/images\/core\/emoji\/16.0.1\/svg\/2705.svg\" alt=\"\u2705\"> <\/strong>Neutralisation imm\u00e9diate des odeurs : \u00c9limine toutes les odeurs d\u00e9sagr\u00e9ables, laissant la maison fra\u00eeche et pr\u00eate \u00e0 l&#8217;emploi.<\/p>\n<p><strong><img decoding=\"async\" class=\"emoji\" role=\"img\" src=\"https:\/\/s.w.org\/images\/core\/emoji\/16.0.1\/svg\/2705.svg\" alt=\"\u2705\"> <\/strong>Nettoyage efficace : \u00c9limine efficacement la salet\u00e9, la poussi\u00e8re et les d\u00e9p\u00f4ts, en prenant soin de la propret\u00e9 de toutes les surfaces de la maison.<\/p>\n<p><strong><img decoding=\"async\" class=\"emoji\" role=\"img\" src=\"https:\/\/s.w.org\/images\/core\/emoji\/16.0.1\/svg\/2705.svg\" alt=\"\u2705\"> <\/strong>\u00c9limination des Moisissures et D\u00e9sinfection : La formule compl\u00e8te assure une \u00e9limination totale des moisissures et une d\u00e9sinfection en un seul processus, \u00e9liminant les risques biologiques.<\/p>\n<p><strong><img decoding=\"async\" class=\"emoji\" role=\"img\" src=\"https:\/\/s.w.org\/images\/core\/emoji\/16.0.1\/svg\/2705.svg\" alt=\"\u2705\"> <\/strong>Protection contre les moisissures : Cr\u00e9e une barri\u00e8re protectrice qui emp\u00eache le d\u00e9veloppement des moisissures et des micro-organismes, assurant une hygi\u00e8ne durable.<\/p>\n","protected":false},"featured_media":3379,"template":"","meta":{"_kad_blocks_custom_css":"","_kad_blocks_head_custom_js":"","_kad_blocks_body_custom_js":"","_kad_blocks_footer_custom_js":"","_kad_post_transparent":"","_kad_post_title":"","_kad_post_layout":"","_kad_post_sidebar_id":"","_kad_post_content_style":"","_kad_post_vertical_padding":"","_kad_post_feature":"","_kad_post_feature_position":"","_kad_post_header":false,"_kad_post_footer":false,"_kad_post_classname":""},"product_brand":[],"product_cat":[96],"product_tag":[],"class_list":{"0":"post-4603","1":"product","2":"type-product","3":"status-publish","4":"has-post-thumbnail","6":"product_cat-home-fr","8":"first","9":"instock","10":"taxable","11":"shipping-taxable","12":"purchasable","13":"product-type-simple","14":"entry","15":"content-bg","16":"loop-entry"},"yoast_head":"<!-- This site is optimized with the Yoast SEO plugin v27.4 - https:\/\/yoast.com\/product\/yoast-seo-wordpress\/ -->\n<title>NANOCLEAN\u00ae AC8 HOME SURFACE liquide nettoyant et d\u00e9sinfectant en vaporisateur 490ML - NANOCLEAN<\/title>\n<meta name=\"robots\" content=\"index, follow, max-snippet:-1, max-image-preview:large, max-video-preview:-1\" \/>\n<link rel=\"canonical\" href=\"https:\/\/nanoclean24.com\/fr\/produit\/solution-nettoyante-et-desinfectante-pour-surfaces-nanocleanac8-home\/\" \/>\n<meta property=\"og:locale\" content=\"fr_FR\" \/>\n<meta property=\"og:type\" content=\"article\" \/>\n<meta property=\"og:title\" content=\"NANOCLEAN\u00ae AC8 HOME SURFACE liquide nettoyant et d\u00e9sinfectant en vaporisateur 490ML - NANOCLEAN\" \/>\n<meta property=\"og:description\" content=\"Neutralisation imm\u00e9diate des odeurs : \u00c9limine toutes les odeurs d\u00e9sagr\u00e9ables, laissant la maison fra\u00eeche et pr\u00eate \u00e0 l&#039;emploi.  Nettoyage efficace : \u00c9limine efficacement la salet\u00e9, la poussi\u00e8re et les d\u00e9p\u00f4ts, en prenant soin de la propret\u00e9 de toutes les surfaces de la maison.  \u00c9limination des Moisissures et D\u00e9sinfection : La formule compl\u00e8te assure une \u00e9limination totale des moisissures et une d\u00e9sinfection en un seul processus, \u00e9liminant les risques biologiques.  Protection contre les moisissures : Cr\u00e9e une barri\u00e8re protectrice qui emp\u00eache le d\u00e9veloppement des moisissures et des micro-organismes, assurant une hygi\u00e8ne durable.\" \/>\n<meta property=\"og:url\" content=\"https:\/\/nanoclean24.com\/fr\/produit\/solution-nettoyante-et-desinfectante-pour-surfaces-nanocleanac8-home\/\" \/>\n<meta property=\"og:site_name\" content=\"NANOCLEAN\" \/>\n<meta property=\"article:modified_time\" content=\"2025-10-24T14:30:19+00:00\" \/>\n<meta property=\"og:image\" content=\"https:\/\/nanoclean24.com\/wp-content\/uploads\/2025\/07\/ac8-POWIERZCHNIA.jpg\" \/>\n\t<meta property=\"og:image:width\" content=\"1280\" \/>\n\t<meta property=\"og:image:height\" content=\"1280\" \/>\n\t<meta property=\"og:image:type\" content=\"image\/jpeg\" \/>\n<meta name=\"twitter:card\" content=\"summary_large_image\" \/>\n<meta name=\"twitter:label1\" content=\"Dur\u00e9e de lecture estim\u00e9e\" \/>\n\t<meta name=\"twitter:data1\" content=\"3 minutes\" \/>\n<script type=\"application\/ld+json\" class=\"yoast-schema-graph\">{\"@context\":\"https:\\\/\\\/schema.org\",\"@graph\":[{\"@type\":\"WebPage\",\"@id\":\"https:\\\/\\\/nanoclean24.com\\\/fr\\\/produit\\\/solution-nettoyante-et-desinfectante-pour-surfaces-nanocleanac8-home\\\/\",\"url\":\"https:\\\/\\\/nanoclean24.com\\\/fr\\\/produit\\\/solution-nettoyante-et-desinfectante-pour-surfaces-nanocleanac8-home\\\/\",\"name\":\"NANOCLEAN\u00ae AC8 HOME SURFACE liquide nettoyant et d\u00e9sinfectant en vaporisateur 490ML - NANOCLEAN\",\"isPartOf\":{\"@id\":\"https:\\\/\\\/nanoclean24.com\\\/fr\\\/#website\"},\"primaryImageOfPage\":{\"@id\":\"https:\\\/\\\/nanoclean24.com\\\/fr\\\/produit\\\/solution-nettoyante-et-desinfectante-pour-surfaces-nanocleanac8-home\\\/#primaryimage\"},\"image\":{\"@id\":\"https:\\\/\\\/nanoclean24.com\\\/fr\\\/produit\\\/solution-nettoyante-et-desinfectante-pour-surfaces-nanocleanac8-home\\\/#primaryimage\"},\"thumbnailUrl\":\"https:\\\/\\\/nanoclean24.com\\\/wp-content\\\/uploads\\\/2025\\\/07\\\/ac8-do-powierzchni-1.webp\",\"datePublished\":\"2025-07-20T18:21:51+00:00\",\"dateModified\":\"2025-10-24T14:30:19+00:00\",\"breadcrumb\":{\"@id\":\"https:\\\/\\\/nanoclean24.com\\\/fr\\\/produit\\\/solution-nettoyante-et-desinfectante-pour-surfaces-nanocleanac8-home\\\/#breadcrumb\"},\"inLanguage\":\"fr-FR\",\"potentialAction\":[{\"@type\":\"ReadAction\",\"target\":[\"https:\\\/\\\/nanoclean24.com\\\/fr\\\/produit\\\/solution-nettoyante-et-desinfectante-pour-surfaces-nanocleanac8-home\\\/\"]}]},{\"@type\":\"ImageObject\",\"inLanguage\":\"fr-FR\",\"@id\":\"https:\\\/\\\/nanoclean24.com\\\/fr\\\/produit\\\/solution-nettoyante-et-desinfectante-pour-surfaces-nanocleanac8-home\\\/#primaryimage\",\"url\":\"https:\\\/\\\/nanoclean24.com\\\/wp-content\\\/uploads\\\/2025\\\/07\\\/ac8-do-powierzchni-1.webp\",\"contentUrl\":\"https:\\\/\\\/nanoclean24.com\\\/wp-content\\\/uploads\\\/2025\\\/07\\\/ac8-do-powierzchni-1.webp\",\"width\":1080,\"height\":1080},{\"@type\":\"BreadcrumbList\",\"@id\":\"https:\\\/\\\/nanoclean24.com\\\/fr\\\/produit\\\/solution-nettoyante-et-desinfectante-pour-surfaces-nanocleanac8-home\\\/#breadcrumb\",\"itemListElement\":[{\"@type\":\"ListItem\",\"position\":1,\"name\":\"Strona g\u0142\u00f3wna\",\"item\":\"https:\\\/\\\/nanoclean24.com\\\/fr\\\/\"},{\"@type\":\"ListItem\",\"position\":2,\"name\":\"Boutique\",\"item\":\"https:\\\/\\\/nanoclean24.com\\\/shop\\\/\"},{\"@type\":\"ListItem\",\"position\":3,\"name\":\"NANOCLEAN\u00ae AC8 HOME SURFACE liquide nettoyant et d\u00e9sinfectant en vaporisateur 490ML\"}]},{\"@type\":\"WebSite\",\"@id\":\"https:\\\/\\\/nanoclean24.com\\\/fr\\\/#website\",\"url\":\"https:\\\/\\\/nanoclean24.com\\\/fr\\\/\",\"name\":\"NanoClean\",\"description\":\"\",\"publisher\":{\"@id\":\"https:\\\/\\\/nanoclean24.com\\\/fr\\\/#organization\"},\"potentialAction\":[{\"@type\":\"SearchAction\",\"target\":{\"@type\":\"EntryPoint\",\"urlTemplate\":\"https:\\\/\\\/nanoclean24.com\\\/fr\\\/?s={search_term_string}\"},\"query-input\":{\"@type\":\"PropertyValueSpecification\",\"valueRequired\":true,\"valueName\":\"search_term_string\"}}],\"inLanguage\":\"fr-FR\"},{\"@type\":\"Organization\",\"@id\":\"https:\\\/\\\/nanoclean24.com\\\/fr\\\/#organization\",\"name\":\"NanoClean\",\"url\":\"https:\\\/\\\/nanoclean24.com\\\/fr\\\/\",\"logo\":{\"@type\":\"ImageObject\",\"inLanguage\":\"fr-FR\",\"@id\":\"https:\\\/\\\/nanoclean24.com\\\/fr\\\/#\\\/schema\\\/logo\\\/image\\\/\",\"url\":\"https:\\\/\\\/nanoclean24.com\\\/wp-content\\\/uploads\\\/2025\\\/07\\\/logo-2.jpg\",\"contentUrl\":\"https:\\\/\\\/nanoclean24.com\\\/wp-content\\\/uploads\\\/2025\\\/07\\\/logo-2.jpg\",\"width\":1068,\"height\":224,\"caption\":\"NanoClean\"},\"image\":{\"@id\":\"https:\\\/\\\/nanoclean24.com\\\/fr\\\/#\\\/schema\\\/logo\\\/image\\\/\"}}]}<\/script>\n<!-- \/ Yoast SEO plugin. -->","yoast_head_json":{"title":"NANOCLEAN\u00ae AC8 HOME SURFACE liquide nettoyant et d\u00e9sinfectant en vaporisateur 490ML - NANOCLEAN","robots":{"index":"index","follow":"follow","max-snippet":"max-snippet:-1","max-image-preview":"max-image-preview:large","max-video-preview":"max-video-preview:-1"},"canonical":"https:\/\/nanoclean24.com\/fr\/produit\/solution-nettoyante-et-desinfectante-pour-surfaces-nanocleanac8-home\/","og_locale":"fr_FR","og_type":"article","og_title":"NANOCLEAN\u00ae AC8 HOME SURFACE liquide nettoyant et d\u00e9sinfectant en vaporisateur 490ML - NANOCLEAN","og_description":"Neutralisation imm\u00e9diate des odeurs : \u00c9limine toutes les odeurs d\u00e9sagr\u00e9ables, laissant la maison fra\u00eeche et pr\u00eate \u00e0 l'emploi.  Nettoyage efficace : \u00c9limine efficacement la salet\u00e9, la poussi\u00e8re et les d\u00e9p\u00f4ts, en prenant soin de la propret\u00e9 de toutes les surfaces de la maison.  \u00c9limination des Moisissures et D\u00e9sinfection : La formule compl\u00e8te assure une \u00e9limination totale des moisissures et une d\u00e9sinfection en un seul processus, \u00e9liminant les risques biologiques.  Protection contre les moisissures : Cr\u00e9e une barri\u00e8re protectrice qui emp\u00eache le d\u00e9veloppement des moisissures et des micro-organismes, assurant une hygi\u00e8ne durable.","og_url":"https:\/\/nanoclean24.com\/fr\/produit\/solution-nettoyante-et-desinfectante-pour-surfaces-nanocleanac8-home\/","og_site_name":"NANOCLEAN","article_modified_time":"2025-10-24T14:30:19+00:00","og_image":[{"width":1280,"height":1280,"url":"https:\/\/nanoclean24.com\/wp-content\/uploads\/2025\/07\/ac8-POWIERZCHNIA.jpg","type":"image\/jpeg"}],"twitter_card":"summary_large_image","twitter_misc":{"Dur\u00e9e de lecture estim\u00e9e":"3 minutes"},"schema":{"@context":"https:\/\/schema.org","@graph":[{"@type":"WebPage","@id":"https:\/\/nanoclean24.com\/fr\/produit\/solution-nettoyante-et-desinfectante-pour-surfaces-nanocleanac8-home\/","url":"https:\/\/nanoclean24.com\/fr\/produit\/solution-nettoyante-et-desinfectante-pour-surfaces-nanocleanac8-home\/","name":"NANOCLEAN\u00ae AC8 HOME SURFACE liquide nettoyant et d\u00e9sinfectant en vaporisateur 490ML - NANOCLEAN","isPartOf":{"@id":"https:\/\/nanoclean24.com\/fr\/#website"},"primaryImageOfPage":{"@id":"https:\/\/nanoclean24.com\/fr\/produit\/solution-nettoyante-et-desinfectante-pour-surfaces-nanocleanac8-home\/#primaryimage"},"image":{"@id":"https:\/\/nanoclean24.com\/fr\/produit\/solution-nettoyante-et-desinfectante-pour-surfaces-nanocleanac8-home\/#primaryimage"},"thumbnailUrl":"https:\/\/nanoclean24.com\/wp-content\/uploads\/2025\/07\/ac8-do-powierzchni-1.webp","datePublished":"2025-07-20T18:21:51+00:00","dateModified":"2025-10-24T14:30:19+00:00","breadcrumb":{"@id":"https:\/\/nanoclean24.com\/fr\/produit\/solution-nettoyante-et-desinfectante-pour-surfaces-nanocleanac8-home\/#breadcrumb"},"inLanguage":"fr-FR","potentialAction":[{"@type":"ReadAction","target":["https:\/\/nanoclean24.com\/fr\/produit\/solution-nettoyante-et-desinfectante-pour-surfaces-nanocleanac8-home\/"]}]},{"@type":"ImageObject","inLanguage":"fr-FR","@id":"https:\/\/nanoclean24.com\/fr\/produit\/solution-nettoyante-et-desinfectante-pour-surfaces-nanocleanac8-home\/#primaryimage","url":"https:\/\/nanoclean24.com\/wp-content\/uploads\/2025\/07\/ac8-do-powierzchni-1.webp","contentUrl":"https:\/\/nanoclean24.com\/wp-content\/uploads\/2025\/07\/ac8-do-powierzchni-1.webp","width":1080,"height":1080},{"@type":"BreadcrumbList","@id":"https:\/\/nanoclean24.com\/fr\/produit\/solution-nettoyante-et-desinfectante-pour-surfaces-nanocleanac8-home\/#breadcrumb","itemListElement":[{"@type":"ListItem","position":1,"name":"Strona g\u0142\u00f3wna","item":"https:\/\/nanoclean24.com\/fr\/"},{"@type":"ListItem","position":2,"name":"Boutique","item":"https:\/\/nanoclean24.com\/shop\/"},{"@type":"ListItem","position":3,"name":"NANOCLEAN\u00ae AC8 HOME SURFACE liquide nettoyant et d\u00e9sinfectant en vaporisateur 490ML"}]},{"@type":"WebSite","@id":"https:\/\/nanoclean24.com\/fr\/#website","url":"https:\/\/nanoclean24.com\/fr\/","name":"NanoClean","description":"","publisher":{"@id":"https:\/\/nanoclean24.com\/fr\/#organization"},"potentialAction":[{"@type":"SearchAction","target":{"@type":"EntryPoint","urlTemplate":"https:\/\/nanoclean24.com\/fr\/?s={search_term_string}"},"query-input":{"@type":"PropertyValueSpecification","valueRequired":true,"valueName":"search_term_string"}}],"inLanguage":"fr-FR"},{"@type":"Organization","@id":"https:\/\/nanoclean24.com\/fr\/#organization","name":"NanoClean","url":"https:\/\/nanoclean24.com\/fr\/","logo":{"@type":"ImageObject","inLanguage":"fr-FR","@id":"https:\/\/nanoclean24.com\/fr\/#\/schema\/logo\/image\/","url":"https:\/\/nanoclean24.com\/wp-content\/uploads\/2025\/07\/logo-2.jpg","contentUrl":"https:\/\/nanoclean24.com\/wp-content\/uploads\/2025\/07\/logo-2.jpg","width":1068,"height":224,"caption":"NanoClean"},"image":{"@id":"https:\/\/nanoclean24.com\/fr\/#\/schema\/logo\/image\/"}}]}},"taxonomy_info":{"product_cat":[{"value":96,"label":"AC8 HOME"}]},"featured_image_src_large":["https:\/\/nanoclean24.com\/wp-content\/uploads\/2025\/07\/ac8-do-powierzchni-1-1024x1024.webp",1024,1024,true],"author_info":[],"comment_info":"","_links":{"self":[{"href":"https:\/\/nanoclean24.com\/fr\/wp-json\/wp\/v2\/product\/4603","targetHints":{"allow":["GET"]}}],"collection":[{"href":"https:\/\/nanoclean24.com\/fr\/wp-json\/wp\/v2\/product"}],"about":[{"href":"https:\/\/nanoclean24.com\/fr\/wp-json\/wp\/v2\/types\/product"}],"wp:featuredmedia":[{"embeddable":true,"href":"https:\/\/nanoclean24.com\/fr\/wp-json\/wp\/v2\/media\/3379"}],"wp:attachment":[{"href":"https:\/\/nanoclean24.com\/fr\/wp-json\/wp\/v2\/media?parent=4603"}],"wp:term":[{"taxonomy":"product_brand","embeddable":true,"href":"https:\/\/nanoclean24.com\/fr\/wp-json\/wp\/v2\/product_brand?post=4603"},{"taxonomy":"product_cat","embeddable":true,"href":"https:\/\/nanoclean24.com\/fr\/wp-json\/wp\/v2\/product_cat?post=4603"},{"taxonomy":"product_tag","embeddable":true,"href":"https:\/\/nanoclean24.com\/fr\/wp-json\/wp\/v2\/product_tag?post=4603"}],"curies":[{"name":"wp","href":"https:\/\/api.w.org\/{rel}","templated":true}]}}