{"id":4596,"date":"2025-07-20T20:05:19","date_gmt":"2025-07-20T18:05:19","guid":{"rendered":"https:\/\/kadence.nanoclean.dev\/produkt\/2x-aerosol-pour-desinfection-de-climatisation-nanoclean-air-500ml-lavandefloral\/"},"modified":"2025-10-24T16:59:03","modified_gmt":"2025-10-24T14:59:03","slug":"2x-aerosol-pour-desinfection-de-climatisation-nanoclean-air-500ml-lavandefloral","status":"publish","type":"product","link":"https:\/\/nanoclean24.com\/fr\/produit\/2x-aerosol-pour-desinfection-de-climatisation-nanoclean-air-500ml-lavandefloral\/","title":{"rendered":"2x NANOCLEAN\u00ae AIR climatisation d\u00e9shumidification a\u00e9rosol 500ML + floral 500ML"},"content":{"rendered":"<p><b>Nettoie efficacement la climatisation \u00e0 domicile<\/b><\/p>\n<p>\u00c9limine les contaminants organiques : moisissures, champignons, poussi\u00e8re, graisse, huile, taches grasses sur les tissus d&rsquo;ameublement et les tapis, d\u00e9chets organiques, etc. Non seulement rafra\u00eechit et d\u00e9sinfecte la climatisation, mais assure \u00e9galement une d\u00e9sinfection compl\u00e8te. \u00c9limine les odeurs d\u00e9sagr\u00e9ables &#8211; supprime durablement l&rsquo;odeur d\u00e9sagr\u00e9able de moisissure et l&rsquo;odeur d\u00e9plaisante des d\u00e9chets organiques.  <\/p>\n<p>Pratique et facile \u00e0 utiliser &#8211; produit pr\u00eat \u00e0 l&#8217;emploi en spray pour les climatiseurs domestiques et toutes les surfaces.<\/p>\n","protected":false},"excerpt":{"rendered":"<p>Nettoie efficacement la climatisation \u00e0 domicile \u00c9limine les contaminants organiques : moisissures, champignons, poussi\u00e8re, graisse, huile, taches grasses sur les tissus d&rsquo;ameublement et les tapis, d\u00e9chets organiques, etc. Non seulement rafra\u00eechit et d\u00e9sinfecte la climatisation, mais assure \u00e9galement une d\u00e9sinfection compl\u00e8te. \u00c9limine les odeurs d\u00e9sagr\u00e9ables &#8211; supprime durablement l&rsquo;odeur d\u00e9sagr\u00e9able de moisissure et l&rsquo;odeur d\u00e9plaisante&#8230;<\/p>\n","protected":false},"featured_media":0,"template":"","meta":{"_kad_blocks_custom_css":"","_kad_blocks_head_custom_js":"","_kad_blocks_body_custom_js":"","_kad_blocks_footer_custom_js":"","_kad_post_transparent":"","_kad_post_title":"","_kad_post_layout":"","_kad_post_sidebar_id":"","_kad_post_content_style":"","_kad_post_vertical_padding":"","_kad_post_feature":"","_kad_post_feature_position":"","_kad_post_header":false,"_kad_post_footer":false,"_kad_post_classname":""},"product_brand":[],"product_cat":[84],"product_tag":[],"class_list":{"0":"post-4596","1":"product","2":"type-product","3":"status-publish","5":"product_cat-ac8-home","7":"first","8":"instock","9":"taxable","10":"shipping-taxable","11":"purchasable","12":"product-type-simple","13":"entry","14":"content-bg","15":"loop-entry"},"yoast_head":"<!-- This site is optimized with the Yoast SEO plugin v27.2 - https:\/\/yoast.com\/product\/yoast-seo-wordpress\/ -->\n<title>2x NANOCLEAN\u00ae AIR climatisation d\u00e9shumidification a\u00e9rosol 500ML + floral 500ML - NANOCLEAN<\/title>\n<meta name=\"robots\" content=\"index, follow, max-snippet:-1, max-image-preview:large, max-video-preview:-1\" \/>\n<link rel=\"canonical\" href=\"https:\/\/nanoclean24.com\/fr\/produit\/2x-aerosol-pour-desinfection-de-climatisation-nanoclean-air-500ml-lavandefloral\/\" \/>\n<meta property=\"og:locale\" content=\"fr_FR\" \/>\n<meta property=\"og:type\" content=\"article\" \/>\n<meta property=\"og:title\" content=\"2x NANOCLEAN\u00ae AIR climatisation d\u00e9shumidification a\u00e9rosol 500ML + floral 500ML - NANOCLEAN\" \/>\n<meta property=\"og:description\" content=\"Nettoie efficacement la climatisation \u00e0 domicile \u00c9limine les contaminants organiques : moisissures, champignons, poussi\u00e8re, graisse, huile, taches grasses sur les tissus d&rsquo;ameublement et les tapis, d\u00e9chets organiques, etc. Non seulement rafra\u00eechit et d\u00e9sinfecte la climatisation, mais assure \u00e9galement une d\u00e9sinfection compl\u00e8te. \u00c9limine les odeurs d\u00e9sagr\u00e9ables &#8211; supprime durablement l&rsquo;odeur d\u00e9sagr\u00e9able de moisissure et l&rsquo;odeur d\u00e9plaisante...\" \/>\n<meta property=\"og:url\" content=\"https:\/\/nanoclean24.com\/fr\/produit\/2x-aerosol-pour-desinfection-de-climatisation-nanoclean-air-500ml-lavandefloral\/\" \/>\n<meta property=\"og:site_name\" content=\"NANOCLEAN\" \/>\n<meta property=\"article:modified_time\" content=\"2025-10-24T14:59:03+00:00\" \/>\n<meta property=\"og:image\" content=\"https:\/\/nanoclean24.com\/wp-content\/uploads\/2025\/07\/2x-Aerozol-do-odgrzybiania-klimatyzacji-NANOCLEAN-AIR-500ml-lawendowykwiatowy.webp\" \/>\n\t<meta property=\"og:image:width\" content=\"1200\" \/>\n\t<meta property=\"og:image:height\" content=\"1200\" \/>\n\t<meta property=\"og:image:type\" content=\"image\/webp\" \/>\n<meta name=\"twitter:card\" content=\"summary_large_image\" \/>\n<script type=\"application\/ld+json\" class=\"yoast-schema-graph\">{\"@context\":\"https:\/\/schema.org\",\"@graph\":[{\"@type\":\"WebPage\",\"@id\":\"https:\/\/nanoclean24.com\/fr\/produit\/2x-aerosol-pour-desinfection-de-climatisation-nanoclean-air-500ml-lavandefloral\/\",\"url\":\"https:\/\/nanoclean24.com\/fr\/produit\/2x-aerosol-pour-desinfection-de-climatisation-nanoclean-air-500ml-lavandefloral\/\",\"name\":\"2x NANOCLEAN\u00ae AIR climatisation d\u00e9shumidification a\u00e9rosol 500ML + floral 500ML - NANOCLEAN\",\"isPartOf\":{\"@id\":\"https:\/\/nanoclean24.com\/fr\/#website\"},\"datePublished\":\"2025-07-20T18:05:19+00:00\",\"dateModified\":\"2025-10-24T14:59:03+00:00\",\"breadcrumb\":{\"@id\":\"https:\/\/nanoclean24.com\/fr\/produit\/2x-aerosol-pour-desinfection-de-climatisation-nanoclean-air-500ml-lavandefloral\/#breadcrumb\"},\"inLanguage\":\"fr-FR\",\"potentialAction\":[{\"@type\":\"ReadAction\",\"target\":[\"https:\/\/nanoclean24.com\/fr\/produit\/2x-aerosol-pour-desinfection-de-climatisation-nanoclean-air-500ml-lavandefloral\/\"]}]},{\"@type\":\"BreadcrumbList\",\"@id\":\"https:\/\/nanoclean24.com\/fr\/produit\/2x-aerosol-pour-desinfection-de-climatisation-nanoclean-air-500ml-lavandefloral\/#breadcrumb\",\"itemListElement\":[{\"@type\":\"ListItem\",\"position\":1,\"name\":\"Strona g\u0142\u00f3wna\",\"item\":\"https:\/\/nanoclean24.com\/fr\/\"},{\"@type\":\"ListItem\",\"position\":2,\"name\":\"Boutique\",\"item\":\"https:\/\/nanoclean24.com\/shop\/\"},{\"@type\":\"ListItem\",\"position\":3,\"name\":\"2x NANOCLEAN\u00ae AIR climatisation d\u00e9shumidification a\u00e9rosol 500ML + floral 500ML\"}]},{\"@type\":\"WebSite\",\"@id\":\"https:\/\/nanoclean24.com\/fr\/#website\",\"url\":\"https:\/\/nanoclean24.com\/fr\/\",\"name\":\"NanoClean\",\"description\":\"\",\"publisher\":{\"@id\":\"https:\/\/nanoclean24.com\/fr\/#organization\"},\"potentialAction\":[{\"@type\":\"SearchAction\",\"target\":{\"@type\":\"EntryPoint\",\"urlTemplate\":\"https:\/\/nanoclean24.com\/fr\/?s={search_term_string}\"},\"query-input\":{\"@type\":\"PropertyValueSpecification\",\"valueRequired\":true,\"valueName\":\"search_term_string\"}}],\"inLanguage\":\"fr-FR\"},{\"@type\":\"Organization\",\"@id\":\"https:\/\/nanoclean24.com\/fr\/#organization\",\"name\":\"NanoClean\",\"url\":\"https:\/\/nanoclean24.com\/fr\/\",\"logo\":{\"@type\":\"ImageObject\",\"inLanguage\":\"fr-FR\",\"@id\":\"https:\/\/nanoclean24.com\/fr\/#\/schema\/logo\/image\/\",\"url\":\"https:\/\/nanoclean24.com\/wp-content\/uploads\/2025\/07\/logo-2.jpg\",\"contentUrl\":\"https:\/\/nanoclean24.com\/wp-content\/uploads\/2025\/07\/logo-2.jpg\",\"width\":1068,\"height\":224,\"caption\":\"NanoClean\"},\"image\":{\"@id\":\"https:\/\/nanoclean24.com\/fr\/#\/schema\/logo\/image\/\"}}]}<\/script>\n<!-- \/ Yoast SEO plugin. -->","yoast_head_json":{"title":"2x NANOCLEAN\u00ae AIR climatisation d\u00e9shumidification a\u00e9rosol 500ML + floral 500ML - NANOCLEAN","robots":{"index":"index","follow":"follow","max-snippet":"max-snippet:-1","max-image-preview":"max-image-preview:large","max-video-preview":"max-video-preview:-1"},"canonical":"https:\/\/nanoclean24.com\/fr\/produit\/2x-aerosol-pour-desinfection-de-climatisation-nanoclean-air-500ml-lavandefloral\/","og_locale":"fr_FR","og_type":"article","og_title":"2x NANOCLEAN\u00ae AIR climatisation d\u00e9shumidification a\u00e9rosol 500ML + floral 500ML - NANOCLEAN","og_description":"Nettoie efficacement la climatisation \u00e0 domicile \u00c9limine les contaminants organiques : moisissures, champignons, poussi\u00e8re, graisse, huile, taches grasses sur les tissus d&rsquo;ameublement et les tapis, d\u00e9chets organiques, etc. Non seulement rafra\u00eechit et d\u00e9sinfecte la climatisation, mais assure \u00e9galement une d\u00e9sinfection compl\u00e8te. \u00c9limine les odeurs d\u00e9sagr\u00e9ables &#8211; supprime durablement l&rsquo;odeur d\u00e9sagr\u00e9able de moisissure et l&rsquo;odeur d\u00e9plaisante...","og_url":"https:\/\/nanoclean24.com\/fr\/produit\/2x-aerosol-pour-desinfection-de-climatisation-nanoclean-air-500ml-lavandefloral\/","og_site_name":"NANOCLEAN","article_modified_time":"2025-10-24T14:59:03+00:00","og_image":[{"width":1200,"height":1200,"url":"https:\/\/nanoclean24.com\/wp-content\/uploads\/2025\/07\/2x-Aerozol-do-odgrzybiania-klimatyzacji-NANOCLEAN-AIR-500ml-lawendowykwiatowy.webp","type":"image\/webp"}],"twitter_card":"summary_large_image","schema":{"@context":"https:\/\/schema.org","@graph":[{"@type":"WebPage","@id":"https:\/\/nanoclean24.com\/fr\/produit\/2x-aerosol-pour-desinfection-de-climatisation-nanoclean-air-500ml-lavandefloral\/","url":"https:\/\/nanoclean24.com\/fr\/produit\/2x-aerosol-pour-desinfection-de-climatisation-nanoclean-air-500ml-lavandefloral\/","name":"2x NANOCLEAN\u00ae AIR climatisation d\u00e9shumidification a\u00e9rosol 500ML + floral 500ML - NANOCLEAN","isPartOf":{"@id":"https:\/\/nanoclean24.com\/fr\/#website"},"datePublished":"2025-07-20T18:05:19+00:00","dateModified":"2025-10-24T14:59:03+00:00","breadcrumb":{"@id":"https:\/\/nanoclean24.com\/fr\/produit\/2x-aerosol-pour-desinfection-de-climatisation-nanoclean-air-500ml-lavandefloral\/#breadcrumb"},"inLanguage":"fr-FR","potentialAction":[{"@type":"ReadAction","target":["https:\/\/nanoclean24.com\/fr\/produit\/2x-aerosol-pour-desinfection-de-climatisation-nanoclean-air-500ml-lavandefloral\/"]}]},{"@type":"BreadcrumbList","@id":"https:\/\/nanoclean24.com\/fr\/produit\/2x-aerosol-pour-desinfection-de-climatisation-nanoclean-air-500ml-lavandefloral\/#breadcrumb","itemListElement":[{"@type":"ListItem","position":1,"name":"Strona g\u0142\u00f3wna","item":"https:\/\/nanoclean24.com\/fr\/"},{"@type":"ListItem","position":2,"name":"Boutique","item":"https:\/\/nanoclean24.com\/shop\/"},{"@type":"ListItem","position":3,"name":"2x NANOCLEAN\u00ae AIR climatisation d\u00e9shumidification a\u00e9rosol 500ML + floral 500ML"}]},{"@type":"WebSite","@id":"https:\/\/nanoclean24.com\/fr\/#website","url":"https:\/\/nanoclean24.com\/fr\/","name":"NanoClean","description":"","publisher":{"@id":"https:\/\/nanoclean24.com\/fr\/#organization"},"potentialAction":[{"@type":"SearchAction","target":{"@type":"EntryPoint","urlTemplate":"https:\/\/nanoclean24.com\/fr\/?s={search_term_string}"},"query-input":{"@type":"PropertyValueSpecification","valueRequired":true,"valueName":"search_term_string"}}],"inLanguage":"fr-FR"},{"@type":"Organization","@id":"https:\/\/nanoclean24.com\/fr\/#organization","name":"NanoClean","url":"https:\/\/nanoclean24.com\/fr\/","logo":{"@type":"ImageObject","inLanguage":"fr-FR","@id":"https:\/\/nanoclean24.com\/fr\/#\/schema\/logo\/image\/","url":"https:\/\/nanoclean24.com\/wp-content\/uploads\/2025\/07\/logo-2.jpg","contentUrl":"https:\/\/nanoclean24.com\/wp-content\/uploads\/2025\/07\/logo-2.jpg","width":1068,"height":224,"caption":"NanoClean"},"image":{"@id":"https:\/\/nanoclean24.com\/fr\/#\/schema\/logo\/image\/"}}]}},"taxonomy_info":{"product_cat":[{"value":84,"label":"AC8 HOME"}]},"featured_image_src_large":false,"author_info":[],"comment_info":"","_links":{"self":[{"href":"https:\/\/nanoclean24.com\/fr\/wp-json\/wp\/v2\/product\/4596","targetHints":{"allow":["GET"]}}],"collection":[{"href":"https:\/\/nanoclean24.com\/fr\/wp-json\/wp\/v2\/product"}],"about":[{"href":"https:\/\/nanoclean24.com\/fr\/wp-json\/wp\/v2\/types\/product"}],"wp:attachment":[{"href":"https:\/\/nanoclean24.com\/fr\/wp-json\/wp\/v2\/media?parent=4596"}],"wp:term":[{"taxonomy":"product_brand","embeddable":true,"href":"https:\/\/nanoclean24.com\/fr\/wp-json\/wp\/v2\/product_brand?post=4596"},{"taxonomy":"product_cat","embeddable":true,"href":"https:\/\/nanoclean24.com\/fr\/wp-json\/wp\/v2\/product_cat?post=4596"},{"taxonomy":"product_tag","embeddable":true,"href":"https:\/\/nanoclean24.com\/fr\/wp-json\/wp\/v2\/product_tag?post=4596"}],"curies":[{"name":"wp","href":"https:\/\/api.w.org\/{rel}","templated":true}]}}