{"id":4574,"date":"2025-07-20T21:31:04","date_gmt":"2025-07-20T19:31:04","guid":{"rendered":"https:\/\/kadence.nanoclean.dev\/produkt\/nanoclean-air-400ml\/"},"modified":"2026-02-27T13:17:38","modified_gmt":"2026-02-27T12:17:38","slug":"nanoclean-air-400ml","status":"publish","type":"product","link":"https:\/\/nanoclean24.com\/fr\/produit\/nanoclean-air-400ml\/","title":{"rendered":"NANOCLEAN\u00ae AIR 400ml"},"content":{"rendered":"<p>Mousse nettoyante et d\u00e9sinfectante biocide puissante en a\u00e9rosol pour les \u00e9vaporateurs et les conduits de ventilation sales dans les v\u00e9hicules, lorsque l&rsquo;acc\u00e8s \u00e0 l&rsquo;\u00e9vaporateur pour la lance INOX AC45 (AC-69INOX) est difficile. L&rsquo;a\u00e9rosol dispose de deux buses : une buse pour la pulv\u00e9risation de surface et un tuyau de 60 cm avec une buse \u00e0 360\u00b0 pour les conduits ferm\u00e9s.<\/p>\n<div class=\"entry-content-asset videofit\"><iframe title=\"NANOCLEAN\u00ae AIR - Aktywna piana odgrzybianie, dezynfekcja, czyszczenie klimatyzacji w samochodzie\" width=\"720\" height=\"405\" src=\"https:\/\/www.youtube.com\/embed\/xQ7iTKe3kZ0?feature=oembed\" frameborder=\"0\" allow=\"accelerometer; autoplay; clipboard-write; encrypted-media; gyroscope; picture-in-picture; web-share\" referrerpolicy=\"strict-origin-when-cross-origin\" allowfullscreen><\/iframe><\/div>\n<p>&nbsp;<\/p>\n<ul>\n<li>Un nouveau standard pour un nettoyage efficace de la climatisation, l&rsquo;\u00e9limination des moisissures et la d\u00e9sinfection des syst\u00e8mes de climatisation dans les voitures, les transports publics et les syst\u00e8mes de ventilation HVAC.<\/li>\n<li>\u00c9limine durablement les odeurs d\u00e9sagr\u00e9ables de moisissures et les mauvaises odeurs de d\u00e9chets organiques.<\/li>\n<li>\u00c9limine efficacement les taches et les salissures organiques : supprime les taches de graisse sur les tissus d&rsquo;ameublement et les tapis, la moisissure, les champignons, la poussi\u00e8re, la graisse, l&rsquo;huile, etc.<\/li>\n<li>Stockage et utilisation sans risque d&rsquo;incendie &#8211; produit ininflammable \u00e0 base d&rsquo;eau.<\/li>\n<li>Nettoyage efficace de la climatisation, rafra\u00eechissement, \u00e9limination des moisissures et d\u00e9sinfection en un seul processus avec le produit NANOCLEAN AIR<br \/>\n au lieu de 2 produits.<\/li>\n<li>Autorisation de mise sur le march\u00e9 du produit biocide n\u00b0 7364\/18.<\/li>\n<li>Certificat PZH n\u00b0 B.BK.60112.0333.2023.<\/li>\n<\/ul>\n<p>Les produits biocides doivent \u00eatre utilis\u00e9s avec pr\u00e9caution. Avant chaque utilisation, lire l&rsquo;\u00e9tiquette et les informations concernant le produit.<\/p>\n","protected":false},"excerpt":{"rendered":"<h3>A\u00e9rosol pour le nettoyage, le rafra\u00eechissement, l&rsquo;\u00e9limination des moisissures et la d\u00e9sinfection des syst\u00e8mes de climatisation dans les v\u00e9hicules<\/h3>\n<p>&nbsp;<\/p>\n<p><strong>\u2705 FRA\u00ceCHEUR.<\/strong>  \u00c9limine les odeurs d\u00e9sagr\u00e9ables en laissant un parfum agr\u00e9able plus longtemps.<\/p>\n<p><strong>\u2705 FIABILIT\u00c9. SPECTRE BIOCIDE COMPLET :<\/strong><br \/>\nvirus, champignons, bact\u00e9ries, spores, mycobact\u00e9ries.<br \/>\n<em>Legionella pneumophila<\/em> en 1 minute.<\/p>\n<p><strong>\u2705 EFFICACIT\u00c9.<\/strong> Confirm\u00e9e par des tests selon les normes europ\u00e9ennes :<br \/>\nEN1040, EN13727, EN1276, EN13697, EN13623, EN1275, EN1650, EN14476, EN13704, EN14348<\/p>\n<p><strong>\u2705 EFFICACIT\u00c9 DE NETTOYAGE.<\/strong>  Gr\u00e2ce \u00e0 une base active multi-composants.<\/p>\n<p><strong>\u2705 CLIENTS SATISFAITS.<\/strong>  Gr\u00e2ce \u00e0 un nettoyage et une d\u00e9sinfection efficaces.<\/p>\n","protected":false},"featured_media":4101,"template":"","meta":{"_kad_blocks_custom_css":"","_kad_blocks_head_custom_js":"","_kad_blocks_body_custom_js":"","_kad_blocks_footer_custom_js":"","_kad_post_transparent":"","_kad_post_title":"","_kad_post_layout":"","_kad_post_sidebar_id":"","_kad_post_content_style":"","_kad_post_vertical_padding":"","_kad_post_feature":"","_kad_post_feature_position":"","_kad_post_header":false,"_kad_post_footer":false,"_kad_post_classname":""},"product_brand":[],"product_cat":[177],"product_tag":[],"class_list":{"0":"post-4574","1":"product","2":"type-product","3":"status-publish","4":"has-post-thumbnail","6":"product_cat-car-ac-pro","8":"first","9":"instock","10":"taxable","11":"shipping-taxable","12":"purchasable","13":"product-type-simple","14":"entry","15":"content-bg","16":"loop-entry"},"yoast_head":"<!-- This site is optimized with the Yoast SEO plugin v27.2 - https:\/\/yoast.com\/product\/yoast-seo-wordpress\/ -->\n<title>NANOCLEAN\u00ae AIR 400ml - NANOCLEAN<\/title>\n<meta name=\"robots\" content=\"index, follow, max-snippet:-1, max-image-preview:large, max-video-preview:-1\" \/>\n<link rel=\"canonical\" href=\"https:\/\/nanoclean24.com\/fr\/produit\/nanoclean-air-400ml\/\" \/>\n<meta property=\"og:locale\" content=\"fr_FR\" \/>\n<meta property=\"og:type\" content=\"article\" \/>\n<meta property=\"og:title\" content=\"NANOCLEAN\u00ae AIR 400ml - NANOCLEAN\" \/>\n<meta property=\"og:description\" content=\"A\u00e9rosol pour le nettoyage, le rafra\u00eechissement, l&#039;\u00e9limination des moisissures et la d\u00e9sinfection des syst\u00e8mes de climatisation dans les v\u00e9hicules &nbsp; \u2705 FRA\u00ceCHEUR. \u00c9limine les odeurs d\u00e9sagr\u00e9ables en laissant un parfum agr\u00e9able plus longtemps. \u2705 FIABILIT\u00c9. SPECTRE BIOCIDE COMPLET : virus, champignons, bact\u00e9ries, spores, mycobact\u00e9ries. Legionella pneumophila en 1 minute. \u2705 EFFICACIT\u00c9. Confirm\u00e9e par des tests selon les normes europ\u00e9ennes : EN1040, EN13727, EN1276, EN13697, EN13623, EN1275, EN1650, EN14476, EN13704, EN14348 \u2705 EFFICACIT\u00c9 DE NETTOYAGE. Gr\u00e2ce \u00e0 une base active multi-composants. \u2705 CLIENTS SATISFAITS. Gr\u00e2ce \u00e0 un nettoyage et une d\u00e9sinfection efficaces.\" \/>\n<meta property=\"og:url\" content=\"https:\/\/nanoclean24.com\/fr\/produit\/nanoclean-air-400ml\/\" \/>\n<meta property=\"og:site_name\" content=\"NANOCLEAN\" \/>\n<meta property=\"article:modified_time\" content=\"2026-02-27T12:17:38+00:00\" \/>\n<meta property=\"og:image\" content=\"https:\/\/nanoclean24.com\/wp-content\/uploads\/2025\/07\/NANOCLEAN\u00ae-AIR-400ml-AC-69A400.webp\" \/>\n\t<meta property=\"og:image:width\" content=\"2560\" \/>\n\t<meta property=\"og:image:height\" content=\"2560\" \/>\n\t<meta property=\"og:image:type\" content=\"image\/webp\" \/>\n<meta name=\"twitter:card\" content=\"summary_large_image\" \/>\n<meta name=\"twitter:label1\" content=\"Dur\u00e9e de lecture estim\u00e9e\" \/>\n\t<meta name=\"twitter:data1\" content=\"1 minute\" \/>\n<script type=\"application\/ld+json\" class=\"yoast-schema-graph\">{\"@context\":\"https:\/\/schema.org\",\"@graph\":[{\"@type\":\"WebPage\",\"@id\":\"https:\/\/nanoclean24.com\/fr\/produit\/nanoclean-air-400ml\/\",\"url\":\"https:\/\/nanoclean24.com\/fr\/produit\/nanoclean-air-400ml\/\",\"name\":\"NANOCLEAN\u00ae AIR 400ml - NANOCLEAN\",\"isPartOf\":{\"@id\":\"https:\/\/nanoclean24.com\/fr\/#website\"},\"primaryImageOfPage\":{\"@id\":\"https:\/\/nanoclean24.com\/fr\/produit\/nanoclean-air-400ml\/#primaryimage\"},\"image\":{\"@id\":\"https:\/\/nanoclean24.com\/fr\/produit\/nanoclean-air-400ml\/#primaryimage\"},\"thumbnailUrl\":\"https:\/\/nanoclean24.com\/wp-content\/uploads\/2025\/07\/NANOCLEAN\u00ae-AIR-400ml-AC-69A400.webp\",\"datePublished\":\"2025-07-20T19:31:04+00:00\",\"dateModified\":\"2026-02-27T12:17:38+00:00\",\"breadcrumb\":{\"@id\":\"https:\/\/nanoclean24.com\/fr\/produit\/nanoclean-air-400ml\/#breadcrumb\"},\"inLanguage\":\"fr-FR\",\"potentialAction\":[{\"@type\":\"ReadAction\",\"target\":[\"https:\/\/nanoclean24.com\/fr\/produit\/nanoclean-air-400ml\/\"]}]},{\"@type\":\"ImageObject\",\"inLanguage\":\"fr-FR\",\"@id\":\"https:\/\/nanoclean24.com\/fr\/produit\/nanoclean-air-400ml\/#primaryimage\",\"url\":\"https:\/\/nanoclean24.com\/wp-content\/uploads\/2025\/07\/NANOCLEAN\u00ae-AIR-400ml-AC-69A400.webp\",\"contentUrl\":\"https:\/\/nanoclean24.com\/wp-content\/uploads\/2025\/07\/NANOCLEAN\u00ae-AIR-400ml-AC-69A400.webp\",\"width\":2560,\"height\":2560},{\"@type\":\"BreadcrumbList\",\"@id\":\"https:\/\/nanoclean24.com\/fr\/produit\/nanoclean-air-400ml\/#breadcrumb\",\"itemListElement\":[{\"@type\":\"ListItem\",\"position\":1,\"name\":\"Strona g\u0142\u00f3wna\",\"item\":\"https:\/\/nanoclean24.com\/fr\/\"},{\"@type\":\"ListItem\",\"position\":2,\"name\":\"Boutique\",\"item\":\"https:\/\/nanoclean24.com\/shop\/\"},{\"@type\":\"ListItem\",\"position\":3,\"name\":\"NANOCLEAN\u00ae AIR 400ml\"}]},{\"@type\":\"WebSite\",\"@id\":\"https:\/\/nanoclean24.com\/fr\/#website\",\"url\":\"https:\/\/nanoclean24.com\/fr\/\",\"name\":\"NanoClean\",\"description\":\"\",\"publisher\":{\"@id\":\"https:\/\/nanoclean24.com\/fr\/#organization\"},\"potentialAction\":[{\"@type\":\"SearchAction\",\"target\":{\"@type\":\"EntryPoint\",\"urlTemplate\":\"https:\/\/nanoclean24.com\/fr\/?s={search_term_string}\"},\"query-input\":{\"@type\":\"PropertyValueSpecification\",\"valueRequired\":true,\"valueName\":\"search_term_string\"}}],\"inLanguage\":\"fr-FR\"},{\"@type\":\"Organization\",\"@id\":\"https:\/\/nanoclean24.com\/fr\/#organization\",\"name\":\"NanoClean\",\"url\":\"https:\/\/nanoclean24.com\/fr\/\",\"logo\":{\"@type\":\"ImageObject\",\"inLanguage\":\"fr-FR\",\"@id\":\"https:\/\/nanoclean24.com\/fr\/#\/schema\/logo\/image\/\",\"url\":\"https:\/\/nanoclean24.com\/wp-content\/uploads\/2025\/07\/logo-2.jpg\",\"contentUrl\":\"https:\/\/nanoclean24.com\/wp-content\/uploads\/2025\/07\/logo-2.jpg\",\"width\":1068,\"height\":224,\"caption\":\"NanoClean\"},\"image\":{\"@id\":\"https:\/\/nanoclean24.com\/fr\/#\/schema\/logo\/image\/\"}}]}<\/script>\n<!-- \/ Yoast SEO plugin. -->","yoast_head_json":{"title":"NANOCLEAN\u00ae AIR 400ml - NANOCLEAN","robots":{"index":"index","follow":"follow","max-snippet":"max-snippet:-1","max-image-preview":"max-image-preview:large","max-video-preview":"max-video-preview:-1"},"canonical":"https:\/\/nanoclean24.com\/fr\/produit\/nanoclean-air-400ml\/","og_locale":"fr_FR","og_type":"article","og_title":"NANOCLEAN\u00ae AIR 400ml - NANOCLEAN","og_description":"A\u00e9rosol pour le nettoyage, le rafra\u00eechissement, l'\u00e9limination des moisissures et la d\u00e9sinfection des syst\u00e8mes de climatisation dans les v\u00e9hicules &nbsp; \u2705 FRA\u00ceCHEUR. \u00c9limine les odeurs d\u00e9sagr\u00e9ables en laissant un parfum agr\u00e9able plus longtemps. \u2705 FIABILIT\u00c9. SPECTRE BIOCIDE COMPLET : virus, champignons, bact\u00e9ries, spores, mycobact\u00e9ries. Legionella pneumophila en 1 minute. \u2705 EFFICACIT\u00c9. Confirm\u00e9e par des tests selon les normes europ\u00e9ennes : EN1040, EN13727, EN1276, EN13697, EN13623, EN1275, EN1650, EN14476, EN13704, EN14348 \u2705 EFFICACIT\u00c9 DE NETTOYAGE. Gr\u00e2ce \u00e0 une base active multi-composants. \u2705 CLIENTS SATISFAITS. Gr\u00e2ce \u00e0 un nettoyage et une d\u00e9sinfection efficaces.","og_url":"https:\/\/nanoclean24.com\/fr\/produit\/nanoclean-air-400ml\/","og_site_name":"NANOCLEAN","article_modified_time":"2026-02-27T12:17:38+00:00","og_image":[{"width":2560,"height":2560,"url":"https:\/\/nanoclean24.com\/wp-content\/uploads\/2025\/07\/NANOCLEAN\u00ae-AIR-400ml-AC-69A400.webp","type":"image\/webp"}],"twitter_card":"summary_large_image","twitter_misc":{"Dur\u00e9e de lecture estim\u00e9e":"1 minute"},"schema":{"@context":"https:\/\/schema.org","@graph":[{"@type":"WebPage","@id":"https:\/\/nanoclean24.com\/fr\/produit\/nanoclean-air-400ml\/","url":"https:\/\/nanoclean24.com\/fr\/produit\/nanoclean-air-400ml\/","name":"NANOCLEAN\u00ae AIR 400ml - NANOCLEAN","isPartOf":{"@id":"https:\/\/nanoclean24.com\/fr\/#website"},"primaryImageOfPage":{"@id":"https:\/\/nanoclean24.com\/fr\/produit\/nanoclean-air-400ml\/#primaryimage"},"image":{"@id":"https:\/\/nanoclean24.com\/fr\/produit\/nanoclean-air-400ml\/#primaryimage"},"thumbnailUrl":"https:\/\/nanoclean24.com\/wp-content\/uploads\/2025\/07\/NANOCLEAN\u00ae-AIR-400ml-AC-69A400.webp","datePublished":"2025-07-20T19:31:04+00:00","dateModified":"2026-02-27T12:17:38+00:00","breadcrumb":{"@id":"https:\/\/nanoclean24.com\/fr\/produit\/nanoclean-air-400ml\/#breadcrumb"},"inLanguage":"fr-FR","potentialAction":[{"@type":"ReadAction","target":["https:\/\/nanoclean24.com\/fr\/produit\/nanoclean-air-400ml\/"]}]},{"@type":"ImageObject","inLanguage":"fr-FR","@id":"https:\/\/nanoclean24.com\/fr\/produit\/nanoclean-air-400ml\/#primaryimage","url":"https:\/\/nanoclean24.com\/wp-content\/uploads\/2025\/07\/NANOCLEAN\u00ae-AIR-400ml-AC-69A400.webp","contentUrl":"https:\/\/nanoclean24.com\/wp-content\/uploads\/2025\/07\/NANOCLEAN\u00ae-AIR-400ml-AC-69A400.webp","width":2560,"height":2560},{"@type":"BreadcrumbList","@id":"https:\/\/nanoclean24.com\/fr\/produit\/nanoclean-air-400ml\/#breadcrumb","itemListElement":[{"@type":"ListItem","position":1,"name":"Strona g\u0142\u00f3wna","item":"https:\/\/nanoclean24.com\/fr\/"},{"@type":"ListItem","position":2,"name":"Boutique","item":"https:\/\/nanoclean24.com\/shop\/"},{"@type":"ListItem","position":3,"name":"NANOCLEAN\u00ae AIR 400ml"}]},{"@type":"WebSite","@id":"https:\/\/nanoclean24.com\/fr\/#website","url":"https:\/\/nanoclean24.com\/fr\/","name":"NanoClean","description":"","publisher":{"@id":"https:\/\/nanoclean24.com\/fr\/#organization"},"potentialAction":[{"@type":"SearchAction","target":{"@type":"EntryPoint","urlTemplate":"https:\/\/nanoclean24.com\/fr\/?s={search_term_string}"},"query-input":{"@type":"PropertyValueSpecification","valueRequired":true,"valueName":"search_term_string"}}],"inLanguage":"fr-FR"},{"@type":"Organization","@id":"https:\/\/nanoclean24.com\/fr\/#organization","name":"NanoClean","url":"https:\/\/nanoclean24.com\/fr\/","logo":{"@type":"ImageObject","inLanguage":"fr-FR","@id":"https:\/\/nanoclean24.com\/fr\/#\/schema\/logo\/image\/","url":"https:\/\/nanoclean24.com\/wp-content\/uploads\/2025\/07\/logo-2.jpg","contentUrl":"https:\/\/nanoclean24.com\/wp-content\/uploads\/2025\/07\/logo-2.jpg","width":1068,"height":224,"caption":"NanoClean"},"image":{"@id":"https:\/\/nanoclean24.com\/fr\/#\/schema\/logo\/image\/"}}]}},"taxonomy_info":{"product_cat":[{"value":177,"label":"CAR AC PRO"}]},"featured_image_src_large":["https:\/\/nanoclean24.com\/wp-content\/uploads\/2025\/07\/NANOCLEAN\u00ae-AIR-400ml-AC-69A400-1024x1024.webp",1024,1024,true],"author_info":[],"comment_info":"","_links":{"self":[{"href":"https:\/\/nanoclean24.com\/fr\/wp-json\/wp\/v2\/product\/4574","targetHints":{"allow":["GET"]}}],"collection":[{"href":"https:\/\/nanoclean24.com\/fr\/wp-json\/wp\/v2\/product"}],"about":[{"href":"https:\/\/nanoclean24.com\/fr\/wp-json\/wp\/v2\/types\/product"}],"wp:featuredmedia":[{"embeddable":true,"href":"https:\/\/nanoclean24.com\/fr\/wp-json\/wp\/v2\/media\/4101"}],"wp:attachment":[{"href":"https:\/\/nanoclean24.com\/fr\/wp-json\/wp\/v2\/media?parent=4574"}],"wp:term":[{"taxonomy":"product_brand","embeddable":true,"href":"https:\/\/nanoclean24.com\/fr\/wp-json\/wp\/v2\/product_brand?post=4574"},{"taxonomy":"product_cat","embeddable":true,"href":"https:\/\/nanoclean24.com\/fr\/wp-json\/wp\/v2\/product_cat?post=4574"},{"taxonomy":"product_tag","embeddable":true,"href":"https:\/\/nanoclean24.com\/fr\/wp-json\/wp\/v2\/product_tag?post=4574"}],"curies":[{"name":"wp","href":"https:\/\/api.w.org\/{rel}","templated":true}]}}