{"id":4546,"date":"2025-07-20T17:23:08","date_gmt":"2025-07-20T15:23:08","guid":{"rendered":"https:\/\/kadence.nanoclean.dev\/produkt\/kit-nanoclean-ac8-pour-le-nettoyage-de-la-climatisation-domestique-la-climatisation-automobile-pour-les-petits-animaux\/"},"modified":"2025-10-23T09:46:13","modified_gmt":"2025-10-23T07:46:13","slug":"kit-nanoclean-ac8-pour-le-nettoyage-de-la-climatisation-domestique-la-climatisation-automobile-pour-les-petits-animaux","status":"publish","type":"product","link":"https:\/\/nanoclean24.com\/fr\/produit\/kit-nanoclean-ac8-pour-le-nettoyage-de-la-climatisation-domestique-la-climatisation-automobile-pour-les-petits-animaux\/","title":{"rendered":"Kit Nanoclean AC8 pour le nettoyage de la climatisation domestique + la climatisation automobile + pour les petits animaux"},"content":{"rendered":"","protected":false},"excerpt":{"rendered":"<p><strong>Kit de d\u00e9sinfection pr\u00eat \u00e0 l&#8217;emploi pour :<\/strong><\/p>\n<ul>\n<li>de la climatisation domestique<\/li>\n<li>de la climatisation automobile<\/li>\n<li>environnement des petits animaux &#8211; hamsters, cochons d&rsquo;Inde &#8211; (gamelles pour nourriture et eau, jouets, cage et accessoires, roue d&rsquo;exercice, maisons et tunnels, bains, brosses et peignes)<\/li>\n<\/ul>\n","protected":false},"featured_media":3748,"template":"","meta":{"_kad_blocks_custom_css":"","_kad_blocks_head_custom_js":"","_kad_blocks_body_custom_js":"","_kad_blocks_footer_custom_js":"","_kad_post_transparent":"","_kad_post_title":"","_kad_post_layout":"","_kad_post_sidebar_id":"","_kad_post_content_style":"","_kad_post_vertical_padding":"","_kad_post_feature":"","_kad_post_feature_position":"","_kad_post_header":false,"_kad_post_footer":false,"_kad_post_classname":""},"product_brand":[],"product_cat":[96],"product_tag":[],"class_list":{"0":"post-4546","1":"product","2":"type-product","3":"status-publish","4":"has-post-thumbnail","6":"product_cat-home-fr","8":"first","9":"instock","10":"taxable","11":"shipping-taxable","12":"purchasable","13":"product-type-simple","14":"entry","15":"content-bg","16":"loop-entry"},"yoast_head":"<!-- This site is optimized with the Yoast SEO plugin v27.4 - https:\/\/yoast.com\/product\/yoast-seo-wordpress\/ -->\n<title>Kit Nanoclean AC8 pour le nettoyage de la climatisation domestique + la climatisation automobile + pour les petits animaux - NANOCLEAN<\/title>\n<meta name=\"robots\" content=\"index, follow, max-snippet:-1, max-image-preview:large, max-video-preview:-1\" \/>\n<link rel=\"canonical\" href=\"https:\/\/nanoclean24.com\/fr\/produit\/kit-nanoclean-ac8-pour-le-nettoyage-de-la-climatisation-domestique-la-climatisation-automobile-pour-les-petits-animaux\/\" \/>\n<meta property=\"og:locale\" content=\"fr_FR\" \/>\n<meta property=\"og:type\" content=\"article\" \/>\n<meta property=\"og:title\" content=\"Kit Nanoclean AC8 pour le nettoyage de la climatisation domestique + la climatisation automobile + pour les petits animaux - NANOCLEAN\" \/>\n<meta property=\"og:description\" content=\"Kit de d\u00e9sinfection pr\u00eat \u00e0 l&#039;emploi pour :   de la climatisation domestique  de la climatisation automobile  environnement des petits animaux - hamsters, cochons d&#039;Inde - (gamelles pour nourriture et eau, jouets, cage et accessoires, roue d&#039;exercice, maisons et tunnels, bains, brosses et peignes)\" \/>\n<meta property=\"og:url\" content=\"https:\/\/nanoclean24.com\/fr\/produit\/kit-nanoclean-ac8-pour-le-nettoyage-de-la-climatisation-domestique-la-climatisation-automobile-pour-les-petits-animaux\/\" \/>\n<meta property=\"og:site_name\" content=\"NANOCLEAN\" \/>\n<meta property=\"article:modified_time\" content=\"2025-10-23T07:46:13+00:00\" \/>\n<meta property=\"og:image\" content=\"https:\/\/nanoclean24.com\/wp-content\/uploads\/2025\/07\/Zestaw-Nanoclean-AC8-do-czyszczenia-klimatyzacji-domowej-klimatyzacji-samochodowej-dla-malych-zwierzat.webp\" \/>\n\t<meta property=\"og:image:width\" content=\"900\" \/>\n\t<meta property=\"og:image:height\" content=\"900\" \/>\n\t<meta property=\"og:image:type\" content=\"image\/webp\" \/>\n<meta name=\"twitter:card\" content=\"summary_large_image\" \/>\n<script type=\"application\/ld+json\" class=\"yoast-schema-graph\">{\"@context\":\"https:\\\/\\\/schema.org\",\"@graph\":[{\"@type\":\"WebPage\",\"@id\":\"https:\\\/\\\/nanoclean24.com\\\/fr\\\/produit\\\/kit-nanoclean-ac8-pour-le-nettoyage-de-la-climatisation-domestique-la-climatisation-automobile-pour-les-petits-animaux\\\/\",\"url\":\"https:\\\/\\\/nanoclean24.com\\\/fr\\\/produit\\\/kit-nanoclean-ac8-pour-le-nettoyage-de-la-climatisation-domestique-la-climatisation-automobile-pour-les-petits-animaux\\\/\",\"name\":\"Kit Nanoclean AC8 pour le nettoyage de la climatisation domestique + la climatisation automobile + pour les petits animaux - NANOCLEAN\",\"isPartOf\":{\"@id\":\"https:\\\/\\\/nanoclean24.com\\\/fr\\\/#website\"},\"primaryImageOfPage\":{\"@id\":\"https:\\\/\\\/nanoclean24.com\\\/fr\\\/produit\\\/kit-nanoclean-ac8-pour-le-nettoyage-de-la-climatisation-domestique-la-climatisation-automobile-pour-les-petits-animaux\\\/#primaryimage\"},\"image\":{\"@id\":\"https:\\\/\\\/nanoclean24.com\\\/fr\\\/produit\\\/kit-nanoclean-ac8-pour-le-nettoyage-de-la-climatisation-domestique-la-climatisation-automobile-pour-les-petits-animaux\\\/#primaryimage\"},\"thumbnailUrl\":\"https:\\\/\\\/nanoclean24.com\\\/wp-content\\\/uploads\\\/2025\\\/07\\\/Zestaw-Nanoclean-AC8-do-czyszczenia-klimatyzacji-domowej-klimatyzacji-samochodowej-dla-malych-zwierzat.webp\",\"datePublished\":\"2025-07-20T15:23:08+00:00\",\"dateModified\":\"2025-10-23T07:46:13+00:00\",\"breadcrumb\":{\"@id\":\"https:\\\/\\\/nanoclean24.com\\\/fr\\\/produit\\\/kit-nanoclean-ac8-pour-le-nettoyage-de-la-climatisation-domestique-la-climatisation-automobile-pour-les-petits-animaux\\\/#breadcrumb\"},\"inLanguage\":\"fr-FR\",\"potentialAction\":[{\"@type\":\"ReadAction\",\"target\":[\"https:\\\/\\\/nanoclean24.com\\\/fr\\\/produit\\\/kit-nanoclean-ac8-pour-le-nettoyage-de-la-climatisation-domestique-la-climatisation-automobile-pour-les-petits-animaux\\\/\"]}]},{\"@type\":\"ImageObject\",\"inLanguage\":\"fr-FR\",\"@id\":\"https:\\\/\\\/nanoclean24.com\\\/fr\\\/produit\\\/kit-nanoclean-ac8-pour-le-nettoyage-de-la-climatisation-domestique-la-climatisation-automobile-pour-les-petits-animaux\\\/#primaryimage\",\"url\":\"https:\\\/\\\/nanoclean24.com\\\/wp-content\\\/uploads\\\/2025\\\/07\\\/Zestaw-Nanoclean-AC8-do-czyszczenia-klimatyzacji-domowej-klimatyzacji-samochodowej-dla-malych-zwierzat.webp\",\"contentUrl\":\"https:\\\/\\\/nanoclean24.com\\\/wp-content\\\/uploads\\\/2025\\\/07\\\/Zestaw-Nanoclean-AC8-do-czyszczenia-klimatyzacji-domowej-klimatyzacji-samochodowej-dla-malych-zwierzat.webp\",\"width\":900,\"height\":900},{\"@type\":\"BreadcrumbList\",\"@id\":\"https:\\\/\\\/nanoclean24.com\\\/fr\\\/produit\\\/kit-nanoclean-ac8-pour-le-nettoyage-de-la-climatisation-domestique-la-climatisation-automobile-pour-les-petits-animaux\\\/#breadcrumb\",\"itemListElement\":[{\"@type\":\"ListItem\",\"position\":1,\"name\":\"Strona g\u0142\u00f3wna\",\"item\":\"https:\\\/\\\/nanoclean24.com\\\/fr\\\/\"},{\"@type\":\"ListItem\",\"position\":2,\"name\":\"Boutique\",\"item\":\"https:\\\/\\\/nanoclean24.com\\\/shop\\\/\"},{\"@type\":\"ListItem\",\"position\":3,\"name\":\"Kit Nanoclean AC8 pour le nettoyage de la climatisation domestique + la climatisation automobile + pour les petits animaux\"}]},{\"@type\":\"WebSite\",\"@id\":\"https:\\\/\\\/nanoclean24.com\\\/fr\\\/#website\",\"url\":\"https:\\\/\\\/nanoclean24.com\\\/fr\\\/\",\"name\":\"NanoClean\",\"description\":\"\",\"publisher\":{\"@id\":\"https:\\\/\\\/nanoclean24.com\\\/fr\\\/#organization\"},\"potentialAction\":[{\"@type\":\"SearchAction\",\"target\":{\"@type\":\"EntryPoint\",\"urlTemplate\":\"https:\\\/\\\/nanoclean24.com\\\/fr\\\/?s={search_term_string}\"},\"query-input\":{\"@type\":\"PropertyValueSpecification\",\"valueRequired\":true,\"valueName\":\"search_term_string\"}}],\"inLanguage\":\"fr-FR\"},{\"@type\":\"Organization\",\"@id\":\"https:\\\/\\\/nanoclean24.com\\\/fr\\\/#organization\",\"name\":\"NanoClean\",\"url\":\"https:\\\/\\\/nanoclean24.com\\\/fr\\\/\",\"logo\":{\"@type\":\"ImageObject\",\"inLanguage\":\"fr-FR\",\"@id\":\"https:\\\/\\\/nanoclean24.com\\\/fr\\\/#\\\/schema\\\/logo\\\/image\\\/\",\"url\":\"https:\\\/\\\/nanoclean24.com\\\/wp-content\\\/uploads\\\/2025\\\/07\\\/logo-2.jpg\",\"contentUrl\":\"https:\\\/\\\/nanoclean24.com\\\/wp-content\\\/uploads\\\/2025\\\/07\\\/logo-2.jpg\",\"width\":1068,\"height\":224,\"caption\":\"NanoClean\"},\"image\":{\"@id\":\"https:\\\/\\\/nanoclean24.com\\\/fr\\\/#\\\/schema\\\/logo\\\/image\\\/\"}}]}<\/script>\n<!-- \/ Yoast SEO plugin. -->","yoast_head_json":{"title":"Kit Nanoclean AC8 pour le nettoyage de la climatisation domestique + la climatisation automobile + pour les petits animaux - NANOCLEAN","robots":{"index":"index","follow":"follow","max-snippet":"max-snippet:-1","max-image-preview":"max-image-preview:large","max-video-preview":"max-video-preview:-1"},"canonical":"https:\/\/nanoclean24.com\/fr\/produit\/kit-nanoclean-ac8-pour-le-nettoyage-de-la-climatisation-domestique-la-climatisation-automobile-pour-les-petits-animaux\/","og_locale":"fr_FR","og_type":"article","og_title":"Kit Nanoclean AC8 pour le nettoyage de la climatisation domestique + la climatisation automobile + pour les petits animaux - NANOCLEAN","og_description":"Kit de d\u00e9sinfection pr\u00eat \u00e0 l'emploi pour :   de la climatisation domestique  de la climatisation automobile  environnement des petits animaux - hamsters, cochons d'Inde - (gamelles pour nourriture et eau, jouets, cage et accessoires, roue d'exercice, maisons et tunnels, bains, brosses et peignes)","og_url":"https:\/\/nanoclean24.com\/fr\/produit\/kit-nanoclean-ac8-pour-le-nettoyage-de-la-climatisation-domestique-la-climatisation-automobile-pour-les-petits-animaux\/","og_site_name":"NANOCLEAN","article_modified_time":"2025-10-23T07:46:13+00:00","og_image":[{"width":900,"height":900,"url":"https:\/\/nanoclean24.com\/wp-content\/uploads\/2025\/07\/Zestaw-Nanoclean-AC8-do-czyszczenia-klimatyzacji-domowej-klimatyzacji-samochodowej-dla-malych-zwierzat.webp","type":"image\/webp"}],"twitter_card":"summary_large_image","schema":{"@context":"https:\/\/schema.org","@graph":[{"@type":"WebPage","@id":"https:\/\/nanoclean24.com\/fr\/produit\/kit-nanoclean-ac8-pour-le-nettoyage-de-la-climatisation-domestique-la-climatisation-automobile-pour-les-petits-animaux\/","url":"https:\/\/nanoclean24.com\/fr\/produit\/kit-nanoclean-ac8-pour-le-nettoyage-de-la-climatisation-domestique-la-climatisation-automobile-pour-les-petits-animaux\/","name":"Kit Nanoclean AC8 pour le nettoyage de la climatisation domestique + la climatisation automobile + pour les petits animaux - NANOCLEAN","isPartOf":{"@id":"https:\/\/nanoclean24.com\/fr\/#website"},"primaryImageOfPage":{"@id":"https:\/\/nanoclean24.com\/fr\/produit\/kit-nanoclean-ac8-pour-le-nettoyage-de-la-climatisation-domestique-la-climatisation-automobile-pour-les-petits-animaux\/#primaryimage"},"image":{"@id":"https:\/\/nanoclean24.com\/fr\/produit\/kit-nanoclean-ac8-pour-le-nettoyage-de-la-climatisation-domestique-la-climatisation-automobile-pour-les-petits-animaux\/#primaryimage"},"thumbnailUrl":"https:\/\/nanoclean24.com\/wp-content\/uploads\/2025\/07\/Zestaw-Nanoclean-AC8-do-czyszczenia-klimatyzacji-domowej-klimatyzacji-samochodowej-dla-malych-zwierzat.webp","datePublished":"2025-07-20T15:23:08+00:00","dateModified":"2025-10-23T07:46:13+00:00","breadcrumb":{"@id":"https:\/\/nanoclean24.com\/fr\/produit\/kit-nanoclean-ac8-pour-le-nettoyage-de-la-climatisation-domestique-la-climatisation-automobile-pour-les-petits-animaux\/#breadcrumb"},"inLanguage":"fr-FR","potentialAction":[{"@type":"ReadAction","target":["https:\/\/nanoclean24.com\/fr\/produit\/kit-nanoclean-ac8-pour-le-nettoyage-de-la-climatisation-domestique-la-climatisation-automobile-pour-les-petits-animaux\/"]}]},{"@type":"ImageObject","inLanguage":"fr-FR","@id":"https:\/\/nanoclean24.com\/fr\/produit\/kit-nanoclean-ac8-pour-le-nettoyage-de-la-climatisation-domestique-la-climatisation-automobile-pour-les-petits-animaux\/#primaryimage","url":"https:\/\/nanoclean24.com\/wp-content\/uploads\/2025\/07\/Zestaw-Nanoclean-AC8-do-czyszczenia-klimatyzacji-domowej-klimatyzacji-samochodowej-dla-malych-zwierzat.webp","contentUrl":"https:\/\/nanoclean24.com\/wp-content\/uploads\/2025\/07\/Zestaw-Nanoclean-AC8-do-czyszczenia-klimatyzacji-domowej-klimatyzacji-samochodowej-dla-malych-zwierzat.webp","width":900,"height":900},{"@type":"BreadcrumbList","@id":"https:\/\/nanoclean24.com\/fr\/produit\/kit-nanoclean-ac8-pour-le-nettoyage-de-la-climatisation-domestique-la-climatisation-automobile-pour-les-petits-animaux\/#breadcrumb","itemListElement":[{"@type":"ListItem","position":1,"name":"Strona g\u0142\u00f3wna","item":"https:\/\/nanoclean24.com\/fr\/"},{"@type":"ListItem","position":2,"name":"Boutique","item":"https:\/\/nanoclean24.com\/shop\/"},{"@type":"ListItem","position":3,"name":"Kit Nanoclean AC8 pour le nettoyage de la climatisation domestique + la climatisation automobile + pour les petits animaux"}]},{"@type":"WebSite","@id":"https:\/\/nanoclean24.com\/fr\/#website","url":"https:\/\/nanoclean24.com\/fr\/","name":"NanoClean","description":"","publisher":{"@id":"https:\/\/nanoclean24.com\/fr\/#organization"},"potentialAction":[{"@type":"SearchAction","target":{"@type":"EntryPoint","urlTemplate":"https:\/\/nanoclean24.com\/fr\/?s={search_term_string}"},"query-input":{"@type":"PropertyValueSpecification","valueRequired":true,"valueName":"search_term_string"}}],"inLanguage":"fr-FR"},{"@type":"Organization","@id":"https:\/\/nanoclean24.com\/fr\/#organization","name":"NanoClean","url":"https:\/\/nanoclean24.com\/fr\/","logo":{"@type":"ImageObject","inLanguage":"fr-FR","@id":"https:\/\/nanoclean24.com\/fr\/#\/schema\/logo\/image\/","url":"https:\/\/nanoclean24.com\/wp-content\/uploads\/2025\/07\/logo-2.jpg","contentUrl":"https:\/\/nanoclean24.com\/wp-content\/uploads\/2025\/07\/logo-2.jpg","width":1068,"height":224,"caption":"NanoClean"},"image":{"@id":"https:\/\/nanoclean24.com\/fr\/#\/schema\/logo\/image\/"}}]}},"taxonomy_info":{"product_cat":[{"value":96,"label":"AC8 HOME"}]},"featured_image_src_large":["https:\/\/nanoclean24.com\/wp-content\/uploads\/2025\/07\/Zestaw-Nanoclean-AC8-do-czyszczenia-klimatyzacji-domowej-klimatyzacji-samochodowej-dla-malych-zwierzat.webp",900,900,false],"author_info":[],"comment_info":"","_links":{"self":[{"href":"https:\/\/nanoclean24.com\/fr\/wp-json\/wp\/v2\/product\/4546","targetHints":{"allow":["GET"]}}],"collection":[{"href":"https:\/\/nanoclean24.com\/fr\/wp-json\/wp\/v2\/product"}],"about":[{"href":"https:\/\/nanoclean24.com\/fr\/wp-json\/wp\/v2\/types\/product"}],"wp:featuredmedia":[{"embeddable":true,"href":"https:\/\/nanoclean24.com\/fr\/wp-json\/wp\/v2\/media\/3748"}],"wp:attachment":[{"href":"https:\/\/nanoclean24.com\/fr\/wp-json\/wp\/v2\/media?parent=4546"}],"wp:term":[{"taxonomy":"product_brand","embeddable":true,"href":"https:\/\/nanoclean24.com\/fr\/wp-json\/wp\/v2\/product_brand?post=4546"},{"taxonomy":"product_cat","embeddable":true,"href":"https:\/\/nanoclean24.com\/fr\/wp-json\/wp\/v2\/product_cat?post=4546"},{"taxonomy":"product_tag","embeddable":true,"href":"https:\/\/nanoclean24.com\/fr\/wp-json\/wp\/v2\/product_tag?post=4546"}],"curies":[{"name":"wp","href":"https:\/\/api.w.org\/{rel}","templated":true}]}}